{"id":264898,"date":"2026-04-10T00:50:39","date_gmt":"2026-04-10T06:50:39","guid":{"rendered":"https:\/\/compuviper.mx\/tienda\/producto\/lg-55vl5pj-monitor-sealizacion-digital-55-para-video-wall-500-nits-bisel-3-5-mm-1920-x-1080-uso-24-7-interfase-hdmi-2-dp-dvi-d-usb-rs232c-rj45-audio-ir-salida-dp-rs232c\/"},"modified":"2026-04-10T00:50:40","modified_gmt":"2026-04-10T06:50:40","slug":"lg-55vl5pj-monitor-sealizacion-digital-55-para-video-wall-500-nits-bisel-3-5-mm-1920-x-1080-uso-24-7-interfase-hdmi-2-dp-dvi-d-usb-rs232c-rj45-audio-ir-salida-dp-rs232c","status":"publish","type":"product","link":"https:\/\/compuviper.mx\/tienda\/producto\/lg-55vl5pj-monitor-sealizacion-digital-55-para-video-wall-500-nits-bisel-3-5-mm-1920-x-1080-uso-24-7-interfase-hdmi-2-dp-dvi-d-usb-rs232c-rj45-audio-ir-salida-dp-rs232c\/","title":{"rendered":"Lg 55vl5pj Monitor Se?alizacion Digital  55, Para Video Wall, 500 Nits, Bisel 3.5 Mm 1920 X 1080 Uso 24\/7 Interfase Hdmi (2)\/ Dp\/ Dvi-d\/ Usb\/ Rs232c\/ Rj45\/ Audio\/ Ir\/salida Dp, Rs232c"},"content":{"rendered":"<table class=\"descripcion\">\n<tr>\n<td>Tama\u00f1o de pantalla: 55<\/td>\n<\/tr>\n<tr>\n<td>Tecnolog\u00eda de paneles: ips<\/td>\n<\/tr>\n<tr>\n<td>Relaci\u00f3n de aspecto: 16:9<\/td>\n<\/tr>\n<tr>\n<td>Resoluci\u00f3n nativa: 1920 x 1080 (fhd)<\/td>\n<\/tr>\n<tr>\n<td>Frecuencia de actualizaci\u00f3n: 60 hz<\/td>\n<\/tr>\n<tr>\n<td>Brillo: 500<\/td>\n<\/tr>\n<tr>\n<td>Relaci\u00f3n de contraste: 1200:1<\/td>\n<\/tr>\n<tr>\n<td>Cr din\u00e1mico: 500,000:1<\/td>\n<\/tr>\n<tr>\n<td>Gama de colores: ntsc 72%<\/td>\n<\/tr>\n<tr>\n<td>\u00e1ngulo de visi\u00f3n (h x v): 178 x 178<\/td>\n<\/tr>\n<tr>\n<td>Profundidad del color: 10 bits, 1,070 millones de colores<\/td>\n<\/tr>\n<tr>\n<td>Tiempo de respuesta: 8 ms (g a g)<\/td>\n<\/tr>\n<tr>\n<td>Tratamiento de superficie (neblina): 3%<\/td>\n<\/tr>\n<tr>\n<td>Vida \u00fatil (t\u00edp.): 60,000 horas<\/td>\n<\/tr>\n<tr>\n<td>Tiempo de vida (m\u00edn.): 50,000 horas<\/td>\n<\/tr>\n<tr>\n<td>Horas de operaci\u00f3n (horas \/ d\u00edas): 24\/7<\/td>\n<\/tr>\n<tr>\n<td>Retrato \/ paisaje: s\u00ed \/ s\u00ed<\/td>\n<\/tr>\n<tr>\n<td>Especificaci\u00f3n mec\u00e1nica<\/td>\n<\/tr>\n<tr>\n<td>Color del bisel: negro<\/td>\n<\/tr>\n<tr>\n<td>Ancho del bisel (t \/ r \/ i \/ b): 2.25 \/ 1.25 \/ 2.25 \/ 1.25 mm<\/td>\n<\/tr>\n<tr>\n<td>Peso (cabeza): 23.5 kg<\/td>\n<\/tr>\n<tr>\n<td>Peso empaquetado: 26.9 kg<\/td>\n<\/tr>\n<tr>\n<td>Dimensiones del monitor (an. x al. x pr.): 1,213.4 x 684.2 x 93.1 mm<\/td>\n<\/tr>\n<tr>\n<td>Dimensiones de la caja (an. x al. x pr.): 1,337 x 247 x 833 mm<\/td>\n<\/tr>\n<tr>\n<td>Manija: s\u00ed<\/td>\n<\/tr>\n<tr>\n<td>Interfaz de montaje est\u00e1ndar vesa\u0099: 600 x 400<\/td>\n<\/tr>\n<tr>\n<td>Caracter\u00edstica especial<\/td>\n<\/tr>\n<tr>\n<td>Calificaci\u00f3n ip: ip5x probado<\/td>\n<\/tr>\n<tr>\n<td>Funci\u00f3n clave<\/td>\n<\/tr>\n<tr>\n<td>Hw: memoria interna (8 gb), sensor de temperatura, sensor blu, sensor de aceleraci\u00f3n (gyro)<\/td>\n<\/tr>\n<tr>\n<td>Software: webos 4.1, cms integrado (programaci\u00f3n de contenido local, administrador de grupo), usb plug  and  play, conmutaci\u00f3n por error, imagen de fondo (sin imagen de se\u00f1al), modo de sincronizaci\u00f3n (sincronizaci\u00f3n rs-232c, sincronizaci\u00f3n de red local), etiqueta de video (4), reproducci\u00f3n a trav\u00e9s de url, rotaci\u00f3n (rotaci\u00f3n de pantalla, rotaci\u00f3n de entrada externa), reproducci\u00f3n sin pausas, configuraci\u00f3n de modo mosaico (m\u00e1x. 15 x 15), configuraci\u00f3n de clonaci\u00f3n de datos, snmp, m\u00e9todo ism, id de configuraci\u00f3n autom\u00e1tica, correo de estado, administrador de control, compatibilidad con terceros (crestron connected\u00ae2), energ\u00eda (ahorro de energ\u00eda inteligente, modo pm, wake on lan, listo para la red), hdmi-cec3, configuraci\u00f3n del servidor si, webrtc, pro:idiom, configuraci\u00f3n w\/b por escala de grises, inversi\u00f3n de escaneo<\/td>\n<\/tr>\n<tr>\n<td>Condiciones ambientales<\/td>\n<\/tr>\n<tr>\n<td>Temperatura de operaci\u00f3n: 0 \u00b0c a 40 \u00b0c<\/td>\n<\/tr>\n<tr>\n<td>Humedad de operaci\u00f3n: 10% a 80%<\/td>\n<\/tr>\n<tr>\n<td>Fuente de alimentaci\u00f3n<\/td>\n<\/tr>\n<tr>\n<td>Ca 100\u0096240 v~, 50\/60 hz<\/td>\n<\/tr>\n<tr>\n<td>Tipo de energ\u00eda: poder incorporado<\/td>\n<\/tr>\n<tr>\n<td>Consumo de energ\u00eda<\/td>\n<\/tr>\n<tr>\n<td>T\u00edpico: 135 w<\/td>\n<\/tr>\n<tr>\n<td>M\u00e1ximo: 150 w<\/td>\n<\/tr>\n<tr>\n<td>Ahorro de energ\u00eda inteligente: 115 w<\/td>\n<\/tr>\n<tr>\n<td>Dpm: 0.5 w<\/td>\n<\/tr>\n<tr>\n<td>Apagado: 0.5 w<\/td>\n<\/tr>\n<tr>\n<td>Btu: 461 btu\/h (t\u00edpico), 512 btu\/h (m\u00e1ximo)<\/td>\n<\/tr>\n<tr>\n<td>Certificaci\u00f3n<\/td>\n<\/tr>\n<tr>\n<td>Seguridad: cb \/ nrtl<\/td>\n<\/tr>\n<tr>\n<td>Emc: fcc clase \u0093a\u0094 \/ ce \/ kc<\/td>\n<\/tr>\n<tr>\n<td>Erp: s\u00ed (solo ue)<\/td>\n<\/tr>\n<tr>\n<td>Compatibilidad de programas<\/td>\n<\/tr>\n<tr>\n<td>Supersign cms: s\u00ed<\/td>\n<\/tr>\n<tr>\n<td>Supersign control \/ control+: s\u00ed<\/td>\n<\/tr>\n<tr>\n<td>Supersign wb: s\u00ed<\/td>\n<\/tr>\n<tr>\n<td>Editor de medios supersign: s\u00ed<\/td>\n<\/tr>\n<tr>\n<td>Lg connected care: s\u00ed<\/td>\n<\/tr>\n<tr>\n<td>Conectividad<\/td>\n<\/tr>\n<tr>\n<td>Entradas: hdmi x2 (hdcp 2.2), dp (hdcp 2.2), dvi-d (hdcp 1.4), entrada de audio, entrada rs-232c, rj45 (lan), entrada ir, usb 2.0 tipo a<\/td>\n<\/tr>\n<tr>\n<td>Salidas: salida dp (entrada: hdmi \/ dvi \/ dp), salida de audio, salida rs-232c<\/td>\n<\/tr>\n<tr>\n<td>Accesorios<\/td>\n<\/tr>\n<tr>\n<td>B\u00e1sicos: control remoto (incluye 2 bater\u00edas), cable de alimentaci\u00f3n, cable rs-232c, cable lan, cable dp, receptor ir, soporte de gu\u00eda, tornillos, manual<\/td>\n<\/tr>\n<\/table>\n","protected":false},"excerpt":{"rendered":"<p>Inmersi\u00f3n art\u00edstica, cautivaci\u00f3n abrumadora. Capacidad de conexi\u00f3n en cadena. Al usar esta funci\u00f3n de red en cadena, puede ejecutar comandos como controlar, monitorear e incluso actualizar el firmware. Lg connectedcare en tiempo real. El mantenimiento es f\u00e1cil y r\u00e1pido con el servicio opcional lg connectedcare*, una soluci\u00f3n de servicio en la nube proporcionada por lg. Administra de forma remota el estado de las pantallas en los lugares de trabajo de los clientes para el diagn\u00f3stico de fallas y los servicios de control remoto, lo que permite la operaci\u00f3n estable de los negocios de los clientes. *lg connectedcare es la marca del servicio lg signage365care. La disponibilidad difiere seg\u00fan la regi\u00f3n. Lg connectedcare en tiempo real. El mantenimiento es f\u00e1cil y r\u00e1pido con el servicio opcional lg connectedcare*, una soluci\u00f3n de servicio en la nube proporcionada por lg. Administra de forma remota el estado de las pantallas en los lugares de trabajo de los clientes para el diagn\u00f3stico de fallas y los servicios de control remoto, lo que permite la operaci\u00f3n estable de los negocios de los clientes. *lg connectedcare es la marca del servicio lg signage365care. La disponibilidad difiere seg\u00fan la regi\u00f3n. Lg connectedcare en tiempo real. El mantenimiento es f\u00e1cil y r\u00e1pido con el servicio opcional lg connectedcare*, una soluci\u00f3n de servicio en la nube proporcionada por lg. Administra de forma remota el estado de las pantallas en los lugares de trabajo de los clientes para el diagn\u00f3stico de fallas y los servicios de control remoto, lo que permite la operaci\u00f3n estable de los negocios de los clientes. *lg connectedcare es la marca del servicio lg signage365care. La disponibilidad difiere seg\u00fan la regi\u00f3n. Reducci\u00f3n de la brecha de imagen. El vl5pj incluye un algoritmo de mejora de imagen que puede reducir las brechas de imagen entre pantallas en mosaico al reproducir videos. Los objetos ubicados en los l\u00edmites del bisel se ajustan para una experiencia de visualizaci\u00f3n perfecta. *lg convencional se refiere a pantallas que no incluyen un algoritmo de mejora de imagen. Alto rendimiento y gran escalabilidad. Gracias a su plataforma de se\u00f1alizaci\u00f3n inteligente soc y webos integrada, el vl5pj puede ejecutar varias tareas a la vez mientras brinda una reproducci\u00f3n fluida de contenido sin la necesidad de un reproductor multimedia. Como webos es compatible con html5 como plataforma basada en web y ofrece sdk (kit de desarrollo de software), es a\u00fan m\u00e1s f\u00e1cil para los si crear y optimizar sus aplicaciones web. *sdk se puede descargar con el siguiente enlace. (https:\/\/webossignage.Developer.Lge.Com. . Alto rendimiento y gran escalabilidad. Gracias a su plataforma de se\u00f1alizaci\u00f3n inteligente soc y webos integrada, el vl5pj puede ejecutar varias tareas a la vez mientras brinda una reproducci\u00f3n fluida de contenido sin la necesidad de un reproductor multimedia. Como webos es compatible con html5 como plataforma basada en web y ofrece sdk (kit de desarrollo de software), es a\u00fan m\u00e1s f\u00e1cil para los si crear y optimizar sus aplicaciones web. *sdk se puede descargar con el siguiente enlace. (https:\/\/webossignage.Developer.Lge.Com. )<\/p>\n","protected":false},"featured_media":0,"comment_status":"open","ping_status":"open","template":"","meta":[],"product_cat":[1740,1746],"product_tag":[1687],"acf":[],"yoast_head":"<!-- This site is optimized with the Yoast SEO plugin v21.7 - https:\/\/yoast.com\/wordpress\/plugins\/seo\/ -->\n<title>[ Lg ] &#129351; 55vl5pj Monitor Se\u00f1alizacion Digital 55, Para Video Wall, 500 Nits, Bisel 3.5 Mm 1920 X 1080 Uso 24\/7 Interfase Hdmi (2)\/ Dp\/ Dvi-d\/ Usb\/ Rs232c\/ Rj45\/ Audio\/ Ir\/salida Dp, Rs232c<\/title>\n<meta name=\"description\" content=\"Compra 55vl5pj Monitor Se\u00f1alizacion Digital 55, Para Video Wall, 500 Nits, Bisel 3.5 Mm 1920 X 1080 Uso 24\/7 Interfase Hdmi (2)\/ Dp\/ Dvi-d\/ Usb\/ Rs232c\/ Rj45\/ Audio\/ Ir\/salida Dp, Rs232c + Env\u00edo a domicilio + Pago seguro + Garant\u00eda\" \/>\n<meta name=\"robots\" content=\"index, follow, max-snippet:-1, max-image-preview:large, max-video-preview:-1\" \/>\n<link rel=\"canonical\" href=\"https:\/\/compuviper.mx\/tienda\/producto\/lg-55vl5pj-monitor-sealizacion-digital-55-para-video-wall-500-nits-bisel-3-5-mm-1920-x-1080-uso-24-7-interfase-hdmi-2-dp-dvi-d-usb-rs232c-rj45-audio-ir-salida-dp-rs232c\/\" \/>\n<meta property=\"og:locale\" content=\"es_MX\" \/>\n<meta property=\"og:type\" content=\"article\" \/>\n<meta property=\"og:title\" content=\"[ Lg ] &#129351; 55vl5pj Monitor Se\u00f1alizacion Digital 55, Para Video Wall, 500 Nits, Bisel 3.5 Mm 1920 X 1080 Uso 24\/7 Interfase Hdmi (2)\/ Dp\/ Dvi-d\/ Usb\/ Rs232c\/ Rj45\/ Audio\/ Ir\/salida Dp, Rs232c\" \/>\n<meta property=\"og:description\" content=\"Compra 55vl5pj Monitor Se\u00f1alizacion Digital 55, Para Video Wall, 500 Nits, Bisel 3.5 Mm 1920 X 1080 Uso 24\/7 Interfase Hdmi (2)\/ Dp\/ Dvi-d\/ Usb\/ Rs232c\/ Rj45\/ Audio\/ Ir\/salida Dp, Rs232c + Env\u00edo a domicilio + Pago seguro + Garant\u00eda\" \/>\n<meta property=\"og:url\" content=\"https:\/\/compuviper.mx\/tienda\/producto\/lg-55vl5pj-monitor-sealizacion-digital-55-para-video-wall-500-nits-bisel-3-5-mm-1920-x-1080-uso-24-7-interfase-hdmi-2-dp-dvi-d-usb-rs232c-rj45-audio-ir-salida-dp-rs232c\/\" \/>\n<meta property=\"og:site_name\" content=\"Compuviper\" \/>\n<meta property=\"article:publisher\" content=\"https:\/\/www.facebook.com\/compuviper\" \/>\n<meta property=\"article:modified_time\" content=\"2026-04-10T06:50:40+00:00\" \/>\n<meta name=\"twitter:card\" content=\"summary_large_image\" \/>\n<meta name=\"twitter:label1\" content=\"Precio\" \/>\n\t<meta name=\"twitter:data1\" content=\"&#36;15,810 con IVA\" \/>\n\t<meta name=\"twitter:label2\" content=\"Availability\" \/>\n\t<meta name=\"twitter:data2\" content=\"On backorder\" \/>\n<script type=\"application\/ld+json\" class=\"yoast-schema-graph\">{\"@context\":\"https:\/\/schema.org\",\"@graph\":[{\"@type\":\"WebPage\",\"@id\":\"https:\/\/compuviper.mx\/tienda\/producto\/lg-55vl5pj-monitor-sealizacion-digital-55-para-video-wall-500-nits-bisel-3-5-mm-1920-x-1080-uso-24-7-interfase-hdmi-2-dp-dvi-d-usb-rs232c-rj45-audio-ir-salida-dp-rs232c\/\",\"url\":\"https:\/\/compuviper.mx\/tienda\/producto\/lg-55vl5pj-monitor-sealizacion-digital-55-para-video-wall-500-nits-bisel-3-5-mm-1920-x-1080-uso-24-7-interfase-hdmi-2-dp-dvi-d-usb-rs232c-rj45-audio-ir-salida-dp-rs232c\/\",\"name\":\"[ Lg ] &#129351; 55vl5pj Monitor Se\u00f1alizacion Digital 55, Para Video Wall, 500 Nits, Bisel 3.5 Mm 1920 X 1080 Uso 24\/7 Interfase Hdmi (2)\/ Dp\/ Dvi-d\/ Usb\/ Rs232c\/ Rj45\/ Audio\/ Ir\/salida Dp, Rs232c\",\"isPartOf\":{\"@id\":\"https:\/\/compuviper.mx\/tienda\/#website\"},\"datePublished\":\"2026-04-10T06:50:39+00:00\",\"dateModified\":\"2026-04-10T06:50:40+00:00\",\"description\":\"Compra 55vl5pj Monitor Se\u00f1alizacion Digital 55, Para Video Wall, 500 Nits, Bisel 3.5 Mm 1920 X 1080 Uso 24\/7 Interfase Hdmi (2)\/ Dp\/ Dvi-d\/ Usb\/ Rs232c\/ Rj45\/ Audio\/ Ir\/salida Dp, Rs232c + Env\u00edo a domicilio + Pago seguro + Garant\u00eda\",\"breadcrumb\":{\"@id\":\"https:\/\/compuviper.mx\/tienda\/producto\/lg-55vl5pj-monitor-sealizacion-digital-55-para-video-wall-500-nits-bisel-3-5-mm-1920-x-1080-uso-24-7-interfase-hdmi-2-dp-dvi-d-usb-rs232c-rj45-audio-ir-salida-dp-rs232c\/#breadcrumb\"},\"inLanguage\":\"es-MX\",\"potentialAction\":[{\"@type\":\"ReadAction\",\"target\":[\"https:\/\/compuviper.mx\/tienda\/producto\/lg-55vl5pj-monitor-sealizacion-digital-55-para-video-wall-500-nits-bisel-3-5-mm-1920-x-1080-uso-24-7-interfase-hdmi-2-dp-dvi-d-usb-rs232c-rj45-audio-ir-salida-dp-rs232c\/\"]}]},{\"@type\":\"BreadcrumbList\",\"@id\":\"https:\/\/compuviper.mx\/tienda\/producto\/lg-55vl5pj-monitor-sealizacion-digital-55-para-video-wall-500-nits-bisel-3-5-mm-1920-x-1080-uso-24-7-interfase-hdmi-2-dp-dvi-d-usb-rs232c-rj45-audio-ir-salida-dp-rs232c\/#breadcrumb\",\"itemListElement\":[{\"@type\":\"ListItem\",\"position\":1,\"name\":\"Inicio\",\"item\":\"https:\/\/compuviper.mx\/tienda\/\"},{\"@type\":\"ListItem\",\"position\":2,\"name\":\"Productos\",\"item\":\"https:\/\/compuviper.mx\/tienda\/productos\/\"},{\"@type\":\"ListItem\",\"position\":3,\"name\":\"Monitores\",\"item\":\"https:\/\/compuviper.mx\/tienda\/categoria-producto\/monitores\/\"},{\"@type\":\"ListItem\",\"position\":4,\"name\":\"Lcd\",\"item\":\"https:\/\/compuviper.mx\/tienda\/categoria-producto\/monitores\/lcd\/\"},{\"@type\":\"ListItem\",\"position\":5,\"name\":\"Lg 55vl5pj Monitor Se?alizacion Digital 55, Para Video Wall, 500 Nits, Bisel 3.5 Mm 1920 X 1080 Uso 24\/7 Interfase Hdmi (2)\/ Dp\/ Dvi-d\/ Usb\/ Rs232c\/ Rj45\/ Audio\/ Ir\/salida Dp, Rs232c\"}]},{\"@type\":\"WebSite\",\"@id\":\"https:\/\/compuviper.mx\/tienda\/#website\",\"url\":\"https:\/\/compuviper.mx\/tienda\/\",\"name\":\"Compuviper\",\"description\":\"Proveedor de Computadoras, Laptops, Servidores, Monitores, Puntos de Venta, Teclados,   Impresoras, T\u00f3ner, C\u00e1maras de Seguridad y m\u00e1s en tu tienda en l\u00ednea\",\"publisher\":{\"@id\":\"https:\/\/compuviper.mx\/tienda\/#organization\"},\"potentialAction\":[{\"@type\":\"SearchAction\",\"target\":{\"@type\":\"EntryPoint\",\"urlTemplate\":\"https:\/\/compuviper.mx\/tienda\/?s={search_term_string}\"},\"query-input\":\"required name=search_term_string\"}],\"inLanguage\":\"es-MX\"},{\"@type\":\"Organization\",\"@id\":\"https:\/\/compuviper.mx\/tienda\/#organization\",\"name\":\"Compuviper\",\"url\":\"https:\/\/compuviper.mx\/tienda\/\",\"logo\":{\"@type\":\"ImageObject\",\"inLanguage\":\"es-MX\",\"@id\":\"https:\/\/compuviper.mx\/tienda\/#\/schema\/logo\/image\/\",\"url\":\"https:\/\/compuviper.mx\/tienda\/wp-content\/uploads\/2021\/08\/Logo-Compuviper-10.png\",\"contentUrl\":\"https:\/\/compuviper.mx\/tienda\/wp-content\/uploads\/2021\/08\/Logo-Compuviper-10.png\",\"width\":1000,\"height\":500,\"caption\":\"Compuviper\"},\"image\":{\"@id\":\"https:\/\/compuviper.mx\/tienda\/#\/schema\/logo\/image\/\"},\"sameAs\":[\"https:\/\/www.facebook.com\/compuviper\",\"https:\/\/www.youtube.com\/channel\/UCf73dERp9Y3cfOq7q8BhLjA?view_as=subscriber\"]}]}<\/script>\n<meta property=\"product:brand\" content=\"LG\" \/>\n<meta property=\"product:price:amount\" content=\"15810\" \/>\n<meta property=\"product:price:currency\" content=\"MXN\" \/>\n<meta property=\"og:availability\" content=\"backorder\" \/>\n<meta property=\"product:availability\" content=\"available for order\" \/>\n<meta property=\"product:retailer_item_id\" content=\"55VL5PJ\" \/>\n<meta property=\"product:condition\" content=\"new\" \/>\n<!-- \/ Yoast SEO plugin. -->","yoast_head_json":{"title":"[ Lg ] &#129351; 55vl5pj Monitor Se\u00f1alizacion Digital 55, Para Video Wall, 500 Nits, Bisel 3.5 Mm 1920 X 1080 Uso 24\/7 Interfase Hdmi (2)\/ Dp\/ Dvi-d\/ Usb\/ Rs232c\/ Rj45\/ Audio\/ Ir\/salida Dp, Rs232c","description":"Compra 55vl5pj Monitor Se\u00f1alizacion Digital 55, Para Video Wall, 500 Nits, Bisel 3.5 Mm 1920 X 1080 Uso 24\/7 Interfase Hdmi (2)\/ Dp\/ Dvi-d\/ Usb\/ Rs232c\/ Rj45\/ Audio\/ Ir\/salida Dp, Rs232c + Env\u00edo a domicilio + Pago seguro + Garant\u00eda","robots":{"index":"index","follow":"follow","max-snippet":"max-snippet:-1","max-image-preview":"max-image-preview:large","max-video-preview":"max-video-preview:-1"},"canonical":"https:\/\/compuviper.mx\/tienda\/producto\/lg-55vl5pj-monitor-sealizacion-digital-55-para-video-wall-500-nits-bisel-3-5-mm-1920-x-1080-uso-24-7-interfase-hdmi-2-dp-dvi-d-usb-rs232c-rj45-audio-ir-salida-dp-rs232c\/","og_locale":"es_MX","og_type":"article","og_title":"[ Lg ] &#129351; 55vl5pj Monitor Se\u00f1alizacion Digital 55, Para Video Wall, 500 Nits, Bisel 3.5 Mm 1920 X 1080 Uso 24\/7 Interfase Hdmi (2)\/ Dp\/ Dvi-d\/ Usb\/ Rs232c\/ Rj45\/ Audio\/ Ir\/salida Dp, Rs232c","og_description":"Compra 55vl5pj Monitor Se\u00f1alizacion Digital 55, Para Video Wall, 500 Nits, Bisel 3.5 Mm 1920 X 1080 Uso 24\/7 Interfase Hdmi (2)\/ Dp\/ Dvi-d\/ Usb\/ Rs232c\/ Rj45\/ Audio\/ Ir\/salida Dp, Rs232c + Env\u00edo a domicilio + Pago seguro + Garant\u00eda","og_url":"https:\/\/compuviper.mx\/tienda\/producto\/lg-55vl5pj-monitor-sealizacion-digital-55-para-video-wall-500-nits-bisel-3-5-mm-1920-x-1080-uso-24-7-interfase-hdmi-2-dp-dvi-d-usb-rs232c-rj45-audio-ir-salida-dp-rs232c\/","og_site_name":"Compuviper","article_publisher":"https:\/\/www.facebook.com\/compuviper","article_modified_time":"2026-04-10T06:50:40+00:00","twitter_card":"summary_large_image","twitter_misc":{"Precio":"&#36;15,810 con IVA","Availability":"On backorder"},"schema":{"@context":"https:\/\/schema.org","@graph":[{"@type":"WebPage","@id":"https:\/\/compuviper.mx\/tienda\/producto\/lg-55vl5pj-monitor-sealizacion-digital-55-para-video-wall-500-nits-bisel-3-5-mm-1920-x-1080-uso-24-7-interfase-hdmi-2-dp-dvi-d-usb-rs232c-rj45-audio-ir-salida-dp-rs232c\/","url":"https:\/\/compuviper.mx\/tienda\/producto\/lg-55vl5pj-monitor-sealizacion-digital-55-para-video-wall-500-nits-bisel-3-5-mm-1920-x-1080-uso-24-7-interfase-hdmi-2-dp-dvi-d-usb-rs232c-rj45-audio-ir-salida-dp-rs232c\/","name":"[ Lg ] &#129351; 55vl5pj Monitor Se\u00f1alizacion Digital 55, Para Video Wall, 500 Nits, Bisel 3.5 Mm 1920 X 1080 Uso 24\/7 Interfase Hdmi (2)\/ Dp\/ Dvi-d\/ Usb\/ Rs232c\/ Rj45\/ Audio\/ Ir\/salida Dp, Rs232c","isPartOf":{"@id":"https:\/\/compuviper.mx\/tienda\/#website"},"datePublished":"2026-04-10T06:50:39+00:00","dateModified":"2026-04-10T06:50:40+00:00","description":"Compra 55vl5pj Monitor Se\u00f1alizacion Digital 55, Para Video Wall, 500 Nits, Bisel 3.5 Mm 1920 X 1080 Uso 24\/7 Interfase Hdmi (2)\/ Dp\/ Dvi-d\/ Usb\/ Rs232c\/ Rj45\/ Audio\/ Ir\/salida Dp, Rs232c + Env\u00edo a domicilio + Pago seguro + Garant\u00eda","breadcrumb":{"@id":"https:\/\/compuviper.mx\/tienda\/producto\/lg-55vl5pj-monitor-sealizacion-digital-55-para-video-wall-500-nits-bisel-3-5-mm-1920-x-1080-uso-24-7-interfase-hdmi-2-dp-dvi-d-usb-rs232c-rj45-audio-ir-salida-dp-rs232c\/#breadcrumb"},"inLanguage":"es-MX","potentialAction":[{"@type":"ReadAction","target":["https:\/\/compuviper.mx\/tienda\/producto\/lg-55vl5pj-monitor-sealizacion-digital-55-para-video-wall-500-nits-bisel-3-5-mm-1920-x-1080-uso-24-7-interfase-hdmi-2-dp-dvi-d-usb-rs232c-rj45-audio-ir-salida-dp-rs232c\/"]}]},{"@type":"BreadcrumbList","@id":"https:\/\/compuviper.mx\/tienda\/producto\/lg-55vl5pj-monitor-sealizacion-digital-55-para-video-wall-500-nits-bisel-3-5-mm-1920-x-1080-uso-24-7-interfase-hdmi-2-dp-dvi-d-usb-rs232c-rj45-audio-ir-salida-dp-rs232c\/#breadcrumb","itemListElement":[{"@type":"ListItem","position":1,"name":"Inicio","item":"https:\/\/compuviper.mx\/tienda\/"},{"@type":"ListItem","position":2,"name":"Productos","item":"https:\/\/compuviper.mx\/tienda\/productos\/"},{"@type":"ListItem","position":3,"name":"Monitores","item":"https:\/\/compuviper.mx\/tienda\/categoria-producto\/monitores\/"},{"@type":"ListItem","position":4,"name":"Lcd","item":"https:\/\/compuviper.mx\/tienda\/categoria-producto\/monitores\/lcd\/"},{"@type":"ListItem","position":5,"name":"Lg 55vl5pj Monitor Se?alizacion Digital 55, Para Video Wall, 500 Nits, Bisel 3.5 Mm 1920 X 1080 Uso 24\/7 Interfase Hdmi (2)\/ Dp\/ Dvi-d\/ Usb\/ Rs232c\/ Rj45\/ Audio\/ Ir\/salida Dp, Rs232c"}]},{"@type":"WebSite","@id":"https:\/\/compuviper.mx\/tienda\/#website","url":"https:\/\/compuviper.mx\/tienda\/","name":"Compuviper","description":"Proveedor de Computadoras, Laptops, Servidores, Monitores, Puntos de Venta, Teclados,   Impresoras, T\u00f3ner, C\u00e1maras de Seguridad y m\u00e1s en tu tienda en l\u00ednea","publisher":{"@id":"https:\/\/compuviper.mx\/tienda\/#organization"},"potentialAction":[{"@type":"SearchAction","target":{"@type":"EntryPoint","urlTemplate":"https:\/\/compuviper.mx\/tienda\/?s={search_term_string}"},"query-input":"required name=search_term_string"}],"inLanguage":"es-MX"},{"@type":"Organization","@id":"https:\/\/compuviper.mx\/tienda\/#organization","name":"Compuviper","url":"https:\/\/compuviper.mx\/tienda\/","logo":{"@type":"ImageObject","inLanguage":"es-MX","@id":"https:\/\/compuviper.mx\/tienda\/#\/schema\/logo\/image\/","url":"https:\/\/compuviper.mx\/tienda\/wp-content\/uploads\/2021\/08\/Logo-Compuviper-10.png","contentUrl":"https:\/\/compuviper.mx\/tienda\/wp-content\/uploads\/2021\/08\/Logo-Compuviper-10.png","width":1000,"height":500,"caption":"Compuviper"},"image":{"@id":"https:\/\/compuviper.mx\/tienda\/#\/schema\/logo\/image\/"},"sameAs":["https:\/\/www.facebook.com\/compuviper","https:\/\/www.youtube.com\/channel\/UCf73dERp9Y3cfOq7q8BhLjA?view_as=subscriber"]}]},"product_brand":"LG","product_price_amount":"15810","product_price_currency":"MXN","og_availability":"backorder","product_availability":"available for order","product_retailer_item_id":"55VL5PJ","product_condition":"new"},"_links":{"self":[{"href":"https:\/\/compuviper.mx\/tienda\/wp-json\/wp\/v2\/product\/264898"}],"collection":[{"href":"https:\/\/compuviper.mx\/tienda\/wp-json\/wp\/v2\/product"}],"about":[{"href":"https:\/\/compuviper.mx\/tienda\/wp-json\/wp\/v2\/types\/product"}],"replies":[{"embeddable":true,"href":"https:\/\/compuviper.mx\/tienda\/wp-json\/wp\/v2\/comments?post=264898"}],"wp:attachment":[{"href":"https:\/\/compuviper.mx\/tienda\/wp-json\/wp\/v2\/media?parent=264898"}],"wp:term":[{"taxonomy":"product_cat","embeddable":true,"href":"https:\/\/compuviper.mx\/tienda\/wp-json\/wp\/v2\/product_cat?post=264898"},{"taxonomy":"product_tag","embeddable":true,"href":"https:\/\/compuviper.mx\/tienda\/wp-json\/wp\/v2\/product_tag?post=264898"}],"curies":[{"name":"wp","href":"https:\/\/api.w.org\/{rel}","templated":true}]}}