{"id":264892,"date":"2026-04-16T00:40:37","date_gmt":"2026-04-16T06:40:37","guid":{"rendered":"https:\/\/compuviper.mx\/tienda\/producto\/sandisk-sdssda3n-1t00-g26-unidad-de-estado-solido-ssd-interno-plus-1tb-m-2-2280-nvme-pcie-gen3-lect-3200mbs-escrit-2500mbs-pc-laptop-minipc\/"},"modified":"2026-04-16T00:40:38","modified_gmt":"2026-04-16T06:40:38","slug":"sandisk-sdssda3n-1t00-g26-unidad-de-estado-solido-ssd-interno-plus-1tb-m-2-2280-nvme-pcie-gen3-lect-3200mbs-escrit-2500mbs-pc-laptop-minipc","status":"publish","type":"product","link":"https:\/\/compuviper.mx\/tienda\/producto\/sandisk-sdssda3n-1t00-g26-unidad-de-estado-solido-ssd-interno-plus-1tb-m-2-2280-nvme-pcie-gen3-lect-3200mbs-escrit-2500mbs-pc-laptop-minipc\/","title":{"rendered":"Sandisk Sdssda3n-1t00-g26 Unidad De Estado Solido Ssd Interno  Plus 1tb M.2 2280 Nvme Pcie Gen3 Lect.3200mbs Escrit.2500mbs Pc Laptop Minipc"},"content":{"rendered":"<table class=\"descripcion\">\n<tr>\n<td>Capacidad  1tb<\/td>\n<\/tr>\n<tr>\n<td>Factor de forma  m.2 2280<\/td>\n<\/tr>\n<tr>\n<td>Conector  m.2<\/td>\n<\/tr>\n<tr>\n<td>Rendimiento de lectura secuencial  3200 mb\/s<\/td>\n<\/tr>\n<tr>\n<td>Interfaz  pcie de 3. generacion<\/td>\n<\/tr>\n<tr>\n<td>Garantia limitada de 3 a\u00f1os<\/td>\n<\/tr>\n<tr>\n<td>Dimensiones (l x an x al)  3,15 x 0,866 x 0,094<\/td>\n<\/tr>\n<tr>\n<td>Peso  0,012 libras<\/td>\n<\/tr>\n<tr>\n<td>N\u00famero de modelo  sdssda3n-1t00-g26<\/td>\n<\/tr>\n<tr>\n<td>Caracteristicas del producto :<\/td>\n<\/tr>\n<tr>\n<td>\u0095sienta la diferencia con la veloz pcie gen 3.0, hasta 5 veces mas rapida que las unidades sata<\/td>\n<\/tr>\n<tr>\n<td>\u0095ayude a maximizar su coleccion de archivos con capacidad para sus fotos, videos, musica y documentos.<\/td>\n<\/tr>\n<tr>\n<td>\u0095acceda directamente a los informes de estado de su ssd mediante el panel de control de western digital<\/td>\n<\/tr>\n<tr>\n<td>Compatibilidad :<\/td>\n<\/tr>\n<tr>\n<td>\u0095windows 10+<\/td>\n<\/tr>\n<\/table>\n","protected":false},"excerpt":{"rendered":"<p>Aumente su velocidad. Mejore su productividad. Mejora el rendimiento de tu pc con el ssd sandisk ssd plus m.2 nvme, la unidad que es 5 veces mas rapida que los ssd sata tradicionales, para que puedas seguir haciendo lo que mejor haces, mas rapido. Y almacena mas de lo que amas con hasta 2 tb de capacidad para guardar tus fotos, videos, musica y documentos importantes. Impulse su hardware. Cargue y almacene sus archivos en un instante con la veloz pcie  gen 3.0 de hasta 3200 mb\/s (modelos de 1 tb y 2 tb). Velocidades que su sata no puede alcanzar. Con velocidades 5 veces mas rapidas que los ssd sata tradicionales, usted y su pc sentiran la diferencia. Se adapta a cualquier lugar. Un dise\u00f1o de ajuste delgado con una instalacion simple de un tornillo lo hace facil y compatible con muchas computadoras de escritorio y portatiles con una ranura pcie gen m.2 2280. Mantengase informado. Descargue el panel de control de western digital para obtener actualizaciones sobre el estado general de su unidad. De la marca en la que confian los profesionales. Estamos decididos a seguir brindandote lo que necesitas para prosperar. Por eso, te ofrecemos una garantia limitada de 3 a\u00f1os con tu compra.<\/p>\n","protected":false},"featured_media":264893,"comment_status":"open","ping_status":"open","template":"","meta":[],"product_cat":[1703,1708],"product_tag":[1709],"acf":[],"yoast_head":"<!-- This site is optimized with the Yoast SEO plugin v21.7 - https:\/\/yoast.com\/wordpress\/plugins\/seo\/ -->\n<title>[ Sandisk ] &#129351; Sdssda3n-1t00-g26 Unidad De Estado Solido Ssd Interno Plus 1tb M.2 2280 Nvme Pcie Gen3 Lect.3200mbs Escrit.2500mbs Pc Laptop Minipc<\/title>\n<meta name=\"description\" content=\"Compra Sdssda3n-1t00-g26 Unidad De Estado Solido Ssd Interno Plus 1tb M.2 2280 Nvme Pcie Gen3 Lect.3200mbs Escrit.2500mbs Pc Laptop Minipc + Env\u00edo a domicilio + Pago seguro + Garant\u00eda\" \/>\n<meta name=\"robots\" content=\"index, follow, max-snippet:-1, max-image-preview:large, max-video-preview:-1\" \/>\n<link rel=\"canonical\" href=\"https:\/\/compuviper.mx\/tienda\/producto\/sandisk-sdssda3n-1t00-g26-unidad-de-estado-solido-ssd-interno-plus-1tb-m-2-2280-nvme-pcie-gen3-lect-3200mbs-escrit-2500mbs-pc-laptop-minipc\/\" \/>\n<meta property=\"og:locale\" content=\"es_MX\" \/>\n<meta property=\"og:type\" content=\"article\" \/>\n<meta property=\"og:title\" content=\"[ Sandisk ] &#129351; Sdssda3n-1t00-g26 Unidad De Estado Solido Ssd Interno Plus 1tb M.2 2280 Nvme Pcie Gen3 Lect.3200mbs Escrit.2500mbs Pc Laptop Minipc\" \/>\n<meta property=\"og:description\" content=\"Compra Sdssda3n-1t00-g26 Unidad De Estado Solido Ssd Interno Plus 1tb M.2 2280 Nvme Pcie Gen3 Lect.3200mbs Escrit.2500mbs Pc Laptop Minipc + Env\u00edo a domicilio + Pago seguro + Garant\u00eda\" \/>\n<meta property=\"og:url\" content=\"https:\/\/compuviper.mx\/tienda\/producto\/sandisk-sdssda3n-1t00-g26-unidad-de-estado-solido-ssd-interno-plus-1tb-m-2-2280-nvme-pcie-gen3-lect-3200mbs-escrit-2500mbs-pc-laptop-minipc\/\" \/>\n<meta property=\"og:site_name\" content=\"Compuviper\" \/>\n<meta property=\"article:publisher\" content=\"https:\/\/www.facebook.com\/compuviper\" \/>\n<meta property=\"article:modified_time\" content=\"2026-04-16T06:40:38+00:00\" \/>\n<meta property=\"og:image\" content=\"https:\/\/compuviper.mx\/tienda\/wp-content\/uploads\/2025\/12\/Unidad-de-estado-solido-ssd-interno-sandisk-plus-1tb-m.2-2280-nvme-pcie-gen3-lect.3200mbs-escrit.2500mbs-pc-laptop-minipc-sdssda3n-1t00-g26.jpg\" \/>\n\t<meta property=\"og:image:width\" content=\"200\" \/>\n\t<meta property=\"og:image:height\" content=\"200\" \/>\n\t<meta property=\"og:image:type\" content=\"image\/jpeg\" \/>\n<meta name=\"twitter:card\" content=\"summary_large_image\" \/>\n<meta name=\"twitter:label1\" content=\"Precio\" \/>\n\t<meta name=\"twitter:data1\" content=\"&#36;3,898 &#36;2,390 con IVA\" \/>\n\t<meta name=\"twitter:label2\" content=\"Availability\" \/>\n\t<meta name=\"twitter:data2\" content=\"In stock\" \/>\n<script type=\"application\/ld+json\" class=\"yoast-schema-graph\">{\"@context\":\"https:\/\/schema.org\",\"@graph\":[{\"@type\":\"WebPage\",\"@id\":\"https:\/\/compuviper.mx\/tienda\/producto\/sandisk-sdssda3n-1t00-g26-unidad-de-estado-solido-ssd-interno-plus-1tb-m-2-2280-nvme-pcie-gen3-lect-3200mbs-escrit-2500mbs-pc-laptop-minipc\/\",\"url\":\"https:\/\/compuviper.mx\/tienda\/producto\/sandisk-sdssda3n-1t00-g26-unidad-de-estado-solido-ssd-interno-plus-1tb-m-2-2280-nvme-pcie-gen3-lect-3200mbs-escrit-2500mbs-pc-laptop-minipc\/\",\"name\":\"[ Sandisk ] &#129351; Sdssda3n-1t00-g26 Unidad De Estado Solido Ssd Interno Plus 1tb M.2 2280 Nvme Pcie Gen3 Lect.3200mbs Escrit.2500mbs Pc Laptop Minipc\",\"isPartOf\":{\"@id\":\"https:\/\/compuviper.mx\/tienda\/#website\"},\"datePublished\":\"2026-04-16T06:40:37+00:00\",\"dateModified\":\"2026-04-16T06:40:38+00:00\",\"description\":\"Compra Sdssda3n-1t00-g26 Unidad De Estado Solido Ssd Interno Plus 1tb M.2 2280 Nvme Pcie Gen3 Lect.3200mbs Escrit.2500mbs Pc Laptop Minipc + Env\u00edo a domicilio + Pago seguro + Garant\u00eda\",\"breadcrumb\":{\"@id\":\"https:\/\/compuviper.mx\/tienda\/producto\/sandisk-sdssda3n-1t00-g26-unidad-de-estado-solido-ssd-interno-plus-1tb-m-2-2280-nvme-pcie-gen3-lect-3200mbs-escrit-2500mbs-pc-laptop-minipc\/#breadcrumb\"},\"inLanguage\":\"es-MX\",\"potentialAction\":[{\"@type\":\"ReadAction\",\"target\":[\"https:\/\/compuviper.mx\/tienda\/producto\/sandisk-sdssda3n-1t00-g26-unidad-de-estado-solido-ssd-interno-plus-1tb-m-2-2280-nvme-pcie-gen3-lect-3200mbs-escrit-2500mbs-pc-laptop-minipc\/\"]}]},{\"@type\":\"BreadcrumbList\",\"@id\":\"https:\/\/compuviper.mx\/tienda\/producto\/sandisk-sdssda3n-1t00-g26-unidad-de-estado-solido-ssd-interno-plus-1tb-m-2-2280-nvme-pcie-gen3-lect-3200mbs-escrit-2500mbs-pc-laptop-minipc\/#breadcrumb\",\"itemListElement\":[{\"@type\":\"ListItem\",\"position\":1,\"name\":\"Inicio\",\"item\":\"https:\/\/compuviper.mx\/tienda\/\"},{\"@type\":\"ListItem\",\"position\":2,\"name\":\"Productos\",\"item\":\"https:\/\/compuviper.mx\/tienda\/productos\/\"},{\"@type\":\"ListItem\",\"position\":3,\"name\":\"Discos Duros\",\"item\":\"https:\/\/compuviper.mx\/tienda\/categoria-producto\/discos-duros\/\"},{\"@type\":\"ListItem\",\"position\":4,\"name\":\"Unidad De Estado Solido\",\"item\":\"https:\/\/compuviper.mx\/tienda\/categoria-producto\/discos-duros\/unidad-de-estado-solido\/\"},{\"@type\":\"ListItem\",\"position\":5,\"name\":\"Sandisk Sdssda3n-1t00-g26 Unidad De Estado Solido Ssd Interno Plus 1tb M.2 2280 Nvme Pcie Gen3 Lect.3200mbs Escrit.2500mbs Pc Laptop Minipc\"}]},{\"@type\":\"WebSite\",\"@id\":\"https:\/\/compuviper.mx\/tienda\/#website\",\"url\":\"https:\/\/compuviper.mx\/tienda\/\",\"name\":\"Compuviper\",\"description\":\"Proveedor de Computadoras, Laptops, Servidores, Monitores, Puntos de Venta, Teclados,   Impresoras, T\u00f3ner, C\u00e1maras de Seguridad y m\u00e1s en tu tienda en l\u00ednea\",\"publisher\":{\"@id\":\"https:\/\/compuviper.mx\/tienda\/#organization\"},\"potentialAction\":[{\"@type\":\"SearchAction\",\"target\":{\"@type\":\"EntryPoint\",\"urlTemplate\":\"https:\/\/compuviper.mx\/tienda\/?s={search_term_string}\"},\"query-input\":\"required name=search_term_string\"}],\"inLanguage\":\"es-MX\"},{\"@type\":\"Organization\",\"@id\":\"https:\/\/compuviper.mx\/tienda\/#organization\",\"name\":\"Compuviper\",\"url\":\"https:\/\/compuviper.mx\/tienda\/\",\"logo\":{\"@type\":\"ImageObject\",\"inLanguage\":\"es-MX\",\"@id\":\"https:\/\/compuviper.mx\/tienda\/#\/schema\/logo\/image\/\",\"url\":\"https:\/\/compuviper.mx\/tienda\/wp-content\/uploads\/2021\/08\/Logo-Compuviper-10.png\",\"contentUrl\":\"https:\/\/compuviper.mx\/tienda\/wp-content\/uploads\/2021\/08\/Logo-Compuviper-10.png\",\"width\":1000,\"height\":500,\"caption\":\"Compuviper\"},\"image\":{\"@id\":\"https:\/\/compuviper.mx\/tienda\/#\/schema\/logo\/image\/\"},\"sameAs\":[\"https:\/\/www.facebook.com\/compuviper\",\"https:\/\/www.youtube.com\/channel\/UCf73dERp9Y3cfOq7q8BhLjA?view_as=subscriber\"]}]}<\/script>\n<meta property=\"product:brand\" content=\"SANDISK\" \/>\n<meta property=\"product:price:amount\" content=\"2390\" \/>\n<meta property=\"product:price:currency\" content=\"MXN\" \/>\n<meta property=\"og:availability\" content=\"instock\" \/>\n<meta property=\"product:availability\" content=\"instock\" \/>\n<meta property=\"product:retailer_item_id\" content=\"SDSSDA3N-1T00-G26\" \/>\n<meta property=\"product:condition\" content=\"new\" \/>\n<!-- \/ Yoast SEO plugin. -->","yoast_head_json":{"title":"[ Sandisk ] &#129351; Sdssda3n-1t00-g26 Unidad De Estado Solido Ssd Interno Plus 1tb M.2 2280 Nvme Pcie Gen3 Lect.3200mbs Escrit.2500mbs Pc Laptop Minipc","description":"Compra Sdssda3n-1t00-g26 Unidad De Estado Solido Ssd Interno Plus 1tb M.2 2280 Nvme Pcie Gen3 Lect.3200mbs Escrit.2500mbs Pc Laptop Minipc + Env\u00edo a domicilio + Pago seguro + Garant\u00eda","robots":{"index":"index","follow":"follow","max-snippet":"max-snippet:-1","max-image-preview":"max-image-preview:large","max-video-preview":"max-video-preview:-1"},"canonical":"https:\/\/compuviper.mx\/tienda\/producto\/sandisk-sdssda3n-1t00-g26-unidad-de-estado-solido-ssd-interno-plus-1tb-m-2-2280-nvme-pcie-gen3-lect-3200mbs-escrit-2500mbs-pc-laptop-minipc\/","og_locale":"es_MX","og_type":"article","og_title":"[ Sandisk ] &#129351; Sdssda3n-1t00-g26 Unidad De Estado Solido Ssd Interno Plus 1tb M.2 2280 Nvme Pcie Gen3 Lect.3200mbs Escrit.2500mbs Pc Laptop Minipc","og_description":"Compra Sdssda3n-1t00-g26 Unidad De Estado Solido Ssd Interno Plus 1tb M.2 2280 Nvme Pcie Gen3 Lect.3200mbs Escrit.2500mbs Pc Laptop Minipc + Env\u00edo a domicilio + Pago seguro + Garant\u00eda","og_url":"https:\/\/compuviper.mx\/tienda\/producto\/sandisk-sdssda3n-1t00-g26-unidad-de-estado-solido-ssd-interno-plus-1tb-m-2-2280-nvme-pcie-gen3-lect-3200mbs-escrit-2500mbs-pc-laptop-minipc\/","og_site_name":"Compuviper","article_publisher":"https:\/\/www.facebook.com\/compuviper","article_modified_time":"2026-04-16T06:40:38+00:00","og_image":[{"width":200,"height":200,"url":"https:\/\/compuviper.mx\/tienda\/wp-content\/uploads\/2025\/12\/Unidad-de-estado-solido-ssd-interno-sandisk-plus-1tb-m.2-2280-nvme-pcie-gen3-lect.3200mbs-escrit.2500mbs-pc-laptop-minipc-sdssda3n-1t00-g26.jpg","type":"image\/jpeg"}],"twitter_card":"summary_large_image","twitter_misc":{"Precio":"&#36;3,898 &#36;2,390 con IVA","Availability":"In stock"},"schema":{"@context":"https:\/\/schema.org","@graph":[{"@type":"WebPage","@id":"https:\/\/compuviper.mx\/tienda\/producto\/sandisk-sdssda3n-1t00-g26-unidad-de-estado-solido-ssd-interno-plus-1tb-m-2-2280-nvme-pcie-gen3-lect-3200mbs-escrit-2500mbs-pc-laptop-minipc\/","url":"https:\/\/compuviper.mx\/tienda\/producto\/sandisk-sdssda3n-1t00-g26-unidad-de-estado-solido-ssd-interno-plus-1tb-m-2-2280-nvme-pcie-gen3-lect-3200mbs-escrit-2500mbs-pc-laptop-minipc\/","name":"[ Sandisk ] &#129351; Sdssda3n-1t00-g26 Unidad De Estado Solido Ssd Interno Plus 1tb M.2 2280 Nvme Pcie Gen3 Lect.3200mbs Escrit.2500mbs Pc Laptop Minipc","isPartOf":{"@id":"https:\/\/compuviper.mx\/tienda\/#website"},"datePublished":"2026-04-16T06:40:37+00:00","dateModified":"2026-04-16T06:40:38+00:00","description":"Compra Sdssda3n-1t00-g26 Unidad De Estado Solido Ssd Interno Plus 1tb M.2 2280 Nvme Pcie Gen3 Lect.3200mbs Escrit.2500mbs Pc Laptop Minipc + Env\u00edo a domicilio + Pago seguro + Garant\u00eda","breadcrumb":{"@id":"https:\/\/compuviper.mx\/tienda\/producto\/sandisk-sdssda3n-1t00-g26-unidad-de-estado-solido-ssd-interno-plus-1tb-m-2-2280-nvme-pcie-gen3-lect-3200mbs-escrit-2500mbs-pc-laptop-minipc\/#breadcrumb"},"inLanguage":"es-MX","potentialAction":[{"@type":"ReadAction","target":["https:\/\/compuviper.mx\/tienda\/producto\/sandisk-sdssda3n-1t00-g26-unidad-de-estado-solido-ssd-interno-plus-1tb-m-2-2280-nvme-pcie-gen3-lect-3200mbs-escrit-2500mbs-pc-laptop-minipc\/"]}]},{"@type":"BreadcrumbList","@id":"https:\/\/compuviper.mx\/tienda\/producto\/sandisk-sdssda3n-1t00-g26-unidad-de-estado-solido-ssd-interno-plus-1tb-m-2-2280-nvme-pcie-gen3-lect-3200mbs-escrit-2500mbs-pc-laptop-minipc\/#breadcrumb","itemListElement":[{"@type":"ListItem","position":1,"name":"Inicio","item":"https:\/\/compuviper.mx\/tienda\/"},{"@type":"ListItem","position":2,"name":"Productos","item":"https:\/\/compuviper.mx\/tienda\/productos\/"},{"@type":"ListItem","position":3,"name":"Discos Duros","item":"https:\/\/compuviper.mx\/tienda\/categoria-producto\/discos-duros\/"},{"@type":"ListItem","position":4,"name":"Unidad De Estado Solido","item":"https:\/\/compuviper.mx\/tienda\/categoria-producto\/discos-duros\/unidad-de-estado-solido\/"},{"@type":"ListItem","position":5,"name":"Sandisk Sdssda3n-1t00-g26 Unidad De Estado Solido Ssd Interno Plus 1tb M.2 2280 Nvme Pcie Gen3 Lect.3200mbs Escrit.2500mbs Pc Laptop Minipc"}]},{"@type":"WebSite","@id":"https:\/\/compuviper.mx\/tienda\/#website","url":"https:\/\/compuviper.mx\/tienda\/","name":"Compuviper","description":"Proveedor de Computadoras, Laptops, Servidores, Monitores, Puntos de Venta, Teclados,   Impresoras, T\u00f3ner, C\u00e1maras de Seguridad y m\u00e1s en tu tienda en l\u00ednea","publisher":{"@id":"https:\/\/compuviper.mx\/tienda\/#organization"},"potentialAction":[{"@type":"SearchAction","target":{"@type":"EntryPoint","urlTemplate":"https:\/\/compuviper.mx\/tienda\/?s={search_term_string}"},"query-input":"required name=search_term_string"}],"inLanguage":"es-MX"},{"@type":"Organization","@id":"https:\/\/compuviper.mx\/tienda\/#organization","name":"Compuviper","url":"https:\/\/compuviper.mx\/tienda\/","logo":{"@type":"ImageObject","inLanguage":"es-MX","@id":"https:\/\/compuviper.mx\/tienda\/#\/schema\/logo\/image\/","url":"https:\/\/compuviper.mx\/tienda\/wp-content\/uploads\/2021\/08\/Logo-Compuviper-10.png","contentUrl":"https:\/\/compuviper.mx\/tienda\/wp-content\/uploads\/2021\/08\/Logo-Compuviper-10.png","width":1000,"height":500,"caption":"Compuviper"},"image":{"@id":"https:\/\/compuviper.mx\/tienda\/#\/schema\/logo\/image\/"},"sameAs":["https:\/\/www.facebook.com\/compuviper","https:\/\/www.youtube.com\/channel\/UCf73dERp9Y3cfOq7q8BhLjA?view_as=subscriber"]}]},"product_brand":"SANDISK","product_price_amount":"2390","product_price_currency":"MXN","og_availability":"instock","product_availability":"instock","product_retailer_item_id":"SDSSDA3N-1T00-G26","product_condition":"new"},"_links":{"self":[{"href":"https:\/\/compuviper.mx\/tienda\/wp-json\/wp\/v2\/product\/264892"}],"collection":[{"href":"https:\/\/compuviper.mx\/tienda\/wp-json\/wp\/v2\/product"}],"about":[{"href":"https:\/\/compuviper.mx\/tienda\/wp-json\/wp\/v2\/types\/product"}],"replies":[{"embeddable":true,"href":"https:\/\/compuviper.mx\/tienda\/wp-json\/wp\/v2\/comments?post=264892"}],"wp:featuredmedia":[{"embeddable":true,"href":"https:\/\/compuviper.mx\/tienda\/wp-json\/wp\/v2\/media\/264893"}],"wp:attachment":[{"href":"https:\/\/compuviper.mx\/tienda\/wp-json\/wp\/v2\/media?parent=264892"}],"wp:term":[{"taxonomy":"product_cat","embeddable":true,"href":"https:\/\/compuviper.mx\/tienda\/wp-json\/wp\/v2\/product_cat?post=264892"},{"taxonomy":"product_tag","embeddable":true,"href":"https:\/\/compuviper.mx\/tienda\/wp-json\/wp\/v2\/product_tag?post=264892"}],"curies":[{"name":"wp","href":"https:\/\/api.w.org\/{rel}","templated":true}]}}