{"id":264882,"date":"2026-04-05T23:11:28","date_gmt":"2026-04-06T05:11:28","guid":{"rendered":"https:\/\/compuviper.mx\/tienda\/producto\/wd-western-digital-wdba3p0080hbk-nesn-disco-duro-externo-wd-black-d10-game-drive-8tb-escritorio-usb3-2-gen1-negro-windows-mac-ps4-ps5-xbox-x-s-xbox-one\/"},"modified":"2026-04-05T23:11:29","modified_gmt":"2026-04-06T05:11:29","slug":"wd-western-digital-wdba3p0080hbk-nesn-disco-duro-externo-wd-black-d10-game-drive-8tb-escritorio-usb3-2-gen1-negro-windows-mac-ps4-ps5-xbox-x-s-xbox-one","status":"publish","type":"product","link":"https:\/\/compuviper.mx\/tienda\/producto\/wd-western-digital-wdba3p0080hbk-nesn-disco-duro-externo-wd-black-d10-game-drive-8tb-escritorio-usb3-2-gen1-negro-windows-mac-ps4-ps5-xbox-x-s-xbox-one\/","title":{"rendered":"Wd &#8211; Western Digital Wdba3p0080hbk-nesn Disco Duro Externo Wd Black D10 Game Drive 8tb Escritorio Usb3.2 Gen1 Negro Windows Mac Ps4 Ps5 Xbox X\/s Xbox One"},"content":{"rendered":"<table class=\"descripcion\">\n<tr>\n<td>Capacidad<\/td>\n<\/tr>\n<tr>\n<td>8 tb<\/td>\n<\/tr>\n<tr>\n<td>Interfaz<\/td>\n<\/tr>\n<tr>\n<td>Usb 3.2 gen 1<\/td>\n<\/tr>\n<tr>\n<td>Conector<\/td>\n<\/tr>\n<tr>\n<td>Micro b<\/td>\n<\/tr>\n<tr>\n<td>Velocidad de disco rpm<\/td>\n<\/tr>\n<tr>\n<td>7200 rpm<\/td>\n<\/tr>\n<tr>\n<td>Compatibilidad<\/td>\n<\/tr>\n<tr>\n<td>Playstation \u0099 4 pro o ps4 con versin de software del sistema 4.50 o superior<\/td>\n<\/tr>\n<tr>\n<td>Xbox one \u0099<\/td>\n<\/tr>\n<tr>\n<td>Windows\u00ae 8.1, 10<\/td>\n<\/tr>\n<tr>\n<td>Macos 10.11<\/td>\n<\/tr>\n<tr>\n<td>Dimensiones l x w x h<\/td>\n<\/tr>\n<tr>\n<td>7.68 x 4.92 x 1.73<\/td>\n<\/tr>\n<tr>\n<td>En el cuadro<\/td>\n<\/tr>\n<tr>\n<td>Unidad de juego wd_black \u0099 d10<\/td>\n<\/tr>\n<tr>\n<td>Cable usb tipo a a micro-b<\/td>\n<\/tr>\n<tr>\n<td>Adaptador de ca y enchufe<\/td>\n<\/tr>\n<tr>\n<td>Gua de instalacin rpida<\/td>\n<\/tr>\n<\/table>\n","protected":false},"excerpt":{"rendered":"<p>Almacenamiento de alto rendimiento con enfriamiento activo. El wd_black \u0099 d10 game drive llevar su consola o pc al siguiente nivel y lo ayudar a mantener la ventaja competitiva que necesita para ganar. Agregue hasta 8 tb 1 de almacenamiento adicional a su dispositivo para construir su biblioteca de juegos de hasta 200 juegos, 3 o reviva sus mejores momentos en accin al guardar sus grabaciones de juego favoritas. Con una potencia de 7200 rpm con tecnologa de enfriamiento activa, la unidad de juego wd_black \u0099 d10 tiene velocidades de hasta 250 mb \/ s 2 para poner su juego en modo de alto rendimiento para que pueda jugar sin lmites y manejar su juego de la manera que elija.<\/p>\n","protected":false},"featured_media":264883,"comment_status":"open","ping_status":"open","template":"","meta":[],"product_cat":[1703,1706],"product_tag":[1705],"acf":[],"yoast_head":"<!-- This site is optimized with the Yoast SEO plugin v21.7 - https:\/\/yoast.com\/wordpress\/plugins\/seo\/ -->\n<title>[ Wd - Western Digital ] &#129351; Wdba3p0080hbk-nesn Disco Duro Externo Wd Black D10 Game Drive 8tb Escritorio Usb3.2 Gen1 Negro Windows Mac Ps4 Ps5 Xbox X\/s Xbox One<\/title>\n<meta name=\"description\" content=\"Compra Wdba3p0080hbk-nesn Disco Duro Externo Wd Black D10 Game Drive 8tb Escritorio Usb3.2 Gen1 Negro Windows Mac Ps4 Ps5 Xbox X\/s Xbox One + Env\u00edo a domicilio + Pago seguro + Garant\u00eda\" \/>\n<meta name=\"robots\" content=\"index, follow, max-snippet:-1, max-image-preview:large, max-video-preview:-1\" \/>\n<link rel=\"canonical\" href=\"https:\/\/compuviper.mx\/tienda\/producto\/wd-western-digital-wdba3p0080hbk-nesn-disco-duro-externo-wd-black-d10-game-drive-8tb-escritorio-usb3-2-gen1-negro-windows-mac-ps4-ps5-xbox-x-s-xbox-one\/\" \/>\n<meta property=\"og:locale\" content=\"es_MX\" \/>\n<meta property=\"og:type\" content=\"article\" \/>\n<meta property=\"og:title\" content=\"[ Wd - Western Digital ] &#129351; Wdba3p0080hbk-nesn Disco Duro Externo Wd Black D10 Game Drive 8tb Escritorio Usb3.2 Gen1 Negro Windows Mac Ps4 Ps5 Xbox X\/s Xbox One\" \/>\n<meta property=\"og:description\" content=\"Compra Wdba3p0080hbk-nesn Disco Duro Externo Wd Black D10 Game Drive 8tb Escritorio Usb3.2 Gen1 Negro Windows Mac Ps4 Ps5 Xbox X\/s Xbox One + Env\u00edo a domicilio + Pago seguro + Garant\u00eda\" \/>\n<meta property=\"og:url\" content=\"https:\/\/compuviper.mx\/tienda\/producto\/wd-western-digital-wdba3p0080hbk-nesn-disco-duro-externo-wd-black-d10-game-drive-8tb-escritorio-usb3-2-gen1-negro-windows-mac-ps4-ps5-xbox-x-s-xbox-one\/\" \/>\n<meta property=\"og:site_name\" content=\"Compuviper\" \/>\n<meta property=\"article:publisher\" content=\"https:\/\/www.facebook.com\/compuviper\" \/>\n<meta property=\"article:modified_time\" content=\"2026-04-06T05:11:29+00:00\" \/>\n<meta property=\"og:image\" content=\"https:\/\/compuviper.mx\/tienda\/wp-content\/uploads\/2025\/12\/Disco-duro-externo-wd-black-d10-game-drive-8tb-escritorio-usb3.2-gen1-negro-windows-mac-ps4-ps5-xbox-xs-xbox-one-wdba3p0080hbk-nesn.jpg\" \/>\n\t<meta property=\"og:image:width\" content=\"200\" \/>\n\t<meta property=\"og:image:height\" content=\"200\" \/>\n\t<meta property=\"og:image:type\" content=\"image\/jpeg\" \/>\n<meta name=\"twitter:card\" content=\"summary_large_image\" \/>\n<meta name=\"twitter:label1\" content=\"Precio\" \/>\n\t<meta name=\"twitter:data1\" content=\"&#36;4,245 &#36;4,181 con IVA\" \/>\n\t<meta name=\"twitter:label2\" content=\"Availability\" \/>\n\t<meta name=\"twitter:data2\" content=\"In stock\" \/>\n<script type=\"application\/ld+json\" class=\"yoast-schema-graph\">{\"@context\":\"https:\/\/schema.org\",\"@graph\":[{\"@type\":\"WebPage\",\"@id\":\"https:\/\/compuviper.mx\/tienda\/producto\/wd-western-digital-wdba3p0080hbk-nesn-disco-duro-externo-wd-black-d10-game-drive-8tb-escritorio-usb3-2-gen1-negro-windows-mac-ps4-ps5-xbox-x-s-xbox-one\/\",\"url\":\"https:\/\/compuviper.mx\/tienda\/producto\/wd-western-digital-wdba3p0080hbk-nesn-disco-duro-externo-wd-black-d10-game-drive-8tb-escritorio-usb3-2-gen1-negro-windows-mac-ps4-ps5-xbox-x-s-xbox-one\/\",\"name\":\"[ Wd - Western Digital ] &#129351; Wdba3p0080hbk-nesn Disco Duro Externo Wd Black D10 Game Drive 8tb Escritorio Usb3.2 Gen1 Negro Windows Mac Ps4 Ps5 Xbox X\/s Xbox One\",\"isPartOf\":{\"@id\":\"https:\/\/compuviper.mx\/tienda\/#website\"},\"datePublished\":\"2026-04-06T05:11:28+00:00\",\"dateModified\":\"2026-04-06T05:11:29+00:00\",\"description\":\"Compra Wdba3p0080hbk-nesn Disco Duro Externo Wd Black D10 Game Drive 8tb Escritorio Usb3.2 Gen1 Negro Windows Mac Ps4 Ps5 Xbox X\/s Xbox One + Env\u00edo a domicilio + Pago seguro + Garant\u00eda\",\"breadcrumb\":{\"@id\":\"https:\/\/compuviper.mx\/tienda\/producto\/wd-western-digital-wdba3p0080hbk-nesn-disco-duro-externo-wd-black-d10-game-drive-8tb-escritorio-usb3-2-gen1-negro-windows-mac-ps4-ps5-xbox-x-s-xbox-one\/#breadcrumb\"},\"inLanguage\":\"es-MX\",\"potentialAction\":[{\"@type\":\"ReadAction\",\"target\":[\"https:\/\/compuviper.mx\/tienda\/producto\/wd-western-digital-wdba3p0080hbk-nesn-disco-duro-externo-wd-black-d10-game-drive-8tb-escritorio-usb3-2-gen1-negro-windows-mac-ps4-ps5-xbox-x-s-xbox-one\/\"]}]},{\"@type\":\"BreadcrumbList\",\"@id\":\"https:\/\/compuviper.mx\/tienda\/producto\/wd-western-digital-wdba3p0080hbk-nesn-disco-duro-externo-wd-black-d10-game-drive-8tb-escritorio-usb3-2-gen1-negro-windows-mac-ps4-ps5-xbox-x-s-xbox-one\/#breadcrumb\",\"itemListElement\":[{\"@type\":\"ListItem\",\"position\":1,\"name\":\"Inicio\",\"item\":\"https:\/\/compuviper.mx\/tienda\/\"},{\"@type\":\"ListItem\",\"position\":2,\"name\":\"Productos\",\"item\":\"https:\/\/compuviper.mx\/tienda\/productos\/\"},{\"@type\":\"ListItem\",\"position\":3,\"name\":\"Discos Duros\",\"item\":\"https:\/\/compuviper.mx\/tienda\/categoria-producto\/discos-duros\/\"},{\"@type\":\"ListItem\",\"position\":4,\"name\":\"Disco Duro\",\"item\":\"https:\/\/compuviper.mx\/tienda\/categoria-producto\/discos-duros\/disco-duro\/\"},{\"@type\":\"ListItem\",\"position\":5,\"name\":\"Wd &#8211; Western Digital Wdba3p0080hbk-nesn Disco Duro Externo Wd Black D10 Game Drive 8tb Escritorio Usb3.2 Gen1 Negro Windows Mac Ps4 Ps5 Xbox X\/s Xbox One\"}]},{\"@type\":\"WebSite\",\"@id\":\"https:\/\/compuviper.mx\/tienda\/#website\",\"url\":\"https:\/\/compuviper.mx\/tienda\/\",\"name\":\"Compuviper\",\"description\":\"Proveedor de Computadoras, Laptops, Servidores, Monitores, Puntos de Venta, Teclados,   Impresoras, T\u00f3ner, C\u00e1maras de Seguridad y m\u00e1s en tu tienda en l\u00ednea\",\"publisher\":{\"@id\":\"https:\/\/compuviper.mx\/tienda\/#organization\"},\"potentialAction\":[{\"@type\":\"SearchAction\",\"target\":{\"@type\":\"EntryPoint\",\"urlTemplate\":\"https:\/\/compuviper.mx\/tienda\/?s={search_term_string}\"},\"query-input\":\"required name=search_term_string\"}],\"inLanguage\":\"es-MX\"},{\"@type\":\"Organization\",\"@id\":\"https:\/\/compuviper.mx\/tienda\/#organization\",\"name\":\"Compuviper\",\"url\":\"https:\/\/compuviper.mx\/tienda\/\",\"logo\":{\"@type\":\"ImageObject\",\"inLanguage\":\"es-MX\",\"@id\":\"https:\/\/compuviper.mx\/tienda\/#\/schema\/logo\/image\/\",\"url\":\"https:\/\/compuviper.mx\/tienda\/wp-content\/uploads\/2021\/08\/Logo-Compuviper-10.png\",\"contentUrl\":\"https:\/\/compuviper.mx\/tienda\/wp-content\/uploads\/2021\/08\/Logo-Compuviper-10.png\",\"width\":1000,\"height\":500,\"caption\":\"Compuviper\"},\"image\":{\"@id\":\"https:\/\/compuviper.mx\/tienda\/#\/schema\/logo\/image\/\"},\"sameAs\":[\"https:\/\/www.facebook.com\/compuviper\",\"https:\/\/www.youtube.com\/channel\/UCf73dERp9Y3cfOq7q8BhLjA?view_as=subscriber\"]}]}<\/script>\n<meta property=\"product:brand\" content=\"WD - WESTERN DIGITAL\" \/>\n<meta property=\"product:price:amount\" content=\"4181\" \/>\n<meta property=\"product:price:currency\" content=\"MXN\" \/>\n<meta property=\"og:availability\" content=\"instock\" \/>\n<meta property=\"product:availability\" content=\"instock\" \/>\n<meta property=\"product:retailer_item_id\" content=\"WDBA3P0080HBK-NESN\" \/>\n<meta property=\"product:condition\" content=\"new\" \/>\n<!-- \/ Yoast SEO plugin. -->","yoast_head_json":{"title":"[ Wd - Western Digital ] &#129351; Wdba3p0080hbk-nesn Disco Duro Externo Wd Black D10 Game Drive 8tb Escritorio Usb3.2 Gen1 Negro Windows Mac Ps4 Ps5 Xbox X\/s Xbox One","description":"Compra Wdba3p0080hbk-nesn Disco Duro Externo Wd Black D10 Game Drive 8tb Escritorio Usb3.2 Gen1 Negro Windows Mac Ps4 Ps5 Xbox X\/s Xbox One + Env\u00edo a domicilio + Pago seguro + Garant\u00eda","robots":{"index":"index","follow":"follow","max-snippet":"max-snippet:-1","max-image-preview":"max-image-preview:large","max-video-preview":"max-video-preview:-1"},"canonical":"https:\/\/compuviper.mx\/tienda\/producto\/wd-western-digital-wdba3p0080hbk-nesn-disco-duro-externo-wd-black-d10-game-drive-8tb-escritorio-usb3-2-gen1-negro-windows-mac-ps4-ps5-xbox-x-s-xbox-one\/","og_locale":"es_MX","og_type":"article","og_title":"[ Wd - Western Digital ] &#129351; Wdba3p0080hbk-nesn Disco Duro Externo Wd Black D10 Game Drive 8tb Escritorio Usb3.2 Gen1 Negro Windows Mac Ps4 Ps5 Xbox X\/s Xbox One","og_description":"Compra Wdba3p0080hbk-nesn Disco Duro Externo Wd Black D10 Game Drive 8tb Escritorio Usb3.2 Gen1 Negro Windows Mac Ps4 Ps5 Xbox X\/s Xbox One + Env\u00edo a domicilio + Pago seguro + Garant\u00eda","og_url":"https:\/\/compuviper.mx\/tienda\/producto\/wd-western-digital-wdba3p0080hbk-nesn-disco-duro-externo-wd-black-d10-game-drive-8tb-escritorio-usb3-2-gen1-negro-windows-mac-ps4-ps5-xbox-x-s-xbox-one\/","og_site_name":"Compuviper","article_publisher":"https:\/\/www.facebook.com\/compuviper","article_modified_time":"2026-04-06T05:11:29+00:00","og_image":[{"width":200,"height":200,"url":"https:\/\/compuviper.mx\/tienda\/wp-content\/uploads\/2025\/12\/Disco-duro-externo-wd-black-d10-game-drive-8tb-escritorio-usb3.2-gen1-negro-windows-mac-ps4-ps5-xbox-xs-xbox-one-wdba3p0080hbk-nesn.jpg","type":"image\/jpeg"}],"twitter_card":"summary_large_image","twitter_misc":{"Precio":"&#36;4,245 &#36;4,181 con IVA","Availability":"In stock"},"schema":{"@context":"https:\/\/schema.org","@graph":[{"@type":"WebPage","@id":"https:\/\/compuviper.mx\/tienda\/producto\/wd-western-digital-wdba3p0080hbk-nesn-disco-duro-externo-wd-black-d10-game-drive-8tb-escritorio-usb3-2-gen1-negro-windows-mac-ps4-ps5-xbox-x-s-xbox-one\/","url":"https:\/\/compuviper.mx\/tienda\/producto\/wd-western-digital-wdba3p0080hbk-nesn-disco-duro-externo-wd-black-d10-game-drive-8tb-escritorio-usb3-2-gen1-negro-windows-mac-ps4-ps5-xbox-x-s-xbox-one\/","name":"[ Wd - Western Digital ] &#129351; Wdba3p0080hbk-nesn Disco Duro Externo Wd Black D10 Game Drive 8tb Escritorio Usb3.2 Gen1 Negro Windows Mac Ps4 Ps5 Xbox X\/s Xbox One","isPartOf":{"@id":"https:\/\/compuviper.mx\/tienda\/#website"},"datePublished":"2026-04-06T05:11:28+00:00","dateModified":"2026-04-06T05:11:29+00:00","description":"Compra Wdba3p0080hbk-nesn Disco Duro Externo Wd Black D10 Game Drive 8tb Escritorio Usb3.2 Gen1 Negro Windows Mac Ps4 Ps5 Xbox X\/s Xbox One + Env\u00edo a domicilio + Pago seguro + Garant\u00eda","breadcrumb":{"@id":"https:\/\/compuviper.mx\/tienda\/producto\/wd-western-digital-wdba3p0080hbk-nesn-disco-duro-externo-wd-black-d10-game-drive-8tb-escritorio-usb3-2-gen1-negro-windows-mac-ps4-ps5-xbox-x-s-xbox-one\/#breadcrumb"},"inLanguage":"es-MX","potentialAction":[{"@type":"ReadAction","target":["https:\/\/compuviper.mx\/tienda\/producto\/wd-western-digital-wdba3p0080hbk-nesn-disco-duro-externo-wd-black-d10-game-drive-8tb-escritorio-usb3-2-gen1-negro-windows-mac-ps4-ps5-xbox-x-s-xbox-one\/"]}]},{"@type":"BreadcrumbList","@id":"https:\/\/compuviper.mx\/tienda\/producto\/wd-western-digital-wdba3p0080hbk-nesn-disco-duro-externo-wd-black-d10-game-drive-8tb-escritorio-usb3-2-gen1-negro-windows-mac-ps4-ps5-xbox-x-s-xbox-one\/#breadcrumb","itemListElement":[{"@type":"ListItem","position":1,"name":"Inicio","item":"https:\/\/compuviper.mx\/tienda\/"},{"@type":"ListItem","position":2,"name":"Productos","item":"https:\/\/compuviper.mx\/tienda\/productos\/"},{"@type":"ListItem","position":3,"name":"Discos Duros","item":"https:\/\/compuviper.mx\/tienda\/categoria-producto\/discos-duros\/"},{"@type":"ListItem","position":4,"name":"Disco Duro","item":"https:\/\/compuviper.mx\/tienda\/categoria-producto\/discos-duros\/disco-duro\/"},{"@type":"ListItem","position":5,"name":"Wd &#8211; Western Digital Wdba3p0080hbk-nesn Disco Duro Externo Wd Black D10 Game Drive 8tb Escritorio Usb3.2 Gen1 Negro Windows Mac Ps4 Ps5 Xbox X\/s Xbox One"}]},{"@type":"WebSite","@id":"https:\/\/compuviper.mx\/tienda\/#website","url":"https:\/\/compuviper.mx\/tienda\/","name":"Compuviper","description":"Proveedor de Computadoras, Laptops, Servidores, Monitores, Puntos de Venta, Teclados,   Impresoras, T\u00f3ner, C\u00e1maras de Seguridad y m\u00e1s en tu tienda en l\u00ednea","publisher":{"@id":"https:\/\/compuviper.mx\/tienda\/#organization"},"potentialAction":[{"@type":"SearchAction","target":{"@type":"EntryPoint","urlTemplate":"https:\/\/compuviper.mx\/tienda\/?s={search_term_string}"},"query-input":"required name=search_term_string"}],"inLanguage":"es-MX"},{"@type":"Organization","@id":"https:\/\/compuviper.mx\/tienda\/#organization","name":"Compuviper","url":"https:\/\/compuviper.mx\/tienda\/","logo":{"@type":"ImageObject","inLanguage":"es-MX","@id":"https:\/\/compuviper.mx\/tienda\/#\/schema\/logo\/image\/","url":"https:\/\/compuviper.mx\/tienda\/wp-content\/uploads\/2021\/08\/Logo-Compuviper-10.png","contentUrl":"https:\/\/compuviper.mx\/tienda\/wp-content\/uploads\/2021\/08\/Logo-Compuviper-10.png","width":1000,"height":500,"caption":"Compuviper"},"image":{"@id":"https:\/\/compuviper.mx\/tienda\/#\/schema\/logo\/image\/"},"sameAs":["https:\/\/www.facebook.com\/compuviper","https:\/\/www.youtube.com\/channel\/UCf73dERp9Y3cfOq7q8BhLjA?view_as=subscriber"]}]},"product_brand":"WD - WESTERN DIGITAL","product_price_amount":"4181","product_price_currency":"MXN","og_availability":"instock","product_availability":"instock","product_retailer_item_id":"WDBA3P0080HBK-NESN","product_condition":"new"},"_links":{"self":[{"href":"https:\/\/compuviper.mx\/tienda\/wp-json\/wp\/v2\/product\/264882"}],"collection":[{"href":"https:\/\/compuviper.mx\/tienda\/wp-json\/wp\/v2\/product"}],"about":[{"href":"https:\/\/compuviper.mx\/tienda\/wp-json\/wp\/v2\/types\/product"}],"replies":[{"embeddable":true,"href":"https:\/\/compuviper.mx\/tienda\/wp-json\/wp\/v2\/comments?post=264882"}],"wp:featuredmedia":[{"embeddable":true,"href":"https:\/\/compuviper.mx\/tienda\/wp-json\/wp\/v2\/media\/264883"}],"wp:attachment":[{"href":"https:\/\/compuviper.mx\/tienda\/wp-json\/wp\/v2\/media?parent=264882"}],"wp:term":[{"taxonomy":"product_cat","embeddable":true,"href":"https:\/\/compuviper.mx\/tienda\/wp-json\/wp\/v2\/product_cat?post=264882"},{"taxonomy":"product_tag","embeddable":true,"href":"https:\/\/compuviper.mx\/tienda\/wp-json\/wp\/v2\/product_tag?post=264882"}],"curies":[{"name":"wp","href":"https:\/\/api.w.org\/{rel}","templated":true}]}}