{"id":264868,"date":"2026-04-25T23:18:54","date_gmt":"2026-04-26T05:18:54","guid":{"rendered":"https:\/\/compuviper.mx\/tienda\/producto\/asrock-b850m-x-r2-0-mb-am5-ryzen-series-9000-8000-y-7000-ddr5-8200-mhz-pcie-gen5m-2-1-pcie-4-0x16-1-pcie-3-0x1-amd-rdna-1-blazing-m-2-1-hyper-m-2-8-usb-3-2-2-usb-c-trasero-y-frontal-5-usb-2-0\/"},"modified":"2026-04-26T00:00:44","modified_gmt":"2026-04-26T06:00:44","slug":"asrock-b850m-x-r2-0-mb-am5-ryzen-series-9000-8000-y-7000-ddr5-8200-mhz-pcie-gen5m-2-1-pcie-4-0x16-1-pcie-3-0x1-amd-rdna-1-blazing-m-2-1-hyper-m-2-8-usb-3-2-2-usb-c-trasero-y-frontal-5-usb-2-0","status":"publish","type":"product","link":"https:\/\/compuviper.mx\/tienda\/producto\/asrock-b850m-x-r2-0-mb-am5-ryzen-series-9000-8000-y-7000-ddr5-8200-mhz-pcie-gen5m-2-1-pcie-4-0x16-1-pcie-3-0x1-amd-rdna-1-blazing-m-2-1-hyper-m-2-8-usb-3-2-2-usb-c-trasero-y-frontal-5-usb-2-0\/","title":{"rendered":"Asrock B850m-x R2.0 Mb  \/am5 Ryzen Series 9000, 8000 Y 7000\/ddr5 8200 Mhz\/ Pcie Gen5m.2\/1 Pcie 4.0&#215;16\/1 Pcie 3.0&#215;1\/amd Rdna\/1 Blazing M.2\/1 Hyper M.2\/8 Usb 3.2\/2 Usb C Trasero Y Frontal\/5 Usb 2.0"},"content":{"rendered":"<table class=\"descripcion\">\n<tr>\n<td>\u0095 caracter\u00edstica \u00fanica<\/td>\n<\/tr>\n<tr>\n<td>Excelente productividad<\/td>\n<\/tr>\n<tr>\n<td>&#8211; pcie gen5 (gr\u00e1ficos, m.2)<\/td>\n<\/tr>\n<tr>\n<td>&#8211; ddr5<\/td>\n<\/tr>\n<tr>\n<td>De doble canal durabilidad<\/td>\n<\/tr>\n<tr>\n<td>S\u00f3lida como una roca- fase de potencia 6+1+1, dr.mos para vcore<\/td>\n<\/tr>\n<tr>\n<td>Conectividad<\/td>\n<\/tr>\n<tr>\n<td>Ultrarr\u00e1pida- actualizaci\u00f3n<\/td>\n<\/tr>\n<tr>\n<td>Ez de lan<\/td>\n<\/tr>\n<tr>\n<td>2.5g- bot\u00f3n<\/td>\n<\/tr>\n<tr>\n<td>De flashback de bios- instalador<\/td>\n<\/tr>\n<tr>\n<td>Autom\u00e1tico de controladores asrock solucionador<\/td>\n<\/tr>\n<tr>\n<td>De problemas ez- comprobador de estado de publicaciones de asrock<\/td>\n<\/tr>\n<tr>\n<td>\u0095 cpu<\/td>\n<\/tr>\n<tr>\n<td>&#8211; admite procesadores amd socket am5 ryzen\u0099 de las series 9000, 8000 y 7000*<\/td>\n<\/tr>\n<tr>\n<td>*la disponibilidad de ranuras de expansi\u00f3n puede variar seg\u00fan la cpu. consulte la tabla de ancho de banda pcie\/m.2 para obtener m\u00e1s detalles.<\/td>\n<\/tr>\n<tr>\n<td>Conjunto de chips<\/td>\n<\/tr>\n<tr>\n<td>&#8211; amd b850<\/td>\n<\/tr>\n<tr>\n<td>\u0095 memoria<\/td>\n<\/tr>\n<tr>\n<td>&#8211; tecnolog\u00eda<\/td>\n<\/tr>\n<tr>\n<td>De memoria ddr5 de doble canal- 2 ranuras<\/td>\n<\/tr>\n<tr>\n<td>Dimm ddr5- admite memoria ddr5 ecc\/no ecc, sin b\u00fafer hasta 8200 + (oc) *<\/td>\n<\/tr>\n<tr>\n<td>&#8211; capacidad m\u00e1xima de memoria del sistema: 128 gb *<\/td>\n<\/tr>\n<tr>\n<td>&#8211; admite m\u00f3dulos de memoria extreme memory profile (xmp) y extended profiles for overclocking (expo)<\/td>\n<\/tr>\n<tr>\n<td>*consulte la lista de soporte de memoria en el sitio web de asrock para obtener m\u00e1s informaci\u00f3n.<\/td>\n<\/tr>\n<tr>\n<td>Bios<\/td>\n<\/tr>\n<tr>\n<td>&#8211; bios legal uefi ami de 256 mb con soporte gui<\/td>\n<\/tr>\n<tr>\n<td>\u0095 graficos<\/td>\n<\/tr>\n<tr>\n<td>Gr\u00e1ficos amd rdna\u0099 integrados (el soporte real puede variar seg\u00fan la cpu):<\/td>\n<\/tr>\n<tr>\n<td>1 x hdmi 2.1 tmds \/ frl 8g compatible, admite hdr, hdcp 2.3 y resoluci\u00f3n m\u00e1xima de hasta 4k 120hz<\/td>\n<\/tr>\n<tr>\n<td>: 1 x displayport 1.4 con dsc (comprimido), admite hdcp 2.3 y resoluci\u00f3n m\u00e1xima de hasta 4k 120hz<\/td>\n<\/tr>\n<tr>\n<td>\u0095 audio<\/td>\n<\/tr>\n<tr>\n<td>&#8211; audio hd de 7.1 canales (c\u00f3dec de audio realtek alc897)<\/td>\n<\/tr>\n<tr>\n<td>&#8211; audio nahimic<\/td>\n<\/tr>\n<tr>\n<td>\u0095 lan<\/td>\n<\/tr>\n<tr>\n<td>&#8211; lan de 2,5 gigabit 10\/100\/1000\/2500 mb\/s<\/td>\n<\/tr>\n<tr>\n<td>&#8211; dragon rtl8125bg<\/td>\n<\/tr>\n<tr>\n<td>&#8211; compatible con el software<\/td>\n<\/tr>\n<tr>\n<td>Lan dragon 2.5g &#8211; control<\/td>\n<\/tr>\n<tr>\n<td>De ancho de banda de ajuste autom\u00e1tico inteligente &#8211; interfaz de usuario<\/td>\n<\/tr>\n<tr>\n<td>Visual f\u00e1cil de usar &#8211; estad\u00edsticas<\/td>\n<\/tr>\n<tr>\n<td>De uso de red visual &#8211; configuraci\u00f3n predeterminada optimizada para los modos<\/td>\n<\/tr>\n<tr>\n<td>De juego, navegador y transmisi\u00f3n &#8211; control de prioridad personalizado por el usuario<\/td>\n<\/tr>\n<tr>\n<td>\u0095 ranuras<\/td>\n<\/tr>\n<tr>\n<td>Cpu:<\/td>\n<\/tr>\n<tr>\n<td>&#8211; 1 x ranura pcie 5.0 x16 (pcie1), soporta el modo<\/td>\n<\/tr>\n<tr>\n<td>X16*chipset:<\/td>\n<\/tr>\n<tr>\n<td>&#8211; 1 x ranura pcie 4.0 x1 (pcie2)<\/td>\n<\/tr>\n<tr>\n<td>&#8211; 1 x ranura pcie 4.0 x16 (pcie3), soporta el modo x4*<\/td>\n<\/tr>\n<tr>\n<td>&#8211; 1 x z\u00f3calo m.2 (clave e), soporta m\u00f3dulo wifi pcie tipo 2230 wifi\/bt pcie<\/td>\n<\/tr>\n<tr>\n<td>*pcie1 se ejecutar\u00e1 en gen5x16 con procesadores de las series 9000 y 7000, gen4x8 con procesadores de la serie 8000 (phoenix 1) y gen4x4 con procesadores de la serie 8000 (phoenix 2).<\/td>\n<\/tr>\n<tr>\n<td>Admite ssd nvme como discos de arranque<\/td>\n<\/tr>\n<tr>\n<td>\u0095 almacenamiento<\/td>\n<\/tr>\n<tr>\n<td>Cpu:<\/td>\n<\/tr>\n<tr>\n<td>&#8211; 1 x z\u00f3calo blazing m.2 (m2_1, key m), soporta el modo tipo 2280 pcie gen5x4 (128 gb\/s)<\/td>\n<\/tr>\n<tr>\n<td>&#8211; 1 x z\u00f3calo hyper m.2 (m2_2, key m), soporta el modo tipo 2260\/2280 pcie gen4x4 (64 gb\/s)<\/td>\n<\/tr>\n<tr>\n<td>Chipset:<\/td>\n<\/tr>\n<tr>\n<td>&#8211; 4 x conectores sata3 6.0 gb\/s<\/td>\n<\/tr>\n<tr>\n<td>*admite ssd nvme como discos de arranque,<\/td>\n<\/tr>\n<tr>\n<td>M2_1 es la primera prioridad para la instalaci\u00f3n de m.2.<\/td>\n<\/tr>\n<tr>\n<td>M2_1 se ejecutar\u00e1 en gen5x4 con procesadores de las series 9000 y 7000 y gen4x4 con procesadores de las series 8000 (phoenix 1 y phoenix 2).<\/td>\n<\/tr>\n<tr>\n<td>M2_2 se ejecutar\u00e1 en gen4x4 con procesadores de las series 9000 y 7000, gen4x4 con procesadores de la serie 8000 (phoenix 1) y gen4x2 con procesadores de la serie 8000 (phoenix 2).<\/td>\n<\/tr>\n<tr>\n<td>\u0095 incursi\u00f3n<\/td>\n<\/tr>\n<tr>\n<td>&#8211; admite raid 0, raid 1 y raid 10 para dispositivos<\/td>\n<\/tr>\n<tr>\n<td>De almacenamiento sata &#8211; admite raid 0, raid 1 y raid 10 para dispositivos de almacenamiento m.2 nvme*<\/td>\n<\/tr>\n<tr>\n<td>*requiere tarjetas de expansi\u00f3n m.2 nvme adicionales para admitir raid 10<\/td>\n<\/tr>\n<tr>\n<td>\u0095 usb<\/td>\n<\/tr>\n<tr>\n<td>Cpu:<\/td>\n<\/tr>\n<tr>\n<td>&#8211; 3 x usb 3.2 gen1 tipo-a (trasero)<\/td>\n<\/tr>\n<tr>\n<td>&#8211; 1 x usb 2.0 (trasero (usb_2)))<\/td>\n<\/tr>\n<tr>\n<td>Chipset:<\/td>\n<\/tr>\n<tr>\n<td>&#8211; 2 x usb 3.2 gen1 tipo-c (1 trasero, 1 frontal)<\/td>\n<\/tr>\n<tr>\n<td>&#8211; 2 x usb 3.2 gen1 tipo-a (frontal)<\/td>\n<\/tr>\n<tr>\n<td>&#8211; 5 x usb 2.0 (1 trasero (usb_1), 4 frontales)<\/td>\n<\/tr>\n<tr>\n<td>*todos los puertos usb son compatibles con la protecci\u00f3n esd<\/td>\n<\/tr>\n<tr>\n<td>\u0095 conector<\/td>\n<\/tr>\n<tr>\n<td>&#8211; 1 x cabezal<\/td>\n<\/tr>\n<tr>\n<td>De cable de termistor &#8211; 1 x cabezal<\/td>\n<\/tr>\n<tr>\n<td>Spi tpm &#8211; 1 x led de alimentaci\u00f3n y cabezal<\/td>\n<\/tr>\n<tr>\n<td>De altavoz &#8211; 1 x cabezal led rgb *<\/td>\n<\/tr>\n<tr>\n<td>&#8211; 3 x cabezales led direccionables **<\/td>\n<\/tr>\n<tr>\n<td>&#8211; 2 x conectores de ventilador de cpu (4 pines) (control inteligente de velocidad del ventilador) ***<\/td>\n<\/tr>\n<tr>\n<td>&#8211; 3 x conectores de ventilador de chasis\/bomba de agua (4 pines) (control inteligente de velocidad del ventilador) ***<\/td>\n<\/tr>\n<tr>\n<td>&#8211; 1 x conector de ventilador de bomba aio (4 pines) (control inteligente de velocidad del ventilador) ***<\/td>\n<\/tr>\n<tr>\n<td>&#8211; 1 x conector<\/td>\n<\/tr>\n<tr>\n<td>De alimentaci\u00f3n atx de 24 pines- 1 x conector de alimentaci\u00f3n de 12 v de 8 pines (conector de alimentaci\u00f3n de alta densidad)<\/td>\n<\/tr>\n<tr>\n<td>&#8211; 1 x conector<\/td>\n<\/tr>\n<tr>\n<td>De audio del panel frontal &#8211; 2 x cabezales usb 2.0 (admite 4 puertos usb 2.0)<\/td>\n<\/tr>\n<tr>\n<td>&#8211; 1 x cabezal usb 3.2 gen1 (admite 2 puertos usb 3.2 gen1)<\/td>\n<\/tr>\n<tr>\n<td>&#8211; 1 x cabezal usb 3.2 gen1 tipo c del panel frontal<\/td>\n<\/tr>\n<tr>\n<td>*admite en total hasta 12 v \/ 3 a, tira de<\/td>\n<\/tr>\n<tr>\n<td>Led de 36 w ** admite en total hasta 5 v \/ 3 a, tira de<\/td>\n<\/tr>\n<tr>\n<td>Led de 15 w ***cpu_fan1 admite la potencia del ventilador de hasta 1 a (12 w).<\/td>\n<\/tr>\n<tr>\n<td>Cpu_fan2, cha_fan1~3 y aio_pump admiten la potencia del ventilador de hasta 3 a (36 w).<\/td>\n<\/tr>\n<tr>\n<td>Cpu_fan2, cha_fan1 ~ 3 y aio_pump pueden detectar autom\u00e1ticamente si el ventilador de 3 o 4 pines est\u00e1 en uso.<\/td>\n<\/tr>\n<tr>\n<td>E\/s del panel trasero<\/td>\n<\/tr>\n<tr>\n<td>&#8211; 2 puntos de montaje de antena<\/td>\n<\/tr>\n<tr>\n<td>&#8211; 1 puerto<\/td>\n<\/tr>\n<tr>\n<td>Hdmi- 1 puerto displayport 1.4<\/td>\n<\/tr>\n<tr>\n<td>&#8211; 1 puerto<\/td>\n<\/tr>\n<tr>\n<td>Usb 3.2 gen1 tipo-c- 3 puertos usb 3.2 gen1 tipo-a<\/td>\n<\/tr>\n<tr>\n<td>&#8211; 2 puertos usb 2.0<\/td>\n<\/tr>\n<tr>\n<td>&#8211; 1 puerto<\/td>\n<\/tr>\n<tr>\n<td>Lan rj-45- 1 bot\u00f3n<\/td>\n<\/tr>\n<tr>\n<td>De flashback bios- conectores de audio hd: entrada de l\u00ednea \/ altavoz frontal \/ micr\u00f3fono<\/td>\n<\/tr>\n<tr>\n<td>\u0095 software y uefi<\/td>\n<\/tr>\n<tr>\n<td>Software<\/td>\n<\/tr>\n<tr>\n<td>&#8211; utilidad de placa base asrock (a-tuning)<\/td>\n<\/tr>\n<tr>\n<td>&#8211; software<\/td>\n<\/tr>\n<tr>\n<td>Lan asrock dragon 2.5g- asrock polychrome sync*<\/td>\n<\/tr>\n<tr>\n<td>Uefi-<\/td>\n<\/tr>\n<tr>\n<td>Modo<\/td>\n<\/tr>\n<tr>\n<td>Asrock ez- asrock full hd uefi-<\/td>\n<\/tr>\n<tr>\n<td>Instalador<\/td>\n<\/tr>\n<tr>\n<td>De controladores autom\u00e1ticos asrock- asrock instant flash<\/td>\n<\/tr>\n<tr>\n<td>*estas utilidades se pueden descargar desde asrock live update  and  app shop.<\/td>\n<\/tr>\n<tr>\n<td>Accesorios<\/td>\n<\/tr>\n<tr>\n<td>&#8211; 1 x escudo<\/td>\n<\/tr>\n<tr>\n<td>De e \/ s &#8211; 2 x cables<\/td>\n<\/tr>\n<tr>\n<td>De datos sata &#8211; 1 x tornillo para enchufe m.2<\/td>\n<\/tr>\n<tr>\n<td>Factor de forma<\/td>\n<\/tr>\n<tr>\n<td>&#8211; factor de forma micro atx: 9,6 pulgadas x 8,9 pulgadas, 24,4 cm x 22,6 cm<\/td>\n<\/tr>\n<tr>\n<td>Sistema operativo<\/td>\n<\/tr>\n<tr>\n<td>&#8211; microsoft windows\u00ae 10 de 64 bits \/ 11 de 64 bits<\/td>\n<\/tr>\n<tr>\n<td>Certificaciones<\/td>\n<\/tr>\n<tr>\n<td>&#8211; preparado para fcc, ce-<\/td>\n<\/tr>\n<tr>\n<td>Erp\/eup (se requiere una fuente de alimentaci\u00f3n preparada para erp\/eup)<\/td>\n<\/tr>\n<\/table>\n","protected":false},"excerpt":{"rendered":"<p>La placa base asrock x-series proporciona una solucion de alto valor, equilibrando el rendimiento y la versatilidad dentro de un factor de forma compacto. Es altamente capaz de manejar una amplia gama de tareas, desde la productividad profesional hasta el uso diario, logrando un excelente equilibrio entre asequibilidad, confiabilidad y eficiencia. Dise\u00f1o de fase de potencia. Con componentes robustos y una entrega de energia completamente suave a la cpu, lo que ofrece un rendimiento mejorado para los jugadores. Dr. Mos es una etapa de potencia integrada optimizada para aplicaciones de voltaje descendente sincrono, que ofrece una corriente mas alta y una mejor eficiencia termica que los mosfet tradicionales, lo que garantiza una estabilidad mejorada. Conector de alimentacion de alta densidad. El overclocking de la cpu requiere una corriente mas alta. Los conectores de alimentacion de alta densidad asrock estan dise\u00f1ados para soportar corrientes mas altas en comparaci\u00f3n con los conectores de alimentacion tradicionales de cpu y atx, lo que proporciona un sistema mas estable y reduce el riesgo de incendio durante el overclocking pesado.<\/p>\n","protected":false},"featured_media":0,"comment_status":"open","ping_status":"open","template":"","meta":[],"product_cat":[2240,1727],"product_tag":[2148],"acf":[],"yoast_head":"<!-- This site is optimized with the Yoast SEO plugin v21.7 - https:\/\/yoast.com\/wordpress\/plugins\/seo\/ -->\n<title>[ Asrock ] &#129351; B850m-x R2.0 Mb \/am5 Ryzen Series 9000, 8000 Y 7000\/ddr5 8200 Mhz\/ Pcie Gen5m.2\/1 Pcie 4.0x16\/1 Pcie 3.0x1\/amd Rdna\/1 Blazing M.2\/1 Hyper M.2\/8 Usb 3.2\/2 Usb C Trasero Y Frontal\/5 Usb 2.0<\/title>\n<meta name=\"description\" content=\"Compra B850m-x R2.0 Mb \/am5 Ryzen Series 9000, 8000 Y 7000\/ddr5 8200 Mhz\/ Pcie Gen5m.2\/1 Pcie 4.0x16\/1 Pcie 3.0x1\/amd Rdna\/1 Blazing M.2\/1 Hyper M.2\/8 Usb 3.2\/2 Usb C Trasero Y Frontal\/5 Usb 2.0 + Env\u00edo a domicilio + Pago seguro + Garant\u00eda\" \/>\n<meta name=\"robots\" content=\"index, follow, max-snippet:-1, max-image-preview:large, max-video-preview:-1\" \/>\n<link rel=\"canonical\" href=\"https:\/\/compuviper.mx\/tienda\/producto\/asrock-b850m-x-r2-0-mb-am5-ryzen-series-9000-8000-y-7000-ddr5-8200-mhz-pcie-gen5m-2-1-pcie-4-0x16-1-pcie-3-0x1-amd-rdna-1-blazing-m-2-1-hyper-m-2-8-usb-3-2-2-usb-c-trasero-y-frontal-5-usb-2-0\/\" \/>\n<meta property=\"og:locale\" content=\"es_MX\" \/>\n<meta property=\"og:type\" content=\"article\" \/>\n<meta property=\"og:title\" content=\"[ Asrock ] &#129351; B850m-x R2.0 Mb \/am5 Ryzen Series 9000, 8000 Y 7000\/ddr5 8200 Mhz\/ Pcie Gen5m.2\/1 Pcie 4.0x16\/1 Pcie 3.0x1\/amd Rdna\/1 Blazing M.2\/1 Hyper M.2\/8 Usb 3.2\/2 Usb C Trasero Y Frontal\/5 Usb 2.0\" \/>\n<meta property=\"og:description\" content=\"Compra B850m-x R2.0 Mb \/am5 Ryzen Series 9000, 8000 Y 7000\/ddr5 8200 Mhz\/ Pcie Gen5m.2\/1 Pcie 4.0x16\/1 Pcie 3.0x1\/amd Rdna\/1 Blazing M.2\/1 Hyper M.2\/8 Usb 3.2\/2 Usb C Trasero Y Frontal\/5 Usb 2.0 + Env\u00edo a domicilio + Pago seguro + Garant\u00eda\" \/>\n<meta property=\"og:url\" content=\"https:\/\/compuviper.mx\/tienda\/producto\/asrock-b850m-x-r2-0-mb-am5-ryzen-series-9000-8000-y-7000-ddr5-8200-mhz-pcie-gen5m-2-1-pcie-4-0x16-1-pcie-3-0x1-amd-rdna-1-blazing-m-2-1-hyper-m-2-8-usb-3-2-2-usb-c-trasero-y-frontal-5-usb-2-0\/\" \/>\n<meta property=\"og:site_name\" content=\"Compuviper\" \/>\n<meta property=\"article:publisher\" content=\"https:\/\/www.facebook.com\/compuviper\" \/>\n<meta property=\"article:modified_time\" content=\"2026-04-26T06:00:44+00:00\" \/>\n<meta name=\"twitter:card\" content=\"summary_large_image\" \/>\n<meta name=\"twitter:label1\" content=\"Precio\" \/>\n\t<meta name=\"twitter:data1\" content=\"&#36;1,837 con IVA\" \/>\n\t<meta name=\"twitter:label2\" content=\"Availability\" \/>\n\t<meta name=\"twitter:data2\" content=\"In stock\" \/>\n<script type=\"application\/ld+json\" class=\"yoast-schema-graph\">{\"@context\":\"https:\/\/schema.org\",\"@graph\":[{\"@type\":\"WebPage\",\"@id\":\"https:\/\/compuviper.mx\/tienda\/producto\/asrock-b850m-x-r2-0-mb-am5-ryzen-series-9000-8000-y-7000-ddr5-8200-mhz-pcie-gen5m-2-1-pcie-4-0x16-1-pcie-3-0x1-amd-rdna-1-blazing-m-2-1-hyper-m-2-8-usb-3-2-2-usb-c-trasero-y-frontal-5-usb-2-0\/\",\"url\":\"https:\/\/compuviper.mx\/tienda\/producto\/asrock-b850m-x-r2-0-mb-am5-ryzen-series-9000-8000-y-7000-ddr5-8200-mhz-pcie-gen5m-2-1-pcie-4-0x16-1-pcie-3-0x1-amd-rdna-1-blazing-m-2-1-hyper-m-2-8-usb-3-2-2-usb-c-trasero-y-frontal-5-usb-2-0\/\",\"name\":\"[ Asrock ] &#129351; B850m-x R2.0 Mb \/am5 Ryzen Series 9000, 8000 Y 7000\/ddr5 8200 Mhz\/ Pcie Gen5m.2\/1 Pcie 4.0x16\/1 Pcie 3.0x1\/amd Rdna\/1 Blazing M.2\/1 Hyper M.2\/8 Usb 3.2\/2 Usb C Trasero Y Frontal\/5 Usb 2.0\",\"isPartOf\":{\"@id\":\"https:\/\/compuviper.mx\/tienda\/#website\"},\"datePublished\":\"2026-04-26T05:18:54+00:00\",\"dateModified\":\"2026-04-26T06:00:44+00:00\",\"description\":\"Compra B850m-x R2.0 Mb \/am5 Ryzen Series 9000, 8000 Y 7000\/ddr5 8200 Mhz\/ Pcie Gen5m.2\/1 Pcie 4.0x16\/1 Pcie 3.0x1\/amd Rdna\/1 Blazing M.2\/1 Hyper M.2\/8 Usb 3.2\/2 Usb C Trasero Y Frontal\/5 Usb 2.0 + Env\u00edo a domicilio + Pago seguro + Garant\u00eda\",\"breadcrumb\":{\"@id\":\"https:\/\/compuviper.mx\/tienda\/producto\/asrock-b850m-x-r2-0-mb-am5-ryzen-series-9000-8000-y-7000-ddr5-8200-mhz-pcie-gen5m-2-1-pcie-4-0x16-1-pcie-3-0x1-amd-rdna-1-blazing-m-2-1-hyper-m-2-8-usb-3-2-2-usb-c-trasero-y-frontal-5-usb-2-0\/#breadcrumb\"},\"inLanguage\":\"es-MX\",\"potentialAction\":[{\"@type\":\"ReadAction\",\"target\":[\"https:\/\/compuviper.mx\/tienda\/producto\/asrock-b850m-x-r2-0-mb-am5-ryzen-series-9000-8000-y-7000-ddr5-8200-mhz-pcie-gen5m-2-1-pcie-4-0x16-1-pcie-3-0x1-amd-rdna-1-blazing-m-2-1-hyper-m-2-8-usb-3-2-2-usb-c-trasero-y-frontal-5-usb-2-0\/\"]}]},{\"@type\":\"BreadcrumbList\",\"@id\":\"https:\/\/compuviper.mx\/tienda\/producto\/asrock-b850m-x-r2-0-mb-am5-ryzen-series-9000-8000-y-7000-ddr5-8200-mhz-pcie-gen5m-2-1-pcie-4-0x16-1-pcie-3-0x1-amd-rdna-1-blazing-m-2-1-hyper-m-2-8-usb-3-2-2-usb-c-trasero-y-frontal-5-usb-2-0\/#breadcrumb\",\"itemListElement\":[{\"@type\":\"ListItem\",\"position\":1,\"name\":\"Inicio\",\"item\":\"https:\/\/compuviper.mx\/tienda\/\"},{\"@type\":\"ListItem\",\"position\":2,\"name\":\"Productos\",\"item\":\"https:\/\/compuviper.mx\/tienda\/productos\/\"},{\"@type\":\"ListItem\",\"position\":3,\"name\":\"Tarjeta Madre\",\"item\":\"https:\/\/compuviper.mx\/tienda\/categoria-producto\/tarjeta-madre\/\"},{\"@type\":\"ListItem\",\"position\":4,\"name\":\"Socket Am5\",\"item\":\"https:\/\/compuviper.mx\/tienda\/categoria-producto\/tarjeta-madre\/socket-am5\/\"},{\"@type\":\"ListItem\",\"position\":5,\"name\":\"Asrock B850m-x R2.0 Mb \/am5 Ryzen Series 9000, 8000 Y 7000\/ddr5 8200 Mhz\/ Pcie Gen5m.2\/1 Pcie 4.0&#215;16\/1 Pcie 3.0&#215;1\/amd Rdna\/1 Blazing M.2\/1 Hyper M.2\/8 Usb 3.2\/2 Usb C Trasero Y Frontal\/5 Usb 2.0\"}]},{\"@type\":\"WebSite\",\"@id\":\"https:\/\/compuviper.mx\/tienda\/#website\",\"url\":\"https:\/\/compuviper.mx\/tienda\/\",\"name\":\"Compuviper\",\"description\":\"Proveedor de Computadoras, Laptops, Servidores, Monitores, Puntos de Venta, Teclados,   Impresoras, T\u00f3ner, C\u00e1maras de Seguridad y m\u00e1s en tu tienda en l\u00ednea\",\"publisher\":{\"@id\":\"https:\/\/compuviper.mx\/tienda\/#organization\"},\"potentialAction\":[{\"@type\":\"SearchAction\",\"target\":{\"@type\":\"EntryPoint\",\"urlTemplate\":\"https:\/\/compuviper.mx\/tienda\/?s={search_term_string}\"},\"query-input\":\"required name=search_term_string\"}],\"inLanguage\":\"es-MX\"},{\"@type\":\"Organization\",\"@id\":\"https:\/\/compuviper.mx\/tienda\/#organization\",\"name\":\"Compuviper\",\"url\":\"https:\/\/compuviper.mx\/tienda\/\",\"logo\":{\"@type\":\"ImageObject\",\"inLanguage\":\"es-MX\",\"@id\":\"https:\/\/compuviper.mx\/tienda\/#\/schema\/logo\/image\/\",\"url\":\"https:\/\/compuviper.mx\/tienda\/wp-content\/uploads\/2021\/08\/Logo-Compuviper-10.png\",\"contentUrl\":\"https:\/\/compuviper.mx\/tienda\/wp-content\/uploads\/2021\/08\/Logo-Compuviper-10.png\",\"width\":1000,\"height\":500,\"caption\":\"Compuviper\"},\"image\":{\"@id\":\"https:\/\/compuviper.mx\/tienda\/#\/schema\/logo\/image\/\"},\"sameAs\":[\"https:\/\/www.facebook.com\/compuviper\",\"https:\/\/www.youtube.com\/channel\/UCf73dERp9Y3cfOq7q8BhLjA?view_as=subscriber\"]}]}<\/script>\n<meta property=\"product:brand\" content=\"Asrock\" \/>\n<meta property=\"product:price:amount\" content=\"1837\" \/>\n<meta property=\"product:price:currency\" content=\"MXN\" \/>\n<meta property=\"og:availability\" content=\"instock\" \/>\n<meta property=\"product:availability\" content=\"instock\" \/>\n<meta property=\"product:retailer_item_id\" content=\"B850M-X R2.0\" \/>\n<meta property=\"product:condition\" content=\"new\" \/>\n<!-- \/ Yoast SEO plugin. -->","yoast_head_json":{"title":"[ Asrock ] &#129351; B850m-x R2.0 Mb \/am5 Ryzen Series 9000, 8000 Y 7000\/ddr5 8200 Mhz\/ Pcie Gen5m.2\/1 Pcie 4.0x16\/1 Pcie 3.0x1\/amd Rdna\/1 Blazing M.2\/1 Hyper M.2\/8 Usb 3.2\/2 Usb C Trasero Y Frontal\/5 Usb 2.0","description":"Compra B850m-x R2.0 Mb \/am5 Ryzen Series 9000, 8000 Y 7000\/ddr5 8200 Mhz\/ Pcie Gen5m.2\/1 Pcie 4.0x16\/1 Pcie 3.0x1\/amd Rdna\/1 Blazing M.2\/1 Hyper M.2\/8 Usb 3.2\/2 Usb C Trasero Y Frontal\/5 Usb 2.0 + Env\u00edo a domicilio + Pago seguro + Garant\u00eda","robots":{"index":"index","follow":"follow","max-snippet":"max-snippet:-1","max-image-preview":"max-image-preview:large","max-video-preview":"max-video-preview:-1"},"canonical":"https:\/\/compuviper.mx\/tienda\/producto\/asrock-b850m-x-r2-0-mb-am5-ryzen-series-9000-8000-y-7000-ddr5-8200-mhz-pcie-gen5m-2-1-pcie-4-0x16-1-pcie-3-0x1-amd-rdna-1-blazing-m-2-1-hyper-m-2-8-usb-3-2-2-usb-c-trasero-y-frontal-5-usb-2-0\/","og_locale":"es_MX","og_type":"article","og_title":"[ Asrock ] &#129351; B850m-x R2.0 Mb \/am5 Ryzen Series 9000, 8000 Y 7000\/ddr5 8200 Mhz\/ Pcie Gen5m.2\/1 Pcie 4.0x16\/1 Pcie 3.0x1\/amd Rdna\/1 Blazing M.2\/1 Hyper M.2\/8 Usb 3.2\/2 Usb C Trasero Y Frontal\/5 Usb 2.0","og_description":"Compra B850m-x R2.0 Mb \/am5 Ryzen Series 9000, 8000 Y 7000\/ddr5 8200 Mhz\/ Pcie Gen5m.2\/1 Pcie 4.0x16\/1 Pcie 3.0x1\/amd Rdna\/1 Blazing M.2\/1 Hyper M.2\/8 Usb 3.2\/2 Usb C Trasero Y Frontal\/5 Usb 2.0 + Env\u00edo a domicilio + Pago seguro + Garant\u00eda","og_url":"https:\/\/compuviper.mx\/tienda\/producto\/asrock-b850m-x-r2-0-mb-am5-ryzen-series-9000-8000-y-7000-ddr5-8200-mhz-pcie-gen5m-2-1-pcie-4-0x16-1-pcie-3-0x1-amd-rdna-1-blazing-m-2-1-hyper-m-2-8-usb-3-2-2-usb-c-trasero-y-frontal-5-usb-2-0\/","og_site_name":"Compuviper","article_publisher":"https:\/\/www.facebook.com\/compuviper","article_modified_time":"2026-04-26T06:00:44+00:00","twitter_card":"summary_large_image","twitter_misc":{"Precio":"&#36;1,837 con IVA","Availability":"In stock"},"schema":{"@context":"https:\/\/schema.org","@graph":[{"@type":"WebPage","@id":"https:\/\/compuviper.mx\/tienda\/producto\/asrock-b850m-x-r2-0-mb-am5-ryzen-series-9000-8000-y-7000-ddr5-8200-mhz-pcie-gen5m-2-1-pcie-4-0x16-1-pcie-3-0x1-amd-rdna-1-blazing-m-2-1-hyper-m-2-8-usb-3-2-2-usb-c-trasero-y-frontal-5-usb-2-0\/","url":"https:\/\/compuviper.mx\/tienda\/producto\/asrock-b850m-x-r2-0-mb-am5-ryzen-series-9000-8000-y-7000-ddr5-8200-mhz-pcie-gen5m-2-1-pcie-4-0x16-1-pcie-3-0x1-amd-rdna-1-blazing-m-2-1-hyper-m-2-8-usb-3-2-2-usb-c-trasero-y-frontal-5-usb-2-0\/","name":"[ Asrock ] &#129351; B850m-x R2.0 Mb \/am5 Ryzen Series 9000, 8000 Y 7000\/ddr5 8200 Mhz\/ Pcie Gen5m.2\/1 Pcie 4.0x16\/1 Pcie 3.0x1\/amd Rdna\/1 Blazing M.2\/1 Hyper M.2\/8 Usb 3.2\/2 Usb C Trasero Y Frontal\/5 Usb 2.0","isPartOf":{"@id":"https:\/\/compuviper.mx\/tienda\/#website"},"datePublished":"2026-04-26T05:18:54+00:00","dateModified":"2026-04-26T06:00:44+00:00","description":"Compra B850m-x R2.0 Mb \/am5 Ryzen Series 9000, 8000 Y 7000\/ddr5 8200 Mhz\/ Pcie Gen5m.2\/1 Pcie 4.0x16\/1 Pcie 3.0x1\/amd Rdna\/1 Blazing M.2\/1 Hyper M.2\/8 Usb 3.2\/2 Usb C Trasero Y Frontal\/5 Usb 2.0 + Env\u00edo a domicilio + Pago seguro + Garant\u00eda","breadcrumb":{"@id":"https:\/\/compuviper.mx\/tienda\/producto\/asrock-b850m-x-r2-0-mb-am5-ryzen-series-9000-8000-y-7000-ddr5-8200-mhz-pcie-gen5m-2-1-pcie-4-0x16-1-pcie-3-0x1-amd-rdna-1-blazing-m-2-1-hyper-m-2-8-usb-3-2-2-usb-c-trasero-y-frontal-5-usb-2-0\/#breadcrumb"},"inLanguage":"es-MX","potentialAction":[{"@type":"ReadAction","target":["https:\/\/compuviper.mx\/tienda\/producto\/asrock-b850m-x-r2-0-mb-am5-ryzen-series-9000-8000-y-7000-ddr5-8200-mhz-pcie-gen5m-2-1-pcie-4-0x16-1-pcie-3-0x1-amd-rdna-1-blazing-m-2-1-hyper-m-2-8-usb-3-2-2-usb-c-trasero-y-frontal-5-usb-2-0\/"]}]},{"@type":"BreadcrumbList","@id":"https:\/\/compuviper.mx\/tienda\/producto\/asrock-b850m-x-r2-0-mb-am5-ryzen-series-9000-8000-y-7000-ddr5-8200-mhz-pcie-gen5m-2-1-pcie-4-0x16-1-pcie-3-0x1-amd-rdna-1-blazing-m-2-1-hyper-m-2-8-usb-3-2-2-usb-c-trasero-y-frontal-5-usb-2-0\/#breadcrumb","itemListElement":[{"@type":"ListItem","position":1,"name":"Inicio","item":"https:\/\/compuviper.mx\/tienda\/"},{"@type":"ListItem","position":2,"name":"Productos","item":"https:\/\/compuviper.mx\/tienda\/productos\/"},{"@type":"ListItem","position":3,"name":"Tarjeta Madre","item":"https:\/\/compuviper.mx\/tienda\/categoria-producto\/tarjeta-madre\/"},{"@type":"ListItem","position":4,"name":"Socket Am5","item":"https:\/\/compuviper.mx\/tienda\/categoria-producto\/tarjeta-madre\/socket-am5\/"},{"@type":"ListItem","position":5,"name":"Asrock B850m-x R2.0 Mb \/am5 Ryzen Series 9000, 8000 Y 7000\/ddr5 8200 Mhz\/ Pcie Gen5m.2\/1 Pcie 4.0&#215;16\/1 Pcie 3.0&#215;1\/amd Rdna\/1 Blazing M.2\/1 Hyper M.2\/8 Usb 3.2\/2 Usb C Trasero Y Frontal\/5 Usb 2.0"}]},{"@type":"WebSite","@id":"https:\/\/compuviper.mx\/tienda\/#website","url":"https:\/\/compuviper.mx\/tienda\/","name":"Compuviper","description":"Proveedor de Computadoras, Laptops, Servidores, Monitores, Puntos de Venta, Teclados,   Impresoras, T\u00f3ner, C\u00e1maras de Seguridad y m\u00e1s en tu tienda en l\u00ednea","publisher":{"@id":"https:\/\/compuviper.mx\/tienda\/#organization"},"potentialAction":[{"@type":"SearchAction","target":{"@type":"EntryPoint","urlTemplate":"https:\/\/compuviper.mx\/tienda\/?s={search_term_string}"},"query-input":"required name=search_term_string"}],"inLanguage":"es-MX"},{"@type":"Organization","@id":"https:\/\/compuviper.mx\/tienda\/#organization","name":"Compuviper","url":"https:\/\/compuviper.mx\/tienda\/","logo":{"@type":"ImageObject","inLanguage":"es-MX","@id":"https:\/\/compuviper.mx\/tienda\/#\/schema\/logo\/image\/","url":"https:\/\/compuviper.mx\/tienda\/wp-content\/uploads\/2021\/08\/Logo-Compuviper-10.png","contentUrl":"https:\/\/compuviper.mx\/tienda\/wp-content\/uploads\/2021\/08\/Logo-Compuviper-10.png","width":1000,"height":500,"caption":"Compuviper"},"image":{"@id":"https:\/\/compuviper.mx\/tienda\/#\/schema\/logo\/image\/"},"sameAs":["https:\/\/www.facebook.com\/compuviper","https:\/\/www.youtube.com\/channel\/UCf73dERp9Y3cfOq7q8BhLjA?view_as=subscriber"]}]},"product_brand":"Asrock","product_price_amount":"1837","product_price_currency":"MXN","og_availability":"instock","product_availability":"instock","product_retailer_item_id":"B850M-X R2.0","product_condition":"new"},"_links":{"self":[{"href":"https:\/\/compuviper.mx\/tienda\/wp-json\/wp\/v2\/product\/264868"}],"collection":[{"href":"https:\/\/compuviper.mx\/tienda\/wp-json\/wp\/v2\/product"}],"about":[{"href":"https:\/\/compuviper.mx\/tienda\/wp-json\/wp\/v2\/types\/product"}],"replies":[{"embeddable":true,"href":"https:\/\/compuviper.mx\/tienda\/wp-json\/wp\/v2\/comments?post=264868"}],"wp:attachment":[{"href":"https:\/\/compuviper.mx\/tienda\/wp-json\/wp\/v2\/media?parent=264868"}],"wp:term":[{"taxonomy":"product_cat","embeddable":true,"href":"https:\/\/compuviper.mx\/tienda\/wp-json\/wp\/v2\/product_cat?post=264868"},{"taxonomy":"product_tag","embeddable":true,"href":"https:\/\/compuviper.mx\/tienda\/wp-json\/wp\/v2\/product_tag?post=264868"}],"curies":[{"name":"wp","href":"https:\/\/api.w.org\/{rel}","templated":true}]}}