{"id":264860,"date":"2026-04-02T02:22:11","date_gmt":"2026-04-02T08:22:11","guid":{"rendered":"https:\/\/compuviper.mx\/tienda\/producto\/microsoft-dg7gmgf0vj960002commercial-csp-visual-studio-professional-2026-commercial-perpetua\/"},"modified":"2026-04-02T02:22:11","modified_gmt":"2026-04-02T08:22:11","slug":"microsoft-dg7gmgf0vj960002commercial-csp-visual-studio-professional-2026-commercial-perpetua","status":"publish","type":"product","link":"https:\/\/compuviper.mx\/tienda\/producto\/microsoft-dg7gmgf0vj960002commercial-csp-visual-studio-professional-2026-commercial-perpetua\/","title":{"rendered":"Microsoft Dg7gmgf0vj96:0002:commercial  Csp Visual Studio Professional 2026 &#8211; Commercial &#8211; Perpetua"},"content":{"rendered":"<table class=\"descripcion\">\n<tr>\n<td>Si usa visual studio para conectarse a bases de datos mediante oledb u proveedores de datos odbc, debe tener en cuenta que las versiones de visual studio anteriores a visual studio 2026 son procesos de 32 bits. esto significa que algunas de las herramientas de datos de visual studio solo podr\u00e1n conectarse a bases de datos oledb u odbc mediante proveedores de datos de 32 bits. esto incluye el proveedor de datos oledb de 32 bits de microsoft access, as\u00ed como otros proveedores de 32 bits de terceros.<\/td>\n<\/tr>\n<tr>\n<td>Si usa visual studio 2026 para conectarse a bases de datos, debe tener en cuenta que visual studio 2026 es un proceso de 64 bits. esto significa que algunas de las herramientas de datos de visual studio no podr\u00e1n conectarse a bases de datos oledb u odbc mediante proveedores de datos de 32 bits.<\/td>\n<\/tr>\n<tr>\n<td>Si necesita mantener aplicaciones de 32 bits que se conectan a bases de datos oledb u odbc, podr\u00e1 compilar y ejecutar la aplicaci\u00f3n con visual studio 2026. sin embargo, si necesita usar cualquiera de las herramientas de datos de visual studio, como explorador de servidores, el asistente para or\u00edgenes de datos o el dise\u00f1ador de conjuntos de datos, deber\u00e1 usar una versi\u00f3n anterior de visual studio que sigue siendo un proceso de 32 bits.<\/td>\n<\/tr>\n<\/table>\n","protected":false},"excerpt":{"rendered":"<p>En visual studio, puede crear aplicaciones que se conecten a datos en pr\u00e1cticamente cualquier producto o servicio de base de datos, en cualquier formato y en cualquier lugar, en una m\u00e1quina local, en una red de \u00e1rea local o en una nube p\u00fablica, privada o h\u00edbrida. En el caso de las aplicaciones de javascript, python, php, ruby o c++, puede conectarse a datos como si fuera cualquier otra cosa mediante la obtenci\u00f3n de bibliotecas y la escritura de c\u00f3digo. Para las aplicaciones .Net, visual studio proporciona herramientas que puede usar para explorar or\u00edgenes de datos, crear modelos de objetos para almacenar y manipular datos en memoria y enlazar datos a la interfaz de usuario. Microsoft azure sdk para aplicaciones .Net, java, node.Js, php, python, ruby y m\u00f3viles, y herramientas de visual studio para conectarse a azure storage.<\/p>\n","protected":false},"featured_media":0,"comment_status":"open","ping_status":"open","template":"","meta":[],"product_cat":[1827,2108],"product_tag":[1831],"acf":[],"yoast_head":"<!-- This site is optimized with the Yoast SEO plugin v21.7 - https:\/\/yoast.com\/wordpress\/plugins\/seo\/ -->\n<title>[ Microsoft ] &#129351; Dg7gmgf0vj96:0002:commercial Csp Visual Studio Professional 2026 - Commercial - Perpetua<\/title>\n<meta name=\"description\" content=\"Compra Dg7gmgf0vj96:0002:commercial Csp Visual Studio Professional 2026 - Commercial - Perpetua + Env\u00edo a domicilio + Pago seguro + Garant\u00eda\" \/>\n<meta name=\"robots\" content=\"index, follow, max-snippet:-1, max-image-preview:large, max-video-preview:-1\" \/>\n<link rel=\"canonical\" href=\"https:\/\/compuviper.mx\/tienda\/producto\/microsoft-dg7gmgf0vj960002commercial-csp-visual-studio-professional-2026-commercial-perpetua\/\" \/>\n<meta property=\"og:locale\" content=\"es_MX\" \/>\n<meta property=\"og:type\" content=\"article\" \/>\n<meta property=\"og:title\" content=\"[ Microsoft ] &#129351; Dg7gmgf0vj96:0002:commercial Csp Visual Studio Professional 2026 - Commercial - Perpetua\" \/>\n<meta property=\"og:description\" content=\"Compra Dg7gmgf0vj96:0002:commercial Csp Visual Studio Professional 2026 - Commercial - Perpetua + Env\u00edo a domicilio + Pago seguro + Garant\u00eda\" \/>\n<meta property=\"og:url\" content=\"https:\/\/compuviper.mx\/tienda\/producto\/microsoft-dg7gmgf0vj960002commercial-csp-visual-studio-professional-2026-commercial-perpetua\/\" \/>\n<meta property=\"og:site_name\" content=\"Compuviper\" \/>\n<meta property=\"article:publisher\" content=\"https:\/\/www.facebook.com\/compuviper\" \/>\n<meta name=\"twitter:card\" content=\"summary_large_image\" \/>\n<meta name=\"twitter:label1\" content=\"Precio\" \/>\n\t<meta name=\"twitter:data1\" content=\"&#36;7,737 con IVA\" \/>\n\t<meta name=\"twitter:label2\" content=\"Availability\" \/>\n\t<meta name=\"twitter:data2\" content=\"On backorder\" \/>\n<script type=\"application\/ld+json\" class=\"yoast-schema-graph\">{\"@context\":\"https:\/\/schema.org\",\"@graph\":[{\"@type\":\"WebPage\",\"@id\":\"https:\/\/compuviper.mx\/tienda\/producto\/microsoft-dg7gmgf0vj960002commercial-csp-visual-studio-professional-2026-commercial-perpetua\/\",\"url\":\"https:\/\/compuviper.mx\/tienda\/producto\/microsoft-dg7gmgf0vj960002commercial-csp-visual-studio-professional-2026-commercial-perpetua\/\",\"name\":\"[ Microsoft ] &#129351; Dg7gmgf0vj96:0002:commercial Csp Visual Studio Professional 2026 - Commercial - Perpetua\",\"isPartOf\":{\"@id\":\"https:\/\/compuviper.mx\/tienda\/#website\"},\"datePublished\":\"2026-04-02T08:22:11+00:00\",\"dateModified\":\"2026-04-02T08:22:11+00:00\",\"description\":\"Compra Dg7gmgf0vj96:0002:commercial Csp Visual Studio Professional 2026 - Commercial - Perpetua + Env\u00edo a domicilio + Pago seguro + Garant\u00eda\",\"breadcrumb\":{\"@id\":\"https:\/\/compuviper.mx\/tienda\/producto\/microsoft-dg7gmgf0vj960002commercial-csp-visual-studio-professional-2026-commercial-perpetua\/#breadcrumb\"},\"inLanguage\":\"es-MX\",\"potentialAction\":[{\"@type\":\"ReadAction\",\"target\":[\"https:\/\/compuviper.mx\/tienda\/producto\/microsoft-dg7gmgf0vj960002commercial-csp-visual-studio-professional-2026-commercial-perpetua\/\"]}]},{\"@type\":\"BreadcrumbList\",\"@id\":\"https:\/\/compuviper.mx\/tienda\/producto\/microsoft-dg7gmgf0vj960002commercial-csp-visual-studio-professional-2026-commercial-perpetua\/#breadcrumb\",\"itemListElement\":[{\"@type\":\"ListItem\",\"position\":1,\"name\":\"Inicio\",\"item\":\"https:\/\/compuviper.mx\/tienda\/\"},{\"@type\":\"ListItem\",\"position\":2,\"name\":\"Productos\",\"item\":\"https:\/\/compuviper.mx\/tienda\/productos\/\"},{\"@type\":\"ListItem\",\"position\":3,\"name\":\"Software\",\"item\":\"https:\/\/compuviper.mx\/tienda\/categoria-producto\/software\/\"},{\"@type\":\"ListItem\",\"position\":4,\"name\":\"Licenciamiento Microsoft Csp\",\"item\":\"https:\/\/compuviper.mx\/tienda\/categoria-producto\/software\/licenciamiento-microsoft-csp\/\"},{\"@type\":\"ListItem\",\"position\":5,\"name\":\"Microsoft Dg7gmgf0vj96:0002:commercial Csp Visual Studio Professional 2026 &#8211; Commercial &#8211; Perpetua\"}]},{\"@type\":\"WebSite\",\"@id\":\"https:\/\/compuviper.mx\/tienda\/#website\",\"url\":\"https:\/\/compuviper.mx\/tienda\/\",\"name\":\"Compuviper\",\"description\":\"Proveedor de Computadoras, Laptops, Servidores, Monitores, Puntos de Venta, Teclados,   Impresoras, T\u00f3ner, C\u00e1maras de Seguridad y m\u00e1s en tu tienda en l\u00ednea\",\"publisher\":{\"@id\":\"https:\/\/compuviper.mx\/tienda\/#organization\"},\"potentialAction\":[{\"@type\":\"SearchAction\",\"target\":{\"@type\":\"EntryPoint\",\"urlTemplate\":\"https:\/\/compuviper.mx\/tienda\/?s={search_term_string}\"},\"query-input\":\"required name=search_term_string\"}],\"inLanguage\":\"es-MX\"},{\"@type\":\"Organization\",\"@id\":\"https:\/\/compuviper.mx\/tienda\/#organization\",\"name\":\"Compuviper\",\"url\":\"https:\/\/compuviper.mx\/tienda\/\",\"logo\":{\"@type\":\"ImageObject\",\"inLanguage\":\"es-MX\",\"@id\":\"https:\/\/compuviper.mx\/tienda\/#\/schema\/logo\/image\/\",\"url\":\"https:\/\/compuviper.mx\/tienda\/wp-content\/uploads\/2021\/08\/Logo-Compuviper-10.png\",\"contentUrl\":\"https:\/\/compuviper.mx\/tienda\/wp-content\/uploads\/2021\/08\/Logo-Compuviper-10.png\",\"width\":1000,\"height\":500,\"caption\":\"Compuviper\"},\"image\":{\"@id\":\"https:\/\/compuviper.mx\/tienda\/#\/schema\/logo\/image\/\"},\"sameAs\":[\"https:\/\/www.facebook.com\/compuviper\",\"https:\/\/www.youtube.com\/channel\/UCf73dERp9Y3cfOq7q8BhLjA?view_as=subscriber\"]}]}<\/script>\n<meta property=\"product:brand\" content=\"MICROSOFT\" \/>\n<meta property=\"product:price:amount\" content=\"7737\" \/>\n<meta property=\"product:price:currency\" content=\"MXN\" \/>\n<meta property=\"og:availability\" content=\"backorder\" \/>\n<meta property=\"product:availability\" content=\"available for order\" \/>\n<meta property=\"product:retailer_item_id\" content=\"DG7GMGF0VJ96:0002:COMMERCIAL\" \/>\n<meta property=\"product:condition\" content=\"new\" \/>\n<!-- \/ Yoast SEO plugin. -->","yoast_head_json":{"title":"[ Microsoft ] &#129351; Dg7gmgf0vj96:0002:commercial Csp Visual Studio Professional 2026 - Commercial - Perpetua","description":"Compra Dg7gmgf0vj96:0002:commercial Csp Visual Studio Professional 2026 - Commercial - Perpetua + Env\u00edo a domicilio + Pago seguro + Garant\u00eda","robots":{"index":"index","follow":"follow","max-snippet":"max-snippet:-1","max-image-preview":"max-image-preview:large","max-video-preview":"max-video-preview:-1"},"canonical":"https:\/\/compuviper.mx\/tienda\/producto\/microsoft-dg7gmgf0vj960002commercial-csp-visual-studio-professional-2026-commercial-perpetua\/","og_locale":"es_MX","og_type":"article","og_title":"[ Microsoft ] &#129351; Dg7gmgf0vj96:0002:commercial Csp Visual Studio Professional 2026 - Commercial - Perpetua","og_description":"Compra Dg7gmgf0vj96:0002:commercial Csp Visual Studio Professional 2026 - Commercial - Perpetua + Env\u00edo a domicilio + Pago seguro + Garant\u00eda","og_url":"https:\/\/compuviper.mx\/tienda\/producto\/microsoft-dg7gmgf0vj960002commercial-csp-visual-studio-professional-2026-commercial-perpetua\/","og_site_name":"Compuviper","article_publisher":"https:\/\/www.facebook.com\/compuviper","twitter_card":"summary_large_image","twitter_misc":{"Precio":"&#36;7,737 con IVA","Availability":"On backorder"},"schema":{"@context":"https:\/\/schema.org","@graph":[{"@type":"WebPage","@id":"https:\/\/compuviper.mx\/tienda\/producto\/microsoft-dg7gmgf0vj960002commercial-csp-visual-studio-professional-2026-commercial-perpetua\/","url":"https:\/\/compuviper.mx\/tienda\/producto\/microsoft-dg7gmgf0vj960002commercial-csp-visual-studio-professional-2026-commercial-perpetua\/","name":"[ Microsoft ] &#129351; Dg7gmgf0vj96:0002:commercial Csp Visual Studio Professional 2026 - Commercial - Perpetua","isPartOf":{"@id":"https:\/\/compuviper.mx\/tienda\/#website"},"datePublished":"2026-04-02T08:22:11+00:00","dateModified":"2026-04-02T08:22:11+00:00","description":"Compra Dg7gmgf0vj96:0002:commercial Csp Visual Studio Professional 2026 - Commercial - Perpetua + Env\u00edo a domicilio + Pago seguro + Garant\u00eda","breadcrumb":{"@id":"https:\/\/compuviper.mx\/tienda\/producto\/microsoft-dg7gmgf0vj960002commercial-csp-visual-studio-professional-2026-commercial-perpetua\/#breadcrumb"},"inLanguage":"es-MX","potentialAction":[{"@type":"ReadAction","target":["https:\/\/compuviper.mx\/tienda\/producto\/microsoft-dg7gmgf0vj960002commercial-csp-visual-studio-professional-2026-commercial-perpetua\/"]}]},{"@type":"BreadcrumbList","@id":"https:\/\/compuviper.mx\/tienda\/producto\/microsoft-dg7gmgf0vj960002commercial-csp-visual-studio-professional-2026-commercial-perpetua\/#breadcrumb","itemListElement":[{"@type":"ListItem","position":1,"name":"Inicio","item":"https:\/\/compuviper.mx\/tienda\/"},{"@type":"ListItem","position":2,"name":"Productos","item":"https:\/\/compuviper.mx\/tienda\/productos\/"},{"@type":"ListItem","position":3,"name":"Software","item":"https:\/\/compuviper.mx\/tienda\/categoria-producto\/software\/"},{"@type":"ListItem","position":4,"name":"Licenciamiento Microsoft Csp","item":"https:\/\/compuviper.mx\/tienda\/categoria-producto\/software\/licenciamiento-microsoft-csp\/"},{"@type":"ListItem","position":5,"name":"Microsoft Dg7gmgf0vj96:0002:commercial Csp Visual Studio Professional 2026 &#8211; Commercial &#8211; Perpetua"}]},{"@type":"WebSite","@id":"https:\/\/compuviper.mx\/tienda\/#website","url":"https:\/\/compuviper.mx\/tienda\/","name":"Compuviper","description":"Proveedor de Computadoras, Laptops, Servidores, Monitores, Puntos de Venta, Teclados,   Impresoras, T\u00f3ner, C\u00e1maras de Seguridad y m\u00e1s en tu tienda en l\u00ednea","publisher":{"@id":"https:\/\/compuviper.mx\/tienda\/#organization"},"potentialAction":[{"@type":"SearchAction","target":{"@type":"EntryPoint","urlTemplate":"https:\/\/compuviper.mx\/tienda\/?s={search_term_string}"},"query-input":"required name=search_term_string"}],"inLanguage":"es-MX"},{"@type":"Organization","@id":"https:\/\/compuviper.mx\/tienda\/#organization","name":"Compuviper","url":"https:\/\/compuviper.mx\/tienda\/","logo":{"@type":"ImageObject","inLanguage":"es-MX","@id":"https:\/\/compuviper.mx\/tienda\/#\/schema\/logo\/image\/","url":"https:\/\/compuviper.mx\/tienda\/wp-content\/uploads\/2021\/08\/Logo-Compuviper-10.png","contentUrl":"https:\/\/compuviper.mx\/tienda\/wp-content\/uploads\/2021\/08\/Logo-Compuviper-10.png","width":1000,"height":500,"caption":"Compuviper"},"image":{"@id":"https:\/\/compuviper.mx\/tienda\/#\/schema\/logo\/image\/"},"sameAs":["https:\/\/www.facebook.com\/compuviper","https:\/\/www.youtube.com\/channel\/UCf73dERp9Y3cfOq7q8BhLjA?view_as=subscriber"]}]},"product_brand":"MICROSOFT","product_price_amount":"7737","product_price_currency":"MXN","og_availability":"backorder","product_availability":"available for order","product_retailer_item_id":"DG7GMGF0VJ96:0002:COMMERCIAL","product_condition":"new"},"_links":{"self":[{"href":"https:\/\/compuviper.mx\/tienda\/wp-json\/wp\/v2\/product\/264860"}],"collection":[{"href":"https:\/\/compuviper.mx\/tienda\/wp-json\/wp\/v2\/product"}],"about":[{"href":"https:\/\/compuviper.mx\/tienda\/wp-json\/wp\/v2\/types\/product"}],"replies":[{"embeddable":true,"href":"https:\/\/compuviper.mx\/tienda\/wp-json\/wp\/v2\/comments?post=264860"}],"wp:attachment":[{"href":"https:\/\/compuviper.mx\/tienda\/wp-json\/wp\/v2\/media?parent=264860"}],"wp:term":[{"taxonomy":"product_cat","embeddable":true,"href":"https:\/\/compuviper.mx\/tienda\/wp-json\/wp\/v2\/product_cat?post=264860"},{"taxonomy":"product_tag","embeddable":true,"href":"https:\/\/compuviper.mx\/tienda\/wp-json\/wp\/v2\/product_tag?post=264860"}],"curies":[{"name":"wp","href":"https:\/\/api.w.org\/{rel}","templated":true}]}}