{"id":264841,"date":"2026-04-02T00:51:19","date_gmt":"2026-04-02T06:51:19","guid":{"rendered":"https:\/\/compuviper.mx\/tienda\/producto\/dell-dell-p7525qt-monitor-tactil-p7525qt-75-pulgadas-4k-uhd-3840-x-2160-60-hz-dp-hdmi-3-5-rj45-usb-c-usb-a-210-brnf\/"},"modified":"2026-04-02T00:51:19","modified_gmt":"2026-04-02T06:51:19","slug":"dell-dell-p7525qt-monitor-tactil-p7525qt-75-pulgadas-4k-uhd-3840-x-2160-60-hz-dp-hdmi-3-5-rj45-usb-c-usb-a-210-brnf","status":"publish","type":"product","link":"https:\/\/compuviper.mx\/tienda\/producto\/dell-dell-p7525qt-monitor-tactil-p7525qt-75-pulgadas-4k-uhd-3840-x-2160-60-hz-dp-hdmi-3-5-rj45-usb-c-usb-a-210-brnf\/","title":{"rendered":"Dell Dell-p7525qt Monitor  Tactil P7525qt | 75 Pulgadas | 4k Uhd 3840 X 2160 | 60 Hz | Dp, Hdmi,  3.5, Rj45, Usb-c, Usb-a | 210-brnf"},"content":{"rendered":"<table class=\"descripcion\">\n<tr>\n<td>Clase de tama\u00f1o de pantalla<\/td>\n<\/tr>\n<tr>\n<td>75 (190.5 cm)<\/td>\n<\/tr>\n<tr>\n<td>Tama\u00f1o de pantalla visible<\/td>\n<\/tr>\n<tr>\n<td>189,23 cm (74,5)<\/td>\n<\/tr>\n<tr>\n<td>Modo de pantalla<\/td>\n<\/tr>\n<tr>\n<td>4k uhd<\/td>\n<\/tr>\n<tr>\n<td>Tecnolog\u00eda de pantalla<\/td>\n<\/tr>\n<tr>\n<td>Tecnolog\u00eda de conmutaci\u00f3n in-plane (ips)<\/td>\n<\/tr>\n<tr>\n<td>Tama\u00f1o de pixel<\/td>\n<\/tr>\n<tr>\n<td>0,4296 mm x 0,4296 mm<\/td>\n<\/tr>\n<tr>\n<td>Detalles de tiempo de respuesta<\/td>\n<\/tr>\n<tr>\n<td>8ms gtg<\/td>\n<\/tr>\n<tr>\n<td>Relaci\u00f3n de aspecto<\/td>\n<\/tr>\n<tr>\n<td>16:9<\/td>\n<\/tr>\n<tr>\n<td>Angulo de visi\u00f3n horizontal<\/td>\n<\/tr>\n<tr>\n<td>178\u00b0<\/td>\n<\/tr>\n<tr>\n<td>\u00e1ngulo de visi\u00f3n vertical<\/td>\n<\/tr>\n<tr>\n<td>178\u00b0<\/td>\n<\/tr>\n<tr>\n<td>Tipo de montaje<\/td>\n<\/tr>\n<tr>\n<td>Montura de panel<\/td>\n<\/tr>\n<tr>\n<td>Tecnolog\u00eda de iluminaci\u00f3n de fondo<\/td>\n<\/tr>\n<tr>\n<td>Sistema led edgelight<\/td>\n<\/tr>\n<tr>\n<td>Compatibilidad con hdcp<\/td>\n<\/tr>\n<tr>\n<td>S\u00ed<\/td>\n<\/tr>\n<tr>\n<td>Conectividad<\/td>\n<\/tr>\n<tr>\n<td>Puerto de v\u00eddeo<\/td>\n<\/tr>\n<tr>\n<td>1 puerto displayport 1.4 (hdcp 2.2) (admite hasta 4k 3840 x 2160, 60 hz, dsc)<\/td>\n<\/tr>\n<tr>\n<td>1 puerto de salida displayport 1.4 (hdcp 2.2) (admite hasta 4k 3840 x 2160, 60 hz, mst)<\/td>\n<\/tr>\n<tr>\n<td>2 puertos hdmi 2.0 (hdcp 2.2) (admite hasta 4k 3840 x 2160, 60 hz)<\/td>\n<\/tr>\n<tr>\n<td>1 puerto de salida de l\u00ednea de audio anal\u00f3gico 2.0 (conector de 3,5 mm)<\/td>\n<\/tr>\n<tr>\n<td>1 puerto ethernet rj45, 1 gbe para gesti\u00f3n remota<\/td>\n<\/tr>\n<tr>\n<td>1 puerto rs232<\/td>\n<\/tr>\n<tr>\n<td>Puerto usb<\/td>\n<\/tr>\n<tr>\n<td>1 puerto usb-c de 5 gbps de subida (modo alternativo displayport 1.4, suministro de energ\u00eda de hasta 90 w)<\/td>\n<\/tr>\n<tr>\n<td>1 puerto usb-c de bajada de 5 gbps (suministro de energ\u00eda de hasta 15 w)<\/td>\n<\/tr>\n<tr>\n<td>3 puertos usb de 5 gbps tipo a de bajada<\/td>\n<\/tr>\n<tr>\n<td>3 puertos usb-b de 5 gbps de subida<\/td>\n<\/tr>\n<tr>\n<td>Usb tipo-c (alimentaci\u00f3n)<\/td>\n<\/tr>\n<tr>\n<td>90 w<\/td>\n<\/tr>\n<\/table>\n","protected":false},"excerpt":{"rendered":"<p>Re\u00fane al equipo en un monitor t\u00e1ctil 4k de 190,5 cm (75 pulgadas) dise\u00f1ado para mejorar la colaboraci\u00f3n, con alimentaci\u00f3n de hasta 90 w a trav\u00e9s de usb-c, rechazo de la palma de la mano y funcionalidad t\u00e1ctil inglass de 20 puntos. 3 a\u00f1os de garant\u00eda. Upc: 884116484554<\/p>\n","protected":false},"featured_media":264897,"comment_status":"open","ping_status":"open","template":"","meta":[],"product_cat":[2202,1740],"product_tag":[1537],"acf":[],"yoast_head":"<!-- This site is optimized with the Yoast SEO plugin v21.7 - https:\/\/yoast.com\/wordpress\/plugins\/seo\/ -->\n<title>[ Dell ] &#129351; Dell-p7525qt Monitor Tactil P7525qt | 75 Pulgadas | 4k Uhd 3840 X 2160 | 60 Hz | Dp, Hdmi, 3.5, Rj45, Usb-c, Usb-a | 210-brnf<\/title>\n<meta name=\"description\" content=\"Compra Dell-p7525qt Monitor Tactil P7525qt | 75 Pulgadas | 4k Uhd 3840 X 2160 | 60 Hz | Dp, Hdmi, 3.5, Rj45, Usb-c, Usb-a | 210-brnf + Env\u00edo a domicilio + Pago seguro + Garant\u00eda\" \/>\n<meta name=\"robots\" content=\"index, follow, max-snippet:-1, max-image-preview:large, max-video-preview:-1\" \/>\n<link rel=\"canonical\" href=\"https:\/\/compuviper.mx\/tienda\/producto\/dell-dell-p7525qt-monitor-tactil-p7525qt-75-pulgadas-4k-uhd-3840-x-2160-60-hz-dp-hdmi-3-5-rj45-usb-c-usb-a-210-brnf\/\" \/>\n<meta property=\"og:locale\" content=\"es_MX\" \/>\n<meta property=\"og:type\" content=\"article\" \/>\n<meta property=\"og:title\" content=\"[ Dell ] &#129351; Dell-p7525qt Monitor Tactil P7525qt | 75 Pulgadas | 4k Uhd 3840 X 2160 | 60 Hz | Dp, Hdmi, 3.5, Rj45, Usb-c, Usb-a | 210-brnf\" \/>\n<meta property=\"og:description\" content=\"Compra Dell-p7525qt Monitor Tactil P7525qt | 75 Pulgadas | 4k Uhd 3840 X 2160 | 60 Hz | Dp, Hdmi, 3.5, Rj45, Usb-c, Usb-a | 210-brnf + Env\u00edo a domicilio + Pago seguro + Garant\u00eda\" \/>\n<meta property=\"og:url\" content=\"https:\/\/compuviper.mx\/tienda\/producto\/dell-dell-p7525qt-monitor-tactil-p7525qt-75-pulgadas-4k-uhd-3840-x-2160-60-hz-dp-hdmi-3-5-rj45-usb-c-usb-a-210-brnf\/\" \/>\n<meta property=\"og:site_name\" content=\"Compuviper\" \/>\n<meta property=\"article:publisher\" content=\"https:\/\/www.facebook.com\/compuviper\" \/>\n<meta property=\"og:image\" content=\"https:\/\/compuviper.mx\/tienda\/wp-content\/uploads\/2025\/12\/Monitor-dell-tactil-p7525qt-75-pulgadas-4k-uhd-3840-x-2160-60-hz-dp-hdmi-3.5-rj45-usb-c-usb-a-210-brnf.jpg\" \/>\n\t<meta property=\"og:image:width\" content=\"200\" \/>\n\t<meta property=\"og:image:height\" content=\"200\" \/>\n\t<meta property=\"og:image:type\" content=\"image\/jpeg\" \/>\n<meta name=\"twitter:card\" content=\"summary_large_image\" \/>\n<meta name=\"twitter:label1\" content=\"Precio\" \/>\n\t<meta name=\"twitter:data1\" content=\"&#36;90,671 con IVA\" \/>\n\t<meta name=\"twitter:label2\" content=\"Availability\" \/>\n\t<meta name=\"twitter:data2\" content=\"On backorder\" \/>\n<script type=\"application\/ld+json\" class=\"yoast-schema-graph\">{\"@context\":\"https:\/\/schema.org\",\"@graph\":[{\"@type\":\"WebPage\",\"@id\":\"https:\/\/compuviper.mx\/tienda\/producto\/dell-dell-p7525qt-monitor-tactil-p7525qt-75-pulgadas-4k-uhd-3840-x-2160-60-hz-dp-hdmi-3-5-rj45-usb-c-usb-a-210-brnf\/\",\"url\":\"https:\/\/compuviper.mx\/tienda\/producto\/dell-dell-p7525qt-monitor-tactil-p7525qt-75-pulgadas-4k-uhd-3840-x-2160-60-hz-dp-hdmi-3-5-rj45-usb-c-usb-a-210-brnf\/\",\"name\":\"[ Dell ] &#129351; Dell-p7525qt Monitor Tactil P7525qt | 75 Pulgadas | 4k Uhd 3840 X 2160 | 60 Hz | Dp, Hdmi, 3.5, Rj45, Usb-c, Usb-a | 210-brnf\",\"isPartOf\":{\"@id\":\"https:\/\/compuviper.mx\/tienda\/#website\"},\"datePublished\":\"2026-04-02T06:51:19+00:00\",\"dateModified\":\"2026-04-02T06:51:19+00:00\",\"description\":\"Compra Dell-p7525qt Monitor Tactil P7525qt | 75 Pulgadas | 4k Uhd 3840 X 2160 | 60 Hz | Dp, Hdmi, 3.5, Rj45, Usb-c, Usb-a | 210-brnf + Env\u00edo a domicilio + Pago seguro + Garant\u00eda\",\"breadcrumb\":{\"@id\":\"https:\/\/compuviper.mx\/tienda\/producto\/dell-dell-p7525qt-monitor-tactil-p7525qt-75-pulgadas-4k-uhd-3840-x-2160-60-hz-dp-hdmi-3-5-rj45-usb-c-usb-a-210-brnf\/#breadcrumb\"},\"inLanguage\":\"es-MX\",\"potentialAction\":[{\"@type\":\"ReadAction\",\"target\":[\"https:\/\/compuviper.mx\/tienda\/producto\/dell-dell-p7525qt-monitor-tactil-p7525qt-75-pulgadas-4k-uhd-3840-x-2160-60-hz-dp-hdmi-3-5-rj45-usb-c-usb-a-210-brnf\/\"]}]},{\"@type\":\"BreadcrumbList\",\"@id\":\"https:\/\/compuviper.mx\/tienda\/producto\/dell-dell-p7525qt-monitor-tactil-p7525qt-75-pulgadas-4k-uhd-3840-x-2160-60-hz-dp-hdmi-3-5-rj45-usb-c-usb-a-210-brnf\/#breadcrumb\",\"itemListElement\":[{\"@type\":\"ListItem\",\"position\":1,\"name\":\"Inicio\",\"item\":\"https:\/\/compuviper.mx\/tienda\/\"},{\"@type\":\"ListItem\",\"position\":2,\"name\":\"Productos\",\"item\":\"https:\/\/compuviper.mx\/tienda\/productos\/\"},{\"@type\":\"ListItem\",\"position\":3,\"name\":\"Monitores\",\"item\":\"https:\/\/compuviper.mx\/tienda\/categoria-producto\/monitores\/\"},{\"@type\":\"ListItem\",\"position\":4,\"name\":\"Interactivo\",\"item\":\"https:\/\/compuviper.mx\/tienda\/categoria-producto\/monitores\/interactivo-monitores\/\"},{\"@type\":\"ListItem\",\"position\":5,\"name\":\"Dell Dell-p7525qt Monitor Tactil P7525qt | 75 Pulgadas | 4k Uhd 3840 X 2160 | 60 Hz | Dp, Hdmi, 3.5, Rj45, Usb-c, Usb-a | 210-brnf\"}]},{\"@type\":\"WebSite\",\"@id\":\"https:\/\/compuviper.mx\/tienda\/#website\",\"url\":\"https:\/\/compuviper.mx\/tienda\/\",\"name\":\"Compuviper\",\"description\":\"Proveedor de Computadoras, Laptops, Servidores, Monitores, Puntos de Venta, Teclados,   Impresoras, T\u00f3ner, C\u00e1maras de Seguridad y m\u00e1s en tu tienda en l\u00ednea\",\"publisher\":{\"@id\":\"https:\/\/compuviper.mx\/tienda\/#organization\"},\"potentialAction\":[{\"@type\":\"SearchAction\",\"target\":{\"@type\":\"EntryPoint\",\"urlTemplate\":\"https:\/\/compuviper.mx\/tienda\/?s={search_term_string}\"},\"query-input\":\"required name=search_term_string\"}],\"inLanguage\":\"es-MX\"},{\"@type\":\"Organization\",\"@id\":\"https:\/\/compuviper.mx\/tienda\/#organization\",\"name\":\"Compuviper\",\"url\":\"https:\/\/compuviper.mx\/tienda\/\",\"logo\":{\"@type\":\"ImageObject\",\"inLanguage\":\"es-MX\",\"@id\":\"https:\/\/compuviper.mx\/tienda\/#\/schema\/logo\/image\/\",\"url\":\"https:\/\/compuviper.mx\/tienda\/wp-content\/uploads\/2021\/08\/Logo-Compuviper-10.png\",\"contentUrl\":\"https:\/\/compuviper.mx\/tienda\/wp-content\/uploads\/2021\/08\/Logo-Compuviper-10.png\",\"width\":1000,\"height\":500,\"caption\":\"Compuviper\"},\"image\":{\"@id\":\"https:\/\/compuviper.mx\/tienda\/#\/schema\/logo\/image\/\"},\"sameAs\":[\"https:\/\/www.facebook.com\/compuviper\",\"https:\/\/www.youtube.com\/channel\/UCf73dERp9Y3cfOq7q8BhLjA?view_as=subscriber\"]}]}<\/script>\n<meta property=\"product:brand\" content=\"DELL\" \/>\n<meta property=\"product:price:amount\" content=\"90671\" \/>\n<meta property=\"product:price:currency\" content=\"MXN\" \/>\n<meta property=\"og:availability\" content=\"backorder\" \/>\n<meta property=\"product:availability\" content=\"available for order\" \/>\n<meta property=\"product:retailer_item_id\" content=\"DELL-P7525QT\" \/>\n<meta property=\"product:condition\" content=\"new\" \/>\n<!-- \/ Yoast SEO plugin. -->","yoast_head_json":{"title":"[ Dell ] &#129351; Dell-p7525qt Monitor Tactil P7525qt | 75 Pulgadas | 4k Uhd 3840 X 2160 | 60 Hz | Dp, Hdmi, 3.5, Rj45, Usb-c, Usb-a | 210-brnf","description":"Compra Dell-p7525qt Monitor Tactil P7525qt | 75 Pulgadas | 4k Uhd 3840 X 2160 | 60 Hz | Dp, Hdmi, 3.5, Rj45, Usb-c, Usb-a | 210-brnf + Env\u00edo a domicilio + Pago seguro + Garant\u00eda","robots":{"index":"index","follow":"follow","max-snippet":"max-snippet:-1","max-image-preview":"max-image-preview:large","max-video-preview":"max-video-preview:-1"},"canonical":"https:\/\/compuviper.mx\/tienda\/producto\/dell-dell-p7525qt-monitor-tactil-p7525qt-75-pulgadas-4k-uhd-3840-x-2160-60-hz-dp-hdmi-3-5-rj45-usb-c-usb-a-210-brnf\/","og_locale":"es_MX","og_type":"article","og_title":"[ Dell ] &#129351; Dell-p7525qt Monitor Tactil P7525qt | 75 Pulgadas | 4k Uhd 3840 X 2160 | 60 Hz | Dp, Hdmi, 3.5, Rj45, Usb-c, Usb-a | 210-brnf","og_description":"Compra Dell-p7525qt Monitor Tactil P7525qt | 75 Pulgadas | 4k Uhd 3840 X 2160 | 60 Hz | Dp, Hdmi, 3.5, Rj45, Usb-c, Usb-a | 210-brnf + Env\u00edo a domicilio + Pago seguro + Garant\u00eda","og_url":"https:\/\/compuviper.mx\/tienda\/producto\/dell-dell-p7525qt-monitor-tactil-p7525qt-75-pulgadas-4k-uhd-3840-x-2160-60-hz-dp-hdmi-3-5-rj45-usb-c-usb-a-210-brnf\/","og_site_name":"Compuviper","article_publisher":"https:\/\/www.facebook.com\/compuviper","og_image":[{"width":200,"height":200,"url":"https:\/\/compuviper.mx\/tienda\/wp-content\/uploads\/2025\/12\/Monitor-dell-tactil-p7525qt-75-pulgadas-4k-uhd-3840-x-2160-60-hz-dp-hdmi-3.5-rj45-usb-c-usb-a-210-brnf.jpg","type":"image\/jpeg"}],"twitter_card":"summary_large_image","twitter_misc":{"Precio":"&#36;90,671 con IVA","Availability":"On backorder"},"schema":{"@context":"https:\/\/schema.org","@graph":[{"@type":"WebPage","@id":"https:\/\/compuviper.mx\/tienda\/producto\/dell-dell-p7525qt-monitor-tactil-p7525qt-75-pulgadas-4k-uhd-3840-x-2160-60-hz-dp-hdmi-3-5-rj45-usb-c-usb-a-210-brnf\/","url":"https:\/\/compuviper.mx\/tienda\/producto\/dell-dell-p7525qt-monitor-tactil-p7525qt-75-pulgadas-4k-uhd-3840-x-2160-60-hz-dp-hdmi-3-5-rj45-usb-c-usb-a-210-brnf\/","name":"[ Dell ] &#129351; Dell-p7525qt Monitor Tactil P7525qt | 75 Pulgadas | 4k Uhd 3840 X 2160 | 60 Hz | Dp, Hdmi, 3.5, Rj45, Usb-c, Usb-a | 210-brnf","isPartOf":{"@id":"https:\/\/compuviper.mx\/tienda\/#website"},"datePublished":"2026-04-02T06:51:19+00:00","dateModified":"2026-04-02T06:51:19+00:00","description":"Compra Dell-p7525qt Monitor Tactil P7525qt | 75 Pulgadas | 4k Uhd 3840 X 2160 | 60 Hz | Dp, Hdmi, 3.5, Rj45, Usb-c, Usb-a | 210-brnf + Env\u00edo a domicilio + Pago seguro + Garant\u00eda","breadcrumb":{"@id":"https:\/\/compuviper.mx\/tienda\/producto\/dell-dell-p7525qt-monitor-tactil-p7525qt-75-pulgadas-4k-uhd-3840-x-2160-60-hz-dp-hdmi-3-5-rj45-usb-c-usb-a-210-brnf\/#breadcrumb"},"inLanguage":"es-MX","potentialAction":[{"@type":"ReadAction","target":["https:\/\/compuviper.mx\/tienda\/producto\/dell-dell-p7525qt-monitor-tactil-p7525qt-75-pulgadas-4k-uhd-3840-x-2160-60-hz-dp-hdmi-3-5-rj45-usb-c-usb-a-210-brnf\/"]}]},{"@type":"BreadcrumbList","@id":"https:\/\/compuviper.mx\/tienda\/producto\/dell-dell-p7525qt-monitor-tactil-p7525qt-75-pulgadas-4k-uhd-3840-x-2160-60-hz-dp-hdmi-3-5-rj45-usb-c-usb-a-210-brnf\/#breadcrumb","itemListElement":[{"@type":"ListItem","position":1,"name":"Inicio","item":"https:\/\/compuviper.mx\/tienda\/"},{"@type":"ListItem","position":2,"name":"Productos","item":"https:\/\/compuviper.mx\/tienda\/productos\/"},{"@type":"ListItem","position":3,"name":"Monitores","item":"https:\/\/compuviper.mx\/tienda\/categoria-producto\/monitores\/"},{"@type":"ListItem","position":4,"name":"Interactivo","item":"https:\/\/compuviper.mx\/tienda\/categoria-producto\/monitores\/interactivo-monitores\/"},{"@type":"ListItem","position":5,"name":"Dell Dell-p7525qt Monitor Tactil P7525qt | 75 Pulgadas | 4k Uhd 3840 X 2160 | 60 Hz | Dp, Hdmi, 3.5, Rj45, Usb-c, Usb-a | 210-brnf"}]},{"@type":"WebSite","@id":"https:\/\/compuviper.mx\/tienda\/#website","url":"https:\/\/compuviper.mx\/tienda\/","name":"Compuviper","description":"Proveedor de Computadoras, Laptops, Servidores, Monitores, Puntos de Venta, Teclados,   Impresoras, T\u00f3ner, C\u00e1maras de Seguridad y m\u00e1s en tu tienda en l\u00ednea","publisher":{"@id":"https:\/\/compuviper.mx\/tienda\/#organization"},"potentialAction":[{"@type":"SearchAction","target":{"@type":"EntryPoint","urlTemplate":"https:\/\/compuviper.mx\/tienda\/?s={search_term_string}"},"query-input":"required name=search_term_string"}],"inLanguage":"es-MX"},{"@type":"Organization","@id":"https:\/\/compuviper.mx\/tienda\/#organization","name":"Compuviper","url":"https:\/\/compuviper.mx\/tienda\/","logo":{"@type":"ImageObject","inLanguage":"es-MX","@id":"https:\/\/compuviper.mx\/tienda\/#\/schema\/logo\/image\/","url":"https:\/\/compuviper.mx\/tienda\/wp-content\/uploads\/2021\/08\/Logo-Compuviper-10.png","contentUrl":"https:\/\/compuviper.mx\/tienda\/wp-content\/uploads\/2021\/08\/Logo-Compuviper-10.png","width":1000,"height":500,"caption":"Compuviper"},"image":{"@id":"https:\/\/compuviper.mx\/tienda\/#\/schema\/logo\/image\/"},"sameAs":["https:\/\/www.facebook.com\/compuviper","https:\/\/www.youtube.com\/channel\/UCf73dERp9Y3cfOq7q8BhLjA?view_as=subscriber"]}]},"product_brand":"DELL","product_price_amount":"90671","product_price_currency":"MXN","og_availability":"backorder","product_availability":"available for order","product_retailer_item_id":"DELL-P7525QT","product_condition":"new"},"_links":{"self":[{"href":"https:\/\/compuviper.mx\/tienda\/wp-json\/wp\/v2\/product\/264841"}],"collection":[{"href":"https:\/\/compuviper.mx\/tienda\/wp-json\/wp\/v2\/product"}],"about":[{"href":"https:\/\/compuviper.mx\/tienda\/wp-json\/wp\/v2\/types\/product"}],"replies":[{"embeddable":true,"href":"https:\/\/compuviper.mx\/tienda\/wp-json\/wp\/v2\/comments?post=264841"}],"wp:featuredmedia":[{"embeddable":true,"href":"https:\/\/compuviper.mx\/tienda\/wp-json\/wp\/v2\/media\/264897"}],"wp:attachment":[{"href":"https:\/\/compuviper.mx\/tienda\/wp-json\/wp\/v2\/media?parent=264841"}],"wp:term":[{"taxonomy":"product_cat","embeddable":true,"href":"https:\/\/compuviper.mx\/tienda\/wp-json\/wp\/v2\/product_cat?post=264841"},{"taxonomy":"product_tag","embeddable":true,"href":"https:\/\/compuviper.mx\/tienda\/wp-json\/wp\/v2\/product_tag?post=264841"}],"curies":[{"name":"wp","href":"https:\/\/api.w.org\/{rel}","templated":true}]}}