{"id":264746,"date":"2026-04-07T01:40:25","date_gmt":"2026-04-07T07:40:25","guid":{"rendered":"https:\/\/compuviper.mx\/tienda\/producto\/kingston-kcp3l16sd8-8740617253757-memoria-propietaria-sodimm-ddr3l-8gb-1600mt-s-cl11-204pin-1-35v-p-laptop-kcp3l16sd8-8\/"},"modified":"2026-04-07T01:40:26","modified_gmt":"2026-04-07T07:40:26","slug":"kingston-kcp3l16sd8-8740617253757-memoria-propietaria-sodimm-ddr3l-8gb-1600mt-s-cl11-204pin-1-35v-p-laptop-kcp3l16sd8-8","status":"publish","type":"product","link":"https:\/\/compuviper.mx\/tienda\/producto\/kingston-kcp3l16sd8-8740617253757-memoria-propietaria-sodimm-ddr3l-8gb-1600mt-s-cl11-204pin-1-35v-p-laptop-kcp3l16sd8-8\/","title":{"rendered":"Kingston Kcp3l16sd8\/8,740617253757 Memoria Propietaria  Sodimm Ddr3l 8gb 1600mt\/s Cl11 204pin 1.35v P\/laptop Kcp3l16sd8\/8"},"content":{"rendered":"<table class=\"descripcion\">\n<tr>\n<td>Tipo de m\u00f3dulo: ddr3l (bajo voltaje)<\/td>\n<\/tr>\n<tr>\n<td>Frecuencia: 1600mhz<\/td>\n<\/tr>\n<tr>\n<td>Temperatura de funcionamiento: 0 ~ 85\u00b0c<\/td>\n<\/tr>\n<tr>\n<td>N\u00famero de pines: 204 pin<\/td>\n<\/tr>\n<tr>\n<td>Capacidad: 8gb<\/td>\n<\/tr>\n<tr>\n<td>Voltaje: 1.35v<\/td>\n<\/tr>\n<tr>\n<td>Garant\u00eda. primer a\u00f1o con , de por vida limitada con kingston.<\/td>\n<\/tr>\n<\/table>\n","protected":false},"excerpt":{"rendered":"<p>Dise\u00f1ada espec\u00edficamente con su equipo de marca en mente, la memoria propietaria para sistemas espec\u00edficos de kingston hace f\u00e1cil seleccionar lo que usted necesita. Kingston ingenier\u00eda usa solamente componentes de la m\u00e1s alta calidad en el mercado para asegurar el m\u00e1ximo desempe\u00f1o, desarrollando las instalaciones de pruebas m\u00e1s avanzadas de la industria de la memoria y utilizando un sistema de pruebas de m\u00faltiples niveles, con el fin de garantizar el control de la calidad a lo largo de todo el proceso de dise\u00f1o y manufactura y as\u00ed, asegurar la completa compatibilidad en el sistema establecido y mantener la legendaria confiabilidad en garant\u00eda que los respalda.<\/p>\n","protected":false},"featured_media":264747,"comment_status":"open","ping_status":"open","template":"","meta":[],"product_cat":[1793,1798],"product_tag":[1573],"acf":[],"yoast_head":"<!-- This site is optimized with the Yoast SEO plugin v21.7 - https:\/\/yoast.com\/wordpress\/plugins\/seo\/ -->\n<title>[ Kingston ] &#129351; Kcp3l16sd8\/8,740617253757 Memoria Propietaria Sodimm Ddr3l 8gb 1600mt\/s Cl11 204pin 1.35v P\/laptop Kcp3l16sd8\/8<\/title>\n<meta name=\"description\" content=\"Compra Kcp3l16sd8\/8,740617253757 Memoria Propietaria Sodimm Ddr3l 8gb 1600mt\/s Cl11 204pin 1.35v P\/laptop Kcp3l16sd8\/8 + Env\u00edo a domicilio + Pago seguro + Garant\u00eda\" \/>\n<meta name=\"robots\" content=\"index, follow, max-snippet:-1, max-image-preview:large, max-video-preview:-1\" \/>\n<link rel=\"canonical\" href=\"https:\/\/compuviper.mx\/tienda\/producto\/kingston-kcp3l16sd8-8740617253757-memoria-propietaria-sodimm-ddr3l-8gb-1600mt-s-cl11-204pin-1-35v-p-laptop-kcp3l16sd8-8\/\" \/>\n<meta property=\"og:locale\" content=\"es_MX\" \/>\n<meta property=\"og:type\" content=\"article\" \/>\n<meta property=\"og:title\" content=\"[ Kingston ] &#129351; Kcp3l16sd8\/8,740617253757 Memoria Propietaria Sodimm Ddr3l 8gb 1600mt\/s Cl11 204pin 1.35v P\/laptop Kcp3l16sd8\/8\" \/>\n<meta property=\"og:description\" content=\"Compra Kcp3l16sd8\/8,740617253757 Memoria Propietaria Sodimm Ddr3l 8gb 1600mt\/s Cl11 204pin 1.35v P\/laptop Kcp3l16sd8\/8 + Env\u00edo a domicilio + Pago seguro + Garant\u00eda\" \/>\n<meta property=\"og:url\" content=\"https:\/\/compuviper.mx\/tienda\/producto\/kingston-kcp3l16sd8-8740617253757-memoria-propietaria-sodimm-ddr3l-8gb-1600mt-s-cl11-204pin-1-35v-p-laptop-kcp3l16sd8-8\/\" \/>\n<meta property=\"og:site_name\" content=\"Compuviper\" \/>\n<meta property=\"article:publisher\" content=\"https:\/\/www.facebook.com\/compuviper\" \/>\n<meta property=\"article:modified_time\" content=\"2026-04-07T07:40:26+00:00\" \/>\n<meta property=\"og:image\" content=\"https:\/\/compuviper.mx\/tienda\/wp-content\/uploads\/2025\/12\/Memoria-propietaria-kingston-sodimm-ddr3l-8gb-1600mts-cl11-204pin-1.35v-plaptop-kcp3l16sd88.jpg\" \/>\n\t<meta property=\"og:image:width\" content=\"200\" \/>\n\t<meta property=\"og:image:height\" content=\"200\" \/>\n\t<meta property=\"og:image:type\" content=\"image\/jpeg\" \/>\n<meta name=\"twitter:card\" content=\"summary_large_image\" \/>\n<meta name=\"twitter:label1\" content=\"Precio\" \/>\n\t<meta name=\"twitter:data1\" content=\"&#36;1,623 con IVA\" \/>\n\t<meta name=\"twitter:label2\" content=\"Availability\" \/>\n\t<meta name=\"twitter:data2\" content=\"In stock\" \/>\n<script type=\"application\/ld+json\" class=\"yoast-schema-graph\">{\"@context\":\"https:\/\/schema.org\",\"@graph\":[{\"@type\":\"WebPage\",\"@id\":\"https:\/\/compuviper.mx\/tienda\/producto\/kingston-kcp3l16sd8-8740617253757-memoria-propietaria-sodimm-ddr3l-8gb-1600mt-s-cl11-204pin-1-35v-p-laptop-kcp3l16sd8-8\/\",\"url\":\"https:\/\/compuviper.mx\/tienda\/producto\/kingston-kcp3l16sd8-8740617253757-memoria-propietaria-sodimm-ddr3l-8gb-1600mt-s-cl11-204pin-1-35v-p-laptop-kcp3l16sd8-8\/\",\"name\":\"[ Kingston ] &#129351; Kcp3l16sd8\/8,740617253757 Memoria Propietaria Sodimm Ddr3l 8gb 1600mt\/s Cl11 204pin 1.35v P\/laptop Kcp3l16sd8\/8\",\"isPartOf\":{\"@id\":\"https:\/\/compuviper.mx\/tienda\/#website\"},\"datePublished\":\"2026-04-07T07:40:25+00:00\",\"dateModified\":\"2026-04-07T07:40:26+00:00\",\"description\":\"Compra Kcp3l16sd8\/8,740617253757 Memoria Propietaria Sodimm Ddr3l 8gb 1600mt\/s Cl11 204pin 1.35v P\/laptop Kcp3l16sd8\/8 + Env\u00edo a domicilio + Pago seguro + Garant\u00eda\",\"breadcrumb\":{\"@id\":\"https:\/\/compuviper.mx\/tienda\/producto\/kingston-kcp3l16sd8-8740617253757-memoria-propietaria-sodimm-ddr3l-8gb-1600mt-s-cl11-204pin-1-35v-p-laptop-kcp3l16sd8-8\/#breadcrumb\"},\"inLanguage\":\"es-MX\",\"potentialAction\":[{\"@type\":\"ReadAction\",\"target\":[\"https:\/\/compuviper.mx\/tienda\/producto\/kingston-kcp3l16sd8-8740617253757-memoria-propietaria-sodimm-ddr3l-8gb-1600mt-s-cl11-204pin-1-35v-p-laptop-kcp3l16sd8-8\/\"]}]},{\"@type\":\"BreadcrumbList\",\"@id\":\"https:\/\/compuviper.mx\/tienda\/producto\/kingston-kcp3l16sd8-8740617253757-memoria-propietaria-sodimm-ddr3l-8gb-1600mt-s-cl11-204pin-1-35v-p-laptop-kcp3l16sd8-8\/#breadcrumb\",\"itemListElement\":[{\"@type\":\"ListItem\",\"position\":1,\"name\":\"Inicio\",\"item\":\"https:\/\/compuviper.mx\/tienda\/\"},{\"@type\":\"ListItem\",\"position\":2,\"name\":\"Productos\",\"item\":\"https:\/\/compuviper.mx\/tienda\/productos\/\"},{\"@type\":\"ListItem\",\"position\":3,\"name\":\"Memorias\",\"item\":\"https:\/\/compuviper.mx\/tienda\/categoria-producto\/memorias\/\"},{\"@type\":\"ListItem\",\"position\":4,\"name\":\"Memoria Propietaria\",\"item\":\"https:\/\/compuviper.mx\/tienda\/categoria-producto\/memorias\/memoria-propietaria\/\"},{\"@type\":\"ListItem\",\"position\":5,\"name\":\"Kingston Kcp3l16sd8\/8,740617253757 Memoria Propietaria Sodimm Ddr3l 8gb 1600mt\/s Cl11 204pin 1.35v P\/laptop Kcp3l16sd8\/8\"}]},{\"@type\":\"WebSite\",\"@id\":\"https:\/\/compuviper.mx\/tienda\/#website\",\"url\":\"https:\/\/compuviper.mx\/tienda\/\",\"name\":\"Compuviper\",\"description\":\"Proveedor de Computadoras, Laptops, Servidores, Monitores, Puntos de Venta, Teclados,   Impresoras, T\u00f3ner, C\u00e1maras de Seguridad y m\u00e1s en tu tienda en l\u00ednea\",\"publisher\":{\"@id\":\"https:\/\/compuviper.mx\/tienda\/#organization\"},\"potentialAction\":[{\"@type\":\"SearchAction\",\"target\":{\"@type\":\"EntryPoint\",\"urlTemplate\":\"https:\/\/compuviper.mx\/tienda\/?s={search_term_string}\"},\"query-input\":\"required name=search_term_string\"}],\"inLanguage\":\"es-MX\"},{\"@type\":\"Organization\",\"@id\":\"https:\/\/compuviper.mx\/tienda\/#organization\",\"name\":\"Compuviper\",\"url\":\"https:\/\/compuviper.mx\/tienda\/\",\"logo\":{\"@type\":\"ImageObject\",\"inLanguage\":\"es-MX\",\"@id\":\"https:\/\/compuviper.mx\/tienda\/#\/schema\/logo\/image\/\",\"url\":\"https:\/\/compuviper.mx\/tienda\/wp-content\/uploads\/2021\/08\/Logo-Compuviper-10.png\",\"contentUrl\":\"https:\/\/compuviper.mx\/tienda\/wp-content\/uploads\/2021\/08\/Logo-Compuviper-10.png\",\"width\":1000,\"height\":500,\"caption\":\"Compuviper\"},\"image\":{\"@id\":\"https:\/\/compuviper.mx\/tienda\/#\/schema\/logo\/image\/\"},\"sameAs\":[\"https:\/\/www.facebook.com\/compuviper\",\"https:\/\/www.youtube.com\/channel\/UCf73dERp9Y3cfOq7q8BhLjA?view_as=subscriber\"]}]}<\/script>\n<meta property=\"product:brand\" content=\"KINGSTON\" \/>\n<meta property=\"product:price:amount\" content=\"1623\" \/>\n<meta property=\"product:price:currency\" content=\"MXN\" \/>\n<meta property=\"og:availability\" content=\"instock\" \/>\n<meta property=\"product:availability\" content=\"instock\" \/>\n<meta property=\"product:retailer_item_id\" content=\"KCP3L16SD8\/8,740617253757\" \/>\n<meta property=\"product:condition\" content=\"new\" \/>\n<!-- \/ Yoast SEO plugin. -->","yoast_head_json":{"title":"[ Kingston ] &#129351; Kcp3l16sd8\/8,740617253757 Memoria Propietaria Sodimm Ddr3l 8gb 1600mt\/s Cl11 204pin 1.35v P\/laptop Kcp3l16sd8\/8","description":"Compra Kcp3l16sd8\/8,740617253757 Memoria Propietaria Sodimm Ddr3l 8gb 1600mt\/s Cl11 204pin 1.35v P\/laptop Kcp3l16sd8\/8 + Env\u00edo a domicilio + Pago seguro + Garant\u00eda","robots":{"index":"index","follow":"follow","max-snippet":"max-snippet:-1","max-image-preview":"max-image-preview:large","max-video-preview":"max-video-preview:-1"},"canonical":"https:\/\/compuviper.mx\/tienda\/producto\/kingston-kcp3l16sd8-8740617253757-memoria-propietaria-sodimm-ddr3l-8gb-1600mt-s-cl11-204pin-1-35v-p-laptop-kcp3l16sd8-8\/","og_locale":"es_MX","og_type":"article","og_title":"[ Kingston ] &#129351; Kcp3l16sd8\/8,740617253757 Memoria Propietaria Sodimm Ddr3l 8gb 1600mt\/s Cl11 204pin 1.35v P\/laptop Kcp3l16sd8\/8","og_description":"Compra Kcp3l16sd8\/8,740617253757 Memoria Propietaria Sodimm Ddr3l 8gb 1600mt\/s Cl11 204pin 1.35v P\/laptop Kcp3l16sd8\/8 + Env\u00edo a domicilio + Pago seguro + Garant\u00eda","og_url":"https:\/\/compuviper.mx\/tienda\/producto\/kingston-kcp3l16sd8-8740617253757-memoria-propietaria-sodimm-ddr3l-8gb-1600mt-s-cl11-204pin-1-35v-p-laptop-kcp3l16sd8-8\/","og_site_name":"Compuviper","article_publisher":"https:\/\/www.facebook.com\/compuviper","article_modified_time":"2026-04-07T07:40:26+00:00","og_image":[{"width":200,"height":200,"url":"https:\/\/compuviper.mx\/tienda\/wp-content\/uploads\/2025\/12\/Memoria-propietaria-kingston-sodimm-ddr3l-8gb-1600mts-cl11-204pin-1.35v-plaptop-kcp3l16sd88.jpg","type":"image\/jpeg"}],"twitter_card":"summary_large_image","twitter_misc":{"Precio":"&#36;1,623 con IVA","Availability":"In stock"},"schema":{"@context":"https:\/\/schema.org","@graph":[{"@type":"WebPage","@id":"https:\/\/compuviper.mx\/tienda\/producto\/kingston-kcp3l16sd8-8740617253757-memoria-propietaria-sodimm-ddr3l-8gb-1600mt-s-cl11-204pin-1-35v-p-laptop-kcp3l16sd8-8\/","url":"https:\/\/compuviper.mx\/tienda\/producto\/kingston-kcp3l16sd8-8740617253757-memoria-propietaria-sodimm-ddr3l-8gb-1600mt-s-cl11-204pin-1-35v-p-laptop-kcp3l16sd8-8\/","name":"[ Kingston ] &#129351; Kcp3l16sd8\/8,740617253757 Memoria Propietaria Sodimm Ddr3l 8gb 1600mt\/s Cl11 204pin 1.35v P\/laptop Kcp3l16sd8\/8","isPartOf":{"@id":"https:\/\/compuviper.mx\/tienda\/#website"},"datePublished":"2026-04-07T07:40:25+00:00","dateModified":"2026-04-07T07:40:26+00:00","description":"Compra Kcp3l16sd8\/8,740617253757 Memoria Propietaria Sodimm Ddr3l 8gb 1600mt\/s Cl11 204pin 1.35v P\/laptop Kcp3l16sd8\/8 + Env\u00edo a domicilio + Pago seguro + Garant\u00eda","breadcrumb":{"@id":"https:\/\/compuviper.mx\/tienda\/producto\/kingston-kcp3l16sd8-8740617253757-memoria-propietaria-sodimm-ddr3l-8gb-1600mt-s-cl11-204pin-1-35v-p-laptop-kcp3l16sd8-8\/#breadcrumb"},"inLanguage":"es-MX","potentialAction":[{"@type":"ReadAction","target":["https:\/\/compuviper.mx\/tienda\/producto\/kingston-kcp3l16sd8-8740617253757-memoria-propietaria-sodimm-ddr3l-8gb-1600mt-s-cl11-204pin-1-35v-p-laptop-kcp3l16sd8-8\/"]}]},{"@type":"BreadcrumbList","@id":"https:\/\/compuviper.mx\/tienda\/producto\/kingston-kcp3l16sd8-8740617253757-memoria-propietaria-sodimm-ddr3l-8gb-1600mt-s-cl11-204pin-1-35v-p-laptop-kcp3l16sd8-8\/#breadcrumb","itemListElement":[{"@type":"ListItem","position":1,"name":"Inicio","item":"https:\/\/compuviper.mx\/tienda\/"},{"@type":"ListItem","position":2,"name":"Productos","item":"https:\/\/compuviper.mx\/tienda\/productos\/"},{"@type":"ListItem","position":3,"name":"Memorias","item":"https:\/\/compuviper.mx\/tienda\/categoria-producto\/memorias\/"},{"@type":"ListItem","position":4,"name":"Memoria Propietaria","item":"https:\/\/compuviper.mx\/tienda\/categoria-producto\/memorias\/memoria-propietaria\/"},{"@type":"ListItem","position":5,"name":"Kingston Kcp3l16sd8\/8,740617253757 Memoria Propietaria Sodimm Ddr3l 8gb 1600mt\/s Cl11 204pin 1.35v P\/laptop Kcp3l16sd8\/8"}]},{"@type":"WebSite","@id":"https:\/\/compuviper.mx\/tienda\/#website","url":"https:\/\/compuviper.mx\/tienda\/","name":"Compuviper","description":"Proveedor de Computadoras, Laptops, Servidores, Monitores, Puntos de Venta, Teclados,   Impresoras, T\u00f3ner, C\u00e1maras de Seguridad y m\u00e1s en tu tienda en l\u00ednea","publisher":{"@id":"https:\/\/compuviper.mx\/tienda\/#organization"},"potentialAction":[{"@type":"SearchAction","target":{"@type":"EntryPoint","urlTemplate":"https:\/\/compuviper.mx\/tienda\/?s={search_term_string}"},"query-input":"required name=search_term_string"}],"inLanguage":"es-MX"},{"@type":"Organization","@id":"https:\/\/compuviper.mx\/tienda\/#organization","name":"Compuviper","url":"https:\/\/compuviper.mx\/tienda\/","logo":{"@type":"ImageObject","inLanguage":"es-MX","@id":"https:\/\/compuviper.mx\/tienda\/#\/schema\/logo\/image\/","url":"https:\/\/compuviper.mx\/tienda\/wp-content\/uploads\/2021\/08\/Logo-Compuviper-10.png","contentUrl":"https:\/\/compuviper.mx\/tienda\/wp-content\/uploads\/2021\/08\/Logo-Compuviper-10.png","width":1000,"height":500,"caption":"Compuviper"},"image":{"@id":"https:\/\/compuviper.mx\/tienda\/#\/schema\/logo\/image\/"},"sameAs":["https:\/\/www.facebook.com\/compuviper","https:\/\/www.youtube.com\/channel\/UCf73dERp9Y3cfOq7q8BhLjA?view_as=subscriber"]}]},"product_brand":"KINGSTON","product_price_amount":"1623","product_price_currency":"MXN","og_availability":"instock","product_availability":"instock","product_retailer_item_id":"KCP3L16SD8\/8,740617253757","product_condition":"new"},"_links":{"self":[{"href":"https:\/\/compuviper.mx\/tienda\/wp-json\/wp\/v2\/product\/264746"}],"collection":[{"href":"https:\/\/compuviper.mx\/tienda\/wp-json\/wp\/v2\/product"}],"about":[{"href":"https:\/\/compuviper.mx\/tienda\/wp-json\/wp\/v2\/types\/product"}],"replies":[{"embeddable":true,"href":"https:\/\/compuviper.mx\/tienda\/wp-json\/wp\/v2\/comments?post=264746"}],"wp:featuredmedia":[{"embeddable":true,"href":"https:\/\/compuviper.mx\/tienda\/wp-json\/wp\/v2\/media\/264747"}],"wp:attachment":[{"href":"https:\/\/compuviper.mx\/tienda\/wp-json\/wp\/v2\/media?parent=264746"}],"wp:term":[{"taxonomy":"product_cat","embeddable":true,"href":"https:\/\/compuviper.mx\/tienda\/wp-json\/wp\/v2\/product_cat?post=264746"},{"taxonomy":"product_tag","embeddable":true,"href":"https:\/\/compuviper.mx\/tienda\/wp-json\/wp\/v2\/product_tag?post=264746"}],"curies":[{"name":"wp","href":"https:\/\/api.w.org\/{rel}","templated":true}]}}