{"id":264734,"date":"2026-04-02T00:55:11","date_gmt":"2026-04-02T06:55:11","guid":{"rendered":"https:\/\/compuviper.mx\/tienda\/producto\/viewsonic-vg2741v-monitor-led-27-pulgadas-full-hd-1920x1080p-camara-integrada-hdmi-display-port-panel-ips-120-hz-4-ms-3-aos-de-garantia\/"},"modified":"2026-04-02T00:55:12","modified_gmt":"2026-04-02T06:55:12","slug":"viewsonic-vg2741v-monitor-led-27-pulgadas-full-hd-1920x1080p-camara-integrada-hdmi-display-port-panel-ips-120-hz-4-ms-3-aos-de-garantia","status":"publish","type":"product","link":"https:\/\/compuviper.mx\/tienda\/producto\/viewsonic-vg2741v-monitor-led-27-pulgadas-full-hd-1920x1080p-camara-integrada-hdmi-display-port-panel-ips-120-hz-4-ms-3-aos-de-garantia\/","title":{"rendered":"Viewsonic Vg2741v Monitor Led  27 Pulgadas \/ Full Hd 1920x1080p\/ Camara Integrada\/ Hdmi\/ Display Port\/ Panel Ips\/ 120 Hz\/ 4 Ms\/ 3 A?os De Garantia"},"content":{"rendered":"<table class=\"descripcion\">\n<tr>\n<td>Screen size: 27<\/td>\n<\/tr>\n<tr>\n<td>Viewable area (in.): 27<\/td>\n<\/tr>\n<tr>\n<td>Colors: 16.7m<\/td>\n<\/tr>\n<tr>\n<td>Color space support: 6 bit + frc<\/td>\n<\/tr>\n<tr>\n<td>Viewing angles: 178\u00ba horizontal, 178\u00ba vertical<\/td>\n<\/tr>\n<tr>\n<td>Backlight life (hours): 30,000<\/td>\n<\/tr>\n<tr>\n<td>Display resolution: full hd (1920&#215;1080)<\/td>\n<\/tr>\n<tr>\n<td>Display resolution: 1920 x 1080<\/td>\n<\/tr>\n<tr>\n<td>Response time (typical gtg): 4ms<\/td>\n<\/tr>\n<tr>\n<td>Dynamic contrast ratio: 50,000,000:1<\/td>\n<\/tr>\n<tr>\n<td>Aspect ratio: 16:9<\/td>\n<\/tr>\n<tr>\n<td>Panel surface: anti-glare type, hard-coating (3h), haze 25%<\/td>\n<\/tr>\n<tr>\n<td>Light source: led<\/td>\n<\/tr>\n<tr>\n<td>Brightness: 250 cd\/m2<\/td>\n<\/tr>\n<tr>\n<td>Static contrast ratio: 1,500:1<\/td>\n<\/tr>\n<tr>\n<td>Panel type: ips<\/td>\n<\/tr>\n<tr>\n<td>Refresh rate: 120hz<\/td>\n<\/tr>\n<tr>\n<td>Pc resolution (max): 1920 x 1080<\/td>\n<\/tr>\n<tr>\n<td>Mac\u00ae resolution (max): 1920 x 1080<\/td>\n<\/tr>\n<tr>\n<td>Usb type a: 2<\/td>\n<\/tr>\n<tr>\n<td>Usb type c: 2<\/td>\n<\/tr>\n<tr>\n<td>3.5mm audio out: 1<\/td>\n<\/tr>\n<tr>\n<td>Hdmi 1.4 in: 1<\/td>\n<\/tr>\n<tr>\n<td>Displayport: 1<\/td>\n<\/tr>\n<tr>\n<td>Internal speakers: 2w (x2)<\/td>\n<\/tr>\n<tr>\n<td>Eco mode (conserve): 16<\/td>\n<\/tr>\n<tr>\n<td>Eco mode (optimized): 20<\/td>\n<\/tr>\n<tr>\n<td>Consumption (typical): 24<\/td>\n<\/tr>\n<tr>\n<td>Consumption (max): 72<\/td>\n<\/tr>\n<tr>\n<td>Voltage: ac 100-240v (universal), 50-60hz<\/td>\n<\/tr>\n<tr>\n<td>Stand-by: 0.5<\/td>\n<\/tr>\n<tr>\n<td>Power supply: internal<\/td>\n<\/tr>\n<tr>\n<td>Cable organization: yes<\/td>\n<\/tr>\n<tr>\n<td>Kensington lock slot: 1<\/td>\n<\/tr>\n<tr>\n<td>Webcam: 5mp<\/td>\n<\/tr>\n<tr>\n<td>Physical controls: key 1 (volume down), key 2, key 3, key 4, key 5, key 6 (power)<\/td>\n<\/tr>\n<tr>\n<td>On screen display: input select, audio\/mic adjust, viewmode, color adjust, manual image adjust, setup menu<\/td>\n<\/tr>\n<tr>\n<td>Temperature: 32-104\u00ba f (0 &#8211; 40\u00ba c)<\/td>\n<\/tr>\n<tr>\n<td>Humidity (non-condensing): 20-90%<\/td>\n<\/tr>\n<tr>\n<td>Vesa compatible: 100 x 100 mm<\/td>\n<\/tr>\n<tr>\n<td>Frequency horizontal: 30 ~ 135 khz<\/td>\n<\/tr>\n<tr>\n<td>Frequency vertical: 48 ~ 120 hz<\/td>\n<\/tr>\n<tr>\n<td>Height adjust: 150 mm \/ 5.9 in<\/td>\n<\/tr>\n<tr>\n<td>Swivel: 90\u00ba<\/td>\n<\/tr>\n<tr>\n<td>Pivot (right\/left): 90\u00ba \/ 90\u00ba<\/td>\n<\/tr>\n<tr>\n<td>Tilt (forward\/back): 5\u00ba \/ 20\u00ba<\/td>\n<\/tr>\n<tr>\n<td>Regulations: ctuvus, fcc-b, ices003, energy star, epeat, cec, nom, mexico energy<\/td>\n<\/tr>\n<tr>\n<td>Net (lbs): 11.7<\/td>\n<\/tr>\n<tr>\n<td>Net without stand (lbs): 8.2<\/td>\n<\/tr>\n<tr>\n<td>Gross (lbs): 17.9<\/td>\n<\/tr>\n<tr>\n<td>Net (kg): 5.3<\/td>\n<\/tr>\n<tr>\n<td>Net without stand (kg): 3.7<\/td>\n<\/tr>\n<tr>\n<td>Gross (kg): 8.1<\/td>\n<\/tr>\n<tr>\n<td>Packaging (in.): 27.6 x 20.7 x 4.9<\/td>\n<\/tr>\n<tr>\n<td>Physical (in.): 24.1 x 15.74 ~ 21.65 x 8.11<\/td>\n<\/tr>\n<tr>\n<td>Physical without stand (in.): 24.1 x 15.25 x 2.33<\/td>\n<\/tr>\n<tr>\n<td>Packaging (mm): 700 x 525 x 125<\/td>\n<\/tr>\n<tr>\n<td>Physical (mm): 611.8 x 399.9 ~ 549.9 x 206.1<\/td>\n<\/tr>\n<tr>\n<td>Physical without stand (mm): 611.8 x 387.3 x 59.2<\/td>\n<\/tr>\n<tr>\n<td>Package contents: vg2741v x1, 3-pin plug x1, hdmi cable (v1.4; male-male) x1, usb type-c cable (male-male; with type-a adapter) x1, quick start guide x1<\/td>\n<\/tr>\n<\/table>\n","protected":false},"excerpt":{"rendered":"<p>Actualice su espacio de trabajo con el viewsonic vg2741v, un monitor dise\u00f1ado para la colaboracion moderna. Esta pantalla fhd de 27 cuenta con una camara de 5 mp, microfono y altavoces integrados para garantizar una imagen y un sonido optimos en cada llamada. Inicie sesion de forma segura e instantanea con windows hello y la camara integrada. Un angulo ajustable de 5 grados y un obturador de privacidad le brindan control total sobre su presencia en video. Disfrute de imagenes vibrantes con la tecnologia superclear ips y trabaje con comodidad todo el dia gracias a su soporte ergonomico. El vg2741v ofrece conectividad flexible para cualquier configuracion, incluyendo hdmi, displayport, usb-c y un concentrador usb integrado. *el puerto usb-c solo admite video, audio y datos.<\/p>\n","protected":false},"featured_media":0,"comment_status":"open","ping_status":"open","template":"","meta":[],"product_cat":[1741,1740],"product_tag":[1862],"acf":[],"yoast_head":"<!-- This site is optimized with the Yoast SEO plugin v21.7 - https:\/\/yoast.com\/wordpress\/plugins\/seo\/ -->\n<title>[ Viewsonic ] &#129351; Vg2741v Monitor Led 27 Pulgadas \/ Full Hd 1920x1080p\/ Camara Integrada\/ Hdmi\/ Display Port\/ Panel Ips\/ 120 Hz\/ 4 Ms\/ 3 A\u00f1os De Garantia<\/title>\n<meta name=\"description\" content=\"Compra Vg2741v Monitor Led 27 Pulgadas \/ Full Hd 1920x1080p\/ Camara Integrada\/ Hdmi\/ Display Port\/ Panel Ips\/ 120 Hz\/ 4 Ms\/ 3 A\u00f1os De Garantia + Env\u00edo a domicilio + Pago seguro + Garant\u00eda\" \/>\n<meta name=\"robots\" content=\"index, follow, max-snippet:-1, max-image-preview:large, max-video-preview:-1\" \/>\n<link rel=\"canonical\" href=\"https:\/\/compuviper.mx\/tienda\/producto\/viewsonic-vg2741v-monitor-led-27-pulgadas-full-hd-1920x1080p-camara-integrada-hdmi-display-port-panel-ips-120-hz-4-ms-3-aos-de-garantia\/\" \/>\n<meta property=\"og:locale\" content=\"es_MX\" \/>\n<meta property=\"og:type\" content=\"article\" \/>\n<meta property=\"og:title\" content=\"[ Viewsonic ] &#129351; Vg2741v Monitor Led 27 Pulgadas \/ Full Hd 1920x1080p\/ Camara Integrada\/ Hdmi\/ Display Port\/ Panel Ips\/ 120 Hz\/ 4 Ms\/ 3 A\u00f1os De Garantia\" \/>\n<meta property=\"og:description\" content=\"Compra Vg2741v Monitor Led 27 Pulgadas \/ Full Hd 1920x1080p\/ Camara Integrada\/ Hdmi\/ Display Port\/ Panel Ips\/ 120 Hz\/ 4 Ms\/ 3 A\u00f1os De Garantia + Env\u00edo a domicilio + Pago seguro + Garant\u00eda\" \/>\n<meta property=\"og:url\" content=\"https:\/\/compuviper.mx\/tienda\/producto\/viewsonic-vg2741v-monitor-led-27-pulgadas-full-hd-1920x1080p-camara-integrada-hdmi-display-port-panel-ips-120-hz-4-ms-3-aos-de-garantia\/\" \/>\n<meta property=\"og:site_name\" content=\"Compuviper\" \/>\n<meta property=\"article:publisher\" content=\"https:\/\/www.facebook.com\/compuviper\" \/>\n<meta property=\"article:modified_time\" content=\"2026-04-02T06:55:12+00:00\" \/>\n<meta name=\"twitter:card\" content=\"summary_large_image\" \/>\n<meta name=\"twitter:label1\" content=\"Precio\" \/>\n\t<meta name=\"twitter:data1\" content=\"&#36;4,492 con IVA\" \/>\n\t<meta name=\"twitter:label2\" content=\"Availability\" \/>\n\t<meta name=\"twitter:data2\" content=\"Out of stock\" \/>\n<script type=\"application\/ld+json\" class=\"yoast-schema-graph\">{\"@context\":\"https:\/\/schema.org\",\"@graph\":[{\"@type\":\"WebPage\",\"@id\":\"https:\/\/compuviper.mx\/tienda\/producto\/viewsonic-vg2741v-monitor-led-27-pulgadas-full-hd-1920x1080p-camara-integrada-hdmi-display-port-panel-ips-120-hz-4-ms-3-aos-de-garantia\/\",\"url\":\"https:\/\/compuviper.mx\/tienda\/producto\/viewsonic-vg2741v-monitor-led-27-pulgadas-full-hd-1920x1080p-camara-integrada-hdmi-display-port-panel-ips-120-hz-4-ms-3-aos-de-garantia\/\",\"name\":\"[ Viewsonic ] &#129351; Vg2741v Monitor Led 27 Pulgadas \/ Full Hd 1920x1080p\/ Camara Integrada\/ Hdmi\/ Display Port\/ Panel Ips\/ 120 Hz\/ 4 Ms\/ 3 A\u00f1os De Garantia\",\"isPartOf\":{\"@id\":\"https:\/\/compuviper.mx\/tienda\/#website\"},\"datePublished\":\"2026-04-02T06:55:11+00:00\",\"dateModified\":\"2026-04-02T06:55:12+00:00\",\"description\":\"Compra Vg2741v Monitor Led 27 Pulgadas \/ Full Hd 1920x1080p\/ Camara Integrada\/ Hdmi\/ Display Port\/ Panel Ips\/ 120 Hz\/ 4 Ms\/ 3 A\u00f1os De Garantia + Env\u00edo a domicilio + Pago seguro + Garant\u00eda\",\"breadcrumb\":{\"@id\":\"https:\/\/compuviper.mx\/tienda\/producto\/viewsonic-vg2741v-monitor-led-27-pulgadas-full-hd-1920x1080p-camara-integrada-hdmi-display-port-panel-ips-120-hz-4-ms-3-aos-de-garantia\/#breadcrumb\"},\"inLanguage\":\"es-MX\",\"potentialAction\":[{\"@type\":\"ReadAction\",\"target\":[\"https:\/\/compuviper.mx\/tienda\/producto\/viewsonic-vg2741v-monitor-led-27-pulgadas-full-hd-1920x1080p-camara-integrada-hdmi-display-port-panel-ips-120-hz-4-ms-3-aos-de-garantia\/\"]}]},{\"@type\":\"BreadcrumbList\",\"@id\":\"https:\/\/compuviper.mx\/tienda\/producto\/viewsonic-vg2741v-monitor-led-27-pulgadas-full-hd-1920x1080p-camara-integrada-hdmi-display-port-panel-ips-120-hz-4-ms-3-aos-de-garantia\/#breadcrumb\",\"itemListElement\":[{\"@type\":\"ListItem\",\"position\":1,\"name\":\"Inicio\",\"item\":\"https:\/\/compuviper.mx\/tienda\/\"},{\"@type\":\"ListItem\",\"position\":2,\"name\":\"Productos\",\"item\":\"https:\/\/compuviper.mx\/tienda\/productos\/\"},{\"@type\":\"ListItem\",\"position\":3,\"name\":\"Monitores\",\"item\":\"https:\/\/compuviper.mx\/tienda\/categoria-producto\/monitores\/\"},{\"@type\":\"ListItem\",\"position\":4,\"name\":\"Led\",\"item\":\"https:\/\/compuviper.mx\/tienda\/categoria-producto\/monitores\/led\/\"},{\"@type\":\"ListItem\",\"position\":5,\"name\":\"Viewsonic Vg2741v Monitor Led 27 Pulgadas \/ Full Hd 1920x1080p\/ Camara Integrada\/ Hdmi\/ Display Port\/ Panel Ips\/ 120 Hz\/ 4 Ms\/ 3 A?os De Garantia\"}]},{\"@type\":\"WebSite\",\"@id\":\"https:\/\/compuviper.mx\/tienda\/#website\",\"url\":\"https:\/\/compuviper.mx\/tienda\/\",\"name\":\"Compuviper\",\"description\":\"Proveedor de Computadoras, Laptops, Servidores, Monitores, Puntos de Venta, Teclados,   Impresoras, T\u00f3ner, C\u00e1maras de Seguridad y m\u00e1s en tu tienda en l\u00ednea\",\"publisher\":{\"@id\":\"https:\/\/compuviper.mx\/tienda\/#organization\"},\"potentialAction\":[{\"@type\":\"SearchAction\",\"target\":{\"@type\":\"EntryPoint\",\"urlTemplate\":\"https:\/\/compuviper.mx\/tienda\/?s={search_term_string}\"},\"query-input\":\"required name=search_term_string\"}],\"inLanguage\":\"es-MX\"},{\"@type\":\"Organization\",\"@id\":\"https:\/\/compuviper.mx\/tienda\/#organization\",\"name\":\"Compuviper\",\"url\":\"https:\/\/compuviper.mx\/tienda\/\",\"logo\":{\"@type\":\"ImageObject\",\"inLanguage\":\"es-MX\",\"@id\":\"https:\/\/compuviper.mx\/tienda\/#\/schema\/logo\/image\/\",\"url\":\"https:\/\/compuviper.mx\/tienda\/wp-content\/uploads\/2021\/08\/Logo-Compuviper-10.png\",\"contentUrl\":\"https:\/\/compuviper.mx\/tienda\/wp-content\/uploads\/2021\/08\/Logo-Compuviper-10.png\",\"width\":1000,\"height\":500,\"caption\":\"Compuviper\"},\"image\":{\"@id\":\"https:\/\/compuviper.mx\/tienda\/#\/schema\/logo\/image\/\"},\"sameAs\":[\"https:\/\/www.facebook.com\/compuviper\",\"https:\/\/www.youtube.com\/channel\/UCf73dERp9Y3cfOq7q8BhLjA?view_as=subscriber\"]}]}<\/script>\n<meta property=\"product:brand\" content=\"VIEWSONIC\" \/>\n<meta property=\"product:price:amount\" content=\"4492\" \/>\n<meta property=\"product:price:currency\" content=\"MXN\" \/>\n<meta property=\"og:availability\" content=\"out of stock\" \/>\n<meta property=\"product:availability\" content=\"out of stock\" \/>\n<meta property=\"product:retailer_item_id\" content=\"VG2741V\" \/>\n<meta property=\"product:condition\" content=\"new\" \/>\n<!-- \/ Yoast SEO plugin. -->","yoast_head_json":{"title":"[ Viewsonic ] &#129351; Vg2741v Monitor Led 27 Pulgadas \/ Full Hd 1920x1080p\/ Camara Integrada\/ Hdmi\/ Display Port\/ Panel Ips\/ 120 Hz\/ 4 Ms\/ 3 A\u00f1os De Garantia","description":"Compra Vg2741v Monitor Led 27 Pulgadas \/ Full Hd 1920x1080p\/ Camara Integrada\/ Hdmi\/ Display Port\/ Panel Ips\/ 120 Hz\/ 4 Ms\/ 3 A\u00f1os De Garantia + Env\u00edo a domicilio + Pago seguro + Garant\u00eda","robots":{"index":"index","follow":"follow","max-snippet":"max-snippet:-1","max-image-preview":"max-image-preview:large","max-video-preview":"max-video-preview:-1"},"canonical":"https:\/\/compuviper.mx\/tienda\/producto\/viewsonic-vg2741v-monitor-led-27-pulgadas-full-hd-1920x1080p-camara-integrada-hdmi-display-port-panel-ips-120-hz-4-ms-3-aos-de-garantia\/","og_locale":"es_MX","og_type":"article","og_title":"[ Viewsonic ] &#129351; Vg2741v Monitor Led 27 Pulgadas \/ Full Hd 1920x1080p\/ Camara Integrada\/ Hdmi\/ Display Port\/ Panel Ips\/ 120 Hz\/ 4 Ms\/ 3 A\u00f1os De Garantia","og_description":"Compra Vg2741v Monitor Led 27 Pulgadas \/ Full Hd 1920x1080p\/ Camara Integrada\/ Hdmi\/ Display Port\/ Panel Ips\/ 120 Hz\/ 4 Ms\/ 3 A\u00f1os De Garantia + Env\u00edo a domicilio + Pago seguro + Garant\u00eda","og_url":"https:\/\/compuviper.mx\/tienda\/producto\/viewsonic-vg2741v-monitor-led-27-pulgadas-full-hd-1920x1080p-camara-integrada-hdmi-display-port-panel-ips-120-hz-4-ms-3-aos-de-garantia\/","og_site_name":"Compuviper","article_publisher":"https:\/\/www.facebook.com\/compuviper","article_modified_time":"2026-04-02T06:55:12+00:00","twitter_card":"summary_large_image","twitter_misc":{"Precio":"&#36;4,492 con IVA","Availability":"Out of stock"},"schema":{"@context":"https:\/\/schema.org","@graph":[{"@type":"WebPage","@id":"https:\/\/compuviper.mx\/tienda\/producto\/viewsonic-vg2741v-monitor-led-27-pulgadas-full-hd-1920x1080p-camara-integrada-hdmi-display-port-panel-ips-120-hz-4-ms-3-aos-de-garantia\/","url":"https:\/\/compuviper.mx\/tienda\/producto\/viewsonic-vg2741v-monitor-led-27-pulgadas-full-hd-1920x1080p-camara-integrada-hdmi-display-port-panel-ips-120-hz-4-ms-3-aos-de-garantia\/","name":"[ Viewsonic ] &#129351; Vg2741v Monitor Led 27 Pulgadas \/ Full Hd 1920x1080p\/ Camara Integrada\/ Hdmi\/ Display Port\/ Panel Ips\/ 120 Hz\/ 4 Ms\/ 3 A\u00f1os De Garantia","isPartOf":{"@id":"https:\/\/compuviper.mx\/tienda\/#website"},"datePublished":"2026-04-02T06:55:11+00:00","dateModified":"2026-04-02T06:55:12+00:00","description":"Compra Vg2741v Monitor Led 27 Pulgadas \/ Full Hd 1920x1080p\/ Camara Integrada\/ Hdmi\/ Display Port\/ Panel Ips\/ 120 Hz\/ 4 Ms\/ 3 A\u00f1os De Garantia + Env\u00edo a domicilio + Pago seguro + Garant\u00eda","breadcrumb":{"@id":"https:\/\/compuviper.mx\/tienda\/producto\/viewsonic-vg2741v-monitor-led-27-pulgadas-full-hd-1920x1080p-camara-integrada-hdmi-display-port-panel-ips-120-hz-4-ms-3-aos-de-garantia\/#breadcrumb"},"inLanguage":"es-MX","potentialAction":[{"@type":"ReadAction","target":["https:\/\/compuviper.mx\/tienda\/producto\/viewsonic-vg2741v-monitor-led-27-pulgadas-full-hd-1920x1080p-camara-integrada-hdmi-display-port-panel-ips-120-hz-4-ms-3-aos-de-garantia\/"]}]},{"@type":"BreadcrumbList","@id":"https:\/\/compuviper.mx\/tienda\/producto\/viewsonic-vg2741v-monitor-led-27-pulgadas-full-hd-1920x1080p-camara-integrada-hdmi-display-port-panel-ips-120-hz-4-ms-3-aos-de-garantia\/#breadcrumb","itemListElement":[{"@type":"ListItem","position":1,"name":"Inicio","item":"https:\/\/compuviper.mx\/tienda\/"},{"@type":"ListItem","position":2,"name":"Productos","item":"https:\/\/compuviper.mx\/tienda\/productos\/"},{"@type":"ListItem","position":3,"name":"Monitores","item":"https:\/\/compuviper.mx\/tienda\/categoria-producto\/monitores\/"},{"@type":"ListItem","position":4,"name":"Led","item":"https:\/\/compuviper.mx\/tienda\/categoria-producto\/monitores\/led\/"},{"@type":"ListItem","position":5,"name":"Viewsonic Vg2741v Monitor Led 27 Pulgadas \/ Full Hd 1920x1080p\/ Camara Integrada\/ Hdmi\/ Display Port\/ Panel Ips\/ 120 Hz\/ 4 Ms\/ 3 A?os De Garantia"}]},{"@type":"WebSite","@id":"https:\/\/compuviper.mx\/tienda\/#website","url":"https:\/\/compuviper.mx\/tienda\/","name":"Compuviper","description":"Proveedor de Computadoras, Laptops, Servidores, Monitores, Puntos de Venta, Teclados,   Impresoras, T\u00f3ner, C\u00e1maras de Seguridad y m\u00e1s en tu tienda en l\u00ednea","publisher":{"@id":"https:\/\/compuviper.mx\/tienda\/#organization"},"potentialAction":[{"@type":"SearchAction","target":{"@type":"EntryPoint","urlTemplate":"https:\/\/compuviper.mx\/tienda\/?s={search_term_string}"},"query-input":"required name=search_term_string"}],"inLanguage":"es-MX"},{"@type":"Organization","@id":"https:\/\/compuviper.mx\/tienda\/#organization","name":"Compuviper","url":"https:\/\/compuviper.mx\/tienda\/","logo":{"@type":"ImageObject","inLanguage":"es-MX","@id":"https:\/\/compuviper.mx\/tienda\/#\/schema\/logo\/image\/","url":"https:\/\/compuviper.mx\/tienda\/wp-content\/uploads\/2021\/08\/Logo-Compuviper-10.png","contentUrl":"https:\/\/compuviper.mx\/tienda\/wp-content\/uploads\/2021\/08\/Logo-Compuviper-10.png","width":1000,"height":500,"caption":"Compuviper"},"image":{"@id":"https:\/\/compuviper.mx\/tienda\/#\/schema\/logo\/image\/"},"sameAs":["https:\/\/www.facebook.com\/compuviper","https:\/\/www.youtube.com\/channel\/UCf73dERp9Y3cfOq7q8BhLjA?view_as=subscriber"]}]},"product_brand":"VIEWSONIC","product_price_amount":"4492","product_price_currency":"MXN","og_availability":"out of stock","product_availability":"out of stock","product_retailer_item_id":"VG2741V","product_condition":"new"},"_links":{"self":[{"href":"https:\/\/compuviper.mx\/tienda\/wp-json\/wp\/v2\/product\/264734"}],"collection":[{"href":"https:\/\/compuviper.mx\/tienda\/wp-json\/wp\/v2\/product"}],"about":[{"href":"https:\/\/compuviper.mx\/tienda\/wp-json\/wp\/v2\/types\/product"}],"replies":[{"embeddable":true,"href":"https:\/\/compuviper.mx\/tienda\/wp-json\/wp\/v2\/comments?post=264734"}],"wp:attachment":[{"href":"https:\/\/compuviper.mx\/tienda\/wp-json\/wp\/v2\/media?parent=264734"}],"wp:term":[{"taxonomy":"product_cat","embeddable":true,"href":"https:\/\/compuviper.mx\/tienda\/wp-json\/wp\/v2\/product_cat?post=264734"},{"taxonomy":"product_tag","embeddable":true,"href":"https:\/\/compuviper.mx\/tienda\/wp-json\/wp\/v2\/product_tag?post=264734"}],"curies":[{"name":"wp","href":"https:\/\/api.w.org\/{rel}","templated":true}]}}