{"id":264731,"date":"2026-04-02T00:55:06","date_gmt":"2026-04-02T06:55:06","guid":{"rendered":"https:\/\/compuviper.mx\/tienda\/producto\/viewsonic-va2416c-monitor-led-curvo-24-pulgadas-full-hd-1920x1080p-hdmi-display-port-panel-mva-curvo-1500r-100-hz-1-ms-bocinas-integradas-3-aos-de-garantia\/"},"modified":"2026-04-02T00:55:07","modified_gmt":"2026-04-02T06:55:07","slug":"viewsonic-va2416c-monitor-led-curvo-24-pulgadas-full-hd-1920x1080p-hdmi-display-port-panel-mva-curvo-1500r-100-hz-1-ms-bocinas-integradas-3-aos-de-garantia","status":"publish","type":"product","link":"https:\/\/compuviper.mx\/tienda\/producto\/viewsonic-va2416c-monitor-led-curvo-24-pulgadas-full-hd-1920x1080p-hdmi-display-port-panel-mva-curvo-1500r-100-hz-1-ms-bocinas-integradas-3-aos-de-garantia\/","title":{"rendered":"Viewsonic Va2416c Monitor Led  Curvo 24 Pulgadas \/ Full Hd 1920x1080p \/ Hdmi \/ Display Port\/ Panel Mva\/ Curvo 1500r \/ 100 Hz \/ 1 Ms \/bocinas Integradas\/ 3 A?os De Garantia"},"content":{"rendered":"<table class=\"descripcion\">\n<tr>\n<td>Tama\u00f1o de pantalla: 24<\/td>\n<\/tr>\n<tr>\n<td>\u00e1rea visible (in): 23,6<\/td>\n<\/tr>\n<tr>\n<td>Colores: 16, 7 m<\/td>\n<\/tr>\n<tr>\n<td>Soporte de espacio de color: 8 bits reales<\/td>\n<\/tr>\n<tr>\n<td>Tiempo de respuesta (mprt): 1 ms<\/td>\n<\/tr>\n<tr>\n<td>\u00e1ngulos de visi\u00f3n: 178\u00ba horizontal, 178\u00ba vertical<\/td>\n<\/tr>\n<tr>\n<td>Curvatura: 1500r<\/td>\n<\/tr>\n<tr>\n<td>Resoluci\u00f3n de pantalla: full hd (1920&#215;1080)<\/td>\n<\/tr>\n<tr>\n<td>Resoluci\u00f3n de pantalla: 1920 x 1080<\/td>\n<\/tr>\n<tr>\n<td>Tiempo de respuesta (gtg t\u00edpico): 4 ms<\/td>\n<\/tr>\n<tr>\n<td>Relaci\u00f3n de contraste din\u00e1mico: 50.000.000:1<\/td>\n<\/tr>\n<tr>\n<td>Relaci\u00f3n de aspecto: 16:9<\/td>\n<\/tr>\n<tr>\n<td>Superficie del panel: revestimiento resistente (3h) tipo antirreflejo, bruma 25 %<\/td>\n<\/tr>\n<tr>\n<td>Fuente de luz: led<\/td>\n<\/tr>\n<tr>\n<td>Brillo: 250 cd\/m2<\/td>\n<\/tr>\n<tr>\n<td>Relaci\u00f3n de contraste est\u00e1tico: 3.000:1<\/td>\n<\/tr>\n<tr>\n<td>Tipo de panel: mva<\/td>\n<\/tr>\n<tr>\n<td>Frecuencia de actualizaci\u00f3n: 100hz<\/td>\n<\/tr>\n<tr>\n<td>Resoluci\u00f3n de pc (m\u00e1x.): 1920 x 1080<\/td>\n<\/tr>\n<tr>\n<td>Resoluci\u00f3n de mac\u00ae (m\u00e1x.): 1920 x 1080<\/td>\n<\/tr>\n<tr>\n<td>Salida de audio de 3,5 mm: 1<\/td>\n<\/tr>\n<tr>\n<td>Entrada hdmi 1.4 : 1<\/td>\n<\/tr>\n<tr>\n<td>Displayport: 1<\/td>\n<\/tr>\n<tr>\n<td>Altavoces internos: 2w (x2)<\/td>\n<\/tr>\n<tr>\n<td>Eco mode (conservaci\u00f3n): 16w<\/td>\n<\/tr>\n<tr>\n<td>Eco mode (optimizado): 20w<\/td>\n<\/tr>\n<tr>\n<td>Consumo (t\u00edpico): 23w<\/td>\n<\/tr>\n<tr>\n<td>Consumo (m\u00e1x.): 25w<\/td>\n<\/tr>\n<tr>\n<td>Voltaje: 100-240 vca<\/td>\n<\/tr>\n<tr>\n<td>En espera: 3w<\/td>\n<\/tr>\n<tr>\n<td>Fuente de alimentaci\u00f3n: altavoces<\/td>\n<\/tr>\n<tr>\n<td>Organizaci\u00f3n de cables: no<\/td>\n<\/tr>\n<tr>\n<td>Ranura de bloqueo kensington: 1<\/td>\n<\/tr>\n<tr>\n<td>Controles f\u00edsicos: u, r, d, l, en (alimentaci\u00f3n)<\/td>\n<\/tr>\n<tr>\n<td>On screen display: selecci\u00f3n de entrada, ajuste de audio, viewmode, ajuste de color, ajuste manual de imagen, men\u00fa de configuraci\u00f3n<\/td>\n<\/tr>\n<tr>\n<td>Temperatura: 32-104 \u00baf (0-40 \u00bac)<\/td>\n<\/tr>\n<tr>\n<td>Humedad (sin condensaci\u00f3n): 20-90%<\/td>\n<\/tr>\n<tr>\n<td>Vesa compatible: 100 x 100 mm<\/td>\n<\/tr>\n<tr>\n<td>Frecuencia horizontal: hdmi, displayport: 30 ~ 125 khz<\/td>\n<\/tr>\n<tr>\n<td>Frecuencia vertical: hdmi, displayport: 48 ~ 100 hz<\/td>\n<\/tr>\n<tr>\n<td>Inclinaci\u00f3n (hacia adelante\/hacia atr\u00e1s): 5\u00ba \/ 20\u00ba<\/td>\n<\/tr>\n<tr>\n<td>Regulaciones: ctuvus, fcc-b, ices003, cec, nom, mexico energy, rohs, weee<\/td>\n<\/tr>\n<tr>\n<td>Net (lbs): 6,2<\/td>\n<\/tr>\n<tr>\n<td>Neto sin base incluida (lb): 5,5<\/td>\n<\/tr>\n<tr>\n<td>Bruto (lb): 8,8<\/td>\n<\/tr>\n<tr>\n<td>Net (kg): 2,8<\/td>\n<\/tr>\n<tr>\n<td>Neto sin base (kg): 2,5<\/td>\n<\/tr>\n<tr>\n<td>Bruto (kg): 4,0<\/td>\n<\/tr>\n<tr>\n<td>Empaque (in): 23,8&#215;15,8&#215;5,4<\/td>\n<\/tr>\n<tr>\n<td>Medidas (in): 21,3&#215;16,4&#215;8,2<\/td>\n<\/tr>\n<tr>\n<td>F\u00edsicas sin base incluida (in): 21,3&#215;12,7&#215;2,7<\/td>\n<\/tr>\n<tr>\n<td>Empaque (mm): 605,0&#215;402,0x136,0<\/td>\n<\/tr>\n<tr>\n<td>Medidas (mm): 540,3&#215;415,5&#215;210,0<\/td>\n<\/tr>\n<tr>\n<td>F\u00edsicas sin base incluida (mm): 540,3&#215;322,3&#215;69,7<\/td>\n<\/tr>\n<tr>\n<td>Contenido del paquete: gu\u00eda de inicio r\u00e1pido de va2416c display, hdmi cable, ac\/dc adapter<\/td>\n<\/tr>\n<\/table>\n","protected":false},"excerpt":{"rendered":"<p>Cambie la manera en que percibe el trabajo y el entretenimiento con el monitor viewsonic va2416c. Con una pantalla curva 1500r y una resolucion full hd de 1080p, el va2416c proporciona una mayor claridad y una experiencia de visualizacion mas envolvente. Los ajustes preestablecidos exclusivos viewmode de viewsonic ofrecen un rendimiento de pantalla optimizado para aplicaciones de entretenimiento en el hogar, como mirar peliculas, editar archivos y jugar videogaming. La tecnologia sin parpadeo y un filtro de luz azul ayudan a minimizar la fatiga ocular y mejoran la comodidad visual durante largos periodos delante de la pantalla. Disfrute de opciones de conectividad flexibles con entradas hdmi y displayport<\/p>\n","protected":false},"featured_media":0,"comment_status":"open","ping_status":"open","template":"","meta":[],"product_cat":[1740,1741],"product_tag":[1862],"acf":[],"yoast_head":"<!-- This site is optimized with the Yoast SEO plugin v21.7 - https:\/\/yoast.com\/wordpress\/plugins\/seo\/ -->\n<title>[ Viewsonic ] &#129351; Va2416c Monitor Led Curvo 24 Pulgadas \/ Full Hd 1920x1080p \/ Hdmi \/ Display Port\/ Panel Mva\/ Curvo 1500r \/ 100 Hz \/ 1 Ms \/bocinas Integradas\/ 3 A\u00f1os De Garantia<\/title>\n<meta name=\"description\" content=\"Compra Va2416c Monitor Led Curvo 24 Pulgadas \/ Full Hd 1920x1080p \/ Hdmi \/ Display Port\/ Panel Mva\/ Curvo 1500r \/ 100 Hz \/ 1 Ms \/bocinas Integradas\/ 3 A\u00f1os De Garantia + Env\u00edo a domicilio + Pago seguro + Garant\u00eda\" \/>\n<meta name=\"robots\" content=\"index, follow, max-snippet:-1, max-image-preview:large, max-video-preview:-1\" \/>\n<link rel=\"canonical\" href=\"https:\/\/compuviper.mx\/tienda\/producto\/viewsonic-va2416c-monitor-led-curvo-24-pulgadas-full-hd-1920x1080p-hdmi-display-port-panel-mva-curvo-1500r-100-hz-1-ms-bocinas-integradas-3-aos-de-garantia\/\" \/>\n<meta property=\"og:locale\" content=\"es_MX\" \/>\n<meta property=\"og:type\" content=\"article\" \/>\n<meta property=\"og:title\" content=\"[ Viewsonic ] &#129351; Va2416c Monitor Led Curvo 24 Pulgadas \/ Full Hd 1920x1080p \/ Hdmi \/ Display Port\/ Panel Mva\/ Curvo 1500r \/ 100 Hz \/ 1 Ms \/bocinas Integradas\/ 3 A\u00f1os De Garantia\" \/>\n<meta property=\"og:description\" content=\"Compra Va2416c Monitor Led Curvo 24 Pulgadas \/ Full Hd 1920x1080p \/ Hdmi \/ Display Port\/ Panel Mva\/ Curvo 1500r \/ 100 Hz \/ 1 Ms \/bocinas Integradas\/ 3 A\u00f1os De Garantia + Env\u00edo a domicilio + Pago seguro + Garant\u00eda\" \/>\n<meta property=\"og:url\" content=\"https:\/\/compuviper.mx\/tienda\/producto\/viewsonic-va2416c-monitor-led-curvo-24-pulgadas-full-hd-1920x1080p-hdmi-display-port-panel-mva-curvo-1500r-100-hz-1-ms-bocinas-integradas-3-aos-de-garantia\/\" \/>\n<meta property=\"og:site_name\" content=\"Compuviper\" \/>\n<meta property=\"article:publisher\" content=\"https:\/\/www.facebook.com\/compuviper\" \/>\n<meta property=\"article:modified_time\" content=\"2026-04-02T06:55:07+00:00\" \/>\n<meta name=\"twitter:card\" content=\"summary_large_image\" \/>\n<meta name=\"twitter:label1\" content=\"Precio\" \/>\n\t<meta name=\"twitter:data1\" content=\"&#36;1,972 con IVA\" \/>\n\t<meta name=\"twitter:label2\" content=\"Availability\" \/>\n\t<meta name=\"twitter:data2\" content=\"Out of stock\" \/>\n<script type=\"application\/ld+json\" class=\"yoast-schema-graph\">{\"@context\":\"https:\/\/schema.org\",\"@graph\":[{\"@type\":\"WebPage\",\"@id\":\"https:\/\/compuviper.mx\/tienda\/producto\/viewsonic-va2416c-monitor-led-curvo-24-pulgadas-full-hd-1920x1080p-hdmi-display-port-panel-mva-curvo-1500r-100-hz-1-ms-bocinas-integradas-3-aos-de-garantia\/\",\"url\":\"https:\/\/compuviper.mx\/tienda\/producto\/viewsonic-va2416c-monitor-led-curvo-24-pulgadas-full-hd-1920x1080p-hdmi-display-port-panel-mva-curvo-1500r-100-hz-1-ms-bocinas-integradas-3-aos-de-garantia\/\",\"name\":\"[ Viewsonic ] &#129351; Va2416c Monitor Led Curvo 24 Pulgadas \/ Full Hd 1920x1080p \/ Hdmi \/ Display Port\/ Panel Mva\/ Curvo 1500r \/ 100 Hz \/ 1 Ms \/bocinas Integradas\/ 3 A\u00f1os De Garantia\",\"isPartOf\":{\"@id\":\"https:\/\/compuviper.mx\/tienda\/#website\"},\"datePublished\":\"2026-04-02T06:55:06+00:00\",\"dateModified\":\"2026-04-02T06:55:07+00:00\",\"description\":\"Compra Va2416c Monitor Led Curvo 24 Pulgadas \/ Full Hd 1920x1080p \/ Hdmi \/ Display Port\/ Panel Mva\/ Curvo 1500r \/ 100 Hz \/ 1 Ms \/bocinas Integradas\/ 3 A\u00f1os De Garantia + Env\u00edo a domicilio + Pago seguro + Garant\u00eda\",\"breadcrumb\":{\"@id\":\"https:\/\/compuviper.mx\/tienda\/producto\/viewsonic-va2416c-monitor-led-curvo-24-pulgadas-full-hd-1920x1080p-hdmi-display-port-panel-mva-curvo-1500r-100-hz-1-ms-bocinas-integradas-3-aos-de-garantia\/#breadcrumb\"},\"inLanguage\":\"es-MX\",\"potentialAction\":[{\"@type\":\"ReadAction\",\"target\":[\"https:\/\/compuviper.mx\/tienda\/producto\/viewsonic-va2416c-monitor-led-curvo-24-pulgadas-full-hd-1920x1080p-hdmi-display-port-panel-mva-curvo-1500r-100-hz-1-ms-bocinas-integradas-3-aos-de-garantia\/\"]}]},{\"@type\":\"BreadcrumbList\",\"@id\":\"https:\/\/compuviper.mx\/tienda\/producto\/viewsonic-va2416c-monitor-led-curvo-24-pulgadas-full-hd-1920x1080p-hdmi-display-port-panel-mva-curvo-1500r-100-hz-1-ms-bocinas-integradas-3-aos-de-garantia\/#breadcrumb\",\"itemListElement\":[{\"@type\":\"ListItem\",\"position\":1,\"name\":\"Inicio\",\"item\":\"https:\/\/compuviper.mx\/tienda\/\"},{\"@type\":\"ListItem\",\"position\":2,\"name\":\"Productos\",\"item\":\"https:\/\/compuviper.mx\/tienda\/productos\/\"},{\"@type\":\"ListItem\",\"position\":3,\"name\":\"Monitores\",\"item\":\"https:\/\/compuviper.mx\/tienda\/categoria-producto\/monitores\/\"},{\"@type\":\"ListItem\",\"position\":4,\"name\":\"Led\",\"item\":\"https:\/\/compuviper.mx\/tienda\/categoria-producto\/monitores\/led\/\"},{\"@type\":\"ListItem\",\"position\":5,\"name\":\"Viewsonic Va2416c Monitor Led Curvo 24 Pulgadas \/ Full Hd 1920x1080p \/ Hdmi \/ Display Port\/ Panel Mva\/ Curvo 1500r \/ 100 Hz \/ 1 Ms \/bocinas Integradas\/ 3 A?os De Garantia\"}]},{\"@type\":\"WebSite\",\"@id\":\"https:\/\/compuviper.mx\/tienda\/#website\",\"url\":\"https:\/\/compuviper.mx\/tienda\/\",\"name\":\"Compuviper\",\"description\":\"Proveedor de Computadoras, Laptops, Servidores, Monitores, Puntos de Venta, Teclados,   Impresoras, T\u00f3ner, C\u00e1maras de Seguridad y m\u00e1s en tu tienda en l\u00ednea\",\"publisher\":{\"@id\":\"https:\/\/compuviper.mx\/tienda\/#organization\"},\"potentialAction\":[{\"@type\":\"SearchAction\",\"target\":{\"@type\":\"EntryPoint\",\"urlTemplate\":\"https:\/\/compuviper.mx\/tienda\/?s={search_term_string}\"},\"query-input\":\"required name=search_term_string\"}],\"inLanguage\":\"es-MX\"},{\"@type\":\"Organization\",\"@id\":\"https:\/\/compuviper.mx\/tienda\/#organization\",\"name\":\"Compuviper\",\"url\":\"https:\/\/compuviper.mx\/tienda\/\",\"logo\":{\"@type\":\"ImageObject\",\"inLanguage\":\"es-MX\",\"@id\":\"https:\/\/compuviper.mx\/tienda\/#\/schema\/logo\/image\/\",\"url\":\"https:\/\/compuviper.mx\/tienda\/wp-content\/uploads\/2021\/08\/Logo-Compuviper-10.png\",\"contentUrl\":\"https:\/\/compuviper.mx\/tienda\/wp-content\/uploads\/2021\/08\/Logo-Compuviper-10.png\",\"width\":1000,\"height\":500,\"caption\":\"Compuviper\"},\"image\":{\"@id\":\"https:\/\/compuviper.mx\/tienda\/#\/schema\/logo\/image\/\"},\"sameAs\":[\"https:\/\/www.facebook.com\/compuviper\",\"https:\/\/www.youtube.com\/channel\/UCf73dERp9Y3cfOq7q8BhLjA?view_as=subscriber\"]}]}<\/script>\n<meta property=\"product:brand\" content=\"VIEWSONIC\" \/>\n<meta property=\"product:price:amount\" content=\"1972\" \/>\n<meta property=\"product:price:currency\" content=\"MXN\" \/>\n<meta property=\"og:availability\" content=\"out of stock\" \/>\n<meta property=\"product:availability\" content=\"out of stock\" \/>\n<meta property=\"product:retailer_item_id\" content=\"VA2416C\" \/>\n<meta property=\"product:condition\" content=\"new\" \/>\n<!-- \/ Yoast SEO plugin. -->","yoast_head_json":{"title":"[ Viewsonic ] &#129351; Va2416c Monitor Led Curvo 24 Pulgadas \/ Full Hd 1920x1080p \/ Hdmi \/ Display Port\/ Panel Mva\/ Curvo 1500r \/ 100 Hz \/ 1 Ms \/bocinas Integradas\/ 3 A\u00f1os De Garantia","description":"Compra Va2416c Monitor Led Curvo 24 Pulgadas \/ Full Hd 1920x1080p \/ Hdmi \/ Display Port\/ Panel Mva\/ Curvo 1500r \/ 100 Hz \/ 1 Ms \/bocinas Integradas\/ 3 A\u00f1os De Garantia + Env\u00edo a domicilio + Pago seguro + Garant\u00eda","robots":{"index":"index","follow":"follow","max-snippet":"max-snippet:-1","max-image-preview":"max-image-preview:large","max-video-preview":"max-video-preview:-1"},"canonical":"https:\/\/compuviper.mx\/tienda\/producto\/viewsonic-va2416c-monitor-led-curvo-24-pulgadas-full-hd-1920x1080p-hdmi-display-port-panel-mva-curvo-1500r-100-hz-1-ms-bocinas-integradas-3-aos-de-garantia\/","og_locale":"es_MX","og_type":"article","og_title":"[ Viewsonic ] &#129351; Va2416c Monitor Led Curvo 24 Pulgadas \/ Full Hd 1920x1080p \/ Hdmi \/ Display Port\/ Panel Mva\/ Curvo 1500r \/ 100 Hz \/ 1 Ms \/bocinas Integradas\/ 3 A\u00f1os De Garantia","og_description":"Compra Va2416c Monitor Led Curvo 24 Pulgadas \/ Full Hd 1920x1080p \/ Hdmi \/ Display Port\/ Panel Mva\/ Curvo 1500r \/ 100 Hz \/ 1 Ms \/bocinas Integradas\/ 3 A\u00f1os De Garantia + Env\u00edo a domicilio + Pago seguro + Garant\u00eda","og_url":"https:\/\/compuviper.mx\/tienda\/producto\/viewsonic-va2416c-monitor-led-curvo-24-pulgadas-full-hd-1920x1080p-hdmi-display-port-panel-mva-curvo-1500r-100-hz-1-ms-bocinas-integradas-3-aos-de-garantia\/","og_site_name":"Compuviper","article_publisher":"https:\/\/www.facebook.com\/compuviper","article_modified_time":"2026-04-02T06:55:07+00:00","twitter_card":"summary_large_image","twitter_misc":{"Precio":"&#36;1,972 con IVA","Availability":"Out of stock"},"schema":{"@context":"https:\/\/schema.org","@graph":[{"@type":"WebPage","@id":"https:\/\/compuviper.mx\/tienda\/producto\/viewsonic-va2416c-monitor-led-curvo-24-pulgadas-full-hd-1920x1080p-hdmi-display-port-panel-mva-curvo-1500r-100-hz-1-ms-bocinas-integradas-3-aos-de-garantia\/","url":"https:\/\/compuviper.mx\/tienda\/producto\/viewsonic-va2416c-monitor-led-curvo-24-pulgadas-full-hd-1920x1080p-hdmi-display-port-panel-mva-curvo-1500r-100-hz-1-ms-bocinas-integradas-3-aos-de-garantia\/","name":"[ Viewsonic ] &#129351; Va2416c Monitor Led Curvo 24 Pulgadas \/ Full Hd 1920x1080p \/ Hdmi \/ Display Port\/ Panel Mva\/ Curvo 1500r \/ 100 Hz \/ 1 Ms \/bocinas Integradas\/ 3 A\u00f1os De Garantia","isPartOf":{"@id":"https:\/\/compuviper.mx\/tienda\/#website"},"datePublished":"2026-04-02T06:55:06+00:00","dateModified":"2026-04-02T06:55:07+00:00","description":"Compra Va2416c Monitor Led Curvo 24 Pulgadas \/ Full Hd 1920x1080p \/ Hdmi \/ Display Port\/ Panel Mva\/ Curvo 1500r \/ 100 Hz \/ 1 Ms \/bocinas Integradas\/ 3 A\u00f1os De Garantia + Env\u00edo a domicilio + Pago seguro + Garant\u00eda","breadcrumb":{"@id":"https:\/\/compuviper.mx\/tienda\/producto\/viewsonic-va2416c-monitor-led-curvo-24-pulgadas-full-hd-1920x1080p-hdmi-display-port-panel-mva-curvo-1500r-100-hz-1-ms-bocinas-integradas-3-aos-de-garantia\/#breadcrumb"},"inLanguage":"es-MX","potentialAction":[{"@type":"ReadAction","target":["https:\/\/compuviper.mx\/tienda\/producto\/viewsonic-va2416c-monitor-led-curvo-24-pulgadas-full-hd-1920x1080p-hdmi-display-port-panel-mva-curvo-1500r-100-hz-1-ms-bocinas-integradas-3-aos-de-garantia\/"]}]},{"@type":"BreadcrumbList","@id":"https:\/\/compuviper.mx\/tienda\/producto\/viewsonic-va2416c-monitor-led-curvo-24-pulgadas-full-hd-1920x1080p-hdmi-display-port-panel-mva-curvo-1500r-100-hz-1-ms-bocinas-integradas-3-aos-de-garantia\/#breadcrumb","itemListElement":[{"@type":"ListItem","position":1,"name":"Inicio","item":"https:\/\/compuviper.mx\/tienda\/"},{"@type":"ListItem","position":2,"name":"Productos","item":"https:\/\/compuviper.mx\/tienda\/productos\/"},{"@type":"ListItem","position":3,"name":"Monitores","item":"https:\/\/compuviper.mx\/tienda\/categoria-producto\/monitores\/"},{"@type":"ListItem","position":4,"name":"Led","item":"https:\/\/compuviper.mx\/tienda\/categoria-producto\/monitores\/led\/"},{"@type":"ListItem","position":5,"name":"Viewsonic Va2416c Monitor Led Curvo 24 Pulgadas \/ Full Hd 1920x1080p \/ Hdmi \/ Display Port\/ Panel Mva\/ Curvo 1500r \/ 100 Hz \/ 1 Ms \/bocinas Integradas\/ 3 A?os De Garantia"}]},{"@type":"WebSite","@id":"https:\/\/compuviper.mx\/tienda\/#website","url":"https:\/\/compuviper.mx\/tienda\/","name":"Compuviper","description":"Proveedor de Computadoras, Laptops, Servidores, Monitores, Puntos de Venta, Teclados,   Impresoras, T\u00f3ner, C\u00e1maras de Seguridad y m\u00e1s en tu tienda en l\u00ednea","publisher":{"@id":"https:\/\/compuviper.mx\/tienda\/#organization"},"potentialAction":[{"@type":"SearchAction","target":{"@type":"EntryPoint","urlTemplate":"https:\/\/compuviper.mx\/tienda\/?s={search_term_string}"},"query-input":"required name=search_term_string"}],"inLanguage":"es-MX"},{"@type":"Organization","@id":"https:\/\/compuviper.mx\/tienda\/#organization","name":"Compuviper","url":"https:\/\/compuviper.mx\/tienda\/","logo":{"@type":"ImageObject","inLanguage":"es-MX","@id":"https:\/\/compuviper.mx\/tienda\/#\/schema\/logo\/image\/","url":"https:\/\/compuviper.mx\/tienda\/wp-content\/uploads\/2021\/08\/Logo-Compuviper-10.png","contentUrl":"https:\/\/compuviper.mx\/tienda\/wp-content\/uploads\/2021\/08\/Logo-Compuviper-10.png","width":1000,"height":500,"caption":"Compuviper"},"image":{"@id":"https:\/\/compuviper.mx\/tienda\/#\/schema\/logo\/image\/"},"sameAs":["https:\/\/www.facebook.com\/compuviper","https:\/\/www.youtube.com\/channel\/UCf73dERp9Y3cfOq7q8BhLjA?view_as=subscriber"]}]},"product_brand":"VIEWSONIC","product_price_amount":"1972","product_price_currency":"MXN","og_availability":"out of stock","product_availability":"out of stock","product_retailer_item_id":"VA2416C","product_condition":"new"},"_links":{"self":[{"href":"https:\/\/compuviper.mx\/tienda\/wp-json\/wp\/v2\/product\/264731"}],"collection":[{"href":"https:\/\/compuviper.mx\/tienda\/wp-json\/wp\/v2\/product"}],"about":[{"href":"https:\/\/compuviper.mx\/tienda\/wp-json\/wp\/v2\/types\/product"}],"replies":[{"embeddable":true,"href":"https:\/\/compuviper.mx\/tienda\/wp-json\/wp\/v2\/comments?post=264731"}],"wp:attachment":[{"href":"https:\/\/compuviper.mx\/tienda\/wp-json\/wp\/v2\/media?parent=264731"}],"wp:term":[{"taxonomy":"product_cat","embeddable":true,"href":"https:\/\/compuviper.mx\/tienda\/wp-json\/wp\/v2\/product_cat?post=264731"},{"taxonomy":"product_tag","embeddable":true,"href":"https:\/\/compuviper.mx\/tienda\/wp-json\/wp\/v2\/product_tag?post=264731"}],"curies":[{"name":"wp","href":"https:\/\/api.w.org\/{rel}","templated":true}]}}