{"id":264729,"date":"2026-04-25T00:41:17","date_gmt":"2026-04-25T06:41:17","guid":{"rendered":"https:\/\/compuviper.mx\/tienda\/producto\/viewsonic-va2447-mh-monitor-mva-24-pulgadas-full-hd-1920-x-1080-bocinas-integradas-vga-hdmi-vesa-3-aos-de-garantia\/"},"modified":"2026-04-25T00:41:17","modified_gmt":"2026-04-25T06:41:17","slug":"viewsonic-va2447-mh-monitor-mva-24-pulgadas-full-hd-1920-x-1080-100-hz-actualizacion-bocinas-integradas-vga-hdmi-vesa-3-aos-de-garantia","status":"publish","type":"product","link":"https:\/\/compuviper.mx\/tienda\/producto\/viewsonic-va2447-mh-monitor-mva-24-pulgadas-full-hd-1920-x-1080-100-hz-actualizacion-bocinas-integradas-vga-hdmi-vesa-3-aos-de-garantia\/","title":{"rendered":"Viewsonic Va2447-mh Monitor Mva  \/ 24 Pulgadas\/ Full Hd \/ 1920 X 1080 \/ 100 Hz Actualizacion \/bocinas Integradas\/ Vga \/ Hdmi \/ Vesa \/ 3 A?os De Garantia"},"content":{"rendered":"<table class=\"descripcion\">\n<tr>\n<td>Tama\u00f1o de pantalla (pulg.)<\/td>\n<\/tr>\n<tr>\n<td>24<\/td>\n<\/tr>\n<tr>\n<td>Tipo de panel<\/td>\n<\/tr>\n<tr>\n<td>Mva<\/td>\n<\/tr>\n<tr>\n<td>Resoluci\u00f3n<\/td>\n<\/tr>\n<tr>\n<td>1920 x 1080<\/td>\n<\/tr>\n<tr>\n<td>Relaci\u00f3n de contraste est\u00e1tico<\/td>\n<\/tr>\n<tr>\n<td>3.000:1<\/td>\n<\/tr>\n<tr>\n<td>Pantalla<\/td>\n<\/tr>\n<tr>\n<td>Tama\u00f1o de pantalla (pulg.)<\/td>\n<\/tr>\n<tr>\n<td>24<\/td>\n<\/tr>\n<tr>\n<td>\u00e1rea visible (in)<\/td>\n<\/tr>\n<tr>\n<td>23,8<\/td>\n<\/tr>\n<tr>\n<td>Tipo de panel<\/td>\n<\/tr>\n<tr>\n<td>Mva<\/td>\n<\/tr>\n<tr>\n<td>Resoluci\u00f3n<\/td>\n<\/tr>\n<tr>\n<td>1920 x 1080<\/td>\n<\/tr>\n<tr>\n<td>Tipo de resoluci\u00f3n<\/td>\n<\/tr>\n<tr>\n<td>Full hd (1920&#215;1080)<\/td>\n<\/tr>\n<tr>\n<td>Relaci\u00f3n de contraste est\u00e1tico<\/td>\n<\/tr>\n<tr>\n<td>3.000:1<\/td>\n<\/tr>\n<tr>\n<td>Relaci\u00f3n de contraste din\u00e1mico<\/td>\n<\/tr>\n<tr>\n<td>50.000.000:1<\/td>\n<\/tr>\n<tr>\n<td>Fuente de luz<\/td>\n<\/tr>\n<tr>\n<td>Led<\/td>\n<\/tr>\n<tr>\n<td>Brillantez<\/td>\n<\/tr>\n<tr>\n<td>250 cd\/m2<\/td>\n<\/tr>\n<tr>\n<td>Colores<\/td>\n<\/tr>\n<tr>\n<td>16, 7 m<\/td>\n<\/tr>\n<tr>\n<td>Proporci\u00f3n dimensional<\/td>\n<\/tr>\n<tr>\n<td>16:9<\/td>\n<\/tr>\n<tr>\n<td>Tiempo de respuesta (gtg t\u00edpico):<\/td>\n<\/tr>\n<tr>\n<td>5 ms<\/td>\n<\/tr>\n<tr>\n<td>\u00e1ngulos de visi\u00f3n<\/td>\n<\/tr>\n<tr>\n<td>178\u00ba horizontal, 178\u00ba vertical<\/td>\n<\/tr>\n<tr>\n<td>Superficie de panel<\/td>\n<\/tr>\n<tr>\n<td>Antirreflejo<\/td>\n<\/tr>\n<tr>\n<td>Compatibilidad<\/td>\n<\/tr>\n<tr>\n<td>Resoluci\u00f3n de pc (m\u00e1x.)<\/td>\n<\/tr>\n<tr>\n<td>1920 x 1080 @100hz<\/td>\n<\/tr>\n<tr>\n<td>Resoluci\u00f3n de mac (m\u00e1x.)<\/td>\n<\/tr>\n<tr>\n<td>1920 x 1080 @100hz<\/td>\n<\/tr>\n<tr>\n<td>Conector<\/td>\n<\/tr>\n<tr>\n<td>Entrada de audio de 3,5 mm<\/td>\n<\/tr>\n<tr>\n<td>1<\/td>\n<\/tr>\n<tr>\n<td>Salida de audio de 3,5 mm<\/td>\n<\/tr>\n<tr>\n<td>1<\/td>\n<\/tr>\n<tr>\n<td>Vga<\/td>\n<\/tr>\n<tr>\n<td>1<\/td>\n<\/tr>\n<tr>\n<td>Hdmi 1.4 in<\/td>\n<\/tr>\n<tr>\n<td>1<\/td>\n<\/tr>\n<tr>\n<td>Audio<\/td>\n<\/tr>\n<tr>\n<td>Altavoces internos<\/td>\n<\/tr>\n<tr>\n<td>2w (x2)<\/td>\n<\/tr>\n<tr>\n<td>Alimentaci\u00f3n<\/td>\n<\/tr>\n<tr>\n<td>Eco mode (conservaci\u00f3n)<\/td>\n<\/tr>\n<tr>\n<td>15w<\/td>\n<\/tr>\n<tr>\n<td>Eco mode (optimizada)<\/td>\n<\/tr>\n<tr>\n<td>18w<\/td>\n<\/tr>\n<tr>\n<td>Consumo (t\u00edpico)<\/td>\n<\/tr>\n<tr>\n<td>23w<\/td>\n<\/tr>\n<tr>\n<td>Consumo (m\u00e1x.)<\/td>\n<\/tr>\n<tr>\n<td>27w<\/td>\n<\/tr>\n<tr>\n<td>Voltaje<\/td>\n<\/tr>\n<tr>\n<td>100-240 v ca, 50-60hz<\/td>\n<\/tr>\n<tr>\n<td>En espera<\/td>\n<\/tr>\n<tr>\n<td>0,3 w<\/td>\n<\/tr>\n<tr>\n<td>Fuente de alimentaci\u00f3n<\/td>\n<\/tr>\n<tr>\n<td>Interna<\/td>\n<\/tr>\n<tr>\n<td>Hardware adicional<\/td>\n<\/tr>\n<tr>\n<td>Ranura de bloqueo kensington<\/td>\n<\/tr>\n<tr>\n<td>1<\/td>\n<\/tr>\n<tr>\n<td>Controles<\/td>\n<\/tr>\n<tr>\n<td>Controles f\u00edsicos<\/td>\n<\/tr>\n<tr>\n<td>Tecla 1 (favorito), tecla 2, tecla 3, tecla 4, tecla 5 (encendido)<\/td>\n<\/tr>\n<tr>\n<td>Visualizaci\u00f3n en pantalla<\/td>\n<\/tr>\n<tr>\n<td>Selecci\u00f3n de entrada, ajuste de audio, viewmode, ajuste de color, ajuste manual de imagen, men\u00fa de configuraci\u00f3n<\/td>\n<\/tr>\n<tr>\n<td>Condiciones de funcionamiento<\/td>\n<\/tr>\n<tr>\n<td>Temperatura<\/td>\n<\/tr>\n<tr>\n<td>32-104 \u00baf (0-40 \u00bac)<\/td>\n<\/tr>\n<tr>\n<td>Humedad (sin condensaci\u00f3n)<\/td>\n<\/tr>\n<tr>\n<td>20-90%<\/td>\n<\/tr>\n<tr>\n<td>Se\u00f1al de video<\/td>\n<\/tr>\n<tr>\n<td>Frecuencia horizontal<\/td>\n<\/tr>\n<tr>\n<td>Hdmi (v1.4): 24 ~ 86 khz<\/td>\n<\/tr>\n<tr>\n<td>Frecuencia vertical<\/td>\n<\/tr>\n<tr>\n<td>Hdmi (v1.4): 48 ~ 75 hz<\/td>\n<\/tr>\n<tr>\n<td>Peso (imperial)<\/td>\n<\/tr>\n<tr>\n<td>Neto (lb)<\/td>\n<\/tr>\n<tr>\n<td>10,8<\/td>\n<\/tr>\n<tr>\n<td>Neto sin base (lb)<\/td>\n<\/tr>\n<tr>\n<td>6,4<\/td>\n<\/tr>\n<tr>\n<td>Bruto (lb)<\/td>\n<\/tr>\n<tr>\n<td>14,8<\/td>\n<\/tr>\n<tr>\n<td>Peso (m\u00e9trica)<\/td>\n<\/tr>\n<tr>\n<td>Neto (kg)<\/td>\n<\/tr>\n<tr>\n<td>4,9<\/td>\n<\/tr>\n<tr>\n<td>Neto sin base (kg)<\/td>\n<\/tr>\n<tr>\n<td>2,9<\/td>\n<\/tr>\n<tr>\n<td>Bruto (kg)<\/td>\n<\/tr>\n<tr>\n<td>6,7<\/td>\n<\/tr>\n<tr>\n<td>Dimensiones (imperiales) (ancho x alto x profundidad)<\/td>\n<\/tr>\n<tr>\n<td>Empaque (in)<\/td>\n<\/tr>\n<tr>\n<td>27,1&#215;16,3&#215;7,8<\/td>\n<\/tr>\n<tr>\n<td>F\u00edsicas (in)<\/td>\n<\/tr>\n<tr>\n<td>21,2 x 14,8~19,88 x 8,8<\/td>\n<\/tr>\n<tr>\n<td>F\u00edsicas sin base (in)<\/td>\n<\/tr>\n<tr>\n<td>21,2&#215;12,7&#215;1,9<\/td>\n<\/tr>\n<tr>\n<td>Dimensiones (m\u00e9tricas) (ancho x alto x profundidad)<\/td>\n<\/tr>\n<tr>\n<td>Empaque (mm)<\/td>\n<\/tr>\n<tr>\n<td>689,0&#215;414,0x198,0<\/td>\n<\/tr>\n<tr>\n<td>F\u00edsicas (mm)<\/td>\n<\/tr>\n<tr>\n<td>540,0 x 375,87~504,99 x 223,0<\/td>\n<\/tr>\n<tr>\n<td>F\u00edsicas sin base (mm)<\/td>\n<\/tr>\n<tr>\n<td>540,0&#215;323,0x48,0<\/td>\n<\/tr>\n<tr>\n<td>Aspectos generales<\/td>\n<\/tr>\n<tr>\n<td>Regulaciones<\/td>\n<\/tr>\n<tr>\n<td>Ctuvus, fcc-b, ices003, energy star certified, epeat certified, cec, nom, mexico energy, cb, rohs<\/td>\n<\/tr>\n<tr>\n<td>Contenido del paquete<\/td>\n<\/tr>\n<tr>\n<td>Va2447-mh, conector de 3 clavijas (iec c13 \/ cee22), cable hdmi (v1.4; macho-macho), gu\u00eda de inicio r\u00e1pido<\/td>\n<\/tr>\n<tr>\n<td>Reciclaje\/eliminaci\u00f3n<\/td>\n<\/tr>\n<tr>\n<td>Deseche de acuerdo con las leyes locales, estatales o federales.<\/td>\n<\/tr>\n<tr>\n<td>Garant\u00eda<\/td>\n<\/tr>\n<tr>\n<td>Garant\u00eda limitada de tres a\u00f1os para repuestos, mano de obra y retroiluminaci\u00f3n<\/td>\n<\/tr>\n<\/table>\n","protected":false},"excerpt":{"rendered":"<p>Con una conectividad flexible, \u00e1ngulos de visualizaci\u00f3n amplios y rendimiento incre\u00edble de pantalla, el va2447-mh de viewsonic\u00ae ofrece funciones multimedia s\u00f3lidas y un dise\u00f1o elegante a un gran valor. Gracias a una tecnolog\u00eda de panel mva sin marcos, el va2447-mh ofrece una brillantez y contraste sorprendentes desde, pr\u00e1cticamente, cualquier \u00e1ngulo de visualizaci\u00f3n. Con un dise\u00f1o minimalista, la pantalla de borde a borde y el bisel sin marco hacen que sea un monitor ideal para configuraciones de varias pantallas integradas. Ya sea para trabajar en la oficina o disfrutar del entretenimiento en el hogar, el va2447-mhj tambi\u00e9n cuenta con un puerto hdmi y un cable hdmi incluido para una conectividad flexible para pc, computadoras port\u00e1tiles y consolas de juegos. Adem\u00e1s, una garant\u00eda limitada de tres a\u00f1os, junto con una de las mejores pol\u00edticas de rendimiento de p\u00edxeles de la industria, hacen que el va2447-mh sea una gran opci\u00f3n de valor global.<\/p>\n","protected":false},"featured_media":264730,"comment_status":"open","ping_status":"open","template":"","meta":[],"product_cat":[1741,1740],"product_tag":[1862],"acf":[],"yoast_head":"<!-- This site is optimized with the Yoast SEO plugin v21.7 - https:\/\/yoast.com\/wordpress\/plugins\/seo\/ -->\n<title>[ Viewsonic ] &#129351; Va2447-mh Monitor Mva \/ 24 Pulgadas\/ Full Hd \/ 1920 X 1080 \/ 100 Hz Actualizacion \/bocinas Integradas\/ Vga \/ Hdmi \/ Vesa \/ 3 A\u00f1os De Garantia<\/title>\n<meta name=\"description\" content=\"Compra Va2447-mh Monitor Mva \/ 24 Pulgadas\/ Full Hd \/ 1920 X 1080 \/ 100 Hz Actualizacion \/bocinas Integradas\/ Vga \/ Hdmi \/ Vesa \/ 3 A\u00f1os De Garantia + Env\u00edo a domicilio + Pago seguro + Garant\u00eda\" \/>\n<meta name=\"robots\" content=\"index, follow, max-snippet:-1, max-image-preview:large, max-video-preview:-1\" \/>\n<link rel=\"canonical\" href=\"https:\/\/compuviper.mx\/tienda\/producto\/viewsonic-va2447-mh-monitor-mva-24-pulgadas-full-hd-1920-x-1080-100-hz-actualizacion-bocinas-integradas-vga-hdmi-vesa-3-aos-de-garantia\/\" \/>\n<meta property=\"og:locale\" content=\"es_MX\" \/>\n<meta property=\"og:type\" content=\"article\" \/>\n<meta property=\"og:title\" content=\"[ Viewsonic ] &#129351; Va2447-mh Monitor Mva \/ 24 Pulgadas\/ Full Hd \/ 1920 X 1080 \/ 100 Hz Actualizacion \/bocinas Integradas\/ Vga \/ Hdmi \/ Vesa \/ 3 A\u00f1os De Garantia\" \/>\n<meta property=\"og:description\" content=\"Compra Va2447-mh Monitor Mva \/ 24 Pulgadas\/ Full Hd \/ 1920 X 1080 \/ 100 Hz Actualizacion \/bocinas Integradas\/ Vga \/ Hdmi \/ Vesa \/ 3 A\u00f1os De Garantia + Env\u00edo a domicilio + Pago seguro + Garant\u00eda\" \/>\n<meta property=\"og:url\" content=\"https:\/\/compuviper.mx\/tienda\/producto\/viewsonic-va2447-mh-monitor-mva-24-pulgadas-full-hd-1920-x-1080-100-hz-actualizacion-bocinas-integradas-vga-hdmi-vesa-3-aos-de-garantia\/\" \/>\n<meta property=\"og:site_name\" content=\"Compuviper\" \/>\n<meta property=\"article:publisher\" content=\"https:\/\/www.facebook.com\/compuviper\" \/>\n<meta property=\"og:image\" content=\"https:\/\/compuviper.mx\/tienda\/wp-content\/uploads\/2025\/12\/Monitor-mva-viewsonic-va2447-mh-24-pulgadas-full-hd-1920-x-1080-bocinas-integradas-vga-hdmi-vesa-3-anos-de-garantia.jpg\" \/>\n\t<meta property=\"og:image:width\" content=\"200\" \/>\n\t<meta property=\"og:image:height\" content=\"200\" \/>\n\t<meta property=\"og:image:type\" content=\"image\/jpeg\" \/>\n<meta name=\"twitter:card\" content=\"summary_large_image\" \/>\n<meta name=\"twitter:label1\" content=\"Precio\" \/>\n\t<meta name=\"twitter:data1\" content=\"&#36;1,877 &#36;1,692 con IVA\" \/>\n\t<meta name=\"twitter:label2\" content=\"Availability\" \/>\n\t<meta name=\"twitter:data2\" content=\"In stock\" \/>\n<script type=\"application\/ld+json\" class=\"yoast-schema-graph\">{\"@context\":\"https:\/\/schema.org\",\"@graph\":[{\"@type\":\"WebPage\",\"@id\":\"https:\/\/compuviper.mx\/tienda\/producto\/viewsonic-va2447-mh-monitor-mva-24-pulgadas-full-hd-1920-x-1080-100-hz-actualizacion-bocinas-integradas-vga-hdmi-vesa-3-aos-de-garantia\/\",\"url\":\"https:\/\/compuviper.mx\/tienda\/producto\/viewsonic-va2447-mh-monitor-mva-24-pulgadas-full-hd-1920-x-1080-100-hz-actualizacion-bocinas-integradas-vga-hdmi-vesa-3-aos-de-garantia\/\",\"name\":\"[ Viewsonic ] &#129351; Va2447-mh Monitor Mva \/ 24 Pulgadas\/ Full Hd \/ 1920 X 1080 \/ 100 Hz Actualizacion \/bocinas Integradas\/ Vga \/ Hdmi \/ Vesa \/ 3 A\u00f1os De Garantia\",\"isPartOf\":{\"@id\":\"https:\/\/compuviper.mx\/tienda\/#website\"},\"datePublished\":\"2026-04-25T06:41:17+00:00\",\"dateModified\":\"2026-04-25T06:41:17+00:00\",\"description\":\"Compra Va2447-mh Monitor Mva \/ 24 Pulgadas\/ Full Hd \/ 1920 X 1080 \/ 100 Hz Actualizacion \/bocinas Integradas\/ Vga \/ Hdmi \/ Vesa \/ 3 A\u00f1os De Garantia + Env\u00edo a domicilio + Pago seguro + Garant\u00eda\",\"breadcrumb\":{\"@id\":\"https:\/\/compuviper.mx\/tienda\/producto\/viewsonic-va2447-mh-monitor-mva-24-pulgadas-full-hd-1920-x-1080-100-hz-actualizacion-bocinas-integradas-vga-hdmi-vesa-3-aos-de-garantia\/#breadcrumb\"},\"inLanguage\":\"es-MX\",\"potentialAction\":[{\"@type\":\"ReadAction\",\"target\":[\"https:\/\/compuviper.mx\/tienda\/producto\/viewsonic-va2447-mh-monitor-mva-24-pulgadas-full-hd-1920-x-1080-100-hz-actualizacion-bocinas-integradas-vga-hdmi-vesa-3-aos-de-garantia\/\"]}]},{\"@type\":\"BreadcrumbList\",\"@id\":\"https:\/\/compuviper.mx\/tienda\/producto\/viewsonic-va2447-mh-monitor-mva-24-pulgadas-full-hd-1920-x-1080-100-hz-actualizacion-bocinas-integradas-vga-hdmi-vesa-3-aos-de-garantia\/#breadcrumb\",\"itemListElement\":[{\"@type\":\"ListItem\",\"position\":1,\"name\":\"Inicio\",\"item\":\"https:\/\/compuviper.mx\/tienda\/\"},{\"@type\":\"ListItem\",\"position\":2,\"name\":\"Productos\",\"item\":\"https:\/\/compuviper.mx\/tienda\/productos\/\"},{\"@type\":\"ListItem\",\"position\":3,\"name\":\"Monitores\",\"item\":\"https:\/\/compuviper.mx\/tienda\/categoria-producto\/monitores\/\"},{\"@type\":\"ListItem\",\"position\":4,\"name\":\"Led\",\"item\":\"https:\/\/compuviper.mx\/tienda\/categoria-producto\/monitores\/led\/\"},{\"@type\":\"ListItem\",\"position\":5,\"name\":\"Viewsonic Va2447-mh Monitor Mva \/ 24 Pulgadas\/ Full Hd \/ 1920 X 1080 \/ 100 Hz Actualizacion \/bocinas Integradas\/ Vga \/ Hdmi \/ Vesa \/ 3 A?os De Garantia\"}]},{\"@type\":\"WebSite\",\"@id\":\"https:\/\/compuviper.mx\/tienda\/#website\",\"url\":\"https:\/\/compuviper.mx\/tienda\/\",\"name\":\"Compuviper\",\"description\":\"Proveedor de Computadoras, Laptops, Servidores, Monitores, Puntos de Venta, Teclados,   Impresoras, T\u00f3ner, C\u00e1maras de Seguridad y m\u00e1s en tu tienda en l\u00ednea\",\"publisher\":{\"@id\":\"https:\/\/compuviper.mx\/tienda\/#organization\"},\"potentialAction\":[{\"@type\":\"SearchAction\",\"target\":{\"@type\":\"EntryPoint\",\"urlTemplate\":\"https:\/\/compuviper.mx\/tienda\/?s={search_term_string}\"},\"query-input\":\"required name=search_term_string\"}],\"inLanguage\":\"es-MX\"},{\"@type\":\"Organization\",\"@id\":\"https:\/\/compuviper.mx\/tienda\/#organization\",\"name\":\"Compuviper\",\"url\":\"https:\/\/compuviper.mx\/tienda\/\",\"logo\":{\"@type\":\"ImageObject\",\"inLanguage\":\"es-MX\",\"@id\":\"https:\/\/compuviper.mx\/tienda\/#\/schema\/logo\/image\/\",\"url\":\"https:\/\/compuviper.mx\/tienda\/wp-content\/uploads\/2021\/08\/Logo-Compuviper-10.png\",\"contentUrl\":\"https:\/\/compuviper.mx\/tienda\/wp-content\/uploads\/2021\/08\/Logo-Compuviper-10.png\",\"width\":1000,\"height\":500,\"caption\":\"Compuviper\"},\"image\":{\"@id\":\"https:\/\/compuviper.mx\/tienda\/#\/schema\/logo\/image\/\"},\"sameAs\":[\"https:\/\/www.facebook.com\/compuviper\",\"https:\/\/www.youtube.com\/channel\/UCf73dERp9Y3cfOq7q8BhLjA?view_as=subscriber\"]}]}<\/script>\n<meta property=\"product:brand\" content=\"VIEWSONIC\" \/>\n<meta property=\"product:price:amount\" content=\"1692\" \/>\n<meta property=\"product:price:currency\" content=\"MXN\" \/>\n<meta property=\"og:availability\" content=\"instock\" \/>\n<meta property=\"product:availability\" content=\"instock\" \/>\n<meta property=\"product:retailer_item_id\" content=\"VA2447-MH\" \/>\n<meta property=\"product:condition\" content=\"new\" \/>\n<!-- \/ Yoast SEO plugin. -->","yoast_head_json":{"title":"[ Viewsonic ] &#129351; Va2447-mh Monitor Mva \/ 24 Pulgadas\/ Full Hd \/ 1920 X 1080 \/ 100 Hz Actualizacion \/bocinas Integradas\/ Vga \/ Hdmi \/ Vesa \/ 3 A\u00f1os De Garantia","description":"Compra Va2447-mh Monitor Mva \/ 24 Pulgadas\/ Full Hd \/ 1920 X 1080 \/ 100 Hz Actualizacion \/bocinas Integradas\/ Vga \/ Hdmi \/ Vesa \/ 3 A\u00f1os De Garantia + Env\u00edo a domicilio + Pago seguro + Garant\u00eda","robots":{"index":"index","follow":"follow","max-snippet":"max-snippet:-1","max-image-preview":"max-image-preview:large","max-video-preview":"max-video-preview:-1"},"canonical":"https:\/\/compuviper.mx\/tienda\/producto\/viewsonic-va2447-mh-monitor-mva-24-pulgadas-full-hd-1920-x-1080-100-hz-actualizacion-bocinas-integradas-vga-hdmi-vesa-3-aos-de-garantia\/","og_locale":"es_MX","og_type":"article","og_title":"[ Viewsonic ] &#129351; Va2447-mh Monitor Mva \/ 24 Pulgadas\/ Full Hd \/ 1920 X 1080 \/ 100 Hz Actualizacion \/bocinas Integradas\/ Vga \/ Hdmi \/ Vesa \/ 3 A\u00f1os De Garantia","og_description":"Compra Va2447-mh Monitor Mva \/ 24 Pulgadas\/ Full Hd \/ 1920 X 1080 \/ 100 Hz Actualizacion \/bocinas Integradas\/ Vga \/ Hdmi \/ Vesa \/ 3 A\u00f1os De Garantia + Env\u00edo a domicilio + Pago seguro + Garant\u00eda","og_url":"https:\/\/compuviper.mx\/tienda\/producto\/viewsonic-va2447-mh-monitor-mva-24-pulgadas-full-hd-1920-x-1080-100-hz-actualizacion-bocinas-integradas-vga-hdmi-vesa-3-aos-de-garantia\/","og_site_name":"Compuviper","article_publisher":"https:\/\/www.facebook.com\/compuviper","og_image":[{"width":200,"height":200,"url":"https:\/\/compuviper.mx\/tienda\/wp-content\/uploads\/2025\/12\/Monitor-mva-viewsonic-va2447-mh-24-pulgadas-full-hd-1920-x-1080-bocinas-integradas-vga-hdmi-vesa-3-anos-de-garantia.jpg","type":"image\/jpeg"}],"twitter_card":"summary_large_image","twitter_misc":{"Precio":"&#36;1,877 &#36;1,692 con IVA","Availability":"In stock"},"schema":{"@context":"https:\/\/schema.org","@graph":[{"@type":"WebPage","@id":"https:\/\/compuviper.mx\/tienda\/producto\/viewsonic-va2447-mh-monitor-mva-24-pulgadas-full-hd-1920-x-1080-100-hz-actualizacion-bocinas-integradas-vga-hdmi-vesa-3-aos-de-garantia\/","url":"https:\/\/compuviper.mx\/tienda\/producto\/viewsonic-va2447-mh-monitor-mva-24-pulgadas-full-hd-1920-x-1080-100-hz-actualizacion-bocinas-integradas-vga-hdmi-vesa-3-aos-de-garantia\/","name":"[ Viewsonic ] &#129351; Va2447-mh Monitor Mva \/ 24 Pulgadas\/ Full Hd \/ 1920 X 1080 \/ 100 Hz Actualizacion \/bocinas Integradas\/ Vga \/ Hdmi \/ Vesa \/ 3 A\u00f1os De Garantia","isPartOf":{"@id":"https:\/\/compuviper.mx\/tienda\/#website"},"datePublished":"2026-04-25T06:41:17+00:00","dateModified":"2026-04-25T06:41:17+00:00","description":"Compra Va2447-mh Monitor Mva \/ 24 Pulgadas\/ Full Hd \/ 1920 X 1080 \/ 100 Hz Actualizacion \/bocinas Integradas\/ Vga \/ Hdmi \/ Vesa \/ 3 A\u00f1os De Garantia + Env\u00edo a domicilio + Pago seguro + Garant\u00eda","breadcrumb":{"@id":"https:\/\/compuviper.mx\/tienda\/producto\/viewsonic-va2447-mh-monitor-mva-24-pulgadas-full-hd-1920-x-1080-100-hz-actualizacion-bocinas-integradas-vga-hdmi-vesa-3-aos-de-garantia\/#breadcrumb"},"inLanguage":"es-MX","potentialAction":[{"@type":"ReadAction","target":["https:\/\/compuviper.mx\/tienda\/producto\/viewsonic-va2447-mh-monitor-mva-24-pulgadas-full-hd-1920-x-1080-100-hz-actualizacion-bocinas-integradas-vga-hdmi-vesa-3-aos-de-garantia\/"]}]},{"@type":"BreadcrumbList","@id":"https:\/\/compuviper.mx\/tienda\/producto\/viewsonic-va2447-mh-monitor-mva-24-pulgadas-full-hd-1920-x-1080-100-hz-actualizacion-bocinas-integradas-vga-hdmi-vesa-3-aos-de-garantia\/#breadcrumb","itemListElement":[{"@type":"ListItem","position":1,"name":"Inicio","item":"https:\/\/compuviper.mx\/tienda\/"},{"@type":"ListItem","position":2,"name":"Productos","item":"https:\/\/compuviper.mx\/tienda\/productos\/"},{"@type":"ListItem","position":3,"name":"Monitores","item":"https:\/\/compuviper.mx\/tienda\/categoria-producto\/monitores\/"},{"@type":"ListItem","position":4,"name":"Led","item":"https:\/\/compuviper.mx\/tienda\/categoria-producto\/monitores\/led\/"},{"@type":"ListItem","position":5,"name":"Viewsonic Va2447-mh Monitor Mva \/ 24 Pulgadas\/ Full Hd \/ 1920 X 1080 \/ 100 Hz Actualizacion \/bocinas Integradas\/ Vga \/ Hdmi \/ Vesa \/ 3 A?os De Garantia"}]},{"@type":"WebSite","@id":"https:\/\/compuviper.mx\/tienda\/#website","url":"https:\/\/compuviper.mx\/tienda\/","name":"Compuviper","description":"Proveedor de Computadoras, Laptops, Servidores, Monitores, Puntos de Venta, Teclados,   Impresoras, T\u00f3ner, C\u00e1maras de Seguridad y m\u00e1s en tu tienda en l\u00ednea","publisher":{"@id":"https:\/\/compuviper.mx\/tienda\/#organization"},"potentialAction":[{"@type":"SearchAction","target":{"@type":"EntryPoint","urlTemplate":"https:\/\/compuviper.mx\/tienda\/?s={search_term_string}"},"query-input":"required name=search_term_string"}],"inLanguage":"es-MX"},{"@type":"Organization","@id":"https:\/\/compuviper.mx\/tienda\/#organization","name":"Compuviper","url":"https:\/\/compuviper.mx\/tienda\/","logo":{"@type":"ImageObject","inLanguage":"es-MX","@id":"https:\/\/compuviper.mx\/tienda\/#\/schema\/logo\/image\/","url":"https:\/\/compuviper.mx\/tienda\/wp-content\/uploads\/2021\/08\/Logo-Compuviper-10.png","contentUrl":"https:\/\/compuviper.mx\/tienda\/wp-content\/uploads\/2021\/08\/Logo-Compuviper-10.png","width":1000,"height":500,"caption":"Compuviper"},"image":{"@id":"https:\/\/compuviper.mx\/tienda\/#\/schema\/logo\/image\/"},"sameAs":["https:\/\/www.facebook.com\/compuviper","https:\/\/www.youtube.com\/channel\/UCf73dERp9Y3cfOq7q8BhLjA?view_as=subscriber"]}]},"product_brand":"VIEWSONIC","product_price_amount":"1692","product_price_currency":"MXN","og_availability":"instock","product_availability":"instock","product_retailer_item_id":"VA2447-MH","product_condition":"new"},"_links":{"self":[{"href":"https:\/\/compuviper.mx\/tienda\/wp-json\/wp\/v2\/product\/264729"}],"collection":[{"href":"https:\/\/compuviper.mx\/tienda\/wp-json\/wp\/v2\/product"}],"about":[{"href":"https:\/\/compuviper.mx\/tienda\/wp-json\/wp\/v2\/types\/product"}],"replies":[{"embeddable":true,"href":"https:\/\/compuviper.mx\/tienda\/wp-json\/wp\/v2\/comments?post=264729"}],"wp:featuredmedia":[{"embeddable":true,"href":"https:\/\/compuviper.mx\/tienda\/wp-json\/wp\/v2\/media\/264730"}],"wp:attachment":[{"href":"https:\/\/compuviper.mx\/tienda\/wp-json\/wp\/v2\/media?parent=264729"}],"wp:term":[{"taxonomy":"product_cat","embeddable":true,"href":"https:\/\/compuviper.mx\/tienda\/wp-json\/wp\/v2\/product_cat?post=264729"},{"taxonomy":"product_tag","embeddable":true,"href":"https:\/\/compuviper.mx\/tienda\/wp-json\/wp\/v2\/product_tag?post=264729"}],"curies":[{"name":"wp","href":"https:\/\/api.w.org\/{rel}","templated":true}]}}