{"id":264658,"date":"2026-04-17T23:51:19","date_gmt":"2026-04-18T05:51:19","guid":{"rendered":"https:\/\/compuviper.mx\/tienda\/producto\/intellinet-327749-bobina-bobina-de-cable-utp-cat5e-100-cobre\/"},"modified":"2026-04-17T23:51:19","modified_gmt":"2026-04-18T05:51:19","slug":"intellinet-327749-bobina-bobina-de-cable-utp-cat5e-100-cobre","status":"publish","type":"product","link":"https:\/\/compuviper.mx\/tienda\/producto\/intellinet-327749-bobina-bobina-de-cable-utp-cat5e-100-cobre\/","title":{"rendered":"Intellinet 327749 Bobina\/\/\/bobina De Cable Utp Cat5e 100 Cobre"},"content":{"rendered":"<table class=\"descripcion\">\n<tr>\n<td>Par trenzado sin blindaje<\/td>\n<\/tr>\n<tr>\n<td>Puede ser usado en riser con canaleta o eje a prueba de fuego<\/td>\n<\/tr>\n<tr>\n<td>Probado bajo est\u00e1ndares para cumplir con certificaci\u00f3n 3p<\/td>\n<\/tr>\n<tr>\n<td>Aprobado por etl<\/td>\n<\/tr>\n<tr>\n<td>Clasificaci\u00f3n ign\u00edfuga: cm<\/td>\n<\/tr>\n<tr>\n<td>Cumple o excede la norma actual propuesta por cat5e<\/td>\n<\/tr>\n<tr>\n<td>Bit\u00e1cora de uso en la caja, informa sobre el cable restante para la siguiente instalaci\u00f3n<\/td>\n<\/tr>\n<tr>\n<td>5 a\u00f1os de garant\u00eda* (consulta el tiempo de garant\u00eda en tu pa\u00eds o ciudad)<\/td>\n<\/tr>\n<\/table>\n","protected":false},"excerpt":{"rendered":"<p>Para datos, voz y v\u00eddeo. La bobina de cable cat5e intellinet network solutions soporta la infaestructura de las redes con aplicaciones de alta trasmisi\u00f3n de datos, voz y v\u00eddeo &#8211; hasta 350 mhz y m\u00e1s. La bobina de cable cat5e cumple con los est\u00e1ndares de certificaci\u00f3n eia\/tia y 3p, y est\u00e1 clasificado como retardante de flama. Caracter\u00edsticas. \u0095 clasificaci\u00f3n con retardante de flama: clasificado como cm en muro; permitido en aplicaciones residenciales riser familias 1-2, o riser con canaleta o gu\u00eda a prueba de fuego; no permitido en plenums. \u0095 probado bajo est\u00e1ndares: cumple o excede con los est\u00e1ndares propuestos por cat5e. \u0095 bit\u00e1cora de uso en la caja: registro del cable disponible para futuras instalaciones. Gran tiempo de garant\u00eda. Estrictos est\u00e1ndares de manufactura aseguran la m\u00e1s alta calidad en todos los productos intellinet network solutions. El tiempo de garant\u00eda refleja el compromiso de calidad m\u00e1s fuerte que alguien pueda ofrecerle.<\/p>\n","protected":false},"featured_media":0,"comment_status":"open","ping_status":"open","template":"","meta":[],"product_cat":[1602,1549],"product_tag":[1489],"acf":[],"yoast_head":"<!-- This site is optimized with the Yoast SEO plugin v21.7 - https:\/\/yoast.com\/wordpress\/plugins\/seo\/ -->\n<title>[ Intellinet ] &#129351; 327749 Bobina\/\/\/bobina De Cable Utp Cat5e 100 Cobre<\/title>\n<meta name=\"description\" content=\"Compra 327749 Bobina\/\/\/bobina De Cable Utp Cat5e 100 Cobre + Env\u00edo a domicilio + Pago seguro + Garant\u00eda\" \/>\n<meta name=\"robots\" content=\"index, follow, max-snippet:-1, max-image-preview:large, max-video-preview:-1\" \/>\n<link rel=\"canonical\" href=\"https:\/\/compuviper.mx\/tienda\/producto\/intellinet-327749-bobina-bobina-de-cable-utp-cat5e-100-cobre\/\" \/>\n<meta property=\"og:locale\" content=\"es_MX\" \/>\n<meta property=\"og:type\" content=\"article\" \/>\n<meta property=\"og:title\" content=\"[ Intellinet ] &#129351; 327749 Bobina\/\/\/bobina De Cable Utp Cat5e 100 Cobre\" \/>\n<meta property=\"og:description\" content=\"Compra 327749 Bobina\/\/\/bobina De Cable Utp Cat5e 100 Cobre + Env\u00edo a domicilio + Pago seguro + Garant\u00eda\" \/>\n<meta property=\"og:url\" content=\"https:\/\/compuviper.mx\/tienda\/producto\/intellinet-327749-bobina-bobina-de-cable-utp-cat5e-100-cobre\/\" \/>\n<meta property=\"og:site_name\" content=\"Compuviper\" \/>\n<meta property=\"article:publisher\" content=\"https:\/\/www.facebook.com\/compuviper\" \/>\n<meta name=\"twitter:card\" content=\"summary_large_image\" \/>\n<meta name=\"twitter:label1\" content=\"Precio\" \/>\n\t<meta name=\"twitter:data1\" content=\"&#36;1,696 con IVA\" \/>\n\t<meta name=\"twitter:label2\" content=\"Availability\" \/>\n\t<meta name=\"twitter:data2\" content=\"In stock\" \/>\n<script type=\"application\/ld+json\" class=\"yoast-schema-graph\">{\"@context\":\"https:\/\/schema.org\",\"@graph\":[{\"@type\":\"WebPage\",\"@id\":\"https:\/\/compuviper.mx\/tienda\/producto\/intellinet-327749-bobina-bobina-de-cable-utp-cat5e-100-cobre\/\",\"url\":\"https:\/\/compuviper.mx\/tienda\/producto\/intellinet-327749-bobina-bobina-de-cable-utp-cat5e-100-cobre\/\",\"name\":\"[ Intellinet ] &#129351; 327749 Bobina\/\/\/bobina De Cable Utp Cat5e 100 Cobre\",\"isPartOf\":{\"@id\":\"https:\/\/compuviper.mx\/tienda\/#website\"},\"datePublished\":\"2026-04-18T05:51:19+00:00\",\"dateModified\":\"2026-04-18T05:51:19+00:00\",\"description\":\"Compra 327749 Bobina\/\/\/bobina De Cable Utp Cat5e 100 Cobre + Env\u00edo a domicilio + Pago seguro + Garant\u00eda\",\"breadcrumb\":{\"@id\":\"https:\/\/compuviper.mx\/tienda\/producto\/intellinet-327749-bobina-bobina-de-cable-utp-cat5e-100-cobre\/#breadcrumb\"},\"inLanguage\":\"es-MX\",\"potentialAction\":[{\"@type\":\"ReadAction\",\"target\":[\"https:\/\/compuviper.mx\/tienda\/producto\/intellinet-327749-bobina-bobina-de-cable-utp-cat5e-100-cobre\/\"]}]},{\"@type\":\"BreadcrumbList\",\"@id\":\"https:\/\/compuviper.mx\/tienda\/producto\/intellinet-327749-bobina-bobina-de-cable-utp-cat5e-100-cobre\/#breadcrumb\",\"itemListElement\":[{\"@type\":\"ListItem\",\"position\":1,\"name\":\"Inicio\",\"item\":\"https:\/\/compuviper.mx\/tienda\/\"},{\"@type\":\"ListItem\",\"position\":2,\"name\":\"Productos\",\"item\":\"https:\/\/compuviper.mx\/tienda\/productos\/\"},{\"@type\":\"ListItem\",\"position\":3,\"name\":\"Cables\",\"item\":\"https:\/\/compuviper.mx\/tienda\/categoria-producto\/cables\/\"},{\"@type\":\"ListItem\",\"position\":4,\"name\":\"Cable De Red\",\"item\":\"https:\/\/compuviper.mx\/tienda\/categoria-producto\/cables\/cable-de-red\/\"},{\"@type\":\"ListItem\",\"position\":5,\"name\":\"Intellinet 327749 Bobina\/\/\/bobina De Cable Utp Cat5e 100 Cobre\"}]},{\"@type\":\"WebSite\",\"@id\":\"https:\/\/compuviper.mx\/tienda\/#website\",\"url\":\"https:\/\/compuviper.mx\/tienda\/\",\"name\":\"Compuviper\",\"description\":\"Proveedor de Computadoras, Laptops, Servidores, Monitores, Puntos de Venta, Teclados,   Impresoras, T\u00f3ner, C\u00e1maras de Seguridad y m\u00e1s en tu tienda en l\u00ednea\",\"publisher\":{\"@id\":\"https:\/\/compuviper.mx\/tienda\/#organization\"},\"potentialAction\":[{\"@type\":\"SearchAction\",\"target\":{\"@type\":\"EntryPoint\",\"urlTemplate\":\"https:\/\/compuviper.mx\/tienda\/?s={search_term_string}\"},\"query-input\":\"required name=search_term_string\"}],\"inLanguage\":\"es-MX\"},{\"@type\":\"Organization\",\"@id\":\"https:\/\/compuviper.mx\/tienda\/#organization\",\"name\":\"Compuviper\",\"url\":\"https:\/\/compuviper.mx\/tienda\/\",\"logo\":{\"@type\":\"ImageObject\",\"inLanguage\":\"es-MX\",\"@id\":\"https:\/\/compuviper.mx\/tienda\/#\/schema\/logo\/image\/\",\"url\":\"https:\/\/compuviper.mx\/tienda\/wp-content\/uploads\/2021\/08\/Logo-Compuviper-10.png\",\"contentUrl\":\"https:\/\/compuviper.mx\/tienda\/wp-content\/uploads\/2021\/08\/Logo-Compuviper-10.png\",\"width\":1000,\"height\":500,\"caption\":\"Compuviper\"},\"image\":{\"@id\":\"https:\/\/compuviper.mx\/tienda\/#\/schema\/logo\/image\/\"},\"sameAs\":[\"https:\/\/www.facebook.com\/compuviper\",\"https:\/\/www.youtube.com\/channel\/UCf73dERp9Y3cfOq7q8BhLjA?view_as=subscriber\"]}]}<\/script>\n<meta property=\"product:brand\" content=\"INTELLINET\" \/>\n<meta property=\"product:price:amount\" content=\"1696\" \/>\n<meta property=\"product:price:currency\" content=\"MXN\" \/>\n<meta property=\"og:availability\" content=\"instock\" \/>\n<meta property=\"product:availability\" content=\"instock\" \/>\n<meta property=\"product:retailer_item_id\" content=\"327749\" \/>\n<meta property=\"product:condition\" content=\"new\" \/>\n<!-- \/ Yoast SEO plugin. -->","yoast_head_json":{"title":"[ Intellinet ] &#129351; 327749 Bobina\/\/\/bobina De Cable Utp Cat5e 100 Cobre","description":"Compra 327749 Bobina\/\/\/bobina De Cable Utp Cat5e 100 Cobre + Env\u00edo a domicilio + Pago seguro + Garant\u00eda","robots":{"index":"index","follow":"follow","max-snippet":"max-snippet:-1","max-image-preview":"max-image-preview:large","max-video-preview":"max-video-preview:-1"},"canonical":"https:\/\/compuviper.mx\/tienda\/producto\/intellinet-327749-bobina-bobina-de-cable-utp-cat5e-100-cobre\/","og_locale":"es_MX","og_type":"article","og_title":"[ Intellinet ] &#129351; 327749 Bobina\/\/\/bobina De Cable Utp Cat5e 100 Cobre","og_description":"Compra 327749 Bobina\/\/\/bobina De Cable Utp Cat5e 100 Cobre + Env\u00edo a domicilio + Pago seguro + Garant\u00eda","og_url":"https:\/\/compuviper.mx\/tienda\/producto\/intellinet-327749-bobina-bobina-de-cable-utp-cat5e-100-cobre\/","og_site_name":"Compuviper","article_publisher":"https:\/\/www.facebook.com\/compuviper","twitter_card":"summary_large_image","twitter_misc":{"Precio":"&#36;1,696 con IVA","Availability":"In stock"},"schema":{"@context":"https:\/\/schema.org","@graph":[{"@type":"WebPage","@id":"https:\/\/compuviper.mx\/tienda\/producto\/intellinet-327749-bobina-bobina-de-cable-utp-cat5e-100-cobre\/","url":"https:\/\/compuviper.mx\/tienda\/producto\/intellinet-327749-bobina-bobina-de-cable-utp-cat5e-100-cobre\/","name":"[ Intellinet ] &#129351; 327749 Bobina\/\/\/bobina De Cable Utp Cat5e 100 Cobre","isPartOf":{"@id":"https:\/\/compuviper.mx\/tienda\/#website"},"datePublished":"2026-04-18T05:51:19+00:00","dateModified":"2026-04-18T05:51:19+00:00","description":"Compra 327749 Bobina\/\/\/bobina De Cable Utp Cat5e 100 Cobre + Env\u00edo a domicilio + Pago seguro + Garant\u00eda","breadcrumb":{"@id":"https:\/\/compuviper.mx\/tienda\/producto\/intellinet-327749-bobina-bobina-de-cable-utp-cat5e-100-cobre\/#breadcrumb"},"inLanguage":"es-MX","potentialAction":[{"@type":"ReadAction","target":["https:\/\/compuviper.mx\/tienda\/producto\/intellinet-327749-bobina-bobina-de-cable-utp-cat5e-100-cobre\/"]}]},{"@type":"BreadcrumbList","@id":"https:\/\/compuviper.mx\/tienda\/producto\/intellinet-327749-bobina-bobina-de-cable-utp-cat5e-100-cobre\/#breadcrumb","itemListElement":[{"@type":"ListItem","position":1,"name":"Inicio","item":"https:\/\/compuviper.mx\/tienda\/"},{"@type":"ListItem","position":2,"name":"Productos","item":"https:\/\/compuviper.mx\/tienda\/productos\/"},{"@type":"ListItem","position":3,"name":"Cables","item":"https:\/\/compuviper.mx\/tienda\/categoria-producto\/cables\/"},{"@type":"ListItem","position":4,"name":"Cable De Red","item":"https:\/\/compuviper.mx\/tienda\/categoria-producto\/cables\/cable-de-red\/"},{"@type":"ListItem","position":5,"name":"Intellinet 327749 Bobina\/\/\/bobina De Cable Utp Cat5e 100 Cobre"}]},{"@type":"WebSite","@id":"https:\/\/compuviper.mx\/tienda\/#website","url":"https:\/\/compuviper.mx\/tienda\/","name":"Compuviper","description":"Proveedor de Computadoras, Laptops, Servidores, Monitores, Puntos de Venta, Teclados,   Impresoras, T\u00f3ner, C\u00e1maras de Seguridad y m\u00e1s en tu tienda en l\u00ednea","publisher":{"@id":"https:\/\/compuviper.mx\/tienda\/#organization"},"potentialAction":[{"@type":"SearchAction","target":{"@type":"EntryPoint","urlTemplate":"https:\/\/compuviper.mx\/tienda\/?s={search_term_string}"},"query-input":"required name=search_term_string"}],"inLanguage":"es-MX"},{"@type":"Organization","@id":"https:\/\/compuviper.mx\/tienda\/#organization","name":"Compuviper","url":"https:\/\/compuviper.mx\/tienda\/","logo":{"@type":"ImageObject","inLanguage":"es-MX","@id":"https:\/\/compuviper.mx\/tienda\/#\/schema\/logo\/image\/","url":"https:\/\/compuviper.mx\/tienda\/wp-content\/uploads\/2021\/08\/Logo-Compuviper-10.png","contentUrl":"https:\/\/compuviper.mx\/tienda\/wp-content\/uploads\/2021\/08\/Logo-Compuviper-10.png","width":1000,"height":500,"caption":"Compuviper"},"image":{"@id":"https:\/\/compuviper.mx\/tienda\/#\/schema\/logo\/image\/"},"sameAs":["https:\/\/www.facebook.com\/compuviper","https:\/\/www.youtube.com\/channel\/UCf73dERp9Y3cfOq7q8BhLjA?view_as=subscriber"]}]},"product_brand":"INTELLINET","product_price_amount":"1696","product_price_currency":"MXN","og_availability":"instock","product_availability":"instock","product_retailer_item_id":"327749","product_condition":"new"},"_links":{"self":[{"href":"https:\/\/compuviper.mx\/tienda\/wp-json\/wp\/v2\/product\/264658"}],"collection":[{"href":"https:\/\/compuviper.mx\/tienda\/wp-json\/wp\/v2\/product"}],"about":[{"href":"https:\/\/compuviper.mx\/tienda\/wp-json\/wp\/v2\/types\/product"}],"replies":[{"embeddable":true,"href":"https:\/\/compuviper.mx\/tienda\/wp-json\/wp\/v2\/comments?post=264658"}],"wp:attachment":[{"href":"https:\/\/compuviper.mx\/tienda\/wp-json\/wp\/v2\/media?parent=264658"}],"wp:term":[{"taxonomy":"product_cat","embeddable":true,"href":"https:\/\/compuviper.mx\/tienda\/wp-json\/wp\/v2\/product_cat?post=264658"},{"taxonomy":"product_tag","embeddable":true,"href":"https:\/\/compuviper.mx\/tienda\/wp-json\/wp\/v2\/product_tag?post=264658"}],"curies":[{"name":"wp","href":"https:\/\/api.w.org\/{rel}","templated":true}]}}