{"id":264651,"date":"2026-04-18T02:31:12","date_gmt":"2026-04-18T08:31:12","guid":{"rendered":"https:\/\/compuviper.mx\/tienda\/producto\/huawei-55151285n-ds-pantalla-interactiva-de-colaboracion-inteligente-ideahub-s3-de-65-pulgadas-ihs3-65sa\/"},"modified":"2026-04-18T02:31:12","modified_gmt":"2026-04-18T08:31:12","slug":"huawei-55151285n-ds55151285-pantalla-interactiva-de-colaboracion-inteligente-ideahub-s3-de-65-pulgadas-ihs3-65sa","status":"publish","type":"product","link":"https:\/\/compuviper.mx\/tienda\/producto\/huawei-55151285n-ds55151285-pantalla-interactiva-de-colaboracion-inteligente-ideahub-s3-de-65-pulgadas-ihs3-65sa\/","title":{"rendered":"Huawei 55151285n-ds,55151285 Pantalla Interactiva De Colaboracion Inteligente  Ideahub S3 De 65 Pulgadas, Ihs3-65sa"},"content":{"rendered":"<table class=\"descripcion\">\n<tr>\n<td>System<\/td>\n<\/tr>\n<tr>\n<td>Harmonyos\/ windows and 65288;ops required and 65289;<\/td>\n<\/tr>\n<tr>\n<td>Cpu 8 core<\/td>\n<\/tr>\n<tr>\n<td>Ram 8 gb<\/td>\n<\/tr>\n<tr>\n<td>Flash 128 gb<\/td>\n<\/tr>\n<tr>\n<td>Camera 1w1t<\/td>\n<\/tr>\n<tr>\n<td>Zoom 5x<\/td>\n<\/tr>\n<tr>\n<td>Speaker tracking<\/td>\n<\/tr>\n<tr>\n<td>Supported<\/td>\n<\/tr>\n<tr>\n<td>Number of mic units 24<\/td>\n<\/tr>\n<tr>\n<td>Sound pickup distance<\/td>\n<\/tr>\n<tr>\n<td>15m<\/td>\n<\/tr>\n<tr>\n<td>Screen resolution 4k<\/td>\n<\/tr>\n<tr>\n<td>Optical anti-blue light<\/td>\n<\/tr>\n<tr>\n<td>Supported<\/td>\n<\/tr>\n<tr>\n<td>Speaker 2 x tweeters  2 x full-range<\/td>\n<\/tr>\n<tr>\n<td>Speakers  1 x woofer<\/td>\n<\/tr>\n<tr>\n<td>Total power of speaker<\/td>\n<\/tr>\n<tr>\n<td>70w<\/td>\n<\/tr>\n<tr>\n<td>Supported meeting apps<\/td>\n<\/tr>\n<tr>\n<td>Huawei cloud meeting smartrooms<\/td>\n<\/tr>\n<tr>\n<td>Meeting performance<\/td>\n<\/tr>\n<tr>\n<td>Huawei cloud meeting smartrooms: 1080p 30 fps video  1080p 30fps\/4k 8 fps content sharing<\/td>\n<\/tr>\n<tr>\n<td>Front-panel port<\/td>\n<\/tr>\n<tr>\n<td>1 x type-c<\/td>\n<\/tr>\n<tr>\n<td>2 x usb 3.0<\/td>\n<\/tr>\n<tr>\n<td>Side-panel port<\/td>\n<\/tr>\n<tr>\n<td>2 x hdmi in<\/td>\n<\/tr>\n<tr>\n<td>1 x hdmi out<\/td>\n<\/tr>\n<tr>\n<td>1 x 3.5 mm line in<\/td>\n<\/tr>\n<tr>\n<td>1 x 3.5 mm line out<\/td>\n<\/tr>\n<tr>\n<td>1 x usb 3.0<\/td>\n<\/tr>\n<tr>\n<td>1 x type-c fast charging<\/td>\n<\/tr>\n<tr>\n<td>Supported<\/td>\n<\/tr>\n<tr>\n<td>1 x hd-ai<\/td>\n<\/tr>\n<tr>\n<td>1 x rj45 10\/100\/1000 mbit\/s<\/td>\n<\/tr>\n<tr>\n<td>1 x touch port<\/td>\n<\/tr>\n<tr>\n<td>1 x com port<\/td>\n<\/tr>\n<tr>\n<td>Wi-fi module<\/td>\n<\/tr>\n<tr>\n<td>Wi-fi 6  2.4 ghz  5 ghz<\/td>\n<\/tr>\n<tr>\n<td>Nfc  and   bluetooth<\/td>\n<\/tr>\n<\/table>\n","protected":false},"excerpt":{"rendered":"<p>El huawei ideahub s3 se comercializa como una pantalla inteligente de colaboracin todo en uno diseada para modernizar oficinas y espacios de reunin, integrando funciones clave de videoconferencia, pizarra interactiva y proyeccin inalmbrica. Su propuesta de valor comercial se centra en la eficiencia, la interactividad y la experiencia de usuario mejorada mediante ia. Colaboracin inteligente: combina mltiples dispositivos proyector, pizarra, equipo de videoconferencia, altavoces en una sola unidad elegante y minimalista, facilitando el trabajo en equipo y las presentaciones. Experiencia audiovisual de alta calidad: ofrece una pantalla tctil 4k uhd de gran tamao disponible en 65, 75 y 86 pulgadas, cmara con funciones de ia como encuadre automtico, y un sistema de audio avanzado con hasta 24 micrfonos y alcance de 15 metros, garantizando una comunicacin clara. Interactividad y productividad: permite una escritura en la pizarra con latencia ultrabaja similar a escribir en papel, reconocimiento inteligente de formas y texto, y la posibilidad de tomar notas directamente. Conectividad verstil: facilita la proyeccin inalmbrica rpida mediante wi-fi 6 sin necesidad de cables ni red, y es compatible con las principales herramientas de colaboracin microsoft teams, zoom, etc.. Gestin sencilla: opera con harmonyos, lo que permite una gestin y mantenimiento sencillos, adems de ofrecer una experiencia de usuario fluida. En resumen, el ideahub s3 se presenta como la solucin ideal para crear un entorno de oficina digital y flexible, optimizando la eficiencia de las reuniones y la colaboracin en la era del trabajo hbrido.<\/p>\n","protected":false},"featured_media":0,"comment_status":"open","ping_status":"open","template":"","meta":[],"product_cat":[1980,1981],"product_tag":[1673],"acf":[],"yoast_head":"<!-- This site is optimized with the Yoast SEO plugin v21.7 - https:\/\/yoast.com\/wordpress\/plugins\/seo\/ -->\n<title>[ Huawei ] &#129351; 55151285n-ds,55151285 Pantalla Interactiva De Colaboracion Inteligente Ideahub S3 De 65 Pulgadas, Ihs3-65sa<\/title>\n<meta name=\"description\" content=\"Compra 55151285n-ds,55151285 Pantalla Interactiva De Colaboracion Inteligente Ideahub S3 De 65 Pulgadas, Ihs3-65sa + Env\u00edo a domicilio + Pago seguro + Garant\u00eda\" \/>\n<meta name=\"robots\" content=\"index, follow, max-snippet:-1, max-image-preview:large, max-video-preview:-1\" \/>\n<link rel=\"canonical\" href=\"https:\/\/compuviper.mx\/tienda\/producto\/huawei-55151285n-ds55151285-pantalla-interactiva-de-colaboracion-inteligente-ideahub-s3-de-65-pulgadas-ihs3-65sa\/\" \/>\n<meta property=\"og:locale\" content=\"es_MX\" \/>\n<meta property=\"og:type\" content=\"article\" \/>\n<meta property=\"og:title\" content=\"[ Huawei ] &#129351; 55151285n-ds,55151285 Pantalla Interactiva De Colaboracion Inteligente Ideahub S3 De 65 Pulgadas, Ihs3-65sa\" \/>\n<meta property=\"og:description\" content=\"Compra 55151285n-ds,55151285 Pantalla Interactiva De Colaboracion Inteligente Ideahub S3 De 65 Pulgadas, Ihs3-65sa + Env\u00edo a domicilio + Pago seguro + Garant\u00eda\" \/>\n<meta property=\"og:url\" content=\"https:\/\/compuviper.mx\/tienda\/producto\/huawei-55151285n-ds55151285-pantalla-interactiva-de-colaboracion-inteligente-ideahub-s3-de-65-pulgadas-ihs3-65sa\/\" \/>\n<meta property=\"og:site_name\" content=\"Compuviper\" \/>\n<meta property=\"article:publisher\" content=\"https:\/\/www.facebook.com\/compuviper\" \/>\n<meta name=\"twitter:card\" content=\"summary_large_image\" \/>\n<meta name=\"twitter:label1\" content=\"Precio\" \/>\n\t<meta name=\"twitter:data1\" content=\"&#36;44,898 con IVA\" \/>\n\t<meta name=\"twitter:label2\" content=\"Availability\" \/>\n\t<meta name=\"twitter:data2\" content=\"In stock\" \/>\n<script type=\"application\/ld+json\" class=\"yoast-schema-graph\">{\"@context\":\"https:\/\/schema.org\",\"@graph\":[{\"@type\":\"WebPage\",\"@id\":\"https:\/\/compuviper.mx\/tienda\/producto\/huawei-55151285n-ds55151285-pantalla-interactiva-de-colaboracion-inteligente-ideahub-s3-de-65-pulgadas-ihs3-65sa\/\",\"url\":\"https:\/\/compuviper.mx\/tienda\/producto\/huawei-55151285n-ds55151285-pantalla-interactiva-de-colaboracion-inteligente-ideahub-s3-de-65-pulgadas-ihs3-65sa\/\",\"name\":\"[ Huawei ] &#129351; 55151285n-ds,55151285 Pantalla Interactiva De Colaboracion Inteligente Ideahub S3 De 65 Pulgadas, Ihs3-65sa\",\"isPartOf\":{\"@id\":\"https:\/\/compuviper.mx\/tienda\/#website\"},\"datePublished\":\"2026-04-18T08:31:12+00:00\",\"dateModified\":\"2026-04-18T08:31:12+00:00\",\"description\":\"Compra 55151285n-ds,55151285 Pantalla Interactiva De Colaboracion Inteligente Ideahub S3 De 65 Pulgadas, Ihs3-65sa + Env\u00edo a domicilio + Pago seguro + Garant\u00eda\",\"breadcrumb\":{\"@id\":\"https:\/\/compuviper.mx\/tienda\/producto\/huawei-55151285n-ds55151285-pantalla-interactiva-de-colaboracion-inteligente-ideahub-s3-de-65-pulgadas-ihs3-65sa\/#breadcrumb\"},\"inLanguage\":\"es-MX\",\"potentialAction\":[{\"@type\":\"ReadAction\",\"target\":[\"https:\/\/compuviper.mx\/tienda\/producto\/huawei-55151285n-ds55151285-pantalla-interactiva-de-colaboracion-inteligente-ideahub-s3-de-65-pulgadas-ihs3-65sa\/\"]}]},{\"@type\":\"BreadcrumbList\",\"@id\":\"https:\/\/compuviper.mx\/tienda\/producto\/huawei-55151285n-ds55151285-pantalla-interactiva-de-colaboracion-inteligente-ideahub-s3-de-65-pulgadas-ihs3-65sa\/#breadcrumb\",\"itemListElement\":[{\"@type\":\"ListItem\",\"position\":1,\"name\":\"Inicio\",\"item\":\"https:\/\/compuviper.mx\/tienda\/\"},{\"@type\":\"ListItem\",\"position\":2,\"name\":\"Productos\",\"item\":\"https:\/\/compuviper.mx\/tienda\/productos\/\"},{\"@type\":\"ListItem\",\"position\":3,\"name\":\"Pizarron\",\"item\":\"https:\/\/compuviper.mx\/tienda\/categoria-producto\/pizarron\/\"},{\"@type\":\"ListItem\",\"position\":4,\"name\":\"Interactivo\",\"item\":\"https:\/\/compuviper.mx\/tienda\/categoria-producto\/pizarron\/interactivo\/\"},{\"@type\":\"ListItem\",\"position\":5,\"name\":\"Huawei 55151285n-ds,55151285 Pantalla Interactiva De Colaboracion Inteligente Ideahub S3 De 65 Pulgadas, Ihs3-65sa\"}]},{\"@type\":\"WebSite\",\"@id\":\"https:\/\/compuviper.mx\/tienda\/#website\",\"url\":\"https:\/\/compuviper.mx\/tienda\/\",\"name\":\"Compuviper\",\"description\":\"Proveedor de Computadoras, Laptops, Servidores, Monitores, Puntos de Venta, Teclados,   Impresoras, T\u00f3ner, C\u00e1maras de Seguridad y m\u00e1s en tu tienda en l\u00ednea\",\"publisher\":{\"@id\":\"https:\/\/compuviper.mx\/tienda\/#organization\"},\"potentialAction\":[{\"@type\":\"SearchAction\",\"target\":{\"@type\":\"EntryPoint\",\"urlTemplate\":\"https:\/\/compuviper.mx\/tienda\/?s={search_term_string}\"},\"query-input\":\"required name=search_term_string\"}],\"inLanguage\":\"es-MX\"},{\"@type\":\"Organization\",\"@id\":\"https:\/\/compuviper.mx\/tienda\/#organization\",\"name\":\"Compuviper\",\"url\":\"https:\/\/compuviper.mx\/tienda\/\",\"logo\":{\"@type\":\"ImageObject\",\"inLanguage\":\"es-MX\",\"@id\":\"https:\/\/compuviper.mx\/tienda\/#\/schema\/logo\/image\/\",\"url\":\"https:\/\/compuviper.mx\/tienda\/wp-content\/uploads\/2021\/08\/Logo-Compuviper-10.png\",\"contentUrl\":\"https:\/\/compuviper.mx\/tienda\/wp-content\/uploads\/2021\/08\/Logo-Compuviper-10.png\",\"width\":1000,\"height\":500,\"caption\":\"Compuviper\"},\"image\":{\"@id\":\"https:\/\/compuviper.mx\/tienda\/#\/schema\/logo\/image\/\"},\"sameAs\":[\"https:\/\/www.facebook.com\/compuviper\",\"https:\/\/www.youtube.com\/channel\/UCf73dERp9Y3cfOq7q8BhLjA?view_as=subscriber\"]}]}<\/script>\n<meta property=\"product:brand\" content=\"HUAWEI\" \/>\n<meta property=\"product:price:amount\" content=\"44898\" \/>\n<meta property=\"product:price:currency\" content=\"MXN\" \/>\n<meta property=\"og:availability\" content=\"instock\" \/>\n<meta property=\"product:availability\" content=\"instock\" \/>\n<meta property=\"product:retailer_item_id\" content=\"55151285N-DS,55151285\" \/>\n<meta property=\"product:condition\" content=\"new\" \/>\n<!-- \/ Yoast SEO plugin. -->","yoast_head_json":{"title":"[ Huawei ] &#129351; 55151285n-ds,55151285 Pantalla Interactiva De Colaboracion Inteligente Ideahub S3 De 65 Pulgadas, Ihs3-65sa","description":"Compra 55151285n-ds,55151285 Pantalla Interactiva De Colaboracion Inteligente Ideahub S3 De 65 Pulgadas, Ihs3-65sa + Env\u00edo a domicilio + Pago seguro + Garant\u00eda","robots":{"index":"index","follow":"follow","max-snippet":"max-snippet:-1","max-image-preview":"max-image-preview:large","max-video-preview":"max-video-preview:-1"},"canonical":"https:\/\/compuviper.mx\/tienda\/producto\/huawei-55151285n-ds55151285-pantalla-interactiva-de-colaboracion-inteligente-ideahub-s3-de-65-pulgadas-ihs3-65sa\/","og_locale":"es_MX","og_type":"article","og_title":"[ Huawei ] &#129351; 55151285n-ds,55151285 Pantalla Interactiva De Colaboracion Inteligente Ideahub S3 De 65 Pulgadas, Ihs3-65sa","og_description":"Compra 55151285n-ds,55151285 Pantalla Interactiva De Colaboracion Inteligente Ideahub S3 De 65 Pulgadas, Ihs3-65sa + Env\u00edo a domicilio + Pago seguro + Garant\u00eda","og_url":"https:\/\/compuviper.mx\/tienda\/producto\/huawei-55151285n-ds55151285-pantalla-interactiva-de-colaboracion-inteligente-ideahub-s3-de-65-pulgadas-ihs3-65sa\/","og_site_name":"Compuviper","article_publisher":"https:\/\/www.facebook.com\/compuviper","twitter_card":"summary_large_image","twitter_misc":{"Precio":"&#36;44,898 con IVA","Availability":"In stock"},"schema":{"@context":"https:\/\/schema.org","@graph":[{"@type":"WebPage","@id":"https:\/\/compuviper.mx\/tienda\/producto\/huawei-55151285n-ds55151285-pantalla-interactiva-de-colaboracion-inteligente-ideahub-s3-de-65-pulgadas-ihs3-65sa\/","url":"https:\/\/compuviper.mx\/tienda\/producto\/huawei-55151285n-ds55151285-pantalla-interactiva-de-colaboracion-inteligente-ideahub-s3-de-65-pulgadas-ihs3-65sa\/","name":"[ Huawei ] &#129351; 55151285n-ds,55151285 Pantalla Interactiva De Colaboracion Inteligente Ideahub S3 De 65 Pulgadas, Ihs3-65sa","isPartOf":{"@id":"https:\/\/compuviper.mx\/tienda\/#website"},"datePublished":"2026-04-18T08:31:12+00:00","dateModified":"2026-04-18T08:31:12+00:00","description":"Compra 55151285n-ds,55151285 Pantalla Interactiva De Colaboracion Inteligente Ideahub S3 De 65 Pulgadas, Ihs3-65sa + Env\u00edo a domicilio + Pago seguro + Garant\u00eda","breadcrumb":{"@id":"https:\/\/compuviper.mx\/tienda\/producto\/huawei-55151285n-ds55151285-pantalla-interactiva-de-colaboracion-inteligente-ideahub-s3-de-65-pulgadas-ihs3-65sa\/#breadcrumb"},"inLanguage":"es-MX","potentialAction":[{"@type":"ReadAction","target":["https:\/\/compuviper.mx\/tienda\/producto\/huawei-55151285n-ds55151285-pantalla-interactiva-de-colaboracion-inteligente-ideahub-s3-de-65-pulgadas-ihs3-65sa\/"]}]},{"@type":"BreadcrumbList","@id":"https:\/\/compuviper.mx\/tienda\/producto\/huawei-55151285n-ds55151285-pantalla-interactiva-de-colaboracion-inteligente-ideahub-s3-de-65-pulgadas-ihs3-65sa\/#breadcrumb","itemListElement":[{"@type":"ListItem","position":1,"name":"Inicio","item":"https:\/\/compuviper.mx\/tienda\/"},{"@type":"ListItem","position":2,"name":"Productos","item":"https:\/\/compuviper.mx\/tienda\/productos\/"},{"@type":"ListItem","position":3,"name":"Pizarron","item":"https:\/\/compuviper.mx\/tienda\/categoria-producto\/pizarron\/"},{"@type":"ListItem","position":4,"name":"Interactivo","item":"https:\/\/compuviper.mx\/tienda\/categoria-producto\/pizarron\/interactivo\/"},{"@type":"ListItem","position":5,"name":"Huawei 55151285n-ds,55151285 Pantalla Interactiva De Colaboracion Inteligente Ideahub S3 De 65 Pulgadas, Ihs3-65sa"}]},{"@type":"WebSite","@id":"https:\/\/compuviper.mx\/tienda\/#website","url":"https:\/\/compuviper.mx\/tienda\/","name":"Compuviper","description":"Proveedor de Computadoras, Laptops, Servidores, Monitores, Puntos de Venta, Teclados,   Impresoras, T\u00f3ner, C\u00e1maras de Seguridad y m\u00e1s en tu tienda en l\u00ednea","publisher":{"@id":"https:\/\/compuviper.mx\/tienda\/#organization"},"potentialAction":[{"@type":"SearchAction","target":{"@type":"EntryPoint","urlTemplate":"https:\/\/compuviper.mx\/tienda\/?s={search_term_string}"},"query-input":"required name=search_term_string"}],"inLanguage":"es-MX"},{"@type":"Organization","@id":"https:\/\/compuviper.mx\/tienda\/#organization","name":"Compuviper","url":"https:\/\/compuviper.mx\/tienda\/","logo":{"@type":"ImageObject","inLanguage":"es-MX","@id":"https:\/\/compuviper.mx\/tienda\/#\/schema\/logo\/image\/","url":"https:\/\/compuviper.mx\/tienda\/wp-content\/uploads\/2021\/08\/Logo-Compuviper-10.png","contentUrl":"https:\/\/compuviper.mx\/tienda\/wp-content\/uploads\/2021\/08\/Logo-Compuviper-10.png","width":1000,"height":500,"caption":"Compuviper"},"image":{"@id":"https:\/\/compuviper.mx\/tienda\/#\/schema\/logo\/image\/"},"sameAs":["https:\/\/www.facebook.com\/compuviper","https:\/\/www.youtube.com\/channel\/UCf73dERp9Y3cfOq7q8BhLjA?view_as=subscriber"]}]},"product_brand":"HUAWEI","product_price_amount":"44898","product_price_currency":"MXN","og_availability":"instock","product_availability":"instock","product_retailer_item_id":"55151285N-DS,55151285","product_condition":"new"},"_links":{"self":[{"href":"https:\/\/compuviper.mx\/tienda\/wp-json\/wp\/v2\/product\/264651"}],"collection":[{"href":"https:\/\/compuviper.mx\/tienda\/wp-json\/wp\/v2\/product"}],"about":[{"href":"https:\/\/compuviper.mx\/tienda\/wp-json\/wp\/v2\/types\/product"}],"replies":[{"embeddable":true,"href":"https:\/\/compuviper.mx\/tienda\/wp-json\/wp\/v2\/comments?post=264651"}],"wp:attachment":[{"href":"https:\/\/compuviper.mx\/tienda\/wp-json\/wp\/v2\/media?parent=264651"}],"wp:term":[{"taxonomy":"product_cat","embeddable":true,"href":"https:\/\/compuviper.mx\/tienda\/wp-json\/wp\/v2\/product_cat?post=264651"},{"taxonomy":"product_tag","embeddable":true,"href":"https:\/\/compuviper.mx\/tienda\/wp-json\/wp\/v2\/product_tag?post=264651"}],"curies":[{"name":"wp","href":"https:\/\/api.w.org\/{rel}","templated":true}]}}