{"id":264646,"date":"2026-04-02T02:10:18","date_gmt":"2026-04-02T08:10:18","guid":{"rendered":"https:\/\/compuviper.mx\/tienda\/producto\/start-the-game-hs-501-diadema-gamer-vorago-3-5mm-rgb-40mm\/"},"modified":"2026-04-02T02:10:19","modified_gmt":"2026-04-02T08:10:19","slug":"start-the-game-hs-501-diadema-gamer-vorago-3-5mm-rgb-40mm","status":"publish","type":"product","link":"https:\/\/compuviper.mx\/tienda\/producto\/start-the-game-hs-501-diadema-gamer-vorago-3-5mm-rgb-40mm\/","title":{"rendered":"Start The Game Hs-501 Diadema Gamer Vorago   3.5mm, Rgb, 40mm"},"content":{"rendered":"<table class=\"descripcion\">\n<tr>\n<td>Artculo: headset gamer<\/td>\n<\/tr>\n<tr>\n<td>Rango de frecuencia: 20 hz- 20 khz<\/td>\n<\/tr>\n<tr>\n<td>Sensibilidad: 108\u00b13db<\/td>\n<\/tr>\n<tr>\n<td>Impedancia: 32  and 937;<\/td>\n<\/tr>\n<tr>\n<td>Potencia: 40mw<\/td>\n<\/tr>\n<tr>\n<td>Thd:   1<\/td>\n<\/tr>\n<tr>\n<td>Conector: 3.5mmx2  usb<\/td>\n<\/tr>\n<tr>\n<td>Dimetro de bocina: 40mm                                                                                                                                                  micrfono<\/td>\n<\/tr>\n<tr>\n<td>Rango de frecuencia: 20 hz- 20 khz<\/td>\n<\/tr>\n<tr>\n<td>Sensibilidad micrfono: -56db \u00b1 2db<\/td>\n<\/tr>\n<tr>\n<td>Longitud cable: 2.2m<\/td>\n<\/tr>\n<tr>\n<td>Tipo de cable: recubierto<\/td>\n<\/tr>\n<tr>\n<td>Peso del producto: 262g<\/td>\n<\/tr>\n<\/table>\n","protected":false},"excerpt":{"rendered":"<p>Descubre a tus enemigos sin importar si te acechan en la oscuridad, escucha hasta el ms mnimo detalle y entra en la batalla. Con el hs-501 tus odos se volvern una defensa perfecta.<\/p>\n","protected":false},"featured_media":0,"comment_status":"open","ping_status":"open","template":"","meta":[],"product_cat":[1552,1822],"product_tag":[2297],"acf":[],"yoast_head":"<!-- This site is optimized with the Yoast SEO plugin v21.7 - https:\/\/yoast.com\/wordpress\/plugins\/seo\/ -->\n<title>[ Start The Game ] &#129351; Hs-501 Diadema Gamer Vorago 3.5mm, Rgb, 40mm<\/title>\n<meta name=\"description\" content=\"Compra Hs-501 Diadema Gamer Vorago 3.5mm, Rgb, 40mm + Env\u00edo a domicilio + Pago seguro + Garant\u00eda\" \/>\n<meta name=\"robots\" content=\"index, follow, max-snippet:-1, max-image-preview:large, max-video-preview:-1\" \/>\n<link rel=\"canonical\" href=\"https:\/\/compuviper.mx\/tienda\/producto\/start-the-game-hs-501-diadema-gamer-vorago-3-5mm-rgb-40mm\/\" \/>\n<meta property=\"og:locale\" content=\"es_MX\" \/>\n<meta property=\"og:type\" content=\"article\" \/>\n<meta property=\"og:title\" content=\"[ Start The Game ] &#129351; Hs-501 Diadema Gamer Vorago 3.5mm, Rgb, 40mm\" \/>\n<meta property=\"og:description\" content=\"Compra Hs-501 Diadema Gamer Vorago 3.5mm, Rgb, 40mm + Env\u00edo a domicilio + Pago seguro + Garant\u00eda\" \/>\n<meta property=\"og:url\" content=\"https:\/\/compuviper.mx\/tienda\/producto\/start-the-game-hs-501-diadema-gamer-vorago-3-5mm-rgb-40mm\/\" \/>\n<meta property=\"og:site_name\" content=\"Compuviper\" \/>\n<meta property=\"article:publisher\" content=\"https:\/\/www.facebook.com\/compuviper\" \/>\n<meta property=\"article:modified_time\" content=\"2026-04-02T08:10:19+00:00\" \/>\n<meta name=\"twitter:card\" content=\"summary_large_image\" \/>\n<meta name=\"twitter:label1\" content=\"Precio\" \/>\n\t<meta name=\"twitter:data1\" content=\"&#36;234 con IVA\" \/>\n\t<meta name=\"twitter:label2\" content=\"Availability\" \/>\n\t<meta name=\"twitter:data2\" content=\"In stock\" \/>\n<script type=\"application\/ld+json\" class=\"yoast-schema-graph\">{\"@context\":\"https:\/\/schema.org\",\"@graph\":[{\"@type\":\"WebPage\",\"@id\":\"https:\/\/compuviper.mx\/tienda\/producto\/start-the-game-hs-501-diadema-gamer-vorago-3-5mm-rgb-40mm\/\",\"url\":\"https:\/\/compuviper.mx\/tienda\/producto\/start-the-game-hs-501-diadema-gamer-vorago-3-5mm-rgb-40mm\/\",\"name\":\"[ Start The Game ] &#129351; Hs-501 Diadema Gamer Vorago 3.5mm, Rgb, 40mm\",\"isPartOf\":{\"@id\":\"https:\/\/compuviper.mx\/tienda\/#website\"},\"datePublished\":\"2026-04-02T08:10:18+00:00\",\"dateModified\":\"2026-04-02T08:10:19+00:00\",\"description\":\"Compra Hs-501 Diadema Gamer Vorago 3.5mm, Rgb, 40mm + Env\u00edo a domicilio + Pago seguro + Garant\u00eda\",\"breadcrumb\":{\"@id\":\"https:\/\/compuviper.mx\/tienda\/producto\/start-the-game-hs-501-diadema-gamer-vorago-3-5mm-rgb-40mm\/#breadcrumb\"},\"inLanguage\":\"es-MX\",\"potentialAction\":[{\"@type\":\"ReadAction\",\"target\":[\"https:\/\/compuviper.mx\/tienda\/producto\/start-the-game-hs-501-diadema-gamer-vorago-3-5mm-rgb-40mm\/\"]}]},{\"@type\":\"BreadcrumbList\",\"@id\":\"https:\/\/compuviper.mx\/tienda\/producto\/start-the-game-hs-501-diadema-gamer-vorago-3-5mm-rgb-40mm\/#breadcrumb\",\"itemListElement\":[{\"@type\":\"ListItem\",\"position\":1,\"name\":\"Inicio\",\"item\":\"https:\/\/compuviper.mx\/tienda\/\"},{\"@type\":\"ListItem\",\"position\":2,\"name\":\"Productos\",\"item\":\"https:\/\/compuviper.mx\/tienda\/productos\/\"},{\"@type\":\"ListItem\",\"position\":3,\"name\":\"Audifonos Y Micro\",\"item\":\"https:\/\/compuviper.mx\/tienda\/categoria-producto\/audifonos-y-micro\/\"},{\"@type\":\"ListItem\",\"position\":4,\"name\":\"Gamers\",\"item\":\"https:\/\/compuviper.mx\/tienda\/categoria-producto\/audifonos-y-micro\/gamers-audifonos-y-micro\/\"},{\"@type\":\"ListItem\",\"position\":5,\"name\":\"Start The Game Hs-501 Diadema Gamer Vorago 3.5mm, Rgb, 40mm\"}]},{\"@type\":\"WebSite\",\"@id\":\"https:\/\/compuviper.mx\/tienda\/#website\",\"url\":\"https:\/\/compuviper.mx\/tienda\/\",\"name\":\"Compuviper\",\"description\":\"Proveedor de Computadoras, Laptops, Servidores, Monitores, Puntos de Venta, Teclados,   Impresoras, T\u00f3ner, C\u00e1maras de Seguridad y m\u00e1s en tu tienda en l\u00ednea\",\"publisher\":{\"@id\":\"https:\/\/compuviper.mx\/tienda\/#organization\"},\"potentialAction\":[{\"@type\":\"SearchAction\",\"target\":{\"@type\":\"EntryPoint\",\"urlTemplate\":\"https:\/\/compuviper.mx\/tienda\/?s={search_term_string}\"},\"query-input\":\"required name=search_term_string\"}],\"inLanguage\":\"es-MX\"},{\"@type\":\"Organization\",\"@id\":\"https:\/\/compuviper.mx\/tienda\/#organization\",\"name\":\"Compuviper\",\"url\":\"https:\/\/compuviper.mx\/tienda\/\",\"logo\":{\"@type\":\"ImageObject\",\"inLanguage\":\"es-MX\",\"@id\":\"https:\/\/compuviper.mx\/tienda\/#\/schema\/logo\/image\/\",\"url\":\"https:\/\/compuviper.mx\/tienda\/wp-content\/uploads\/2021\/08\/Logo-Compuviper-10.png\",\"contentUrl\":\"https:\/\/compuviper.mx\/tienda\/wp-content\/uploads\/2021\/08\/Logo-Compuviper-10.png\",\"width\":1000,\"height\":500,\"caption\":\"Compuviper\"},\"image\":{\"@id\":\"https:\/\/compuviper.mx\/tienda\/#\/schema\/logo\/image\/\"},\"sameAs\":[\"https:\/\/www.facebook.com\/compuviper\",\"https:\/\/www.youtube.com\/channel\/UCf73dERp9Y3cfOq7q8BhLjA?view_as=subscriber\"]}]}<\/script>\n<meta property=\"product:brand\" content=\"Start The Game\" \/>\n<meta property=\"product:price:amount\" content=\"234\" \/>\n<meta property=\"product:price:currency\" content=\"MXN\" \/>\n<meta property=\"og:availability\" content=\"instock\" \/>\n<meta property=\"product:availability\" content=\"instock\" \/>\n<meta property=\"product:retailer_item_id\" content=\"HS-501\" \/>\n<meta property=\"product:condition\" content=\"new\" \/>\n<!-- \/ Yoast SEO plugin. -->","yoast_head_json":{"title":"[ Start The Game ] &#129351; Hs-501 Diadema Gamer Vorago 3.5mm, Rgb, 40mm","description":"Compra Hs-501 Diadema Gamer Vorago 3.5mm, Rgb, 40mm + Env\u00edo a domicilio + Pago seguro + Garant\u00eda","robots":{"index":"index","follow":"follow","max-snippet":"max-snippet:-1","max-image-preview":"max-image-preview:large","max-video-preview":"max-video-preview:-1"},"canonical":"https:\/\/compuviper.mx\/tienda\/producto\/start-the-game-hs-501-diadema-gamer-vorago-3-5mm-rgb-40mm\/","og_locale":"es_MX","og_type":"article","og_title":"[ Start The Game ] &#129351; Hs-501 Diadema Gamer Vorago 3.5mm, Rgb, 40mm","og_description":"Compra Hs-501 Diadema Gamer Vorago 3.5mm, Rgb, 40mm + Env\u00edo a domicilio + Pago seguro + Garant\u00eda","og_url":"https:\/\/compuviper.mx\/tienda\/producto\/start-the-game-hs-501-diadema-gamer-vorago-3-5mm-rgb-40mm\/","og_site_name":"Compuviper","article_publisher":"https:\/\/www.facebook.com\/compuviper","article_modified_time":"2026-04-02T08:10:19+00:00","twitter_card":"summary_large_image","twitter_misc":{"Precio":"&#36;234 con IVA","Availability":"In stock"},"schema":{"@context":"https:\/\/schema.org","@graph":[{"@type":"WebPage","@id":"https:\/\/compuviper.mx\/tienda\/producto\/start-the-game-hs-501-diadema-gamer-vorago-3-5mm-rgb-40mm\/","url":"https:\/\/compuviper.mx\/tienda\/producto\/start-the-game-hs-501-diadema-gamer-vorago-3-5mm-rgb-40mm\/","name":"[ Start The Game ] &#129351; Hs-501 Diadema Gamer Vorago 3.5mm, Rgb, 40mm","isPartOf":{"@id":"https:\/\/compuviper.mx\/tienda\/#website"},"datePublished":"2026-04-02T08:10:18+00:00","dateModified":"2026-04-02T08:10:19+00:00","description":"Compra Hs-501 Diadema Gamer Vorago 3.5mm, Rgb, 40mm + Env\u00edo a domicilio + Pago seguro + Garant\u00eda","breadcrumb":{"@id":"https:\/\/compuviper.mx\/tienda\/producto\/start-the-game-hs-501-diadema-gamer-vorago-3-5mm-rgb-40mm\/#breadcrumb"},"inLanguage":"es-MX","potentialAction":[{"@type":"ReadAction","target":["https:\/\/compuviper.mx\/tienda\/producto\/start-the-game-hs-501-diadema-gamer-vorago-3-5mm-rgb-40mm\/"]}]},{"@type":"BreadcrumbList","@id":"https:\/\/compuviper.mx\/tienda\/producto\/start-the-game-hs-501-diadema-gamer-vorago-3-5mm-rgb-40mm\/#breadcrumb","itemListElement":[{"@type":"ListItem","position":1,"name":"Inicio","item":"https:\/\/compuviper.mx\/tienda\/"},{"@type":"ListItem","position":2,"name":"Productos","item":"https:\/\/compuviper.mx\/tienda\/productos\/"},{"@type":"ListItem","position":3,"name":"Audifonos Y Micro","item":"https:\/\/compuviper.mx\/tienda\/categoria-producto\/audifonos-y-micro\/"},{"@type":"ListItem","position":4,"name":"Gamers","item":"https:\/\/compuviper.mx\/tienda\/categoria-producto\/audifonos-y-micro\/gamers-audifonos-y-micro\/"},{"@type":"ListItem","position":5,"name":"Start The Game Hs-501 Diadema Gamer Vorago 3.5mm, Rgb, 40mm"}]},{"@type":"WebSite","@id":"https:\/\/compuviper.mx\/tienda\/#website","url":"https:\/\/compuviper.mx\/tienda\/","name":"Compuviper","description":"Proveedor de Computadoras, Laptops, Servidores, Monitores, Puntos de Venta, Teclados,   Impresoras, T\u00f3ner, C\u00e1maras de Seguridad y m\u00e1s en tu tienda en l\u00ednea","publisher":{"@id":"https:\/\/compuviper.mx\/tienda\/#organization"},"potentialAction":[{"@type":"SearchAction","target":{"@type":"EntryPoint","urlTemplate":"https:\/\/compuviper.mx\/tienda\/?s={search_term_string}"},"query-input":"required name=search_term_string"}],"inLanguage":"es-MX"},{"@type":"Organization","@id":"https:\/\/compuviper.mx\/tienda\/#organization","name":"Compuviper","url":"https:\/\/compuviper.mx\/tienda\/","logo":{"@type":"ImageObject","inLanguage":"es-MX","@id":"https:\/\/compuviper.mx\/tienda\/#\/schema\/logo\/image\/","url":"https:\/\/compuviper.mx\/tienda\/wp-content\/uploads\/2021\/08\/Logo-Compuviper-10.png","contentUrl":"https:\/\/compuviper.mx\/tienda\/wp-content\/uploads\/2021\/08\/Logo-Compuviper-10.png","width":1000,"height":500,"caption":"Compuviper"},"image":{"@id":"https:\/\/compuviper.mx\/tienda\/#\/schema\/logo\/image\/"},"sameAs":["https:\/\/www.facebook.com\/compuviper","https:\/\/www.youtube.com\/channel\/UCf73dERp9Y3cfOq7q8BhLjA?view_as=subscriber"]}]},"product_brand":"Start The Game","product_price_amount":"234","product_price_currency":"MXN","og_availability":"instock","product_availability":"instock","product_retailer_item_id":"HS-501","product_condition":"new"},"_links":{"self":[{"href":"https:\/\/compuviper.mx\/tienda\/wp-json\/wp\/v2\/product\/264646"}],"collection":[{"href":"https:\/\/compuviper.mx\/tienda\/wp-json\/wp\/v2\/product"}],"about":[{"href":"https:\/\/compuviper.mx\/tienda\/wp-json\/wp\/v2\/types\/product"}],"replies":[{"embeddable":true,"href":"https:\/\/compuviper.mx\/tienda\/wp-json\/wp\/v2\/comments?post=264646"}],"wp:attachment":[{"href":"https:\/\/compuviper.mx\/tienda\/wp-json\/wp\/v2\/media?parent=264646"}],"wp:term":[{"taxonomy":"product_cat","embeddable":true,"href":"https:\/\/compuviper.mx\/tienda\/wp-json\/wp\/v2\/product_cat?post=264646"},{"taxonomy":"product_tag","embeddable":true,"href":"https:\/\/compuviper.mx\/tienda\/wp-json\/wp\/v2\/product_tag?post=264646"}],"curies":[{"name":"wp","href":"https:\/\/api.w.org\/{rel}","templated":true}]}}