{"id":264640,"date":"2026-04-18T01:49:25","date_gmt":"2026-04-18T07:49:25","guid":{"rendered":"https:\/\/compuviper.mx\/tienda\/producto\/canon-6882c004-multifuncional-maxify-gx6110-tinta-continua-con-funcin-inalmbrica-45-ppm-en-negro-y-25-ppm-a-color-impresin-copia-y-escner-wi-fi-usb-ethemet-cama-plana-y-adf-de-50-hojas\/"},"modified":"2026-04-18T01:49:25","modified_gmt":"2026-04-18T07:49:25","slug":"canon-6882c004-multifuncional-gx6110-tinta-continua-ppm-45-negro-25-color-usb-wifi-ethernet-red-adf-cama-plana","status":"publish","type":"product","link":"https:\/\/compuviper.mx\/tienda\/producto\/canon-6882c004-multifuncional-gx6110-tinta-continua-ppm-45-negro-25-color-usb-wifi-ethernet-red-adf-cama-plana\/","title":{"rendered":"Canon 6882c004 Multifuncional  Gx6110, Tinta Continua, Ppm 45 Negro\/ 25 Color, Usb, Wifi, Ethernet (red), Adf, Cama Plana"},"content":{"rendered":"<table class=\"descripcion\">\n<tr>\n<td>Especficaciones de impresin:<\/td>\n<\/tr>\n<tr>\n<td>Capacidad: a una cara simplex o doble cara dplex.<\/td>\n<\/tr>\n<tr>\n<td>Velocidad: negro tamao carta  aprox. 45 ppm y color tamao carta aprox. 25 ppm.<\/td>\n<\/tr>\n<tr>\n<td>Tiempo de salida de la primera p\u00e1gina: negro 7 seg y color 8 seg.<\/td>\n<\/tr>\n<tr>\n<td>Resolucin: hasta 600 x 1200 dpi.<\/td>\n<\/tr>\n<tr>\n<td>Nmero de boquillas: color c\/m\/y: 1,024 x 3 \/ negro bk: 1,280 \/ total: 4,352.<\/td>\n<\/tr>\n<tr>\n<td>Ciclo de trabajo m\u00e1ximo mensual: hasta 45,000 p\u00e1ginas.<\/td>\n<\/tr>\n<tr>\n<td>Vlumen de impresin mensual: hasta 4,000 p\u00e1ginas por mes.<\/td>\n<\/tr>\n<tr>\n<td>Bandeja de papel: bandeja principal de 250 hojas tamao carta. bandeja trasera de 100 hojas tamao carta.<\/td>\n<\/tr>\n<tr>\n<td>Especficaciones de copiadora:<\/td>\n<\/tr>\n<tr>\n<td>Funciones: copia est\u00e1ndar, copia a dos caras, copia manual a dos caras con adf, copia 4 en 1 o 2 en 1, copia de documentos, copia con borrado de marco solo con cama plana, copia con intercalacin, copia de tarjetas id, copia de exposicin autom\u00e1tica, reduccin, zoom 25-400, porcentajes de copia predefinidos.<\/td>\n<\/tr>\n<tr>\n<td>Documento a color: aprox. 12.0 seg simplex<\/td>\n<\/tr>\n<tr>\n<td>Tamao de copia maximo: cama plana: carta \/a4 y adf: legal.<\/td>\n<\/tr>\n<tr>\n<td>Especficaciones de esc\u00e1ner:<\/td>\n<\/tr>\n<tr>\n<td>Funciones: guardar en pc, adjuntar a correo electrnico, pdf de varias p\u00e1ginas, esc\u00e1near a carpeta, escaneo dplex de una sola pasada, guardar en unidad flash usb, volver a esc\u00e1near, rotar, recorte autom\u00e1tico, escanear a carpeta.<\/td>\n<\/tr>\n<tr>\n<td>Tipo de esc\u00e1ner: cama plana \/ adf<\/td>\n<\/tr>\n<tr>\n<td>Capacidad: esc\u00e1neo a una cara.<\/td>\n<\/tr>\n<tr>\n<td>Mtodo de escaneado: sensor de imagen de contacto cis.<\/td>\n<\/tr>\n<tr>\n<td>Resolusin de escaneo: 1200 x 1200 dpi.<\/td>\n<\/tr>\n<tr>\n<td>Color m\u00e1ximo profundidad de bits de escaneo: escala de grises: 16 bit \/ 8 bit.<\/td>\n<\/tr>\n<tr>\n<td>Tamao m\u00e1ximo de documento: cama plana: carta y en adf: legal.<\/td>\n<\/tr>\n<tr>\n<td>Capacidad de adf: 50 hojas de papel tamao carta.<\/td>\n<\/tr>\n<tr>\n<td>Especficaciones de tintas:<\/td>\n<\/tr>\n<tr>\n<td>Sistema de tinta e informacin: sistema de tinta continua pigmentada de 4 colores ciss, cabezales de impresin con tecnologa fine, depsitos de tinta integrados, botellas de tinta sin derrames para un llenado de tinta f\u00e1cil y sin ensuciar, forma nica de la punta de la botella de color para  un llenado correcto en todo momento.<\/td>\n<\/tr>\n<tr>\n<td>Tipo de tinta: gi-16 botellas de tinta pigmentada cian, magenta, amarillo y negro.<\/td>\n<\/tr>\n<tr>\n<td>Vlumen del depsito de tinta y llenado: gi-16 bk botella de tinta negra 167 ml y gi-16c,my botellas de tinta de color: 132 ml.<\/td>\n<\/tr>\n<tr>\n<td>Rendimiento: hasta 6,000 p\u00e1ginas negro y 14,000 p\u00e1ginas a color por juego completo de  botellas de tinta.<\/td>\n<\/tr>\n<tr>\n<td>Especficaciones de conectividad y software :<\/td>\n<\/tr>\n<tr>\n<td>Opciones: usb alta velocidad, wi-fi wireless lan, 2.4\/5 ghz, iieee 802.11 b\/g\/n\/a\/ac, wired lan 100base-tx \/ 10base-t.<\/td>\n<\/tr>\n<\/table>\n","protected":false},"excerpt":{"rendered":"<p>Maxify gx6110: multifuncional a color 3 en 1 con adf impresin, copia y esc\u00e1ner. Optimiza recursos y maxmiza tu potencial con un equipo compacto. Calidad de lneas mejorada, flujo de trabajo eficiente y seguridad total, todo en un solo dispositivo compacto e intuitivo. Obtn un rendimiento de impresin superior hasta 6,000 p\u00e1ginas en negro y 14,000 p\u00e1ginas a color.<\/p>\n","protected":false},"featured_media":0,"comment_status":"open","ping_status":"open","template":"","meta":[],"product_cat":[1780,1781],"product_tag":[1554],"acf":[],"yoast_head":"<!-- This site is optimized with the Yoast SEO plugin v21.7 - https:\/\/yoast.com\/wordpress\/plugins\/seo\/ -->\n<title>[ Canon ] &#129351; 6882c004 Multifuncional Gx6110, Tinta Continua, Ppm 45 Negro\/ 25 Color, Usb, Wifi, Ethernet (red), Adf, Cama Plana<\/title>\n<meta name=\"description\" content=\"Compra 6882c004 Multifuncional Gx6110, Tinta Continua, Ppm 45 Negro\/ 25 Color, Usb, Wifi, Ethernet (red), Adf, Cama Plana + Env\u00edo a domicilio + Pago seguro + Garant\u00eda\" \/>\n<meta name=\"robots\" content=\"index, follow, max-snippet:-1, max-image-preview:large, max-video-preview:-1\" \/>\n<link rel=\"canonical\" href=\"https:\/\/compuviper.mx\/tienda\/producto\/canon-6882c004-multifuncional-gx6110-tinta-continua-ppm-45-negro-25-color-usb-wifi-ethernet-red-adf-cama-plana\/\" \/>\n<meta property=\"og:locale\" content=\"es_MX\" \/>\n<meta property=\"og:type\" content=\"article\" \/>\n<meta property=\"og:title\" content=\"[ Canon ] &#129351; 6882c004 Multifuncional Gx6110, Tinta Continua, Ppm 45 Negro\/ 25 Color, Usb, Wifi, Ethernet (red), Adf, Cama Plana\" \/>\n<meta property=\"og:description\" content=\"Compra 6882c004 Multifuncional Gx6110, Tinta Continua, Ppm 45 Negro\/ 25 Color, Usb, Wifi, Ethernet (red), Adf, Cama Plana + Env\u00edo a domicilio + Pago seguro + Garant\u00eda\" \/>\n<meta property=\"og:url\" content=\"https:\/\/compuviper.mx\/tienda\/producto\/canon-6882c004-multifuncional-gx6110-tinta-continua-ppm-45-negro-25-color-usb-wifi-ethernet-red-adf-cama-plana\/\" \/>\n<meta property=\"og:site_name\" content=\"Compuviper\" \/>\n<meta property=\"article:publisher\" content=\"https:\/\/www.facebook.com\/compuviper\" \/>\n<meta name=\"twitter:card\" content=\"summary_large_image\" \/>\n<meta name=\"twitter:label1\" content=\"Precio\" \/>\n\t<meta name=\"twitter:data1\" content=\"&#36;9,814 &#36;8,589 con IVA\" \/>\n\t<meta name=\"twitter:label2\" content=\"Availability\" \/>\n\t<meta name=\"twitter:data2\" content=\"Out of stock\" \/>\n<script type=\"application\/ld+json\" class=\"yoast-schema-graph\">{\"@context\":\"https:\/\/schema.org\",\"@graph\":[{\"@type\":\"WebPage\",\"@id\":\"https:\/\/compuviper.mx\/tienda\/producto\/canon-6882c004-multifuncional-gx6110-tinta-continua-ppm-45-negro-25-color-usb-wifi-ethernet-red-adf-cama-plana\/\",\"url\":\"https:\/\/compuviper.mx\/tienda\/producto\/canon-6882c004-multifuncional-gx6110-tinta-continua-ppm-45-negro-25-color-usb-wifi-ethernet-red-adf-cama-plana\/\",\"name\":\"[ Canon ] &#129351; 6882c004 Multifuncional Gx6110, Tinta Continua, Ppm 45 Negro\/ 25 Color, Usb, Wifi, Ethernet (red), Adf, Cama Plana\",\"isPartOf\":{\"@id\":\"https:\/\/compuviper.mx\/tienda\/#website\"},\"datePublished\":\"2026-04-18T07:49:25+00:00\",\"dateModified\":\"2026-04-18T07:49:25+00:00\",\"description\":\"Compra 6882c004 Multifuncional Gx6110, Tinta Continua, Ppm 45 Negro\/ 25 Color, Usb, Wifi, Ethernet (red), Adf, Cama Plana + Env\u00edo a domicilio + Pago seguro + Garant\u00eda\",\"breadcrumb\":{\"@id\":\"https:\/\/compuviper.mx\/tienda\/producto\/canon-6882c004-multifuncional-gx6110-tinta-continua-ppm-45-negro-25-color-usb-wifi-ethernet-red-adf-cama-plana\/#breadcrumb\"},\"inLanguage\":\"es-MX\",\"potentialAction\":[{\"@type\":\"ReadAction\",\"target\":[\"https:\/\/compuviper.mx\/tienda\/producto\/canon-6882c004-multifuncional-gx6110-tinta-continua-ppm-45-negro-25-color-usb-wifi-ethernet-red-adf-cama-plana\/\"]}]},{\"@type\":\"BreadcrumbList\",\"@id\":\"https:\/\/compuviper.mx\/tienda\/producto\/canon-6882c004-multifuncional-gx6110-tinta-continua-ppm-45-negro-25-color-usb-wifi-ethernet-red-adf-cama-plana\/#breadcrumb\",\"itemListElement\":[{\"@type\":\"ListItem\",\"position\":1,\"name\":\"Inicio\",\"item\":\"https:\/\/compuviper.mx\/tienda\/\"},{\"@type\":\"ListItem\",\"position\":2,\"name\":\"Productos\",\"item\":\"https:\/\/compuviper.mx\/tienda\/productos\/\"},{\"@type\":\"ListItem\",\"position\":3,\"name\":\"Multifuncionales\",\"item\":\"https:\/\/compuviper.mx\/tienda\/categoria-producto\/multifuncionales\/\"},{\"@type\":\"ListItem\",\"position\":4,\"name\":\"Inyeccion De Tinta\",\"item\":\"https:\/\/compuviper.mx\/tienda\/categoria-producto\/multifuncionales\/inyeccion-de-tinta\/\"},{\"@type\":\"ListItem\",\"position\":5,\"name\":\"Canon 6882c004 Multifuncional Gx6110, Tinta Continua, Ppm 45 Negro\/ 25 Color, Usb, Wifi, Ethernet (red), Adf, Cama Plana\"}]},{\"@type\":\"WebSite\",\"@id\":\"https:\/\/compuviper.mx\/tienda\/#website\",\"url\":\"https:\/\/compuviper.mx\/tienda\/\",\"name\":\"Compuviper\",\"description\":\"Proveedor de Computadoras, Laptops, Servidores, Monitores, Puntos de Venta, Teclados,   Impresoras, T\u00f3ner, C\u00e1maras de Seguridad y m\u00e1s en tu tienda en l\u00ednea\",\"publisher\":{\"@id\":\"https:\/\/compuviper.mx\/tienda\/#organization\"},\"potentialAction\":[{\"@type\":\"SearchAction\",\"target\":{\"@type\":\"EntryPoint\",\"urlTemplate\":\"https:\/\/compuviper.mx\/tienda\/?s={search_term_string}\"},\"query-input\":\"required name=search_term_string\"}],\"inLanguage\":\"es-MX\"},{\"@type\":\"Organization\",\"@id\":\"https:\/\/compuviper.mx\/tienda\/#organization\",\"name\":\"Compuviper\",\"url\":\"https:\/\/compuviper.mx\/tienda\/\",\"logo\":{\"@type\":\"ImageObject\",\"inLanguage\":\"es-MX\",\"@id\":\"https:\/\/compuviper.mx\/tienda\/#\/schema\/logo\/image\/\",\"url\":\"https:\/\/compuviper.mx\/tienda\/wp-content\/uploads\/2021\/08\/Logo-Compuviper-10.png\",\"contentUrl\":\"https:\/\/compuviper.mx\/tienda\/wp-content\/uploads\/2021\/08\/Logo-Compuviper-10.png\",\"width\":1000,\"height\":500,\"caption\":\"Compuviper\"},\"image\":{\"@id\":\"https:\/\/compuviper.mx\/tienda\/#\/schema\/logo\/image\/\"},\"sameAs\":[\"https:\/\/www.facebook.com\/compuviper\",\"https:\/\/www.youtube.com\/channel\/UCf73dERp9Y3cfOq7q8BhLjA?view_as=subscriber\"]}]}<\/script>\n<meta property=\"product:brand\" content=\"CANON\" \/>\n<meta property=\"product:price:amount\" content=\"8589\" \/>\n<meta property=\"product:price:currency\" content=\"MXN\" \/>\n<meta property=\"og:availability\" content=\"out of stock\" \/>\n<meta property=\"product:availability\" content=\"out of stock\" \/>\n<meta property=\"product:retailer_item_id\" content=\"6882C004\" \/>\n<meta property=\"product:condition\" content=\"new\" \/>\n<!-- \/ Yoast SEO plugin. -->","yoast_head_json":{"title":"[ Canon ] &#129351; 6882c004 Multifuncional Gx6110, Tinta Continua, Ppm 45 Negro\/ 25 Color, Usb, Wifi, Ethernet (red), Adf, Cama Plana","description":"Compra 6882c004 Multifuncional Gx6110, Tinta Continua, Ppm 45 Negro\/ 25 Color, Usb, Wifi, Ethernet (red), Adf, Cama Plana + Env\u00edo a domicilio + Pago seguro + Garant\u00eda","robots":{"index":"index","follow":"follow","max-snippet":"max-snippet:-1","max-image-preview":"max-image-preview:large","max-video-preview":"max-video-preview:-1"},"canonical":"https:\/\/compuviper.mx\/tienda\/producto\/canon-6882c004-multifuncional-gx6110-tinta-continua-ppm-45-negro-25-color-usb-wifi-ethernet-red-adf-cama-plana\/","og_locale":"es_MX","og_type":"article","og_title":"[ Canon ] &#129351; 6882c004 Multifuncional Gx6110, Tinta Continua, Ppm 45 Negro\/ 25 Color, Usb, Wifi, Ethernet (red), Adf, Cama Plana","og_description":"Compra 6882c004 Multifuncional Gx6110, Tinta Continua, Ppm 45 Negro\/ 25 Color, Usb, Wifi, Ethernet (red), Adf, Cama Plana + Env\u00edo a domicilio + Pago seguro + Garant\u00eda","og_url":"https:\/\/compuviper.mx\/tienda\/producto\/canon-6882c004-multifuncional-gx6110-tinta-continua-ppm-45-negro-25-color-usb-wifi-ethernet-red-adf-cama-plana\/","og_site_name":"Compuviper","article_publisher":"https:\/\/www.facebook.com\/compuviper","twitter_card":"summary_large_image","twitter_misc":{"Precio":"&#36;9,814 &#36;8,589 con IVA","Availability":"Out of stock"},"schema":{"@context":"https:\/\/schema.org","@graph":[{"@type":"WebPage","@id":"https:\/\/compuviper.mx\/tienda\/producto\/canon-6882c004-multifuncional-gx6110-tinta-continua-ppm-45-negro-25-color-usb-wifi-ethernet-red-adf-cama-plana\/","url":"https:\/\/compuviper.mx\/tienda\/producto\/canon-6882c004-multifuncional-gx6110-tinta-continua-ppm-45-negro-25-color-usb-wifi-ethernet-red-adf-cama-plana\/","name":"[ Canon ] &#129351; 6882c004 Multifuncional Gx6110, Tinta Continua, Ppm 45 Negro\/ 25 Color, Usb, Wifi, Ethernet (red), Adf, Cama Plana","isPartOf":{"@id":"https:\/\/compuviper.mx\/tienda\/#website"},"datePublished":"2026-04-18T07:49:25+00:00","dateModified":"2026-04-18T07:49:25+00:00","description":"Compra 6882c004 Multifuncional Gx6110, Tinta Continua, Ppm 45 Negro\/ 25 Color, Usb, Wifi, Ethernet (red), Adf, Cama Plana + Env\u00edo a domicilio + Pago seguro + Garant\u00eda","breadcrumb":{"@id":"https:\/\/compuviper.mx\/tienda\/producto\/canon-6882c004-multifuncional-gx6110-tinta-continua-ppm-45-negro-25-color-usb-wifi-ethernet-red-adf-cama-plana\/#breadcrumb"},"inLanguage":"es-MX","potentialAction":[{"@type":"ReadAction","target":["https:\/\/compuviper.mx\/tienda\/producto\/canon-6882c004-multifuncional-gx6110-tinta-continua-ppm-45-negro-25-color-usb-wifi-ethernet-red-adf-cama-plana\/"]}]},{"@type":"BreadcrumbList","@id":"https:\/\/compuviper.mx\/tienda\/producto\/canon-6882c004-multifuncional-gx6110-tinta-continua-ppm-45-negro-25-color-usb-wifi-ethernet-red-adf-cama-plana\/#breadcrumb","itemListElement":[{"@type":"ListItem","position":1,"name":"Inicio","item":"https:\/\/compuviper.mx\/tienda\/"},{"@type":"ListItem","position":2,"name":"Productos","item":"https:\/\/compuviper.mx\/tienda\/productos\/"},{"@type":"ListItem","position":3,"name":"Multifuncionales","item":"https:\/\/compuviper.mx\/tienda\/categoria-producto\/multifuncionales\/"},{"@type":"ListItem","position":4,"name":"Inyeccion De Tinta","item":"https:\/\/compuviper.mx\/tienda\/categoria-producto\/multifuncionales\/inyeccion-de-tinta\/"},{"@type":"ListItem","position":5,"name":"Canon 6882c004 Multifuncional Gx6110, Tinta Continua, Ppm 45 Negro\/ 25 Color, Usb, Wifi, Ethernet (red), Adf, Cama Plana"}]},{"@type":"WebSite","@id":"https:\/\/compuviper.mx\/tienda\/#website","url":"https:\/\/compuviper.mx\/tienda\/","name":"Compuviper","description":"Proveedor de Computadoras, Laptops, Servidores, Monitores, Puntos de Venta, Teclados,   Impresoras, T\u00f3ner, C\u00e1maras de Seguridad y m\u00e1s en tu tienda en l\u00ednea","publisher":{"@id":"https:\/\/compuviper.mx\/tienda\/#organization"},"potentialAction":[{"@type":"SearchAction","target":{"@type":"EntryPoint","urlTemplate":"https:\/\/compuviper.mx\/tienda\/?s={search_term_string}"},"query-input":"required name=search_term_string"}],"inLanguage":"es-MX"},{"@type":"Organization","@id":"https:\/\/compuviper.mx\/tienda\/#organization","name":"Compuviper","url":"https:\/\/compuviper.mx\/tienda\/","logo":{"@type":"ImageObject","inLanguage":"es-MX","@id":"https:\/\/compuviper.mx\/tienda\/#\/schema\/logo\/image\/","url":"https:\/\/compuviper.mx\/tienda\/wp-content\/uploads\/2021\/08\/Logo-Compuviper-10.png","contentUrl":"https:\/\/compuviper.mx\/tienda\/wp-content\/uploads\/2021\/08\/Logo-Compuviper-10.png","width":1000,"height":500,"caption":"Compuviper"},"image":{"@id":"https:\/\/compuviper.mx\/tienda\/#\/schema\/logo\/image\/"},"sameAs":["https:\/\/www.facebook.com\/compuviper","https:\/\/www.youtube.com\/channel\/UCf73dERp9Y3cfOq7q8BhLjA?view_as=subscriber"]}]},"product_brand":"CANON","product_price_amount":"8589","product_price_currency":"MXN","og_availability":"out of stock","product_availability":"out of stock","product_retailer_item_id":"6882C004","product_condition":"new"},"_links":{"self":[{"href":"https:\/\/compuviper.mx\/tienda\/wp-json\/wp\/v2\/product\/264640"}],"collection":[{"href":"https:\/\/compuviper.mx\/tienda\/wp-json\/wp\/v2\/product"}],"about":[{"href":"https:\/\/compuviper.mx\/tienda\/wp-json\/wp\/v2\/types\/product"}],"replies":[{"embeddable":true,"href":"https:\/\/compuviper.mx\/tienda\/wp-json\/wp\/v2\/comments?post=264640"}],"wp:attachment":[{"href":"https:\/\/compuviper.mx\/tienda\/wp-json\/wp\/v2\/media?parent=264640"}],"wp:term":[{"taxonomy":"product_cat","embeddable":true,"href":"https:\/\/compuviper.mx\/tienda\/wp-json\/wp\/v2\/product_cat?post=264640"},{"taxonomy":"product_tag","embeddable":true,"href":"https:\/\/compuviper.mx\/tienda\/wp-json\/wp\/v2\/product_tag?post=264640"}],"curies":[{"name":"wp","href":"https:\/\/api.w.org\/{rel}","templated":true}]}}