{"id":264633,"date":"2026-04-18T01:15:40","date_gmt":"2026-04-18T07:15:40","guid":{"rendered":"https:\/\/compuviper.mx\/tienda\/producto\/intellinet-561273-redes-switch-gigabit-ethernet-de-24-puertos\/"},"modified":"2026-04-18T01:15:40","modified_gmt":"2026-04-18T07:15:40","slug":"intellinet-561273-redes-switch-gigabit-ethernet-de-24-puertos","status":"publish","type":"product","link":"https:\/\/compuviper.mx\/tienda\/producto\/intellinet-561273-redes-switch-gigabit-ethernet-de-24-puertos\/","title":{"rendered":"Intellinet 561273 Redes\/\/ \/switch Gigabit Ethernet De 24 Puertos"},"content":{"rendered":"<table class=\"descripcion\">\n<tr>\n<td>\u0095 medios soportados:<\/td>\n<\/tr>\n<tr>\n<td>&#8211; 10base-t cat3, 4, 5 utp\/stp rj45<\/td>\n<\/tr>\n<tr>\n<td>&#8211; 100base-tx cat5 utp\/stp rj45<\/td>\n<\/tr>\n<tr>\n<td>&#8211; 1000base-t cat5e utp\/stp rj45<\/td>\n<\/tr>\n<tr>\n<td>\u0095 filtro de paquetes\/tasa de env\u00edo:<\/td>\n<\/tr>\n<tr>\n<td>&#8211; 1.488.000 pps (1.000 mbps)<\/td>\n<\/tr>\n<tr>\n<td>&#8211; 148.800 pps (100 mbps)<\/td>\n<\/tr>\n<tr>\n<td>&#8211; 14.880 pps (10 mbps)<\/td>\n<\/tr>\n<tr>\n<td>\u0095 b\u00fafer de memoria: 16384 mbytes<\/td>\n<\/tr>\n<tr>\n<td>\u0095 velocidad de placa base: 48 gbps<\/td>\n<\/tr>\n<tr>\n<td>\u0095 tramas jumbo de hasta 9 kbytes<\/td>\n<\/tr>\n<tr>\n<td>\u0095 arquitectura del switch: almacenamiento y reenvio<\/td>\n<\/tr>\n<tr>\n<td>\u0095 24 puertos rj45 gigabit ethernet<\/td>\n<\/tr>\n<tr>\n<td>\u0095 certificaciones: fcc clase a, marca ce<\/td>\n<\/tr>\n<tr>\n<td>Leds<\/td>\n<\/tr>\n<tr>\n<td>\u0095 alimentaci\u00f3n<\/td>\n<\/tr>\n<tr>\n<td>\u0095 enlace\/ actividad por puerto<\/td>\n<\/tr>\n<tr>\n<td>Alimentaci\u00f3n<\/td>\n<\/tr>\n<tr>\n<td>\u0095 entrada: 100 v a 240 v ca, 50 \u00f3 60 hz<\/td>\n<\/tr>\n<tr>\n<td>\u0095 consumo de potencia: 16 watts (m\u00e1ximo)<\/td>\n<\/tr>\n<tr>\n<td>Dise\u00f1o:<\/td>\n<\/tr>\n<tr>\n<td>\u0095 chasis met\u00e1lico<\/td>\n<\/tr>\n<tr>\n<td>\u0095 dimensiones: 180 (ancho) x 280 (largo) x 44 (alto) [mm]<\/td>\n<\/tr>\n<tr>\n<td>\u0095 peso: 2,6 kg<\/td>\n<\/tr>\n<tr>\n<td>Ambiente:<\/td>\n<\/tr>\n<tr>\n<td>\u0095 temperatura de operaci\u00f3n: 0\u00b0c \u0096 40\u00b0c<\/td>\n<\/tr>\n<tr>\n<td>\u0095 humedad de funcionamiento: -10 \u0096 90% rh, sin condensar<\/td>\n<\/tr>\n<tr>\n<td>\u0095 temperatura de almacenamiento: -20\u00b0 a 70\u00b0c<\/td>\n<\/tr>\n<tr>\n<td>Contenido del paquete:<\/td>\n<\/tr>\n<tr>\n<td>\u0095 switch gigabit ethernet de 24 puertos<\/td>\n<\/tr>\n<tr>\n<td>\u0095 soportes para montaje en rack de 19<\/td>\n<\/tr>\n<tr>\n<td>\u0095 cable de alimentaci\u00f3n<\/td>\n<\/tr>\n<tr>\n<td>\u0095 instrucciones<\/td>\n<\/tr>\n<\/table>\n","protected":false},"excerpt":{"rendered":"<p>\u0095 puertos 10\/100\/1000 autosentitivos que detectan autom\u00e1ticamente las velocidades \u00f3ptimas de la red. \u0095 todos los puertos rj45 cuentan con soporte mdi-mdix (uplink-autom\u00e1tico. \u0095 para su uso en escritorio o montaje en rack est\u00e1ndar de 19. \u0095 admite autonegociaci\u00f3n nway. \u0095 arquitectura de conmutaci\u00f3n de almacenaje y reenv\u00edo. \u0095 operaci\u00f3n full\/half d\u00faplex. \u0095 soporta 802.3x control de flujo para modo full d\u00faplex y contrapresi\u00f3n basado en colisiones para modo half d\u00faplex. \u0095 la funci\u00f3n green ethernet desactiva el consumo de corriente en los puertos no utilizados, y en los utilizados, los ajusta dependiendo de la longitud del cable. \u0095 cumple con la especificaci\u00f3n ieee 802.3az (ethernet de eficiencia de energ\u00eda, eee. \u0095 conmutaci\u00f3n de 48 gbps. \u0095 soporta tramas jumbo de hasta 9 kbytes. \u0095 soporta 16k entradas de direcciones mac. \u0095 memoria b\u00fafer de 512 kbytes. \u0095 soporta auto aprendizaje de direcciones mac y liberaci\u00f3n por tiempo autom\u00e1tico. \u0095 dise\u00f1o sin ventiladores, ideal para una operaci\u00f3n silenciosa. \u0095 incluye soportes para montaje en rack\/gabinete de 19. \u0095 totalmente compatible con la ndaa. \u0095 tres a\u00f1os de garant\u00eda (*consulte el tiempo de garant\u00eda en su ciudad o pa\u00eds*)<\/p>\n","protected":false},"featured_media":0,"comment_status":"open","ping_status":"open","template":"","meta":[],"product_cat":[1563,1564],"product_tag":[1489],"acf":[],"yoast_head":"<!-- This site is optimized with the Yoast SEO plugin v21.7 - https:\/\/yoast.com\/wordpress\/plugins\/seo\/ -->\n<title>[ Intellinet ] &#129351; 561273 Redes\/\/ \/switch Gigabit Ethernet De 24 Puertos<\/title>\n<meta name=\"description\" content=\"Compra 561273 Redes\/\/ \/switch Gigabit Ethernet De 24 Puertos + Env\u00edo a domicilio + Pago seguro + Garant\u00eda\" \/>\n<meta name=\"robots\" content=\"index, follow, max-snippet:-1, max-image-preview:large, max-video-preview:-1\" \/>\n<link rel=\"canonical\" href=\"https:\/\/compuviper.mx\/tienda\/producto\/intellinet-561273-redes-switch-gigabit-ethernet-de-24-puertos\/\" \/>\n<meta property=\"og:locale\" content=\"es_MX\" \/>\n<meta property=\"og:type\" content=\"article\" \/>\n<meta property=\"og:title\" content=\"[ Intellinet ] &#129351; 561273 Redes\/\/ \/switch Gigabit Ethernet De 24 Puertos\" \/>\n<meta property=\"og:description\" content=\"Compra 561273 Redes\/\/ \/switch Gigabit Ethernet De 24 Puertos + Env\u00edo a domicilio + Pago seguro + Garant\u00eda\" \/>\n<meta property=\"og:url\" content=\"https:\/\/compuviper.mx\/tienda\/producto\/intellinet-561273-redes-switch-gigabit-ethernet-de-24-puertos\/\" \/>\n<meta property=\"og:site_name\" content=\"Compuviper\" \/>\n<meta property=\"article:publisher\" content=\"https:\/\/www.facebook.com\/compuviper\" \/>\n<meta name=\"twitter:card\" content=\"summary_large_image\" \/>\n<meta name=\"twitter:label1\" content=\"Precio\" \/>\n\t<meta name=\"twitter:data1\" content=\"&#36;1,594 con IVA\" \/>\n\t<meta name=\"twitter:label2\" content=\"Availability\" \/>\n\t<meta name=\"twitter:data2\" content=\"On backorder\" \/>\n<script type=\"application\/ld+json\" class=\"yoast-schema-graph\">{\"@context\":\"https:\/\/schema.org\",\"@graph\":[{\"@type\":\"WebPage\",\"@id\":\"https:\/\/compuviper.mx\/tienda\/producto\/intellinet-561273-redes-switch-gigabit-ethernet-de-24-puertos\/\",\"url\":\"https:\/\/compuviper.mx\/tienda\/producto\/intellinet-561273-redes-switch-gigabit-ethernet-de-24-puertos\/\",\"name\":\"[ Intellinet ] &#129351; 561273 Redes\/\/ \/switch Gigabit Ethernet De 24 Puertos\",\"isPartOf\":{\"@id\":\"https:\/\/compuviper.mx\/tienda\/#website\"},\"datePublished\":\"2026-04-18T07:15:40+00:00\",\"dateModified\":\"2026-04-18T07:15:40+00:00\",\"description\":\"Compra 561273 Redes\/\/ \/switch Gigabit Ethernet De 24 Puertos + Env\u00edo a domicilio + Pago seguro + Garant\u00eda\",\"breadcrumb\":{\"@id\":\"https:\/\/compuviper.mx\/tienda\/producto\/intellinet-561273-redes-switch-gigabit-ethernet-de-24-puertos\/#breadcrumb\"},\"inLanguage\":\"es-MX\",\"potentialAction\":[{\"@type\":\"ReadAction\",\"target\":[\"https:\/\/compuviper.mx\/tienda\/producto\/intellinet-561273-redes-switch-gigabit-ethernet-de-24-puertos\/\"]}]},{\"@type\":\"BreadcrumbList\",\"@id\":\"https:\/\/compuviper.mx\/tienda\/producto\/intellinet-561273-redes-switch-gigabit-ethernet-de-24-puertos\/#breadcrumb\",\"itemListElement\":[{\"@type\":\"ListItem\",\"position\":1,\"name\":\"Inicio\",\"item\":\"https:\/\/compuviper.mx\/tienda\/\"},{\"@type\":\"ListItem\",\"position\":2,\"name\":\"Productos\",\"item\":\"https:\/\/compuviper.mx\/tienda\/productos\/\"},{\"@type\":\"ListItem\",\"position\":3,\"name\":\"Redes\",\"item\":\"https:\/\/compuviper.mx\/tienda\/categoria-producto\/redes\/\"},{\"@type\":\"ListItem\",\"position\":4,\"name\":\"Switch\",\"item\":\"https:\/\/compuviper.mx\/tienda\/categoria-producto\/redes\/switch\/\"},{\"@type\":\"ListItem\",\"position\":5,\"name\":\"Intellinet 561273 Redes\/\/ \/switch Gigabit Ethernet De 24 Puertos\"}]},{\"@type\":\"WebSite\",\"@id\":\"https:\/\/compuviper.mx\/tienda\/#website\",\"url\":\"https:\/\/compuviper.mx\/tienda\/\",\"name\":\"Compuviper\",\"description\":\"Proveedor de Computadoras, Laptops, Servidores, Monitores, Puntos de Venta, Teclados,   Impresoras, T\u00f3ner, C\u00e1maras de Seguridad y m\u00e1s en tu tienda en l\u00ednea\",\"publisher\":{\"@id\":\"https:\/\/compuviper.mx\/tienda\/#organization\"},\"potentialAction\":[{\"@type\":\"SearchAction\",\"target\":{\"@type\":\"EntryPoint\",\"urlTemplate\":\"https:\/\/compuviper.mx\/tienda\/?s={search_term_string}\"},\"query-input\":\"required name=search_term_string\"}],\"inLanguage\":\"es-MX\"},{\"@type\":\"Organization\",\"@id\":\"https:\/\/compuviper.mx\/tienda\/#organization\",\"name\":\"Compuviper\",\"url\":\"https:\/\/compuviper.mx\/tienda\/\",\"logo\":{\"@type\":\"ImageObject\",\"inLanguage\":\"es-MX\",\"@id\":\"https:\/\/compuviper.mx\/tienda\/#\/schema\/logo\/image\/\",\"url\":\"https:\/\/compuviper.mx\/tienda\/wp-content\/uploads\/2021\/08\/Logo-Compuviper-10.png\",\"contentUrl\":\"https:\/\/compuviper.mx\/tienda\/wp-content\/uploads\/2021\/08\/Logo-Compuviper-10.png\",\"width\":1000,\"height\":500,\"caption\":\"Compuviper\"},\"image\":{\"@id\":\"https:\/\/compuviper.mx\/tienda\/#\/schema\/logo\/image\/\"},\"sameAs\":[\"https:\/\/www.facebook.com\/compuviper\",\"https:\/\/www.youtube.com\/channel\/UCf73dERp9Y3cfOq7q8BhLjA?view_as=subscriber\"]}]}<\/script>\n<meta property=\"product:brand\" content=\"INTELLINET\" \/>\n<meta property=\"product:price:amount\" content=\"1594\" \/>\n<meta property=\"product:price:currency\" content=\"MXN\" \/>\n<meta property=\"og:availability\" content=\"backorder\" \/>\n<meta property=\"product:availability\" content=\"available for order\" \/>\n<meta property=\"product:retailer_item_id\" content=\"561273\" \/>\n<meta property=\"product:condition\" content=\"new\" \/>\n<!-- \/ Yoast SEO plugin. -->","yoast_head_json":{"title":"[ Intellinet ] &#129351; 561273 Redes\/\/ \/switch Gigabit Ethernet De 24 Puertos","description":"Compra 561273 Redes\/\/ \/switch Gigabit Ethernet De 24 Puertos + Env\u00edo a domicilio + Pago seguro + Garant\u00eda","robots":{"index":"index","follow":"follow","max-snippet":"max-snippet:-1","max-image-preview":"max-image-preview:large","max-video-preview":"max-video-preview:-1"},"canonical":"https:\/\/compuviper.mx\/tienda\/producto\/intellinet-561273-redes-switch-gigabit-ethernet-de-24-puertos\/","og_locale":"es_MX","og_type":"article","og_title":"[ Intellinet ] &#129351; 561273 Redes\/\/ \/switch Gigabit Ethernet De 24 Puertos","og_description":"Compra 561273 Redes\/\/ \/switch Gigabit Ethernet De 24 Puertos + Env\u00edo a domicilio + Pago seguro + Garant\u00eda","og_url":"https:\/\/compuviper.mx\/tienda\/producto\/intellinet-561273-redes-switch-gigabit-ethernet-de-24-puertos\/","og_site_name":"Compuviper","article_publisher":"https:\/\/www.facebook.com\/compuviper","twitter_card":"summary_large_image","twitter_misc":{"Precio":"&#36;1,594 con IVA","Availability":"On backorder"},"schema":{"@context":"https:\/\/schema.org","@graph":[{"@type":"WebPage","@id":"https:\/\/compuviper.mx\/tienda\/producto\/intellinet-561273-redes-switch-gigabit-ethernet-de-24-puertos\/","url":"https:\/\/compuviper.mx\/tienda\/producto\/intellinet-561273-redes-switch-gigabit-ethernet-de-24-puertos\/","name":"[ Intellinet ] &#129351; 561273 Redes\/\/ \/switch Gigabit Ethernet De 24 Puertos","isPartOf":{"@id":"https:\/\/compuviper.mx\/tienda\/#website"},"datePublished":"2026-04-18T07:15:40+00:00","dateModified":"2026-04-18T07:15:40+00:00","description":"Compra 561273 Redes\/\/ \/switch Gigabit Ethernet De 24 Puertos + Env\u00edo a domicilio + Pago seguro + Garant\u00eda","breadcrumb":{"@id":"https:\/\/compuviper.mx\/tienda\/producto\/intellinet-561273-redes-switch-gigabit-ethernet-de-24-puertos\/#breadcrumb"},"inLanguage":"es-MX","potentialAction":[{"@type":"ReadAction","target":["https:\/\/compuviper.mx\/tienda\/producto\/intellinet-561273-redes-switch-gigabit-ethernet-de-24-puertos\/"]}]},{"@type":"BreadcrumbList","@id":"https:\/\/compuviper.mx\/tienda\/producto\/intellinet-561273-redes-switch-gigabit-ethernet-de-24-puertos\/#breadcrumb","itemListElement":[{"@type":"ListItem","position":1,"name":"Inicio","item":"https:\/\/compuviper.mx\/tienda\/"},{"@type":"ListItem","position":2,"name":"Productos","item":"https:\/\/compuviper.mx\/tienda\/productos\/"},{"@type":"ListItem","position":3,"name":"Redes","item":"https:\/\/compuviper.mx\/tienda\/categoria-producto\/redes\/"},{"@type":"ListItem","position":4,"name":"Switch","item":"https:\/\/compuviper.mx\/tienda\/categoria-producto\/redes\/switch\/"},{"@type":"ListItem","position":5,"name":"Intellinet 561273 Redes\/\/ \/switch Gigabit Ethernet De 24 Puertos"}]},{"@type":"WebSite","@id":"https:\/\/compuviper.mx\/tienda\/#website","url":"https:\/\/compuviper.mx\/tienda\/","name":"Compuviper","description":"Proveedor de Computadoras, Laptops, Servidores, Monitores, Puntos de Venta, Teclados,   Impresoras, T\u00f3ner, C\u00e1maras de Seguridad y m\u00e1s en tu tienda en l\u00ednea","publisher":{"@id":"https:\/\/compuviper.mx\/tienda\/#organization"},"potentialAction":[{"@type":"SearchAction","target":{"@type":"EntryPoint","urlTemplate":"https:\/\/compuviper.mx\/tienda\/?s={search_term_string}"},"query-input":"required name=search_term_string"}],"inLanguage":"es-MX"},{"@type":"Organization","@id":"https:\/\/compuviper.mx\/tienda\/#organization","name":"Compuviper","url":"https:\/\/compuviper.mx\/tienda\/","logo":{"@type":"ImageObject","inLanguage":"es-MX","@id":"https:\/\/compuviper.mx\/tienda\/#\/schema\/logo\/image\/","url":"https:\/\/compuviper.mx\/tienda\/wp-content\/uploads\/2021\/08\/Logo-Compuviper-10.png","contentUrl":"https:\/\/compuviper.mx\/tienda\/wp-content\/uploads\/2021\/08\/Logo-Compuviper-10.png","width":1000,"height":500,"caption":"Compuviper"},"image":{"@id":"https:\/\/compuviper.mx\/tienda\/#\/schema\/logo\/image\/"},"sameAs":["https:\/\/www.facebook.com\/compuviper","https:\/\/www.youtube.com\/channel\/UCf73dERp9Y3cfOq7q8BhLjA?view_as=subscriber"]}]},"product_brand":"INTELLINET","product_price_amount":"1594","product_price_currency":"MXN","og_availability":"backorder","product_availability":"available for order","product_retailer_item_id":"561273","product_condition":"new"},"_links":{"self":[{"href":"https:\/\/compuviper.mx\/tienda\/wp-json\/wp\/v2\/product\/264633"}],"collection":[{"href":"https:\/\/compuviper.mx\/tienda\/wp-json\/wp\/v2\/product"}],"about":[{"href":"https:\/\/compuviper.mx\/tienda\/wp-json\/wp\/v2\/types\/product"}],"replies":[{"embeddable":true,"href":"https:\/\/compuviper.mx\/tienda\/wp-json\/wp\/v2\/comments?post=264633"}],"wp:attachment":[{"href":"https:\/\/compuviper.mx\/tienda\/wp-json\/wp\/v2\/media?parent=264633"}],"wp:term":[{"taxonomy":"product_cat","embeddable":true,"href":"https:\/\/compuviper.mx\/tienda\/wp-json\/wp\/v2\/product_cat?post=264633"},{"taxonomy":"product_tag","embeddable":true,"href":"https:\/\/compuviper.mx\/tienda\/wp-json\/wp\/v2\/product_tag?post=264633"}],"curies":[{"name":"wp","href":"https:\/\/api.w.org\/{rel}","templated":true}]}}