{"id":264629,"date":"2026-04-09T01:07:49","date_gmt":"2026-04-09T07:07:49","guid":{"rendered":"https:\/\/compuviper.mx\/tienda\/producto\/game-factor-mog602-wh-mouse-mog602-click-lser-pixart-3370-19000-dpi-6-botones-1-fast-click-rgb-blanco\/"},"modified":"2026-04-09T01:07:50","modified_gmt":"2026-04-09T07:07:50","slug":"game-factor-mog602-wh-mouse-mog602-click-lser-pixart-3370-19000-dpi-6-botones-1-fast-click-rgb-blanco","status":"publish","type":"product","link":"https:\/\/compuviper.mx\/tienda\/producto\/game-factor-mog602-wh-mouse-mog602-click-lser-pixart-3370-19000-dpi-6-botones-1-fast-click-rgb-blanco\/","title":{"rendered":"Game Factor Mog602-wh Mouse  Mog602, Click L?ser, Pixart 3370, 19,000 Dpi, 6 Botones + 1 Fast Click, Rgb, Blanco"},"content":{"rendered":"<table class=\"descripcion\">\n<tr>\n<td>Voltaje de entrada:<\/td>\n<\/tr>\n<tr>\n<td>Conector:<\/td>\n<\/tr>\n<tr>\n<td>Sensor:<\/td>\n<\/tr>\n<tr>\n<td>Dpi:<\/td>\n<\/tr>\n<tr>\n<td>Peso:<\/td>\n<\/tr>\n<tr>\n<td>Dimensiones:<\/td>\n<\/tr>\n<tr>\n<td>Cable:<\/td>\n<\/tr>\n<tr>\n<td>Plug and play:<\/td>\n<\/tr>\n<tr>\n<td>Botones:<\/td>\n<\/tr>\n<tr>\n<td>Compatibilidad:<\/td>\n<\/tr>\n<tr>\n<td>5 v cc 200ma<\/td>\n<\/tr>\n<tr>\n<td>Usb<\/td>\n<\/tr>\n<tr>\n<td>Pixart 3370 \/ \u00f3ptico<\/td>\n<\/tr>\n<tr>\n<td>1200\/2400\/3600\/<\/td>\n<\/tr>\n<tr>\n<td>8000\/12000\/16000\/19000<\/td>\n<\/tr>\n<tr>\n<td>135g<\/td>\n<\/tr>\n<tr>\n<td>123 x 83 x 43 mm<\/td>\n<\/tr>\n<tr>\n<td>1.8 m<\/td>\n<\/tr>\n<tr>\n<td>Si<\/td>\n<\/tr>\n<tr>\n<td>8<\/td>\n<\/tr>\n<tr>\n<td>Xp, vista, 7, 8, 10, 11, osx*<\/td>\n<\/tr>\n<\/table>\n","protected":false},"excerpt":{"rendered":"<p>El mog602 es el mouse \u00f3ptico de game factor que re\u00fane todas las caracter\u00edsticas que buscas para mejorar tu desempe\u00f1o en el juego. Apunta y despl\u00e1zate r\u00e1pida y eficientemente para conquistar el campo de batalla.<\/p>\n","protected":false},"featured_media":0,"comment_status":"open","ping_status":"open","template":"","meta":[],"product_cat":[1748,1752],"product_tag":[2298],"acf":[],"yoast_head":"<!-- This site is optimized with the Yoast SEO plugin v21.7 - https:\/\/yoast.com\/wordpress\/plugins\/seo\/ -->\n<title>[ Game Factor ] &#129351; Mog602-wh Mouse Mog602, Click L\u00e1ser, Pixart 3370, 19,000 Dpi, 6 Botones + 1 Fast Click, Rgb, Blanco<\/title>\n<meta name=\"description\" content=\"Compra Mog602-wh Mouse Mog602, Click L\u00e1ser, Pixart 3370, 19,000 Dpi, 6 Botones + 1 Fast Click, Rgb, Blanco + Env\u00edo a domicilio + Pago seguro + Garant\u00eda\" \/>\n<meta name=\"robots\" content=\"index, follow, max-snippet:-1, max-image-preview:large, max-video-preview:-1\" \/>\n<link rel=\"canonical\" href=\"https:\/\/compuviper.mx\/tienda\/producto\/game-factor-mog602-wh-mouse-mog602-click-lser-pixart-3370-19000-dpi-6-botones-1-fast-click-rgb-blanco\/\" \/>\n<meta property=\"og:locale\" content=\"es_MX\" \/>\n<meta property=\"og:type\" content=\"article\" \/>\n<meta property=\"og:title\" content=\"[ Game Factor ] &#129351; Mog602-wh Mouse Mog602, Click L\u00e1ser, Pixart 3370, 19,000 Dpi, 6 Botones + 1 Fast Click, Rgb, Blanco\" \/>\n<meta property=\"og:description\" content=\"Compra Mog602-wh Mouse Mog602, Click L\u00e1ser, Pixart 3370, 19,000 Dpi, 6 Botones + 1 Fast Click, Rgb, Blanco + Env\u00edo a domicilio + Pago seguro + Garant\u00eda\" \/>\n<meta property=\"og:url\" content=\"https:\/\/compuviper.mx\/tienda\/producto\/game-factor-mog602-wh-mouse-mog602-click-lser-pixart-3370-19000-dpi-6-botones-1-fast-click-rgb-blanco\/\" \/>\n<meta property=\"og:site_name\" content=\"Compuviper\" \/>\n<meta property=\"article:publisher\" content=\"https:\/\/www.facebook.com\/compuviper\" \/>\n<meta property=\"article:modified_time\" content=\"2026-04-09T07:07:50+00:00\" \/>\n<meta name=\"twitter:card\" content=\"summary_large_image\" \/>\n<meta name=\"twitter:label1\" content=\"Precio\" \/>\n\t<meta name=\"twitter:data1\" content=\"&#36;387 con IVA\" \/>\n\t<meta name=\"twitter:label2\" content=\"Availability\" \/>\n\t<meta name=\"twitter:data2\" content=\"Out of stock\" \/>\n<script type=\"application\/ld+json\" class=\"yoast-schema-graph\">{\"@context\":\"https:\/\/schema.org\",\"@graph\":[{\"@type\":\"WebPage\",\"@id\":\"https:\/\/compuviper.mx\/tienda\/producto\/game-factor-mog602-wh-mouse-mog602-click-lser-pixart-3370-19000-dpi-6-botones-1-fast-click-rgb-blanco\/\",\"url\":\"https:\/\/compuviper.mx\/tienda\/producto\/game-factor-mog602-wh-mouse-mog602-click-lser-pixart-3370-19000-dpi-6-botones-1-fast-click-rgb-blanco\/\",\"name\":\"[ Game Factor ] &#129351; Mog602-wh Mouse Mog602, Click L\u00e1ser, Pixart 3370, 19,000 Dpi, 6 Botones + 1 Fast Click, Rgb, Blanco\",\"isPartOf\":{\"@id\":\"https:\/\/compuviper.mx\/tienda\/#website\"},\"datePublished\":\"2026-04-09T07:07:49+00:00\",\"dateModified\":\"2026-04-09T07:07:50+00:00\",\"description\":\"Compra Mog602-wh Mouse Mog602, Click L\u00e1ser, Pixart 3370, 19,000 Dpi, 6 Botones + 1 Fast Click, Rgb, Blanco + Env\u00edo a domicilio + Pago seguro + Garant\u00eda\",\"breadcrumb\":{\"@id\":\"https:\/\/compuviper.mx\/tienda\/producto\/game-factor-mog602-wh-mouse-mog602-click-lser-pixart-3370-19000-dpi-6-botones-1-fast-click-rgb-blanco\/#breadcrumb\"},\"inLanguage\":\"es-MX\",\"potentialAction\":[{\"@type\":\"ReadAction\",\"target\":[\"https:\/\/compuviper.mx\/tienda\/producto\/game-factor-mog602-wh-mouse-mog602-click-lser-pixart-3370-19000-dpi-6-botones-1-fast-click-rgb-blanco\/\"]}]},{\"@type\":\"BreadcrumbList\",\"@id\":\"https:\/\/compuviper.mx\/tienda\/producto\/game-factor-mog602-wh-mouse-mog602-click-lser-pixart-3370-19000-dpi-6-botones-1-fast-click-rgb-blanco\/#breadcrumb\",\"itemListElement\":[{\"@type\":\"ListItem\",\"position\":1,\"name\":\"Inicio\",\"item\":\"https:\/\/compuviper.mx\/tienda\/\"},{\"@type\":\"ListItem\",\"position\":2,\"name\":\"Productos\",\"item\":\"https:\/\/compuviper.mx\/tienda\/productos\/\"},{\"@type\":\"ListItem\",\"position\":3,\"name\":\"Mouse\",\"item\":\"https:\/\/compuviper.mx\/tienda\/categoria-producto\/mouse\/\"},{\"@type\":\"ListItem\",\"position\":4,\"name\":\"Gamers\",\"item\":\"https:\/\/compuviper.mx\/tienda\/categoria-producto\/mouse\/gamers-mouse\/\"},{\"@type\":\"ListItem\",\"position\":5,\"name\":\"Game Factor Mog602-wh Mouse Mog602, Click L?ser, Pixart 3370, 19,000 Dpi, 6 Botones + 1 Fast Click, Rgb, Blanco\"}]},{\"@type\":\"WebSite\",\"@id\":\"https:\/\/compuviper.mx\/tienda\/#website\",\"url\":\"https:\/\/compuviper.mx\/tienda\/\",\"name\":\"Compuviper\",\"description\":\"Proveedor de Computadoras, Laptops, Servidores, Monitores, Puntos de Venta, Teclados,   Impresoras, T\u00f3ner, C\u00e1maras de Seguridad y m\u00e1s en tu tienda en l\u00ednea\",\"publisher\":{\"@id\":\"https:\/\/compuviper.mx\/tienda\/#organization\"},\"potentialAction\":[{\"@type\":\"SearchAction\",\"target\":{\"@type\":\"EntryPoint\",\"urlTemplate\":\"https:\/\/compuviper.mx\/tienda\/?s={search_term_string}\"},\"query-input\":\"required name=search_term_string\"}],\"inLanguage\":\"es-MX\"},{\"@type\":\"Organization\",\"@id\":\"https:\/\/compuviper.mx\/tienda\/#organization\",\"name\":\"Compuviper\",\"url\":\"https:\/\/compuviper.mx\/tienda\/\",\"logo\":{\"@type\":\"ImageObject\",\"inLanguage\":\"es-MX\",\"@id\":\"https:\/\/compuviper.mx\/tienda\/#\/schema\/logo\/image\/\",\"url\":\"https:\/\/compuviper.mx\/tienda\/wp-content\/uploads\/2021\/08\/Logo-Compuviper-10.png\",\"contentUrl\":\"https:\/\/compuviper.mx\/tienda\/wp-content\/uploads\/2021\/08\/Logo-Compuviper-10.png\",\"width\":1000,\"height\":500,\"caption\":\"Compuviper\"},\"image\":{\"@id\":\"https:\/\/compuviper.mx\/tienda\/#\/schema\/logo\/image\/\"},\"sameAs\":[\"https:\/\/www.facebook.com\/compuviper\",\"https:\/\/www.youtube.com\/channel\/UCf73dERp9Y3cfOq7q8BhLjA?view_as=subscriber\"]}]}<\/script>\n<meta property=\"product:brand\" content=\"Game Factor\" \/>\n<meta property=\"product:price:amount\" content=\"387\" \/>\n<meta property=\"product:price:currency\" content=\"MXN\" \/>\n<meta property=\"og:availability\" content=\"out of stock\" \/>\n<meta property=\"product:availability\" content=\"out of stock\" \/>\n<meta property=\"product:retailer_item_id\" content=\"MOG602-WH\" \/>\n<meta property=\"product:condition\" content=\"new\" \/>\n<!-- \/ Yoast SEO plugin. -->","yoast_head_json":{"title":"[ Game Factor ] &#129351; Mog602-wh Mouse Mog602, Click L\u00e1ser, Pixart 3370, 19,000 Dpi, 6 Botones + 1 Fast Click, Rgb, Blanco","description":"Compra Mog602-wh Mouse Mog602, Click L\u00e1ser, Pixart 3370, 19,000 Dpi, 6 Botones + 1 Fast Click, Rgb, Blanco + Env\u00edo a domicilio + Pago seguro + Garant\u00eda","robots":{"index":"index","follow":"follow","max-snippet":"max-snippet:-1","max-image-preview":"max-image-preview:large","max-video-preview":"max-video-preview:-1"},"canonical":"https:\/\/compuviper.mx\/tienda\/producto\/game-factor-mog602-wh-mouse-mog602-click-lser-pixart-3370-19000-dpi-6-botones-1-fast-click-rgb-blanco\/","og_locale":"es_MX","og_type":"article","og_title":"[ Game Factor ] &#129351; Mog602-wh Mouse Mog602, Click L\u00e1ser, Pixart 3370, 19,000 Dpi, 6 Botones + 1 Fast Click, Rgb, Blanco","og_description":"Compra Mog602-wh Mouse Mog602, Click L\u00e1ser, Pixart 3370, 19,000 Dpi, 6 Botones + 1 Fast Click, Rgb, Blanco + Env\u00edo a domicilio + Pago seguro + Garant\u00eda","og_url":"https:\/\/compuviper.mx\/tienda\/producto\/game-factor-mog602-wh-mouse-mog602-click-lser-pixart-3370-19000-dpi-6-botones-1-fast-click-rgb-blanco\/","og_site_name":"Compuviper","article_publisher":"https:\/\/www.facebook.com\/compuviper","article_modified_time":"2026-04-09T07:07:50+00:00","twitter_card":"summary_large_image","twitter_misc":{"Precio":"&#36;387 con IVA","Availability":"Out of stock"},"schema":{"@context":"https:\/\/schema.org","@graph":[{"@type":"WebPage","@id":"https:\/\/compuviper.mx\/tienda\/producto\/game-factor-mog602-wh-mouse-mog602-click-lser-pixart-3370-19000-dpi-6-botones-1-fast-click-rgb-blanco\/","url":"https:\/\/compuviper.mx\/tienda\/producto\/game-factor-mog602-wh-mouse-mog602-click-lser-pixart-3370-19000-dpi-6-botones-1-fast-click-rgb-blanco\/","name":"[ Game Factor ] &#129351; Mog602-wh Mouse Mog602, Click L\u00e1ser, Pixart 3370, 19,000 Dpi, 6 Botones + 1 Fast Click, Rgb, Blanco","isPartOf":{"@id":"https:\/\/compuviper.mx\/tienda\/#website"},"datePublished":"2026-04-09T07:07:49+00:00","dateModified":"2026-04-09T07:07:50+00:00","description":"Compra Mog602-wh Mouse Mog602, Click L\u00e1ser, Pixart 3370, 19,000 Dpi, 6 Botones + 1 Fast Click, Rgb, Blanco + Env\u00edo a domicilio + Pago seguro + Garant\u00eda","breadcrumb":{"@id":"https:\/\/compuviper.mx\/tienda\/producto\/game-factor-mog602-wh-mouse-mog602-click-lser-pixart-3370-19000-dpi-6-botones-1-fast-click-rgb-blanco\/#breadcrumb"},"inLanguage":"es-MX","potentialAction":[{"@type":"ReadAction","target":["https:\/\/compuviper.mx\/tienda\/producto\/game-factor-mog602-wh-mouse-mog602-click-lser-pixart-3370-19000-dpi-6-botones-1-fast-click-rgb-blanco\/"]}]},{"@type":"BreadcrumbList","@id":"https:\/\/compuviper.mx\/tienda\/producto\/game-factor-mog602-wh-mouse-mog602-click-lser-pixart-3370-19000-dpi-6-botones-1-fast-click-rgb-blanco\/#breadcrumb","itemListElement":[{"@type":"ListItem","position":1,"name":"Inicio","item":"https:\/\/compuviper.mx\/tienda\/"},{"@type":"ListItem","position":2,"name":"Productos","item":"https:\/\/compuviper.mx\/tienda\/productos\/"},{"@type":"ListItem","position":3,"name":"Mouse","item":"https:\/\/compuviper.mx\/tienda\/categoria-producto\/mouse\/"},{"@type":"ListItem","position":4,"name":"Gamers","item":"https:\/\/compuviper.mx\/tienda\/categoria-producto\/mouse\/gamers-mouse\/"},{"@type":"ListItem","position":5,"name":"Game Factor Mog602-wh Mouse Mog602, Click L?ser, Pixart 3370, 19,000 Dpi, 6 Botones + 1 Fast Click, Rgb, Blanco"}]},{"@type":"WebSite","@id":"https:\/\/compuviper.mx\/tienda\/#website","url":"https:\/\/compuviper.mx\/tienda\/","name":"Compuviper","description":"Proveedor de Computadoras, Laptops, Servidores, Monitores, Puntos de Venta, Teclados,   Impresoras, T\u00f3ner, C\u00e1maras de Seguridad y m\u00e1s en tu tienda en l\u00ednea","publisher":{"@id":"https:\/\/compuviper.mx\/tienda\/#organization"},"potentialAction":[{"@type":"SearchAction","target":{"@type":"EntryPoint","urlTemplate":"https:\/\/compuviper.mx\/tienda\/?s={search_term_string}"},"query-input":"required name=search_term_string"}],"inLanguage":"es-MX"},{"@type":"Organization","@id":"https:\/\/compuviper.mx\/tienda\/#organization","name":"Compuviper","url":"https:\/\/compuviper.mx\/tienda\/","logo":{"@type":"ImageObject","inLanguage":"es-MX","@id":"https:\/\/compuviper.mx\/tienda\/#\/schema\/logo\/image\/","url":"https:\/\/compuviper.mx\/tienda\/wp-content\/uploads\/2021\/08\/Logo-Compuviper-10.png","contentUrl":"https:\/\/compuviper.mx\/tienda\/wp-content\/uploads\/2021\/08\/Logo-Compuviper-10.png","width":1000,"height":500,"caption":"Compuviper"},"image":{"@id":"https:\/\/compuviper.mx\/tienda\/#\/schema\/logo\/image\/"},"sameAs":["https:\/\/www.facebook.com\/compuviper","https:\/\/www.youtube.com\/channel\/UCf73dERp9Y3cfOq7q8BhLjA?view_as=subscriber"]}]},"product_brand":"Game Factor","product_price_amount":"387","product_price_currency":"MXN","og_availability":"out of stock","product_availability":"out of stock","product_retailer_item_id":"MOG602-WH","product_condition":"new"},"_links":{"self":[{"href":"https:\/\/compuviper.mx\/tienda\/wp-json\/wp\/v2\/product\/264629"}],"collection":[{"href":"https:\/\/compuviper.mx\/tienda\/wp-json\/wp\/v2\/product"}],"about":[{"href":"https:\/\/compuviper.mx\/tienda\/wp-json\/wp\/v2\/types\/product"}],"replies":[{"embeddable":true,"href":"https:\/\/compuviper.mx\/tienda\/wp-json\/wp\/v2\/comments?post=264629"}],"wp:attachment":[{"href":"https:\/\/compuviper.mx\/tienda\/wp-json\/wp\/v2\/media?parent=264629"}],"wp:term":[{"taxonomy":"product_cat","embeddable":true,"href":"https:\/\/compuviper.mx\/tienda\/wp-json\/wp\/v2\/product_cat?post=264629"},{"taxonomy":"product_tag","embeddable":true,"href":"https:\/\/compuviper.mx\/tienda\/wp-json\/wp\/v2\/product_tag?post=264629"}],"curies":[{"name":"wp","href":"https:\/\/api.w.org\/{rel}","templated":true}]}}