{"id":264618,"date":"2026-04-16T00:20:21","date_gmt":"2026-04-16T06:20:21","guid":{"rendered":"https:\/\/compuviper.mx\/tienda\/producto\/imou-ipc-s2cn-5r1s-camara-interior-wifi-pt-ranger-2c-pro-5mp-vision-nocturna-audio-bidirecional-h-265-deteccion-inteligente-wifi6-micro-sd-512gb\/"},"modified":"2026-04-16T00:20:22","modified_gmt":"2026-04-16T06:20:22","slug":"imou-ipc-s2cn-5r1s-camara-interior-wifi-pt-ranger-2c-pro-5mp-vision-nocturna-audio-bidirecional-h-265-deteccion-inteligente-wifi6-micro-sd-512gb","status":"publish","type":"product","link":"https:\/\/compuviper.mx\/tienda\/producto\/imou-ipc-s2cn-5r1s-camara-interior-wifi-pt-ranger-2c-pro-5mp-vision-nocturna-audio-bidirecional-h-265-deteccion-inteligente-wifi6-micro-sd-512gb\/","title":{"rendered":"Imou Ipc-s2cn-5r1s Camara  Interior\/wifi\/pt\/\/ranger 2c Pro 5mp\/vision Nocturna\/audio Bidirecional\/h.265\/deteccion Inteligente\/wifi6\/micro Sd 512gb"},"content":{"rendered":"<table class=\"descripcion\">\n<tr>\n<td>C\u00e1mara<\/td>\n<\/tr>\n<tr>\n<td>Cmos progresivo de 1\/3\u0094<\/td>\n<\/tr>\n<tr>\n<td>De 5 mp (2688 x 1664)<\/td>\n<\/tr>\n<tr>\n<td>Visi\u00f3n nocturna: 10 m (33 pies) de distancia<\/td>\n<\/tr>\n<tr>\n<td>Lente fija de 3,6 mm<\/td>\n<\/tr>\n<tr>\n<td>Campo de visi\u00f3n: 89\u00b0 (h), 48\u00b0 (v), 108\u00b0 (d)<\/td>\n<\/tr>\n<tr>\n<td>Panor\u00e1mica de 355\u00b0 e inclinaci\u00f3n de -5 a 80\u00b0<\/td>\n<\/tr>\n<tr>\n<td>V\u00eddeo y audio<\/td>\n<\/tr>\n<tr>\n<td>Compresi\u00f3n de video: h.265\/h.264<\/td>\n<\/tr>\n<tr>\n<td>Velocidad de cuadros de hasta 20 fps<\/td>\n<\/tr>\n<tr>\n<td>Zoom digital de 8x<\/td>\n<\/tr>\n<tr>\n<td>Audio bidireccional<\/td>\n<\/tr>\n<tr>\n<td>Gesti\u00f3n de avisos<\/td>\n<\/tr>\n<tr>\n<td>Detecci\u00f3n de movimiento<\/td>\n<\/tr>\n<tr>\n<td>Detecci\u00f3n de personas<\/td>\n<\/tr>\n<tr>\n<td>Detecci\u00f3n de mascotas<\/td>\n<\/tr>\n<tr>\n<td>Regi\u00f3n configurable<\/td>\n<\/tr>\n<tr>\n<td>Alarma de sonido anormal<\/td>\n<\/tr>\n<tr>\n<td>Red<\/td>\n<\/tr>\n<tr>\n<td>Wi-fi: ieee802.11b\/g\/n\/ax,wi-fi 6,50m campo abierto<\/td>\n<\/tr>\n<tr>\n<td>Aplicaci\u00f3n imou: ios, android<\/td>\n<\/tr>\n<tr>\n<td>Onvif<\/td>\n<\/tr>\n<tr>\n<td>Interfaz auxiliar<\/td>\n<\/tr>\n<tr>\n<td>Ranura para tarjeta micro sd (hasta 512 gb)<\/td>\n<\/tr>\n<tr>\n<td>Micr\u00f3fono y altavoz integrados<\/td>\n<\/tr>\n<tr>\n<td>Bot\u00f3n de reinicio<\/td>\n<\/tr>\n<tr>\n<td>General<\/td>\n<\/tr>\n<tr>\n<td>Fuente de alimentaci\u00f3n cc 5 v 1 a<\/td>\n<\/tr>\n<tr>\n<td>Consumo de energ\u00eda:   5 w<\/td>\n<\/tr>\n<tr>\n<td>Entorno de trabajo: -10 \u00b0c ~ +45 \u00b0c, menos del 95 % de humedad relativa<\/td>\n<\/tr>\n<tr>\n<td>Dimensiones (largo \u00d7 ancho \u00d7 alto):<\/td>\n<\/tr>\n<tr>\n<td>77,4 mm \u00d7 77,4 mm \u00d7 106,2 mm (3,05 \u00d7 3,05 \u00d7 4,18 pulgadas)<\/td>\n<\/tr>\n<tr>\n<td>Peso: 197 g (0,43 lb)<\/td>\n<\/tr>\n<tr>\n<td>Ce<\/td>\n<\/tr>\n<\/table>\n","protected":false},"excerpt":{"rendered":"<p>Ranger 2c pro. 5mp. Cuerpo peque\u00f1o, gran rendimiento. Detecci\u00f3n de sonidos humanos, de mascotas y anormales | llamada con un solo toque con sonido m\u00e1s alto | visi\u00f3n nocturna inteligente a todo color | wi-fi 6 de doble banda<\/p>\n","protected":false},"featured_media":0,"comment_status":"open","ping_status":"open","template":"","meta":[],"product_cat":[1681,1608],"product_tag":[2118],"acf":[],"yoast_head":"<!-- This site is optimized with the Yoast SEO plugin v21.7 - https:\/\/yoast.com\/wordpress\/plugins\/seo\/ -->\n<title>[ Imou ] &#129351; Ipc-s2cn-5r1s Camara Interior\/wifi\/pt\/\/ranger 2c Pro 5mp\/vision Nocturna\/audio Bidirecional\/h.265\/deteccion Inteligente\/wifi6\/micro Sd 512gb<\/title>\n<meta name=\"description\" content=\"Compra Ipc-s2cn-5r1s Camara Interior\/wifi\/pt\/\/ranger 2c Pro 5mp\/vision Nocturna\/audio Bidirecional\/h.265\/deteccion Inteligente\/wifi6\/micro Sd 512gb + Env\u00edo a domicilio + Pago seguro + Garant\u00eda\" \/>\n<meta name=\"robots\" content=\"index, follow, max-snippet:-1, max-image-preview:large, max-video-preview:-1\" \/>\n<link rel=\"canonical\" href=\"https:\/\/compuviper.mx\/tienda\/producto\/imou-ipc-s2cn-5r1s-camara-interior-wifi-pt-ranger-2c-pro-5mp-vision-nocturna-audio-bidirecional-h-265-deteccion-inteligente-wifi6-micro-sd-512gb\/\" \/>\n<meta property=\"og:locale\" content=\"es_MX\" \/>\n<meta property=\"og:type\" content=\"article\" \/>\n<meta property=\"og:title\" content=\"[ Imou ] &#129351; Ipc-s2cn-5r1s Camara Interior\/wifi\/pt\/\/ranger 2c Pro 5mp\/vision Nocturna\/audio Bidirecional\/h.265\/deteccion Inteligente\/wifi6\/micro Sd 512gb\" \/>\n<meta property=\"og:description\" content=\"Compra Ipc-s2cn-5r1s Camara Interior\/wifi\/pt\/\/ranger 2c Pro 5mp\/vision Nocturna\/audio Bidirecional\/h.265\/deteccion Inteligente\/wifi6\/micro Sd 512gb + Env\u00edo a domicilio + Pago seguro + Garant\u00eda\" \/>\n<meta property=\"og:url\" content=\"https:\/\/compuviper.mx\/tienda\/producto\/imou-ipc-s2cn-5r1s-camara-interior-wifi-pt-ranger-2c-pro-5mp-vision-nocturna-audio-bidirecional-h-265-deteccion-inteligente-wifi6-micro-sd-512gb\/\" \/>\n<meta property=\"og:site_name\" content=\"Compuviper\" \/>\n<meta property=\"article:publisher\" content=\"https:\/\/www.facebook.com\/compuviper\" \/>\n<meta property=\"article:modified_time\" content=\"2026-04-16T06:20:22+00:00\" \/>\n<meta name=\"twitter:card\" content=\"summary_large_image\" \/>\n<meta name=\"twitter:label1\" content=\"Precio\" \/>\n\t<meta name=\"twitter:data1\" content=\"&#36;428 con IVA\" \/>\n\t<meta name=\"twitter:label2\" content=\"Availability\" \/>\n\t<meta name=\"twitter:data2\" content=\"Out of stock\" \/>\n<script type=\"application\/ld+json\" class=\"yoast-schema-graph\">{\"@context\":\"https:\/\/schema.org\",\"@graph\":[{\"@type\":\"WebPage\",\"@id\":\"https:\/\/compuviper.mx\/tienda\/producto\/imou-ipc-s2cn-5r1s-camara-interior-wifi-pt-ranger-2c-pro-5mp-vision-nocturna-audio-bidirecional-h-265-deteccion-inteligente-wifi6-micro-sd-512gb\/\",\"url\":\"https:\/\/compuviper.mx\/tienda\/producto\/imou-ipc-s2cn-5r1s-camara-interior-wifi-pt-ranger-2c-pro-5mp-vision-nocturna-audio-bidirecional-h-265-deteccion-inteligente-wifi6-micro-sd-512gb\/\",\"name\":\"[ Imou ] &#129351; Ipc-s2cn-5r1s Camara Interior\/wifi\/pt\/\/ranger 2c Pro 5mp\/vision Nocturna\/audio Bidirecional\/h.265\/deteccion Inteligente\/wifi6\/micro Sd 512gb\",\"isPartOf\":{\"@id\":\"https:\/\/compuviper.mx\/tienda\/#website\"},\"datePublished\":\"2026-04-16T06:20:21+00:00\",\"dateModified\":\"2026-04-16T06:20:22+00:00\",\"description\":\"Compra Ipc-s2cn-5r1s Camara Interior\/wifi\/pt\/\/ranger 2c Pro 5mp\/vision Nocturna\/audio Bidirecional\/h.265\/deteccion Inteligente\/wifi6\/micro Sd 512gb + Env\u00edo a domicilio + Pago seguro + Garant\u00eda\",\"breadcrumb\":{\"@id\":\"https:\/\/compuviper.mx\/tienda\/producto\/imou-ipc-s2cn-5r1s-camara-interior-wifi-pt-ranger-2c-pro-5mp-vision-nocturna-audio-bidirecional-h-265-deteccion-inteligente-wifi6-micro-sd-512gb\/#breadcrumb\"},\"inLanguage\":\"es-MX\",\"potentialAction\":[{\"@type\":\"ReadAction\",\"target\":[\"https:\/\/compuviper.mx\/tienda\/producto\/imou-ipc-s2cn-5r1s-camara-interior-wifi-pt-ranger-2c-pro-5mp-vision-nocturna-audio-bidirecional-h-265-deteccion-inteligente-wifi6-micro-sd-512gb\/\"]}]},{\"@type\":\"BreadcrumbList\",\"@id\":\"https:\/\/compuviper.mx\/tienda\/producto\/imou-ipc-s2cn-5r1s-camara-interior-wifi-pt-ranger-2c-pro-5mp-vision-nocturna-audio-bidirecional-h-265-deteccion-inteligente-wifi6-micro-sd-512gb\/#breadcrumb\",\"itemListElement\":[{\"@type\":\"ListItem\",\"position\":1,\"name\":\"Inicio\",\"item\":\"https:\/\/compuviper.mx\/tienda\/\"},{\"@type\":\"ListItem\",\"position\":2,\"name\":\"Productos\",\"item\":\"https:\/\/compuviper.mx\/tienda\/productos\/\"},{\"@type\":\"ListItem\",\"position\":3,\"name\":\"Camaras\",\"item\":\"https:\/\/compuviper.mx\/tienda\/categoria-producto\/camaras-2\/\"},{\"@type\":\"ListItem\",\"position\":4,\"name\":\"Camara De Videovigilancia\",\"item\":\"https:\/\/compuviper.mx\/tienda\/categoria-producto\/camaras-2\/camara-de-videovigilancia\/\"},{\"@type\":\"ListItem\",\"position\":5,\"name\":\"Imou Ipc-s2cn-5r1s Camara Interior\/wifi\/pt\/\/ranger 2c Pro 5mp\/vision Nocturna\/audio Bidirecional\/h.265\/deteccion Inteligente\/wifi6\/micro Sd 512gb\"}]},{\"@type\":\"WebSite\",\"@id\":\"https:\/\/compuviper.mx\/tienda\/#website\",\"url\":\"https:\/\/compuviper.mx\/tienda\/\",\"name\":\"Compuviper\",\"description\":\"Proveedor de Computadoras, Laptops, Servidores, Monitores, Puntos de Venta, Teclados,   Impresoras, T\u00f3ner, C\u00e1maras de Seguridad y m\u00e1s en tu tienda en l\u00ednea\",\"publisher\":{\"@id\":\"https:\/\/compuviper.mx\/tienda\/#organization\"},\"potentialAction\":[{\"@type\":\"SearchAction\",\"target\":{\"@type\":\"EntryPoint\",\"urlTemplate\":\"https:\/\/compuviper.mx\/tienda\/?s={search_term_string}\"},\"query-input\":\"required name=search_term_string\"}],\"inLanguage\":\"es-MX\"},{\"@type\":\"Organization\",\"@id\":\"https:\/\/compuviper.mx\/tienda\/#organization\",\"name\":\"Compuviper\",\"url\":\"https:\/\/compuviper.mx\/tienda\/\",\"logo\":{\"@type\":\"ImageObject\",\"inLanguage\":\"es-MX\",\"@id\":\"https:\/\/compuviper.mx\/tienda\/#\/schema\/logo\/image\/\",\"url\":\"https:\/\/compuviper.mx\/tienda\/wp-content\/uploads\/2021\/08\/Logo-Compuviper-10.png\",\"contentUrl\":\"https:\/\/compuviper.mx\/tienda\/wp-content\/uploads\/2021\/08\/Logo-Compuviper-10.png\",\"width\":1000,\"height\":500,\"caption\":\"Compuviper\"},\"image\":{\"@id\":\"https:\/\/compuviper.mx\/tienda\/#\/schema\/logo\/image\/\"},\"sameAs\":[\"https:\/\/www.facebook.com\/compuviper\",\"https:\/\/www.youtube.com\/channel\/UCf73dERp9Y3cfOq7q8BhLjA?view_as=subscriber\"]}]}<\/script>\n<meta property=\"product:brand\" content=\"Imou\" \/>\n<meta property=\"product:price:amount\" content=\"428\" \/>\n<meta property=\"product:price:currency\" content=\"MXN\" \/>\n<meta property=\"og:availability\" content=\"out of stock\" \/>\n<meta property=\"product:availability\" content=\"out of stock\" \/>\n<meta property=\"product:retailer_item_id\" content=\"IPC-S2CN-5R1S\" \/>\n<meta property=\"product:condition\" content=\"new\" \/>\n<!-- \/ Yoast SEO plugin. -->","yoast_head_json":{"title":"[ Imou ] &#129351; Ipc-s2cn-5r1s Camara Interior\/wifi\/pt\/\/ranger 2c Pro 5mp\/vision Nocturna\/audio Bidirecional\/h.265\/deteccion Inteligente\/wifi6\/micro Sd 512gb","description":"Compra Ipc-s2cn-5r1s Camara Interior\/wifi\/pt\/\/ranger 2c Pro 5mp\/vision Nocturna\/audio Bidirecional\/h.265\/deteccion Inteligente\/wifi6\/micro Sd 512gb + Env\u00edo a domicilio + Pago seguro + Garant\u00eda","robots":{"index":"index","follow":"follow","max-snippet":"max-snippet:-1","max-image-preview":"max-image-preview:large","max-video-preview":"max-video-preview:-1"},"canonical":"https:\/\/compuviper.mx\/tienda\/producto\/imou-ipc-s2cn-5r1s-camara-interior-wifi-pt-ranger-2c-pro-5mp-vision-nocturna-audio-bidirecional-h-265-deteccion-inteligente-wifi6-micro-sd-512gb\/","og_locale":"es_MX","og_type":"article","og_title":"[ Imou ] &#129351; Ipc-s2cn-5r1s Camara Interior\/wifi\/pt\/\/ranger 2c Pro 5mp\/vision Nocturna\/audio Bidirecional\/h.265\/deteccion Inteligente\/wifi6\/micro Sd 512gb","og_description":"Compra Ipc-s2cn-5r1s Camara Interior\/wifi\/pt\/\/ranger 2c Pro 5mp\/vision Nocturna\/audio Bidirecional\/h.265\/deteccion Inteligente\/wifi6\/micro Sd 512gb + Env\u00edo a domicilio + Pago seguro + Garant\u00eda","og_url":"https:\/\/compuviper.mx\/tienda\/producto\/imou-ipc-s2cn-5r1s-camara-interior-wifi-pt-ranger-2c-pro-5mp-vision-nocturna-audio-bidirecional-h-265-deteccion-inteligente-wifi6-micro-sd-512gb\/","og_site_name":"Compuviper","article_publisher":"https:\/\/www.facebook.com\/compuviper","article_modified_time":"2026-04-16T06:20:22+00:00","twitter_card":"summary_large_image","twitter_misc":{"Precio":"&#36;428 con IVA","Availability":"Out of stock"},"schema":{"@context":"https:\/\/schema.org","@graph":[{"@type":"WebPage","@id":"https:\/\/compuviper.mx\/tienda\/producto\/imou-ipc-s2cn-5r1s-camara-interior-wifi-pt-ranger-2c-pro-5mp-vision-nocturna-audio-bidirecional-h-265-deteccion-inteligente-wifi6-micro-sd-512gb\/","url":"https:\/\/compuviper.mx\/tienda\/producto\/imou-ipc-s2cn-5r1s-camara-interior-wifi-pt-ranger-2c-pro-5mp-vision-nocturna-audio-bidirecional-h-265-deteccion-inteligente-wifi6-micro-sd-512gb\/","name":"[ Imou ] &#129351; Ipc-s2cn-5r1s Camara Interior\/wifi\/pt\/\/ranger 2c Pro 5mp\/vision Nocturna\/audio Bidirecional\/h.265\/deteccion Inteligente\/wifi6\/micro Sd 512gb","isPartOf":{"@id":"https:\/\/compuviper.mx\/tienda\/#website"},"datePublished":"2026-04-16T06:20:21+00:00","dateModified":"2026-04-16T06:20:22+00:00","description":"Compra Ipc-s2cn-5r1s Camara Interior\/wifi\/pt\/\/ranger 2c Pro 5mp\/vision Nocturna\/audio Bidirecional\/h.265\/deteccion Inteligente\/wifi6\/micro Sd 512gb + Env\u00edo a domicilio + Pago seguro + Garant\u00eda","breadcrumb":{"@id":"https:\/\/compuviper.mx\/tienda\/producto\/imou-ipc-s2cn-5r1s-camara-interior-wifi-pt-ranger-2c-pro-5mp-vision-nocturna-audio-bidirecional-h-265-deteccion-inteligente-wifi6-micro-sd-512gb\/#breadcrumb"},"inLanguage":"es-MX","potentialAction":[{"@type":"ReadAction","target":["https:\/\/compuviper.mx\/tienda\/producto\/imou-ipc-s2cn-5r1s-camara-interior-wifi-pt-ranger-2c-pro-5mp-vision-nocturna-audio-bidirecional-h-265-deteccion-inteligente-wifi6-micro-sd-512gb\/"]}]},{"@type":"BreadcrumbList","@id":"https:\/\/compuviper.mx\/tienda\/producto\/imou-ipc-s2cn-5r1s-camara-interior-wifi-pt-ranger-2c-pro-5mp-vision-nocturna-audio-bidirecional-h-265-deteccion-inteligente-wifi6-micro-sd-512gb\/#breadcrumb","itemListElement":[{"@type":"ListItem","position":1,"name":"Inicio","item":"https:\/\/compuviper.mx\/tienda\/"},{"@type":"ListItem","position":2,"name":"Productos","item":"https:\/\/compuviper.mx\/tienda\/productos\/"},{"@type":"ListItem","position":3,"name":"Camaras","item":"https:\/\/compuviper.mx\/tienda\/categoria-producto\/camaras-2\/"},{"@type":"ListItem","position":4,"name":"Camara De Videovigilancia","item":"https:\/\/compuviper.mx\/tienda\/categoria-producto\/camaras-2\/camara-de-videovigilancia\/"},{"@type":"ListItem","position":5,"name":"Imou Ipc-s2cn-5r1s Camara Interior\/wifi\/pt\/\/ranger 2c Pro 5mp\/vision Nocturna\/audio Bidirecional\/h.265\/deteccion Inteligente\/wifi6\/micro Sd 512gb"}]},{"@type":"WebSite","@id":"https:\/\/compuviper.mx\/tienda\/#website","url":"https:\/\/compuviper.mx\/tienda\/","name":"Compuviper","description":"Proveedor de Computadoras, Laptops, Servidores, Monitores, Puntos de Venta, Teclados,   Impresoras, T\u00f3ner, C\u00e1maras de Seguridad y m\u00e1s en tu tienda en l\u00ednea","publisher":{"@id":"https:\/\/compuviper.mx\/tienda\/#organization"},"potentialAction":[{"@type":"SearchAction","target":{"@type":"EntryPoint","urlTemplate":"https:\/\/compuviper.mx\/tienda\/?s={search_term_string}"},"query-input":"required name=search_term_string"}],"inLanguage":"es-MX"},{"@type":"Organization","@id":"https:\/\/compuviper.mx\/tienda\/#organization","name":"Compuviper","url":"https:\/\/compuviper.mx\/tienda\/","logo":{"@type":"ImageObject","inLanguage":"es-MX","@id":"https:\/\/compuviper.mx\/tienda\/#\/schema\/logo\/image\/","url":"https:\/\/compuviper.mx\/tienda\/wp-content\/uploads\/2021\/08\/Logo-Compuviper-10.png","contentUrl":"https:\/\/compuviper.mx\/tienda\/wp-content\/uploads\/2021\/08\/Logo-Compuviper-10.png","width":1000,"height":500,"caption":"Compuviper"},"image":{"@id":"https:\/\/compuviper.mx\/tienda\/#\/schema\/logo\/image\/"},"sameAs":["https:\/\/www.facebook.com\/compuviper","https:\/\/www.youtube.com\/channel\/UCf73dERp9Y3cfOq7q8BhLjA?view_as=subscriber"]}]},"product_brand":"Imou","product_price_amount":"428","product_price_currency":"MXN","og_availability":"out of stock","product_availability":"out of stock","product_retailer_item_id":"IPC-S2CN-5R1S","product_condition":"new"},"_links":{"self":[{"href":"https:\/\/compuviper.mx\/tienda\/wp-json\/wp\/v2\/product\/264618"}],"collection":[{"href":"https:\/\/compuviper.mx\/tienda\/wp-json\/wp\/v2\/product"}],"about":[{"href":"https:\/\/compuviper.mx\/tienda\/wp-json\/wp\/v2\/types\/product"}],"replies":[{"embeddable":true,"href":"https:\/\/compuviper.mx\/tienda\/wp-json\/wp\/v2\/comments?post=264618"}],"wp:attachment":[{"href":"https:\/\/compuviper.mx\/tienda\/wp-json\/wp\/v2\/media?parent=264618"}],"wp:term":[{"taxonomy":"product_cat","embeddable":true,"href":"https:\/\/compuviper.mx\/tienda\/wp-json\/wp\/v2\/product_cat?post=264618"},{"taxonomy":"product_tag","embeddable":true,"href":"https:\/\/compuviper.mx\/tienda\/wp-json\/wp\/v2\/product_tag?post=264618"}],"curies":[{"name":"wp","href":"https:\/\/api.w.org\/{rel}","templated":true}]}}