{"id":264610,"date":"2026-04-17T23:22:10","date_gmt":"2026-04-18T05:22:10","guid":{"rendered":"https:\/\/compuviper.mx\/tienda\/producto\/huawei-6190054n-ds-opsi5-12450hddr4-8gb256gb-ssdwindows11-iot-enterprise-sacdc19v\/"},"modified":"2026-04-18T00:00:42","modified_gmt":"2026-04-18T06:00:42","slug":"huawei-6190054n-ds06190054-opsi5-12450hddr4-8gb256gb-ssdwindows11-iot-enterprise-sacdc19v","status":"publish","type":"product","link":"https:\/\/compuviper.mx\/tienda\/producto\/huawei-6190054n-ds06190054-opsi5-12450hddr4-8gb256gb-ssdwindows11-iot-enterprise-sacdc19v\/","title":{"rendered":"Huawei 6190054n-ds,06190054  Ops,i5-12450h,ddr4 8gb,256gb Ssd,windows11 Iot Enterprise Sac,dc19v"},"content":{"rendered":"<table class=\"descripcion\">\n<tr>\n<td>Product specifications<\/td>\n<\/tr>\n<tr>\n<td>Cpu support  and #10146; 12th gen intel core i5 graphics card<\/td>\n<\/tr>\n<tr>\n<td> and #10146; integrated graphics card: intel uhd graphics<\/td>\n<\/tr>\n<tr>\n<td> and #10146; hdmi supports 4k @ 60 hz. memory<\/td>\n<\/tr>\n<tr>\n<td> and #10146; ddr4,8 gb (4 gb x 2 dual channels) storage<\/td>\n<\/tr>\n<tr>\n<td> and #10146; 256 gb main board port<\/td>\n<\/tr>\n<tr>\n<td> and #10146; 2 x usb 2.0, 4 x usb 3.0<\/td>\n<\/tr>\n<tr>\n<td> and #10146; 1 x type-c<\/td>\n<\/tr>\n<tr>\n<td> and #10146; 1 x mic in<\/td>\n<\/tr>\n<tr>\n<td> and #10146; 1 x line out<\/td>\n<\/tr>\n<tr>\n<td> and #10146; 1xrj45 dimensions hdmi output<\/td>\n<\/tr>\n<tr>\n<td> and #10146; io:1 x hdmi 1.4<\/td>\n<\/tr>\n<tr>\n<td> and #10146; jae 80-pin: 1 x hdmi 2.0 wi-fi\/bluetooth\/extension<\/td>\n<\/tr>\n<tr>\n<td> and #10146; 802.11 a\/b\/g\/n\/e\/ac\/ax (wi-fi 6)<\/td>\n<\/tr>\n<tr>\n<td> and #10146; bluetooth 5.2  and #10146; m.2 2230 environment<\/td>\n<\/tr>\n<tr>\n<td> and #10146; operating temperature: 0\u00b0c to 40\u00b0c<\/td>\n<\/tr>\n<tr>\n<td> and #10146; storage temperature: -20\u00b0c to +70\u00b0c<\/td>\n<\/tr>\n<tr>\n<td> and #10146; humidity: 5% rh to 95% rh other system requirements<\/td>\n<\/tr>\n<tr>\n<td> and #10146; link for downloading the ideashare server pre-installed on the ops<\/td>\n<\/tr>\n<\/table>\n","protected":false},"excerpt":{"rendered":"<p>El huawei ops-i5-12450h se refiere a un m\u00f3dulo de pc ops (especificaci\u00f3n industrial intel ops-c) dise\u00f1ado para integrarse con las pantallas interactivas huawei ideahub, que utiliza el procesador intel core i5-12450h de 12.\u00aa generaci\u00f3n. Especificaciones clave. Tipo de dispositivo: m\u00f3dulo de pc ops (open pluggable specification), dise\u00f1ado para ranuras ops en pantallas interactivas huawei. Procesador: intel core i5-12450h de 12.\u00aa generaci\u00f3n, con 8 n\u00facleos y 12 subprocesos, y una frecuencia m\u00e1xima de 4.40 ghz. Cuenta con un tdp (potencia de dise\u00f1o t\u00e9rmico) de 45 w. Gr\u00e1ficos: utiliza gr\u00e1ficos intel uhd integrados. Memoria ram: generalmente viene configurado con 8 gb o 16 gb de ram ddr4, compatible con memoria de doble canal. Almacenamiento: suele incluir una unidad ssd (estado s\u00f3lido) m.2 de 128 gb, 256 gb o 512 gb. Sistema operativo: a menudo se suministra con windows 11 iot enterprise sac o windows 10 iot enterprise sac preinstalado. Conectividad: admite salidas de video duales 4k (4k2k) y se integra perfectamente con las pantallas ideahub de huawei. Uso principal. Este m\u00f3dulo ops est\u00e1 dise\u00f1ado espec\u00edficamente para mejorar la funcionalidad de las pantallas interactivas huawei ideahub, convirti\u00e9ndolas en una soluci\u00f3n de colaboraci\u00f3n y presentaci\u00f3n todo en uno sin necesidad de un pc externo.<\/p>\n","protected":false},"featured_media":0,"comment_status":"open","ping_status":"open","template":"","meta":[],"product_cat":[2229,2230],"product_tag":[1673],"acf":[],"yoast_head":"<!-- This site is optimized with the Yoast SEO plugin v21.7 - https:\/\/yoast.com\/wordpress\/plugins\/seo\/ -->\n<title>[ Huawei ] &#129351; 6190054n-ds,06190054 Ops,i5-12450h,ddr4 8gb,256gb Ssd,windows11 Iot Enterprise Sac,dc19v<\/title>\n<meta name=\"description\" content=\"Compra 6190054n-ds,06190054 Ops,i5-12450h,ddr4 8gb,256gb Ssd,windows11 Iot Enterprise Sac,dc19v + Env\u00edo a domicilio + Pago seguro + Garant\u00eda\" \/>\n<meta name=\"robots\" content=\"index, follow, max-snippet:-1, max-image-preview:large, max-video-preview:-1\" \/>\n<link rel=\"canonical\" href=\"https:\/\/compuviper.mx\/tienda\/producto\/huawei-6190054n-ds06190054-opsi5-12450hddr4-8gb256gb-ssdwindows11-iot-enterprise-sacdc19v\/\" \/>\n<meta property=\"og:locale\" content=\"es_MX\" \/>\n<meta property=\"og:type\" content=\"article\" \/>\n<meta property=\"og:title\" content=\"[ Huawei ] &#129351; 6190054n-ds,06190054 Ops,i5-12450h,ddr4 8gb,256gb Ssd,windows11 Iot Enterprise Sac,dc19v\" \/>\n<meta property=\"og:description\" content=\"Compra 6190054n-ds,06190054 Ops,i5-12450h,ddr4 8gb,256gb Ssd,windows11 Iot Enterprise Sac,dc19v + Env\u00edo a domicilio + Pago seguro + Garant\u00eda\" \/>\n<meta property=\"og:url\" content=\"https:\/\/compuviper.mx\/tienda\/producto\/huawei-6190054n-ds06190054-opsi5-12450hddr4-8gb256gb-ssdwindows11-iot-enterprise-sacdc19v\/\" \/>\n<meta property=\"og:site_name\" content=\"Compuviper\" \/>\n<meta property=\"article:publisher\" content=\"https:\/\/www.facebook.com\/compuviper\" \/>\n<meta property=\"article:modified_time\" content=\"2026-04-18T06:00:42+00:00\" \/>\n<meta name=\"twitter:card\" content=\"summary_large_image\" \/>\n<meta name=\"twitter:label1\" content=\"Precio\" \/>\n\t<meta name=\"twitter:data1\" content=\"&#36;12,467 con IVA\" \/>\n\t<meta name=\"twitter:label2\" content=\"Availability\" \/>\n\t<meta name=\"twitter:data2\" content=\"In stock\" \/>\n<script type=\"application\/ld+json\" class=\"yoast-schema-graph\">{\"@context\":\"https:\/\/schema.org\",\"@graph\":[{\"@type\":\"WebPage\",\"@id\":\"https:\/\/compuviper.mx\/tienda\/producto\/huawei-6190054n-ds06190054-opsi5-12450hddr4-8gb256gb-ssdwindows11-iot-enterprise-sacdc19v\/\",\"url\":\"https:\/\/compuviper.mx\/tienda\/producto\/huawei-6190054n-ds06190054-opsi5-12450hddr4-8gb256gb-ssdwindows11-iot-enterprise-sacdc19v\/\",\"name\":\"[ Huawei ] &#129351; 6190054n-ds,06190054 Ops,i5-12450h,ddr4 8gb,256gb Ssd,windows11 Iot Enterprise Sac,dc19v\",\"isPartOf\":{\"@id\":\"https:\/\/compuviper.mx\/tienda\/#website\"},\"datePublished\":\"2026-04-18T05:22:10+00:00\",\"dateModified\":\"2026-04-18T06:00:42+00:00\",\"description\":\"Compra 6190054n-ds,06190054 Ops,i5-12450h,ddr4 8gb,256gb Ssd,windows11 Iot Enterprise Sac,dc19v + Env\u00edo a domicilio + Pago seguro + Garant\u00eda\",\"breadcrumb\":{\"@id\":\"https:\/\/compuviper.mx\/tienda\/producto\/huawei-6190054n-ds06190054-opsi5-12450hddr4-8gb256gb-ssdwindows11-iot-enterprise-sacdc19v\/#breadcrumb\"},\"inLanguage\":\"es-MX\",\"potentialAction\":[{\"@type\":\"ReadAction\",\"target\":[\"https:\/\/compuviper.mx\/tienda\/producto\/huawei-6190054n-ds06190054-opsi5-12450hddr4-8gb256gb-ssdwindows11-iot-enterprise-sacdc19v\/\"]}]},{\"@type\":\"BreadcrumbList\",\"@id\":\"https:\/\/compuviper.mx\/tienda\/producto\/huawei-6190054n-ds06190054-opsi5-12450hddr4-8gb256gb-ssdwindows11-iot-enterprise-sacdc19v\/#breadcrumb\",\"itemListElement\":[{\"@type\":\"ListItem\",\"position\":1,\"name\":\"Inicio\",\"item\":\"https:\/\/compuviper.mx\/tienda\/\"},{\"@type\":\"ListItem\",\"position\":2,\"name\":\"Productos\",\"item\":\"https:\/\/compuviper.mx\/tienda\/productos\/\"},{\"@type\":\"ListItem\",\"position\":3,\"name\":\"Acceso Videoconferencia\",\"item\":\"https:\/\/compuviper.mx\/tienda\/categoria-producto\/acceso-videoconferencia\/\"},{\"@type\":\"ListItem\",\"position\":4,\"name\":\"Sin Categor\u00eda\",\"item\":\"https:\/\/compuviper.mx\/tienda\/categoria-producto\/acceso-videoconferencia\/sin-categoria-acceso-videoconferencia\/\"},{\"@type\":\"ListItem\",\"position\":5,\"name\":\"Huawei 6190054n-ds,06190054 Ops,i5-12450h,ddr4 8gb,256gb Ssd,windows11 Iot Enterprise Sac,dc19v\"}]},{\"@type\":\"WebSite\",\"@id\":\"https:\/\/compuviper.mx\/tienda\/#website\",\"url\":\"https:\/\/compuviper.mx\/tienda\/\",\"name\":\"Compuviper\",\"description\":\"Proveedor de Computadoras, Laptops, Servidores, Monitores, Puntos de Venta, Teclados,   Impresoras, T\u00f3ner, C\u00e1maras de Seguridad y m\u00e1s en tu tienda en l\u00ednea\",\"publisher\":{\"@id\":\"https:\/\/compuviper.mx\/tienda\/#organization\"},\"potentialAction\":[{\"@type\":\"SearchAction\",\"target\":{\"@type\":\"EntryPoint\",\"urlTemplate\":\"https:\/\/compuviper.mx\/tienda\/?s={search_term_string}\"},\"query-input\":\"required name=search_term_string\"}],\"inLanguage\":\"es-MX\"},{\"@type\":\"Organization\",\"@id\":\"https:\/\/compuviper.mx\/tienda\/#organization\",\"name\":\"Compuviper\",\"url\":\"https:\/\/compuviper.mx\/tienda\/\",\"logo\":{\"@type\":\"ImageObject\",\"inLanguage\":\"es-MX\",\"@id\":\"https:\/\/compuviper.mx\/tienda\/#\/schema\/logo\/image\/\",\"url\":\"https:\/\/compuviper.mx\/tienda\/wp-content\/uploads\/2021\/08\/Logo-Compuviper-10.png\",\"contentUrl\":\"https:\/\/compuviper.mx\/tienda\/wp-content\/uploads\/2021\/08\/Logo-Compuviper-10.png\",\"width\":1000,\"height\":500,\"caption\":\"Compuviper\"},\"image\":{\"@id\":\"https:\/\/compuviper.mx\/tienda\/#\/schema\/logo\/image\/\"},\"sameAs\":[\"https:\/\/www.facebook.com\/compuviper\",\"https:\/\/www.youtube.com\/channel\/UCf73dERp9Y3cfOq7q8BhLjA?view_as=subscriber\"]}]}<\/script>\n<meta property=\"product:brand\" content=\"HUAWEI\" \/>\n<meta property=\"product:price:amount\" content=\"12467\" \/>\n<meta property=\"product:price:currency\" content=\"MXN\" \/>\n<meta property=\"og:availability\" content=\"instock\" \/>\n<meta property=\"product:availability\" content=\"instock\" \/>\n<meta property=\"product:retailer_item_id\" content=\"6190054N-DS,06190054\" \/>\n<meta property=\"product:condition\" content=\"new\" \/>\n<!-- \/ Yoast SEO plugin. -->","yoast_head_json":{"title":"[ Huawei ] &#129351; 6190054n-ds,06190054 Ops,i5-12450h,ddr4 8gb,256gb Ssd,windows11 Iot Enterprise Sac,dc19v","description":"Compra 6190054n-ds,06190054 Ops,i5-12450h,ddr4 8gb,256gb Ssd,windows11 Iot Enterprise Sac,dc19v + Env\u00edo a domicilio + Pago seguro + Garant\u00eda","robots":{"index":"index","follow":"follow","max-snippet":"max-snippet:-1","max-image-preview":"max-image-preview:large","max-video-preview":"max-video-preview:-1"},"canonical":"https:\/\/compuviper.mx\/tienda\/producto\/huawei-6190054n-ds06190054-opsi5-12450hddr4-8gb256gb-ssdwindows11-iot-enterprise-sacdc19v\/","og_locale":"es_MX","og_type":"article","og_title":"[ Huawei ] &#129351; 6190054n-ds,06190054 Ops,i5-12450h,ddr4 8gb,256gb Ssd,windows11 Iot Enterprise Sac,dc19v","og_description":"Compra 6190054n-ds,06190054 Ops,i5-12450h,ddr4 8gb,256gb Ssd,windows11 Iot Enterprise Sac,dc19v + Env\u00edo a domicilio + Pago seguro + Garant\u00eda","og_url":"https:\/\/compuviper.mx\/tienda\/producto\/huawei-6190054n-ds06190054-opsi5-12450hddr4-8gb256gb-ssdwindows11-iot-enterprise-sacdc19v\/","og_site_name":"Compuviper","article_publisher":"https:\/\/www.facebook.com\/compuviper","article_modified_time":"2026-04-18T06:00:42+00:00","twitter_card":"summary_large_image","twitter_misc":{"Precio":"&#36;12,467 con IVA","Availability":"In stock"},"schema":{"@context":"https:\/\/schema.org","@graph":[{"@type":"WebPage","@id":"https:\/\/compuviper.mx\/tienda\/producto\/huawei-6190054n-ds06190054-opsi5-12450hddr4-8gb256gb-ssdwindows11-iot-enterprise-sacdc19v\/","url":"https:\/\/compuviper.mx\/tienda\/producto\/huawei-6190054n-ds06190054-opsi5-12450hddr4-8gb256gb-ssdwindows11-iot-enterprise-sacdc19v\/","name":"[ Huawei ] &#129351; 6190054n-ds,06190054 Ops,i5-12450h,ddr4 8gb,256gb Ssd,windows11 Iot Enterprise Sac,dc19v","isPartOf":{"@id":"https:\/\/compuviper.mx\/tienda\/#website"},"datePublished":"2026-04-18T05:22:10+00:00","dateModified":"2026-04-18T06:00:42+00:00","description":"Compra 6190054n-ds,06190054 Ops,i5-12450h,ddr4 8gb,256gb Ssd,windows11 Iot Enterprise Sac,dc19v + Env\u00edo a domicilio + Pago seguro + Garant\u00eda","breadcrumb":{"@id":"https:\/\/compuviper.mx\/tienda\/producto\/huawei-6190054n-ds06190054-opsi5-12450hddr4-8gb256gb-ssdwindows11-iot-enterprise-sacdc19v\/#breadcrumb"},"inLanguage":"es-MX","potentialAction":[{"@type":"ReadAction","target":["https:\/\/compuviper.mx\/tienda\/producto\/huawei-6190054n-ds06190054-opsi5-12450hddr4-8gb256gb-ssdwindows11-iot-enterprise-sacdc19v\/"]}]},{"@type":"BreadcrumbList","@id":"https:\/\/compuviper.mx\/tienda\/producto\/huawei-6190054n-ds06190054-opsi5-12450hddr4-8gb256gb-ssdwindows11-iot-enterprise-sacdc19v\/#breadcrumb","itemListElement":[{"@type":"ListItem","position":1,"name":"Inicio","item":"https:\/\/compuviper.mx\/tienda\/"},{"@type":"ListItem","position":2,"name":"Productos","item":"https:\/\/compuviper.mx\/tienda\/productos\/"},{"@type":"ListItem","position":3,"name":"Acceso Videoconferencia","item":"https:\/\/compuviper.mx\/tienda\/categoria-producto\/acceso-videoconferencia\/"},{"@type":"ListItem","position":4,"name":"Sin Categor\u00eda","item":"https:\/\/compuviper.mx\/tienda\/categoria-producto\/acceso-videoconferencia\/sin-categoria-acceso-videoconferencia\/"},{"@type":"ListItem","position":5,"name":"Huawei 6190054n-ds,06190054 Ops,i5-12450h,ddr4 8gb,256gb Ssd,windows11 Iot Enterprise Sac,dc19v"}]},{"@type":"WebSite","@id":"https:\/\/compuviper.mx\/tienda\/#website","url":"https:\/\/compuviper.mx\/tienda\/","name":"Compuviper","description":"Proveedor de Computadoras, Laptops, Servidores, Monitores, Puntos de Venta, Teclados,   Impresoras, T\u00f3ner, C\u00e1maras de Seguridad y m\u00e1s en tu tienda en l\u00ednea","publisher":{"@id":"https:\/\/compuviper.mx\/tienda\/#organization"},"potentialAction":[{"@type":"SearchAction","target":{"@type":"EntryPoint","urlTemplate":"https:\/\/compuviper.mx\/tienda\/?s={search_term_string}"},"query-input":"required name=search_term_string"}],"inLanguage":"es-MX"},{"@type":"Organization","@id":"https:\/\/compuviper.mx\/tienda\/#organization","name":"Compuviper","url":"https:\/\/compuviper.mx\/tienda\/","logo":{"@type":"ImageObject","inLanguage":"es-MX","@id":"https:\/\/compuviper.mx\/tienda\/#\/schema\/logo\/image\/","url":"https:\/\/compuviper.mx\/tienda\/wp-content\/uploads\/2021\/08\/Logo-Compuviper-10.png","contentUrl":"https:\/\/compuviper.mx\/tienda\/wp-content\/uploads\/2021\/08\/Logo-Compuviper-10.png","width":1000,"height":500,"caption":"Compuviper"},"image":{"@id":"https:\/\/compuviper.mx\/tienda\/#\/schema\/logo\/image\/"},"sameAs":["https:\/\/www.facebook.com\/compuviper","https:\/\/www.youtube.com\/channel\/UCf73dERp9Y3cfOq7q8BhLjA?view_as=subscriber"]}]},"product_brand":"HUAWEI","product_price_amount":"12467","product_price_currency":"MXN","og_availability":"instock","product_availability":"instock","product_retailer_item_id":"6190054N-DS,06190054","product_condition":"new"},"_links":{"self":[{"href":"https:\/\/compuviper.mx\/tienda\/wp-json\/wp\/v2\/product\/264610"}],"collection":[{"href":"https:\/\/compuviper.mx\/tienda\/wp-json\/wp\/v2\/product"}],"about":[{"href":"https:\/\/compuviper.mx\/tienda\/wp-json\/wp\/v2\/types\/product"}],"replies":[{"embeddable":true,"href":"https:\/\/compuviper.mx\/tienda\/wp-json\/wp\/v2\/comments?post=264610"}],"wp:attachment":[{"href":"https:\/\/compuviper.mx\/tienda\/wp-json\/wp\/v2\/media?parent=264610"}],"wp:term":[{"taxonomy":"product_cat","embeddable":true,"href":"https:\/\/compuviper.mx\/tienda\/wp-json\/wp\/v2\/product_cat?post=264610"},{"taxonomy":"product_tag","embeddable":true,"href":"https:\/\/compuviper.mx\/tienda\/wp-json\/wp\/v2\/product_tag?post=264610"}],"curies":[{"name":"wp","href":"https:\/\/api.w.org\/{rel}","templated":true}]}}