{"id":264551,"date":"2026-04-02T01:59:30","date_gmt":"2026-04-02T07:59:30","guid":{"rendered":"https:\/\/compuviper.mx\/tienda\/producto\/epson-b11b253201-scanner-workforce-es-60w-portatil-4-ppm-600-dpi-usb-wifi\/"},"modified":"2026-04-02T01:59:30","modified_gmt":"2026-04-02T07:59:30","slug":"epson-b11b253201-scanner-workforce-es-60w-portatil-4-ppm-600-dpi-usb-wifi","status":"publish","type":"product","link":"https:\/\/compuviper.mx\/tienda\/producto\/epson-b11b253201-scanner-workforce-es-60w-portatil-4-ppm-600-dpi-usb-wifi\/","title":{"rendered":"Epson B11b253201 Scanner  Workforce Es-60w Portatil, 4 Ppm, 600 Dpi, Usb, Wifi"},"content":{"rendered":"<table class=\"descripcion\">\n<tr>\n<td>Especificaciones del escaner:<\/td>\n<\/tr>\n<tr>\n<td>Tipo de escaner: escaner a una faz, portatil y a color<\/td>\n<\/tr>\n<tr>\n<td>Resolucion optica: 600 dpi<\/td>\n<\/tr>\n<tr>\n<td>Resolucion de hardware: 600 ppp<\/td>\n<\/tr>\n<tr>\n<td>Resolucion maxima: 1200 dpi<\/td>\n<\/tr>\n<tr>\n<td>Profundidad del bit de color: 16 bits de entrada<\/td>\n<\/tr>\n<tr>\n<td>Profundidad de la escala de grises del bit: 8 bits de salida<\/td>\n<\/tr>\n<tr>\n<td>Sensor optico: cis color de 1200 dpi salida de hasta 600dpi<\/td>\n<\/tr>\n<tr>\n<td>Fuente de luz: rgb led de 3 colores<\/td>\n<\/tr>\n<tr>\n<td>Velocidad de escaneo: blanco y negro, 300dpi, hoja simple: 4ppm con bateria; 5.5ppm conectado via usb<\/td>\n<\/tr>\n<tr>\n<td>Color, 300dpi, hoja simple: 4ppm con bateria; 5.5ppm conectado via usb<\/td>\n<\/tr>\n<tr>\n<td>General:<\/td>\n<\/tr>\n<tr>\n<td>Sistemas de operacion: windows 10 32-bit, 64-bit, windows 8\/8.1 32-bit, 64-bit, windows 7 32-bit, 64-bit sp1<\/td>\n<\/tr>\n<tr>\n<td>Mac os\u00ae x 10.11.x \u0096 10.14.x<\/td>\n<\/tr>\n<tr>\n<td>El software requiere conexin a internet para descarga e instalacin<\/td>\n<\/tr>\n<tr>\n<td>Temperatura: funcionamiento: 5 \u00b0 to 35 \u00b0c 41 \u00b0 to 95 \u00b0f<\/td>\n<\/tr>\n<tr>\n<td>Humedad: funcionamiento: 10 \u0096 85 sin condensacin<\/td>\n<\/tr>\n<tr>\n<td>Temperatura de uso: 5\u00b0 a 35\u00b0 c 41\u00b0 a 95\u00b0 f<\/td>\n<\/tr>\n<tr>\n<td>Dimensiones: solo producto: 27.2 x 4.7 x 33.8 cm<\/td>\n<\/tr>\n<tr>\n<td>Producto en la caja: 13.3 x 5.6 x 2.6<\/td>\n<\/tr>\n<tr>\n<td>Peso: 300 g<\/td>\n<\/tr>\n<tr>\n<td>Garantia: 12 meses<\/td>\n<\/tr>\n<tr>\n<td>Conectividad:<\/td>\n<\/tr>\n<tr>\n<td>Conectividad est\u00e1ndar: usb 2.0, wireless 802.11 b\/g\/n3<\/td>\n<\/tr>\n<tr>\n<td>Detalles del escaner:<\/td>\n<\/tr>\n<tr>\n<td>Software incluido: epson scansmart, document capture pro<\/td>\n<\/tr>\n<tr>\n<td>Interfaces: usb 2.0 \u0096 micro tipo b, wi-fi\u00ae 802.11 b\/g\/n<\/td>\n<\/tr>\n<tr>\n<td>Ciclo diario de trabajo: hasta 500 p\u00e1ginas\/da<\/td>\n<\/tr>\n<tr>\n<td>Energia:<\/td>\n<\/tr>\n<tr>\n<td>Voltaje nominal: ca 120 &#8211; 240 v<\/td>\n<\/tr>\n<tr>\n<td>Consumo de energa: con bateria, modo operacin 3,1 w<\/td>\n<\/tr>\n<tr>\n<td>Con bateria, modo en espera 2,4 w<\/td>\n<\/tr>\n<tr>\n<td>Con bateria, modo en reposo 1,9 w<\/td>\n<\/tr>\n<tr>\n<td>Con batera: modo apagado 0,2 w<\/td>\n<\/tr>\n<tr>\n<td>Con usb: modo operacin 2,7 w<\/td>\n<\/tr>\n<tr>\n<td>Con usb: modo en espera 1,6 w<\/td>\n<\/tr>\n<tr>\n<td>Con usb: modo en reposo 1,0 w<\/td>\n<\/tr>\n<tr>\n<td>Con usb: modo apagado: 0,2w<\/td>\n<\/tr>\n<tr>\n<td>Carcateristicas del escaner:<\/td>\n<\/tr>\n<tr>\n<td>Botones: scan start\/stop, power, wireless connect, wireless on\/off<\/td>\n<\/tr>\n<\/table>\n","protected":false},"excerpt":{"rendered":"<p>Especificaciones del escaner. Tipo de escaner: escaner a una faz, portatil y a color. Resolucion optica: 600 dpi. Resolucion de hardware: 600 ppp. Resolucion maxima: 1200 dpi. Profundidad del bit de color: 16 bits de entrada. Profundidad de la escala de grises del bit: 8 bits de salida. Sensor optico: cis color de 1200 dpi salida de hasta 600dpi. Fuente de luz: rgb led de 3 colores. Velocidad de escaneo: blanco y negro, 300dpi, hoja simple: 4ppm con bateria; 5.5ppm conectado via usb. Color, 300dpi, hoja simple: 4ppm con bateria; 5.5ppm conectado via usb. General. Sistemas de operacion: windows 10 32-bit, 64-bit, windows 8\/8.1 32-bit, 64-bit, windows 7 32-bit, 64-bit sp1. Mac os\u00ae x 10.11.X \u0096 10.14.X. El software requiere conexin a internet para descarga e instalacin. Temperatura: funcionamiento: 5 \u00b0 to 35 \u00b0c 41 \u00b0 to 95 \u00b0f. Humedad: funcionamiento: 10 \u0096 85 sin condensacin. Temperatura de uso: 5\u00b0 a 35\u00b0 c 41\u00b0 a 95\u00b0 f. Dimensiones: solo producto: 27.2 x 4.7 x 33.8 cm. Producto en la caja: 13.3 x 5.6 x 2.6. Peso: 300 g. Garantia: 12 meses. Conectividad. Conectividad est\u00e1ndar: usb 2.0, wireless 802.11 b\/g\/n3. Detalles del escaner. Software incluido: epson scansmart, document capture pro. Interfaces: usb 2.0 \u0096 micro tipo b, wi-fi\u00ae 802.11 b\/g\/n. Ciclo diario de trabajo: hasta 500 p\u00e1ginas\/da. Energia. Voltaje nominal: ca 120 &#8211; 240 v. Consumo de energa: con bateria, modo operacin 3,1 w. Con bateria, modo en espera 2,4 w. Con bateria, modo en reposo 1,9 w. Con batera: modo apagado 0,2 w. Con usb: modo operacin 2,7 w. Con usb: modo en espera 1,6 w. Con usb: modo en reposo 1,0 w. Con usb: modo apagado: 0,2w. Carcateristicas del escaner. Botones: scan start\/stop, power, wireless connect, wireless on\/off<\/p>\n","protected":false},"featured_media":264552,"comment_status":"open","ping_status":"open","template":"","meta":[],"product_cat":[1805,1807],"product_tag":[1624],"acf":[],"yoast_head":"<!-- This site is optimized with the Yoast SEO plugin v21.7 - https:\/\/yoast.com\/wordpress\/plugins\/seo\/ -->\n<title>[ Epson ] &#129351; B11b253201 Scanner Workforce Es-60w Portatil, 4 Ppm, 600 Dpi, Usb, Wifi<\/title>\n<meta name=\"description\" content=\"Compra B11b253201 Scanner Workforce Es-60w Portatil, 4 Ppm, 600 Dpi, Usb, Wifi + Env\u00edo a domicilio + Pago seguro + Garant\u00eda\" \/>\n<meta name=\"robots\" content=\"index, follow, max-snippet:-1, max-image-preview:large, max-video-preview:-1\" \/>\n<link rel=\"canonical\" href=\"https:\/\/compuviper.mx\/tienda\/producto\/epson-b11b253201-scanner-workforce-es-60w-portatil-4-ppm-600-dpi-usb-wifi\/\" \/>\n<meta property=\"og:locale\" content=\"es_MX\" \/>\n<meta property=\"og:type\" content=\"article\" \/>\n<meta property=\"og:title\" content=\"[ Epson ] &#129351; B11b253201 Scanner Workforce Es-60w Portatil, 4 Ppm, 600 Dpi, Usb, Wifi\" \/>\n<meta property=\"og:description\" content=\"Compra B11b253201 Scanner Workforce Es-60w Portatil, 4 Ppm, 600 Dpi, Usb, Wifi + Env\u00edo a domicilio + Pago seguro + Garant\u00eda\" \/>\n<meta property=\"og:url\" content=\"https:\/\/compuviper.mx\/tienda\/producto\/epson-b11b253201-scanner-workforce-es-60w-portatil-4-ppm-600-dpi-usb-wifi\/\" \/>\n<meta property=\"og:site_name\" content=\"Compuviper\" \/>\n<meta property=\"article:publisher\" content=\"https:\/\/www.facebook.com\/compuviper\" \/>\n<meta property=\"og:image\" content=\"https:\/\/compuviper.mx\/tienda\/wp-content\/uploads\/2025\/12\/Scanner-epson-workforce-es-60w-portatil-4-ppm-600-dpi-usb-wifi.jpg\" \/>\n\t<meta property=\"og:image:width\" content=\"200\" \/>\n\t<meta property=\"og:image:height\" content=\"200\" \/>\n\t<meta property=\"og:image:type\" content=\"image\/jpeg\" \/>\n<meta name=\"twitter:card\" content=\"summary_large_image\" \/>\n<meta name=\"twitter:label1\" content=\"Precio\" \/>\n\t<meta name=\"twitter:data1\" content=\"&#36;4,522 con IVA\" \/>\n\t<meta name=\"twitter:label2\" content=\"Availability\" \/>\n\t<meta name=\"twitter:data2\" content=\"Out of stock\" \/>\n<script type=\"application\/ld+json\" class=\"yoast-schema-graph\">{\"@context\":\"https:\/\/schema.org\",\"@graph\":[{\"@type\":\"WebPage\",\"@id\":\"https:\/\/compuviper.mx\/tienda\/producto\/epson-b11b253201-scanner-workforce-es-60w-portatil-4-ppm-600-dpi-usb-wifi\/\",\"url\":\"https:\/\/compuviper.mx\/tienda\/producto\/epson-b11b253201-scanner-workforce-es-60w-portatil-4-ppm-600-dpi-usb-wifi\/\",\"name\":\"[ Epson ] &#129351; B11b253201 Scanner Workforce Es-60w Portatil, 4 Ppm, 600 Dpi, Usb, Wifi\",\"isPartOf\":{\"@id\":\"https:\/\/compuviper.mx\/tienda\/#website\"},\"datePublished\":\"2026-04-02T07:59:30+00:00\",\"dateModified\":\"2026-04-02T07:59:30+00:00\",\"description\":\"Compra B11b253201 Scanner Workforce Es-60w Portatil, 4 Ppm, 600 Dpi, Usb, Wifi + Env\u00edo a domicilio + Pago seguro + Garant\u00eda\",\"breadcrumb\":{\"@id\":\"https:\/\/compuviper.mx\/tienda\/producto\/epson-b11b253201-scanner-workforce-es-60w-portatil-4-ppm-600-dpi-usb-wifi\/#breadcrumb\"},\"inLanguage\":\"es-MX\",\"potentialAction\":[{\"@type\":\"ReadAction\",\"target\":[\"https:\/\/compuviper.mx\/tienda\/producto\/epson-b11b253201-scanner-workforce-es-60w-portatil-4-ppm-600-dpi-usb-wifi\/\"]}]},{\"@type\":\"BreadcrumbList\",\"@id\":\"https:\/\/compuviper.mx\/tienda\/producto\/epson-b11b253201-scanner-workforce-es-60w-portatil-4-ppm-600-dpi-usb-wifi\/#breadcrumb\",\"itemListElement\":[{\"@type\":\"ListItem\",\"position\":1,\"name\":\"Inicio\",\"item\":\"https:\/\/compuviper.mx\/tienda\/\"},{\"@type\":\"ListItem\",\"position\":2,\"name\":\"Productos\",\"item\":\"https:\/\/compuviper.mx\/tienda\/productos\/\"},{\"@type\":\"ListItem\",\"position\":3,\"name\":\"Scanner\",\"item\":\"https:\/\/compuviper.mx\/tienda\/categoria-producto\/scanner\/\"},{\"@type\":\"ListItem\",\"position\":4,\"name\":\"Scanner Documentos\",\"item\":\"https:\/\/compuviper.mx\/tienda\/categoria-producto\/scanner\/scanner-documentos\/\"},{\"@type\":\"ListItem\",\"position\":5,\"name\":\"Epson B11b253201 Scanner Workforce Es-60w Portatil, 4 Ppm, 600 Dpi, Usb, Wifi\"}]},{\"@type\":\"WebSite\",\"@id\":\"https:\/\/compuviper.mx\/tienda\/#website\",\"url\":\"https:\/\/compuviper.mx\/tienda\/\",\"name\":\"Compuviper\",\"description\":\"Proveedor de Computadoras, Laptops, Servidores, Monitores, Puntos de Venta, Teclados,   Impresoras, T\u00f3ner, C\u00e1maras de Seguridad y m\u00e1s en tu tienda en l\u00ednea\",\"publisher\":{\"@id\":\"https:\/\/compuviper.mx\/tienda\/#organization\"},\"potentialAction\":[{\"@type\":\"SearchAction\",\"target\":{\"@type\":\"EntryPoint\",\"urlTemplate\":\"https:\/\/compuviper.mx\/tienda\/?s={search_term_string}\"},\"query-input\":\"required name=search_term_string\"}],\"inLanguage\":\"es-MX\"},{\"@type\":\"Organization\",\"@id\":\"https:\/\/compuviper.mx\/tienda\/#organization\",\"name\":\"Compuviper\",\"url\":\"https:\/\/compuviper.mx\/tienda\/\",\"logo\":{\"@type\":\"ImageObject\",\"inLanguage\":\"es-MX\",\"@id\":\"https:\/\/compuviper.mx\/tienda\/#\/schema\/logo\/image\/\",\"url\":\"https:\/\/compuviper.mx\/tienda\/wp-content\/uploads\/2021\/08\/Logo-Compuviper-10.png\",\"contentUrl\":\"https:\/\/compuviper.mx\/tienda\/wp-content\/uploads\/2021\/08\/Logo-Compuviper-10.png\",\"width\":1000,\"height\":500,\"caption\":\"Compuviper\"},\"image\":{\"@id\":\"https:\/\/compuviper.mx\/tienda\/#\/schema\/logo\/image\/\"},\"sameAs\":[\"https:\/\/www.facebook.com\/compuviper\",\"https:\/\/www.youtube.com\/channel\/UCf73dERp9Y3cfOq7q8BhLjA?view_as=subscriber\"]}]}<\/script>\n<meta property=\"product:brand\" content=\"EPSON\" \/>\n<meta property=\"product:price:amount\" content=\"4522\" \/>\n<meta property=\"product:price:currency\" content=\"MXN\" \/>\n<meta property=\"og:availability\" content=\"out of stock\" \/>\n<meta property=\"product:availability\" content=\"out of stock\" \/>\n<meta property=\"product:retailer_item_id\" content=\"B11B253201\" \/>\n<meta property=\"product:condition\" content=\"new\" \/>\n<!-- \/ Yoast SEO plugin. -->","yoast_head_json":{"title":"[ Epson ] &#129351; B11b253201 Scanner Workforce Es-60w Portatil, 4 Ppm, 600 Dpi, Usb, Wifi","description":"Compra B11b253201 Scanner Workforce Es-60w Portatil, 4 Ppm, 600 Dpi, Usb, Wifi + Env\u00edo a domicilio + Pago seguro + Garant\u00eda","robots":{"index":"index","follow":"follow","max-snippet":"max-snippet:-1","max-image-preview":"max-image-preview:large","max-video-preview":"max-video-preview:-1"},"canonical":"https:\/\/compuviper.mx\/tienda\/producto\/epson-b11b253201-scanner-workforce-es-60w-portatil-4-ppm-600-dpi-usb-wifi\/","og_locale":"es_MX","og_type":"article","og_title":"[ Epson ] &#129351; B11b253201 Scanner Workforce Es-60w Portatil, 4 Ppm, 600 Dpi, Usb, Wifi","og_description":"Compra B11b253201 Scanner Workforce Es-60w Portatil, 4 Ppm, 600 Dpi, Usb, Wifi + Env\u00edo a domicilio + Pago seguro + Garant\u00eda","og_url":"https:\/\/compuviper.mx\/tienda\/producto\/epson-b11b253201-scanner-workforce-es-60w-portatil-4-ppm-600-dpi-usb-wifi\/","og_site_name":"Compuviper","article_publisher":"https:\/\/www.facebook.com\/compuviper","og_image":[{"width":200,"height":200,"url":"https:\/\/compuviper.mx\/tienda\/wp-content\/uploads\/2025\/12\/Scanner-epson-workforce-es-60w-portatil-4-ppm-600-dpi-usb-wifi.jpg","type":"image\/jpeg"}],"twitter_card":"summary_large_image","twitter_misc":{"Precio":"&#36;4,522 con IVA","Availability":"Out of stock"},"schema":{"@context":"https:\/\/schema.org","@graph":[{"@type":"WebPage","@id":"https:\/\/compuviper.mx\/tienda\/producto\/epson-b11b253201-scanner-workforce-es-60w-portatil-4-ppm-600-dpi-usb-wifi\/","url":"https:\/\/compuviper.mx\/tienda\/producto\/epson-b11b253201-scanner-workforce-es-60w-portatil-4-ppm-600-dpi-usb-wifi\/","name":"[ Epson ] &#129351; B11b253201 Scanner Workforce Es-60w Portatil, 4 Ppm, 600 Dpi, Usb, Wifi","isPartOf":{"@id":"https:\/\/compuviper.mx\/tienda\/#website"},"datePublished":"2026-04-02T07:59:30+00:00","dateModified":"2026-04-02T07:59:30+00:00","description":"Compra B11b253201 Scanner Workforce Es-60w Portatil, 4 Ppm, 600 Dpi, Usb, Wifi + Env\u00edo a domicilio + Pago seguro + Garant\u00eda","breadcrumb":{"@id":"https:\/\/compuviper.mx\/tienda\/producto\/epson-b11b253201-scanner-workforce-es-60w-portatil-4-ppm-600-dpi-usb-wifi\/#breadcrumb"},"inLanguage":"es-MX","potentialAction":[{"@type":"ReadAction","target":["https:\/\/compuviper.mx\/tienda\/producto\/epson-b11b253201-scanner-workforce-es-60w-portatil-4-ppm-600-dpi-usb-wifi\/"]}]},{"@type":"BreadcrumbList","@id":"https:\/\/compuviper.mx\/tienda\/producto\/epson-b11b253201-scanner-workforce-es-60w-portatil-4-ppm-600-dpi-usb-wifi\/#breadcrumb","itemListElement":[{"@type":"ListItem","position":1,"name":"Inicio","item":"https:\/\/compuviper.mx\/tienda\/"},{"@type":"ListItem","position":2,"name":"Productos","item":"https:\/\/compuviper.mx\/tienda\/productos\/"},{"@type":"ListItem","position":3,"name":"Scanner","item":"https:\/\/compuviper.mx\/tienda\/categoria-producto\/scanner\/"},{"@type":"ListItem","position":4,"name":"Scanner Documentos","item":"https:\/\/compuviper.mx\/tienda\/categoria-producto\/scanner\/scanner-documentos\/"},{"@type":"ListItem","position":5,"name":"Epson B11b253201 Scanner Workforce Es-60w Portatil, 4 Ppm, 600 Dpi, Usb, Wifi"}]},{"@type":"WebSite","@id":"https:\/\/compuviper.mx\/tienda\/#website","url":"https:\/\/compuviper.mx\/tienda\/","name":"Compuviper","description":"Proveedor de Computadoras, Laptops, Servidores, Monitores, Puntos de Venta, Teclados,   Impresoras, T\u00f3ner, C\u00e1maras de Seguridad y m\u00e1s en tu tienda en l\u00ednea","publisher":{"@id":"https:\/\/compuviper.mx\/tienda\/#organization"},"potentialAction":[{"@type":"SearchAction","target":{"@type":"EntryPoint","urlTemplate":"https:\/\/compuviper.mx\/tienda\/?s={search_term_string}"},"query-input":"required name=search_term_string"}],"inLanguage":"es-MX"},{"@type":"Organization","@id":"https:\/\/compuviper.mx\/tienda\/#organization","name":"Compuviper","url":"https:\/\/compuviper.mx\/tienda\/","logo":{"@type":"ImageObject","inLanguage":"es-MX","@id":"https:\/\/compuviper.mx\/tienda\/#\/schema\/logo\/image\/","url":"https:\/\/compuviper.mx\/tienda\/wp-content\/uploads\/2021\/08\/Logo-Compuviper-10.png","contentUrl":"https:\/\/compuviper.mx\/tienda\/wp-content\/uploads\/2021\/08\/Logo-Compuviper-10.png","width":1000,"height":500,"caption":"Compuviper"},"image":{"@id":"https:\/\/compuviper.mx\/tienda\/#\/schema\/logo\/image\/"},"sameAs":["https:\/\/www.facebook.com\/compuviper","https:\/\/www.youtube.com\/channel\/UCf73dERp9Y3cfOq7q8BhLjA?view_as=subscriber"]}]},"product_brand":"EPSON","product_price_amount":"4522","product_price_currency":"MXN","og_availability":"out of stock","product_availability":"out of stock","product_retailer_item_id":"B11B253201","product_condition":"new"},"_links":{"self":[{"href":"https:\/\/compuviper.mx\/tienda\/wp-json\/wp\/v2\/product\/264551"}],"collection":[{"href":"https:\/\/compuviper.mx\/tienda\/wp-json\/wp\/v2\/product"}],"about":[{"href":"https:\/\/compuviper.mx\/tienda\/wp-json\/wp\/v2\/types\/product"}],"replies":[{"embeddable":true,"href":"https:\/\/compuviper.mx\/tienda\/wp-json\/wp\/v2\/comments?post=264551"}],"wp:featuredmedia":[{"embeddable":true,"href":"https:\/\/compuviper.mx\/tienda\/wp-json\/wp\/v2\/media\/264552"}],"wp:attachment":[{"href":"https:\/\/compuviper.mx\/tienda\/wp-json\/wp\/v2\/media?parent=264551"}],"wp:term":[{"taxonomy":"product_cat","embeddable":true,"href":"https:\/\/compuviper.mx\/tienda\/wp-json\/wp\/v2\/product_cat?post=264551"},{"taxonomy":"product_tag","embeddable":true,"href":"https:\/\/compuviper.mx\/tienda\/wp-json\/wp\/v2\/product_tag?post=264551"}],"curies":[{"name":"wp","href":"https:\/\/api.w.org\/{rel}","templated":true}]}}