{"id":264475,"date":"2026-04-25T00:13:18","date_gmt":"2026-04-25T06:13:18","guid":{"rendered":"https:\/\/compuviper.mx\/tienda\/producto\/ezviz-cs-bc1c-4k-cmara-wifi-4k-batera-recargable-compatible-con-panel-solar-cs-cmtsolarpanel-e-2-8mm-conector-tipo-c-audio-dos-vas-visin-nocturna-en-color-proteccin-ip65-ranura-para\/"},"modified":"2026-04-25T00:13:19","modified_gmt":"2026-04-25T06:13:19","slug":"ezviz-cs-bc1c-4k-cmara-wifi-4k-batera-recargable-compatible-con-panel-solar-cs-cmtsolarpanel-e-2-8mm-conector-tipo-c-audio-dos-vas-visin-nocturna-en-color-proteccin-ip65-ranura-para","status":"publish","type":"product","link":"https:\/\/compuviper.mx\/tienda\/producto\/ezviz-cs-bc1c-4k-cmara-wifi-4k-batera-recargable-compatible-con-panel-solar-cs-cmtsolarpanel-e-2-8mm-conector-tipo-c-audio-dos-vas-visin-nocturna-en-color-proteccin-ip65-ranura-para\/","title":{"rendered":"Ezviz Cs-bc1c\/4k C?mara Wifi \/ 4k \/ Bater?a Recargable Compatible Con Panel Solar Cs-cmtsolarpanel-e\/ 2.8mm \/ Conector Tipo C \/ Audio Dos V?as \/ Visi?n Nocturna En Color \/ Protecci?n Ip65\/ Ranura Para Memoria 512 Gb"},"content":{"rendered":"<table class=\"descripcion\">\n<tr>\n<td>Caracter\u00edsticas principales:<\/td>\n<\/tr>\n<tr>\n<td>Resoluci\u00f3n: 8 megapixel (3840 \u00d7 2160) 4k uhd.<\/td>\n<\/tr>\n<tr>\n<td>Lente: 2.8mm @ f1.6, \u00e1ngulo horizontal: 113\u00b0, \u00e1ngulo diagonal: 135\u00b0.<\/td>\n<\/tr>\n<tr>\n<td>Visi\u00f3n nocturna en color.<\/td>\n<\/tr>\n<tr>\n<td>Comunicaci\u00f3n bidireccional.<\/td>\n<\/tr>\n<tr>\n<td>3d dnr para reducci\u00f3n de ruido digital.<\/td>\n<\/tr>\n<tr>\n<td>Detecci\u00f3n inteligente de movimiento humano\/veh\u00edculos.<\/td>\n<\/tr>\n<tr>\n<td>Ir 15m.<\/td>\n<\/tr>\n<tr>\n<td>Compresi\u00f3n de video h.265\/h.264.<\/td>\n<\/tr>\n<tr>\n<td>Doble antena wifi 2.4ghz (wifi 6 compatible).<\/td>\n<\/tr>\n<tr>\n<td>Protecci\u00f3n ip65 resistente a la intemperie.<\/td>\n<\/tr>\n<tr>\n<td>Soporta tarjetas microsd de hasta 512gb.<\/td>\n<\/tr>\n<tr>\n<td>Caracter\u00edsticas f\u00edsicas y el\u00e9ctricas:<\/td>\n<\/tr>\n<tr>\n<td>Bater\u00eda de litio recargable de 10,400 mah.<\/td>\n<\/tr>\n<tr>\n<td>Alimentaci\u00f3n: dc 5v\/2a (incluye solo cable tipo c para alimentaci\u00f3n, no incluye transformador).<\/td>\n<\/tr>\n<tr>\n<td>Compatible con panel solar cs-cmtsolarpanele<\/td>\n<\/tr>\n<tr>\n<td>Dimensiones: 149.33mm x 62.95mm x 62.95mm.<\/td>\n<\/tr>\n<tr>\n<td>Temperatura de operaci\u00f3n: -20\u00b0c a 50\u00b0c.<\/td>\n<\/tr>\n<tr>\n<td>Humedad: 95% o menos (sin condensaci\u00f3n).<\/td>\n<\/tr>\n<tr>\n<td>Peso neto: 348g.<\/td>\n<\/tr>\n<tr>\n<td>Caracter\u00edsticas destacadas:<\/td>\n<\/tr>\n<tr>\n<td>Al suscribirse a la grabaci\u00f3n en la nube, se otorgan 7 d\u00edas de prueba gratis. despu\u00e9s, se puede adquirir un plan de almacenamiento:<\/td>\n<\/tr>\n<tr>\n<td>Opci\u00f3n 1: compra de licencia con c\u00f3digo entregado al facturar:<\/td>\n<\/tr>\n<tr>\n<td>Ez-cloud\/7a: 7 d\u00edas de almacenamiento por un a\u00f1o.<\/td>\n<\/tr>\n<tr>\n<td>Ez-cloud\/30a: 30 d\u00edas de almacenamiento por un a\u00f1o.<\/td>\n<\/tr>\n<tr>\n<td>Opci\u00f3n 2: suscripci\u00f3n directa a ezviz cloud desde la app de ezviz, con cobro gestionado dentro de la misma aplicaci\u00f3n.<\/td>\n<\/tr>\n<tr>\n<td>Compatible con google assistant y alexa.<\/td>\n<\/tr>\n<tr>\n<td>Notas:<\/td>\n<\/tr>\n<tr>\n<td>Configuraci\u00f3n \u00fanicamente mediante aplicaci\u00f3n ezviz<\/td>\n<\/tr>\n<\/table>\n","protected":false},"excerpt":{"rendered":"<p>Con resoluci\u00f3n 4k uhd y dos focos integrados, podr\u00e1s ver los peque\u00f1os. Detalles de cualquier persona que ingrese a tu propiedad, de d\u00eda o de. Noche. Con la protecci\u00f3n 24\/7 de ezviz, la bc1c 4k, siendo una c\u00e1mara. Con bater\u00eda, tambi\u00e9n puede proteger tu propiedad todo el d\u00eda como. Una c\u00e1mara cableada.<\/p>\n","protected":false},"featured_media":0,"comment_status":"open","ping_status":"open","template":"","meta":[],"product_cat":[1681,1608],"product_tag":[2123],"acf":[],"yoast_head":"<!-- This site is optimized with the Yoast SEO plugin v21.7 - https:\/\/yoast.com\/wordpress\/plugins\/seo\/ -->\n<title>[ Ezviz ] &#129351; Cs-bc1c\/4k C\u00e1mara Wifi \/ 4k \/ Bater\u00eda Recargable Compatible Con Panel Solar Cs-cmtsolarpanel-e\/ 2.8mm \/ Conector Tipo C \/ Audio Dos V\u00edas \/ Visi\u00f3n Nocturna En Color \/ Protecci\u00f3n Ip65\/ Ranura Para Memoria 512 Gb<\/title>\n<meta name=\"description\" content=\"Compra Cs-bc1c\/4k C\u00e1mara Wifi \/ 4k \/ Bater\u00eda Recargable Compatible Con Panel Solar Cs-cmtsolarpanel-e\/ 2.8mm \/ Conector Tipo C \/ Audio Dos V\u00edas \/ Visi\u00f3n Nocturna En Color \/ Protecci\u00f3n Ip65\/ Ranura Para Memoria 512 Gb + Env\u00edo a domicilio + Pago seguro + Garant\u00eda\" \/>\n<meta name=\"robots\" content=\"index, follow, max-snippet:-1, max-image-preview:large, max-video-preview:-1\" \/>\n<link rel=\"canonical\" href=\"https:\/\/compuviper.mx\/tienda\/producto\/ezviz-cs-bc1c-4k-cmara-wifi-4k-batera-recargable-compatible-con-panel-solar-cs-cmtsolarpanel-e-2-8mm-conector-tipo-c-audio-dos-vas-visin-nocturna-en-color-proteccin-ip65-ranura-para\/\" \/>\n<meta property=\"og:locale\" content=\"es_MX\" \/>\n<meta property=\"og:type\" content=\"article\" \/>\n<meta property=\"og:title\" content=\"[ Ezviz ] &#129351; Cs-bc1c\/4k C\u00e1mara Wifi \/ 4k \/ Bater\u00eda Recargable Compatible Con Panel Solar Cs-cmtsolarpanel-e\/ 2.8mm \/ Conector Tipo C \/ Audio Dos V\u00edas \/ Visi\u00f3n Nocturna En Color \/ Protecci\u00f3n Ip65\/ Ranura Para Memoria 512 Gb\" \/>\n<meta property=\"og:description\" content=\"Compra Cs-bc1c\/4k C\u00e1mara Wifi \/ 4k \/ Bater\u00eda Recargable Compatible Con Panel Solar Cs-cmtsolarpanel-e\/ 2.8mm \/ Conector Tipo C \/ Audio Dos V\u00edas \/ Visi\u00f3n Nocturna En Color \/ Protecci\u00f3n Ip65\/ Ranura Para Memoria 512 Gb + Env\u00edo a domicilio + Pago seguro + Garant\u00eda\" \/>\n<meta property=\"og:url\" content=\"https:\/\/compuviper.mx\/tienda\/producto\/ezviz-cs-bc1c-4k-cmara-wifi-4k-batera-recargable-compatible-con-panel-solar-cs-cmtsolarpanel-e-2-8mm-conector-tipo-c-audio-dos-vas-visin-nocturna-en-color-proteccin-ip65-ranura-para\/\" \/>\n<meta property=\"og:site_name\" content=\"Compuviper\" \/>\n<meta property=\"article:publisher\" content=\"https:\/\/www.facebook.com\/compuviper\" \/>\n<meta property=\"article:modified_time\" content=\"2026-04-25T06:13:19+00:00\" \/>\n<meta name=\"twitter:card\" content=\"summary_large_image\" \/>\n<meta name=\"twitter:label1\" content=\"Precio\" \/>\n\t<meta name=\"twitter:data1\" content=\"&#36;2,049 con IVA\" \/>\n\t<meta name=\"twitter:label2\" content=\"Availability\" \/>\n\t<meta name=\"twitter:data2\" content=\"On backorder\" \/>\n<script type=\"application\/ld+json\" class=\"yoast-schema-graph\">{\"@context\":\"https:\/\/schema.org\",\"@graph\":[{\"@type\":\"WebPage\",\"@id\":\"https:\/\/compuviper.mx\/tienda\/producto\/ezviz-cs-bc1c-4k-cmara-wifi-4k-batera-recargable-compatible-con-panel-solar-cs-cmtsolarpanel-e-2-8mm-conector-tipo-c-audio-dos-vas-visin-nocturna-en-color-proteccin-ip65-ranura-para\/\",\"url\":\"https:\/\/compuviper.mx\/tienda\/producto\/ezviz-cs-bc1c-4k-cmara-wifi-4k-batera-recargable-compatible-con-panel-solar-cs-cmtsolarpanel-e-2-8mm-conector-tipo-c-audio-dos-vas-visin-nocturna-en-color-proteccin-ip65-ranura-para\/\",\"name\":\"[ Ezviz ] &#129351; Cs-bc1c\/4k C\u00e1mara Wifi \/ 4k \/ Bater\u00eda Recargable Compatible Con Panel Solar Cs-cmtsolarpanel-e\/ 2.8mm \/ Conector Tipo C \/ Audio Dos V\u00edas \/ Visi\u00f3n Nocturna En Color \/ Protecci\u00f3n Ip65\/ Ranura Para Memoria 512 Gb\",\"isPartOf\":{\"@id\":\"https:\/\/compuviper.mx\/tienda\/#website\"},\"datePublished\":\"2026-04-25T06:13:18+00:00\",\"dateModified\":\"2026-04-25T06:13:19+00:00\",\"description\":\"Compra Cs-bc1c\/4k C\u00e1mara Wifi \/ 4k \/ Bater\u00eda Recargable Compatible Con Panel Solar Cs-cmtsolarpanel-e\/ 2.8mm \/ Conector Tipo C \/ Audio Dos V\u00edas \/ Visi\u00f3n Nocturna En Color \/ Protecci\u00f3n Ip65\/ Ranura Para Memoria 512 Gb + Env\u00edo a domicilio + Pago seguro + Garant\u00eda\",\"breadcrumb\":{\"@id\":\"https:\/\/compuviper.mx\/tienda\/producto\/ezviz-cs-bc1c-4k-cmara-wifi-4k-batera-recargable-compatible-con-panel-solar-cs-cmtsolarpanel-e-2-8mm-conector-tipo-c-audio-dos-vas-visin-nocturna-en-color-proteccin-ip65-ranura-para\/#breadcrumb\"},\"inLanguage\":\"es-MX\",\"potentialAction\":[{\"@type\":\"ReadAction\",\"target\":[\"https:\/\/compuviper.mx\/tienda\/producto\/ezviz-cs-bc1c-4k-cmara-wifi-4k-batera-recargable-compatible-con-panel-solar-cs-cmtsolarpanel-e-2-8mm-conector-tipo-c-audio-dos-vas-visin-nocturna-en-color-proteccin-ip65-ranura-para\/\"]}]},{\"@type\":\"BreadcrumbList\",\"@id\":\"https:\/\/compuviper.mx\/tienda\/producto\/ezviz-cs-bc1c-4k-cmara-wifi-4k-batera-recargable-compatible-con-panel-solar-cs-cmtsolarpanel-e-2-8mm-conector-tipo-c-audio-dos-vas-visin-nocturna-en-color-proteccin-ip65-ranura-para\/#breadcrumb\",\"itemListElement\":[{\"@type\":\"ListItem\",\"position\":1,\"name\":\"Inicio\",\"item\":\"https:\/\/compuviper.mx\/tienda\/\"},{\"@type\":\"ListItem\",\"position\":2,\"name\":\"Productos\",\"item\":\"https:\/\/compuviper.mx\/tienda\/productos\/\"},{\"@type\":\"ListItem\",\"position\":3,\"name\":\"Camaras\",\"item\":\"https:\/\/compuviper.mx\/tienda\/categoria-producto\/camaras-2\/\"},{\"@type\":\"ListItem\",\"position\":4,\"name\":\"Camara De Videovigilancia\",\"item\":\"https:\/\/compuviper.mx\/tienda\/categoria-producto\/camaras-2\/camara-de-videovigilancia\/\"},{\"@type\":\"ListItem\",\"position\":5,\"name\":\"Ezviz Cs-bc1c\/4k C?mara Wifi \/ 4k \/ Bater?a Recargable Compatible Con Panel Solar Cs-cmtsolarpanel-e\/ 2.8mm \/ Conector Tipo C \/ Audio Dos V?as \/ Visi?n Nocturna En Color \/ Protecci?n Ip65\/ Ranura Para Memoria 512 Gb\"}]},{\"@type\":\"WebSite\",\"@id\":\"https:\/\/compuviper.mx\/tienda\/#website\",\"url\":\"https:\/\/compuviper.mx\/tienda\/\",\"name\":\"Compuviper\",\"description\":\"Proveedor de Computadoras, Laptops, Servidores, Monitores, Puntos de Venta, Teclados,   Impresoras, T\u00f3ner, C\u00e1maras de Seguridad y m\u00e1s en tu tienda en l\u00ednea\",\"publisher\":{\"@id\":\"https:\/\/compuviper.mx\/tienda\/#organization\"},\"potentialAction\":[{\"@type\":\"SearchAction\",\"target\":{\"@type\":\"EntryPoint\",\"urlTemplate\":\"https:\/\/compuviper.mx\/tienda\/?s={search_term_string}\"},\"query-input\":\"required name=search_term_string\"}],\"inLanguage\":\"es-MX\"},{\"@type\":\"Organization\",\"@id\":\"https:\/\/compuviper.mx\/tienda\/#organization\",\"name\":\"Compuviper\",\"url\":\"https:\/\/compuviper.mx\/tienda\/\",\"logo\":{\"@type\":\"ImageObject\",\"inLanguage\":\"es-MX\",\"@id\":\"https:\/\/compuviper.mx\/tienda\/#\/schema\/logo\/image\/\",\"url\":\"https:\/\/compuviper.mx\/tienda\/wp-content\/uploads\/2021\/08\/Logo-Compuviper-10.png\",\"contentUrl\":\"https:\/\/compuviper.mx\/tienda\/wp-content\/uploads\/2021\/08\/Logo-Compuviper-10.png\",\"width\":1000,\"height\":500,\"caption\":\"Compuviper\"},\"image\":{\"@id\":\"https:\/\/compuviper.mx\/tienda\/#\/schema\/logo\/image\/\"},\"sameAs\":[\"https:\/\/www.facebook.com\/compuviper\",\"https:\/\/www.youtube.com\/channel\/UCf73dERp9Y3cfOq7q8BhLjA?view_as=subscriber\"]}]}<\/script>\n<meta property=\"product:brand\" content=\"Ezviz\" \/>\n<meta property=\"product:price:amount\" content=\"2049\" \/>\n<meta property=\"product:price:currency\" content=\"MXN\" \/>\n<meta property=\"og:availability\" content=\"backorder\" \/>\n<meta property=\"product:availability\" content=\"available for order\" \/>\n<meta property=\"product:retailer_item_id\" content=\"CS-BC1C\/4K\" \/>\n<meta property=\"product:condition\" content=\"new\" \/>\n<!-- \/ Yoast SEO plugin. -->","yoast_head_json":{"title":"[ Ezviz ] &#129351; Cs-bc1c\/4k C\u00e1mara Wifi \/ 4k \/ Bater\u00eda Recargable Compatible Con Panel Solar Cs-cmtsolarpanel-e\/ 2.8mm \/ Conector Tipo C \/ Audio Dos V\u00edas \/ Visi\u00f3n Nocturna En Color \/ Protecci\u00f3n Ip65\/ Ranura Para Memoria 512 Gb","description":"Compra Cs-bc1c\/4k C\u00e1mara Wifi \/ 4k \/ Bater\u00eda Recargable Compatible Con Panel Solar Cs-cmtsolarpanel-e\/ 2.8mm \/ Conector Tipo C \/ Audio Dos V\u00edas \/ Visi\u00f3n Nocturna En Color \/ Protecci\u00f3n Ip65\/ Ranura Para Memoria 512 Gb + Env\u00edo a domicilio + Pago seguro + Garant\u00eda","robots":{"index":"index","follow":"follow","max-snippet":"max-snippet:-1","max-image-preview":"max-image-preview:large","max-video-preview":"max-video-preview:-1"},"canonical":"https:\/\/compuviper.mx\/tienda\/producto\/ezviz-cs-bc1c-4k-cmara-wifi-4k-batera-recargable-compatible-con-panel-solar-cs-cmtsolarpanel-e-2-8mm-conector-tipo-c-audio-dos-vas-visin-nocturna-en-color-proteccin-ip65-ranura-para\/","og_locale":"es_MX","og_type":"article","og_title":"[ Ezviz ] &#129351; Cs-bc1c\/4k C\u00e1mara Wifi \/ 4k \/ Bater\u00eda Recargable Compatible Con Panel Solar Cs-cmtsolarpanel-e\/ 2.8mm \/ Conector Tipo C \/ Audio Dos V\u00edas \/ Visi\u00f3n Nocturna En Color \/ Protecci\u00f3n Ip65\/ Ranura Para Memoria 512 Gb","og_description":"Compra Cs-bc1c\/4k C\u00e1mara Wifi \/ 4k \/ Bater\u00eda Recargable Compatible Con Panel Solar Cs-cmtsolarpanel-e\/ 2.8mm \/ Conector Tipo C \/ Audio Dos V\u00edas \/ Visi\u00f3n Nocturna En Color \/ Protecci\u00f3n Ip65\/ Ranura Para Memoria 512 Gb + Env\u00edo a domicilio + Pago seguro + Garant\u00eda","og_url":"https:\/\/compuviper.mx\/tienda\/producto\/ezviz-cs-bc1c-4k-cmara-wifi-4k-batera-recargable-compatible-con-panel-solar-cs-cmtsolarpanel-e-2-8mm-conector-tipo-c-audio-dos-vas-visin-nocturna-en-color-proteccin-ip65-ranura-para\/","og_site_name":"Compuviper","article_publisher":"https:\/\/www.facebook.com\/compuviper","article_modified_time":"2026-04-25T06:13:19+00:00","twitter_card":"summary_large_image","twitter_misc":{"Precio":"&#36;2,049 con IVA","Availability":"On backorder"},"schema":{"@context":"https:\/\/schema.org","@graph":[{"@type":"WebPage","@id":"https:\/\/compuviper.mx\/tienda\/producto\/ezviz-cs-bc1c-4k-cmara-wifi-4k-batera-recargable-compatible-con-panel-solar-cs-cmtsolarpanel-e-2-8mm-conector-tipo-c-audio-dos-vas-visin-nocturna-en-color-proteccin-ip65-ranura-para\/","url":"https:\/\/compuviper.mx\/tienda\/producto\/ezviz-cs-bc1c-4k-cmara-wifi-4k-batera-recargable-compatible-con-panel-solar-cs-cmtsolarpanel-e-2-8mm-conector-tipo-c-audio-dos-vas-visin-nocturna-en-color-proteccin-ip65-ranura-para\/","name":"[ Ezviz ] &#129351; Cs-bc1c\/4k C\u00e1mara Wifi \/ 4k \/ Bater\u00eda Recargable Compatible Con Panel Solar Cs-cmtsolarpanel-e\/ 2.8mm \/ Conector Tipo C \/ Audio Dos V\u00edas \/ Visi\u00f3n Nocturna En Color \/ Protecci\u00f3n Ip65\/ Ranura Para Memoria 512 Gb","isPartOf":{"@id":"https:\/\/compuviper.mx\/tienda\/#website"},"datePublished":"2026-04-25T06:13:18+00:00","dateModified":"2026-04-25T06:13:19+00:00","description":"Compra Cs-bc1c\/4k C\u00e1mara Wifi \/ 4k \/ Bater\u00eda Recargable Compatible Con Panel Solar Cs-cmtsolarpanel-e\/ 2.8mm \/ Conector Tipo C \/ Audio Dos V\u00edas \/ Visi\u00f3n Nocturna En Color \/ Protecci\u00f3n Ip65\/ Ranura Para Memoria 512 Gb + Env\u00edo a domicilio + Pago seguro + Garant\u00eda","breadcrumb":{"@id":"https:\/\/compuviper.mx\/tienda\/producto\/ezviz-cs-bc1c-4k-cmara-wifi-4k-batera-recargable-compatible-con-panel-solar-cs-cmtsolarpanel-e-2-8mm-conector-tipo-c-audio-dos-vas-visin-nocturna-en-color-proteccin-ip65-ranura-para\/#breadcrumb"},"inLanguage":"es-MX","potentialAction":[{"@type":"ReadAction","target":["https:\/\/compuviper.mx\/tienda\/producto\/ezviz-cs-bc1c-4k-cmara-wifi-4k-batera-recargable-compatible-con-panel-solar-cs-cmtsolarpanel-e-2-8mm-conector-tipo-c-audio-dos-vas-visin-nocturna-en-color-proteccin-ip65-ranura-para\/"]}]},{"@type":"BreadcrumbList","@id":"https:\/\/compuviper.mx\/tienda\/producto\/ezviz-cs-bc1c-4k-cmara-wifi-4k-batera-recargable-compatible-con-panel-solar-cs-cmtsolarpanel-e-2-8mm-conector-tipo-c-audio-dos-vas-visin-nocturna-en-color-proteccin-ip65-ranura-para\/#breadcrumb","itemListElement":[{"@type":"ListItem","position":1,"name":"Inicio","item":"https:\/\/compuviper.mx\/tienda\/"},{"@type":"ListItem","position":2,"name":"Productos","item":"https:\/\/compuviper.mx\/tienda\/productos\/"},{"@type":"ListItem","position":3,"name":"Camaras","item":"https:\/\/compuviper.mx\/tienda\/categoria-producto\/camaras-2\/"},{"@type":"ListItem","position":4,"name":"Camara De Videovigilancia","item":"https:\/\/compuviper.mx\/tienda\/categoria-producto\/camaras-2\/camara-de-videovigilancia\/"},{"@type":"ListItem","position":5,"name":"Ezviz Cs-bc1c\/4k C?mara Wifi \/ 4k \/ Bater?a Recargable Compatible Con Panel Solar Cs-cmtsolarpanel-e\/ 2.8mm \/ Conector Tipo C \/ Audio Dos V?as \/ Visi?n Nocturna En Color \/ Protecci?n Ip65\/ Ranura Para Memoria 512 Gb"}]},{"@type":"WebSite","@id":"https:\/\/compuviper.mx\/tienda\/#website","url":"https:\/\/compuviper.mx\/tienda\/","name":"Compuviper","description":"Proveedor de Computadoras, Laptops, Servidores, Monitores, Puntos de Venta, Teclados,   Impresoras, T\u00f3ner, C\u00e1maras de Seguridad y m\u00e1s en tu tienda en l\u00ednea","publisher":{"@id":"https:\/\/compuviper.mx\/tienda\/#organization"},"potentialAction":[{"@type":"SearchAction","target":{"@type":"EntryPoint","urlTemplate":"https:\/\/compuviper.mx\/tienda\/?s={search_term_string}"},"query-input":"required name=search_term_string"}],"inLanguage":"es-MX"},{"@type":"Organization","@id":"https:\/\/compuviper.mx\/tienda\/#organization","name":"Compuviper","url":"https:\/\/compuviper.mx\/tienda\/","logo":{"@type":"ImageObject","inLanguage":"es-MX","@id":"https:\/\/compuviper.mx\/tienda\/#\/schema\/logo\/image\/","url":"https:\/\/compuviper.mx\/tienda\/wp-content\/uploads\/2021\/08\/Logo-Compuviper-10.png","contentUrl":"https:\/\/compuviper.mx\/tienda\/wp-content\/uploads\/2021\/08\/Logo-Compuviper-10.png","width":1000,"height":500,"caption":"Compuviper"},"image":{"@id":"https:\/\/compuviper.mx\/tienda\/#\/schema\/logo\/image\/"},"sameAs":["https:\/\/www.facebook.com\/compuviper","https:\/\/www.youtube.com\/channel\/UCf73dERp9Y3cfOq7q8BhLjA?view_as=subscriber"]}]},"product_brand":"Ezviz","product_price_amount":"2049","product_price_currency":"MXN","og_availability":"backorder","product_availability":"available for order","product_retailer_item_id":"CS-BC1C\/4K","product_condition":"new"},"_links":{"self":[{"href":"https:\/\/compuviper.mx\/tienda\/wp-json\/wp\/v2\/product\/264475"}],"collection":[{"href":"https:\/\/compuviper.mx\/tienda\/wp-json\/wp\/v2\/product"}],"about":[{"href":"https:\/\/compuviper.mx\/tienda\/wp-json\/wp\/v2\/types\/product"}],"replies":[{"embeddable":true,"href":"https:\/\/compuviper.mx\/tienda\/wp-json\/wp\/v2\/comments?post=264475"}],"wp:attachment":[{"href":"https:\/\/compuviper.mx\/tienda\/wp-json\/wp\/v2\/media?parent=264475"}],"wp:term":[{"taxonomy":"product_cat","embeddable":true,"href":"https:\/\/compuviper.mx\/tienda\/wp-json\/wp\/v2\/product_cat?post=264475"},{"taxonomy":"product_tag","embeddable":true,"href":"https:\/\/compuviper.mx\/tienda\/wp-json\/wp\/v2\/product_tag?post=264475"}],"curies":[{"name":"wp","href":"https:\/\/api.w.org\/{rel}","templated":true}]}}