{"id":264470,"date":"2026-05-05T23:50:55","date_gmt":"2026-05-06T05:50:55","guid":{"rendered":"https:\/\/compuviper.mx\/tienda\/producto\/nzxt-rl-kr240-w1-disipador-de-enfriamiento-liquido-kraken-x53-240mm-blanco-matte-rgb-gamer\/"},"modified":"2026-05-06T00:00:51","modified_gmt":"2026-05-06T06:00:51","slug":"nzxt-rl-kr240-w1-disipador-de-enfriamiento-liquido-kraken-x53-240mm-blanco-matte-rgb-gamer","status":"publish","type":"product","link":"https:\/\/compuviper.mx\/tienda\/producto\/nzxt-rl-kr240-w1-disipador-de-enfriamiento-liquido-kraken-x53-240mm-blanco-matte-rgb-gamer\/","title":{"rendered":"Nzxt Rl-kr240-w1 Disipador De Enfriamiento Liquido   Kraken X53\/240mm\/blanco Matte\/rgb\/gamer"},"content":{"rendered":"<table class=\"descripcion\">\n<tr>\n<td>Diametro: 80 mm<\/td>\n<\/tr>\n<tr>\n<td>Altura: 55 mm<\/td>\n<\/tr>\n<tr>\n<td>Material: laton, plastico<\/td>\n<\/tr>\n<tr>\n<td>Control de ventilador: no.<\/td>\n<\/tr>\n<tr>\n<td>Conector de canal nzxt rgb: 1<\/td>\n<\/tr>\n<tr>\n<td>Orientacion de rotaci\u00f3n: 360\u00b0 con incrementos de 30\u00b0<\/td>\n<\/tr>\n<tr>\n<td>Bloque de agua<\/td>\n<\/tr>\n<tr>\n<td>Material: cobre, plastico.<\/td>\n<\/tr>\n<tr>\n<td>Bomba<\/td>\n<\/tr>\n<tr>\n<td>Velocidad del motor: 800 &#8211; 2800 \u00b1 300 rpm<\/td>\n<\/tr>\n<tr>\n<td>Potencia: 12 v cc, 0,3 a.<\/td>\n<\/tr>\n<tr>\n<td>Radiador<\/td>\n<\/tr>\n<tr>\n<td>Dimensiones: 123 mm x 275 mm x 30 mm<\/td>\n<\/tr>\n<tr>\n<td>Material:aluminio<\/td>\n<\/tr>\n<tr>\n<td>Tubo<\/td>\n<\/tr>\n<tr>\n<td>Longitud: 400 mm<\/td>\n<\/tr>\n<tr>\n<td>Material: goma con funda de nailon.<\/td>\n<\/tr>\n<tr>\n<td>Especificaciones del ventilador<\/td>\n<\/tr>\n<tr>\n<td>Modelo:aer rgb 2 120mm<\/td>\n<\/tr>\n<tr>\n<td>Cantidad: 2<\/td>\n<\/tr>\n<tr>\n<td>Velocidad: 500 &#8211; 1500 \u00b1 300 rpm<\/td>\n<\/tr>\n<tr>\n<td>Flujo de aire: 17,48 &#8211; 52,44 cfm<\/td>\n<\/tr>\n<tr>\n<td>Presi\u00f3n est\u00e1tica: 0,15 &#8211; 1,35 mm-h and #8322;o<\/td>\n<\/tr>\n<tr>\n<td> ruido: 22 &#8211; 33 dba<\/td>\n<\/tr>\n<tr>\n<td>Conector de ventilador: pwm de 4 pines<\/td>\n<\/tr>\n<tr>\n<td>Z\u00f3calo y cpu compatibles<\/td>\n<\/tr>\n<tr>\n<td> intel:socket lga 1700, 1200, 115x<\/td>\n<\/tr>\n<tr>\n<td>Amd:amd socket am5, am4, strx4*, tr4*(*soporte threadripper no incluido)<\/td>\n<\/tr>\n<\/table>\n","protected":false},"excerpt":{"rendered":"<p>Este refrigerador liquido todo en uno (aio) esta disenado con la capacidad de adaptarse comodamente en la mayor\u00eda de los casos. Con dos ventiladores de radiador aer rgb 2 de 120 mm, agrega iluminacion rgb mientras mantiene alto el rendimiento de la cpu y mantiene bajas las temperaturas<\/p>\n","protected":false},"featured_media":264471,"comment_status":"open","ping_status":"open","template":"","meta":[],"product_cat":[1859,1612],"product_tag":[1851],"acf":[],"yoast_head":"<!-- This site is optimized with the Yoast SEO plugin v21.7 - https:\/\/yoast.com\/wordpress\/plugins\/seo\/ -->\n<title>[ Nzxt ] &#129351; Rl-kr240-w1 Disipador De Enfriamiento Liquido Kraken X53\/240mm\/blanco Matte\/rgb\/gamer<\/title>\n<meta name=\"description\" content=\"Compra Rl-kr240-w1 Disipador De Enfriamiento Liquido Kraken X53\/240mm\/blanco Matte\/rgb\/gamer + Env\u00edo a domicilio + Pago seguro + Garant\u00eda\" \/>\n<meta name=\"robots\" content=\"index, follow, max-snippet:-1, max-image-preview:large, max-video-preview:-1\" \/>\n<link rel=\"canonical\" href=\"https:\/\/compuviper.mx\/tienda\/producto\/nzxt-rl-kr240-w1-disipador-de-enfriamiento-liquido-kraken-x53-240mm-blanco-matte-rgb-gamer\/\" \/>\n<meta property=\"og:locale\" content=\"es_MX\" \/>\n<meta property=\"og:type\" content=\"article\" \/>\n<meta property=\"og:title\" content=\"[ Nzxt ] &#129351; Rl-kr240-w1 Disipador De Enfriamiento Liquido Kraken X53\/240mm\/blanco Matte\/rgb\/gamer\" \/>\n<meta property=\"og:description\" content=\"Compra Rl-kr240-w1 Disipador De Enfriamiento Liquido Kraken X53\/240mm\/blanco Matte\/rgb\/gamer + Env\u00edo a domicilio + Pago seguro + Garant\u00eda\" \/>\n<meta property=\"og:url\" content=\"https:\/\/compuviper.mx\/tienda\/producto\/nzxt-rl-kr240-w1-disipador-de-enfriamiento-liquido-kraken-x53-240mm-blanco-matte-rgb-gamer\/\" \/>\n<meta property=\"og:site_name\" content=\"Compuviper\" \/>\n<meta property=\"article:publisher\" content=\"https:\/\/www.facebook.com\/compuviper\" \/>\n<meta property=\"article:modified_time\" content=\"2026-05-06T06:00:51+00:00\" \/>\n<meta property=\"og:image\" content=\"https:\/\/compuviper.mx\/tienda\/wp-content\/uploads\/2025\/12\/Disipador-de-enfriamiento-liquido-nzxt-kraken-x53240mmblanco-mattergbgamer.jpg\" \/>\n\t<meta property=\"og:image:width\" content=\"200\" \/>\n\t<meta property=\"og:image:height\" content=\"200\" \/>\n\t<meta property=\"og:image:type\" content=\"image\/jpeg\" \/>\n<meta name=\"twitter:card\" content=\"summary_large_image\" \/>\n<meta name=\"twitter:label1\" content=\"Precio\" \/>\n\t<meta name=\"twitter:data1\" content=\"&#36;2,262 con IVA\" \/>\n\t<meta name=\"twitter:label2\" content=\"Availability\" \/>\n\t<meta name=\"twitter:data2\" content=\"Out of stock\" \/>\n<script type=\"application\/ld+json\" class=\"yoast-schema-graph\">{\"@context\":\"https:\/\/schema.org\",\"@graph\":[{\"@type\":\"WebPage\",\"@id\":\"https:\/\/compuviper.mx\/tienda\/producto\/nzxt-rl-kr240-w1-disipador-de-enfriamiento-liquido-kraken-x53-240mm-blanco-matte-rgb-gamer\/\",\"url\":\"https:\/\/compuviper.mx\/tienda\/producto\/nzxt-rl-kr240-w1-disipador-de-enfriamiento-liquido-kraken-x53-240mm-blanco-matte-rgb-gamer\/\",\"name\":\"[ Nzxt ] &#129351; Rl-kr240-w1 Disipador De Enfriamiento Liquido Kraken X53\/240mm\/blanco Matte\/rgb\/gamer\",\"isPartOf\":{\"@id\":\"https:\/\/compuviper.mx\/tienda\/#website\"},\"datePublished\":\"2026-05-06T05:50:55+00:00\",\"dateModified\":\"2026-05-06T06:00:51+00:00\",\"description\":\"Compra Rl-kr240-w1 Disipador De Enfriamiento Liquido Kraken X53\/240mm\/blanco Matte\/rgb\/gamer + Env\u00edo a domicilio + Pago seguro + Garant\u00eda\",\"breadcrumb\":{\"@id\":\"https:\/\/compuviper.mx\/tienda\/producto\/nzxt-rl-kr240-w1-disipador-de-enfriamiento-liquido-kraken-x53-240mm-blanco-matte-rgb-gamer\/#breadcrumb\"},\"inLanguage\":\"es-MX\",\"potentialAction\":[{\"@type\":\"ReadAction\",\"target\":[\"https:\/\/compuviper.mx\/tienda\/producto\/nzxt-rl-kr240-w1-disipador-de-enfriamiento-liquido-kraken-x53-240mm-blanco-matte-rgb-gamer\/\"]}]},{\"@type\":\"BreadcrumbList\",\"@id\":\"https:\/\/compuviper.mx\/tienda\/producto\/nzxt-rl-kr240-w1-disipador-de-enfriamiento-liquido-kraken-x53-240mm-blanco-matte-rgb-gamer\/#breadcrumb\",\"itemListElement\":[{\"@type\":\"ListItem\",\"position\":1,\"name\":\"Inicio\",\"item\":\"https:\/\/compuviper.mx\/tienda\/\"},{\"@type\":\"ListItem\",\"position\":2,\"name\":\"Productos\",\"item\":\"https:\/\/compuviper.mx\/tienda\/productos\/\"},{\"@type\":\"ListItem\",\"position\":3,\"name\":\"Ventiladores\",\"item\":\"https:\/\/compuviper.mx\/tienda\/categoria-producto\/ventiladores\/\"},{\"@type\":\"ListItem\",\"position\":4,\"name\":\"Disipador\",\"item\":\"https:\/\/compuviper.mx\/tienda\/categoria-producto\/ventiladores\/disipador\/\"},{\"@type\":\"ListItem\",\"position\":5,\"name\":\"Nzxt Rl-kr240-w1 Disipador De Enfriamiento Liquido Kraken X53\/240mm\/blanco Matte\/rgb\/gamer\"}]},{\"@type\":\"WebSite\",\"@id\":\"https:\/\/compuviper.mx\/tienda\/#website\",\"url\":\"https:\/\/compuviper.mx\/tienda\/\",\"name\":\"Compuviper\",\"description\":\"Proveedor de Computadoras, Laptops, Servidores, Monitores, Puntos de Venta, Teclados,   Impresoras, T\u00f3ner, C\u00e1maras de Seguridad y m\u00e1s en tu tienda en l\u00ednea\",\"publisher\":{\"@id\":\"https:\/\/compuviper.mx\/tienda\/#organization\"},\"potentialAction\":[{\"@type\":\"SearchAction\",\"target\":{\"@type\":\"EntryPoint\",\"urlTemplate\":\"https:\/\/compuviper.mx\/tienda\/?s={search_term_string}\"},\"query-input\":\"required name=search_term_string\"}],\"inLanguage\":\"es-MX\"},{\"@type\":\"Organization\",\"@id\":\"https:\/\/compuviper.mx\/tienda\/#organization\",\"name\":\"Compuviper\",\"url\":\"https:\/\/compuviper.mx\/tienda\/\",\"logo\":{\"@type\":\"ImageObject\",\"inLanguage\":\"es-MX\",\"@id\":\"https:\/\/compuviper.mx\/tienda\/#\/schema\/logo\/image\/\",\"url\":\"https:\/\/compuviper.mx\/tienda\/wp-content\/uploads\/2021\/08\/Logo-Compuviper-10.png\",\"contentUrl\":\"https:\/\/compuviper.mx\/tienda\/wp-content\/uploads\/2021\/08\/Logo-Compuviper-10.png\",\"width\":1000,\"height\":500,\"caption\":\"Compuviper\"},\"image\":{\"@id\":\"https:\/\/compuviper.mx\/tienda\/#\/schema\/logo\/image\/\"},\"sameAs\":[\"https:\/\/www.facebook.com\/compuviper\",\"https:\/\/www.youtube.com\/channel\/UCf73dERp9Y3cfOq7q8BhLjA?view_as=subscriber\"]}]}<\/script>\n<meta property=\"product:brand\" content=\"NZXT\" \/>\n<meta property=\"product:price:amount\" content=\"2262\" \/>\n<meta property=\"product:price:currency\" content=\"MXN\" \/>\n<meta property=\"og:availability\" content=\"out of stock\" \/>\n<meta property=\"product:availability\" content=\"out of stock\" \/>\n<meta property=\"product:retailer_item_id\" content=\"RL-KR240-W1\" \/>\n<meta property=\"product:condition\" content=\"new\" \/>\n<!-- \/ Yoast SEO plugin. -->","yoast_head_json":{"title":"[ Nzxt ] &#129351; Rl-kr240-w1 Disipador De Enfriamiento Liquido Kraken X53\/240mm\/blanco Matte\/rgb\/gamer","description":"Compra Rl-kr240-w1 Disipador De Enfriamiento Liquido Kraken X53\/240mm\/blanco Matte\/rgb\/gamer + Env\u00edo a domicilio + Pago seguro + Garant\u00eda","robots":{"index":"index","follow":"follow","max-snippet":"max-snippet:-1","max-image-preview":"max-image-preview:large","max-video-preview":"max-video-preview:-1"},"canonical":"https:\/\/compuviper.mx\/tienda\/producto\/nzxt-rl-kr240-w1-disipador-de-enfriamiento-liquido-kraken-x53-240mm-blanco-matte-rgb-gamer\/","og_locale":"es_MX","og_type":"article","og_title":"[ Nzxt ] &#129351; Rl-kr240-w1 Disipador De Enfriamiento Liquido Kraken X53\/240mm\/blanco Matte\/rgb\/gamer","og_description":"Compra Rl-kr240-w1 Disipador De Enfriamiento Liquido Kraken X53\/240mm\/blanco Matte\/rgb\/gamer + Env\u00edo a domicilio + Pago seguro + Garant\u00eda","og_url":"https:\/\/compuviper.mx\/tienda\/producto\/nzxt-rl-kr240-w1-disipador-de-enfriamiento-liquido-kraken-x53-240mm-blanco-matte-rgb-gamer\/","og_site_name":"Compuviper","article_publisher":"https:\/\/www.facebook.com\/compuviper","article_modified_time":"2026-05-06T06:00:51+00:00","og_image":[{"width":200,"height":200,"url":"https:\/\/compuviper.mx\/tienda\/wp-content\/uploads\/2025\/12\/Disipador-de-enfriamiento-liquido-nzxt-kraken-x53240mmblanco-mattergbgamer.jpg","type":"image\/jpeg"}],"twitter_card":"summary_large_image","twitter_misc":{"Precio":"&#36;2,262 con IVA","Availability":"Out of stock"},"schema":{"@context":"https:\/\/schema.org","@graph":[{"@type":"WebPage","@id":"https:\/\/compuviper.mx\/tienda\/producto\/nzxt-rl-kr240-w1-disipador-de-enfriamiento-liquido-kraken-x53-240mm-blanco-matte-rgb-gamer\/","url":"https:\/\/compuviper.mx\/tienda\/producto\/nzxt-rl-kr240-w1-disipador-de-enfriamiento-liquido-kraken-x53-240mm-blanco-matte-rgb-gamer\/","name":"[ Nzxt ] &#129351; Rl-kr240-w1 Disipador De Enfriamiento Liquido Kraken X53\/240mm\/blanco Matte\/rgb\/gamer","isPartOf":{"@id":"https:\/\/compuviper.mx\/tienda\/#website"},"datePublished":"2026-05-06T05:50:55+00:00","dateModified":"2026-05-06T06:00:51+00:00","description":"Compra Rl-kr240-w1 Disipador De Enfriamiento Liquido Kraken X53\/240mm\/blanco Matte\/rgb\/gamer + Env\u00edo a domicilio + Pago seguro + Garant\u00eda","breadcrumb":{"@id":"https:\/\/compuviper.mx\/tienda\/producto\/nzxt-rl-kr240-w1-disipador-de-enfriamiento-liquido-kraken-x53-240mm-blanco-matte-rgb-gamer\/#breadcrumb"},"inLanguage":"es-MX","potentialAction":[{"@type":"ReadAction","target":["https:\/\/compuviper.mx\/tienda\/producto\/nzxt-rl-kr240-w1-disipador-de-enfriamiento-liquido-kraken-x53-240mm-blanco-matte-rgb-gamer\/"]}]},{"@type":"BreadcrumbList","@id":"https:\/\/compuviper.mx\/tienda\/producto\/nzxt-rl-kr240-w1-disipador-de-enfriamiento-liquido-kraken-x53-240mm-blanco-matte-rgb-gamer\/#breadcrumb","itemListElement":[{"@type":"ListItem","position":1,"name":"Inicio","item":"https:\/\/compuviper.mx\/tienda\/"},{"@type":"ListItem","position":2,"name":"Productos","item":"https:\/\/compuviper.mx\/tienda\/productos\/"},{"@type":"ListItem","position":3,"name":"Ventiladores","item":"https:\/\/compuviper.mx\/tienda\/categoria-producto\/ventiladores\/"},{"@type":"ListItem","position":4,"name":"Disipador","item":"https:\/\/compuviper.mx\/tienda\/categoria-producto\/ventiladores\/disipador\/"},{"@type":"ListItem","position":5,"name":"Nzxt Rl-kr240-w1 Disipador De Enfriamiento Liquido Kraken X53\/240mm\/blanco Matte\/rgb\/gamer"}]},{"@type":"WebSite","@id":"https:\/\/compuviper.mx\/tienda\/#website","url":"https:\/\/compuviper.mx\/tienda\/","name":"Compuviper","description":"Proveedor de Computadoras, Laptops, Servidores, Monitores, Puntos de Venta, Teclados,   Impresoras, T\u00f3ner, C\u00e1maras de Seguridad y m\u00e1s en tu tienda en l\u00ednea","publisher":{"@id":"https:\/\/compuviper.mx\/tienda\/#organization"},"potentialAction":[{"@type":"SearchAction","target":{"@type":"EntryPoint","urlTemplate":"https:\/\/compuviper.mx\/tienda\/?s={search_term_string}"},"query-input":"required name=search_term_string"}],"inLanguage":"es-MX"},{"@type":"Organization","@id":"https:\/\/compuviper.mx\/tienda\/#organization","name":"Compuviper","url":"https:\/\/compuviper.mx\/tienda\/","logo":{"@type":"ImageObject","inLanguage":"es-MX","@id":"https:\/\/compuviper.mx\/tienda\/#\/schema\/logo\/image\/","url":"https:\/\/compuviper.mx\/tienda\/wp-content\/uploads\/2021\/08\/Logo-Compuviper-10.png","contentUrl":"https:\/\/compuviper.mx\/tienda\/wp-content\/uploads\/2021\/08\/Logo-Compuviper-10.png","width":1000,"height":500,"caption":"Compuviper"},"image":{"@id":"https:\/\/compuviper.mx\/tienda\/#\/schema\/logo\/image\/"},"sameAs":["https:\/\/www.facebook.com\/compuviper","https:\/\/www.youtube.com\/channel\/UCf73dERp9Y3cfOq7q8BhLjA?view_as=subscriber"]}]},"product_brand":"NZXT","product_price_amount":"2262","product_price_currency":"MXN","og_availability":"out of stock","product_availability":"out of stock","product_retailer_item_id":"RL-KR240-W1","product_condition":"new"},"_links":{"self":[{"href":"https:\/\/compuviper.mx\/tienda\/wp-json\/wp\/v2\/product\/264470"}],"collection":[{"href":"https:\/\/compuviper.mx\/tienda\/wp-json\/wp\/v2\/product"}],"about":[{"href":"https:\/\/compuviper.mx\/tienda\/wp-json\/wp\/v2\/types\/product"}],"replies":[{"embeddable":true,"href":"https:\/\/compuviper.mx\/tienda\/wp-json\/wp\/v2\/comments?post=264470"}],"wp:featuredmedia":[{"embeddable":true,"href":"https:\/\/compuviper.mx\/tienda\/wp-json\/wp\/v2\/media\/264471"}],"wp:attachment":[{"href":"https:\/\/compuviper.mx\/tienda\/wp-json\/wp\/v2\/media?parent=264470"}],"wp:term":[{"taxonomy":"product_cat","embeddable":true,"href":"https:\/\/compuviper.mx\/tienda\/wp-json\/wp\/v2\/product_cat?post=264470"},{"taxonomy":"product_tag","embeddable":true,"href":"https:\/\/compuviper.mx\/tienda\/wp-json\/wp\/v2\/product_tag?post=264470"}],"curies":[{"name":"wp","href":"https:\/\/api.w.org\/{rel}","templated":true}]}}