{"id":264469,"date":"2026-04-01T23:20:28","date_gmt":"2026-04-02T05:20:28","guid":{"rendered":"https:\/\/compuviper.mx\/tienda\/producto\/poly-b5nh6aaabm-adaptador-de-corriente-hp-poe-de-65w-incluye-cable-utp-cat-6a-de-3-66m-120v\/"},"modified":"2026-04-01T23:20:29","modified_gmt":"2026-04-02T05:20:29","slug":"poly-b5nh6aaabm-adaptador-de-corriente-hp-poe-de-65w-incluye-cable-utp-cat-6a-de-3-66m-120v","status":"publish","type":"product","link":"https:\/\/compuviper.mx\/tienda\/producto\/poly-b5nh6aaabm-adaptador-de-corriente-hp-poe-de-65w-incluye-cable-utp-cat-6a-de-3-66m-120v\/","title":{"rendered":"Poly B5nh6aa#abm Adaptador De Corriente Hp   | Poe++ De 65w | Incluye Cable Utp Cat 6a De 3.66m | 120v."},"content":{"rendered":"<table class=\"descripcion\">\n<tr>\n<td>Especificaciones tcnicas.<\/td>\n<\/tr>\n<tr>\n<td>-modelo: b5nh6aa<\/td>\n<\/tr>\n<tr>\n<td>-marca: polycom<\/td>\n<\/tr>\n<tr>\n<td>-color: negro<\/td>\n<\/tr>\n<tr>\n<td>-tipo: adaptador de corriente poe<\/td>\n<\/tr>\n<tr>\n<td>-potencia: 65w<\/td>\n<\/tr>\n<tr>\n<td>-voltaje: 120v<\/td>\n<\/tr>\n<tr>\n<td>-cable incluido<\/td>\n<\/tr>\n<tr>\n<td>-utp cat 6a de 3.66m<\/td>\n<\/tr>\n<tr>\n<td>-dimensiones: 65 x 140 x 38.5 mm<\/td>\n<\/tr>\n<tr>\n<td>-peso: 800 g<\/td>\n<\/tr>\n<\/table>\n","protected":false},"excerpt":{"rendered":"<p>Alimente su barra de video y enve datos con un solo cable gracias a este adaptador poe de 65 w y 2.5 g con cable cat 6a y cable de alimentacin para barra de video de poly . El adaptador es compatible con poe para alimentar su seal ethernet conectando una barra de video poly, como una x32 o v12 sin poe integrado, a su red compatible con poe. Admite velocidades ethernet de 2.5 gb\/s e incluye un cable ethernet cat 6a de 3.6 m y un cable de alimentacin.<\/p>\n","protected":false},"featured_media":0,"comment_status":"open","ping_status":"open","template":"","meta":[],"product_cat":[1485,1492],"product_tag":[2035],"acf":[],"yoast_head":"<!-- This site is optimized with the Yoast SEO plugin v21.7 - https:\/\/yoast.com\/wordpress\/plugins\/seo\/ -->\n<title>[ Poly ] &#129351; B5nh6aa#abm Adaptador De Corriente Hp | Poe++ De 65w | Incluye Cable Utp Cat 6a De 3.66m | 120v.<\/title>\n<meta name=\"description\" content=\"Compra B5nh6aa#abm Adaptador De Corriente Hp | Poe++ De 65w | Incluye Cable Utp Cat 6a De 3.66m | 120v. + Env\u00edo a domicilio + Pago seguro + Garant\u00eda\" \/>\n<meta name=\"robots\" content=\"index, follow, max-snippet:-1, max-image-preview:large, max-video-preview:-1\" \/>\n<link rel=\"canonical\" href=\"https:\/\/compuviper.mx\/tienda\/producto\/poly-b5nh6aaabm-adaptador-de-corriente-hp-poe-de-65w-incluye-cable-utp-cat-6a-de-3-66m-120v\/\" \/>\n<meta property=\"og:locale\" content=\"es_MX\" \/>\n<meta property=\"og:type\" content=\"article\" \/>\n<meta property=\"og:title\" content=\"[ Poly ] &#129351; B5nh6aa#abm Adaptador De Corriente Hp | Poe++ De 65w | Incluye Cable Utp Cat 6a De 3.66m | 120v.\" \/>\n<meta property=\"og:description\" content=\"Compra B5nh6aa#abm Adaptador De Corriente Hp | Poe++ De 65w | Incluye Cable Utp Cat 6a De 3.66m | 120v. + Env\u00edo a domicilio + Pago seguro + Garant\u00eda\" \/>\n<meta property=\"og:url\" content=\"https:\/\/compuviper.mx\/tienda\/producto\/poly-b5nh6aaabm-adaptador-de-corriente-hp-poe-de-65w-incluye-cable-utp-cat-6a-de-3-66m-120v\/\" \/>\n<meta property=\"og:site_name\" content=\"Compuviper\" \/>\n<meta property=\"article:publisher\" content=\"https:\/\/www.facebook.com\/compuviper\" \/>\n<meta property=\"article:modified_time\" content=\"2026-04-02T05:20:29+00:00\" \/>\n<meta name=\"twitter:card\" content=\"summary_large_image\" \/>\n<meta name=\"twitter:label1\" content=\"Precio\" \/>\n\t<meta name=\"twitter:data1\" content=\"&#36;1,467 con IVA\" \/>\n\t<meta name=\"twitter:label2\" content=\"Availability\" \/>\n\t<meta name=\"twitter:data2\" content=\"On backorder\" \/>\n<script type=\"application\/ld+json\" class=\"yoast-schema-graph\">{\"@context\":\"https:\/\/schema.org\",\"@graph\":[{\"@type\":\"WebPage\",\"@id\":\"https:\/\/compuviper.mx\/tienda\/producto\/poly-b5nh6aaabm-adaptador-de-corriente-hp-poe-de-65w-incluye-cable-utp-cat-6a-de-3-66m-120v\/\",\"url\":\"https:\/\/compuviper.mx\/tienda\/producto\/poly-b5nh6aaabm-adaptador-de-corriente-hp-poe-de-65w-incluye-cable-utp-cat-6a-de-3-66m-120v\/\",\"name\":\"[ Poly ] &#129351; B5nh6aa#abm Adaptador De Corriente Hp | Poe++ De 65w | Incluye Cable Utp Cat 6a De 3.66m | 120v.\",\"isPartOf\":{\"@id\":\"https:\/\/compuviper.mx\/tienda\/#website\"},\"datePublished\":\"2026-04-02T05:20:28+00:00\",\"dateModified\":\"2026-04-02T05:20:29+00:00\",\"description\":\"Compra B5nh6aa#abm Adaptador De Corriente Hp | Poe++ De 65w | Incluye Cable Utp Cat 6a De 3.66m | 120v. + Env\u00edo a domicilio + Pago seguro + Garant\u00eda\",\"breadcrumb\":{\"@id\":\"https:\/\/compuviper.mx\/tienda\/producto\/poly-b5nh6aaabm-adaptador-de-corriente-hp-poe-de-65w-incluye-cable-utp-cat-6a-de-3-66m-120v\/#breadcrumb\"},\"inLanguage\":\"es-MX\",\"potentialAction\":[{\"@type\":\"ReadAction\",\"target\":[\"https:\/\/compuviper.mx\/tienda\/producto\/poly-b5nh6aaabm-adaptador-de-corriente-hp-poe-de-65w-incluye-cable-utp-cat-6a-de-3-66m-120v\/\"]}]},{\"@type\":\"BreadcrumbList\",\"@id\":\"https:\/\/compuviper.mx\/tienda\/producto\/poly-b5nh6aaabm-adaptador-de-corriente-hp-poe-de-65w-incluye-cable-utp-cat-6a-de-3-66m-120v\/#breadcrumb\",\"itemListElement\":[{\"@type\":\"ListItem\",\"position\":1,\"name\":\"Inicio\",\"item\":\"https:\/\/compuviper.mx\/tienda\/\"},{\"@type\":\"ListItem\",\"position\":2,\"name\":\"Productos\",\"item\":\"https:\/\/compuviper.mx\/tienda\/productos\/\"},{\"@type\":\"ListItem\",\"position\":3,\"name\":\"Accesorios\",\"item\":\"https:\/\/compuviper.mx\/tienda\/categoria-producto\/accesorios\/\"},{\"@type\":\"ListItem\",\"position\":4,\"name\":\"Adaptadores\",\"item\":\"https:\/\/compuviper.mx\/tienda\/categoria-producto\/accesorios\/adaptadores\/\"},{\"@type\":\"ListItem\",\"position\":5,\"name\":\"Poly B5nh6aa#abm Adaptador De Corriente Hp | Poe++ De 65w | Incluye Cable Utp Cat 6a De 3.66m | 120v.\"}]},{\"@type\":\"WebSite\",\"@id\":\"https:\/\/compuviper.mx\/tienda\/#website\",\"url\":\"https:\/\/compuviper.mx\/tienda\/\",\"name\":\"Compuviper\",\"description\":\"Proveedor de Computadoras, Laptops, Servidores, Monitores, Puntos de Venta, Teclados,   Impresoras, T\u00f3ner, C\u00e1maras de Seguridad y m\u00e1s en tu tienda en l\u00ednea\",\"publisher\":{\"@id\":\"https:\/\/compuviper.mx\/tienda\/#organization\"},\"potentialAction\":[{\"@type\":\"SearchAction\",\"target\":{\"@type\":\"EntryPoint\",\"urlTemplate\":\"https:\/\/compuviper.mx\/tienda\/?s={search_term_string}\"},\"query-input\":\"required name=search_term_string\"}],\"inLanguage\":\"es-MX\"},{\"@type\":\"Organization\",\"@id\":\"https:\/\/compuviper.mx\/tienda\/#organization\",\"name\":\"Compuviper\",\"url\":\"https:\/\/compuviper.mx\/tienda\/\",\"logo\":{\"@type\":\"ImageObject\",\"inLanguage\":\"es-MX\",\"@id\":\"https:\/\/compuviper.mx\/tienda\/#\/schema\/logo\/image\/\",\"url\":\"https:\/\/compuviper.mx\/tienda\/wp-content\/uploads\/2021\/08\/Logo-Compuviper-10.png\",\"contentUrl\":\"https:\/\/compuviper.mx\/tienda\/wp-content\/uploads\/2021\/08\/Logo-Compuviper-10.png\",\"width\":1000,\"height\":500,\"caption\":\"Compuviper\"},\"image\":{\"@id\":\"https:\/\/compuviper.mx\/tienda\/#\/schema\/logo\/image\/\"},\"sameAs\":[\"https:\/\/www.facebook.com\/compuviper\",\"https:\/\/www.youtube.com\/channel\/UCf73dERp9Y3cfOq7q8BhLjA?view_as=subscriber\"]}]}<\/script>\n<meta property=\"product:brand\" content=\"POLY\" \/>\n<meta property=\"product:price:amount\" content=\"1467\" \/>\n<meta property=\"product:price:currency\" content=\"MXN\" \/>\n<meta property=\"og:availability\" content=\"backorder\" \/>\n<meta property=\"product:availability\" content=\"available for order\" \/>\n<meta property=\"product:retailer_item_id\" content=\"B5NH6AA#ABM\" \/>\n<meta property=\"product:condition\" content=\"new\" \/>\n<!-- \/ Yoast SEO plugin. -->","yoast_head_json":{"title":"[ Poly ] &#129351; B5nh6aa#abm Adaptador De Corriente Hp | Poe++ De 65w | Incluye Cable Utp Cat 6a De 3.66m | 120v.","description":"Compra B5nh6aa#abm Adaptador De Corriente Hp | Poe++ De 65w | Incluye Cable Utp Cat 6a De 3.66m | 120v. + Env\u00edo a domicilio + Pago seguro + Garant\u00eda","robots":{"index":"index","follow":"follow","max-snippet":"max-snippet:-1","max-image-preview":"max-image-preview:large","max-video-preview":"max-video-preview:-1"},"canonical":"https:\/\/compuviper.mx\/tienda\/producto\/poly-b5nh6aaabm-adaptador-de-corriente-hp-poe-de-65w-incluye-cable-utp-cat-6a-de-3-66m-120v\/","og_locale":"es_MX","og_type":"article","og_title":"[ Poly ] &#129351; B5nh6aa#abm Adaptador De Corriente Hp | Poe++ De 65w | Incluye Cable Utp Cat 6a De 3.66m | 120v.","og_description":"Compra B5nh6aa#abm Adaptador De Corriente Hp | Poe++ De 65w | Incluye Cable Utp Cat 6a De 3.66m | 120v. + Env\u00edo a domicilio + Pago seguro + Garant\u00eda","og_url":"https:\/\/compuviper.mx\/tienda\/producto\/poly-b5nh6aaabm-adaptador-de-corriente-hp-poe-de-65w-incluye-cable-utp-cat-6a-de-3-66m-120v\/","og_site_name":"Compuviper","article_publisher":"https:\/\/www.facebook.com\/compuviper","article_modified_time":"2026-04-02T05:20:29+00:00","twitter_card":"summary_large_image","twitter_misc":{"Precio":"&#36;1,467 con IVA","Availability":"On backorder"},"schema":{"@context":"https:\/\/schema.org","@graph":[{"@type":"WebPage","@id":"https:\/\/compuviper.mx\/tienda\/producto\/poly-b5nh6aaabm-adaptador-de-corriente-hp-poe-de-65w-incluye-cable-utp-cat-6a-de-3-66m-120v\/","url":"https:\/\/compuviper.mx\/tienda\/producto\/poly-b5nh6aaabm-adaptador-de-corriente-hp-poe-de-65w-incluye-cable-utp-cat-6a-de-3-66m-120v\/","name":"[ Poly ] &#129351; B5nh6aa#abm Adaptador De Corriente Hp | Poe++ De 65w | Incluye Cable Utp Cat 6a De 3.66m | 120v.","isPartOf":{"@id":"https:\/\/compuviper.mx\/tienda\/#website"},"datePublished":"2026-04-02T05:20:28+00:00","dateModified":"2026-04-02T05:20:29+00:00","description":"Compra B5nh6aa#abm Adaptador De Corriente Hp | Poe++ De 65w | Incluye Cable Utp Cat 6a De 3.66m | 120v. + Env\u00edo a domicilio + Pago seguro + Garant\u00eda","breadcrumb":{"@id":"https:\/\/compuviper.mx\/tienda\/producto\/poly-b5nh6aaabm-adaptador-de-corriente-hp-poe-de-65w-incluye-cable-utp-cat-6a-de-3-66m-120v\/#breadcrumb"},"inLanguage":"es-MX","potentialAction":[{"@type":"ReadAction","target":["https:\/\/compuviper.mx\/tienda\/producto\/poly-b5nh6aaabm-adaptador-de-corriente-hp-poe-de-65w-incluye-cable-utp-cat-6a-de-3-66m-120v\/"]}]},{"@type":"BreadcrumbList","@id":"https:\/\/compuviper.mx\/tienda\/producto\/poly-b5nh6aaabm-adaptador-de-corriente-hp-poe-de-65w-incluye-cable-utp-cat-6a-de-3-66m-120v\/#breadcrumb","itemListElement":[{"@type":"ListItem","position":1,"name":"Inicio","item":"https:\/\/compuviper.mx\/tienda\/"},{"@type":"ListItem","position":2,"name":"Productos","item":"https:\/\/compuviper.mx\/tienda\/productos\/"},{"@type":"ListItem","position":3,"name":"Accesorios","item":"https:\/\/compuviper.mx\/tienda\/categoria-producto\/accesorios\/"},{"@type":"ListItem","position":4,"name":"Adaptadores","item":"https:\/\/compuviper.mx\/tienda\/categoria-producto\/accesorios\/adaptadores\/"},{"@type":"ListItem","position":5,"name":"Poly B5nh6aa#abm Adaptador De Corriente Hp | Poe++ De 65w | Incluye Cable Utp Cat 6a De 3.66m | 120v."}]},{"@type":"WebSite","@id":"https:\/\/compuviper.mx\/tienda\/#website","url":"https:\/\/compuviper.mx\/tienda\/","name":"Compuviper","description":"Proveedor de Computadoras, Laptops, Servidores, Monitores, Puntos de Venta, Teclados,   Impresoras, T\u00f3ner, C\u00e1maras de Seguridad y m\u00e1s en tu tienda en l\u00ednea","publisher":{"@id":"https:\/\/compuviper.mx\/tienda\/#organization"},"potentialAction":[{"@type":"SearchAction","target":{"@type":"EntryPoint","urlTemplate":"https:\/\/compuviper.mx\/tienda\/?s={search_term_string}"},"query-input":"required name=search_term_string"}],"inLanguage":"es-MX"},{"@type":"Organization","@id":"https:\/\/compuviper.mx\/tienda\/#organization","name":"Compuviper","url":"https:\/\/compuviper.mx\/tienda\/","logo":{"@type":"ImageObject","inLanguage":"es-MX","@id":"https:\/\/compuviper.mx\/tienda\/#\/schema\/logo\/image\/","url":"https:\/\/compuviper.mx\/tienda\/wp-content\/uploads\/2021\/08\/Logo-Compuviper-10.png","contentUrl":"https:\/\/compuviper.mx\/tienda\/wp-content\/uploads\/2021\/08\/Logo-Compuviper-10.png","width":1000,"height":500,"caption":"Compuviper"},"image":{"@id":"https:\/\/compuviper.mx\/tienda\/#\/schema\/logo\/image\/"},"sameAs":["https:\/\/www.facebook.com\/compuviper","https:\/\/www.youtube.com\/channel\/UCf73dERp9Y3cfOq7q8BhLjA?view_as=subscriber"]}]},"product_brand":"POLY","product_price_amount":"1467","product_price_currency":"MXN","og_availability":"backorder","product_availability":"available for order","product_retailer_item_id":"B5NH6AA#ABM","product_condition":"new"},"_links":{"self":[{"href":"https:\/\/compuviper.mx\/tienda\/wp-json\/wp\/v2\/product\/264469"}],"collection":[{"href":"https:\/\/compuviper.mx\/tienda\/wp-json\/wp\/v2\/product"}],"about":[{"href":"https:\/\/compuviper.mx\/tienda\/wp-json\/wp\/v2\/types\/product"}],"replies":[{"embeddable":true,"href":"https:\/\/compuviper.mx\/tienda\/wp-json\/wp\/v2\/comments?post=264469"}],"wp:attachment":[{"href":"https:\/\/compuviper.mx\/tienda\/wp-json\/wp\/v2\/media?parent=264469"}],"wp:term":[{"taxonomy":"product_cat","embeddable":true,"href":"https:\/\/compuviper.mx\/tienda\/wp-json\/wp\/v2\/product_cat?post=264469"},{"taxonomy":"product_tag","embeddable":true,"href":"https:\/\/compuviper.mx\/tienda\/wp-json\/wp\/v2\/product_tag?post=264469"}],"curies":[{"name":"wp","href":"https:\/\/api.w.org\/{rel}","templated":true}]}}