{"id":264427,"date":"2026-05-01T00:33:59","date_gmt":"2026-05-01T06:33:59","guid":{"rendered":"https:\/\/compuviper.mx\/tienda\/producto\/wd-western-digital-wd80efpxwd80efpx-68c4zn0-disco-duro-interno-wd-red-plus-8tb-3-5-escritorio-sata3-6gb-s-256mb-5640rpm-24x7-hotplug-nas-1-8-bahias-wd80efpx\/"},"modified":"2026-05-01T00:34:00","modified_gmt":"2026-05-01T06:34:00","slug":"wd-western-digital-wd80efpxwd80efpx-68c4zn0-disco-duro-interno-wd-red-plus-8tb-3-5-escritorio-sata3-6gb-s-256mb-5640rpm-24x7-hotplug-nas-1-8-bahias-wd80efpx","status":"publish","type":"product","link":"https:\/\/compuviper.mx\/tienda\/producto\/wd-western-digital-wd80efpxwd80efpx-68c4zn0-disco-duro-interno-wd-red-plus-8tb-3-5-escritorio-sata3-6gb-s-256mb-5640rpm-24x7-hotplug-nas-1-8-bahias-wd80efpx\/","title":{"rendered":"Wd &#8211; Western Digital Wd80efpx,wd80efpx-68c4zn0 Disco Duro Interno Wd Red Plus 8tb 3.5 Escritorio Sata3 6gb\/s 256mb 5640rpm 24&#215;7 Hotplug Nas 1-8 Bahias Wd80efpx"},"content":{"rendered":"<table class=\"descripcion\">\n<tr>\n<td>Caracteristicas<\/td>\n<\/tr>\n<tr>\n<td>\u0095 un disco ideal para sistemas nas de uso domestico, usuarios avanzados, peque\u00f1as y medianas empresas y sistemas comerciales o de consumo.<\/td>\n<\/tr>\n<tr>\n<td>\u0095 para sistemas nas optimizados para raid con hasta 8 ranuras<\/td>\n<\/tr>\n<tr>\n<td>\u0095 calificado para cargas de trabajo de 180 tb\/a\u00f1o1 y 1 millon de horas de tiempo medio entre fallos (mtbf)<\/td>\n<\/tr>\n<tr>\n<td>Capacidad   8 tb<\/td>\n<\/tr>\n<tr>\n<td>Formato   3,5 pulgadas<\/td>\n<\/tr>\n<tr>\n<td>Conector   sata<\/td>\n<\/tr>\n<tr>\n<td>Compatibilidad   sistemas nas optimizados para raid con hasta 8 ranuras<\/td>\n<\/tr>\n<tr>\n<td>Interfaz   sata<\/td>\n<\/tr>\n<tr>\n<td>Velocidad de transferencia   hasta 215 mb\/s<\/td>\n<\/tr>\n<tr>\n<td>Velocidad del disco (rpm)   5640 rpm<\/td>\n<\/tr>\n<tr>\n<td>Tecnologia de grabacion   rmc<\/td>\n<\/tr>\n<tr>\n<td>Tama\u00f1o del cache   256mb<\/td>\n<\/tr>\n<tr>\n<td>Garant\u00eda   garantia limitada de 3 a\u00f1os<\/td>\n<\/tr>\n<tr>\n<td>Resistencia (tbw)   180 tb\/a\u00f1o<\/td>\n<\/tr>\n<tr>\n<td>Dimensiones (largo, ancho y alto)   5,79 x 4 x 1,03<\/td>\n<\/tr>\n<tr>\n<td>Peso   715 gramos<\/td>\n<\/tr>\n<tr>\n<td>Numero de modelo   wd80efpx<\/td>\n<\/tr>\n<tr>\n<td>Temperatura. operativo   0\u00b0c a 65\u00b0c<\/td>\n<\/tr>\n<tr>\n<td>Temperatura no operativa   -40\u00b0c a 70\u00b0c<\/td>\n<\/tr>\n<tr>\n<td>Certificaciones   bsmi, ices-003\/nmb-003, ce, fcc, kc, magreb, rcm, ukca, vcci, cb-scheme, tuv, ul<\/td>\n<\/tr>\n<\/table>\n","protected":false},"excerpt":{"rendered":"<p>Los discos wd red plus est\u00e1n dise\u00f1ados para soportar cargas de trabajo de entornos nas de usuarios avanzados y de peque\u00f1as y medianas empresas. Los discos wd red plus ofrecen la velocidad y la capacidad necesarias para almacenar, proteger y compartir grandes vol\u00famenes de datos en sistemas nas medianos optimizados para raid con una mayor eficiencia energ\u00e9tica. La tecnolog\u00eda nasware\u0099, exclusiva de western digital, ajusta con precisi\u00f3n los par\u00e1metros para que coincidan con las cargas de trabajo del sistema nas, lo que ayuda a aumentar la confiabilidad y el rendimiento.<\/p>\n","protected":false},"featured_media":264428,"comment_status":"open","ping_status":"open","template":"","meta":[],"product_cat":[1706,1703],"product_tag":[1705],"acf":[],"yoast_head":"<!-- This site is optimized with the Yoast SEO plugin v21.7 - https:\/\/yoast.com\/wordpress\/plugins\/seo\/ -->\n<title>[ Wd - Western Digital ] &#129351; Wd80efpx,wd80efpx-68c4zn0 Disco Duro Interno Wd Red Plus 8tb 3.5 Escritorio Sata3 6gb\/s 256mb 5640rpm 24x7 Hotplug Nas 1-8 Bahias Wd80efpx<\/title>\n<meta name=\"description\" content=\"Compra Wd80efpx,wd80efpx-68c4zn0 Disco Duro Interno Wd Red Plus 8tb 3.5 Escritorio Sata3 6gb\/s 256mb 5640rpm 24x7 Hotplug Nas 1-8 Bahias Wd80efpx + Env\u00edo a domicilio + Pago seguro + Garant\u00eda\" \/>\n<meta name=\"robots\" content=\"index, follow, max-snippet:-1, max-image-preview:large, max-video-preview:-1\" \/>\n<link rel=\"canonical\" href=\"https:\/\/compuviper.mx\/tienda\/producto\/wd-western-digital-wd80efpxwd80efpx-68c4zn0-disco-duro-interno-wd-red-plus-8tb-3-5-escritorio-sata3-6gb-s-256mb-5640rpm-24x7-hotplug-nas-1-8-bahias-wd80efpx\/\" \/>\n<meta property=\"og:locale\" content=\"es_MX\" \/>\n<meta property=\"og:type\" content=\"article\" \/>\n<meta property=\"og:title\" content=\"[ Wd - Western Digital ] &#129351; Wd80efpx,wd80efpx-68c4zn0 Disco Duro Interno Wd Red Plus 8tb 3.5 Escritorio Sata3 6gb\/s 256mb 5640rpm 24x7 Hotplug Nas 1-8 Bahias Wd80efpx\" \/>\n<meta property=\"og:description\" content=\"Compra Wd80efpx,wd80efpx-68c4zn0 Disco Duro Interno Wd Red Plus 8tb 3.5 Escritorio Sata3 6gb\/s 256mb 5640rpm 24x7 Hotplug Nas 1-8 Bahias Wd80efpx + Env\u00edo a domicilio + Pago seguro + Garant\u00eda\" \/>\n<meta property=\"og:url\" content=\"https:\/\/compuviper.mx\/tienda\/producto\/wd-western-digital-wd80efpxwd80efpx-68c4zn0-disco-duro-interno-wd-red-plus-8tb-3-5-escritorio-sata3-6gb-s-256mb-5640rpm-24x7-hotplug-nas-1-8-bahias-wd80efpx\/\" \/>\n<meta property=\"og:site_name\" content=\"Compuviper\" \/>\n<meta property=\"article:publisher\" content=\"https:\/\/www.facebook.com\/compuviper\" \/>\n<meta property=\"article:modified_time\" content=\"2026-05-01T06:34:00+00:00\" \/>\n<meta property=\"og:image\" content=\"https:\/\/compuviper.mx\/tienda\/wp-content\/uploads\/2025\/12\/Disco-duro-interno-wd-red-plus-8tb-3.5-escritorio-sata3-6gbs-256mb-5640rpm-24x7-hotplug-nas-1-8-bahias-wd80efpx.jpg\" \/>\n\t<meta property=\"og:image:width\" content=\"200\" \/>\n\t<meta property=\"og:image:height\" content=\"200\" \/>\n\t<meta property=\"og:image:type\" content=\"image\/jpeg\" \/>\n<meta name=\"twitter:card\" content=\"summary_large_image\" \/>\n<meta name=\"twitter:label1\" content=\"Precio\" \/>\n\t<meta name=\"twitter:data1\" content=\"&#36;3,850 con IVA\" \/>\n\t<meta name=\"twitter:label2\" content=\"Availability\" \/>\n\t<meta name=\"twitter:data2\" content=\"Out of stock\" \/>\n<script type=\"application\/ld+json\" class=\"yoast-schema-graph\">{\"@context\":\"https:\/\/schema.org\",\"@graph\":[{\"@type\":\"WebPage\",\"@id\":\"https:\/\/compuviper.mx\/tienda\/producto\/wd-western-digital-wd80efpxwd80efpx-68c4zn0-disco-duro-interno-wd-red-plus-8tb-3-5-escritorio-sata3-6gb-s-256mb-5640rpm-24x7-hotplug-nas-1-8-bahias-wd80efpx\/\",\"url\":\"https:\/\/compuviper.mx\/tienda\/producto\/wd-western-digital-wd80efpxwd80efpx-68c4zn0-disco-duro-interno-wd-red-plus-8tb-3-5-escritorio-sata3-6gb-s-256mb-5640rpm-24x7-hotplug-nas-1-8-bahias-wd80efpx\/\",\"name\":\"[ Wd - Western Digital ] &#129351; Wd80efpx,wd80efpx-68c4zn0 Disco Duro Interno Wd Red Plus 8tb 3.5 Escritorio Sata3 6gb\/s 256mb 5640rpm 24x7 Hotplug Nas 1-8 Bahias Wd80efpx\",\"isPartOf\":{\"@id\":\"https:\/\/compuviper.mx\/tienda\/#website\"},\"datePublished\":\"2026-05-01T06:33:59+00:00\",\"dateModified\":\"2026-05-01T06:34:00+00:00\",\"description\":\"Compra Wd80efpx,wd80efpx-68c4zn0 Disco Duro Interno Wd Red Plus 8tb 3.5 Escritorio Sata3 6gb\/s 256mb 5640rpm 24x7 Hotplug Nas 1-8 Bahias Wd80efpx + Env\u00edo a domicilio + Pago seguro + Garant\u00eda\",\"breadcrumb\":{\"@id\":\"https:\/\/compuviper.mx\/tienda\/producto\/wd-western-digital-wd80efpxwd80efpx-68c4zn0-disco-duro-interno-wd-red-plus-8tb-3-5-escritorio-sata3-6gb-s-256mb-5640rpm-24x7-hotplug-nas-1-8-bahias-wd80efpx\/#breadcrumb\"},\"inLanguage\":\"es-MX\",\"potentialAction\":[{\"@type\":\"ReadAction\",\"target\":[\"https:\/\/compuviper.mx\/tienda\/producto\/wd-western-digital-wd80efpxwd80efpx-68c4zn0-disco-duro-interno-wd-red-plus-8tb-3-5-escritorio-sata3-6gb-s-256mb-5640rpm-24x7-hotplug-nas-1-8-bahias-wd80efpx\/\"]}]},{\"@type\":\"BreadcrumbList\",\"@id\":\"https:\/\/compuviper.mx\/tienda\/producto\/wd-western-digital-wd80efpxwd80efpx-68c4zn0-disco-duro-interno-wd-red-plus-8tb-3-5-escritorio-sata3-6gb-s-256mb-5640rpm-24x7-hotplug-nas-1-8-bahias-wd80efpx\/#breadcrumb\",\"itemListElement\":[{\"@type\":\"ListItem\",\"position\":1,\"name\":\"Inicio\",\"item\":\"https:\/\/compuviper.mx\/tienda\/\"},{\"@type\":\"ListItem\",\"position\":2,\"name\":\"Productos\",\"item\":\"https:\/\/compuviper.mx\/tienda\/productos\/\"},{\"@type\":\"ListItem\",\"position\":3,\"name\":\"Discos Duros\",\"item\":\"https:\/\/compuviper.mx\/tienda\/categoria-producto\/discos-duros\/\"},{\"@type\":\"ListItem\",\"position\":4,\"name\":\"Disco Duro\",\"item\":\"https:\/\/compuviper.mx\/tienda\/categoria-producto\/discos-duros\/disco-duro\/\"},{\"@type\":\"ListItem\",\"position\":5,\"name\":\"Wd &#8211; Western Digital Wd80efpx,wd80efpx-68c4zn0 Disco Duro Interno Wd Red Plus 8tb 3.5 Escritorio Sata3 6gb\/s 256mb 5640rpm 24&#215;7 Hotplug Nas 1-8 Bahias Wd80efpx\"}]},{\"@type\":\"WebSite\",\"@id\":\"https:\/\/compuviper.mx\/tienda\/#website\",\"url\":\"https:\/\/compuviper.mx\/tienda\/\",\"name\":\"Compuviper\",\"description\":\"Proveedor de Computadoras, Laptops, Servidores, Monitores, Puntos de Venta, Teclados,   Impresoras, T\u00f3ner, C\u00e1maras de Seguridad y m\u00e1s en tu tienda en l\u00ednea\",\"publisher\":{\"@id\":\"https:\/\/compuviper.mx\/tienda\/#organization\"},\"potentialAction\":[{\"@type\":\"SearchAction\",\"target\":{\"@type\":\"EntryPoint\",\"urlTemplate\":\"https:\/\/compuviper.mx\/tienda\/?s={search_term_string}\"},\"query-input\":\"required name=search_term_string\"}],\"inLanguage\":\"es-MX\"},{\"@type\":\"Organization\",\"@id\":\"https:\/\/compuviper.mx\/tienda\/#organization\",\"name\":\"Compuviper\",\"url\":\"https:\/\/compuviper.mx\/tienda\/\",\"logo\":{\"@type\":\"ImageObject\",\"inLanguage\":\"es-MX\",\"@id\":\"https:\/\/compuviper.mx\/tienda\/#\/schema\/logo\/image\/\",\"url\":\"https:\/\/compuviper.mx\/tienda\/wp-content\/uploads\/2021\/08\/Logo-Compuviper-10.png\",\"contentUrl\":\"https:\/\/compuviper.mx\/tienda\/wp-content\/uploads\/2021\/08\/Logo-Compuviper-10.png\",\"width\":1000,\"height\":500,\"caption\":\"Compuviper\"},\"image\":{\"@id\":\"https:\/\/compuviper.mx\/tienda\/#\/schema\/logo\/image\/\"},\"sameAs\":[\"https:\/\/www.facebook.com\/compuviper\",\"https:\/\/www.youtube.com\/channel\/UCf73dERp9Y3cfOq7q8BhLjA?view_as=subscriber\"]}]}<\/script>\n<meta property=\"product:brand\" content=\"WD - WESTERN DIGITAL\" \/>\n<meta property=\"product:price:amount\" content=\"3850\" \/>\n<meta property=\"product:price:currency\" content=\"MXN\" \/>\n<meta property=\"og:availability\" content=\"out of stock\" \/>\n<meta property=\"product:availability\" content=\"out of stock\" \/>\n<meta property=\"product:retailer_item_id\" content=\"WD80EFPX,WD80EFPX-68C4ZN0\" \/>\n<meta property=\"product:condition\" content=\"new\" \/>\n<!-- \/ Yoast SEO plugin. -->","yoast_head_json":{"title":"[ Wd - Western Digital ] &#129351; Wd80efpx,wd80efpx-68c4zn0 Disco Duro Interno Wd Red Plus 8tb 3.5 Escritorio Sata3 6gb\/s 256mb 5640rpm 24x7 Hotplug Nas 1-8 Bahias Wd80efpx","description":"Compra Wd80efpx,wd80efpx-68c4zn0 Disco Duro Interno Wd Red Plus 8tb 3.5 Escritorio Sata3 6gb\/s 256mb 5640rpm 24x7 Hotplug Nas 1-8 Bahias Wd80efpx + Env\u00edo a domicilio + Pago seguro + Garant\u00eda","robots":{"index":"index","follow":"follow","max-snippet":"max-snippet:-1","max-image-preview":"max-image-preview:large","max-video-preview":"max-video-preview:-1"},"canonical":"https:\/\/compuviper.mx\/tienda\/producto\/wd-western-digital-wd80efpxwd80efpx-68c4zn0-disco-duro-interno-wd-red-plus-8tb-3-5-escritorio-sata3-6gb-s-256mb-5640rpm-24x7-hotplug-nas-1-8-bahias-wd80efpx\/","og_locale":"es_MX","og_type":"article","og_title":"[ Wd - Western Digital ] &#129351; Wd80efpx,wd80efpx-68c4zn0 Disco Duro Interno Wd Red Plus 8tb 3.5 Escritorio Sata3 6gb\/s 256mb 5640rpm 24x7 Hotplug Nas 1-8 Bahias Wd80efpx","og_description":"Compra Wd80efpx,wd80efpx-68c4zn0 Disco Duro Interno Wd Red Plus 8tb 3.5 Escritorio Sata3 6gb\/s 256mb 5640rpm 24x7 Hotplug Nas 1-8 Bahias Wd80efpx + Env\u00edo a domicilio + Pago seguro + Garant\u00eda","og_url":"https:\/\/compuviper.mx\/tienda\/producto\/wd-western-digital-wd80efpxwd80efpx-68c4zn0-disco-duro-interno-wd-red-plus-8tb-3-5-escritorio-sata3-6gb-s-256mb-5640rpm-24x7-hotplug-nas-1-8-bahias-wd80efpx\/","og_site_name":"Compuviper","article_publisher":"https:\/\/www.facebook.com\/compuviper","article_modified_time":"2026-05-01T06:34:00+00:00","og_image":[{"width":200,"height":200,"url":"https:\/\/compuviper.mx\/tienda\/wp-content\/uploads\/2025\/12\/Disco-duro-interno-wd-red-plus-8tb-3.5-escritorio-sata3-6gbs-256mb-5640rpm-24x7-hotplug-nas-1-8-bahias-wd80efpx.jpg","type":"image\/jpeg"}],"twitter_card":"summary_large_image","twitter_misc":{"Precio":"&#36;3,850 con IVA","Availability":"Out of stock"},"schema":{"@context":"https:\/\/schema.org","@graph":[{"@type":"WebPage","@id":"https:\/\/compuviper.mx\/tienda\/producto\/wd-western-digital-wd80efpxwd80efpx-68c4zn0-disco-duro-interno-wd-red-plus-8tb-3-5-escritorio-sata3-6gb-s-256mb-5640rpm-24x7-hotplug-nas-1-8-bahias-wd80efpx\/","url":"https:\/\/compuviper.mx\/tienda\/producto\/wd-western-digital-wd80efpxwd80efpx-68c4zn0-disco-duro-interno-wd-red-plus-8tb-3-5-escritorio-sata3-6gb-s-256mb-5640rpm-24x7-hotplug-nas-1-8-bahias-wd80efpx\/","name":"[ Wd - Western Digital ] &#129351; Wd80efpx,wd80efpx-68c4zn0 Disco Duro Interno Wd Red Plus 8tb 3.5 Escritorio Sata3 6gb\/s 256mb 5640rpm 24x7 Hotplug Nas 1-8 Bahias Wd80efpx","isPartOf":{"@id":"https:\/\/compuviper.mx\/tienda\/#website"},"datePublished":"2026-05-01T06:33:59+00:00","dateModified":"2026-05-01T06:34:00+00:00","description":"Compra Wd80efpx,wd80efpx-68c4zn0 Disco Duro Interno Wd Red Plus 8tb 3.5 Escritorio Sata3 6gb\/s 256mb 5640rpm 24x7 Hotplug Nas 1-8 Bahias Wd80efpx + Env\u00edo a domicilio + Pago seguro + Garant\u00eda","breadcrumb":{"@id":"https:\/\/compuviper.mx\/tienda\/producto\/wd-western-digital-wd80efpxwd80efpx-68c4zn0-disco-duro-interno-wd-red-plus-8tb-3-5-escritorio-sata3-6gb-s-256mb-5640rpm-24x7-hotplug-nas-1-8-bahias-wd80efpx\/#breadcrumb"},"inLanguage":"es-MX","potentialAction":[{"@type":"ReadAction","target":["https:\/\/compuviper.mx\/tienda\/producto\/wd-western-digital-wd80efpxwd80efpx-68c4zn0-disco-duro-interno-wd-red-plus-8tb-3-5-escritorio-sata3-6gb-s-256mb-5640rpm-24x7-hotplug-nas-1-8-bahias-wd80efpx\/"]}]},{"@type":"BreadcrumbList","@id":"https:\/\/compuviper.mx\/tienda\/producto\/wd-western-digital-wd80efpxwd80efpx-68c4zn0-disco-duro-interno-wd-red-plus-8tb-3-5-escritorio-sata3-6gb-s-256mb-5640rpm-24x7-hotplug-nas-1-8-bahias-wd80efpx\/#breadcrumb","itemListElement":[{"@type":"ListItem","position":1,"name":"Inicio","item":"https:\/\/compuviper.mx\/tienda\/"},{"@type":"ListItem","position":2,"name":"Productos","item":"https:\/\/compuviper.mx\/tienda\/productos\/"},{"@type":"ListItem","position":3,"name":"Discos Duros","item":"https:\/\/compuviper.mx\/tienda\/categoria-producto\/discos-duros\/"},{"@type":"ListItem","position":4,"name":"Disco Duro","item":"https:\/\/compuviper.mx\/tienda\/categoria-producto\/discos-duros\/disco-duro\/"},{"@type":"ListItem","position":5,"name":"Wd &#8211; Western Digital Wd80efpx,wd80efpx-68c4zn0 Disco Duro Interno Wd Red Plus 8tb 3.5 Escritorio Sata3 6gb\/s 256mb 5640rpm 24&#215;7 Hotplug Nas 1-8 Bahias Wd80efpx"}]},{"@type":"WebSite","@id":"https:\/\/compuviper.mx\/tienda\/#website","url":"https:\/\/compuviper.mx\/tienda\/","name":"Compuviper","description":"Proveedor de Computadoras, Laptops, Servidores, Monitores, Puntos de Venta, Teclados,   Impresoras, T\u00f3ner, C\u00e1maras de Seguridad y m\u00e1s en tu tienda en l\u00ednea","publisher":{"@id":"https:\/\/compuviper.mx\/tienda\/#organization"},"potentialAction":[{"@type":"SearchAction","target":{"@type":"EntryPoint","urlTemplate":"https:\/\/compuviper.mx\/tienda\/?s={search_term_string}"},"query-input":"required name=search_term_string"}],"inLanguage":"es-MX"},{"@type":"Organization","@id":"https:\/\/compuviper.mx\/tienda\/#organization","name":"Compuviper","url":"https:\/\/compuviper.mx\/tienda\/","logo":{"@type":"ImageObject","inLanguage":"es-MX","@id":"https:\/\/compuviper.mx\/tienda\/#\/schema\/logo\/image\/","url":"https:\/\/compuviper.mx\/tienda\/wp-content\/uploads\/2021\/08\/Logo-Compuviper-10.png","contentUrl":"https:\/\/compuviper.mx\/tienda\/wp-content\/uploads\/2021\/08\/Logo-Compuviper-10.png","width":1000,"height":500,"caption":"Compuviper"},"image":{"@id":"https:\/\/compuviper.mx\/tienda\/#\/schema\/logo\/image\/"},"sameAs":["https:\/\/www.facebook.com\/compuviper","https:\/\/www.youtube.com\/channel\/UCf73dERp9Y3cfOq7q8BhLjA?view_as=subscriber"]}]},"product_brand":"WD - WESTERN DIGITAL","product_price_amount":"3850","product_price_currency":"MXN","og_availability":"out of stock","product_availability":"out of stock","product_retailer_item_id":"WD80EFPX,WD80EFPX-68C4ZN0","product_condition":"new"},"_links":{"self":[{"href":"https:\/\/compuviper.mx\/tienda\/wp-json\/wp\/v2\/product\/264427"}],"collection":[{"href":"https:\/\/compuviper.mx\/tienda\/wp-json\/wp\/v2\/product"}],"about":[{"href":"https:\/\/compuviper.mx\/tienda\/wp-json\/wp\/v2\/types\/product"}],"replies":[{"embeddable":true,"href":"https:\/\/compuviper.mx\/tienda\/wp-json\/wp\/v2\/comments?post=264427"}],"wp:featuredmedia":[{"embeddable":true,"href":"https:\/\/compuviper.mx\/tienda\/wp-json\/wp\/v2\/media\/264428"}],"wp:attachment":[{"href":"https:\/\/compuviper.mx\/tienda\/wp-json\/wp\/v2\/media?parent=264427"}],"wp:term":[{"taxonomy":"product_cat","embeddable":true,"href":"https:\/\/compuviper.mx\/tienda\/wp-json\/wp\/v2\/product_cat?post=264427"},{"taxonomy":"product_tag","embeddable":true,"href":"https:\/\/compuviper.mx\/tienda\/wp-json\/wp\/v2\/product_tag?post=264427"}],"curies":[{"name":"wp","href":"https:\/\/api.w.org\/{rel}","templated":true}]}}