{"id":264405,"date":"2026-04-11T00:20:25","date_gmt":"2026-04-11T06:20:25","guid":{"rendered":"https:\/\/compuviper.mx\/tienda\/producto\/tp-link-mc200-cmara-wi-fi-de-seguridad-del-hogar\/"},"modified":"2026-04-11T00:20:25","modified_gmt":"2026-04-11T06:20:25","slug":"tp-link-mc200-cmara-wi-fi-de-seguridad-del-hogar","status":"publish","type":"product","link":"https:\/\/compuviper.mx\/tienda\/producto\/tp-link-mc200-cmara-wi-fi-de-seguridad-del-hogar\/","title":{"rendered":"Tp Link Mc200 C?mara Wi-fi   De Seguridad Del Hogar"},"content":{"rendered":"<table class=\"descripcion\">\n<tr>\n<td>Cameraimage sensor<\/td>\n<\/tr>\n<tr>\n<td>1\/3.2 progressive scan cmos not starlight sensor<\/td>\n<\/tr>\n<tr>\n<td> lens<\/td>\n<\/tr>\n<tr>\n<td>Focal length: 4 mm<\/td>\n<\/tr>\n<tr>\n<td>Aperture: f2.0<\/td>\n<\/tr>\n<tr>\n<td>Field of view: 87\u00b0 (diagonal), 74\u00b0(horizontal), 40\u00b0(vertical)<\/td>\n<\/tr>\n<tr>\n<td> motion range<\/td>\n<\/tr>\n<tr>\n<td>Pan mechanical range: 340\u00b0 (360\u00b0 pan coverage)<\/td>\n<\/tr>\n<tr>\n<td>Tilt mechanical range: 70\u00b0 (110\u00b0 tilt coverage)<\/td>\n<\/tr>\n<tr>\n<td> night vision<\/td>\n<\/tr>\n<tr>\n<td>850 nm ir led (40 ft \/ 12 m)<\/td>\n<\/tr>\n<tr>\n<td> interface  and  button<\/td>\n<\/tr>\n<tr>\n<td>1\u00d7 reset button<\/td>\n<\/tr>\n<tr>\n<td>1\u00d7 microsd card slot (up to 512 gb)<\/td>\n<\/tr>\n<tr>\n<td>Video  and  audiomaximum resolution<\/td>\n<\/tr>\n<tr>\n<td>1920 \u00d7 1080 px<\/td>\n<\/tr>\n<tr>\n<td> digital zoom<\/td>\n<\/tr>\n<tr>\n<td>Supports 9x zoom<\/td>\n<\/tr>\n<tr>\n<td> frame rate<\/td>\n<\/tr>\n<tr>\n<td>15\/20\/25\/30 fps (15 fps by default)<\/td>\n<\/tr>\n<tr>\n<td> video compression<\/td>\n<\/tr>\n<tr>\n<td>H.264<\/td>\n<\/tr>\n<tr>\n<td> live view<\/td>\n<\/tr>\n<tr>\n<td>Yes<\/td>\n<\/tr>\n<tr>\n<td> image enhancement<\/td>\n<\/tr>\n<tr>\n<td>\/<\/td>\n<\/tr>\n<tr>\n<td> audio input  and  output<\/td>\n<\/tr>\n<tr>\n<td>Built-in microphone and speaker<\/td>\n<\/tr>\n<tr>\n<td> audio communication<\/td>\n<\/tr>\n<tr>\n<td>2-way audio<\/td>\n<\/tr>\n<tr>\n<td> siren volume<\/td>\n<\/tr>\n<tr>\n<td>88db (level measured at 4-inch\/10-cm distance)<\/td>\n<\/tr>\n<tr>\n<td>Softwaresecurity<\/td>\n<\/tr>\n<tr>\n<td>128 bit aes encryption with ssl\/tls<\/td>\n<\/tr>\n<tr>\n<td>Storagelocal storage<\/td>\n<\/tr>\n<tr>\n<td>Micro sd card slot<\/td>\n<\/tr>\n<tr>\n<td>(supports up to 512gb)<\/td>\n<\/tr>\n<tr>\n<td> cloud storage<\/td>\n<\/tr>\n<tr>\n<td>Mercusys camera care cloud storage services (subscription required)<\/td>\n<\/tr>\n<tr>\n<td>Networknetwork connectivity<\/td>\n<\/tr>\n<tr>\n<td>Connect via wi-fi<\/td>\n<\/tr>\n<tr>\n<td> wireless connectivity<\/td>\n<\/tr>\n<tr>\n<td>11mbps(802.11b)<\/td>\n<\/tr>\n<tr>\n<td> 54mbps(802.11g)<\/td>\n<\/tr>\n<tr>\n<td> 72.2mbps(802.11n)<\/td>\n<\/tr>\n<tr>\n<td> max. distance between hub and camera\/doorbell<\/td>\n<\/tr>\n<tr>\n<td>\/<\/td>\n<\/tr>\n<tr>\n<td> rtsp<\/td>\n<\/tr>\n<tr>\n<td>Yes<\/td>\n<\/tr>\n<tr>\n<td> onvif<\/td>\n<\/tr>\n<tr>\n<td>Yes<\/td>\n<\/tr>\n<tr>\n<td>Powerpower source<\/td>\n<\/tr>\n<tr>\n<td>9v dc power adapter<\/td>\n<\/tr>\n<tr>\n<td> input voltage<\/td>\n<\/tr>\n<tr>\n<td>100-240vac, 50\/60hz, 0.3a<\/td>\n<\/tr>\n<tr>\n<td> output voltage<\/td>\n<\/tr>\n<tr>\n<td>9.0v\/0.6a<\/td>\n<\/tr>\n<tr>\n<td>Detection  and  notificationssensor<\/td>\n<\/tr>\n<tr>\n<td>\/<\/td>\n<\/tr>\n<tr>\n<td> ai detection<\/td>\n<\/tr>\n<tr>\n<td>Motion detection<\/td>\n<\/tr>\n<tr>\n<td>Person detection<\/td>\n<\/tr>\n<tr>\n<td>Baby crying detection<\/td>\n<\/tr>\n<tr>\n<td> activity zones<\/td>\n<\/tr>\n<tr>\n<td>Yes<\/td>\n<\/tr>\n<tr>\n<td>*only works with motion detection.<\/td>\n<\/tr>\n<tr>\n<td> output notification<\/td>\n<\/tr>\n<tr>\n<td>System notification<\/td>\n<\/tr>\n<tr>\n<td>Generalsmart integration<\/td>\n<\/tr>\n<tr>\n<td>Google assistant, amazon alexa, samsung smartthings<\/td>\n<\/tr>\n<tr>\n<td> weather resistance<\/td>\n<\/tr>\n<tr>\n<td>\/<\/td>\n<\/tr>\n<tr>\n<td> mounting options<\/td>\n<\/tr>\n<tr>\n<td>Tabletop<\/td>\n<\/tr>\n<tr>\n<td>Ceiling-mounted<\/td>\n<\/tr>\n<tr>\n<td> operating temperature<\/td>\n<\/tr>\n<tr>\n<td>0 \u00bac ~ 40 \u00bac (32\u00b0f ~ 104\u00b0f )<\/td>\n<\/tr>\n<tr>\n<td> storage temperature<\/td>\n<\/tr>\n<tr>\n<td>-40\u00b0c~60\u00b0c (-40\u00b0f~140\u00b0f)<\/td>\n<\/tr>\n<tr>\n<td> operating humidity<\/td>\n<\/tr>\n<tr>\n<td>10%~90%rh, non-condensing<\/td>\n<\/tr>\n<tr>\n<td> storage humidity<\/td>\n<\/tr>\n<tr>\n<td>0%~90%rh, non-condensing<\/td>\n<\/tr>\n<tr>\n<td> charging temperature<\/td>\n<\/tr>\n<tr>\n<td>\/<\/td>\n<\/tr>\n<tr>\n<td> dimensions ( w x d x h )<\/td>\n<\/tr>\n<tr>\n<td>78.4 \u00d7 78.4 \u00d7 105.6 mm<\/td>\n<\/tr>\n<tr>\n<td>(3.09 \u00d7 3.09 \u00d7 4.16 in)<\/td>\n<\/tr>\n<tr>\n<td>Otherscertifications<\/td>\n<\/tr>\n<tr>\n<td>Ce, ncc, bsmi, ntra, kc, rcm, onvif<\/td>\n<\/tr>\n<tr>\n<td> package contents<\/td>\n<\/tr>\n<tr>\n<td>Pan\/tilt home security wi-fi camera (mc200) \u00d7 1<\/td>\n<\/tr>\n<tr>\n<td>Power adapter \u00d7 1<\/td>\n<\/tr>\n<tr>\n<td>Mounting anchors \u00d7 2<\/td>\n<\/tr>\n<tr>\n<td>Mounting screws \u00d7 2<\/td>\n<\/tr>\n<tr>\n<td>Mounting template sticker \u00d7 1<\/td>\n<\/tr>\n<tr>\n<td>Quick start guide<\/td>\n<\/tr>\n<\/table>\n","protected":false},"excerpt":{"rendered":"<p>Video de alta definicion: ofrece v\u00eddeo de alta definicion de 1080p, que proporciona a los usuarios grabaciones n\u00edtidas y detalladas. Panoramica e inclinacion: ofrece una vision horizontal de 360\u00b0, lo que permite una cobertura completa del area. Deteccion inteligente: rastrea el movimiento de forma inteligente las 24 horas, los 7 d\u00edas de la semana, garantizando que los sujetos permanezcan a la vista, incluso en completa oscuridad gracias a la vision nocturna. Reciba alertas instantaneas si detecta movimiento, personas o el llanto de un bebe. Vision nocturna: con una vision nocturna avanzada de hasta 12 metros, la mc200 permite a los usuarios supervisar sus hogares las 24 horas. Audio bidireccional: escuche y responda en tiempo real a traves de un microfono y altavoz integrados. Interactue con su familia y mascotas en cualquier momento. Almacenamiento local gratuito: admite tarjetas microsd de hasta 512 gb para almacenamiento local, lo que proporciona una forma segura y economica de almacenar grabaciones. Almacenamiento en la nube compatible: almacene v\u00eddeos con los servicios de almacenamiento en la nube de mercusys. Zona de bloqueo personalizable: personaliza tu zona de privacidad para bloquear vistas no deseadas facilmente. Control por voz: compatible con el asistente de google y amazon alexa, ofrece control manos libres.<\/p>\n","protected":false},"featured_media":0,"comment_status":"open","ping_status":"open","template":"","meta":[],"product_cat":[1683,1608],"product_tag":[1562],"acf":[],"yoast_head":"<!-- This site is optimized with the Yoast SEO plugin v21.7 - https:\/\/yoast.com\/wordpress\/plugins\/seo\/ -->\n<title>[ Tp Link ] &#129351; Mc200 C\u00e1mara Wi-fi De Seguridad Del Hogar<\/title>\n<meta name=\"description\" content=\"Compra Mc200 C\u00e1mara Wi-fi De Seguridad Del Hogar + Env\u00edo a domicilio + Pago seguro + Garant\u00eda\" \/>\n<meta name=\"robots\" content=\"index, follow, max-snippet:-1, max-image-preview:large, max-video-preview:-1\" \/>\n<link rel=\"canonical\" href=\"https:\/\/compuviper.mx\/tienda\/producto\/tp-link-mc200-cmara-wi-fi-de-seguridad-del-hogar\/\" \/>\n<meta property=\"og:locale\" content=\"es_MX\" \/>\n<meta property=\"og:type\" content=\"article\" \/>\n<meta property=\"og:title\" content=\"[ Tp Link ] &#129351; Mc200 C\u00e1mara Wi-fi De Seguridad Del Hogar\" \/>\n<meta property=\"og:description\" content=\"Compra Mc200 C\u00e1mara Wi-fi De Seguridad Del Hogar + Env\u00edo a domicilio + Pago seguro + Garant\u00eda\" \/>\n<meta property=\"og:url\" content=\"https:\/\/compuviper.mx\/tienda\/producto\/tp-link-mc200-cmara-wi-fi-de-seguridad-del-hogar\/\" \/>\n<meta property=\"og:site_name\" content=\"Compuviper\" \/>\n<meta property=\"article:publisher\" content=\"https:\/\/www.facebook.com\/compuviper\" \/>\n<meta name=\"twitter:card\" content=\"summary_large_image\" \/>\n<meta name=\"twitter:label1\" content=\"Precio\" \/>\n\t<meta name=\"twitter:data1\" content=\"&#36;267 con IVA\" \/>\n\t<meta name=\"twitter:label2\" content=\"Availability\" \/>\n\t<meta name=\"twitter:data2\" content=\"In stock\" \/>\n<script type=\"application\/ld+json\" class=\"yoast-schema-graph\">{\"@context\":\"https:\/\/schema.org\",\"@graph\":[{\"@type\":\"WebPage\",\"@id\":\"https:\/\/compuviper.mx\/tienda\/producto\/tp-link-mc200-cmara-wi-fi-de-seguridad-del-hogar\/\",\"url\":\"https:\/\/compuviper.mx\/tienda\/producto\/tp-link-mc200-cmara-wi-fi-de-seguridad-del-hogar\/\",\"name\":\"[ Tp Link ] &#129351; Mc200 C\u00e1mara Wi-fi De Seguridad Del Hogar\",\"isPartOf\":{\"@id\":\"https:\/\/compuviper.mx\/tienda\/#website\"},\"datePublished\":\"2026-04-11T06:20:25+00:00\",\"dateModified\":\"2026-04-11T06:20:25+00:00\",\"description\":\"Compra Mc200 C\u00e1mara Wi-fi De Seguridad Del Hogar + Env\u00edo a domicilio + Pago seguro + Garant\u00eda\",\"breadcrumb\":{\"@id\":\"https:\/\/compuviper.mx\/tienda\/producto\/tp-link-mc200-cmara-wi-fi-de-seguridad-del-hogar\/#breadcrumb\"},\"inLanguage\":\"es-MX\",\"potentialAction\":[{\"@type\":\"ReadAction\",\"target\":[\"https:\/\/compuviper.mx\/tienda\/producto\/tp-link-mc200-cmara-wi-fi-de-seguridad-del-hogar\/\"]}]},{\"@type\":\"BreadcrumbList\",\"@id\":\"https:\/\/compuviper.mx\/tienda\/producto\/tp-link-mc200-cmara-wi-fi-de-seguridad-del-hogar\/#breadcrumb\",\"itemListElement\":[{\"@type\":\"ListItem\",\"position\":1,\"name\":\"Inicio\",\"item\":\"https:\/\/compuviper.mx\/tienda\/\"},{\"@type\":\"ListItem\",\"position\":2,\"name\":\"Productos\",\"item\":\"https:\/\/compuviper.mx\/tienda\/productos\/\"},{\"@type\":\"ListItem\",\"position\":3,\"name\":\"Camaras\",\"item\":\"https:\/\/compuviper.mx\/tienda\/categoria-producto\/camaras-2\/\"},{\"@type\":\"ListItem\",\"position\":4,\"name\":\"Camara Inteligente P\/smart Home\",\"item\":\"https:\/\/compuviper.mx\/tienda\/categoria-producto\/camaras-2\/camara-inteligente-p-smart-home\/\"},{\"@type\":\"ListItem\",\"position\":5,\"name\":\"Tp Link Mc200 C?mara Wi-fi De Seguridad Del Hogar\"}]},{\"@type\":\"WebSite\",\"@id\":\"https:\/\/compuviper.mx\/tienda\/#website\",\"url\":\"https:\/\/compuviper.mx\/tienda\/\",\"name\":\"Compuviper\",\"description\":\"Proveedor de Computadoras, Laptops, Servidores, Monitores, Puntos de Venta, Teclados,   Impresoras, T\u00f3ner, C\u00e1maras de Seguridad y m\u00e1s en tu tienda en l\u00ednea\",\"publisher\":{\"@id\":\"https:\/\/compuviper.mx\/tienda\/#organization\"},\"potentialAction\":[{\"@type\":\"SearchAction\",\"target\":{\"@type\":\"EntryPoint\",\"urlTemplate\":\"https:\/\/compuviper.mx\/tienda\/?s={search_term_string}\"},\"query-input\":\"required name=search_term_string\"}],\"inLanguage\":\"es-MX\"},{\"@type\":\"Organization\",\"@id\":\"https:\/\/compuviper.mx\/tienda\/#organization\",\"name\":\"Compuviper\",\"url\":\"https:\/\/compuviper.mx\/tienda\/\",\"logo\":{\"@type\":\"ImageObject\",\"inLanguage\":\"es-MX\",\"@id\":\"https:\/\/compuviper.mx\/tienda\/#\/schema\/logo\/image\/\",\"url\":\"https:\/\/compuviper.mx\/tienda\/wp-content\/uploads\/2021\/08\/Logo-Compuviper-10.png\",\"contentUrl\":\"https:\/\/compuviper.mx\/tienda\/wp-content\/uploads\/2021\/08\/Logo-Compuviper-10.png\",\"width\":1000,\"height\":500,\"caption\":\"Compuviper\"},\"image\":{\"@id\":\"https:\/\/compuviper.mx\/tienda\/#\/schema\/logo\/image\/\"},\"sameAs\":[\"https:\/\/www.facebook.com\/compuviper\",\"https:\/\/www.youtube.com\/channel\/UCf73dERp9Y3cfOq7q8BhLjA?view_as=subscriber\"]}]}<\/script>\n<meta property=\"product:brand\" content=\"TP LINK\" \/>\n<meta property=\"product:price:amount\" content=\"267\" \/>\n<meta property=\"product:price:currency\" content=\"MXN\" \/>\n<meta property=\"og:availability\" content=\"instock\" \/>\n<meta property=\"product:availability\" content=\"instock\" \/>\n<meta property=\"product:retailer_item_id\" content=\"MC200\" \/>\n<meta property=\"product:condition\" content=\"new\" \/>\n<!-- \/ Yoast SEO plugin. -->","yoast_head_json":{"title":"[ Tp Link ] &#129351; Mc200 C\u00e1mara Wi-fi De Seguridad Del Hogar","description":"Compra Mc200 C\u00e1mara Wi-fi De Seguridad Del Hogar + Env\u00edo a domicilio + Pago seguro + Garant\u00eda","robots":{"index":"index","follow":"follow","max-snippet":"max-snippet:-1","max-image-preview":"max-image-preview:large","max-video-preview":"max-video-preview:-1"},"canonical":"https:\/\/compuviper.mx\/tienda\/producto\/tp-link-mc200-cmara-wi-fi-de-seguridad-del-hogar\/","og_locale":"es_MX","og_type":"article","og_title":"[ Tp Link ] &#129351; Mc200 C\u00e1mara Wi-fi De Seguridad Del Hogar","og_description":"Compra Mc200 C\u00e1mara Wi-fi De Seguridad Del Hogar + Env\u00edo a domicilio + Pago seguro + Garant\u00eda","og_url":"https:\/\/compuviper.mx\/tienda\/producto\/tp-link-mc200-cmara-wi-fi-de-seguridad-del-hogar\/","og_site_name":"Compuviper","article_publisher":"https:\/\/www.facebook.com\/compuviper","twitter_card":"summary_large_image","twitter_misc":{"Precio":"&#36;267 con IVA","Availability":"In stock"},"schema":{"@context":"https:\/\/schema.org","@graph":[{"@type":"WebPage","@id":"https:\/\/compuviper.mx\/tienda\/producto\/tp-link-mc200-cmara-wi-fi-de-seguridad-del-hogar\/","url":"https:\/\/compuviper.mx\/tienda\/producto\/tp-link-mc200-cmara-wi-fi-de-seguridad-del-hogar\/","name":"[ Tp Link ] &#129351; Mc200 C\u00e1mara Wi-fi De Seguridad Del Hogar","isPartOf":{"@id":"https:\/\/compuviper.mx\/tienda\/#website"},"datePublished":"2026-04-11T06:20:25+00:00","dateModified":"2026-04-11T06:20:25+00:00","description":"Compra Mc200 C\u00e1mara Wi-fi De Seguridad Del Hogar + Env\u00edo a domicilio + Pago seguro + Garant\u00eda","breadcrumb":{"@id":"https:\/\/compuviper.mx\/tienda\/producto\/tp-link-mc200-cmara-wi-fi-de-seguridad-del-hogar\/#breadcrumb"},"inLanguage":"es-MX","potentialAction":[{"@type":"ReadAction","target":["https:\/\/compuviper.mx\/tienda\/producto\/tp-link-mc200-cmara-wi-fi-de-seguridad-del-hogar\/"]}]},{"@type":"BreadcrumbList","@id":"https:\/\/compuviper.mx\/tienda\/producto\/tp-link-mc200-cmara-wi-fi-de-seguridad-del-hogar\/#breadcrumb","itemListElement":[{"@type":"ListItem","position":1,"name":"Inicio","item":"https:\/\/compuviper.mx\/tienda\/"},{"@type":"ListItem","position":2,"name":"Productos","item":"https:\/\/compuviper.mx\/tienda\/productos\/"},{"@type":"ListItem","position":3,"name":"Camaras","item":"https:\/\/compuviper.mx\/tienda\/categoria-producto\/camaras-2\/"},{"@type":"ListItem","position":4,"name":"Camara Inteligente P\/smart Home","item":"https:\/\/compuviper.mx\/tienda\/categoria-producto\/camaras-2\/camara-inteligente-p-smart-home\/"},{"@type":"ListItem","position":5,"name":"Tp Link Mc200 C?mara Wi-fi De Seguridad Del Hogar"}]},{"@type":"WebSite","@id":"https:\/\/compuviper.mx\/tienda\/#website","url":"https:\/\/compuviper.mx\/tienda\/","name":"Compuviper","description":"Proveedor de Computadoras, Laptops, Servidores, Monitores, Puntos de Venta, Teclados,   Impresoras, T\u00f3ner, C\u00e1maras de Seguridad y m\u00e1s en tu tienda en l\u00ednea","publisher":{"@id":"https:\/\/compuviper.mx\/tienda\/#organization"},"potentialAction":[{"@type":"SearchAction","target":{"@type":"EntryPoint","urlTemplate":"https:\/\/compuviper.mx\/tienda\/?s={search_term_string}"},"query-input":"required name=search_term_string"}],"inLanguage":"es-MX"},{"@type":"Organization","@id":"https:\/\/compuviper.mx\/tienda\/#organization","name":"Compuviper","url":"https:\/\/compuviper.mx\/tienda\/","logo":{"@type":"ImageObject","inLanguage":"es-MX","@id":"https:\/\/compuviper.mx\/tienda\/#\/schema\/logo\/image\/","url":"https:\/\/compuviper.mx\/tienda\/wp-content\/uploads\/2021\/08\/Logo-Compuviper-10.png","contentUrl":"https:\/\/compuviper.mx\/tienda\/wp-content\/uploads\/2021\/08\/Logo-Compuviper-10.png","width":1000,"height":500,"caption":"Compuviper"},"image":{"@id":"https:\/\/compuviper.mx\/tienda\/#\/schema\/logo\/image\/"},"sameAs":["https:\/\/www.facebook.com\/compuviper","https:\/\/www.youtube.com\/channel\/UCf73dERp9Y3cfOq7q8BhLjA?view_as=subscriber"]}]},"product_brand":"TP LINK","product_price_amount":"267","product_price_currency":"MXN","og_availability":"instock","product_availability":"instock","product_retailer_item_id":"MC200","product_condition":"new"},"_links":{"self":[{"href":"https:\/\/compuviper.mx\/tienda\/wp-json\/wp\/v2\/product\/264405"}],"collection":[{"href":"https:\/\/compuviper.mx\/tienda\/wp-json\/wp\/v2\/product"}],"about":[{"href":"https:\/\/compuviper.mx\/tienda\/wp-json\/wp\/v2\/types\/product"}],"replies":[{"embeddable":true,"href":"https:\/\/compuviper.mx\/tienda\/wp-json\/wp\/v2\/comments?post=264405"}],"wp:attachment":[{"href":"https:\/\/compuviper.mx\/tienda\/wp-json\/wp\/v2\/media?parent=264405"}],"wp:term":[{"taxonomy":"product_cat","embeddable":true,"href":"https:\/\/compuviper.mx\/tienda\/wp-json\/wp\/v2\/product_cat?post=264405"},{"taxonomy":"product_tag","embeddable":true,"href":"https:\/\/compuviper.mx\/tienda\/wp-json\/wp\/v2\/product_tag?post=264405"}],"curies":[{"name":"wp","href":"https:\/\/api.w.org\/{rel}","templated":true}]}}