{"id":264401,"date":"2026-04-14T02:24:06","date_gmt":"2026-04-14T08:24:06","guid":{"rendered":"https:\/\/compuviper.mx\/tienda\/producto\/pny-vcnrtx2000ada-pb1420724212728751492785882-tarjeta-de-video-nvidia-quadro-rtx2000ada-16gb-gddr6-4x-mdp-1-4-pcie-4-0-x8-gama-alta-diseo\/"},"modified":"2026-04-14T02:24:07","modified_gmt":"2026-04-14T08:24:07","slug":"pny-vcnrtx2000ada-pb1420724212728751492785882-tarjeta-de-video-nvidia-quadro-rtx2000ada-16gb-gddr6-4x-mdp-1-4-pcie-4-0-x8-gama-alta-diseo","status":"publish","type":"product","link":"https:\/\/compuviper.mx\/tienda\/producto\/pny-vcnrtx2000ada-pb1420724212728751492785882-tarjeta-de-video-nvidia-quadro-rtx2000ada-16gb-gddr6-4x-mdp-1-4-pcie-4-0-x8-gama-alta-diseo\/","title":{"rendered":"Pny Vcnrtx2000ada-pb,1420724212728,751492785882 Tarjeta De Video  Nvidia Quadro Rtx2000ada\/16gb\/gddr6\/4x Mdp 1.4\/pcie 4.0 X8\/gama Alta\/dise?o"},"content":{"rendered":"<table class=\"descripcion\">\n<tr>\n<td>Producto:  nvidia rtx\u0099 2000 generaci\u00f3n ada<\/td>\n<\/tr>\n<tr>\n<td>Arquitectura:  arquitectura de generaci\u00f3n ada de nvidia<\/td>\n<\/tr>\n<tr>\n<td>Tama\u00f1o del proceso:  proceso personalizado nvidia 4n<\/td>\n<\/tr>\n<tr>\n<td>Transistores:  19.900 millones<\/td>\n<\/tr>\n<tr>\n<td>Tama\u00f1o del troquel:  159 mm<\/td>\n<\/tr>\n<tr>\n<td>N\u00facleos cuda:  2816<\/td>\n<\/tr>\n<tr>\n<td>N\u00facleos tensores:  88<\/td>\n<\/tr>\n<tr>\n<td>N\u00facleos rt:  22<\/td>\n<\/tr>\n<tr>\n<td>Rendimiento de precisi\u00f3n \u00fanica1:  12 tflops<\/td>\n<\/tr>\n<tr>\n<td>Rendimiento del n\u00facleo rt1:  27,7 tflops<\/td>\n<\/tr>\n<tr>\n<td>Rendimiento del tensor1:  191,9 tflops2<\/td>\n<\/tr>\n<tr>\n<td>Memoria gpu:  16 gb gddr6 con ecc<\/td>\n<\/tr>\n<tr>\n<td>Interfaz de memoria:  128 bits<\/td>\n<\/tr>\n<tr>\n<td>Ancho de banda de memoria:  224 gb\/s<\/td>\n<\/tr>\n<tr>\n<td>Conectores de pantalla:  4x mini displayport 1.4a<\/td>\n<\/tr>\n<tr>\n<td>Nvenc | nvdec:  1x | 1x (+ codificaci\u00f3n y descodificaci\u00f3n av1)<\/td>\n<\/tr>\n<tr>\n<td>Interfaz del sistema:  pci express 4.0 x8<\/td>\n<\/tr>\n<tr>\n<td>Nvlink:  no se admite<\/td>\n<\/tr>\n<tr>\n<td>Factor de forma:  2,7 h x 6,6 l ranura doble<\/td>\n<\/tr>\n<tr>\n<td>Soluci\u00f3n t\u00e9rmica:  ventilador activo<\/td>\n<\/tr>\n<tr>\n<td>Consumo m\u00e1ximo:  70 w<\/td>\n<\/tr>\n<tr>\n<td>Resoluci\u00f3n digital m\u00e1xima:  7680 x 4320 x36 bpp a 60 hz<\/td>\n<\/tr>\n<\/table>\n","protected":false},"excerpt":{"rendered":"<p>Rendimiento para un sinf\u00edn de posibilidades. La ia generativa ha revolucionado los flujos de trabajo creativos y t\u00e9cnicos, inaugurando una nueva era de la inform\u00e1tica. Su impacto abarca sectores tan diversos como el procesamiento del lenguaje, la biolog\u00eda digital, la fabricaci\u00f3n o la rob\u00f3tica. Nvidia rtx\u0099 aprovecha la ia y el trazado de rayos para ofrecer niveles de realismo sin precedentes en los gr\u00e1ficos, mientras que dlss 3 introduce avances en los gr\u00e1ficos impulsados por ia. Adem\u00e1s, nvidia omniverse\u0099 enterprise tiende un puente entre el mundo f\u00edsico y el digital, posibilitando industrias definidas por software y fomentando la colaboraci\u00f3n entre equipos grandes y altamente cualificados.<\/p>\n","protected":false},"featured_media":264402,"comment_status":"open","ping_status":"open","template":"","meta":[],"product_cat":[1841,1842],"product_tag":[1849],"acf":[],"yoast_head":"<!-- This site is optimized with the Yoast SEO plugin v21.7 - https:\/\/yoast.com\/wordpress\/plugins\/seo\/ -->\n<title>[ Pny ] &#129351; Vcnrtx2000ada-pb,1420724212728,751492785882 Tarjeta De Video Nvidia Quadro Rtx2000ada\/16gb\/gddr6\/4x Mdp 1.4\/pcie 4.0 X8\/gama Alta\/dise\u00f1o<\/title>\n<meta name=\"description\" content=\"Compra Vcnrtx2000ada-pb,1420724212728,751492785882 Tarjeta De Video Nvidia Quadro Rtx2000ada\/16gb\/gddr6\/4x Mdp 1.4\/pcie 4.0 X8\/gama Alta\/dise\u00f1o + Env\u00edo a domicilio + Pago seguro + Garant\u00eda\" \/>\n<meta name=\"robots\" content=\"index, follow, max-snippet:-1, max-image-preview:large, max-video-preview:-1\" \/>\n<link rel=\"canonical\" href=\"https:\/\/compuviper.mx\/tienda\/producto\/pny-vcnrtx2000ada-pb1420724212728751492785882-tarjeta-de-video-nvidia-quadro-rtx2000ada-16gb-gddr6-4x-mdp-1-4-pcie-4-0-x8-gama-alta-diseo\/\" \/>\n<meta property=\"og:locale\" content=\"es_MX\" \/>\n<meta property=\"og:type\" content=\"article\" \/>\n<meta property=\"og:title\" content=\"[ Pny ] &#129351; Vcnrtx2000ada-pb,1420724212728,751492785882 Tarjeta De Video Nvidia Quadro Rtx2000ada\/16gb\/gddr6\/4x Mdp 1.4\/pcie 4.0 X8\/gama Alta\/dise\u00f1o\" \/>\n<meta property=\"og:description\" content=\"Compra Vcnrtx2000ada-pb,1420724212728,751492785882 Tarjeta De Video Nvidia Quadro Rtx2000ada\/16gb\/gddr6\/4x Mdp 1.4\/pcie 4.0 X8\/gama Alta\/dise\u00f1o + Env\u00edo a domicilio + Pago seguro + Garant\u00eda\" \/>\n<meta property=\"og:url\" content=\"https:\/\/compuviper.mx\/tienda\/producto\/pny-vcnrtx2000ada-pb1420724212728751492785882-tarjeta-de-video-nvidia-quadro-rtx2000ada-16gb-gddr6-4x-mdp-1-4-pcie-4-0-x8-gama-alta-diseo\/\" \/>\n<meta property=\"og:site_name\" content=\"Compuviper\" \/>\n<meta property=\"article:publisher\" content=\"https:\/\/www.facebook.com\/compuviper\" \/>\n<meta property=\"article:modified_time\" content=\"2026-04-14T08:24:07+00:00\" \/>\n<meta property=\"og:image\" content=\"https:\/\/compuviper.mx\/tienda\/wp-content\/uploads\/2025\/12\/Tarjeta-de-video-pny-nvidia-quadro-rtx2000ada16gbgddr64x-mdp-1.4pcie-4.0-x8gama-altadiseno.jpg\" \/>\n\t<meta property=\"og:image:width\" content=\"200\" \/>\n\t<meta property=\"og:image:height\" content=\"200\" \/>\n\t<meta property=\"og:image:type\" content=\"image\/jpeg\" \/>\n<meta name=\"twitter:card\" content=\"summary_large_image\" \/>\n<meta name=\"twitter:label1\" content=\"Precio\" \/>\n\t<meta name=\"twitter:data1\" content=\"&#36;12,960 con IVA\" \/>\n\t<meta name=\"twitter:label2\" content=\"Availability\" \/>\n\t<meta name=\"twitter:data2\" content=\"Out of stock\" \/>\n<script type=\"application\/ld+json\" class=\"yoast-schema-graph\">{\"@context\":\"https:\/\/schema.org\",\"@graph\":[{\"@type\":\"WebPage\",\"@id\":\"https:\/\/compuviper.mx\/tienda\/producto\/pny-vcnrtx2000ada-pb1420724212728751492785882-tarjeta-de-video-nvidia-quadro-rtx2000ada-16gb-gddr6-4x-mdp-1-4-pcie-4-0-x8-gama-alta-diseo\/\",\"url\":\"https:\/\/compuviper.mx\/tienda\/producto\/pny-vcnrtx2000ada-pb1420724212728751492785882-tarjeta-de-video-nvidia-quadro-rtx2000ada-16gb-gddr6-4x-mdp-1-4-pcie-4-0-x8-gama-alta-diseo\/\",\"name\":\"[ Pny ] &#129351; Vcnrtx2000ada-pb,1420724212728,751492785882 Tarjeta De Video Nvidia Quadro Rtx2000ada\/16gb\/gddr6\/4x Mdp 1.4\/pcie 4.0 X8\/gama Alta\/dise\u00f1o\",\"isPartOf\":{\"@id\":\"https:\/\/compuviper.mx\/tienda\/#website\"},\"datePublished\":\"2026-04-14T08:24:06+00:00\",\"dateModified\":\"2026-04-14T08:24:07+00:00\",\"description\":\"Compra Vcnrtx2000ada-pb,1420724212728,751492785882 Tarjeta De Video Nvidia Quadro Rtx2000ada\/16gb\/gddr6\/4x Mdp 1.4\/pcie 4.0 X8\/gama Alta\/dise\u00f1o + Env\u00edo a domicilio + Pago seguro + Garant\u00eda\",\"breadcrumb\":{\"@id\":\"https:\/\/compuviper.mx\/tienda\/producto\/pny-vcnrtx2000ada-pb1420724212728751492785882-tarjeta-de-video-nvidia-quadro-rtx2000ada-16gb-gddr6-4x-mdp-1-4-pcie-4-0-x8-gama-alta-diseo\/#breadcrumb\"},\"inLanguage\":\"es-MX\",\"potentialAction\":[{\"@type\":\"ReadAction\",\"target\":[\"https:\/\/compuviper.mx\/tienda\/producto\/pny-vcnrtx2000ada-pb1420724212728751492785882-tarjeta-de-video-nvidia-quadro-rtx2000ada-16gb-gddr6-4x-mdp-1-4-pcie-4-0-x8-gama-alta-diseo\/\"]}]},{\"@type\":\"BreadcrumbList\",\"@id\":\"https:\/\/compuviper.mx\/tienda\/producto\/pny-vcnrtx2000ada-pb1420724212728751492785882-tarjeta-de-video-nvidia-quadro-rtx2000ada-16gb-gddr6-4x-mdp-1-4-pcie-4-0-x8-gama-alta-diseo\/#breadcrumb\",\"itemListElement\":[{\"@type\":\"ListItem\",\"position\":1,\"name\":\"Inicio\",\"item\":\"https:\/\/compuviper.mx\/tienda\/\"},{\"@type\":\"ListItem\",\"position\":2,\"name\":\"Productos\",\"item\":\"https:\/\/compuviper.mx\/tienda\/productos\/\"},{\"@type\":\"ListItem\",\"position\":3,\"name\":\"Video\",\"item\":\"https:\/\/compuviper.mx\/tienda\/categoria-producto\/video\/\"},{\"@type\":\"ListItem\",\"position\":4,\"name\":\"Video\",\"item\":\"https:\/\/compuviper.mx\/tienda\/categoria-producto\/video\/video-video\/\"},{\"@type\":\"ListItem\",\"position\":5,\"name\":\"Pny Vcnrtx2000ada-pb,1420724212728,751492785882 Tarjeta De Video Nvidia Quadro Rtx2000ada\/16gb\/gddr6\/4x Mdp 1.4\/pcie 4.0 X8\/gama Alta\/dise?o\"}]},{\"@type\":\"WebSite\",\"@id\":\"https:\/\/compuviper.mx\/tienda\/#website\",\"url\":\"https:\/\/compuviper.mx\/tienda\/\",\"name\":\"Compuviper\",\"description\":\"Proveedor de Computadoras, Laptops, Servidores, Monitores, Puntos de Venta, Teclados,   Impresoras, T\u00f3ner, C\u00e1maras de Seguridad y m\u00e1s en tu tienda en l\u00ednea\",\"publisher\":{\"@id\":\"https:\/\/compuviper.mx\/tienda\/#organization\"},\"potentialAction\":[{\"@type\":\"SearchAction\",\"target\":{\"@type\":\"EntryPoint\",\"urlTemplate\":\"https:\/\/compuviper.mx\/tienda\/?s={search_term_string}\"},\"query-input\":\"required name=search_term_string\"}],\"inLanguage\":\"es-MX\"},{\"@type\":\"Organization\",\"@id\":\"https:\/\/compuviper.mx\/tienda\/#organization\",\"name\":\"Compuviper\",\"url\":\"https:\/\/compuviper.mx\/tienda\/\",\"logo\":{\"@type\":\"ImageObject\",\"inLanguage\":\"es-MX\",\"@id\":\"https:\/\/compuviper.mx\/tienda\/#\/schema\/logo\/image\/\",\"url\":\"https:\/\/compuviper.mx\/tienda\/wp-content\/uploads\/2021\/08\/Logo-Compuviper-10.png\",\"contentUrl\":\"https:\/\/compuviper.mx\/tienda\/wp-content\/uploads\/2021\/08\/Logo-Compuviper-10.png\",\"width\":1000,\"height\":500,\"caption\":\"Compuviper\"},\"image\":{\"@id\":\"https:\/\/compuviper.mx\/tienda\/#\/schema\/logo\/image\/\"},\"sameAs\":[\"https:\/\/www.facebook.com\/compuviper\",\"https:\/\/www.youtube.com\/channel\/UCf73dERp9Y3cfOq7q8BhLjA?view_as=subscriber\"]}]}<\/script>\n<meta property=\"product:brand\" content=\"PNY\" \/>\n<meta property=\"product:price:amount\" content=\"12960\" \/>\n<meta property=\"product:price:currency\" content=\"MXN\" \/>\n<meta property=\"og:availability\" content=\"out of stock\" \/>\n<meta property=\"product:availability\" content=\"out of stock\" \/>\n<meta property=\"product:retailer_item_id\" content=\"VCNRTX2000ADA-PB,1420724212728,751492785882\" \/>\n<meta property=\"product:condition\" content=\"new\" \/>\n<!-- \/ Yoast SEO plugin. -->","yoast_head_json":{"title":"[ Pny ] &#129351; Vcnrtx2000ada-pb,1420724212728,751492785882 Tarjeta De Video Nvidia Quadro Rtx2000ada\/16gb\/gddr6\/4x Mdp 1.4\/pcie 4.0 X8\/gama Alta\/dise\u00f1o","description":"Compra Vcnrtx2000ada-pb,1420724212728,751492785882 Tarjeta De Video Nvidia Quadro Rtx2000ada\/16gb\/gddr6\/4x Mdp 1.4\/pcie 4.0 X8\/gama Alta\/dise\u00f1o + Env\u00edo a domicilio + Pago seguro + Garant\u00eda","robots":{"index":"index","follow":"follow","max-snippet":"max-snippet:-1","max-image-preview":"max-image-preview:large","max-video-preview":"max-video-preview:-1"},"canonical":"https:\/\/compuviper.mx\/tienda\/producto\/pny-vcnrtx2000ada-pb1420724212728751492785882-tarjeta-de-video-nvidia-quadro-rtx2000ada-16gb-gddr6-4x-mdp-1-4-pcie-4-0-x8-gama-alta-diseo\/","og_locale":"es_MX","og_type":"article","og_title":"[ Pny ] &#129351; Vcnrtx2000ada-pb,1420724212728,751492785882 Tarjeta De Video Nvidia Quadro Rtx2000ada\/16gb\/gddr6\/4x Mdp 1.4\/pcie 4.0 X8\/gama Alta\/dise\u00f1o","og_description":"Compra Vcnrtx2000ada-pb,1420724212728,751492785882 Tarjeta De Video Nvidia Quadro Rtx2000ada\/16gb\/gddr6\/4x Mdp 1.4\/pcie 4.0 X8\/gama Alta\/dise\u00f1o + Env\u00edo a domicilio + Pago seguro + Garant\u00eda","og_url":"https:\/\/compuviper.mx\/tienda\/producto\/pny-vcnrtx2000ada-pb1420724212728751492785882-tarjeta-de-video-nvidia-quadro-rtx2000ada-16gb-gddr6-4x-mdp-1-4-pcie-4-0-x8-gama-alta-diseo\/","og_site_name":"Compuviper","article_publisher":"https:\/\/www.facebook.com\/compuviper","article_modified_time":"2026-04-14T08:24:07+00:00","og_image":[{"width":200,"height":200,"url":"https:\/\/compuviper.mx\/tienda\/wp-content\/uploads\/2025\/12\/Tarjeta-de-video-pny-nvidia-quadro-rtx2000ada16gbgddr64x-mdp-1.4pcie-4.0-x8gama-altadiseno.jpg","type":"image\/jpeg"}],"twitter_card":"summary_large_image","twitter_misc":{"Precio":"&#36;12,960 con IVA","Availability":"Out of stock"},"schema":{"@context":"https:\/\/schema.org","@graph":[{"@type":"WebPage","@id":"https:\/\/compuviper.mx\/tienda\/producto\/pny-vcnrtx2000ada-pb1420724212728751492785882-tarjeta-de-video-nvidia-quadro-rtx2000ada-16gb-gddr6-4x-mdp-1-4-pcie-4-0-x8-gama-alta-diseo\/","url":"https:\/\/compuviper.mx\/tienda\/producto\/pny-vcnrtx2000ada-pb1420724212728751492785882-tarjeta-de-video-nvidia-quadro-rtx2000ada-16gb-gddr6-4x-mdp-1-4-pcie-4-0-x8-gama-alta-diseo\/","name":"[ Pny ] &#129351; Vcnrtx2000ada-pb,1420724212728,751492785882 Tarjeta De Video Nvidia Quadro Rtx2000ada\/16gb\/gddr6\/4x Mdp 1.4\/pcie 4.0 X8\/gama Alta\/dise\u00f1o","isPartOf":{"@id":"https:\/\/compuviper.mx\/tienda\/#website"},"datePublished":"2026-04-14T08:24:06+00:00","dateModified":"2026-04-14T08:24:07+00:00","description":"Compra Vcnrtx2000ada-pb,1420724212728,751492785882 Tarjeta De Video Nvidia Quadro Rtx2000ada\/16gb\/gddr6\/4x Mdp 1.4\/pcie 4.0 X8\/gama Alta\/dise\u00f1o + Env\u00edo a domicilio + Pago seguro + Garant\u00eda","breadcrumb":{"@id":"https:\/\/compuviper.mx\/tienda\/producto\/pny-vcnrtx2000ada-pb1420724212728751492785882-tarjeta-de-video-nvidia-quadro-rtx2000ada-16gb-gddr6-4x-mdp-1-4-pcie-4-0-x8-gama-alta-diseo\/#breadcrumb"},"inLanguage":"es-MX","potentialAction":[{"@type":"ReadAction","target":["https:\/\/compuviper.mx\/tienda\/producto\/pny-vcnrtx2000ada-pb1420724212728751492785882-tarjeta-de-video-nvidia-quadro-rtx2000ada-16gb-gddr6-4x-mdp-1-4-pcie-4-0-x8-gama-alta-diseo\/"]}]},{"@type":"BreadcrumbList","@id":"https:\/\/compuviper.mx\/tienda\/producto\/pny-vcnrtx2000ada-pb1420724212728751492785882-tarjeta-de-video-nvidia-quadro-rtx2000ada-16gb-gddr6-4x-mdp-1-4-pcie-4-0-x8-gama-alta-diseo\/#breadcrumb","itemListElement":[{"@type":"ListItem","position":1,"name":"Inicio","item":"https:\/\/compuviper.mx\/tienda\/"},{"@type":"ListItem","position":2,"name":"Productos","item":"https:\/\/compuviper.mx\/tienda\/productos\/"},{"@type":"ListItem","position":3,"name":"Video","item":"https:\/\/compuviper.mx\/tienda\/categoria-producto\/video\/"},{"@type":"ListItem","position":4,"name":"Video","item":"https:\/\/compuviper.mx\/tienda\/categoria-producto\/video\/video-video\/"},{"@type":"ListItem","position":5,"name":"Pny Vcnrtx2000ada-pb,1420724212728,751492785882 Tarjeta De Video Nvidia Quadro Rtx2000ada\/16gb\/gddr6\/4x Mdp 1.4\/pcie 4.0 X8\/gama Alta\/dise?o"}]},{"@type":"WebSite","@id":"https:\/\/compuviper.mx\/tienda\/#website","url":"https:\/\/compuviper.mx\/tienda\/","name":"Compuviper","description":"Proveedor de Computadoras, Laptops, Servidores, Monitores, Puntos de Venta, Teclados,   Impresoras, T\u00f3ner, C\u00e1maras de Seguridad y m\u00e1s en tu tienda en l\u00ednea","publisher":{"@id":"https:\/\/compuviper.mx\/tienda\/#organization"},"potentialAction":[{"@type":"SearchAction","target":{"@type":"EntryPoint","urlTemplate":"https:\/\/compuviper.mx\/tienda\/?s={search_term_string}"},"query-input":"required name=search_term_string"}],"inLanguage":"es-MX"},{"@type":"Organization","@id":"https:\/\/compuviper.mx\/tienda\/#organization","name":"Compuviper","url":"https:\/\/compuviper.mx\/tienda\/","logo":{"@type":"ImageObject","inLanguage":"es-MX","@id":"https:\/\/compuviper.mx\/tienda\/#\/schema\/logo\/image\/","url":"https:\/\/compuviper.mx\/tienda\/wp-content\/uploads\/2021\/08\/Logo-Compuviper-10.png","contentUrl":"https:\/\/compuviper.mx\/tienda\/wp-content\/uploads\/2021\/08\/Logo-Compuviper-10.png","width":1000,"height":500,"caption":"Compuviper"},"image":{"@id":"https:\/\/compuviper.mx\/tienda\/#\/schema\/logo\/image\/"},"sameAs":["https:\/\/www.facebook.com\/compuviper","https:\/\/www.youtube.com\/channel\/UCf73dERp9Y3cfOq7q8BhLjA?view_as=subscriber"]}]},"product_brand":"PNY","product_price_amount":"12960","product_price_currency":"MXN","og_availability":"out of stock","product_availability":"out of stock","product_retailer_item_id":"VCNRTX2000ADA-PB,1420724212728,751492785882","product_condition":"new"},"_links":{"self":[{"href":"https:\/\/compuviper.mx\/tienda\/wp-json\/wp\/v2\/product\/264401"}],"collection":[{"href":"https:\/\/compuviper.mx\/tienda\/wp-json\/wp\/v2\/product"}],"about":[{"href":"https:\/\/compuviper.mx\/tienda\/wp-json\/wp\/v2\/types\/product"}],"replies":[{"embeddable":true,"href":"https:\/\/compuviper.mx\/tienda\/wp-json\/wp\/v2\/comments?post=264401"}],"wp:featuredmedia":[{"embeddable":true,"href":"https:\/\/compuviper.mx\/tienda\/wp-json\/wp\/v2\/media\/264402"}],"wp:attachment":[{"href":"https:\/\/compuviper.mx\/tienda\/wp-json\/wp\/v2\/media?parent=264401"}],"wp:term":[{"taxonomy":"product_cat","embeddable":true,"href":"https:\/\/compuviper.mx\/tienda\/wp-json\/wp\/v2\/product_cat?post=264401"},{"taxonomy":"product_tag","embeddable":true,"href":"https:\/\/compuviper.mx\/tienda\/wp-json\/wp\/v2\/product_tag?post=264401"}],"curies":[{"name":"wp","href":"https:\/\/api.w.org\/{rel}","templated":true}]}}