{"id":264354,"date":"2026-04-28T02:17:27","date_gmt":"2026-04-28T08:17:27","guid":{"rendered":"https:\/\/compuviper.mx\/tienda\/producto\/zk-teco-zkbtppre-zkteco-software-de-gestin-centralizada-de-asistencia-biotimepro-licencia-premium-50-dispositivos-y-6000-empleados\/"},"modified":"2026-04-28T02:17:27","modified_gmt":"2026-04-28T08:17:27","slug":"zk-teco-zkbtppre-zkteco-software-de-gestin-centralizada-de-asistencia-biotimepro-licencia-premium-50-dispositivos-y-6000-empleados","status":"publish","type":"product","link":"https:\/\/compuviper.mx\/tienda\/producto\/zk-teco-zkbtppre-zkteco-software-de-gestin-centralizada-de-asistencia-biotimepro-licencia-premium-50-dispositivos-y-6000-empleados\/","title":{"rendered":"Zk Teco Zkbtppre Zkteco \/ Software De Gesti?n Centralizada De Asistencia Biotimepro Licencia Premium 50 Dispositivos Y 6000 Empleados"},"content":{"rendered":"<table class=\"descripcion\">\n<tr>\n<td>Centraliza datos de mltiples sucursales en la nube<\/td>\n<\/tr>\n<tr>\n<td>Actualizacin de datos en tiempo real con zkteco<\/td>\n<\/tr>\n<tr>\n<td>Registro de asistencia mvil con ubicacin gps<\/td>\n<\/tr>\n<tr>\n<td>Nterfaz amigable con gestin avanzada de horarios<\/td>\n<\/tr>\n<tr>\n<td>Mdulo deteccin temperatura y cubrebocas en 1.0.6<\/td>\n<\/tr>\n<tr>\n<td>Novedades biotime pro 1.0.6<\/td>\n<\/tr>\n<tr>\n<td>\u0095 mdulo de deteccin de temperatura y cubrebocas<\/td>\n<\/tr>\n<tr>\n<td>\u0095 mayor flexibilidad de horarios y turnos 24 horas, 24&#215;24, 24&#215;48, etc<\/td>\n<\/tr>\n<tr>\n<td>\u0095 funcin de aprobacin de tiempo extra<\/td>\n<\/tr>\n<tr>\n<td>\u0095 sistema de vacaciones anuales por antigedad laboral<\/td>\n<\/tr>\n<tr>\n<td>\u0095 reportes con firma de conformidad de empleados<\/td>\n<\/tr>\n<tr>\n<td>\u0095 funcin de geo-cerca con app zkbiotime<\/td>\n<\/tr>\n<tr>\n<td>\u0095 mdulo de control de acceso bsico remoto consulte terminales compatibles<\/td>\n<\/tr>\n<tr>\n<td>\u0095 compatible con nueva generacin de terminales de reconocimiento facial visible light<\/td>\n<\/tr>\n<tr>\n<td>\u0095 carga de documentos de empleados<\/td>\n<\/tr>\n<tr>\n<td>\u0095 alertas en tiempo real por fb messenger<\/td>\n<\/tr>\n<tr>\n<td>\u0095 sistema multi-empresarial para integradores de sistemas<\/td>\n<\/tr>\n<tr>\n<td>Especificaciones de software<\/td>\n<\/tr>\n<tr>\n<td>Arquitectura del sistemaservidor \/ navegador web<\/td>\n<\/tr>\n<tr>\n<td>Dispositivos compatiblesterminales zkteco con funcin adms<\/td>\n<\/tr>\n<tr>\n<td>Capacidad de dispositivos300 en un mismo servidor<\/td>\n<\/tr>\n<tr>\n<td>Base de datospostgresql default, ms sql server 2005\/2008\/2012\/2014\/2016 recomendado, mysql5.0.54, oracle10g\/11g\/12c<\/td>\n<\/tr>\n<tr>\n<td>Sistema operativo compatiblewindows 7\/8\/8.1\/10 \/ server 2003\/2008\/2008 r2\/2012\/2012 r2\/2014\/2016 64-bits<\/td>\n<\/tr>\n<tr>\n<td>Navegadores sugeridoschrome 33, ie 11, firefox 27<\/td>\n<\/tr>\n<tr>\n<td>Consulte compatibilidad de firmware<\/td>\n<\/tr>\n<tr>\n<td>Para conectar ms dispositivos, se requiere configuracin multi-servidor.<\/td>\n<\/tr>\n<tr>\n<td>Requisitos de hardware<\/td>\n<\/tr>\n<tr>\n<td>Dispositivos                                      100                                                                       200                                                               300<\/td>\n<\/tr>\n<tr>\n<td>Procesador                               intel, 4 ncleos @ 3.4 ghz                          intel, 6 ncleos @ 3.4 ghzintel,                      8 ncleos @ 3.4 ghz<\/td>\n<\/tr>\n<tr>\n<td>Ram                                       4-8 gb8-16 gb16-32 gb<\/td>\n<\/tr>\n<tr>\n<td>Almacenamiento                        mnimo 100gb de espacio libre. particin ntfs. ssd recomendado<\/td>\n<\/tr>\n<tr>\n<td>Notas:<\/td>\n<\/tr>\n<tr>\n<td>Las licencias son vitalicias.<\/td>\n<\/tr>\n<tr>\n<td>No son transferibles entre computadoras.<\/td>\n<\/tr>\n<\/table>\n","protected":false},"excerpt":{"rendered":"<p>Biotime pro es una poderosa plataforma de gestin de asistencia basada en web que permite centralizar los datos de todo su. Personal de mltiples sucursales en un solo lugar. Sincronice automticamente sus relojes checadores zkteco en un ambiente de nube privada, actualizando los datos en tiempo. Real. Permita a sus empleados mviles registrar su asistencia con ubicacin gps mediante la app zkbiotime. Mltiples administradores podrn acceder al software a desde cualquier navegador web, permitiendo gestionar hasta cientos. De dispositivos y miles de usuarios de forma remota y eficiente. Biotime pro presenta una interfaz amigable con avanzadas funciones de gestin de horarios, turnos, permisos, vacaciones. Incidencias y generacin de una amplia variedad de reportes de asistencia, brindando una solucin profesional a empresas de. Todos los sectores<\/p>\n","protected":false},"featured_media":0,"comment_status":"open","ping_status":"open","template":"","meta":[],"product_cat":[1827,2001],"product_tag":[1565],"acf":[],"yoast_head":"<!-- This site is optimized with the Yoast SEO plugin v21.7 - https:\/\/yoast.com\/wordpress\/plugins\/seo\/ -->\n<title>[ Zk Teco ] &#129351; Zkbtppre Zkteco \/ Software De Gesti\u00f3n Centralizada De Asistencia Biotimepro Licencia Premium 50 Dispositivos Y 6000 Empleados<\/title>\n<meta name=\"description\" content=\"Compra Zkbtppre Zkteco \/ Software De Gesti\u00f3n Centralizada De Asistencia Biotimepro Licencia Premium 50 Dispositivos Y 6000 Empleados + Env\u00edo a domicilio + Pago seguro + Garant\u00eda\" \/>\n<meta name=\"robots\" content=\"index, follow, max-snippet:-1, max-image-preview:large, max-video-preview:-1\" \/>\n<link rel=\"canonical\" href=\"https:\/\/compuviper.mx\/tienda\/producto\/zk-teco-zkbtppre-zkteco-software-de-gestin-centralizada-de-asistencia-biotimepro-licencia-premium-50-dispositivos-y-6000-empleados\/\" \/>\n<meta property=\"og:locale\" content=\"es_MX\" \/>\n<meta property=\"og:type\" content=\"article\" \/>\n<meta property=\"og:title\" content=\"[ Zk Teco ] &#129351; Zkbtppre Zkteco \/ Software De Gesti\u00f3n Centralizada De Asistencia Biotimepro Licencia Premium 50 Dispositivos Y 6000 Empleados\" \/>\n<meta property=\"og:description\" content=\"Compra Zkbtppre Zkteco \/ Software De Gesti\u00f3n Centralizada De Asistencia Biotimepro Licencia Premium 50 Dispositivos Y 6000 Empleados + Env\u00edo a domicilio + Pago seguro + Garant\u00eda\" \/>\n<meta property=\"og:url\" content=\"https:\/\/compuviper.mx\/tienda\/producto\/zk-teco-zkbtppre-zkteco-software-de-gestin-centralizada-de-asistencia-biotimepro-licencia-premium-50-dispositivos-y-6000-empleados\/\" \/>\n<meta property=\"og:site_name\" content=\"Compuviper\" \/>\n<meta property=\"article:publisher\" content=\"https:\/\/www.facebook.com\/compuviper\" \/>\n<meta name=\"twitter:card\" content=\"summary_large_image\" \/>\n<meta name=\"twitter:label1\" content=\"Precio\" \/>\n\t<meta name=\"twitter:data1\" content=\"&#36;34,849 con IVA\" \/>\n\t<meta name=\"twitter:label2\" content=\"Availability\" \/>\n\t<meta name=\"twitter:data2\" content=\"On backorder\" \/>\n<script type=\"application\/ld+json\" class=\"yoast-schema-graph\">{\"@context\":\"https:\/\/schema.org\",\"@graph\":[{\"@type\":\"WebPage\",\"@id\":\"https:\/\/compuviper.mx\/tienda\/producto\/zk-teco-zkbtppre-zkteco-software-de-gestin-centralizada-de-asistencia-biotimepro-licencia-premium-50-dispositivos-y-6000-empleados\/\",\"url\":\"https:\/\/compuviper.mx\/tienda\/producto\/zk-teco-zkbtppre-zkteco-software-de-gestin-centralizada-de-asistencia-biotimepro-licencia-premium-50-dispositivos-y-6000-empleados\/\",\"name\":\"[ Zk Teco ] &#129351; Zkbtppre Zkteco \/ Software De Gesti\u00f3n Centralizada De Asistencia Biotimepro Licencia Premium 50 Dispositivos Y 6000 Empleados\",\"isPartOf\":{\"@id\":\"https:\/\/compuviper.mx\/tienda\/#website\"},\"datePublished\":\"2026-04-28T08:17:27+00:00\",\"dateModified\":\"2026-04-28T08:17:27+00:00\",\"description\":\"Compra Zkbtppre Zkteco \/ Software De Gesti\u00f3n Centralizada De Asistencia Biotimepro Licencia Premium 50 Dispositivos Y 6000 Empleados + Env\u00edo a domicilio + Pago seguro + Garant\u00eda\",\"breadcrumb\":{\"@id\":\"https:\/\/compuviper.mx\/tienda\/producto\/zk-teco-zkbtppre-zkteco-software-de-gestin-centralizada-de-asistencia-biotimepro-licencia-premium-50-dispositivos-y-6000-empleados\/#breadcrumb\"},\"inLanguage\":\"es-MX\",\"potentialAction\":[{\"@type\":\"ReadAction\",\"target\":[\"https:\/\/compuviper.mx\/tienda\/producto\/zk-teco-zkbtppre-zkteco-software-de-gestin-centralizada-de-asistencia-biotimepro-licencia-premium-50-dispositivos-y-6000-empleados\/\"]}]},{\"@type\":\"BreadcrumbList\",\"@id\":\"https:\/\/compuviper.mx\/tienda\/producto\/zk-teco-zkbtppre-zkteco-software-de-gestin-centralizada-de-asistencia-biotimepro-licencia-premium-50-dispositivos-y-6000-empleados\/#breadcrumb\",\"itemListElement\":[{\"@type\":\"ListItem\",\"position\":1,\"name\":\"Inicio\",\"item\":\"https:\/\/compuviper.mx\/tienda\/\"},{\"@type\":\"ListItem\",\"position\":2,\"name\":\"Productos\",\"item\":\"https:\/\/compuviper.mx\/tienda\/productos\/\"},{\"@type\":\"ListItem\",\"position\":3,\"name\":\"Software\",\"item\":\"https:\/\/compuviper.mx\/tienda\/categoria-producto\/software\/\"},{\"@type\":\"ListItem\",\"position\":4,\"name\":\"Licenciamiento Electronico\",\"item\":\"https:\/\/compuviper.mx\/tienda\/categoria-producto\/software\/licenciamiento-electronico\/\"},{\"@type\":\"ListItem\",\"position\":5,\"name\":\"Zk Teco Zkbtppre Zkteco \/ Software De Gesti?n Centralizada De Asistencia Biotimepro Licencia Premium 50 Dispositivos Y 6000 Empleados\"}]},{\"@type\":\"WebSite\",\"@id\":\"https:\/\/compuviper.mx\/tienda\/#website\",\"url\":\"https:\/\/compuviper.mx\/tienda\/\",\"name\":\"Compuviper\",\"description\":\"Proveedor de Computadoras, Laptops, Servidores, Monitores, Puntos de Venta, Teclados,   Impresoras, T\u00f3ner, C\u00e1maras de Seguridad y m\u00e1s en tu tienda en l\u00ednea\",\"publisher\":{\"@id\":\"https:\/\/compuviper.mx\/tienda\/#organization\"},\"potentialAction\":[{\"@type\":\"SearchAction\",\"target\":{\"@type\":\"EntryPoint\",\"urlTemplate\":\"https:\/\/compuviper.mx\/tienda\/?s={search_term_string}\"},\"query-input\":\"required name=search_term_string\"}],\"inLanguage\":\"es-MX\"},{\"@type\":\"Organization\",\"@id\":\"https:\/\/compuviper.mx\/tienda\/#organization\",\"name\":\"Compuviper\",\"url\":\"https:\/\/compuviper.mx\/tienda\/\",\"logo\":{\"@type\":\"ImageObject\",\"inLanguage\":\"es-MX\",\"@id\":\"https:\/\/compuviper.mx\/tienda\/#\/schema\/logo\/image\/\",\"url\":\"https:\/\/compuviper.mx\/tienda\/wp-content\/uploads\/2021\/08\/Logo-Compuviper-10.png\",\"contentUrl\":\"https:\/\/compuviper.mx\/tienda\/wp-content\/uploads\/2021\/08\/Logo-Compuviper-10.png\",\"width\":1000,\"height\":500,\"caption\":\"Compuviper\"},\"image\":{\"@id\":\"https:\/\/compuviper.mx\/tienda\/#\/schema\/logo\/image\/\"},\"sameAs\":[\"https:\/\/www.facebook.com\/compuviper\",\"https:\/\/www.youtube.com\/channel\/UCf73dERp9Y3cfOq7q8BhLjA?view_as=subscriber\"]}]}<\/script>\n<meta property=\"product:brand\" content=\"ZK TECO\" \/>\n<meta property=\"product:price:amount\" content=\"34849\" \/>\n<meta property=\"product:price:currency\" content=\"MXN\" \/>\n<meta property=\"og:availability\" content=\"backorder\" \/>\n<meta property=\"product:availability\" content=\"available for order\" \/>\n<meta property=\"product:retailer_item_id\" content=\"ZKBTPPRE\" \/>\n<meta property=\"product:condition\" content=\"new\" \/>\n<!-- \/ Yoast SEO plugin. -->","yoast_head_json":{"title":"[ Zk Teco ] &#129351; Zkbtppre Zkteco \/ Software De Gesti\u00f3n Centralizada De Asistencia Biotimepro Licencia Premium 50 Dispositivos Y 6000 Empleados","description":"Compra Zkbtppre Zkteco \/ Software De Gesti\u00f3n Centralizada De Asistencia Biotimepro Licencia Premium 50 Dispositivos Y 6000 Empleados + Env\u00edo a domicilio + Pago seguro + Garant\u00eda","robots":{"index":"index","follow":"follow","max-snippet":"max-snippet:-1","max-image-preview":"max-image-preview:large","max-video-preview":"max-video-preview:-1"},"canonical":"https:\/\/compuviper.mx\/tienda\/producto\/zk-teco-zkbtppre-zkteco-software-de-gestin-centralizada-de-asistencia-biotimepro-licencia-premium-50-dispositivos-y-6000-empleados\/","og_locale":"es_MX","og_type":"article","og_title":"[ Zk Teco ] &#129351; Zkbtppre Zkteco \/ Software De Gesti\u00f3n Centralizada De Asistencia Biotimepro Licencia Premium 50 Dispositivos Y 6000 Empleados","og_description":"Compra Zkbtppre Zkteco \/ Software De Gesti\u00f3n Centralizada De Asistencia Biotimepro Licencia Premium 50 Dispositivos Y 6000 Empleados + Env\u00edo a domicilio + Pago seguro + Garant\u00eda","og_url":"https:\/\/compuviper.mx\/tienda\/producto\/zk-teco-zkbtppre-zkteco-software-de-gestin-centralizada-de-asistencia-biotimepro-licencia-premium-50-dispositivos-y-6000-empleados\/","og_site_name":"Compuviper","article_publisher":"https:\/\/www.facebook.com\/compuviper","twitter_card":"summary_large_image","twitter_misc":{"Precio":"&#36;34,849 con IVA","Availability":"On backorder"},"schema":{"@context":"https:\/\/schema.org","@graph":[{"@type":"WebPage","@id":"https:\/\/compuviper.mx\/tienda\/producto\/zk-teco-zkbtppre-zkteco-software-de-gestin-centralizada-de-asistencia-biotimepro-licencia-premium-50-dispositivos-y-6000-empleados\/","url":"https:\/\/compuviper.mx\/tienda\/producto\/zk-teco-zkbtppre-zkteco-software-de-gestin-centralizada-de-asistencia-biotimepro-licencia-premium-50-dispositivos-y-6000-empleados\/","name":"[ Zk Teco ] &#129351; Zkbtppre Zkteco \/ Software De Gesti\u00f3n Centralizada De Asistencia Biotimepro Licencia Premium 50 Dispositivos Y 6000 Empleados","isPartOf":{"@id":"https:\/\/compuviper.mx\/tienda\/#website"},"datePublished":"2026-04-28T08:17:27+00:00","dateModified":"2026-04-28T08:17:27+00:00","description":"Compra Zkbtppre Zkteco \/ Software De Gesti\u00f3n Centralizada De Asistencia Biotimepro Licencia Premium 50 Dispositivos Y 6000 Empleados + Env\u00edo a domicilio + Pago seguro + Garant\u00eda","breadcrumb":{"@id":"https:\/\/compuviper.mx\/tienda\/producto\/zk-teco-zkbtppre-zkteco-software-de-gestin-centralizada-de-asistencia-biotimepro-licencia-premium-50-dispositivos-y-6000-empleados\/#breadcrumb"},"inLanguage":"es-MX","potentialAction":[{"@type":"ReadAction","target":["https:\/\/compuviper.mx\/tienda\/producto\/zk-teco-zkbtppre-zkteco-software-de-gestin-centralizada-de-asistencia-biotimepro-licencia-premium-50-dispositivos-y-6000-empleados\/"]}]},{"@type":"BreadcrumbList","@id":"https:\/\/compuviper.mx\/tienda\/producto\/zk-teco-zkbtppre-zkteco-software-de-gestin-centralizada-de-asistencia-biotimepro-licencia-premium-50-dispositivos-y-6000-empleados\/#breadcrumb","itemListElement":[{"@type":"ListItem","position":1,"name":"Inicio","item":"https:\/\/compuviper.mx\/tienda\/"},{"@type":"ListItem","position":2,"name":"Productos","item":"https:\/\/compuviper.mx\/tienda\/productos\/"},{"@type":"ListItem","position":3,"name":"Software","item":"https:\/\/compuviper.mx\/tienda\/categoria-producto\/software\/"},{"@type":"ListItem","position":4,"name":"Licenciamiento Electronico","item":"https:\/\/compuviper.mx\/tienda\/categoria-producto\/software\/licenciamiento-electronico\/"},{"@type":"ListItem","position":5,"name":"Zk Teco Zkbtppre Zkteco \/ Software De Gesti?n Centralizada De Asistencia Biotimepro Licencia Premium 50 Dispositivos Y 6000 Empleados"}]},{"@type":"WebSite","@id":"https:\/\/compuviper.mx\/tienda\/#website","url":"https:\/\/compuviper.mx\/tienda\/","name":"Compuviper","description":"Proveedor de Computadoras, Laptops, Servidores, Monitores, Puntos de Venta, Teclados,   Impresoras, T\u00f3ner, C\u00e1maras de Seguridad y m\u00e1s en tu tienda en l\u00ednea","publisher":{"@id":"https:\/\/compuviper.mx\/tienda\/#organization"},"potentialAction":[{"@type":"SearchAction","target":{"@type":"EntryPoint","urlTemplate":"https:\/\/compuviper.mx\/tienda\/?s={search_term_string}"},"query-input":"required name=search_term_string"}],"inLanguage":"es-MX"},{"@type":"Organization","@id":"https:\/\/compuviper.mx\/tienda\/#organization","name":"Compuviper","url":"https:\/\/compuviper.mx\/tienda\/","logo":{"@type":"ImageObject","inLanguage":"es-MX","@id":"https:\/\/compuviper.mx\/tienda\/#\/schema\/logo\/image\/","url":"https:\/\/compuviper.mx\/tienda\/wp-content\/uploads\/2021\/08\/Logo-Compuviper-10.png","contentUrl":"https:\/\/compuviper.mx\/tienda\/wp-content\/uploads\/2021\/08\/Logo-Compuviper-10.png","width":1000,"height":500,"caption":"Compuviper"},"image":{"@id":"https:\/\/compuviper.mx\/tienda\/#\/schema\/logo\/image\/"},"sameAs":["https:\/\/www.facebook.com\/compuviper","https:\/\/www.youtube.com\/channel\/UCf73dERp9Y3cfOq7q8BhLjA?view_as=subscriber"]}]},"product_brand":"ZK TECO","product_price_amount":"34849","product_price_currency":"MXN","og_availability":"backorder","product_availability":"available for order","product_retailer_item_id":"ZKBTPPRE","product_condition":"new"},"_links":{"self":[{"href":"https:\/\/compuviper.mx\/tienda\/wp-json\/wp\/v2\/product\/264354"}],"collection":[{"href":"https:\/\/compuviper.mx\/tienda\/wp-json\/wp\/v2\/product"}],"about":[{"href":"https:\/\/compuviper.mx\/tienda\/wp-json\/wp\/v2\/types\/product"}],"replies":[{"embeddable":true,"href":"https:\/\/compuviper.mx\/tienda\/wp-json\/wp\/v2\/comments?post=264354"}],"wp:attachment":[{"href":"https:\/\/compuviper.mx\/tienda\/wp-json\/wp\/v2\/media?parent=264354"}],"wp:term":[{"taxonomy":"product_cat","embeddable":true,"href":"https:\/\/compuviper.mx\/tienda\/wp-json\/wp\/v2\/product_cat?post=264354"},{"taxonomy":"product_tag","embeddable":true,"href":"https:\/\/compuviper.mx\/tienda\/wp-json\/wp\/v2\/product_tag?post=264354"}],"curies":[{"name":"wp","href":"https:\/\/api.w.org\/{rel}","templated":true}]}}