{"id":264309,"date":"2026-04-14T00:38:59","date_gmt":"2026-04-14T06:38:59","guid":{"rendered":"https:\/\/compuviper.mx\/tienda\/producto\/synology-hat5320-24t-disco-duro-interno-enterprise-3-5-24tb-sata3-6gb-s-7200rpm-1-gb-cache-hot-plug-solo-para-equipos-seleccionados\/"},"modified":"2026-04-14T00:38:59","modified_gmt":"2026-04-14T06:38:59","slug":"synology-hat5320-24t-disco-duro-interno-enterprise-3-5-24tb-sata3-6gb-s-7200rpm-1-gb-cache-hot-plug-solo-para-equipos-seleccionados","status":"publish","type":"product","link":"https:\/\/compuviper.mx\/tienda\/producto\/synology-hat5320-24t-disco-duro-interno-enterprise-3-5-24tb-sata3-6gb-s-7200rpm-1-gb-cache-hot-plug-solo-para-equipos-seleccionados\/","title":{"rendered":"Synology Hat5320-24t Disco Duro Interno  Enterprise 3.5 24tb Sata3 6gb\/s 7200rpm 1 Gb (cache) Hot-plug Solo Para Equipos  Seleccionados"},"content":{"rendered":"<table class=\"descripcion\">\n<tr>\n<td>Descripcion corta<\/td>\n<\/tr>\n<tr>\n<td>Especificaciones de hardware<\/td>\n<\/tr>\n<tr>\n<td>Capacidad 24 tb<\/td>\n<\/tr>\n<tr>\n<td>Numero de modelo hat5320-24t<\/td>\n<\/tr>\n<tr>\n<td>Factor de forma:     3,5<\/td>\n<\/tr>\n<tr>\n<td>Interfaz sata<\/td>\n<\/tr>\n<tr>\n<td>Tamao del sector:      512e<\/td>\n<\/tr>\n<tr>\n<td>Diseno de la unidad sellado con helio<\/td>\n<\/tr>\n<tr>\n<td>Rendimiento<\/td>\n<\/tr>\n<tr>\n<td>Velocidad de rotacion 7200 rpm<\/td>\n<\/tr>\n<tr>\n<td>Velocidad de interfaz 6,0 gb\/s, 3,0 gb\/s, 1,5 gb\/s<\/td>\n<\/tr>\n<tr>\n<td>Cache mb 1 gb<\/td>\n<\/tr>\n<tr>\n<td>Velocidad m\u00e1xima de transferencia de datos sostenida. 309 mb\/s<\/td>\n<\/tr>\n<tr>\n<td>Fiabilidad<\/td>\n<\/tr>\n<tr>\n<td>Tiempo medio entre fallos 2 500 000 horas<\/td>\n<\/tr>\n<tr>\n<td>Clasificacin de carga de trabajo 550 tb\/ao de escritura\/lectura de datos<\/td>\n<\/tr>\n<tr>\n<td>Consumo electrico<\/td>\n<\/tr>\n<tr>\n<td>Tension de alimentacin 12 v \u00b110 \/5 v 10\/-7<\/td>\n<\/tr>\n<tr>\n<td>Consumo medio en reposo 4,35 w<\/td>\n<\/tr>\n<tr>\n<td>Consumo medio en funcionamiento 8,11 w<\/td>\n<\/tr>\n<tr>\n<td>Medioambiental<\/td>\n<\/tr>\n<tr>\n<td>Temperatura<\/td>\n<\/tr>\n<tr>\n<td>En funcionamiento de 5 \u00b0c a 60 \u00b0c sin condensacin<\/td>\n<\/tr>\n<tr>\n<td>No en funcionamiento de -40 \u00b0c a 70 \u00b0c sin condensacin<\/td>\n<\/tr>\n<tr>\n<td>Impacto<\/td>\n<\/tr>\n<tr>\n<td>En funcionamiento 490 m\/s2 duracin de 2 ms<\/td>\n<\/tr>\n<tr>\n<td>No en funcionamiento1960 m\/s2 duracin de 2 ms<\/td>\n<\/tr>\n<tr>\n<td>Vibracion<\/td>\n<\/tr>\n<tr>\n<td>Enfuncionamiento<\/td>\n<\/tr>\n<tr>\n<td>De 5 hz a 300 hz: 7,35 m\/s\u00b2<\/td>\n<\/tr>\n<tr>\n<td>300 hz a 500 hz: 2,45 m\/s\u00b2<\/td>\n<\/tr>\n<tr>\n<td>No en funcionamiento<\/td>\n<\/tr>\n<tr>\n<td>De 5 hz a 500 hz: 29,4 m\/s\u00b2<\/td>\n<\/tr>\n<tr>\n<td>Altitud<\/td>\n<\/tr>\n<tr>\n<td>En funcionamiento de -304,8 m a 3.048 m<\/td>\n<\/tr>\n<tr>\n<td>No en funcionamiento de -304,8 m a 12 192 m<\/td>\n<\/tr>\n<tr>\n<td>Humedad relativa<\/td>\n<\/tr>\n<tr>\n<td>En funcionamiento de 5 a 90 de humedad relativa sin condensacin<\/td>\n<\/tr>\n<tr>\n<td>No en funcionamiento de 5 a 95 de humedad relativa sin condensacin<\/td>\n<\/tr>\n<tr>\n<td>Otros<\/td>\n<\/tr>\n<tr>\n<td>Tamao al. x an. x pr.<\/td>\n<\/tr>\n<tr>\n<td>26,1 mm x 101,85 mm x 147 mm<\/td>\n<\/tr>\n<tr>\n<td>Peso 730 g<\/td>\n<\/tr>\n<tr>\n<td>Certificacin ce, rcm, bsmi, kc, eac, ul, tuv, ices, ukca, rohs, morocco mark<\/td>\n<\/tr>\n<\/table>\n","protected":false},"excerpt":{"rendered":"<p>Descripcion comercial. Las hdd de la serie hat5300 de synology estn disenadas para cargas de trabajo exigentes de gran volumen y ofrecen hasta. Un 35 % mas de rendimiento de lectura secuencial multicliente en comparaci\u00f3n con las unidades de terceros. Disenadas para ofrecer una fiabilidad inquebrantable, estas unidades basadas en cmr han superado mas de 500 000 horas de validacion rigurosa. Modelos compatibles.  Sa series:sa6400, sa3610, sa3600, sa3410, sa3400.  25 series:rs2825rp+, ds1825+, ds1525+, ds925+, ds725+, ds425+, ds225.  24 series:ds224+, ds124.  23 series:rs2423rp+, rs2423+, ds1823xs+, ds923+, ds723+, ds423+, ds423, ds223, ds223j.  22 series:rs822rp+, rs822+, rs422+, ds3622xs+, ds2422+, ds1522+, dva1622.  21 series:rs4021xs+, rs3621xs+, rs3621rpxs, rs2821rp+, rs2421rp+, rs2421+, rs1221rp+, rs1221+, ds1821+, ds1621xs+, ds1621+, dva3221.  20 series:rs820rp+, rs820+, ds1520+, ds920+, ds720+, ds420+, ds220.  19 series:rs1619xs+, ds2419+ii, ds2419+, ds1819+, dva3219.  18 series:rs3618xs, rs2818rp+, rs2418rp+, rs2418+, ds3018xs, ds1618.  17 series:rs18017xs+, rs4017xs+, rs3617xs+, rs3617rpxs, ds3617xsii, ds3617xs<\/p>\n","protected":false},"featured_media":0,"comment_status":"open","ping_status":"open","template":"","meta":[],"product_cat":[1703,1706],"product_tag":[1561],"acf":[],"yoast_head":"<!-- This site is optimized with the Yoast SEO plugin v21.7 - https:\/\/yoast.com\/wordpress\/plugins\/seo\/ -->\n<title>[ Synology ] &#129351; Hat5320-24t Disco Duro Interno Enterprise 3.5 24tb Sata3 6gb\/s 7200rpm 1 Gb (cache) Hot-plug Solo Para Equipos Seleccionados<\/title>\n<meta name=\"description\" content=\"Compra Hat5320-24t Disco Duro Interno Enterprise 3.5 24tb Sata3 6gb\/s 7200rpm 1 Gb (cache) Hot-plug Solo Para Equipos Seleccionados + Env\u00edo a domicilio + Pago seguro + Garant\u00eda\" \/>\n<meta name=\"robots\" content=\"index, follow, max-snippet:-1, max-image-preview:large, max-video-preview:-1\" \/>\n<link rel=\"canonical\" href=\"https:\/\/compuviper.mx\/tienda\/producto\/synology-hat5320-24t-disco-duro-interno-enterprise-3-5-24tb-sata3-6gb-s-7200rpm-1-gb-cache-hot-plug-solo-para-equipos-seleccionados\/\" \/>\n<meta property=\"og:locale\" content=\"es_MX\" \/>\n<meta property=\"og:type\" content=\"article\" \/>\n<meta property=\"og:title\" content=\"[ Synology ] &#129351; Hat5320-24t Disco Duro Interno Enterprise 3.5 24tb Sata3 6gb\/s 7200rpm 1 Gb (cache) Hot-plug Solo Para Equipos Seleccionados\" \/>\n<meta property=\"og:description\" content=\"Compra Hat5320-24t Disco Duro Interno Enterprise 3.5 24tb Sata3 6gb\/s 7200rpm 1 Gb (cache) Hot-plug Solo Para Equipos Seleccionados + Env\u00edo a domicilio + Pago seguro + Garant\u00eda\" \/>\n<meta property=\"og:url\" content=\"https:\/\/compuviper.mx\/tienda\/producto\/synology-hat5320-24t-disco-duro-interno-enterprise-3-5-24tb-sata3-6gb-s-7200rpm-1-gb-cache-hot-plug-solo-para-equipos-seleccionados\/\" \/>\n<meta property=\"og:site_name\" content=\"Compuviper\" \/>\n<meta property=\"article:publisher\" content=\"https:\/\/www.facebook.com\/compuviper\" \/>\n<meta name=\"twitter:card\" content=\"summary_large_image\" \/>\n<meta name=\"twitter:label1\" content=\"Precio\" \/>\n\t<meta name=\"twitter:data1\" content=\"&#36;23,311 con IVA\" \/>\n\t<meta name=\"twitter:label2\" content=\"Availability\" \/>\n\t<meta name=\"twitter:data2\" content=\"In stock\" \/>\n<script type=\"application\/ld+json\" class=\"yoast-schema-graph\">{\"@context\":\"https:\/\/schema.org\",\"@graph\":[{\"@type\":\"WebPage\",\"@id\":\"https:\/\/compuviper.mx\/tienda\/producto\/synology-hat5320-24t-disco-duro-interno-enterprise-3-5-24tb-sata3-6gb-s-7200rpm-1-gb-cache-hot-plug-solo-para-equipos-seleccionados\/\",\"url\":\"https:\/\/compuviper.mx\/tienda\/producto\/synology-hat5320-24t-disco-duro-interno-enterprise-3-5-24tb-sata3-6gb-s-7200rpm-1-gb-cache-hot-plug-solo-para-equipos-seleccionados\/\",\"name\":\"[ Synology ] &#129351; Hat5320-24t Disco Duro Interno Enterprise 3.5 24tb Sata3 6gb\/s 7200rpm 1 Gb (cache) Hot-plug Solo Para Equipos Seleccionados\",\"isPartOf\":{\"@id\":\"https:\/\/compuviper.mx\/tienda\/#website\"},\"datePublished\":\"2026-04-14T06:38:59+00:00\",\"dateModified\":\"2026-04-14T06:38:59+00:00\",\"description\":\"Compra Hat5320-24t Disco Duro Interno Enterprise 3.5 24tb Sata3 6gb\/s 7200rpm 1 Gb (cache) Hot-plug Solo Para Equipos Seleccionados + Env\u00edo a domicilio + Pago seguro + Garant\u00eda\",\"breadcrumb\":{\"@id\":\"https:\/\/compuviper.mx\/tienda\/producto\/synology-hat5320-24t-disco-duro-interno-enterprise-3-5-24tb-sata3-6gb-s-7200rpm-1-gb-cache-hot-plug-solo-para-equipos-seleccionados\/#breadcrumb\"},\"inLanguage\":\"es-MX\",\"potentialAction\":[{\"@type\":\"ReadAction\",\"target\":[\"https:\/\/compuviper.mx\/tienda\/producto\/synology-hat5320-24t-disco-duro-interno-enterprise-3-5-24tb-sata3-6gb-s-7200rpm-1-gb-cache-hot-plug-solo-para-equipos-seleccionados\/\"]}]},{\"@type\":\"BreadcrumbList\",\"@id\":\"https:\/\/compuviper.mx\/tienda\/producto\/synology-hat5320-24t-disco-duro-interno-enterprise-3-5-24tb-sata3-6gb-s-7200rpm-1-gb-cache-hot-plug-solo-para-equipos-seleccionados\/#breadcrumb\",\"itemListElement\":[{\"@type\":\"ListItem\",\"position\":1,\"name\":\"Inicio\",\"item\":\"https:\/\/compuviper.mx\/tienda\/\"},{\"@type\":\"ListItem\",\"position\":2,\"name\":\"Productos\",\"item\":\"https:\/\/compuviper.mx\/tienda\/productos\/\"},{\"@type\":\"ListItem\",\"position\":3,\"name\":\"Discos Duros\",\"item\":\"https:\/\/compuviper.mx\/tienda\/categoria-producto\/discos-duros\/\"},{\"@type\":\"ListItem\",\"position\":4,\"name\":\"Disco Duro\",\"item\":\"https:\/\/compuviper.mx\/tienda\/categoria-producto\/discos-duros\/disco-duro\/\"},{\"@type\":\"ListItem\",\"position\":5,\"name\":\"Synology Hat5320-24t Disco Duro Interno Enterprise 3.5 24tb Sata3 6gb\/s 7200rpm 1 Gb (cache) Hot-plug Solo Para Equipos Seleccionados\"}]},{\"@type\":\"WebSite\",\"@id\":\"https:\/\/compuviper.mx\/tienda\/#website\",\"url\":\"https:\/\/compuviper.mx\/tienda\/\",\"name\":\"Compuviper\",\"description\":\"Proveedor de Computadoras, Laptops, Servidores, Monitores, Puntos de Venta, Teclados,   Impresoras, T\u00f3ner, C\u00e1maras de Seguridad y m\u00e1s en tu tienda en l\u00ednea\",\"publisher\":{\"@id\":\"https:\/\/compuviper.mx\/tienda\/#organization\"},\"potentialAction\":[{\"@type\":\"SearchAction\",\"target\":{\"@type\":\"EntryPoint\",\"urlTemplate\":\"https:\/\/compuviper.mx\/tienda\/?s={search_term_string}\"},\"query-input\":\"required name=search_term_string\"}],\"inLanguage\":\"es-MX\"},{\"@type\":\"Organization\",\"@id\":\"https:\/\/compuviper.mx\/tienda\/#organization\",\"name\":\"Compuviper\",\"url\":\"https:\/\/compuviper.mx\/tienda\/\",\"logo\":{\"@type\":\"ImageObject\",\"inLanguage\":\"es-MX\",\"@id\":\"https:\/\/compuviper.mx\/tienda\/#\/schema\/logo\/image\/\",\"url\":\"https:\/\/compuviper.mx\/tienda\/wp-content\/uploads\/2021\/08\/Logo-Compuviper-10.png\",\"contentUrl\":\"https:\/\/compuviper.mx\/tienda\/wp-content\/uploads\/2021\/08\/Logo-Compuviper-10.png\",\"width\":1000,\"height\":500,\"caption\":\"Compuviper\"},\"image\":{\"@id\":\"https:\/\/compuviper.mx\/tienda\/#\/schema\/logo\/image\/\"},\"sameAs\":[\"https:\/\/www.facebook.com\/compuviper\",\"https:\/\/www.youtube.com\/channel\/UCf73dERp9Y3cfOq7q8BhLjA?view_as=subscriber\"]}]}<\/script>\n<meta property=\"product:brand\" content=\"SYNOLOGY\" \/>\n<meta property=\"product:price:amount\" content=\"23311\" \/>\n<meta property=\"product:price:currency\" content=\"MXN\" \/>\n<meta property=\"og:availability\" content=\"instock\" \/>\n<meta property=\"product:availability\" content=\"instock\" \/>\n<meta property=\"product:retailer_item_id\" content=\"HAT5320-24T\" \/>\n<meta property=\"product:condition\" content=\"new\" \/>\n<!-- \/ Yoast SEO plugin. -->","yoast_head_json":{"title":"[ Synology ] &#129351; Hat5320-24t Disco Duro Interno Enterprise 3.5 24tb Sata3 6gb\/s 7200rpm 1 Gb (cache) Hot-plug Solo Para Equipos Seleccionados","description":"Compra Hat5320-24t Disco Duro Interno Enterprise 3.5 24tb Sata3 6gb\/s 7200rpm 1 Gb (cache) Hot-plug Solo Para Equipos Seleccionados + Env\u00edo a domicilio + Pago seguro + Garant\u00eda","robots":{"index":"index","follow":"follow","max-snippet":"max-snippet:-1","max-image-preview":"max-image-preview:large","max-video-preview":"max-video-preview:-1"},"canonical":"https:\/\/compuviper.mx\/tienda\/producto\/synology-hat5320-24t-disco-duro-interno-enterprise-3-5-24tb-sata3-6gb-s-7200rpm-1-gb-cache-hot-plug-solo-para-equipos-seleccionados\/","og_locale":"es_MX","og_type":"article","og_title":"[ Synology ] &#129351; Hat5320-24t Disco Duro Interno Enterprise 3.5 24tb Sata3 6gb\/s 7200rpm 1 Gb (cache) Hot-plug Solo Para Equipos Seleccionados","og_description":"Compra Hat5320-24t Disco Duro Interno Enterprise 3.5 24tb Sata3 6gb\/s 7200rpm 1 Gb (cache) Hot-plug Solo Para Equipos Seleccionados + Env\u00edo a domicilio + Pago seguro + Garant\u00eda","og_url":"https:\/\/compuviper.mx\/tienda\/producto\/synology-hat5320-24t-disco-duro-interno-enterprise-3-5-24tb-sata3-6gb-s-7200rpm-1-gb-cache-hot-plug-solo-para-equipos-seleccionados\/","og_site_name":"Compuviper","article_publisher":"https:\/\/www.facebook.com\/compuviper","twitter_card":"summary_large_image","twitter_misc":{"Precio":"&#36;23,311 con IVA","Availability":"In stock"},"schema":{"@context":"https:\/\/schema.org","@graph":[{"@type":"WebPage","@id":"https:\/\/compuviper.mx\/tienda\/producto\/synology-hat5320-24t-disco-duro-interno-enterprise-3-5-24tb-sata3-6gb-s-7200rpm-1-gb-cache-hot-plug-solo-para-equipos-seleccionados\/","url":"https:\/\/compuviper.mx\/tienda\/producto\/synology-hat5320-24t-disco-duro-interno-enterprise-3-5-24tb-sata3-6gb-s-7200rpm-1-gb-cache-hot-plug-solo-para-equipos-seleccionados\/","name":"[ Synology ] &#129351; Hat5320-24t Disco Duro Interno Enterprise 3.5 24tb Sata3 6gb\/s 7200rpm 1 Gb (cache) Hot-plug Solo Para Equipos Seleccionados","isPartOf":{"@id":"https:\/\/compuviper.mx\/tienda\/#website"},"datePublished":"2026-04-14T06:38:59+00:00","dateModified":"2026-04-14T06:38:59+00:00","description":"Compra Hat5320-24t Disco Duro Interno Enterprise 3.5 24tb Sata3 6gb\/s 7200rpm 1 Gb (cache) Hot-plug Solo Para Equipos Seleccionados + Env\u00edo a domicilio + Pago seguro + Garant\u00eda","breadcrumb":{"@id":"https:\/\/compuviper.mx\/tienda\/producto\/synology-hat5320-24t-disco-duro-interno-enterprise-3-5-24tb-sata3-6gb-s-7200rpm-1-gb-cache-hot-plug-solo-para-equipos-seleccionados\/#breadcrumb"},"inLanguage":"es-MX","potentialAction":[{"@type":"ReadAction","target":["https:\/\/compuviper.mx\/tienda\/producto\/synology-hat5320-24t-disco-duro-interno-enterprise-3-5-24tb-sata3-6gb-s-7200rpm-1-gb-cache-hot-plug-solo-para-equipos-seleccionados\/"]}]},{"@type":"BreadcrumbList","@id":"https:\/\/compuviper.mx\/tienda\/producto\/synology-hat5320-24t-disco-duro-interno-enterprise-3-5-24tb-sata3-6gb-s-7200rpm-1-gb-cache-hot-plug-solo-para-equipos-seleccionados\/#breadcrumb","itemListElement":[{"@type":"ListItem","position":1,"name":"Inicio","item":"https:\/\/compuviper.mx\/tienda\/"},{"@type":"ListItem","position":2,"name":"Productos","item":"https:\/\/compuviper.mx\/tienda\/productos\/"},{"@type":"ListItem","position":3,"name":"Discos Duros","item":"https:\/\/compuviper.mx\/tienda\/categoria-producto\/discos-duros\/"},{"@type":"ListItem","position":4,"name":"Disco Duro","item":"https:\/\/compuviper.mx\/tienda\/categoria-producto\/discos-duros\/disco-duro\/"},{"@type":"ListItem","position":5,"name":"Synology Hat5320-24t Disco Duro Interno Enterprise 3.5 24tb Sata3 6gb\/s 7200rpm 1 Gb (cache) Hot-plug Solo Para Equipos Seleccionados"}]},{"@type":"WebSite","@id":"https:\/\/compuviper.mx\/tienda\/#website","url":"https:\/\/compuviper.mx\/tienda\/","name":"Compuviper","description":"Proveedor de Computadoras, Laptops, Servidores, Monitores, Puntos de Venta, Teclados,   Impresoras, T\u00f3ner, C\u00e1maras de Seguridad y m\u00e1s en tu tienda en l\u00ednea","publisher":{"@id":"https:\/\/compuviper.mx\/tienda\/#organization"},"potentialAction":[{"@type":"SearchAction","target":{"@type":"EntryPoint","urlTemplate":"https:\/\/compuviper.mx\/tienda\/?s={search_term_string}"},"query-input":"required name=search_term_string"}],"inLanguage":"es-MX"},{"@type":"Organization","@id":"https:\/\/compuviper.mx\/tienda\/#organization","name":"Compuviper","url":"https:\/\/compuviper.mx\/tienda\/","logo":{"@type":"ImageObject","inLanguage":"es-MX","@id":"https:\/\/compuviper.mx\/tienda\/#\/schema\/logo\/image\/","url":"https:\/\/compuviper.mx\/tienda\/wp-content\/uploads\/2021\/08\/Logo-Compuviper-10.png","contentUrl":"https:\/\/compuviper.mx\/tienda\/wp-content\/uploads\/2021\/08\/Logo-Compuviper-10.png","width":1000,"height":500,"caption":"Compuviper"},"image":{"@id":"https:\/\/compuviper.mx\/tienda\/#\/schema\/logo\/image\/"},"sameAs":["https:\/\/www.facebook.com\/compuviper","https:\/\/www.youtube.com\/channel\/UCf73dERp9Y3cfOq7q8BhLjA?view_as=subscriber"]}]},"product_brand":"SYNOLOGY","product_price_amount":"23311","product_price_currency":"MXN","og_availability":"instock","product_availability":"instock","product_retailer_item_id":"HAT5320-24T","product_condition":"new"},"_links":{"self":[{"href":"https:\/\/compuviper.mx\/tienda\/wp-json\/wp\/v2\/product\/264309"}],"collection":[{"href":"https:\/\/compuviper.mx\/tienda\/wp-json\/wp\/v2\/product"}],"about":[{"href":"https:\/\/compuviper.mx\/tienda\/wp-json\/wp\/v2\/types\/product"}],"replies":[{"embeddable":true,"href":"https:\/\/compuviper.mx\/tienda\/wp-json\/wp\/v2\/comments?post=264309"}],"wp:attachment":[{"href":"https:\/\/compuviper.mx\/tienda\/wp-json\/wp\/v2\/media?parent=264309"}],"wp:term":[{"taxonomy":"product_cat","embeddable":true,"href":"https:\/\/compuviper.mx\/tienda\/wp-json\/wp\/v2\/product_cat?post=264309"},{"taxonomy":"product_tag","embeddable":true,"href":"https:\/\/compuviper.mx\/tienda\/wp-json\/wp\/v2\/product_tag?post=264309"}],"curies":[{"name":"wp","href":"https:\/\/api.w.org\/{rel}","templated":true}]}}