{"id":264296,"date":"2026-04-27T23:35:15","date_gmt":"2026-04-28T05:35:15","guid":{"rendered":"https:\/\/compuviper.mx\/tienda\/producto\/zk-teco-speedface-v5l-p-control-de-acceso-y-asistencia-facial-zkteco-visible-light-6000-rostros-3000-palmas-6000-huellas-10000-tarjetas-id-125khz-200000-eventos-verificacion-por-codigo\/"},"modified":"2026-04-27T23:35:16","modified_gmt":"2026-04-28T05:35:16","slug":"zk-teco-speedface-v5l-p-control-de-acceso-y-asistencia-facial-zkteco-visible-light-6000-rostros-3000-palmas-6000-huellas-10000-tarjetas-id-125khz-200000-eventos-verificacion-por-codigo","status":"publish","type":"product","link":"https:\/\/compuviper.mx\/tienda\/producto\/zk-teco-speedface-v5l-p-control-de-acceso-y-asistencia-facial-zkteco-visible-light-6000-rostros-3000-palmas-6000-huellas-10000-tarjetas-id-125khz-200000-eventos-verificacion-por-codigo\/","title":{"rendered":"Zk Teco Speedface-v5l P Control De Acceso Y Asistencia Facial Zkteco  \/ Visible Light \/ 6000 Rostros \/ 3000 Palmas \/ 6000 Huellas \/ 10000 Tarjetas Id 125khz \/ 200000 Eventos \/ Verificacion Por Codigo Qr"},"content":{"rendered":"<table class=\"descripcion\">\n<tr>\n<td>Especificaciones t\u00e9cnicas<\/td>\n<\/tr>\n<tr>\n<td>Rostros: 6000<\/td>\n<\/tr>\n<tr>\n<td>Palmas: 3000<\/td>\n<\/tr>\n<tr>\n<td>Huellas: 6000<\/td>\n<\/tr>\n<tr>\n<td>Tarjetas: 10,000<\/td>\n<\/tr>\n<tr>\n<td>Eventos: 200000<\/td>\n<\/tr>\n<tr>\n<td>Sistema operativo: linux<\/td>\n<\/tr>\n<tr>\n<td>Funciones estandar:<\/td>\n<\/tr>\n<tr>\n<td>Dms, t9 input, dst, camara, 9 digitos id usuarios, niveles de acceso, grupos, dias festivos, anti-passback, consulta de eventos, alarma de tamper, multiples metodos de verificacion.<\/td>\n<\/tr>\n<tr>\n<td>Cpu: 900 mhz dual core cpu, ram 512 mb, 8g flash, camara 2mp wdr, iluminaci\u00f3n complementaria con ajuste de brillo<\/td>\n<\/tr>\n<tr>\n<td>Comunicaci\u00f3n: tcp\/ip, wiegand input \/ output, rs485, rs232<\/td>\n<\/tr>\n<tr>\n<td>Interfaz control de acceso: cerradura de puerta, sensor de puerta, alarma, bot\u00f3n de salida y entrada auxiliar<\/td>\n<\/tr>\n<tr>\n<td>Funciones opcionales: tarjetas mifare 13.56 mhz<\/td>\n<\/tr>\n<tr>\n<td>Velocidad reconocimiento facial:  and #8804;1s<\/td>\n<\/tr>\n<tr>\n<td>Algoritmo biometrico: zkface v5.8  and  zkfinger v10.0  and  zkpalm v12.0<\/td>\n<\/tr>\n<tr>\n<td>Energia: 12v 3a<\/td>\n<\/tr>\n<tr>\n<td>Humedad de operaci\u00f3n: 10% &#8211; 90%<\/td>\n<\/tr>\n<tr>\n<td>Temperatura de operaci\u00f3n: -10\u00b0c ~ 45\u00b0c (14\u00b0f ~ 113\u00b0f)<\/td>\n<\/tr>\n<tr>\n<td>Dimensiones ( w*h*d) 91.93 * 202.93 * 21.5 (mm)<\/td>\n<\/tr>\n<tr>\n<td>Sistemas compatibles: bioaccess, biosecurity, biotimepro<\/td>\n<\/tr>\n<\/table>\n","protected":false},"excerpt":{"rendered":"<p>Descripcion comercial. Speedface-v5l [p] adopta la tecnolog\u00eda de reconocimiento sin contacto y la identificaci\u00f3n individual enmascarada que elimina preocupaciones de higiene de manera efectiva. Tambi\u00e9n est\u00e1 equipado con el \u00faltimo algoritmo anti-suplantaci\u00f3n para el reconocimiento facial contra casi todos los tipos de fotos y videos falsos atacan. Es importante destacar que el reconocimiento de palma 3 en 1 (forma de palma, impresi\u00f3n de palma y palm vein) se realiza en 0,35 segundos por mano; los datos de la palma adquiridos se comparar\u00e1n con un m\u00e1ximo de 3000 plantillas de palma. Reconocimiento facial de luz visible. Mejor higiene con autenticaci\u00f3n biom\u00e9trica sin contacto e identificaci\u00f3n individual enmascarada. Algoritmo anti-spoofing contra ataque de impresi\u00f3n (l\u00e1ser, color y fotos en blanco y negro), ataque de videos y ataque de m\u00e1scara 3d. Iluminaci\u00f3n complementaria con ajuste de brillo. M\u00faltiples m\u00e9todos de verificaci\u00f3n: cara \/ palma \/ huella digital \/ contrase\u00f1a. Detecci\u00f3n de m\u00e1scaras; verificaci\u00f3n facial disponible con m\u00e1scaras<\/p>\n","protected":false},"featured_media":264403,"comment_status":"open","ping_status":"open","template":"","meta":[],"product_cat":[1540,1541],"product_tag":[1565],"acf":[],"yoast_head":"<!-- This site is optimized with the Yoast SEO plugin v21.7 - https:\/\/yoast.com\/wordpress\/plugins\/seo\/ -->\n<title>[ Zk Teco ] &#129351; Speedface-v5l P Control De Acceso Y Asistencia Facial Zkteco \/ Visible Light \/ 6000 Rostros \/ 3000 Palmas \/ 6000 Huellas \/ 10000 Tarjetas Id 125khz \/ 200000 Eventos \/ Verificacion Por Codigo Qr<\/title>\n<meta name=\"description\" content=\"Compra Speedface-v5l P Control De Acceso Y Asistencia Facial Zkteco \/ Visible Light \/ 6000 Rostros \/ 3000 Palmas \/ 6000 Huellas \/ 10000 Tarjetas Id 125khz \/ 200000 Eventos \/ Verificacion Por Codigo Qr + Env\u00edo a domicilio + Pago seguro + Garant\u00eda\" \/>\n<meta name=\"robots\" content=\"index, follow, max-snippet:-1, max-image-preview:large, max-video-preview:-1\" \/>\n<link rel=\"canonical\" href=\"https:\/\/compuviper.mx\/tienda\/producto\/zk-teco-speedface-v5l-p-control-de-acceso-y-asistencia-facial-zkteco-visible-light-6000-rostros-3000-palmas-6000-huellas-10000-tarjetas-id-125khz-200000-eventos-verificacion-por-codigo\/\" \/>\n<meta property=\"og:locale\" content=\"es_MX\" \/>\n<meta property=\"og:type\" content=\"article\" \/>\n<meta property=\"og:title\" content=\"[ Zk Teco ] &#129351; Speedface-v5l P Control De Acceso Y Asistencia Facial Zkteco \/ Visible Light \/ 6000 Rostros \/ 3000 Palmas \/ 6000 Huellas \/ 10000 Tarjetas Id 125khz \/ 200000 Eventos \/ Verificacion Por Codigo Qr\" \/>\n<meta property=\"og:description\" content=\"Compra Speedface-v5l P Control De Acceso Y Asistencia Facial Zkteco \/ Visible Light \/ 6000 Rostros \/ 3000 Palmas \/ 6000 Huellas \/ 10000 Tarjetas Id 125khz \/ 200000 Eventos \/ Verificacion Por Codigo Qr + Env\u00edo a domicilio + Pago seguro + Garant\u00eda\" \/>\n<meta property=\"og:url\" content=\"https:\/\/compuviper.mx\/tienda\/producto\/zk-teco-speedface-v5l-p-control-de-acceso-y-asistencia-facial-zkteco-visible-light-6000-rostros-3000-palmas-6000-huellas-10000-tarjetas-id-125khz-200000-eventos-verificacion-por-codigo\/\" \/>\n<meta property=\"og:site_name\" content=\"Compuviper\" \/>\n<meta property=\"article:publisher\" content=\"https:\/\/www.facebook.com\/compuviper\" \/>\n<meta property=\"article:modified_time\" content=\"2026-04-28T05:35:16+00:00\" \/>\n<meta property=\"og:image\" content=\"https:\/\/compuviper.mx\/tienda\/wp-content\/uploads\/2025\/12\/Control-de-acceso-y-asistencia-facial-zkteco-speedface-v5l-p-visible-light-6000-rostros-3000-palmas-6000-huellas-10000-tarjetas-id-125khz-200000-eventos-verificacion-por-codigo-qr.jpg\" \/>\n\t<meta property=\"og:image:width\" content=\"200\" \/>\n\t<meta property=\"og:image:height\" content=\"200\" \/>\n\t<meta property=\"og:image:type\" content=\"image\/jpeg\" \/>\n<meta name=\"twitter:card\" content=\"summary_large_image\" \/>\n<meta name=\"twitter:label1\" content=\"Precio\" \/>\n\t<meta name=\"twitter:data1\" content=\"&#36;5,410 con IVA\" \/>\n\t<meta name=\"twitter:label2\" content=\"Availability\" \/>\n\t<meta name=\"twitter:data2\" content=\"On backorder\" \/>\n<script type=\"application\/ld+json\" class=\"yoast-schema-graph\">{\"@context\":\"https:\/\/schema.org\",\"@graph\":[{\"@type\":\"WebPage\",\"@id\":\"https:\/\/compuviper.mx\/tienda\/producto\/zk-teco-speedface-v5l-p-control-de-acceso-y-asistencia-facial-zkteco-visible-light-6000-rostros-3000-palmas-6000-huellas-10000-tarjetas-id-125khz-200000-eventos-verificacion-por-codigo\/\",\"url\":\"https:\/\/compuviper.mx\/tienda\/producto\/zk-teco-speedface-v5l-p-control-de-acceso-y-asistencia-facial-zkteco-visible-light-6000-rostros-3000-palmas-6000-huellas-10000-tarjetas-id-125khz-200000-eventos-verificacion-por-codigo\/\",\"name\":\"[ Zk Teco ] &#129351; Speedface-v5l P Control De Acceso Y Asistencia Facial Zkteco \/ Visible Light \/ 6000 Rostros \/ 3000 Palmas \/ 6000 Huellas \/ 10000 Tarjetas Id 125khz \/ 200000 Eventos \/ Verificacion Por Codigo Qr\",\"isPartOf\":{\"@id\":\"https:\/\/compuviper.mx\/tienda\/#website\"},\"datePublished\":\"2026-04-28T05:35:15+00:00\",\"dateModified\":\"2026-04-28T05:35:16+00:00\",\"description\":\"Compra Speedface-v5l P Control De Acceso Y Asistencia Facial Zkteco \/ Visible Light \/ 6000 Rostros \/ 3000 Palmas \/ 6000 Huellas \/ 10000 Tarjetas Id 125khz \/ 200000 Eventos \/ Verificacion Por Codigo Qr + Env\u00edo a domicilio + Pago seguro + Garant\u00eda\",\"breadcrumb\":{\"@id\":\"https:\/\/compuviper.mx\/tienda\/producto\/zk-teco-speedface-v5l-p-control-de-acceso-y-asistencia-facial-zkteco-visible-light-6000-rostros-3000-palmas-6000-huellas-10000-tarjetas-id-125khz-200000-eventos-verificacion-por-codigo\/#breadcrumb\"},\"inLanguage\":\"es-MX\",\"potentialAction\":[{\"@type\":\"ReadAction\",\"target\":[\"https:\/\/compuviper.mx\/tienda\/producto\/zk-teco-speedface-v5l-p-control-de-acceso-y-asistencia-facial-zkteco-visible-light-6000-rostros-3000-palmas-6000-huellas-10000-tarjetas-id-125khz-200000-eventos-verificacion-por-codigo\/\"]}]},{\"@type\":\"BreadcrumbList\",\"@id\":\"https:\/\/compuviper.mx\/tienda\/producto\/zk-teco-speedface-v5l-p-control-de-acceso-y-asistencia-facial-zkteco-visible-light-6000-rostros-3000-palmas-6000-huellas-10000-tarjetas-id-125khz-200000-eventos-verificacion-por-codigo\/#breadcrumb\",\"itemListElement\":[{\"@type\":\"ListItem\",\"position\":1,\"name\":\"Inicio\",\"item\":\"https:\/\/compuviper.mx\/tienda\/\"},{\"@type\":\"ListItem\",\"position\":2,\"name\":\"Productos\",\"item\":\"https:\/\/compuviper.mx\/tienda\/productos\/\"},{\"@type\":\"ListItem\",\"position\":3,\"name\":\"Control De Acceso Y Asistencia\",\"item\":\"https:\/\/compuviper.mx\/tienda\/categoria-producto\/control-de-acceso-y-asistencia\/\"},{\"@type\":\"ListItem\",\"position\":4,\"name\":\"Lectores De Control De Acceso Y Asistencia\",\"item\":\"https:\/\/compuviper.mx\/tienda\/categoria-producto\/control-de-acceso-y-asistencia\/lectores-de-control-de-acceso-y-asistencia\/\"},{\"@type\":\"ListItem\",\"position\":5,\"name\":\"Zk Teco Speedface-v5l P Control De Acceso Y Asistencia Facial Zkteco \/ Visible Light \/ 6000 Rostros \/ 3000 Palmas \/ 6000 Huellas \/ 10000 Tarjetas Id 125khz \/ 200000 Eventos \/ Verificacion Por Codigo Qr\"}]},{\"@type\":\"WebSite\",\"@id\":\"https:\/\/compuviper.mx\/tienda\/#website\",\"url\":\"https:\/\/compuviper.mx\/tienda\/\",\"name\":\"Compuviper\",\"description\":\"Proveedor de Computadoras, Laptops, Servidores, Monitores, Puntos de Venta, Teclados,   Impresoras, T\u00f3ner, C\u00e1maras de Seguridad y m\u00e1s en tu tienda en l\u00ednea\",\"publisher\":{\"@id\":\"https:\/\/compuviper.mx\/tienda\/#organization\"},\"potentialAction\":[{\"@type\":\"SearchAction\",\"target\":{\"@type\":\"EntryPoint\",\"urlTemplate\":\"https:\/\/compuviper.mx\/tienda\/?s={search_term_string}\"},\"query-input\":\"required name=search_term_string\"}],\"inLanguage\":\"es-MX\"},{\"@type\":\"Organization\",\"@id\":\"https:\/\/compuviper.mx\/tienda\/#organization\",\"name\":\"Compuviper\",\"url\":\"https:\/\/compuviper.mx\/tienda\/\",\"logo\":{\"@type\":\"ImageObject\",\"inLanguage\":\"es-MX\",\"@id\":\"https:\/\/compuviper.mx\/tienda\/#\/schema\/logo\/image\/\",\"url\":\"https:\/\/compuviper.mx\/tienda\/wp-content\/uploads\/2021\/08\/Logo-Compuviper-10.png\",\"contentUrl\":\"https:\/\/compuviper.mx\/tienda\/wp-content\/uploads\/2021\/08\/Logo-Compuviper-10.png\",\"width\":1000,\"height\":500,\"caption\":\"Compuviper\"},\"image\":{\"@id\":\"https:\/\/compuviper.mx\/tienda\/#\/schema\/logo\/image\/\"},\"sameAs\":[\"https:\/\/www.facebook.com\/compuviper\",\"https:\/\/www.youtube.com\/channel\/UCf73dERp9Y3cfOq7q8BhLjA?view_as=subscriber\"]}]}<\/script>\n<meta property=\"product:brand\" content=\"ZK TECO\" \/>\n<meta property=\"product:price:amount\" content=\"5410\" \/>\n<meta property=\"product:price:currency\" content=\"MXN\" \/>\n<meta property=\"og:availability\" content=\"backorder\" \/>\n<meta property=\"product:availability\" content=\"available for order\" \/>\n<meta property=\"product:retailer_item_id\" content=\"SPEEDFACE-V5L P\" \/>\n<meta property=\"product:condition\" content=\"new\" \/>\n<!-- \/ Yoast SEO plugin. -->","yoast_head_json":{"title":"[ Zk Teco ] &#129351; Speedface-v5l P Control De Acceso Y Asistencia Facial Zkteco \/ Visible Light \/ 6000 Rostros \/ 3000 Palmas \/ 6000 Huellas \/ 10000 Tarjetas Id 125khz \/ 200000 Eventos \/ Verificacion Por Codigo Qr","description":"Compra Speedface-v5l P Control De Acceso Y Asistencia Facial Zkteco \/ Visible Light \/ 6000 Rostros \/ 3000 Palmas \/ 6000 Huellas \/ 10000 Tarjetas Id 125khz \/ 200000 Eventos \/ Verificacion Por Codigo Qr + Env\u00edo a domicilio + Pago seguro + Garant\u00eda","robots":{"index":"index","follow":"follow","max-snippet":"max-snippet:-1","max-image-preview":"max-image-preview:large","max-video-preview":"max-video-preview:-1"},"canonical":"https:\/\/compuviper.mx\/tienda\/producto\/zk-teco-speedface-v5l-p-control-de-acceso-y-asistencia-facial-zkteco-visible-light-6000-rostros-3000-palmas-6000-huellas-10000-tarjetas-id-125khz-200000-eventos-verificacion-por-codigo\/","og_locale":"es_MX","og_type":"article","og_title":"[ Zk Teco ] &#129351; Speedface-v5l P Control De Acceso Y Asistencia Facial Zkteco \/ Visible Light \/ 6000 Rostros \/ 3000 Palmas \/ 6000 Huellas \/ 10000 Tarjetas Id 125khz \/ 200000 Eventos \/ Verificacion Por Codigo Qr","og_description":"Compra Speedface-v5l P Control De Acceso Y Asistencia Facial Zkteco \/ Visible Light \/ 6000 Rostros \/ 3000 Palmas \/ 6000 Huellas \/ 10000 Tarjetas Id 125khz \/ 200000 Eventos \/ Verificacion Por Codigo Qr + Env\u00edo a domicilio + Pago seguro + Garant\u00eda","og_url":"https:\/\/compuviper.mx\/tienda\/producto\/zk-teco-speedface-v5l-p-control-de-acceso-y-asistencia-facial-zkteco-visible-light-6000-rostros-3000-palmas-6000-huellas-10000-tarjetas-id-125khz-200000-eventos-verificacion-por-codigo\/","og_site_name":"Compuviper","article_publisher":"https:\/\/www.facebook.com\/compuviper","article_modified_time":"2026-04-28T05:35:16+00:00","og_image":[{"width":200,"height":200,"url":"https:\/\/compuviper.mx\/tienda\/wp-content\/uploads\/2025\/12\/Control-de-acceso-y-asistencia-facial-zkteco-speedface-v5l-p-visible-light-6000-rostros-3000-palmas-6000-huellas-10000-tarjetas-id-125khz-200000-eventos-verificacion-por-codigo-qr.jpg","type":"image\/jpeg"}],"twitter_card":"summary_large_image","twitter_misc":{"Precio":"&#36;5,410 con IVA","Availability":"On backorder"},"schema":{"@context":"https:\/\/schema.org","@graph":[{"@type":"WebPage","@id":"https:\/\/compuviper.mx\/tienda\/producto\/zk-teco-speedface-v5l-p-control-de-acceso-y-asistencia-facial-zkteco-visible-light-6000-rostros-3000-palmas-6000-huellas-10000-tarjetas-id-125khz-200000-eventos-verificacion-por-codigo\/","url":"https:\/\/compuviper.mx\/tienda\/producto\/zk-teco-speedface-v5l-p-control-de-acceso-y-asistencia-facial-zkteco-visible-light-6000-rostros-3000-palmas-6000-huellas-10000-tarjetas-id-125khz-200000-eventos-verificacion-por-codigo\/","name":"[ Zk Teco ] &#129351; Speedface-v5l P Control De Acceso Y Asistencia Facial Zkteco \/ Visible Light \/ 6000 Rostros \/ 3000 Palmas \/ 6000 Huellas \/ 10000 Tarjetas Id 125khz \/ 200000 Eventos \/ Verificacion Por Codigo Qr","isPartOf":{"@id":"https:\/\/compuviper.mx\/tienda\/#website"},"datePublished":"2026-04-28T05:35:15+00:00","dateModified":"2026-04-28T05:35:16+00:00","description":"Compra Speedface-v5l P Control De Acceso Y Asistencia Facial Zkteco \/ Visible Light \/ 6000 Rostros \/ 3000 Palmas \/ 6000 Huellas \/ 10000 Tarjetas Id 125khz \/ 200000 Eventos \/ Verificacion Por Codigo Qr + Env\u00edo a domicilio + Pago seguro + Garant\u00eda","breadcrumb":{"@id":"https:\/\/compuviper.mx\/tienda\/producto\/zk-teco-speedface-v5l-p-control-de-acceso-y-asistencia-facial-zkteco-visible-light-6000-rostros-3000-palmas-6000-huellas-10000-tarjetas-id-125khz-200000-eventos-verificacion-por-codigo\/#breadcrumb"},"inLanguage":"es-MX","potentialAction":[{"@type":"ReadAction","target":["https:\/\/compuviper.mx\/tienda\/producto\/zk-teco-speedface-v5l-p-control-de-acceso-y-asistencia-facial-zkteco-visible-light-6000-rostros-3000-palmas-6000-huellas-10000-tarjetas-id-125khz-200000-eventos-verificacion-por-codigo\/"]}]},{"@type":"BreadcrumbList","@id":"https:\/\/compuviper.mx\/tienda\/producto\/zk-teco-speedface-v5l-p-control-de-acceso-y-asistencia-facial-zkteco-visible-light-6000-rostros-3000-palmas-6000-huellas-10000-tarjetas-id-125khz-200000-eventos-verificacion-por-codigo\/#breadcrumb","itemListElement":[{"@type":"ListItem","position":1,"name":"Inicio","item":"https:\/\/compuviper.mx\/tienda\/"},{"@type":"ListItem","position":2,"name":"Productos","item":"https:\/\/compuviper.mx\/tienda\/productos\/"},{"@type":"ListItem","position":3,"name":"Control De Acceso Y Asistencia","item":"https:\/\/compuviper.mx\/tienda\/categoria-producto\/control-de-acceso-y-asistencia\/"},{"@type":"ListItem","position":4,"name":"Lectores De Control De Acceso Y Asistencia","item":"https:\/\/compuviper.mx\/tienda\/categoria-producto\/control-de-acceso-y-asistencia\/lectores-de-control-de-acceso-y-asistencia\/"},{"@type":"ListItem","position":5,"name":"Zk Teco Speedface-v5l P Control De Acceso Y Asistencia Facial Zkteco \/ Visible Light \/ 6000 Rostros \/ 3000 Palmas \/ 6000 Huellas \/ 10000 Tarjetas Id 125khz \/ 200000 Eventos \/ Verificacion Por Codigo Qr"}]},{"@type":"WebSite","@id":"https:\/\/compuviper.mx\/tienda\/#website","url":"https:\/\/compuviper.mx\/tienda\/","name":"Compuviper","description":"Proveedor de Computadoras, Laptops, Servidores, Monitores, Puntos de Venta, Teclados,   Impresoras, T\u00f3ner, C\u00e1maras de Seguridad y m\u00e1s en tu tienda en l\u00ednea","publisher":{"@id":"https:\/\/compuviper.mx\/tienda\/#organization"},"potentialAction":[{"@type":"SearchAction","target":{"@type":"EntryPoint","urlTemplate":"https:\/\/compuviper.mx\/tienda\/?s={search_term_string}"},"query-input":"required name=search_term_string"}],"inLanguage":"es-MX"},{"@type":"Organization","@id":"https:\/\/compuviper.mx\/tienda\/#organization","name":"Compuviper","url":"https:\/\/compuviper.mx\/tienda\/","logo":{"@type":"ImageObject","inLanguage":"es-MX","@id":"https:\/\/compuviper.mx\/tienda\/#\/schema\/logo\/image\/","url":"https:\/\/compuviper.mx\/tienda\/wp-content\/uploads\/2021\/08\/Logo-Compuviper-10.png","contentUrl":"https:\/\/compuviper.mx\/tienda\/wp-content\/uploads\/2021\/08\/Logo-Compuviper-10.png","width":1000,"height":500,"caption":"Compuviper"},"image":{"@id":"https:\/\/compuviper.mx\/tienda\/#\/schema\/logo\/image\/"},"sameAs":["https:\/\/www.facebook.com\/compuviper","https:\/\/www.youtube.com\/channel\/UCf73dERp9Y3cfOq7q8BhLjA?view_as=subscriber"]}]},"product_brand":"ZK TECO","product_price_amount":"5410","product_price_currency":"MXN","og_availability":"backorder","product_availability":"available for order","product_retailer_item_id":"SPEEDFACE-V5L P","product_condition":"new"},"_links":{"self":[{"href":"https:\/\/compuviper.mx\/tienda\/wp-json\/wp\/v2\/product\/264296"}],"collection":[{"href":"https:\/\/compuviper.mx\/tienda\/wp-json\/wp\/v2\/product"}],"about":[{"href":"https:\/\/compuviper.mx\/tienda\/wp-json\/wp\/v2\/types\/product"}],"replies":[{"embeddable":true,"href":"https:\/\/compuviper.mx\/tienda\/wp-json\/wp\/v2\/comments?post=264296"}],"wp:featuredmedia":[{"embeddable":true,"href":"https:\/\/compuviper.mx\/tienda\/wp-json\/wp\/v2\/media\/264403"}],"wp:attachment":[{"href":"https:\/\/compuviper.mx\/tienda\/wp-json\/wp\/v2\/media?parent=264296"}],"wp:term":[{"taxonomy":"product_cat","embeddable":true,"href":"https:\/\/compuviper.mx\/tienda\/wp-json\/wp\/v2\/product_cat?post=264296"},{"taxonomy":"product_tag","embeddable":true,"href":"https:\/\/compuviper.mx\/tienda\/wp-json\/wp\/v2\/product_tag?post=264296"}],"curies":[{"name":"wp","href":"https:\/\/api.w.org\/{rel}","templated":true}]}}