{"id":264295,"date":"2026-04-27T23:19:11","date_gmt":"2026-04-28T05:19:11","guid":{"rendered":"https:\/\/compuviper.mx\/tienda\/producto\/zk-teco-fmb-05-zkteco-kjz03-soporte-de-fijacin-para-equipos-visible-light-linea-speedfacev5l-profacex-y-facedepot7bl-acero-inoxidable-compatible-con-nuevos-pedestales-fmb03-y-fmb01\/"},"modified":"2026-04-27T23:19:12","modified_gmt":"2026-04-28T05:19:12","slug":"zk-teco-fmb-05-zkteco-fmb05-soporte-para-interiores-para-equipos-de-pared-linea-speedfacev5l-speedfaceh5l-proface-x-y-facedepot7bl-altura-131-5-cm","status":"publish","type":"product","link":"https:\/\/compuviper.mx\/tienda\/producto\/zk-teco-fmb-05-zkteco-fmb05-soporte-para-interiores-para-equipos-de-pared-linea-speedfacev5l-speedfaceh5l-proface-x-y-facedepot7bl-altura-131-5-cm\/","title":{"rendered":"Zk Teco Fmb-05 Zkteco Fmb05 &#8211; Soporte Para Interiores Para Equipos De Pared \/ Linea Speedfacev5l, Speedfaceh5l, Proface X Y Facedepot7bl \/ Altura: 131.5 Cm\/"},"content":{"rendered":"<table class=\"descripcion\">\n<tr>\n<td>El soporte de fijacin kjz03 es un acceso para la colocacin de equipos visible light speedfacev4l, miniacplus, speedfaceh5l, speedfacev5l, facedepot7bl y profacex en superficies planas donde se permita una perforacin del mismo, como una mesa de recepcin, en la parte superior de los torniquetes, flap barrier, entre otro controles de acceso.<\/td>\n<\/tr>\n<tr>\n<td>Caractersticas y especificaciones<\/td>\n<\/tr>\n<tr>\n<td>Medidas: 414 mm<\/td>\n<\/tr>\n<tr>\n<td>Peso: 6.9 kg<\/td>\n<\/tr>\n<tr>\n<td>Material: acero inoxidable<\/td>\n<\/tr>\n<\/table>\n","protected":false},"excerpt":{"rendered":"<p>El soporte de fijacin kjz03 es un acceso para la colocacin de equipos visible light speedfacev4l, miniacplus, speedfaceh5l, speedfacev5l, facedepot7bl y profacex en superficies planas donde se permita una perforacin del mismo, como una mesa de recepcin, en la parte superior de los torniquetes, flap barrier, entre otro controles de acceso. Caractersticas y especificaciones Medidas: [&hellip;]<\/p>\n","protected":false},"featured_media":0,"comment_status":"open","ping_status":"open","template":"","meta":[],"product_cat":[1543,1540],"product_tag":[1565],"acf":[],"yoast_head":"<!-- This site is optimized with the Yoast SEO plugin v21.7 - https:\/\/yoast.com\/wordpress\/plugins\/seo\/ -->\n<title>[ Zk Teco ] &#129351; Fmb-05 Zkteco Fmb05 - Soporte Para Interiores Para Equipos De Pared \/ Linea Speedfacev5l, Speedfaceh5l, Proface X Y Facedepot7bl \/ Altura: 131.5 Cm\/<\/title>\n<meta name=\"description\" content=\"Compra Fmb-05 Zkteco Fmb05 - Soporte Para Interiores Para Equipos De Pared \/ Linea Speedfacev5l, Speedfaceh5l, Proface X Y Facedepot7bl \/ Altura: 131.5 Cm\/ + Env\u00edo a domicilio + Pago seguro + Garant\u00eda\" \/>\n<meta name=\"robots\" content=\"index, follow, max-snippet:-1, max-image-preview:large, max-video-preview:-1\" \/>\n<link rel=\"canonical\" href=\"https:\/\/compuviper.mx\/tienda\/producto\/zk-teco-fmb-05-zkteco-fmb05-soporte-para-interiores-para-equipos-de-pared-linea-speedfacev5l-speedfaceh5l-proface-x-y-facedepot7bl-altura-131-5-cm\/\" \/>\n<meta property=\"og:locale\" content=\"es_MX\" \/>\n<meta property=\"og:type\" content=\"article\" \/>\n<meta property=\"og:title\" content=\"[ Zk Teco ] &#129351; Fmb-05 Zkteco Fmb05 - Soporte Para Interiores Para Equipos De Pared \/ Linea Speedfacev5l, Speedfaceh5l, Proface X Y Facedepot7bl \/ Altura: 131.5 Cm\/\" \/>\n<meta property=\"og:description\" content=\"Compra Fmb-05 Zkteco Fmb05 - Soporte Para Interiores Para Equipos De Pared \/ Linea Speedfacev5l, Speedfaceh5l, Proface X Y Facedepot7bl \/ Altura: 131.5 Cm\/ + Env\u00edo a domicilio + Pago seguro + Garant\u00eda\" \/>\n<meta property=\"og:url\" content=\"https:\/\/compuviper.mx\/tienda\/producto\/zk-teco-fmb-05-zkteco-fmb05-soporte-para-interiores-para-equipos-de-pared-linea-speedfacev5l-speedfaceh5l-proface-x-y-facedepot7bl-altura-131-5-cm\/\" \/>\n<meta property=\"og:site_name\" content=\"Compuviper\" \/>\n<meta property=\"article:publisher\" content=\"https:\/\/www.facebook.com\/compuviper\" \/>\n<meta property=\"article:modified_time\" content=\"2026-04-28T05:19:12+00:00\" \/>\n<meta name=\"twitter:card\" content=\"summary_large_image\" \/>\n<meta name=\"twitter:label1\" content=\"Precio\" \/>\n\t<meta name=\"twitter:data1\" content=\"&#36;4,063 con IVA\" \/>\n\t<meta name=\"twitter:label2\" content=\"Availability\" \/>\n\t<meta name=\"twitter:data2\" content=\"On backorder\" \/>\n<script type=\"application\/ld+json\" class=\"yoast-schema-graph\">{\"@context\":\"https:\/\/schema.org\",\"@graph\":[{\"@type\":\"WebPage\",\"@id\":\"https:\/\/compuviper.mx\/tienda\/producto\/zk-teco-fmb-05-zkteco-fmb05-soporte-para-interiores-para-equipos-de-pared-linea-speedfacev5l-speedfaceh5l-proface-x-y-facedepot7bl-altura-131-5-cm\/\",\"url\":\"https:\/\/compuviper.mx\/tienda\/producto\/zk-teco-fmb-05-zkteco-fmb05-soporte-para-interiores-para-equipos-de-pared-linea-speedfacev5l-speedfaceh5l-proface-x-y-facedepot7bl-altura-131-5-cm\/\",\"name\":\"[ Zk Teco ] &#129351; Fmb-05 Zkteco Fmb05 - Soporte Para Interiores Para Equipos De Pared \/ Linea Speedfacev5l, Speedfaceh5l, Proface X Y Facedepot7bl \/ Altura: 131.5 Cm\/\",\"isPartOf\":{\"@id\":\"https:\/\/compuviper.mx\/tienda\/#website\"},\"datePublished\":\"2026-04-28T05:19:11+00:00\",\"dateModified\":\"2026-04-28T05:19:12+00:00\",\"description\":\"Compra Fmb-05 Zkteco Fmb05 - Soporte Para Interiores Para Equipos De Pared \/ Linea Speedfacev5l, Speedfaceh5l, Proface X Y Facedepot7bl \/ Altura: 131.5 Cm\/ + Env\u00edo a domicilio + Pago seguro + Garant\u00eda\",\"breadcrumb\":{\"@id\":\"https:\/\/compuviper.mx\/tienda\/producto\/zk-teco-fmb-05-zkteco-fmb05-soporte-para-interiores-para-equipos-de-pared-linea-speedfacev5l-speedfaceh5l-proface-x-y-facedepot7bl-altura-131-5-cm\/#breadcrumb\"},\"inLanguage\":\"es-MX\",\"potentialAction\":[{\"@type\":\"ReadAction\",\"target\":[\"https:\/\/compuviper.mx\/tienda\/producto\/zk-teco-fmb-05-zkteco-fmb05-soporte-para-interiores-para-equipos-de-pared-linea-speedfacev5l-speedfaceh5l-proface-x-y-facedepot7bl-altura-131-5-cm\/\"]}]},{\"@type\":\"BreadcrumbList\",\"@id\":\"https:\/\/compuviper.mx\/tienda\/producto\/zk-teco-fmb-05-zkteco-fmb05-soporte-para-interiores-para-equipos-de-pared-linea-speedfacev5l-speedfaceh5l-proface-x-y-facedepot7bl-altura-131-5-cm\/#breadcrumb\",\"itemListElement\":[{\"@type\":\"ListItem\",\"position\":1,\"name\":\"Inicio\",\"item\":\"https:\/\/compuviper.mx\/tienda\/\"},{\"@type\":\"ListItem\",\"position\":2,\"name\":\"Productos\",\"item\":\"https:\/\/compuviper.mx\/tienda\/productos\/\"},{\"@type\":\"ListItem\",\"position\":3,\"name\":\"Control De Acceso Y Asistencia\",\"item\":\"https:\/\/compuviper.mx\/tienda\/categoria-producto\/control-de-acceso-y-asistencia\/\"},{\"@type\":\"ListItem\",\"position\":4,\"name\":\"Accesorios De Control De Acceso Y Asistencia\",\"item\":\"https:\/\/compuviper.mx\/tienda\/categoria-producto\/control-de-acceso-y-asistencia\/accesorios-de-control-de-acceso-y-asistencia\/\"},{\"@type\":\"ListItem\",\"position\":5,\"name\":\"Zk Teco Fmb-05 Zkteco Fmb05 &#8211; Soporte Para Interiores Para Equipos De Pared \/ Linea Speedfacev5l, Speedfaceh5l, Proface X Y Facedepot7bl \/ Altura: 131.5 Cm\/\"}]},{\"@type\":\"WebSite\",\"@id\":\"https:\/\/compuviper.mx\/tienda\/#website\",\"url\":\"https:\/\/compuviper.mx\/tienda\/\",\"name\":\"Compuviper\",\"description\":\"Proveedor de Computadoras, Laptops, Servidores, Monitores, Puntos de Venta, Teclados,   Impresoras, T\u00f3ner, C\u00e1maras de Seguridad y m\u00e1s en tu tienda en l\u00ednea\",\"publisher\":{\"@id\":\"https:\/\/compuviper.mx\/tienda\/#organization\"},\"potentialAction\":[{\"@type\":\"SearchAction\",\"target\":{\"@type\":\"EntryPoint\",\"urlTemplate\":\"https:\/\/compuviper.mx\/tienda\/?s={search_term_string}\"},\"query-input\":\"required name=search_term_string\"}],\"inLanguage\":\"es-MX\"},{\"@type\":\"Organization\",\"@id\":\"https:\/\/compuviper.mx\/tienda\/#organization\",\"name\":\"Compuviper\",\"url\":\"https:\/\/compuviper.mx\/tienda\/\",\"logo\":{\"@type\":\"ImageObject\",\"inLanguage\":\"es-MX\",\"@id\":\"https:\/\/compuviper.mx\/tienda\/#\/schema\/logo\/image\/\",\"url\":\"https:\/\/compuviper.mx\/tienda\/wp-content\/uploads\/2021\/08\/Logo-Compuviper-10.png\",\"contentUrl\":\"https:\/\/compuviper.mx\/tienda\/wp-content\/uploads\/2021\/08\/Logo-Compuviper-10.png\",\"width\":1000,\"height\":500,\"caption\":\"Compuviper\"},\"image\":{\"@id\":\"https:\/\/compuviper.mx\/tienda\/#\/schema\/logo\/image\/\"},\"sameAs\":[\"https:\/\/www.facebook.com\/compuviper\",\"https:\/\/www.youtube.com\/channel\/UCf73dERp9Y3cfOq7q8BhLjA?view_as=subscriber\"]}]}<\/script>\n<meta property=\"product:brand\" content=\"ZK TECO\" \/>\n<meta property=\"product:price:amount\" content=\"4063\" \/>\n<meta property=\"product:price:currency\" content=\"MXN\" \/>\n<meta property=\"og:availability\" content=\"backorder\" \/>\n<meta property=\"product:availability\" content=\"available for order\" \/>\n<meta property=\"product:retailer_item_id\" content=\"FMB-05\" \/>\n<meta property=\"product:condition\" content=\"new\" \/>\n<!-- \/ Yoast SEO plugin. -->","yoast_head_json":{"title":"[ Zk Teco ] &#129351; Fmb-05 Zkteco Fmb05 - Soporte Para Interiores Para Equipos De Pared \/ Linea Speedfacev5l, Speedfaceh5l, Proface X Y Facedepot7bl \/ Altura: 131.5 Cm\/","description":"Compra Fmb-05 Zkteco Fmb05 - Soporte Para Interiores Para Equipos De Pared \/ Linea Speedfacev5l, Speedfaceh5l, Proface X Y Facedepot7bl \/ Altura: 131.5 Cm\/ + Env\u00edo a domicilio + Pago seguro + Garant\u00eda","robots":{"index":"index","follow":"follow","max-snippet":"max-snippet:-1","max-image-preview":"max-image-preview:large","max-video-preview":"max-video-preview:-1"},"canonical":"https:\/\/compuviper.mx\/tienda\/producto\/zk-teco-fmb-05-zkteco-fmb05-soporte-para-interiores-para-equipos-de-pared-linea-speedfacev5l-speedfaceh5l-proface-x-y-facedepot7bl-altura-131-5-cm\/","og_locale":"es_MX","og_type":"article","og_title":"[ Zk Teco ] &#129351; Fmb-05 Zkteco Fmb05 - Soporte Para Interiores Para Equipos De Pared \/ Linea Speedfacev5l, Speedfaceh5l, Proface X Y Facedepot7bl \/ Altura: 131.5 Cm\/","og_description":"Compra Fmb-05 Zkteco Fmb05 - Soporte Para Interiores Para Equipos De Pared \/ Linea Speedfacev5l, Speedfaceh5l, Proface X Y Facedepot7bl \/ Altura: 131.5 Cm\/ + Env\u00edo a domicilio + Pago seguro + Garant\u00eda","og_url":"https:\/\/compuviper.mx\/tienda\/producto\/zk-teco-fmb-05-zkteco-fmb05-soporte-para-interiores-para-equipos-de-pared-linea-speedfacev5l-speedfaceh5l-proface-x-y-facedepot7bl-altura-131-5-cm\/","og_site_name":"Compuviper","article_publisher":"https:\/\/www.facebook.com\/compuviper","article_modified_time":"2026-04-28T05:19:12+00:00","twitter_card":"summary_large_image","twitter_misc":{"Precio":"&#36;4,063 con IVA","Availability":"On backorder"},"schema":{"@context":"https:\/\/schema.org","@graph":[{"@type":"WebPage","@id":"https:\/\/compuviper.mx\/tienda\/producto\/zk-teco-fmb-05-zkteco-fmb05-soporte-para-interiores-para-equipos-de-pared-linea-speedfacev5l-speedfaceh5l-proface-x-y-facedepot7bl-altura-131-5-cm\/","url":"https:\/\/compuviper.mx\/tienda\/producto\/zk-teco-fmb-05-zkteco-fmb05-soporte-para-interiores-para-equipos-de-pared-linea-speedfacev5l-speedfaceh5l-proface-x-y-facedepot7bl-altura-131-5-cm\/","name":"[ Zk Teco ] &#129351; Fmb-05 Zkteco Fmb05 - Soporte Para Interiores Para Equipos De Pared \/ Linea Speedfacev5l, Speedfaceh5l, Proface X Y Facedepot7bl \/ Altura: 131.5 Cm\/","isPartOf":{"@id":"https:\/\/compuviper.mx\/tienda\/#website"},"datePublished":"2026-04-28T05:19:11+00:00","dateModified":"2026-04-28T05:19:12+00:00","description":"Compra Fmb-05 Zkteco Fmb05 - Soporte Para Interiores Para Equipos De Pared \/ Linea Speedfacev5l, Speedfaceh5l, Proface X Y Facedepot7bl \/ Altura: 131.5 Cm\/ + Env\u00edo a domicilio + Pago seguro + Garant\u00eda","breadcrumb":{"@id":"https:\/\/compuviper.mx\/tienda\/producto\/zk-teco-fmb-05-zkteco-fmb05-soporte-para-interiores-para-equipos-de-pared-linea-speedfacev5l-speedfaceh5l-proface-x-y-facedepot7bl-altura-131-5-cm\/#breadcrumb"},"inLanguage":"es-MX","potentialAction":[{"@type":"ReadAction","target":["https:\/\/compuviper.mx\/tienda\/producto\/zk-teco-fmb-05-zkteco-fmb05-soporte-para-interiores-para-equipos-de-pared-linea-speedfacev5l-speedfaceh5l-proface-x-y-facedepot7bl-altura-131-5-cm\/"]}]},{"@type":"BreadcrumbList","@id":"https:\/\/compuviper.mx\/tienda\/producto\/zk-teco-fmb-05-zkteco-fmb05-soporte-para-interiores-para-equipos-de-pared-linea-speedfacev5l-speedfaceh5l-proface-x-y-facedepot7bl-altura-131-5-cm\/#breadcrumb","itemListElement":[{"@type":"ListItem","position":1,"name":"Inicio","item":"https:\/\/compuviper.mx\/tienda\/"},{"@type":"ListItem","position":2,"name":"Productos","item":"https:\/\/compuviper.mx\/tienda\/productos\/"},{"@type":"ListItem","position":3,"name":"Control De Acceso Y Asistencia","item":"https:\/\/compuviper.mx\/tienda\/categoria-producto\/control-de-acceso-y-asistencia\/"},{"@type":"ListItem","position":4,"name":"Accesorios De Control De Acceso Y Asistencia","item":"https:\/\/compuviper.mx\/tienda\/categoria-producto\/control-de-acceso-y-asistencia\/accesorios-de-control-de-acceso-y-asistencia\/"},{"@type":"ListItem","position":5,"name":"Zk Teco Fmb-05 Zkteco Fmb05 &#8211; Soporte Para Interiores Para Equipos De Pared \/ Linea Speedfacev5l, Speedfaceh5l, Proface X Y Facedepot7bl \/ Altura: 131.5 Cm\/"}]},{"@type":"WebSite","@id":"https:\/\/compuviper.mx\/tienda\/#website","url":"https:\/\/compuviper.mx\/tienda\/","name":"Compuviper","description":"Proveedor de Computadoras, Laptops, Servidores, Monitores, Puntos de Venta, Teclados,   Impresoras, T\u00f3ner, C\u00e1maras de Seguridad y m\u00e1s en tu tienda en l\u00ednea","publisher":{"@id":"https:\/\/compuviper.mx\/tienda\/#organization"},"potentialAction":[{"@type":"SearchAction","target":{"@type":"EntryPoint","urlTemplate":"https:\/\/compuviper.mx\/tienda\/?s={search_term_string}"},"query-input":"required name=search_term_string"}],"inLanguage":"es-MX"},{"@type":"Organization","@id":"https:\/\/compuviper.mx\/tienda\/#organization","name":"Compuviper","url":"https:\/\/compuviper.mx\/tienda\/","logo":{"@type":"ImageObject","inLanguage":"es-MX","@id":"https:\/\/compuviper.mx\/tienda\/#\/schema\/logo\/image\/","url":"https:\/\/compuviper.mx\/tienda\/wp-content\/uploads\/2021\/08\/Logo-Compuviper-10.png","contentUrl":"https:\/\/compuviper.mx\/tienda\/wp-content\/uploads\/2021\/08\/Logo-Compuviper-10.png","width":1000,"height":500,"caption":"Compuviper"},"image":{"@id":"https:\/\/compuviper.mx\/tienda\/#\/schema\/logo\/image\/"},"sameAs":["https:\/\/www.facebook.com\/compuviper","https:\/\/www.youtube.com\/channel\/UCf73dERp9Y3cfOq7q8BhLjA?view_as=subscriber"]}]},"product_brand":"ZK TECO","product_price_amount":"4063","product_price_currency":"MXN","og_availability":"backorder","product_availability":"available for order","product_retailer_item_id":"FMB-05","product_condition":"new"},"_links":{"self":[{"href":"https:\/\/compuviper.mx\/tienda\/wp-json\/wp\/v2\/product\/264295"}],"collection":[{"href":"https:\/\/compuviper.mx\/tienda\/wp-json\/wp\/v2\/product"}],"about":[{"href":"https:\/\/compuviper.mx\/tienda\/wp-json\/wp\/v2\/types\/product"}],"replies":[{"embeddable":true,"href":"https:\/\/compuviper.mx\/tienda\/wp-json\/wp\/v2\/comments?post=264295"}],"wp:attachment":[{"href":"https:\/\/compuviper.mx\/tienda\/wp-json\/wp\/v2\/media?parent=264295"}],"wp:term":[{"taxonomy":"product_cat","embeddable":true,"href":"https:\/\/compuviper.mx\/tienda\/wp-json\/wp\/v2\/product_cat?post=264295"},{"taxonomy":"product_tag","embeddable":true,"href":"https:\/\/compuviper.mx\/tienda\/wp-json\/wp\/v2\/product_tag?post=264295"}],"curies":[{"name":"wp","href":"https:\/\/api.w.org\/{rel}","templated":true}]}}