{"id":264289,"date":"2026-04-02T02:23:47","date_gmt":"2026-04-02T08:23:47","guid":{"rendered":"https:\/\/compuviper.mx\/tienda\/producto\/lg-55pk640s-television-led-55-p-uhd-tv-signage-300-nits-16-7-webos-25-8ms-60hz-audio-10w-x-2-smart-home-navegador-web-hdmi-2-0-usb-2-0-rs232-vesa-200-x-300\/"},"modified":"2026-04-02T02:23:47","modified_gmt":"2026-04-02T08:23:47","slug":"lg-55pk640s-television-led-55-p-uhd-tv-signage-300-nits-16-7-webos-25-8ms-60hz-audio-10w-x-2-smart-home-navegador-web-hdmi-2-0-usb-2-0-rs232-vesa-200-x-300","status":"publish","type":"product","link":"https:\/\/compuviper.mx\/tienda\/producto\/lg-55pk640s-television-led-55-p-uhd-tv-signage-300-nits-16-7-webos-25-8ms-60hz-audio-10w-x-2-smart-home-navegador-web-hdmi-2-0-usb-2-0-rs232-vesa-200-x-300\/","title":{"rendered":"Lg 55pk640s Television Led  55 P Uhd Tv Signage 300 Nits 16\/7 Webos 25 8ms 60hz Audio 10w X 2 Smart Home , Navegador Web, Hdmi 2.0 Usb 2.0 Rs232 Vesa 200 X 300"},"content":{"rendered":"<table class=\"descripcion\">\n<tr>\n<td>Especificaciones t\u00e9cnicas<\/td>\n<\/tr>\n<tr>\n<td>Categor\u00eda<\/td>\n<\/tr>\n<tr>\n<td>Se\u00f1alizaci\u00f3n de tv<\/td>\n<\/tr>\n<tr>\n<td>Dise\u00f1o<\/td>\n<\/tr>\n<tr>\n<td>Nombre de la herramienta boe ua73<\/td>\n<\/tr>\n<tr>\n<td>Color frontal negro<\/td>\n<\/tr>\n<tr>\n<td>Tipo de soporte 2 polos<\/td>\n<\/tr>\n<tr>\n<td>Mostrar<\/td>\n<\/tr>\n<tr>\n<td>Pulgada 55<\/td>\n<\/tr>\n<tr>\n<td>Resoluci\u00f3n 3840 x 2160 (4k uhd)<\/td>\n<\/tr>\n<tr>\n<td>Tipo de unidad de retroiluminaci\u00f3n directo<\/td>\n<\/tr>\n<tr>\n<td>Brillo 300 nits \/ 260 nits (m\u00e1x. \/ t\u00edpico)<\/td>\n<\/tr>\n<tr>\n<td>Relaci\u00f3n de contraste din\u00e1mico (mci din\u00e1mico (hz)) 1.000.000: 1<\/td>\n<\/tr>\n<tr>\n<td>Relaci\u00f3n de contraste est\u00e1tico (panel) 1.200 : 1 (t\u00edpico)<\/td>\n<\/tr>\n<tr>\n<td>Tiempo de respuesta (g a g, ms) 8 ms (t\u00edpico)<\/td>\n<\/tr>\n<tr>\n<td>Frecuencia de actualizaci\u00f3n 60 hz<\/td>\n<\/tr>\n<tr>\n<td>Vida \u00fatil de la luz de fondo 30.000 horas, 16 horas \/ 7 d\u00edas<\/td>\n<\/tr>\n<tr>\n<td>Video<\/td>\n<\/tr>\n<tr>\n<td>Soc k25lp<\/td>\n<\/tr>\n<tr>\n<td>Soc (nombre comercial) patio<\/td>\n<\/tr>\n<tr>\n<td>Hdr (10 pro\/hlg) s\u00ed \/ s\u00ed<\/td>\n<\/tr>\n<tr>\n<td>Audio<\/td>\n<\/tr>\n<tr>\n<td>Sistema de altavoces 2.0 canales<\/td>\n<\/tr>\n<tr>\n<td>Altavoz (salida de sonido) 10 w + 10 w<\/td>\n<\/tr>\n<tr>\n<td>Sincronizaci\u00f3n de sonido lg s\u00ed (bluetooth u \u00f3ptico)<\/td>\n<\/tr>\n<tr>\n<td>Sistema de radiodifusi\u00f3n<\/td>\n<\/tr>\n<tr>\n<td>Digital (atsc\/qam claro), anal\u00f3gico (ntsc), teletexto (teletexto autom\u00e1tico), compatibilidad global con iptv (transmisi\u00f3n ip)<\/td>\n<\/tr>\n<tr>\n<td>Funci\u00f3n inteligente<\/td>\n<\/tr>\n<tr>\n<td>Webos25, smart home (barra de inicio), acceso r\u00e1pido, navegador web, aplicaci\u00f3n precargada (solo youtube), compatibilidad con servidores sdp, reloj de software (reloj mundial\/alarma), visualizaci\u00f3n de estado de \u00e1nimo, punto de acceso suave, wi-fi (802.11ac), compartir pantalla (miracast), smart share, dial, reproducci\u00f3n de audio bluetooth, superposici\u00f3n de conexi\u00f3n m\u00f3vil, hdmi-arc (arc, hdmi2)<\/td>\n<\/tr>\n<tr>\n<td>Funci\u00f3n vertical<\/td>\n<\/tr>\n<tr>\n<td>Se\u00f1alizaci\u00f3n (corporativa\/minorista) configuraci\u00f3n vertical, conmutaci\u00f3n por error, reproducci\u00f3n por url, compatibilidad con crestron certi, dpm (gesti\u00f3n digital de energ\u00eda), programador de tiempo, temporizador de sincronizaci\u00f3n ntp, beacon, cm (gestor de contenido) integrado, gm (gestor de grupos) integrado<\/td>\n<\/tr>\n<tr>\n<td>Compatibilidad de software supersign control \/ control plus, cms (premium), editor simple, lg connectedcare<\/td>\n<\/tr>\n<tr>\n<td>Poner de lado<\/td>\n<\/tr>\n<tr>\n<td>Entrada hdmi (2.0), usb (2.0), entrada rf (solo 75\u0094), rs-232c (conector telef\u00f3nico, 4 pines [86\/65\/55\/50\/43\u0094]), salida de altavoz externo (conector telef\u00f3nico de 3,5 mm [65\/55\/50\/43\u0094])<\/td>\n<\/tr>\n<tr>\n<td>Conjunto trasero\/inferior<\/td>\n<\/tr>\n<tr>\n<td>Entrada rf (86\/65\/55\/50\/43\u0094), salida de audio digital (\u00f3ptica), rs-232c (conector telef\u00f3nico de 4 pines [86\/65\/55\/50\/43\u0094]), salida de altavoz externo (conector telef\u00f3nico de 3,5 mm [86\/75\u0094]), rj45 (prop\u00f3sito de uso (lan))<\/td>\n<\/tr>\n<tr>\n<td>Otra caracter\u00edstica<\/td>\n<\/tr>\n<tr>\n<td>Clonaci\u00f3n usb, wol, snmp, diagn\u00f3stico (autodiagn\u00f3stico (usb)), protocolo compatible con si (sintonizador de enlace de tv), htng-cec, simplink (hdmi-cec (1.4)), salida ir (tipo de conector telef\u00f3nico rs-232c), c\u00f3digo ir m\u00faltiple, modo hotel\/pdm\/men\u00fa de instalaci\u00f3n, modo de bloqueo (limitado), bloqueo de puertos, pantalla de bienvenida (imagen de bienvenida), insertar imagen, administrador de canales ip, salida de altavoz externo (salida de audio con conector telef\u00f3nico de 3,5 mm), reproducci\u00f3n de im\u00e1genes en movimiento (sd\/hd\/plus hd), apagado autom\u00e1tico\/temporizador de apagado, modo de ahorro de energ\u00eda, motion eye care<\/td>\n<\/tr>\n<tr>\n<td>Dimensi\u00f3n<\/td>\n<\/tr>\n<tr>\n<td>Compatible con vesa 200 \u00d7 300 mm<\/td>\n<\/tr>\n<tr>\n<td>Ancho x alto x profundidad \/ peso (con soporte) 1.226 \u00d7 766 \u00d7 275 mm \/ 10,4 kg<\/td>\n<\/tr>\n<tr>\n<td>Ancho x alto x profundidad \/ peso (sin soporte) 1.226 \u00d7 711 \u00d7 59,8 mm \/ 10,2 kg<\/td>\n<\/tr>\n<tr>\n<td>Ancho x alto x profundidad \/ peso (env\u00edo) 1.380 \u00d7 830 \u00d7 118 mm \/ 13,7 kg<\/td>\n<\/tr>\n<tr>\n<td>Ancho del bisel (i\/d\/u\/b) 8,2\/8,2\/8,2\/17,5 mm<\/td>\n<\/tr>\n<tr>\n<td>Ancho del bisel (i\/d\/u\/b) 6,9\/6,9\/6,9\/1,3 mm<\/td>\n<\/tr>\n<tr>\n<td>Fuerza<\/td>\n<\/tr>\n<tr>\n<td>Fuente de alimentaci\u00f3n (voltaje, hz) ca 100-240 v, 50-60 hz<\/td>\n<\/tr>\n<tr>\n<td>Consumo de energ\u00eda (t\u00edpico\/m\u00e1x.) 136 w \/ 113 w<\/td>\n<\/tr>\n<tr>\n<td>Consumo de energ\u00eda en modo de espera menos de 0,5 w<\/td>\n<\/tr>\n<tr>\n<td>Proceso de dar un t\u00edtulo<\/td>\n<\/tr>\n<tr>\n<td>Seguridad ul<\/td>\n<\/tr>\n<tr>\n<td>Compatibilidad electromagn\u00e9tica clase b de la fcc<\/td>\n<\/tr>\n<tr>\n<td>Otros ista6<\/td>\n<\/tr>\n<tr>\n<td>Accesorio<\/td>\n<\/tr>\n<tr>\n<td>Tipo remoto (l-con, akb75095376), cable de alimentaci\u00f3n (86\/75\u0094: 2 m, 65\/55\/50\/43\u0094: 1,5 m), cable rs-232c a conector telef\u00f3nico<\/td>\n<\/tr>\n<\/table>\n","protected":false},"excerpt":{"rendered":"<p>Claro, aqu\u00ed tienes el texto completamente en may\u00fasculas. Excelente calidad de imagen con resoluci\u00f3n ultra hd. Con una resoluci\u00f3n 4 veces superior a fhd, hace que los colores y los detalles del contenido sean m\u00e1s v\u00edvidos y realistas. Dise\u00f1o delgado. El pk640s destaca por su dise\u00f1o delgado. Su dise\u00f1o compacto no solo ahorra espacio, sino que tambi\u00e9n facilita su instalaci\u00f3n, lo que lo convierte en la opci\u00f3n ideal para diversos entornos. Conveniente plataforma webos. Lg webos 25, con soc* y motor web mejorados, est\u00e1 disponible en la serie pk640s para una ejecuci\u00f3n fluida de diversas tareas. La plataforma de se\u00f1alizaci\u00f3n inteligente lg webos mejora la comodidad del usuario con una interfaz gr\u00e1fica intuitiva.*. Soc: sistema en chip. ** gui: interfaz gr\u00e1fica de usuario. Gesti\u00f3n de contenido vers\u00e1til con lg supersign cms. Lg supersign cms es una soluci\u00f3n integrada e intuitiva para gestionar contenido de se\u00f1alizaci\u00f3n digital creativo y bien organizado. Ayuda a conectar a los clientes con diversos servicios, a la vez que mejora la experiencia general del usuario. Lg supersign cms se vende por separado. Gesti\u00f3n de contenidos y grupos. El sistema integrado de gesti\u00f3n de contenido y grupos permite editar y reproducir contenido, crear listas de reproducci\u00f3n y controlar la se\u00f1alizaci\u00f3n f\u00e1cilmente con un control remoto, un rat\u00f3n o un tel\u00e9fono m\u00f3vil, sin necesidad de una pc ni software adicional. Esto simplifica y facilita la gesti\u00f3n de contenido. Soporte para administraci\u00f3n de energ\u00eda de pantalla. La administraci\u00f3n de energ\u00eda de pantalla (dpm) se puede configurar en activado cuando se detecta una se\u00f1al de tv, lo que permite una administraci\u00f3n de energ\u00eda m\u00e1s eficiente. Monitoreo en tiempo real con lg connectedcare. Lg connectedcare, una soluci\u00f3n opcional de servicio en la nube, ofrece un mantenimiento r\u00e1pido y sencillo mediante la monitorizaci\u00f3n remota del estado de las pantallas en los centros de trabajo de los clientes. Admite diagn\u00f3stico de fallos y servicios de control remoto, lo que ayuda a garantizar un funcionamiento estable de los negocios de los clientes.<\/p>\n","protected":false},"featured_media":0,"comment_status":"open","ping_status":"open","template":"","meta":[],"product_cat":[1838,1839],"product_tag":[1687],"acf":[],"yoast_head":"<!-- This site is optimized with the Yoast SEO plugin v21.7 - https:\/\/yoast.com\/wordpress\/plugins\/seo\/ -->\n<title>[ Lg ] &#129351; 55pk640s Television Led 55 P Uhd Tv Signage 300 Nits 16\/7 Webos 25 8ms 60hz Audio 10w X 2 Smart Home , Navegador Web, Hdmi 2.0 Usb 2.0 Rs232 Vesa 200 X 300<\/title>\n<meta name=\"description\" content=\"Compra 55pk640s Television Led 55 P Uhd Tv Signage 300 Nits 16\/7 Webos 25 8ms 60hz Audio 10w X 2 Smart Home , Navegador Web, Hdmi 2.0 Usb 2.0 Rs232 Vesa 200 X 300 + Env\u00edo a domicilio + Pago seguro + Garant\u00eda\" \/>\n<meta name=\"robots\" content=\"index, follow, max-snippet:-1, max-image-preview:large, max-video-preview:-1\" \/>\n<link rel=\"canonical\" href=\"https:\/\/compuviper.mx\/tienda\/producto\/lg-55pk640s-television-led-55-p-uhd-tv-signage-300-nits-16-7-webos-25-8ms-60hz-audio-10w-x-2-smart-home-navegador-web-hdmi-2-0-usb-2-0-rs232-vesa-200-x-300\/\" \/>\n<meta property=\"og:locale\" content=\"es_MX\" \/>\n<meta property=\"og:type\" content=\"article\" \/>\n<meta property=\"og:title\" content=\"[ Lg ] &#129351; 55pk640s Television Led 55 P Uhd Tv Signage 300 Nits 16\/7 Webos 25 8ms 60hz Audio 10w X 2 Smart Home , Navegador Web, Hdmi 2.0 Usb 2.0 Rs232 Vesa 200 X 300\" \/>\n<meta property=\"og:description\" content=\"Compra 55pk640s Television Led 55 P Uhd Tv Signage 300 Nits 16\/7 Webos 25 8ms 60hz Audio 10w X 2 Smart Home , Navegador Web, Hdmi 2.0 Usb 2.0 Rs232 Vesa 200 X 300 + Env\u00edo a domicilio + Pago seguro + Garant\u00eda\" \/>\n<meta property=\"og:url\" content=\"https:\/\/compuviper.mx\/tienda\/producto\/lg-55pk640s-television-led-55-p-uhd-tv-signage-300-nits-16-7-webos-25-8ms-60hz-audio-10w-x-2-smart-home-navegador-web-hdmi-2-0-usb-2-0-rs232-vesa-200-x-300\/\" \/>\n<meta property=\"og:site_name\" content=\"Compuviper\" \/>\n<meta property=\"article:publisher\" content=\"https:\/\/www.facebook.com\/compuviper\" \/>\n<meta name=\"twitter:card\" content=\"summary_large_image\" \/>\n<meta name=\"twitter:label1\" content=\"Precio\" \/>\n\t<meta name=\"twitter:data1\" content=\"&#36;9,296 con IVA\" \/>\n\t<meta name=\"twitter:label2\" content=\"Availability\" \/>\n\t<meta name=\"twitter:data2\" content=\"In stock\" \/>\n<script type=\"application\/ld+json\" class=\"yoast-schema-graph\">{\"@context\":\"https:\/\/schema.org\",\"@graph\":[{\"@type\":\"WebPage\",\"@id\":\"https:\/\/compuviper.mx\/tienda\/producto\/lg-55pk640s-television-led-55-p-uhd-tv-signage-300-nits-16-7-webos-25-8ms-60hz-audio-10w-x-2-smart-home-navegador-web-hdmi-2-0-usb-2-0-rs232-vesa-200-x-300\/\",\"url\":\"https:\/\/compuviper.mx\/tienda\/producto\/lg-55pk640s-television-led-55-p-uhd-tv-signage-300-nits-16-7-webos-25-8ms-60hz-audio-10w-x-2-smart-home-navegador-web-hdmi-2-0-usb-2-0-rs232-vesa-200-x-300\/\",\"name\":\"[ Lg ] &#129351; 55pk640s Television Led 55 P Uhd Tv Signage 300 Nits 16\/7 Webos 25 8ms 60hz Audio 10w X 2 Smart Home , Navegador Web, Hdmi 2.0 Usb 2.0 Rs232 Vesa 200 X 300\",\"isPartOf\":{\"@id\":\"https:\/\/compuviper.mx\/tienda\/#website\"},\"datePublished\":\"2026-04-02T08:23:47+00:00\",\"dateModified\":\"2026-04-02T08:23:47+00:00\",\"description\":\"Compra 55pk640s Television Led 55 P Uhd Tv Signage 300 Nits 16\/7 Webos 25 8ms 60hz Audio 10w X 2 Smart Home , Navegador Web, Hdmi 2.0 Usb 2.0 Rs232 Vesa 200 X 300 + Env\u00edo a domicilio + Pago seguro + Garant\u00eda\",\"breadcrumb\":{\"@id\":\"https:\/\/compuviper.mx\/tienda\/producto\/lg-55pk640s-television-led-55-p-uhd-tv-signage-300-nits-16-7-webos-25-8ms-60hz-audio-10w-x-2-smart-home-navegador-web-hdmi-2-0-usb-2-0-rs232-vesa-200-x-300\/#breadcrumb\"},\"inLanguage\":\"es-MX\",\"potentialAction\":[{\"@type\":\"ReadAction\",\"target\":[\"https:\/\/compuviper.mx\/tienda\/producto\/lg-55pk640s-television-led-55-p-uhd-tv-signage-300-nits-16-7-webos-25-8ms-60hz-audio-10w-x-2-smart-home-navegador-web-hdmi-2-0-usb-2-0-rs232-vesa-200-x-300\/\"]}]},{\"@type\":\"BreadcrumbList\",\"@id\":\"https:\/\/compuviper.mx\/tienda\/producto\/lg-55pk640s-television-led-55-p-uhd-tv-signage-300-nits-16-7-webos-25-8ms-60hz-audio-10w-x-2-smart-home-navegador-web-hdmi-2-0-usb-2-0-rs232-vesa-200-x-300\/#breadcrumb\",\"itemListElement\":[{\"@type\":\"ListItem\",\"position\":1,\"name\":\"Inicio\",\"item\":\"https:\/\/compuviper.mx\/tienda\/\"},{\"@type\":\"ListItem\",\"position\":2,\"name\":\"Productos\",\"item\":\"https:\/\/compuviper.mx\/tienda\/productos\/\"},{\"@type\":\"ListItem\",\"position\":3,\"name\":\"Televisor\",\"item\":\"https:\/\/compuviper.mx\/tienda\/categoria-producto\/televisor\/\"},{\"@type\":\"ListItem\",\"position\":4,\"name\":\"Led\",\"item\":\"https:\/\/compuviper.mx\/tienda\/categoria-producto\/televisor\/led-televisor\/\"},{\"@type\":\"ListItem\",\"position\":5,\"name\":\"Lg 55pk640s Television Led 55 P Uhd Tv Signage 300 Nits 16\/7 Webos 25 8ms 60hz Audio 10w X 2 Smart Home , Navegador Web, Hdmi 2.0 Usb 2.0 Rs232 Vesa 200 X 300\"}]},{\"@type\":\"WebSite\",\"@id\":\"https:\/\/compuviper.mx\/tienda\/#website\",\"url\":\"https:\/\/compuviper.mx\/tienda\/\",\"name\":\"Compuviper\",\"description\":\"Proveedor de Computadoras, Laptops, Servidores, Monitores, Puntos de Venta, Teclados,   Impresoras, T\u00f3ner, C\u00e1maras de Seguridad y m\u00e1s en tu tienda en l\u00ednea\",\"publisher\":{\"@id\":\"https:\/\/compuviper.mx\/tienda\/#organization\"},\"potentialAction\":[{\"@type\":\"SearchAction\",\"target\":{\"@type\":\"EntryPoint\",\"urlTemplate\":\"https:\/\/compuviper.mx\/tienda\/?s={search_term_string}\"},\"query-input\":\"required name=search_term_string\"}],\"inLanguage\":\"es-MX\"},{\"@type\":\"Organization\",\"@id\":\"https:\/\/compuviper.mx\/tienda\/#organization\",\"name\":\"Compuviper\",\"url\":\"https:\/\/compuviper.mx\/tienda\/\",\"logo\":{\"@type\":\"ImageObject\",\"inLanguage\":\"es-MX\",\"@id\":\"https:\/\/compuviper.mx\/tienda\/#\/schema\/logo\/image\/\",\"url\":\"https:\/\/compuviper.mx\/tienda\/wp-content\/uploads\/2021\/08\/Logo-Compuviper-10.png\",\"contentUrl\":\"https:\/\/compuviper.mx\/tienda\/wp-content\/uploads\/2021\/08\/Logo-Compuviper-10.png\",\"width\":1000,\"height\":500,\"caption\":\"Compuviper\"},\"image\":{\"@id\":\"https:\/\/compuviper.mx\/tienda\/#\/schema\/logo\/image\/\"},\"sameAs\":[\"https:\/\/www.facebook.com\/compuviper\",\"https:\/\/www.youtube.com\/channel\/UCf73dERp9Y3cfOq7q8BhLjA?view_as=subscriber\"]}]}<\/script>\n<meta property=\"product:brand\" content=\"LG\" \/>\n<meta property=\"product:price:amount\" content=\"9296\" \/>\n<meta property=\"product:price:currency\" content=\"MXN\" \/>\n<meta property=\"og:availability\" content=\"instock\" \/>\n<meta property=\"product:availability\" content=\"instock\" \/>\n<meta property=\"product:retailer_item_id\" content=\"55PK640S\" \/>\n<meta property=\"product:condition\" content=\"new\" \/>\n<!-- \/ Yoast SEO plugin. -->","yoast_head_json":{"title":"[ Lg ] &#129351; 55pk640s Television Led 55 P Uhd Tv Signage 300 Nits 16\/7 Webos 25 8ms 60hz Audio 10w X 2 Smart Home , Navegador Web, Hdmi 2.0 Usb 2.0 Rs232 Vesa 200 X 300","description":"Compra 55pk640s Television Led 55 P Uhd Tv Signage 300 Nits 16\/7 Webos 25 8ms 60hz Audio 10w X 2 Smart Home , Navegador Web, Hdmi 2.0 Usb 2.0 Rs232 Vesa 200 X 300 + Env\u00edo a domicilio + Pago seguro + Garant\u00eda","robots":{"index":"index","follow":"follow","max-snippet":"max-snippet:-1","max-image-preview":"max-image-preview:large","max-video-preview":"max-video-preview:-1"},"canonical":"https:\/\/compuviper.mx\/tienda\/producto\/lg-55pk640s-television-led-55-p-uhd-tv-signage-300-nits-16-7-webos-25-8ms-60hz-audio-10w-x-2-smart-home-navegador-web-hdmi-2-0-usb-2-0-rs232-vesa-200-x-300\/","og_locale":"es_MX","og_type":"article","og_title":"[ Lg ] &#129351; 55pk640s Television Led 55 P Uhd Tv Signage 300 Nits 16\/7 Webos 25 8ms 60hz Audio 10w X 2 Smart Home , Navegador Web, Hdmi 2.0 Usb 2.0 Rs232 Vesa 200 X 300","og_description":"Compra 55pk640s Television Led 55 P Uhd Tv Signage 300 Nits 16\/7 Webos 25 8ms 60hz Audio 10w X 2 Smart Home , Navegador Web, Hdmi 2.0 Usb 2.0 Rs232 Vesa 200 X 300 + Env\u00edo a domicilio + Pago seguro + Garant\u00eda","og_url":"https:\/\/compuviper.mx\/tienda\/producto\/lg-55pk640s-television-led-55-p-uhd-tv-signage-300-nits-16-7-webos-25-8ms-60hz-audio-10w-x-2-smart-home-navegador-web-hdmi-2-0-usb-2-0-rs232-vesa-200-x-300\/","og_site_name":"Compuviper","article_publisher":"https:\/\/www.facebook.com\/compuviper","twitter_card":"summary_large_image","twitter_misc":{"Precio":"&#36;9,296 con IVA","Availability":"In stock"},"schema":{"@context":"https:\/\/schema.org","@graph":[{"@type":"WebPage","@id":"https:\/\/compuviper.mx\/tienda\/producto\/lg-55pk640s-television-led-55-p-uhd-tv-signage-300-nits-16-7-webos-25-8ms-60hz-audio-10w-x-2-smart-home-navegador-web-hdmi-2-0-usb-2-0-rs232-vesa-200-x-300\/","url":"https:\/\/compuviper.mx\/tienda\/producto\/lg-55pk640s-television-led-55-p-uhd-tv-signage-300-nits-16-7-webos-25-8ms-60hz-audio-10w-x-2-smart-home-navegador-web-hdmi-2-0-usb-2-0-rs232-vesa-200-x-300\/","name":"[ Lg ] &#129351; 55pk640s Television Led 55 P Uhd Tv Signage 300 Nits 16\/7 Webos 25 8ms 60hz Audio 10w X 2 Smart Home , Navegador Web, Hdmi 2.0 Usb 2.0 Rs232 Vesa 200 X 300","isPartOf":{"@id":"https:\/\/compuviper.mx\/tienda\/#website"},"datePublished":"2026-04-02T08:23:47+00:00","dateModified":"2026-04-02T08:23:47+00:00","description":"Compra 55pk640s Television Led 55 P Uhd Tv Signage 300 Nits 16\/7 Webos 25 8ms 60hz Audio 10w X 2 Smart Home , Navegador Web, Hdmi 2.0 Usb 2.0 Rs232 Vesa 200 X 300 + Env\u00edo a domicilio + Pago seguro + Garant\u00eda","breadcrumb":{"@id":"https:\/\/compuviper.mx\/tienda\/producto\/lg-55pk640s-television-led-55-p-uhd-tv-signage-300-nits-16-7-webos-25-8ms-60hz-audio-10w-x-2-smart-home-navegador-web-hdmi-2-0-usb-2-0-rs232-vesa-200-x-300\/#breadcrumb"},"inLanguage":"es-MX","potentialAction":[{"@type":"ReadAction","target":["https:\/\/compuviper.mx\/tienda\/producto\/lg-55pk640s-television-led-55-p-uhd-tv-signage-300-nits-16-7-webos-25-8ms-60hz-audio-10w-x-2-smart-home-navegador-web-hdmi-2-0-usb-2-0-rs232-vesa-200-x-300\/"]}]},{"@type":"BreadcrumbList","@id":"https:\/\/compuviper.mx\/tienda\/producto\/lg-55pk640s-television-led-55-p-uhd-tv-signage-300-nits-16-7-webos-25-8ms-60hz-audio-10w-x-2-smart-home-navegador-web-hdmi-2-0-usb-2-0-rs232-vesa-200-x-300\/#breadcrumb","itemListElement":[{"@type":"ListItem","position":1,"name":"Inicio","item":"https:\/\/compuviper.mx\/tienda\/"},{"@type":"ListItem","position":2,"name":"Productos","item":"https:\/\/compuviper.mx\/tienda\/productos\/"},{"@type":"ListItem","position":3,"name":"Televisor","item":"https:\/\/compuviper.mx\/tienda\/categoria-producto\/televisor\/"},{"@type":"ListItem","position":4,"name":"Led","item":"https:\/\/compuviper.mx\/tienda\/categoria-producto\/televisor\/led-televisor\/"},{"@type":"ListItem","position":5,"name":"Lg 55pk640s Television Led 55 P Uhd Tv Signage 300 Nits 16\/7 Webos 25 8ms 60hz Audio 10w X 2 Smart Home , Navegador Web, Hdmi 2.0 Usb 2.0 Rs232 Vesa 200 X 300"}]},{"@type":"WebSite","@id":"https:\/\/compuviper.mx\/tienda\/#website","url":"https:\/\/compuviper.mx\/tienda\/","name":"Compuviper","description":"Proveedor de Computadoras, Laptops, Servidores, Monitores, Puntos de Venta, Teclados,   Impresoras, T\u00f3ner, C\u00e1maras de Seguridad y m\u00e1s en tu tienda en l\u00ednea","publisher":{"@id":"https:\/\/compuviper.mx\/tienda\/#organization"},"potentialAction":[{"@type":"SearchAction","target":{"@type":"EntryPoint","urlTemplate":"https:\/\/compuviper.mx\/tienda\/?s={search_term_string}"},"query-input":"required name=search_term_string"}],"inLanguage":"es-MX"},{"@type":"Organization","@id":"https:\/\/compuviper.mx\/tienda\/#organization","name":"Compuviper","url":"https:\/\/compuviper.mx\/tienda\/","logo":{"@type":"ImageObject","inLanguage":"es-MX","@id":"https:\/\/compuviper.mx\/tienda\/#\/schema\/logo\/image\/","url":"https:\/\/compuviper.mx\/tienda\/wp-content\/uploads\/2021\/08\/Logo-Compuviper-10.png","contentUrl":"https:\/\/compuviper.mx\/tienda\/wp-content\/uploads\/2021\/08\/Logo-Compuviper-10.png","width":1000,"height":500,"caption":"Compuviper"},"image":{"@id":"https:\/\/compuviper.mx\/tienda\/#\/schema\/logo\/image\/"},"sameAs":["https:\/\/www.facebook.com\/compuviper","https:\/\/www.youtube.com\/channel\/UCf73dERp9Y3cfOq7q8BhLjA?view_as=subscriber"]}]},"product_brand":"LG","product_price_amount":"9296","product_price_currency":"MXN","og_availability":"instock","product_availability":"instock","product_retailer_item_id":"55PK640S","product_condition":"new"},"_links":{"self":[{"href":"https:\/\/compuviper.mx\/tienda\/wp-json\/wp\/v2\/product\/264289"}],"collection":[{"href":"https:\/\/compuviper.mx\/tienda\/wp-json\/wp\/v2\/product"}],"about":[{"href":"https:\/\/compuviper.mx\/tienda\/wp-json\/wp\/v2\/types\/product"}],"replies":[{"embeddable":true,"href":"https:\/\/compuviper.mx\/tienda\/wp-json\/wp\/v2\/comments?post=264289"}],"wp:attachment":[{"href":"https:\/\/compuviper.mx\/tienda\/wp-json\/wp\/v2\/media?parent=264289"}],"wp:term":[{"taxonomy":"product_cat","embeddable":true,"href":"https:\/\/compuviper.mx\/tienda\/wp-json\/wp\/v2\/product_cat?post=264289"},{"taxonomy":"product_tag","embeddable":true,"href":"https:\/\/compuviper.mx\/tienda\/wp-json\/wp\/v2\/product_tag?post=264289"}],"curies":[{"name":"wp","href":"https:\/\/api.w.org\/{rel}","templated":true}]}}