{"id":264265,"date":"2026-04-10T00:50:23","date_gmt":"2026-04-10T06:50:23","guid":{"rendered":"https:\/\/compuviper.mx\/tienda\/producto\/lg-32u889sa-w-monitor-smart-swing-4k-uhd-31-5-touchips3840x216060hz169gc-dci-p3-95brillo-350cd-m2tr-5mscontr-10001hdmibluetoothwebosusb-chdr10altavoz-5wx2montaje-100x100blanco\/"},"modified":"2026-04-10T00:50:23","modified_gmt":"2026-04-10T06:50:23","slug":"lg-32u889sa-w-monitor-smart-swing-4k-uhd-31-5-touchips3840x216060hz169gc-dci-p3-95brillo-350cd-m2tr-5mscontr-10001hdmibluetoothwebosusb-chdr10altavoz-5wx2montaje-100x100blanco","status":"publish","type":"product","link":"https:\/\/compuviper.mx\/tienda\/producto\/lg-32u889sa-w-monitor-smart-swing-4k-uhd-31-5-touchips3840x216060hz169gc-dci-p3-95brillo-350cd-m2tr-5mscontr-10001hdmibluetoothwebosusb-chdr10altavoz-5wx2montaje-100x100blanco\/","title":{"rendered":"Lg 32u889sa-w Monitor  Smart Swing  4k Uhd 31.5 Touch,ips,3840&#215;2160,60hz,16:9,gc Dci-p3 95%,brillo 350cd\/m2,tr 5ms,contr 1000:1,hdmi,bluetooth,webos,usb-c,hdr10,altavoz 5wx2,montaje 100&#215;100,blanco."},"content":{"rendered":"<table class=\"descripcion\">\n<tr>\n<td>Lg smart swing 32u889sa-w ips 4k<\/td>\n<\/tr>\n<tr>\n<td>Nombre del producto<\/td>\n<\/tr>\n<tr>\n<td>32u889sa-w<\/td>\n<\/tr>\n<tr>\n<td>A\u00f1o<\/td>\n<\/tr>\n<tr>\n<td>2025<\/td>\n<\/tr>\n<tr>\n<td>Pantalla<\/td>\n<\/tr>\n<tr>\n<td>Tama\u00f1o [pulgadas]<\/td>\n<\/tr>\n<tr>\n<td>31.5<\/td>\n<\/tr>\n<tr>\n<td>Relaci\u00f3n de aspecto<\/td>\n<\/tr>\n<tr>\n<td>16:9<\/td>\n<\/tr>\n<tr>\n<td>Tipo de panel<\/td>\n<\/tr>\n<tr>\n<td>Ips<\/td>\n<\/tr>\n<tr>\n<td>Tiempo de respuesta<\/td>\n<\/tr>\n<tr>\n<td>5ms (gtg at faster)<\/td>\n<\/tr>\n<tr>\n<td>Resoluci\u00f3n<\/td>\n<\/tr>\n<tr>\n<td>3840 x 2160<\/td>\n<\/tr>\n<tr>\n<td>Paso de p\u00edxeles [mm]<\/td>\n<\/tr>\n<tr>\n<td>0.18159 x 0.18159<\/td>\n<\/tr>\n<tr>\n<td>Profundidad de color (n\u00famero de colores)<\/td>\n<\/tr>\n<tr>\n<td>1.07b<\/td>\n<\/tr>\n<tr>\n<td>\u00e1ngulo de visi\u00f3n (cr and #8805;10)<\/td>\n<\/tr>\n<tr>\n<td>178\u00ba(r\/l), 178\u00ba(u\/d)<\/td>\n<\/tr>\n<tr>\n<td>Brillo (t\u00edp.) [cd\/m\u00b2]<\/td>\n<\/tr>\n<tr>\n<td>350<\/td>\n<\/tr>\n<tr>\n<td>Relaci\u00f3n de contraste (t\u00edp.)<\/td>\n<\/tr>\n<tr>\n<td>1000:1<\/td>\n<\/tr>\n<tr>\n<td>Gama de colores (t\u00edp.)<\/td>\n<\/tr>\n<tr>\n<td>Dci-p3 95%<\/td>\n<\/tr>\n<tr>\n<td>Gama de colores (m\u00edn.)<\/td>\n<\/tr>\n<tr>\n<td>Dci-p3 90%<\/td>\n<\/tr>\n<tr>\n<td>Frecuencia de actualizaci\u00f3n (m\u00e1x.) [hz]<\/td>\n<\/tr>\n<tr>\n<td>60<\/td>\n<\/tr>\n<tr>\n<td>Brillo (m\u00edn.) [cd\/m\u00b2]<\/td>\n<\/tr>\n<tr>\n<td>280<\/td>\n<\/tr>\n<tr>\n<td>Relaci\u00f3n de contraste (m\u00edn.)<\/td>\n<\/tr>\n<tr>\n<td>700:1<\/td>\n<\/tr>\n<tr>\n<td>Tama\u00f1o [cm]<\/td>\n<\/tr>\n<tr>\n<td>80<\/td>\n<\/tr>\n<tr>\n<td>Conectividad<\/td>\n<\/tr>\n<tr>\n<td>Hdmi<\/td>\n<\/tr>\n<tr>\n<td>Yes(2ea)<\/td>\n<\/tr>\n<tr>\n<td>Usb-c<\/td>\n<\/tr>\n<tr>\n<td>Yes(3ea)<\/td>\n<\/tr>\n<tr>\n<td>Puerto usb descendente<\/td>\n<\/tr>\n<tr>\n<td>Yes (usb-c, 2ea)<\/td>\n<\/tr>\n<tr>\n<td>Puerto usb ascendente<\/td>\n<\/tr>\n<tr>\n<td>Yes (usb-c, 1ea)<\/td>\n<\/tr>\n<tr>\n<td>Usb-c (transmisi\u00f3n de datos)<\/td>\n<\/tr>\n<tr>\n<td>Yes<\/td>\n<\/tr>\n<tr>\n<td>Usb-c (resoluci\u00f3n m\u00e1x. en hz)<\/td>\n<\/tr>\n<tr>\n<td>2.2<\/td>\n<\/tr>\n<tr>\n<td>Usb-c (power delivery)<\/td>\n<\/tr>\n<tr>\n<td>65w<\/td>\n<\/tr>\n<tr>\n<td>Caracter\u00edsticas<\/td>\n<\/tr>\n<tr>\n<td>Hdr 10<\/td>\n<\/tr>\n<tr>\n<td>Yes<\/td>\n<\/tr>\n<tr>\n<td>Brillo autom\u00e1tico<\/td>\n<\/tr>\n<tr>\n<td>Yes<\/td>\n<\/tr>\n<tr>\n<td>Ahorro de energ\u00eda inteligente<\/td>\n<\/tr>\n<tr>\n<td>Yes<\/td>\n<\/tr>\n<tr>\n<td>A prueba de parpadeos<\/td>\n<\/tr>\n<tr>\n<td>Yes<\/td>\n<\/tr>\n<tr>\n<td>Modo lector<\/td>\n<\/tr>\n<tr>\n<td>Yes<\/td>\n<\/tr>\n<tr>\n<td>Mec\u00e1nico<\/td>\n<\/tr>\n<tr>\n<td>Ajustes de posici\u00f3n de la pantalla<\/td>\n<\/tr>\n<tr>\n<td>Tilt\/height\/swivel\/pivot<\/td>\n<\/tr>\n<tr>\n<td>Montaje en pared [mm]<\/td>\n<\/tr>\n<tr>\n<td>100 x 100 mm<\/td>\n<\/tr>\n<tr>\n<td>Sonido<\/td>\n<\/tr>\n<tr>\n<td>Altavoz<\/td>\n<\/tr>\n<tr>\n<td>5w x2<\/td>\n<\/tr>\n<tr>\n<td>Conectividad bluetooth<\/td>\n<\/tr>\n<tr>\n<td>Yes<\/td>\n<\/tr>\n<tr>\n<td>Dimensiones\/pesos<\/td>\n<\/tr>\n<tr>\n<td>Dimensiones en el env\u00edo (an x al x p) [mm]<\/td>\n<\/tr>\n<tr>\n<td>900 x 617 x 337<\/td>\n<\/tr>\n<tr>\n<td>Dimensiones con soporte (an x al x p) [mm]<\/td>\n<\/tr>\n<tr>\n<td>727.4 x 1312.3 x 420<\/td>\n<\/tr>\n<tr>\n<td>Dimensiones sin soporte (an x al x p) [mm]<\/td>\n<\/tr>\n<tr>\n<td>727.4 x 437.4 x 27.8<\/td>\n<\/tr>\n<tr>\n<td>Peso en el env\u00edo [kg]<\/td>\n<\/tr>\n<tr>\n<td>30kg<\/td>\n<\/tr>\n<tr>\n<td>Peso con soporte [kg]<\/td>\n<\/tr>\n<tr>\n<td>21.2kg<\/td>\n<\/tr>\n<tr>\n<td>Peso sin soporte [kg]<\/td>\n<\/tr>\n<tr>\n<td>6.1kg<\/td>\n<\/tr>\n<tr>\n<td>Alimentaci\u00f3n<\/td>\n<\/tr>\n<tr>\n<td>Consumo de energ\u00eda (modo de reposo)<\/td>\n<\/tr>\n<tr>\n<td>Less than 0.5w<\/td>\n<\/tr>\n<tr>\n<td>Consumo (dc off)<\/td>\n<\/tr>\n<tr>\n<td>Less than 0.5w<\/td>\n<\/tr>\n<tr>\n<td>Entrada ca<\/td>\n<\/tr>\n<tr>\n<td>100~240vac, 50\/60hz<\/td>\n<\/tr>\n<tr>\n<td>Tipo<\/td>\n<\/tr>\n<tr>\n<td>External power(adapter)<\/td>\n<\/tr>\n<tr>\n<td>Accesorio<\/td>\n<\/tr>\n<tr>\n<td>Hdmi<\/td>\n<\/tr>\n<tr>\n<td>Yes<\/td>\n<\/tr>\n<tr>\n<td>Mando a distancia<\/td>\n<\/tr>\n<tr>\n<td>Yes (slim remote)<\/td>\n<\/tr>\n<tr>\n<td>Aplicaci\u00f3n sw<\/td>\n<\/tr>\n<tr>\n<td>Qubyx<\/td>\n<\/tr>\n<tr>\n<td>Yes<\/td>\n<\/tr>\n<\/table>\n","protected":false},"excerpt":{"rendered":"<p>Lg smart monitor swing ips 4k uhd de 31.5 pulgadas con pantalla t\u00e1ctil y soporte con ruedas. 32u889sa-w. Caracter\u00edsticas clave. Pantalla touch ips 4k uhd de 31.5 (3840&#215;2160. Soporte con ruedas ajustable en inclinaci\u00f3n, altura, giro y modo retrato. Webos. Airplay 2, screen share, bluetooth. 3xusb-c (1up\/2dn, pd 65w), 2xhdmi. Compatible con magic remote y c\u00e1mara web (pogo) (se venden por separado)<\/p>\n","protected":false},"featured_media":0,"comment_status":"open","ping_status":"open","template":"","meta":[],"product_cat":[1740,1742],"product_tag":[1687],"acf":[],"yoast_head":"<!-- This site is optimized with the Yoast SEO plugin v21.7 - https:\/\/yoast.com\/wordpress\/plugins\/seo\/ -->\n<title>[ Lg ] &#129351; 32u889sa-w Monitor Smart Swing 4k Uhd 31.5 Touch,ips,3840x2160,60hz,16:9,gc Dci-p3 95%,brillo 350cd\/m2,tr 5ms,contr 1000:1,hdmi,bluetooth,webos,usb-c,hdr10,altavoz 5wx2,montaje 100x100,blanco.<\/title>\n<meta name=\"description\" content=\"Compra 32u889sa-w Monitor Smart Swing 4k Uhd 31.5 Touch,ips,3840x2160,60hz,16:9,gc Dci-p3 95%,brillo 350cd\/m2,tr 5ms,contr 1000:1,hdmi,bluetooth,webos,usb-c,hdr10,altavoz 5wx2,montaje 100x100,blanco. + Env\u00edo a domicilio + Pago seguro + Garant\u00eda\" \/>\n<meta name=\"robots\" content=\"index, follow, max-snippet:-1, max-image-preview:large, max-video-preview:-1\" \/>\n<link rel=\"canonical\" href=\"https:\/\/compuviper.mx\/tienda\/producto\/lg-32u889sa-w-monitor-smart-swing-4k-uhd-31-5-touchips3840x216060hz169gc-dci-p3-95brillo-350cd-m2tr-5mscontr-10001hdmibluetoothwebosusb-chdr10altavoz-5wx2montaje-100x100blanco\/\" \/>\n<meta property=\"og:locale\" content=\"es_MX\" \/>\n<meta property=\"og:type\" content=\"article\" \/>\n<meta property=\"og:title\" content=\"[ Lg ] &#129351; 32u889sa-w Monitor Smart Swing 4k Uhd 31.5 Touch,ips,3840x2160,60hz,16:9,gc Dci-p3 95%,brillo 350cd\/m2,tr 5ms,contr 1000:1,hdmi,bluetooth,webos,usb-c,hdr10,altavoz 5wx2,montaje 100x100,blanco.\" \/>\n<meta property=\"og:description\" content=\"Compra 32u889sa-w Monitor Smart Swing 4k Uhd 31.5 Touch,ips,3840x2160,60hz,16:9,gc Dci-p3 95%,brillo 350cd\/m2,tr 5ms,contr 1000:1,hdmi,bluetooth,webos,usb-c,hdr10,altavoz 5wx2,montaje 100x100,blanco. + Env\u00edo a domicilio + Pago seguro + Garant\u00eda\" \/>\n<meta property=\"og:url\" content=\"https:\/\/compuviper.mx\/tienda\/producto\/lg-32u889sa-w-monitor-smart-swing-4k-uhd-31-5-touchips3840x216060hz169gc-dci-p3-95brillo-350cd-m2tr-5mscontr-10001hdmibluetoothwebosusb-chdr10altavoz-5wx2montaje-100x100blanco\/\" \/>\n<meta property=\"og:site_name\" content=\"Compuviper\" \/>\n<meta property=\"article:publisher\" content=\"https:\/\/www.facebook.com\/compuviper\" \/>\n<meta name=\"twitter:card\" content=\"summary_large_image\" \/>\n<meta name=\"twitter:label1\" content=\"Precio\" \/>\n\t<meta name=\"twitter:data1\" content=\"&#36;13,851 con IVA\" \/>\n\t<meta name=\"twitter:label2\" content=\"Availability\" \/>\n\t<meta name=\"twitter:data2\" content=\"Out of stock\" \/>\n<script type=\"application\/ld+json\" class=\"yoast-schema-graph\">{\"@context\":\"https:\/\/schema.org\",\"@graph\":[{\"@type\":\"WebPage\",\"@id\":\"https:\/\/compuviper.mx\/tienda\/producto\/lg-32u889sa-w-monitor-smart-swing-4k-uhd-31-5-touchips3840x216060hz169gc-dci-p3-95brillo-350cd-m2tr-5mscontr-10001hdmibluetoothwebosusb-chdr10altavoz-5wx2montaje-100x100blanco\/\",\"url\":\"https:\/\/compuviper.mx\/tienda\/producto\/lg-32u889sa-w-monitor-smart-swing-4k-uhd-31-5-touchips3840x216060hz169gc-dci-p3-95brillo-350cd-m2tr-5mscontr-10001hdmibluetoothwebosusb-chdr10altavoz-5wx2montaje-100x100blanco\/\",\"name\":\"[ Lg ] &#129351; 32u889sa-w Monitor Smart Swing 4k Uhd 31.5 Touch,ips,3840x2160,60hz,16:9,gc Dci-p3 95%,brillo 350cd\/m2,tr 5ms,contr 1000:1,hdmi,bluetooth,webos,usb-c,hdr10,altavoz 5wx2,montaje 100x100,blanco.\",\"isPartOf\":{\"@id\":\"https:\/\/compuviper.mx\/tienda\/#website\"},\"datePublished\":\"2026-04-10T06:50:23+00:00\",\"dateModified\":\"2026-04-10T06:50:23+00:00\",\"description\":\"Compra 32u889sa-w Monitor Smart Swing 4k Uhd 31.5 Touch,ips,3840x2160,60hz,16:9,gc Dci-p3 95%,brillo 350cd\/m2,tr 5ms,contr 1000:1,hdmi,bluetooth,webos,usb-c,hdr10,altavoz 5wx2,montaje 100x100,blanco. + Env\u00edo a domicilio + Pago seguro + Garant\u00eda\",\"breadcrumb\":{\"@id\":\"https:\/\/compuviper.mx\/tienda\/producto\/lg-32u889sa-w-monitor-smart-swing-4k-uhd-31-5-touchips3840x216060hz169gc-dci-p3-95brillo-350cd-m2tr-5mscontr-10001hdmibluetoothwebosusb-chdr10altavoz-5wx2montaje-100x100blanco\/#breadcrumb\"},\"inLanguage\":\"es-MX\",\"potentialAction\":[{\"@type\":\"ReadAction\",\"target\":[\"https:\/\/compuviper.mx\/tienda\/producto\/lg-32u889sa-w-monitor-smart-swing-4k-uhd-31-5-touchips3840x216060hz169gc-dci-p3-95brillo-350cd-m2tr-5mscontr-10001hdmibluetoothwebosusb-chdr10altavoz-5wx2montaje-100x100blanco\/\"]}]},{\"@type\":\"BreadcrumbList\",\"@id\":\"https:\/\/compuviper.mx\/tienda\/producto\/lg-32u889sa-w-monitor-smart-swing-4k-uhd-31-5-touchips3840x216060hz169gc-dci-p3-95brillo-350cd-m2tr-5mscontr-10001hdmibluetoothwebosusb-chdr10altavoz-5wx2montaje-100x100blanco\/#breadcrumb\",\"itemListElement\":[{\"@type\":\"ListItem\",\"position\":1,\"name\":\"Inicio\",\"item\":\"https:\/\/compuviper.mx\/tienda\/\"},{\"@type\":\"ListItem\",\"position\":2,\"name\":\"Productos\",\"item\":\"https:\/\/compuviper.mx\/tienda\/productos\/\"},{\"@type\":\"ListItem\",\"position\":3,\"name\":\"Monitores\",\"item\":\"https:\/\/compuviper.mx\/tienda\/categoria-producto\/monitores\/\"},{\"@type\":\"ListItem\",\"position\":4,\"name\":\"Touch Screen\",\"item\":\"https:\/\/compuviper.mx\/tienda\/categoria-producto\/monitores\/touch-screen\/\"},{\"@type\":\"ListItem\",\"position\":5,\"name\":\"Lg 32u889sa-w Monitor Smart Swing 4k Uhd 31.5 Touch,ips,3840&#215;2160,60hz,16:9,gc Dci-p3 95%,brillo 350cd\/m2,tr 5ms,contr 1000:1,hdmi,bluetooth,webos,usb-c,hdr10,altavoz 5wx2,montaje 100&#215;100,blanco.\"}]},{\"@type\":\"WebSite\",\"@id\":\"https:\/\/compuviper.mx\/tienda\/#website\",\"url\":\"https:\/\/compuviper.mx\/tienda\/\",\"name\":\"Compuviper\",\"description\":\"Proveedor de Computadoras, Laptops, Servidores, Monitores, Puntos de Venta, Teclados,   Impresoras, T\u00f3ner, C\u00e1maras de Seguridad y m\u00e1s en tu tienda en l\u00ednea\",\"publisher\":{\"@id\":\"https:\/\/compuviper.mx\/tienda\/#organization\"},\"potentialAction\":[{\"@type\":\"SearchAction\",\"target\":{\"@type\":\"EntryPoint\",\"urlTemplate\":\"https:\/\/compuviper.mx\/tienda\/?s={search_term_string}\"},\"query-input\":\"required name=search_term_string\"}],\"inLanguage\":\"es-MX\"},{\"@type\":\"Organization\",\"@id\":\"https:\/\/compuviper.mx\/tienda\/#organization\",\"name\":\"Compuviper\",\"url\":\"https:\/\/compuviper.mx\/tienda\/\",\"logo\":{\"@type\":\"ImageObject\",\"inLanguage\":\"es-MX\",\"@id\":\"https:\/\/compuviper.mx\/tienda\/#\/schema\/logo\/image\/\",\"url\":\"https:\/\/compuviper.mx\/tienda\/wp-content\/uploads\/2021\/08\/Logo-Compuviper-10.png\",\"contentUrl\":\"https:\/\/compuviper.mx\/tienda\/wp-content\/uploads\/2021\/08\/Logo-Compuviper-10.png\",\"width\":1000,\"height\":500,\"caption\":\"Compuviper\"},\"image\":{\"@id\":\"https:\/\/compuviper.mx\/tienda\/#\/schema\/logo\/image\/\"},\"sameAs\":[\"https:\/\/www.facebook.com\/compuviper\",\"https:\/\/www.youtube.com\/channel\/UCf73dERp9Y3cfOq7q8BhLjA?view_as=subscriber\"]}]}<\/script>\n<meta property=\"product:brand\" content=\"LG\" \/>\n<meta property=\"product:price:amount\" content=\"13851\" \/>\n<meta property=\"product:price:currency\" content=\"MXN\" \/>\n<meta property=\"og:availability\" content=\"out of stock\" \/>\n<meta property=\"product:availability\" content=\"out of stock\" \/>\n<meta property=\"product:retailer_item_id\" content=\"32U889SA-W\" \/>\n<meta property=\"product:condition\" content=\"new\" \/>\n<!-- \/ Yoast SEO plugin. -->","yoast_head_json":{"title":"[ Lg ] &#129351; 32u889sa-w Monitor Smart Swing 4k Uhd 31.5 Touch,ips,3840x2160,60hz,16:9,gc Dci-p3 95%,brillo 350cd\/m2,tr 5ms,contr 1000:1,hdmi,bluetooth,webos,usb-c,hdr10,altavoz 5wx2,montaje 100x100,blanco.","description":"Compra 32u889sa-w Monitor Smart Swing 4k Uhd 31.5 Touch,ips,3840x2160,60hz,16:9,gc Dci-p3 95%,brillo 350cd\/m2,tr 5ms,contr 1000:1,hdmi,bluetooth,webos,usb-c,hdr10,altavoz 5wx2,montaje 100x100,blanco. + Env\u00edo a domicilio + Pago seguro + Garant\u00eda","robots":{"index":"index","follow":"follow","max-snippet":"max-snippet:-1","max-image-preview":"max-image-preview:large","max-video-preview":"max-video-preview:-1"},"canonical":"https:\/\/compuviper.mx\/tienda\/producto\/lg-32u889sa-w-monitor-smart-swing-4k-uhd-31-5-touchips3840x216060hz169gc-dci-p3-95brillo-350cd-m2tr-5mscontr-10001hdmibluetoothwebosusb-chdr10altavoz-5wx2montaje-100x100blanco\/","og_locale":"es_MX","og_type":"article","og_title":"[ Lg ] &#129351; 32u889sa-w Monitor Smart Swing 4k Uhd 31.5 Touch,ips,3840x2160,60hz,16:9,gc Dci-p3 95%,brillo 350cd\/m2,tr 5ms,contr 1000:1,hdmi,bluetooth,webos,usb-c,hdr10,altavoz 5wx2,montaje 100x100,blanco.","og_description":"Compra 32u889sa-w Monitor Smart Swing 4k Uhd 31.5 Touch,ips,3840x2160,60hz,16:9,gc Dci-p3 95%,brillo 350cd\/m2,tr 5ms,contr 1000:1,hdmi,bluetooth,webos,usb-c,hdr10,altavoz 5wx2,montaje 100x100,blanco. + Env\u00edo a domicilio + Pago seguro + Garant\u00eda","og_url":"https:\/\/compuviper.mx\/tienda\/producto\/lg-32u889sa-w-monitor-smart-swing-4k-uhd-31-5-touchips3840x216060hz169gc-dci-p3-95brillo-350cd-m2tr-5mscontr-10001hdmibluetoothwebosusb-chdr10altavoz-5wx2montaje-100x100blanco\/","og_site_name":"Compuviper","article_publisher":"https:\/\/www.facebook.com\/compuviper","twitter_card":"summary_large_image","twitter_misc":{"Precio":"&#36;13,851 con IVA","Availability":"Out of stock"},"schema":{"@context":"https:\/\/schema.org","@graph":[{"@type":"WebPage","@id":"https:\/\/compuviper.mx\/tienda\/producto\/lg-32u889sa-w-monitor-smart-swing-4k-uhd-31-5-touchips3840x216060hz169gc-dci-p3-95brillo-350cd-m2tr-5mscontr-10001hdmibluetoothwebosusb-chdr10altavoz-5wx2montaje-100x100blanco\/","url":"https:\/\/compuviper.mx\/tienda\/producto\/lg-32u889sa-w-monitor-smart-swing-4k-uhd-31-5-touchips3840x216060hz169gc-dci-p3-95brillo-350cd-m2tr-5mscontr-10001hdmibluetoothwebosusb-chdr10altavoz-5wx2montaje-100x100blanco\/","name":"[ Lg ] &#129351; 32u889sa-w Monitor Smart Swing 4k Uhd 31.5 Touch,ips,3840x2160,60hz,16:9,gc Dci-p3 95%,brillo 350cd\/m2,tr 5ms,contr 1000:1,hdmi,bluetooth,webos,usb-c,hdr10,altavoz 5wx2,montaje 100x100,blanco.","isPartOf":{"@id":"https:\/\/compuviper.mx\/tienda\/#website"},"datePublished":"2026-04-10T06:50:23+00:00","dateModified":"2026-04-10T06:50:23+00:00","description":"Compra 32u889sa-w Monitor Smart Swing 4k Uhd 31.5 Touch,ips,3840x2160,60hz,16:9,gc Dci-p3 95%,brillo 350cd\/m2,tr 5ms,contr 1000:1,hdmi,bluetooth,webos,usb-c,hdr10,altavoz 5wx2,montaje 100x100,blanco. + Env\u00edo a domicilio + Pago seguro + Garant\u00eda","breadcrumb":{"@id":"https:\/\/compuviper.mx\/tienda\/producto\/lg-32u889sa-w-monitor-smart-swing-4k-uhd-31-5-touchips3840x216060hz169gc-dci-p3-95brillo-350cd-m2tr-5mscontr-10001hdmibluetoothwebosusb-chdr10altavoz-5wx2montaje-100x100blanco\/#breadcrumb"},"inLanguage":"es-MX","potentialAction":[{"@type":"ReadAction","target":["https:\/\/compuviper.mx\/tienda\/producto\/lg-32u889sa-w-monitor-smart-swing-4k-uhd-31-5-touchips3840x216060hz169gc-dci-p3-95brillo-350cd-m2tr-5mscontr-10001hdmibluetoothwebosusb-chdr10altavoz-5wx2montaje-100x100blanco\/"]}]},{"@type":"BreadcrumbList","@id":"https:\/\/compuviper.mx\/tienda\/producto\/lg-32u889sa-w-monitor-smart-swing-4k-uhd-31-5-touchips3840x216060hz169gc-dci-p3-95brillo-350cd-m2tr-5mscontr-10001hdmibluetoothwebosusb-chdr10altavoz-5wx2montaje-100x100blanco\/#breadcrumb","itemListElement":[{"@type":"ListItem","position":1,"name":"Inicio","item":"https:\/\/compuviper.mx\/tienda\/"},{"@type":"ListItem","position":2,"name":"Productos","item":"https:\/\/compuviper.mx\/tienda\/productos\/"},{"@type":"ListItem","position":3,"name":"Monitores","item":"https:\/\/compuviper.mx\/tienda\/categoria-producto\/monitores\/"},{"@type":"ListItem","position":4,"name":"Touch Screen","item":"https:\/\/compuviper.mx\/tienda\/categoria-producto\/monitores\/touch-screen\/"},{"@type":"ListItem","position":5,"name":"Lg 32u889sa-w Monitor Smart Swing 4k Uhd 31.5 Touch,ips,3840&#215;2160,60hz,16:9,gc Dci-p3 95%,brillo 350cd\/m2,tr 5ms,contr 1000:1,hdmi,bluetooth,webos,usb-c,hdr10,altavoz 5wx2,montaje 100&#215;100,blanco."}]},{"@type":"WebSite","@id":"https:\/\/compuviper.mx\/tienda\/#website","url":"https:\/\/compuviper.mx\/tienda\/","name":"Compuviper","description":"Proveedor de Computadoras, Laptops, Servidores, Monitores, Puntos de Venta, Teclados,   Impresoras, T\u00f3ner, C\u00e1maras de Seguridad y m\u00e1s en tu tienda en l\u00ednea","publisher":{"@id":"https:\/\/compuviper.mx\/tienda\/#organization"},"potentialAction":[{"@type":"SearchAction","target":{"@type":"EntryPoint","urlTemplate":"https:\/\/compuviper.mx\/tienda\/?s={search_term_string}"},"query-input":"required name=search_term_string"}],"inLanguage":"es-MX"},{"@type":"Organization","@id":"https:\/\/compuviper.mx\/tienda\/#organization","name":"Compuviper","url":"https:\/\/compuviper.mx\/tienda\/","logo":{"@type":"ImageObject","inLanguage":"es-MX","@id":"https:\/\/compuviper.mx\/tienda\/#\/schema\/logo\/image\/","url":"https:\/\/compuviper.mx\/tienda\/wp-content\/uploads\/2021\/08\/Logo-Compuviper-10.png","contentUrl":"https:\/\/compuviper.mx\/tienda\/wp-content\/uploads\/2021\/08\/Logo-Compuviper-10.png","width":1000,"height":500,"caption":"Compuviper"},"image":{"@id":"https:\/\/compuviper.mx\/tienda\/#\/schema\/logo\/image\/"},"sameAs":["https:\/\/www.facebook.com\/compuviper","https:\/\/www.youtube.com\/channel\/UCf73dERp9Y3cfOq7q8BhLjA?view_as=subscriber"]}]},"product_brand":"LG","product_price_amount":"13851","product_price_currency":"MXN","og_availability":"out of stock","product_availability":"out of stock","product_retailer_item_id":"32U889SA-W","product_condition":"new"},"_links":{"self":[{"href":"https:\/\/compuviper.mx\/tienda\/wp-json\/wp\/v2\/product\/264265"}],"collection":[{"href":"https:\/\/compuviper.mx\/tienda\/wp-json\/wp\/v2\/product"}],"about":[{"href":"https:\/\/compuviper.mx\/tienda\/wp-json\/wp\/v2\/types\/product"}],"replies":[{"embeddable":true,"href":"https:\/\/compuviper.mx\/tienda\/wp-json\/wp\/v2\/comments?post=264265"}],"wp:attachment":[{"href":"https:\/\/compuviper.mx\/tienda\/wp-json\/wp\/v2\/media?parent=264265"}],"wp:term":[{"taxonomy":"product_cat","embeddable":true,"href":"https:\/\/compuviper.mx\/tienda\/wp-json\/wp\/v2\/product_cat?post=264265"},{"taxonomy":"product_tag","embeddable":true,"href":"https:\/\/compuviper.mx\/tienda\/wp-json\/wp\/v2\/product_tag?post=264265"}],"curies":[{"name":"wp","href":"https:\/\/api.w.org\/{rel}","templated":true}]}}