{"id":264262,"date":"2026-04-07T00:53:02","date_gmt":"2026-04-07T06:53:02","guid":{"rendered":"https:\/\/compuviper.mx\/tienda\/producto\/lg-24u421a-monitor-pc-b-curvo-fhd-23-8usb-c100hzpanel-va1920x1080169srgb-99250cd-m2tr5mscontr-30001hdmi1500rhdr10dinamic-actionblack-stabilizerflicker-safevesa-100x100\/"},"modified":"2026-04-07T00:53:02","modified_gmt":"2026-04-07T06:53:02","slug":"lg-24u421a-monitor-pc-b-curvo-fhd-23-8usb-c100hzpanel-va1920x1080169srgb-99250cd-m2tr5mscontr-30001hdmi1500rhdr10dinamic-actionblack-stabilizerflicker-safevesa-100x100","status":"publish","type":"product","link":"https:\/\/compuviper.mx\/tienda\/producto\/lg-24u421a-monitor-pc-b-curvo-fhd-23-8usb-c100hzpanel-va1920x1080169srgb-99250cd-m2tr5mscontr-30001hdmi1500rhdr10dinamic-actionblack-stabilizerflicker-safevesa-100x100\/","title":{"rendered":"Lg 24u421a Monitor Pc  -b Curvo Fhd 23.8,usb-c,100hz,panel Va,1920&#215;1080,16:9,srgb 99%,250cd\/m2,tr5ms,contr 3000:1,hdmi,1500r,hdr10,dinamic Action,black Stabilizer,flicker Safe,vesa 100&#215;100."},"content":{"rendered":"<table class=\"descripcion\">\n<tr>\n<td>Lg 24u421a-b curvo<\/td>\n<\/tr>\n<tr>\n<td>Informaci\u00f3n<\/td>\n<\/tr>\n<tr>\n<td>Nombre del producto<\/td>\n<\/tr>\n<tr>\n<td>Monitor pc<\/td>\n<\/tr>\n<tr>\n<td>A\u00f1o<\/td>\n<\/tr>\n<tr>\n<td>Y25<\/td>\n<\/tr>\n<tr>\n<td>Pantalla<\/td>\n<\/tr>\n<tr>\n<td>Tama\u00f1o [pulgadas]<\/td>\n<\/tr>\n<tr>\n<td>23.8<\/td>\n<\/tr>\n<tr>\n<td>Relaci\u00f3n de aspecto<\/td>\n<\/tr>\n<tr>\n<td>16:9<\/td>\n<\/tr>\n<tr>\n<td>Tipo de panel<\/td>\n<\/tr>\n<tr>\n<td>Va<\/td>\n<\/tr>\n<tr>\n<td>Tiempo de respuesta<\/td>\n<\/tr>\n<tr>\n<td>5ms (gtg at faster)<\/td>\n<\/tr>\n<tr>\n<td>Resoluci\u00f3n<\/td>\n<\/tr>\n<tr>\n<td>1920 x 1080<\/td>\n<\/tr>\n<tr>\n<td>Paso de p\u00edxeles [mm]<\/td>\n<\/tr>\n<tr>\n<td>0.2745 x 0.2745<\/td>\n<\/tr>\n<tr>\n<td>Profundidad de color (n\u00famero de colores)<\/td>\n<\/tr>\n<tr>\n<td>16.7m<\/td>\n<\/tr>\n<tr>\n<td>\u00e1ngulo de visi\u00f3n (cr and #8805;10)<\/td>\n<\/tr>\n<tr>\n<td>178\u00ba(r\/l), 178\u00ba(u\/d)<\/td>\n<\/tr>\n<tr>\n<td>Brillo (t\u00edp.) [cd\/m\u00b2]<\/td>\n<\/tr>\n<tr>\n<td>250<\/td>\n<\/tr>\n<tr>\n<td>Relaci\u00f3n de contraste (t\u00edp.)<\/td>\n<\/tr>\n<tr>\n<td>3000:1<\/td>\n<\/tr>\n<tr>\n<td>Gama de colores (t\u00edp.)<\/td>\n<\/tr>\n<tr>\n<td>Srgb 99% (cie1931)<\/td>\n<\/tr>\n<tr>\n<td>Curvatura<\/td>\n<\/tr>\n<tr>\n<td>1500r<\/td>\n<\/tr>\n<tr>\n<td>Gama de colores (m\u00edn.)<\/td>\n<\/tr>\n<tr>\n<td>Srgb 95% (cie1931)<\/td>\n<\/tr>\n<tr>\n<td>Frecuencia de actualizaci\u00f3n (m\u00e1x.) [hz]<\/td>\n<\/tr>\n<tr>\n<td>100<\/td>\n<\/tr>\n<tr>\n<td>Brillo (m\u00edn.) [cd\/m\u00b2]<\/td>\n<\/tr>\n<tr>\n<td>220<\/td>\n<\/tr>\n<tr>\n<td>Relaci\u00f3n de contraste (m\u00edn.)<\/td>\n<\/tr>\n<tr>\n<td>2400:01:00<\/td>\n<\/tr>\n<tr>\n<td>Tama\u00f1o [cm]<\/td>\n<\/tr>\n<tr>\n<td>60.4<\/td>\n<\/tr>\n<tr>\n<td>Conectividad<\/td>\n<\/tr>\n<tr>\n<td>Hdmi<\/td>\n<\/tr>\n<tr>\n<td>S\u00ed (1ea)<\/td>\n<\/tr>\n<tr>\n<td>Usb-c<\/td>\n<\/tr>\n<tr>\n<td>S\u00ed<\/td>\n<\/tr>\n<tr>\n<td>Salida de auriculares<\/td>\n<\/tr>\n<tr>\n<td>3-polos (solo sonido)<\/td>\n<\/tr>\n<tr>\n<td>Usb-c (power delivery)<\/td>\n<\/tr>\n<tr>\n<td>15w<\/td>\n<\/tr>\n<tr>\n<td>Caracter\u00edsticas<\/td>\n<\/tr>\n<tr>\n<td>Hdr 10<\/td>\n<\/tr>\n<tr>\n<td>S\u00ed<\/td>\n<\/tr>\n<tr>\n<td>Debilidad del color<\/td>\n<\/tr>\n<tr>\n<td>S\u00ed<\/td>\n<\/tr>\n<tr>\n<td>Ahorro de energ\u00eda inteligente<\/td>\n<\/tr>\n<tr>\n<td>S\u00ed<\/td>\n<\/tr>\n<tr>\n<td>A prueba de parpadeos<\/td>\n<\/tr>\n<tr>\n<td>S\u00ed<\/td>\n<\/tr>\n<tr>\n<td>Sincronizaci\u00f3n de acci\u00f3n din\u00e1mica<\/td>\n<\/tr>\n<tr>\n<td>S\u00ed<\/td>\n<\/tr>\n<tr>\n<td>Estabilizador negro<\/td>\n<\/tr>\n<tr>\n<td>S\u00ed<\/td>\n<\/tr>\n<tr>\n<td>Modo lector<\/td>\n<\/tr>\n<tr>\n<td>S\u00ed<\/td>\n<\/tr>\n<tr>\n<td>Super resoluci\u00f3n+<\/td>\n<\/tr>\n<tr>\n<td>S\u00ed<\/td>\n<\/tr>\n<tr>\n<td>Auto input switch<\/td>\n<\/tr>\n<tr>\n<td>S\u00ed<\/td>\n<\/tr>\n<tr>\n<td>Efecto hdr<\/td>\n<\/tr>\n<tr>\n<td>S\u00ed<\/td>\n<\/tr>\n<tr>\n<td>Mec\u00e1nico<\/td>\n<\/tr>\n<tr>\n<td>Ajustes de posici\u00f3n de la pantalla<\/td>\n<\/tr>\n<tr>\n<td>Inclinaci\u00f3n<\/td>\n<\/tr>\n<tr>\n<td>Montaje en pared [mm]<\/td>\n<\/tr>\n<tr>\n<td>100 x 100<\/td>\n<\/tr>\n<tr>\n<td>Dimensiones\/pesos<\/td>\n<\/tr>\n<tr>\n<td>Dimensiones en el env\u00edo (an x al x p) [mm]<\/td>\n<\/tr>\n<tr>\n<td>605 x 375 x 132<\/td>\n<\/tr>\n<tr>\n<td>Dimensiones con soporte (an x al x p) [mm]<\/td>\n<\/tr>\n<tr>\n<td>536.32 x 411.92 x 170<\/td>\n<\/tr>\n<tr>\n<td>Dimensiones sin soporte (an x al x p) [mm]<\/td>\n<\/tr>\n<tr>\n<td>536.32 x 320.15 x 44.3<\/td>\n<\/tr>\n<tr>\n<td>Peso en el env\u00edo [kg]<\/td>\n<\/tr>\n<tr>\n<td>2.92<\/td>\n<\/tr>\n<tr>\n<td>Peso con soporte [kg]<\/td>\n<\/tr>\n<tr>\n<td>2.24<\/td>\n<\/tr>\n<tr>\n<td>Peso sin soporte [kg]<\/td>\n<\/tr>\n<tr>\n<td>4.24<\/td>\n<\/tr>\n<tr>\n<td>Alimentaci\u00f3n<\/td>\n<\/tr>\n<tr>\n<td>Consumo de energ\u00eda (modo de reposo)<\/td>\n<\/tr>\n<tr>\n<td>Menos de 0.5w<\/td>\n<\/tr>\n<tr>\n<td>Consumo de energ\u00eda (t\u00edp.)<\/td>\n<\/tr>\n<tr>\n<td>14.4w<\/td>\n<\/tr>\n<tr>\n<td>Consumo (dc off)<\/td>\n<\/tr>\n<tr>\n<td>Menos de 0.3w<\/td>\n<\/tr>\n<tr>\n<td>Entrada ca<\/td>\n<\/tr>\n<tr>\n<td>100~240v (50\/60hz)<\/td>\n<\/tr>\n<tr>\n<td>Tipo<\/td>\n<\/tr>\n<tr>\n<td>Alimentaci\u00f3n externa (adaptador)<\/td>\n<\/tr>\n<tr>\n<td>Accesorio<\/td>\n<\/tr>\n<tr>\n<td>Hdmi<\/td>\n<\/tr>\n<tr>\n<td>S\u00ed<\/td>\n<\/tr>\n<\/table>\n","protected":false},"excerpt":{"rendered":"<p>Monitor lg 24 curvo fhd de 100 hz con usb-c. Especificaci\u00f3n clave. Pantalla &#8211; tama\u00f1o [pulgadas. 23.8. Pantalla &#8211; resoluci\u00f3n. 1920 x 1080. Pantalla &#8211; tipo de panel. Va. Pantalla &#8211; relaci\u00f3n de aspecto. 16:9. Pantalla &#8211; gama de colores (t\u00edp.. Srgb 99% (cie1931. Pantalla &#8211; brillo (t\u00edp.) [cd\/m\u00b2. 250. Pantalla &#8211; frecuencia de actualizaci\u00f3n (m\u00e1x.) [hz. 100. Pantalla &#8211; tiempo de respuesta. 5ms (gtg at faster. Mec\u00e1nico &#8211; ajustes de posici\u00f3n de la pantalla. Inclinaci\u00f3n<\/p>\n","protected":false},"featured_media":0,"comment_status":"open","ping_status":"open","template":"","meta":[],"product_cat":[1740,1741],"product_tag":[1687],"acf":[],"yoast_head":"<!-- This site is optimized with the Yoast SEO plugin v21.7 - https:\/\/yoast.com\/wordpress\/plugins\/seo\/ -->\n<title>[ Lg ] &#129351; 24u421a Monitor Pc -b Curvo Fhd 23.8,usb-c,100hz,panel Va,1920x1080,16:9,srgb 99%,250cd\/m2,tr5ms,contr 3000:1,hdmi,1500r,hdr10,dinamic Action,black Stabilizer,flicker Safe,vesa 100x100.<\/title>\n<meta name=\"description\" content=\"Compra 24u421a Monitor Pc -b Curvo Fhd 23.8,usb-c,100hz,panel Va,1920x1080,16:9,srgb 99%,250cd\/m2,tr5ms,contr 3000:1,hdmi,1500r,hdr10,dinamic Action,black Stabilizer,flicker Safe,vesa 100x100. + Env\u00edo a domicilio + Pago seguro + Garant\u00eda\" \/>\n<meta name=\"robots\" content=\"index, follow, max-snippet:-1, max-image-preview:large, max-video-preview:-1\" \/>\n<link rel=\"canonical\" href=\"https:\/\/compuviper.mx\/tienda\/producto\/lg-24u421a-monitor-pc-b-curvo-fhd-23-8usb-c100hzpanel-va1920x1080169srgb-99250cd-m2tr5mscontr-30001hdmi1500rhdr10dinamic-actionblack-stabilizerflicker-safevesa-100x100\/\" \/>\n<meta property=\"og:locale\" content=\"es_MX\" \/>\n<meta property=\"og:type\" content=\"article\" \/>\n<meta property=\"og:title\" content=\"[ Lg ] &#129351; 24u421a Monitor Pc -b Curvo Fhd 23.8,usb-c,100hz,panel Va,1920x1080,16:9,srgb 99%,250cd\/m2,tr5ms,contr 3000:1,hdmi,1500r,hdr10,dinamic Action,black Stabilizer,flicker Safe,vesa 100x100.\" \/>\n<meta property=\"og:description\" content=\"Compra 24u421a Monitor Pc -b Curvo Fhd 23.8,usb-c,100hz,panel Va,1920x1080,16:9,srgb 99%,250cd\/m2,tr5ms,contr 3000:1,hdmi,1500r,hdr10,dinamic Action,black Stabilizer,flicker Safe,vesa 100x100. + Env\u00edo a domicilio + Pago seguro + Garant\u00eda\" \/>\n<meta property=\"og:url\" content=\"https:\/\/compuviper.mx\/tienda\/producto\/lg-24u421a-monitor-pc-b-curvo-fhd-23-8usb-c100hzpanel-va1920x1080169srgb-99250cd-m2tr5mscontr-30001hdmi1500rhdr10dinamic-actionblack-stabilizerflicker-safevesa-100x100\/\" \/>\n<meta property=\"og:site_name\" content=\"Compuviper\" \/>\n<meta property=\"article:publisher\" content=\"https:\/\/www.facebook.com\/compuviper\" \/>\n<meta name=\"twitter:card\" content=\"summary_large_image\" \/>\n<meta name=\"twitter:label1\" content=\"Precio\" \/>\n\t<meta name=\"twitter:data1\" content=\"&#36;2,373 con IVA\" \/>\n\t<meta name=\"twitter:label2\" content=\"Availability\" \/>\n\t<meta name=\"twitter:data2\" content=\"Out of stock\" \/>\n<script type=\"application\/ld+json\" class=\"yoast-schema-graph\">{\"@context\":\"https:\/\/schema.org\",\"@graph\":[{\"@type\":\"WebPage\",\"@id\":\"https:\/\/compuviper.mx\/tienda\/producto\/lg-24u421a-monitor-pc-b-curvo-fhd-23-8usb-c100hzpanel-va1920x1080169srgb-99250cd-m2tr5mscontr-30001hdmi1500rhdr10dinamic-actionblack-stabilizerflicker-safevesa-100x100\/\",\"url\":\"https:\/\/compuviper.mx\/tienda\/producto\/lg-24u421a-monitor-pc-b-curvo-fhd-23-8usb-c100hzpanel-va1920x1080169srgb-99250cd-m2tr5mscontr-30001hdmi1500rhdr10dinamic-actionblack-stabilizerflicker-safevesa-100x100\/\",\"name\":\"[ Lg ] &#129351; 24u421a Monitor Pc -b Curvo Fhd 23.8,usb-c,100hz,panel Va,1920x1080,16:9,srgb 99%,250cd\/m2,tr5ms,contr 3000:1,hdmi,1500r,hdr10,dinamic Action,black Stabilizer,flicker Safe,vesa 100x100.\",\"isPartOf\":{\"@id\":\"https:\/\/compuviper.mx\/tienda\/#website\"},\"datePublished\":\"2026-04-07T06:53:02+00:00\",\"dateModified\":\"2026-04-07T06:53:02+00:00\",\"description\":\"Compra 24u421a Monitor Pc -b Curvo Fhd 23.8,usb-c,100hz,panel Va,1920x1080,16:9,srgb 99%,250cd\/m2,tr5ms,contr 3000:1,hdmi,1500r,hdr10,dinamic Action,black Stabilizer,flicker Safe,vesa 100x100. + Env\u00edo a domicilio + Pago seguro + Garant\u00eda\",\"breadcrumb\":{\"@id\":\"https:\/\/compuviper.mx\/tienda\/producto\/lg-24u421a-monitor-pc-b-curvo-fhd-23-8usb-c100hzpanel-va1920x1080169srgb-99250cd-m2tr5mscontr-30001hdmi1500rhdr10dinamic-actionblack-stabilizerflicker-safevesa-100x100\/#breadcrumb\"},\"inLanguage\":\"es-MX\",\"potentialAction\":[{\"@type\":\"ReadAction\",\"target\":[\"https:\/\/compuviper.mx\/tienda\/producto\/lg-24u421a-monitor-pc-b-curvo-fhd-23-8usb-c100hzpanel-va1920x1080169srgb-99250cd-m2tr5mscontr-30001hdmi1500rhdr10dinamic-actionblack-stabilizerflicker-safevesa-100x100\/\"]}]},{\"@type\":\"BreadcrumbList\",\"@id\":\"https:\/\/compuviper.mx\/tienda\/producto\/lg-24u421a-monitor-pc-b-curvo-fhd-23-8usb-c100hzpanel-va1920x1080169srgb-99250cd-m2tr5mscontr-30001hdmi1500rhdr10dinamic-actionblack-stabilizerflicker-safevesa-100x100\/#breadcrumb\",\"itemListElement\":[{\"@type\":\"ListItem\",\"position\":1,\"name\":\"Inicio\",\"item\":\"https:\/\/compuviper.mx\/tienda\/\"},{\"@type\":\"ListItem\",\"position\":2,\"name\":\"Productos\",\"item\":\"https:\/\/compuviper.mx\/tienda\/productos\/\"},{\"@type\":\"ListItem\",\"position\":3,\"name\":\"Monitores\",\"item\":\"https:\/\/compuviper.mx\/tienda\/categoria-producto\/monitores\/\"},{\"@type\":\"ListItem\",\"position\":4,\"name\":\"Led\",\"item\":\"https:\/\/compuviper.mx\/tienda\/categoria-producto\/monitores\/led\/\"},{\"@type\":\"ListItem\",\"position\":5,\"name\":\"Lg 24u421a Monitor Pc -b Curvo Fhd 23.8,usb-c,100hz,panel Va,1920&#215;1080,16:9,srgb 99%,250cd\/m2,tr5ms,contr 3000:1,hdmi,1500r,hdr10,dinamic Action,black Stabilizer,flicker Safe,vesa 100&#215;100.\"}]},{\"@type\":\"WebSite\",\"@id\":\"https:\/\/compuviper.mx\/tienda\/#website\",\"url\":\"https:\/\/compuviper.mx\/tienda\/\",\"name\":\"Compuviper\",\"description\":\"Proveedor de Computadoras, Laptops, Servidores, Monitores, Puntos de Venta, Teclados,   Impresoras, T\u00f3ner, C\u00e1maras de Seguridad y m\u00e1s en tu tienda en l\u00ednea\",\"publisher\":{\"@id\":\"https:\/\/compuviper.mx\/tienda\/#organization\"},\"potentialAction\":[{\"@type\":\"SearchAction\",\"target\":{\"@type\":\"EntryPoint\",\"urlTemplate\":\"https:\/\/compuviper.mx\/tienda\/?s={search_term_string}\"},\"query-input\":\"required name=search_term_string\"}],\"inLanguage\":\"es-MX\"},{\"@type\":\"Organization\",\"@id\":\"https:\/\/compuviper.mx\/tienda\/#organization\",\"name\":\"Compuviper\",\"url\":\"https:\/\/compuviper.mx\/tienda\/\",\"logo\":{\"@type\":\"ImageObject\",\"inLanguage\":\"es-MX\",\"@id\":\"https:\/\/compuviper.mx\/tienda\/#\/schema\/logo\/image\/\",\"url\":\"https:\/\/compuviper.mx\/tienda\/wp-content\/uploads\/2021\/08\/Logo-Compuviper-10.png\",\"contentUrl\":\"https:\/\/compuviper.mx\/tienda\/wp-content\/uploads\/2021\/08\/Logo-Compuviper-10.png\",\"width\":1000,\"height\":500,\"caption\":\"Compuviper\"},\"image\":{\"@id\":\"https:\/\/compuviper.mx\/tienda\/#\/schema\/logo\/image\/\"},\"sameAs\":[\"https:\/\/www.facebook.com\/compuviper\",\"https:\/\/www.youtube.com\/channel\/UCf73dERp9Y3cfOq7q8BhLjA?view_as=subscriber\"]}]}<\/script>\n<meta property=\"product:brand\" content=\"LG\" \/>\n<meta property=\"product:price:amount\" content=\"2373\" \/>\n<meta property=\"product:price:currency\" content=\"MXN\" \/>\n<meta property=\"og:availability\" content=\"out of stock\" \/>\n<meta property=\"product:availability\" content=\"out of stock\" \/>\n<meta property=\"product:retailer_item_id\" content=\"24U421A\" \/>\n<meta property=\"product:condition\" content=\"new\" \/>\n<!-- \/ Yoast SEO plugin. -->","yoast_head_json":{"title":"[ Lg ] &#129351; 24u421a Monitor Pc -b Curvo Fhd 23.8,usb-c,100hz,panel Va,1920x1080,16:9,srgb 99%,250cd\/m2,tr5ms,contr 3000:1,hdmi,1500r,hdr10,dinamic Action,black Stabilizer,flicker Safe,vesa 100x100.","description":"Compra 24u421a Monitor Pc -b Curvo Fhd 23.8,usb-c,100hz,panel Va,1920x1080,16:9,srgb 99%,250cd\/m2,tr5ms,contr 3000:1,hdmi,1500r,hdr10,dinamic Action,black Stabilizer,flicker Safe,vesa 100x100. + Env\u00edo a domicilio + Pago seguro + Garant\u00eda","robots":{"index":"index","follow":"follow","max-snippet":"max-snippet:-1","max-image-preview":"max-image-preview:large","max-video-preview":"max-video-preview:-1"},"canonical":"https:\/\/compuviper.mx\/tienda\/producto\/lg-24u421a-monitor-pc-b-curvo-fhd-23-8usb-c100hzpanel-va1920x1080169srgb-99250cd-m2tr5mscontr-30001hdmi1500rhdr10dinamic-actionblack-stabilizerflicker-safevesa-100x100\/","og_locale":"es_MX","og_type":"article","og_title":"[ Lg ] &#129351; 24u421a Monitor Pc -b Curvo Fhd 23.8,usb-c,100hz,panel Va,1920x1080,16:9,srgb 99%,250cd\/m2,tr5ms,contr 3000:1,hdmi,1500r,hdr10,dinamic Action,black Stabilizer,flicker Safe,vesa 100x100.","og_description":"Compra 24u421a Monitor Pc -b Curvo Fhd 23.8,usb-c,100hz,panel Va,1920x1080,16:9,srgb 99%,250cd\/m2,tr5ms,contr 3000:1,hdmi,1500r,hdr10,dinamic Action,black Stabilizer,flicker Safe,vesa 100x100. + Env\u00edo a domicilio + Pago seguro + Garant\u00eda","og_url":"https:\/\/compuviper.mx\/tienda\/producto\/lg-24u421a-monitor-pc-b-curvo-fhd-23-8usb-c100hzpanel-va1920x1080169srgb-99250cd-m2tr5mscontr-30001hdmi1500rhdr10dinamic-actionblack-stabilizerflicker-safevesa-100x100\/","og_site_name":"Compuviper","article_publisher":"https:\/\/www.facebook.com\/compuviper","twitter_card":"summary_large_image","twitter_misc":{"Precio":"&#36;2,373 con IVA","Availability":"Out of stock"},"schema":{"@context":"https:\/\/schema.org","@graph":[{"@type":"WebPage","@id":"https:\/\/compuviper.mx\/tienda\/producto\/lg-24u421a-monitor-pc-b-curvo-fhd-23-8usb-c100hzpanel-va1920x1080169srgb-99250cd-m2tr5mscontr-30001hdmi1500rhdr10dinamic-actionblack-stabilizerflicker-safevesa-100x100\/","url":"https:\/\/compuviper.mx\/tienda\/producto\/lg-24u421a-monitor-pc-b-curvo-fhd-23-8usb-c100hzpanel-va1920x1080169srgb-99250cd-m2tr5mscontr-30001hdmi1500rhdr10dinamic-actionblack-stabilizerflicker-safevesa-100x100\/","name":"[ Lg ] &#129351; 24u421a Monitor Pc -b Curvo Fhd 23.8,usb-c,100hz,panel Va,1920x1080,16:9,srgb 99%,250cd\/m2,tr5ms,contr 3000:1,hdmi,1500r,hdr10,dinamic Action,black Stabilizer,flicker Safe,vesa 100x100.","isPartOf":{"@id":"https:\/\/compuviper.mx\/tienda\/#website"},"datePublished":"2026-04-07T06:53:02+00:00","dateModified":"2026-04-07T06:53:02+00:00","description":"Compra 24u421a Monitor Pc -b Curvo Fhd 23.8,usb-c,100hz,panel Va,1920x1080,16:9,srgb 99%,250cd\/m2,tr5ms,contr 3000:1,hdmi,1500r,hdr10,dinamic Action,black Stabilizer,flicker Safe,vesa 100x100. + Env\u00edo a domicilio + Pago seguro + Garant\u00eda","breadcrumb":{"@id":"https:\/\/compuviper.mx\/tienda\/producto\/lg-24u421a-monitor-pc-b-curvo-fhd-23-8usb-c100hzpanel-va1920x1080169srgb-99250cd-m2tr5mscontr-30001hdmi1500rhdr10dinamic-actionblack-stabilizerflicker-safevesa-100x100\/#breadcrumb"},"inLanguage":"es-MX","potentialAction":[{"@type":"ReadAction","target":["https:\/\/compuviper.mx\/tienda\/producto\/lg-24u421a-monitor-pc-b-curvo-fhd-23-8usb-c100hzpanel-va1920x1080169srgb-99250cd-m2tr5mscontr-30001hdmi1500rhdr10dinamic-actionblack-stabilizerflicker-safevesa-100x100\/"]}]},{"@type":"BreadcrumbList","@id":"https:\/\/compuviper.mx\/tienda\/producto\/lg-24u421a-monitor-pc-b-curvo-fhd-23-8usb-c100hzpanel-va1920x1080169srgb-99250cd-m2tr5mscontr-30001hdmi1500rhdr10dinamic-actionblack-stabilizerflicker-safevesa-100x100\/#breadcrumb","itemListElement":[{"@type":"ListItem","position":1,"name":"Inicio","item":"https:\/\/compuviper.mx\/tienda\/"},{"@type":"ListItem","position":2,"name":"Productos","item":"https:\/\/compuviper.mx\/tienda\/productos\/"},{"@type":"ListItem","position":3,"name":"Monitores","item":"https:\/\/compuviper.mx\/tienda\/categoria-producto\/monitores\/"},{"@type":"ListItem","position":4,"name":"Led","item":"https:\/\/compuviper.mx\/tienda\/categoria-producto\/monitores\/led\/"},{"@type":"ListItem","position":5,"name":"Lg 24u421a Monitor Pc -b Curvo Fhd 23.8,usb-c,100hz,panel Va,1920&#215;1080,16:9,srgb 99%,250cd\/m2,tr5ms,contr 3000:1,hdmi,1500r,hdr10,dinamic Action,black Stabilizer,flicker Safe,vesa 100&#215;100."}]},{"@type":"WebSite","@id":"https:\/\/compuviper.mx\/tienda\/#website","url":"https:\/\/compuviper.mx\/tienda\/","name":"Compuviper","description":"Proveedor de Computadoras, Laptops, Servidores, Monitores, Puntos de Venta, Teclados,   Impresoras, T\u00f3ner, C\u00e1maras de Seguridad y m\u00e1s en tu tienda en l\u00ednea","publisher":{"@id":"https:\/\/compuviper.mx\/tienda\/#organization"},"potentialAction":[{"@type":"SearchAction","target":{"@type":"EntryPoint","urlTemplate":"https:\/\/compuviper.mx\/tienda\/?s={search_term_string}"},"query-input":"required name=search_term_string"}],"inLanguage":"es-MX"},{"@type":"Organization","@id":"https:\/\/compuviper.mx\/tienda\/#organization","name":"Compuviper","url":"https:\/\/compuviper.mx\/tienda\/","logo":{"@type":"ImageObject","inLanguage":"es-MX","@id":"https:\/\/compuviper.mx\/tienda\/#\/schema\/logo\/image\/","url":"https:\/\/compuviper.mx\/tienda\/wp-content\/uploads\/2021\/08\/Logo-Compuviper-10.png","contentUrl":"https:\/\/compuviper.mx\/tienda\/wp-content\/uploads\/2021\/08\/Logo-Compuviper-10.png","width":1000,"height":500,"caption":"Compuviper"},"image":{"@id":"https:\/\/compuviper.mx\/tienda\/#\/schema\/logo\/image\/"},"sameAs":["https:\/\/www.facebook.com\/compuviper","https:\/\/www.youtube.com\/channel\/UCf73dERp9Y3cfOq7q8BhLjA?view_as=subscriber"]}]},"product_brand":"LG","product_price_amount":"2373","product_price_currency":"MXN","og_availability":"out of stock","product_availability":"out of stock","product_retailer_item_id":"24U421A","product_condition":"new"},"_links":{"self":[{"href":"https:\/\/compuviper.mx\/tienda\/wp-json\/wp\/v2\/product\/264262"}],"collection":[{"href":"https:\/\/compuviper.mx\/tienda\/wp-json\/wp\/v2\/product"}],"about":[{"href":"https:\/\/compuviper.mx\/tienda\/wp-json\/wp\/v2\/types\/product"}],"replies":[{"embeddable":true,"href":"https:\/\/compuviper.mx\/tienda\/wp-json\/wp\/v2\/comments?post=264262"}],"wp:attachment":[{"href":"https:\/\/compuviper.mx\/tienda\/wp-json\/wp\/v2\/media?parent=264262"}],"wp:term":[{"taxonomy":"product_cat","embeddable":true,"href":"https:\/\/compuviper.mx\/tienda\/wp-json\/wp\/v2\/product_cat?post=264262"},{"taxonomy":"product_tag","embeddable":true,"href":"https:\/\/compuviper.mx\/tienda\/wp-json\/wp\/v2\/product_tag?post=264262"}],"curies":[{"name":"wp","href":"https:\/\/api.w.org\/{rel}","templated":true}]}}