{"id":264261,"date":"2026-04-02T00:54:50","date_gmt":"2026-04-02T06:54:50","guid":{"rendered":"https:\/\/compuviper.mx\/tienda\/producto\/lg-27gx790a-b-monitor-pc-ultragear-gaming-qhd-oled-26-5-pu480hz2560x1440169dci-p3-98-5275cd-m2tr-0-03ms15000001hdmidisplayportusbhdr10amd-freesyncnvidia-g-syncincl-alt-giro-pivoteves\/"},"modified":"2026-04-02T00:54:50","modified_gmt":"2026-04-02T06:54:50","slug":"lg-27gx790a-b-monitor-pc-ultragear-gaming-qhd-oled-26-5-pu480hz2560x1440169dci-p3-98-5275cd-m2tr-0-03ms15000001hdmidisplayportusbhdr10amd-freesyncnvidia-g-syncincl-alt-giro-pivoteves","status":"publish","type":"product","link":"https:\/\/compuviper.mx\/tienda\/producto\/lg-27gx790a-b-monitor-pc-ultragear-gaming-qhd-oled-26-5-pu480hz2560x1440169dci-p3-98-5275cd-m2tr-0-03ms15000001hdmidisplayportusbhdr10amd-freesyncnvidia-g-syncincl-alt-giro-pivoteves\/","title":{"rendered":"Lg 27gx790a-b Monitor Pc  Ultragear Gaming Qhd Oled 26.5 Pu,480hz,2560&#215;1440,16:9,dci-p3 98.5%,275cd\/m2,tr 0.03ms,1500000:1,hdmi,displayport,usb,hdr10,amd Freesync,nvidia G-sync,incl-alt-giro-pivote,vesa100x100"},"content":{"rendered":"<table class=\"descripcion\">\n<tr>\n<td>Informaci\u00f3n 27gx790a-b<\/td>\n<\/tr>\n<tr>\n<td>Nombre del producto<\/td>\n<\/tr>\n<tr>\n<td>Ultragear oled<\/td>\n<\/tr>\n<tr>\n<td>Pantalla<\/td>\n<\/tr>\n<tr>\n<td>Tama\u00f1o [pulgadas]<\/td>\n<\/tr>\n<tr>\n<td>26.5<\/td>\n<\/tr>\n<tr>\n<td>Relaci\u00f3n de aspecto<\/td>\n<\/tr>\n<tr>\n<td>16:9<\/td>\n<\/tr>\n<tr>\n<td>Tipo de panel<\/td>\n<\/tr>\n<tr>\n<td>Oled<\/td>\n<\/tr>\n<tr>\n<td>Tiempo de respuesta<\/td>\n<\/tr>\n<tr>\n<td>0.03ms (gtg)<\/td>\n<\/tr>\n<tr>\n<td>Resoluci\u00f3n<\/td>\n<\/tr>\n<tr>\n<td>2560 x 1440<\/td>\n<\/tr>\n<tr>\n<td>Paso de p\u00edxeles [mm]<\/td>\n<\/tr>\n<tr>\n<td>0.2292 \u00d7 0.2292<\/td>\n<\/tr>\n<tr>\n<td>Profundidad de color (n\u00famero de colores)<\/td>\n<\/tr>\n<tr>\n<td>1.7<\/td>\n<\/tr>\n<tr>\n<td>\u00e1ngulo de visi\u00f3n (cr and #8805;10)<\/td>\n<\/tr>\n<tr>\n<td>178 and #730;(i\/d), 178 and #730;(a\/d)<\/td>\n<\/tr>\n<tr>\n<td>Brillo (t\u00edp.) [cd\/m\u00b2]<\/td>\n<\/tr>\n<tr>\n<td>275 cd\/m\u00b2<\/td>\n<\/tr>\n<tr>\n<td>Relaci\u00f3n de contraste (t\u00edp.)<\/td>\n<\/tr>\n<tr>\n<td>1500000:1<\/td>\n<\/tr>\n<tr>\n<td>Gama de colores (t\u00edp.)<\/td>\n<\/tr>\n<tr>\n<td>Dci-p3 98.5% (cie1976)<\/td>\n<\/tr>\n<tr>\n<td>Frecuencia de actualizaci\u00f3n (m\u00e1x.) [hz]<\/td>\n<\/tr>\n<tr>\n<td>480hz<\/td>\n<\/tr>\n<tr>\n<td>Brillo (m\u00edn.) [cd\/m\u00b2]<\/td>\n<\/tr>\n<tr>\n<td>250 cd\/m\u00b2<\/td>\n<\/tr>\n<tr>\n<td>Color bit<\/td>\n<\/tr>\n<tr>\n<td>8-bit\/ 10-bit<\/td>\n<\/tr>\n<tr>\n<td>Tratamiento de superficies<\/td>\n<\/tr>\n<tr>\n<td>Antideslumbrante, baja reflexi\u00f3n del polarizador frontal<\/td>\n<\/tr>\n<tr>\n<td>Conectividad<\/td>\n<\/tr>\n<tr>\n<td>Hdmi<\/td>\n<\/tr>\n<tr>\n<td>S\u00ed<\/td>\n<\/tr>\n<tr>\n<td>Displayport<\/td>\n<\/tr>\n<tr>\n<td>S\u00ed<\/td>\n<\/tr>\n<tr>\n<td>Versi\u00f3n dp<\/td>\n<\/tr>\n<tr>\n<td>2.1<\/td>\n<\/tr>\n<tr>\n<td>Salida de auriculares<\/td>\n<\/tr>\n<tr>\n<td>S\u00ed<\/td>\n<\/tr>\n<tr>\n<td>Puerto usb descendente<\/td>\n<\/tr>\n<tr>\n<td>S\u00ed<\/td>\n<\/tr>\n<tr>\n<td>Puerto usb ascendente<\/td>\n<\/tr>\n<tr>\n<td>S\u00ed<\/td>\n<\/tr>\n<tr>\n<td>Caracter\u00edsticas<\/td>\n<\/tr>\n<tr>\n<td>Hdr 10<\/td>\n<\/tr>\n<tr>\n<td>S\u00ed<\/td>\n<\/tr>\n<tr>\n<td>Amd freesync<\/td>\n<\/tr>\n<tr>\n<td>S\u00ed<\/td>\n<\/tr>\n<tr>\n<td>Debilidad del color<\/td>\n<\/tr>\n<tr>\n<td>S\u00ed<\/td>\n<\/tr>\n<tr>\n<td>Ahorro de energ\u00eda inteligente<\/td>\n<\/tr>\n<tr>\n<td>S\u00ed<\/td>\n<\/tr>\n<tr>\n<td>Color calibrado en f\u00e1brica<\/td>\n<\/tr>\n<tr>\n<td>S\u00ed<\/td>\n<\/tr>\n<tr>\n<td>Nvidia g-sync<\/td>\n<\/tr>\n<tr>\n<td>S\u00ed<\/td>\n<\/tr>\n<tr>\n<td>Calibraci\u00f3n hw<\/td>\n<\/tr>\n<tr>\n<td>S\u00ed<\/td>\n<\/tr>\n<tr>\n<td>Sincronizaci\u00f3n de acci\u00f3n din\u00e1mica<\/td>\n<\/tr>\n<tr>\n<td>S\u00ed<\/td>\n<\/tr>\n<tr>\n<td>Estabilizador negro<\/td>\n<\/tr>\n<tr>\n<td>S\u00ed<\/td>\n<\/tr>\n<tr>\n<td>Cruz<\/td>\n<\/tr>\n<tr>\n<td>S\u00ed<\/td>\n<\/tr>\n<tr>\n<td>Modo lector<\/td>\n<\/tr>\n<tr>\n<td>S\u00ed<\/td>\n<\/tr>\n<tr>\n<td>Contador fps<\/td>\n<\/tr>\n<tr>\n<td>S\u00ed<\/td>\n<\/tr>\n<tr>\n<td>Vesa displayhdr\u0099<\/td>\n<\/tr>\n<tr>\n<td>Displayhdr\u0099 true black 400<\/td>\n<\/tr>\n<tr>\n<td>Tecla definida por el usuario<\/td>\n<\/tr>\n<tr>\n<td>S\u00ed<\/td>\n<\/tr>\n<tr>\n<td>Auto input switch<\/td>\n<\/tr>\n<tr>\n<td>S\u00ed<\/td>\n<\/tr>\n<tr>\n<td>Efecto hdr<\/td>\n<\/tr>\n<tr>\n<td>S\u00ed<\/td>\n<\/tr>\n<tr>\n<td>Mec\u00e1nico<\/td>\n<\/tr>\n<tr>\n<td>Ajustes de posici\u00f3n de la pantalla<\/td>\n<\/tr>\n<tr>\n<td>Inclinaci\u00f3n\/altura\/giratorio\/pivotante<\/td>\n<\/tr>\n<tr>\n<td>Montaje en pared [mm]<\/td>\n<\/tr>\n<tr>\n<td>100 x 100<\/td>\n<\/tr>\n<tr>\n<td>Soporte oneclick<\/td>\n<\/tr>\n<tr>\n<td>S\u00ed<\/td>\n<\/tr>\n<tr>\n<td>Dimensiones\/pesos<\/td>\n<\/tr>\n<tr>\n<td>Dimensiones en el env\u00edo (an x al x p) [mm]<\/td>\n<\/tr>\n<tr>\n<td>821.3 x 183.1 x 556.9<\/td>\n<\/tr>\n<tr>\n<td>Dimensiones con soporte (an x al x p) [mm]<\/td>\n<\/tr>\n<tr>\n<td>605,2 x 579,3 x 249,1 (mm)<\/td>\n<\/tr>\n<tr>\n<td>Dimensiones sin soporte (an x al x p) [mm]<\/td>\n<\/tr>\n<tr>\n<td>605,2 x 351,0 x 45,3 (mm)<\/td>\n<\/tr>\n<tr>\n<td>Peso en el env\u00edo [kg]<\/td>\n<\/tr>\n<tr>\n<td>12.6 (kg)<\/td>\n<\/tr>\n<tr>\n<td>Peso con soporte [kg]<\/td>\n<\/tr>\n<tr>\n<td>9,3 (kg)<\/td>\n<\/tr>\n<tr>\n<td>Peso sin soporte [kg]<\/td>\n<\/tr>\n<tr>\n<td>5,1 (kg)<\/td>\n<\/tr>\n<tr>\n<td>Alimentaci\u00f3n<\/td>\n<\/tr>\n<tr>\n<td>Consumo de energ\u00eda (modo de reposo)<\/td>\n<\/tr>\n<tr>\n<td>Menos de 0.5w<\/td>\n<\/tr>\n<tr>\n<td>Consumo (dc off)<\/td>\n<\/tr>\n<tr>\n<td>Menos de 0.3w<\/td>\n<\/tr>\n<tr>\n<td>Entrada ca<\/td>\n<\/tr>\n<tr>\n<td>100-240 v ~ 50 \/ 60 hz 2,0 a<\/td>\n<\/tr>\n<tr>\n<td>Tipo<\/td>\n<\/tr>\n<tr>\n<td>Alimentaci\u00f3n externa (adaptador)<\/td>\n<\/tr>\n<tr>\n<td>Accesorio<\/td>\n<\/tr>\n<tr>\n<td>Puerto de pantalla<\/td>\n<\/tr>\n<tr>\n<td>S\u00ed<\/td>\n<\/tr>\n<tr>\n<td>Hdmi<\/td>\n<\/tr>\n<tr>\n<td>S\u00ed<\/td>\n<\/tr>\n<tr>\n<td>Usb a a b<\/td>\n<\/tr>\n<tr>\n<td>S\u00ed<\/td>\n<\/tr>\n<tr>\n<td>Informe de calibraci\u00f3n (papel)<\/td>\n<\/tr>\n<tr>\n<td>S\u00ed<\/td>\n<\/tr>\n<tr>\n<td>Aplicaci\u00f3n sw<\/td>\n<\/tr>\n<tr>\n<td>Controlador dual<\/td>\n<\/tr>\n<tr>\n<td>S\u00ed<\/td>\n<\/tr>\n<\/table>\n","protected":false},"excerpt":{"rendered":"<p>Lg ultragear\u0099 monitor gaming oled de 27 pulgadas 480hz qhd | 0,03ms (gtg), dp 2.1, displayhdr true black 400. 27gx790a-b. Caracter\u00edsticas clave. Pantalla oled qhd de 27 pulgadas (2560&#215;1440. Displayhdr true black 400 \/ relaci\u00f3n de contraste de 1,5m:1. Oled con frecuencia de actualizaci\u00f3n de 480hz. Tiempo de respuesta de 0.03ms (gtg. Compatible con nvidia\u00ae g-sync\u00ae \/ vesa certified adaptivesync \/ amd freesync\u0099 premium pro. Dise\u00f1o de iluminaci\u00f3n hexagonal con soporte en l que ahorra espacio<\/p>\n","protected":false},"featured_media":0,"comment_status":"open","ping_status":"open","template":"","meta":[],"product_cat":[1740,1741],"product_tag":[1687],"acf":[],"yoast_head":"<!-- This site is optimized with the Yoast SEO plugin v21.7 - https:\/\/yoast.com\/wordpress\/plugins\/seo\/ -->\n<title>[ Lg ] &#129351; 27gx790a-b Monitor Pc Ultragear Gaming Qhd Oled 26.5 Pu,480hz,2560x1440,16:9,dci-p3 98.5%,275cd\/m2,tr 0.03ms,1500000:1,hdmi,displayport,usb,hdr10,amd Freesync,nvidia G-sync,incl-alt-giro-pivote,vesa100x100<\/title>\n<meta name=\"description\" content=\"Compra 27gx790a-b Monitor Pc Ultragear Gaming Qhd Oled 26.5 Pu,480hz,2560x1440,16:9,dci-p3 98.5%,275cd\/m2,tr 0.03ms,1500000:1,hdmi,displayport,usb,hdr10,amd Freesync,nvidia G-sync,incl-alt-giro-pivote,vesa100x100 + Env\u00edo a domicilio + Pago seguro + Garant\u00eda\" \/>\n<meta name=\"robots\" content=\"index, follow, max-snippet:-1, max-image-preview:large, max-video-preview:-1\" \/>\n<link rel=\"canonical\" href=\"https:\/\/compuviper.mx\/tienda\/producto\/lg-27gx790a-b-monitor-pc-ultragear-gaming-qhd-oled-26-5-pu480hz2560x1440169dci-p3-98-5275cd-m2tr-0-03ms15000001hdmidisplayportusbhdr10amd-freesyncnvidia-g-syncincl-alt-giro-pivoteves\/\" \/>\n<meta property=\"og:locale\" content=\"es_MX\" \/>\n<meta property=\"og:type\" content=\"article\" \/>\n<meta property=\"og:title\" content=\"[ Lg ] &#129351; 27gx790a-b Monitor Pc Ultragear Gaming Qhd Oled 26.5 Pu,480hz,2560x1440,16:9,dci-p3 98.5%,275cd\/m2,tr 0.03ms,1500000:1,hdmi,displayport,usb,hdr10,amd Freesync,nvidia G-sync,incl-alt-giro-pivote,vesa100x100\" \/>\n<meta property=\"og:description\" content=\"Compra 27gx790a-b Monitor Pc Ultragear Gaming Qhd Oled 26.5 Pu,480hz,2560x1440,16:9,dci-p3 98.5%,275cd\/m2,tr 0.03ms,1500000:1,hdmi,displayport,usb,hdr10,amd Freesync,nvidia G-sync,incl-alt-giro-pivote,vesa100x100 + Env\u00edo a domicilio + Pago seguro + Garant\u00eda\" \/>\n<meta property=\"og:url\" content=\"https:\/\/compuviper.mx\/tienda\/producto\/lg-27gx790a-b-monitor-pc-ultragear-gaming-qhd-oled-26-5-pu480hz2560x1440169dci-p3-98-5275cd-m2tr-0-03ms15000001hdmidisplayportusbhdr10amd-freesyncnvidia-g-syncincl-alt-giro-pivoteves\/\" \/>\n<meta property=\"og:site_name\" content=\"Compuviper\" \/>\n<meta property=\"article:publisher\" content=\"https:\/\/www.facebook.com\/compuviper\" \/>\n<meta name=\"twitter:card\" content=\"summary_large_image\" \/>\n<meta name=\"twitter:label1\" content=\"Precio\" \/>\n\t<meta name=\"twitter:data1\" content=\"&#36;18,584 con IVA\" \/>\n\t<meta name=\"twitter:label2\" content=\"Availability\" \/>\n\t<meta name=\"twitter:data2\" content=\"In stock\" \/>\n<script type=\"application\/ld+json\" class=\"yoast-schema-graph\">{\"@context\":\"https:\/\/schema.org\",\"@graph\":[{\"@type\":\"WebPage\",\"@id\":\"https:\/\/compuviper.mx\/tienda\/producto\/lg-27gx790a-b-monitor-pc-ultragear-gaming-qhd-oled-26-5-pu480hz2560x1440169dci-p3-98-5275cd-m2tr-0-03ms15000001hdmidisplayportusbhdr10amd-freesyncnvidia-g-syncincl-alt-giro-pivoteves\/\",\"url\":\"https:\/\/compuviper.mx\/tienda\/producto\/lg-27gx790a-b-monitor-pc-ultragear-gaming-qhd-oled-26-5-pu480hz2560x1440169dci-p3-98-5275cd-m2tr-0-03ms15000001hdmidisplayportusbhdr10amd-freesyncnvidia-g-syncincl-alt-giro-pivoteves\/\",\"name\":\"[ Lg ] &#129351; 27gx790a-b Monitor Pc Ultragear Gaming Qhd Oled 26.5 Pu,480hz,2560x1440,16:9,dci-p3 98.5%,275cd\/m2,tr 0.03ms,1500000:1,hdmi,displayport,usb,hdr10,amd Freesync,nvidia G-sync,incl-alt-giro-pivote,vesa100x100\",\"isPartOf\":{\"@id\":\"https:\/\/compuviper.mx\/tienda\/#website\"},\"datePublished\":\"2026-04-02T06:54:50+00:00\",\"dateModified\":\"2026-04-02T06:54:50+00:00\",\"description\":\"Compra 27gx790a-b Monitor Pc Ultragear Gaming Qhd Oled 26.5 Pu,480hz,2560x1440,16:9,dci-p3 98.5%,275cd\/m2,tr 0.03ms,1500000:1,hdmi,displayport,usb,hdr10,amd Freesync,nvidia G-sync,incl-alt-giro-pivote,vesa100x100 + Env\u00edo a domicilio + Pago seguro + Garant\u00eda\",\"breadcrumb\":{\"@id\":\"https:\/\/compuviper.mx\/tienda\/producto\/lg-27gx790a-b-monitor-pc-ultragear-gaming-qhd-oled-26-5-pu480hz2560x1440169dci-p3-98-5275cd-m2tr-0-03ms15000001hdmidisplayportusbhdr10amd-freesyncnvidia-g-syncincl-alt-giro-pivoteves\/#breadcrumb\"},\"inLanguage\":\"es-MX\",\"potentialAction\":[{\"@type\":\"ReadAction\",\"target\":[\"https:\/\/compuviper.mx\/tienda\/producto\/lg-27gx790a-b-monitor-pc-ultragear-gaming-qhd-oled-26-5-pu480hz2560x1440169dci-p3-98-5275cd-m2tr-0-03ms15000001hdmidisplayportusbhdr10amd-freesyncnvidia-g-syncincl-alt-giro-pivoteves\/\"]}]},{\"@type\":\"BreadcrumbList\",\"@id\":\"https:\/\/compuviper.mx\/tienda\/producto\/lg-27gx790a-b-monitor-pc-ultragear-gaming-qhd-oled-26-5-pu480hz2560x1440169dci-p3-98-5275cd-m2tr-0-03ms15000001hdmidisplayportusbhdr10amd-freesyncnvidia-g-syncincl-alt-giro-pivoteves\/#breadcrumb\",\"itemListElement\":[{\"@type\":\"ListItem\",\"position\":1,\"name\":\"Inicio\",\"item\":\"https:\/\/compuviper.mx\/tienda\/\"},{\"@type\":\"ListItem\",\"position\":2,\"name\":\"Productos\",\"item\":\"https:\/\/compuviper.mx\/tienda\/productos\/\"},{\"@type\":\"ListItem\",\"position\":3,\"name\":\"Monitores\",\"item\":\"https:\/\/compuviper.mx\/tienda\/categoria-producto\/monitores\/\"},{\"@type\":\"ListItem\",\"position\":4,\"name\":\"Led\",\"item\":\"https:\/\/compuviper.mx\/tienda\/categoria-producto\/monitores\/led\/\"},{\"@type\":\"ListItem\",\"position\":5,\"name\":\"Lg 27gx790a-b Monitor Pc Ultragear Gaming Qhd Oled 26.5 Pu,480hz,2560&#215;1440,16:9,dci-p3 98.5%,275cd\/m2,tr 0.03ms,1500000:1,hdmi,displayport,usb,hdr10,amd Freesync,nvidia G-sync,incl-alt-giro-pivote,vesa100x100\"}]},{\"@type\":\"WebSite\",\"@id\":\"https:\/\/compuviper.mx\/tienda\/#website\",\"url\":\"https:\/\/compuviper.mx\/tienda\/\",\"name\":\"Compuviper\",\"description\":\"Proveedor de Computadoras, Laptops, Servidores, Monitores, Puntos de Venta, Teclados,   Impresoras, T\u00f3ner, C\u00e1maras de Seguridad y m\u00e1s en tu tienda en l\u00ednea\",\"publisher\":{\"@id\":\"https:\/\/compuviper.mx\/tienda\/#organization\"},\"potentialAction\":[{\"@type\":\"SearchAction\",\"target\":{\"@type\":\"EntryPoint\",\"urlTemplate\":\"https:\/\/compuviper.mx\/tienda\/?s={search_term_string}\"},\"query-input\":\"required name=search_term_string\"}],\"inLanguage\":\"es-MX\"},{\"@type\":\"Organization\",\"@id\":\"https:\/\/compuviper.mx\/tienda\/#organization\",\"name\":\"Compuviper\",\"url\":\"https:\/\/compuviper.mx\/tienda\/\",\"logo\":{\"@type\":\"ImageObject\",\"inLanguage\":\"es-MX\",\"@id\":\"https:\/\/compuviper.mx\/tienda\/#\/schema\/logo\/image\/\",\"url\":\"https:\/\/compuviper.mx\/tienda\/wp-content\/uploads\/2021\/08\/Logo-Compuviper-10.png\",\"contentUrl\":\"https:\/\/compuviper.mx\/tienda\/wp-content\/uploads\/2021\/08\/Logo-Compuviper-10.png\",\"width\":1000,\"height\":500,\"caption\":\"Compuviper\"},\"image\":{\"@id\":\"https:\/\/compuviper.mx\/tienda\/#\/schema\/logo\/image\/\"},\"sameAs\":[\"https:\/\/www.facebook.com\/compuviper\",\"https:\/\/www.youtube.com\/channel\/UCf73dERp9Y3cfOq7q8BhLjA?view_as=subscriber\"]}]}<\/script>\n<meta property=\"product:brand\" content=\"LG\" \/>\n<meta property=\"product:price:amount\" content=\"18584\" \/>\n<meta property=\"product:price:currency\" content=\"MXN\" \/>\n<meta property=\"og:availability\" content=\"instock\" \/>\n<meta property=\"product:availability\" content=\"instock\" \/>\n<meta property=\"product:retailer_item_id\" content=\"27GX790A-B\" \/>\n<meta property=\"product:condition\" content=\"new\" \/>\n<!-- \/ Yoast SEO plugin. -->","yoast_head_json":{"title":"[ Lg ] &#129351; 27gx790a-b Monitor Pc Ultragear Gaming Qhd Oled 26.5 Pu,480hz,2560x1440,16:9,dci-p3 98.5%,275cd\/m2,tr 0.03ms,1500000:1,hdmi,displayport,usb,hdr10,amd Freesync,nvidia G-sync,incl-alt-giro-pivote,vesa100x100","description":"Compra 27gx790a-b Monitor Pc Ultragear Gaming Qhd Oled 26.5 Pu,480hz,2560x1440,16:9,dci-p3 98.5%,275cd\/m2,tr 0.03ms,1500000:1,hdmi,displayport,usb,hdr10,amd Freesync,nvidia G-sync,incl-alt-giro-pivote,vesa100x100 + Env\u00edo a domicilio + Pago seguro + Garant\u00eda","robots":{"index":"index","follow":"follow","max-snippet":"max-snippet:-1","max-image-preview":"max-image-preview:large","max-video-preview":"max-video-preview:-1"},"canonical":"https:\/\/compuviper.mx\/tienda\/producto\/lg-27gx790a-b-monitor-pc-ultragear-gaming-qhd-oled-26-5-pu480hz2560x1440169dci-p3-98-5275cd-m2tr-0-03ms15000001hdmidisplayportusbhdr10amd-freesyncnvidia-g-syncincl-alt-giro-pivoteves\/","og_locale":"es_MX","og_type":"article","og_title":"[ Lg ] &#129351; 27gx790a-b Monitor Pc Ultragear Gaming Qhd Oled 26.5 Pu,480hz,2560x1440,16:9,dci-p3 98.5%,275cd\/m2,tr 0.03ms,1500000:1,hdmi,displayport,usb,hdr10,amd Freesync,nvidia G-sync,incl-alt-giro-pivote,vesa100x100","og_description":"Compra 27gx790a-b Monitor Pc Ultragear Gaming Qhd Oled 26.5 Pu,480hz,2560x1440,16:9,dci-p3 98.5%,275cd\/m2,tr 0.03ms,1500000:1,hdmi,displayport,usb,hdr10,amd Freesync,nvidia G-sync,incl-alt-giro-pivote,vesa100x100 + Env\u00edo a domicilio + Pago seguro + Garant\u00eda","og_url":"https:\/\/compuviper.mx\/tienda\/producto\/lg-27gx790a-b-monitor-pc-ultragear-gaming-qhd-oled-26-5-pu480hz2560x1440169dci-p3-98-5275cd-m2tr-0-03ms15000001hdmidisplayportusbhdr10amd-freesyncnvidia-g-syncincl-alt-giro-pivoteves\/","og_site_name":"Compuviper","article_publisher":"https:\/\/www.facebook.com\/compuviper","twitter_card":"summary_large_image","twitter_misc":{"Precio":"&#36;18,584 con IVA","Availability":"In stock"},"schema":{"@context":"https:\/\/schema.org","@graph":[{"@type":"WebPage","@id":"https:\/\/compuviper.mx\/tienda\/producto\/lg-27gx790a-b-monitor-pc-ultragear-gaming-qhd-oled-26-5-pu480hz2560x1440169dci-p3-98-5275cd-m2tr-0-03ms15000001hdmidisplayportusbhdr10amd-freesyncnvidia-g-syncincl-alt-giro-pivoteves\/","url":"https:\/\/compuviper.mx\/tienda\/producto\/lg-27gx790a-b-monitor-pc-ultragear-gaming-qhd-oled-26-5-pu480hz2560x1440169dci-p3-98-5275cd-m2tr-0-03ms15000001hdmidisplayportusbhdr10amd-freesyncnvidia-g-syncincl-alt-giro-pivoteves\/","name":"[ Lg ] &#129351; 27gx790a-b Monitor Pc Ultragear Gaming Qhd Oled 26.5 Pu,480hz,2560x1440,16:9,dci-p3 98.5%,275cd\/m2,tr 0.03ms,1500000:1,hdmi,displayport,usb,hdr10,amd Freesync,nvidia G-sync,incl-alt-giro-pivote,vesa100x100","isPartOf":{"@id":"https:\/\/compuviper.mx\/tienda\/#website"},"datePublished":"2026-04-02T06:54:50+00:00","dateModified":"2026-04-02T06:54:50+00:00","description":"Compra 27gx790a-b Monitor Pc Ultragear Gaming Qhd Oled 26.5 Pu,480hz,2560x1440,16:9,dci-p3 98.5%,275cd\/m2,tr 0.03ms,1500000:1,hdmi,displayport,usb,hdr10,amd Freesync,nvidia G-sync,incl-alt-giro-pivote,vesa100x100 + Env\u00edo a domicilio + Pago seguro + Garant\u00eda","breadcrumb":{"@id":"https:\/\/compuviper.mx\/tienda\/producto\/lg-27gx790a-b-monitor-pc-ultragear-gaming-qhd-oled-26-5-pu480hz2560x1440169dci-p3-98-5275cd-m2tr-0-03ms15000001hdmidisplayportusbhdr10amd-freesyncnvidia-g-syncincl-alt-giro-pivoteves\/#breadcrumb"},"inLanguage":"es-MX","potentialAction":[{"@type":"ReadAction","target":["https:\/\/compuviper.mx\/tienda\/producto\/lg-27gx790a-b-monitor-pc-ultragear-gaming-qhd-oled-26-5-pu480hz2560x1440169dci-p3-98-5275cd-m2tr-0-03ms15000001hdmidisplayportusbhdr10amd-freesyncnvidia-g-syncincl-alt-giro-pivoteves\/"]}]},{"@type":"BreadcrumbList","@id":"https:\/\/compuviper.mx\/tienda\/producto\/lg-27gx790a-b-monitor-pc-ultragear-gaming-qhd-oled-26-5-pu480hz2560x1440169dci-p3-98-5275cd-m2tr-0-03ms15000001hdmidisplayportusbhdr10amd-freesyncnvidia-g-syncincl-alt-giro-pivoteves\/#breadcrumb","itemListElement":[{"@type":"ListItem","position":1,"name":"Inicio","item":"https:\/\/compuviper.mx\/tienda\/"},{"@type":"ListItem","position":2,"name":"Productos","item":"https:\/\/compuviper.mx\/tienda\/productos\/"},{"@type":"ListItem","position":3,"name":"Monitores","item":"https:\/\/compuviper.mx\/tienda\/categoria-producto\/monitores\/"},{"@type":"ListItem","position":4,"name":"Led","item":"https:\/\/compuviper.mx\/tienda\/categoria-producto\/monitores\/led\/"},{"@type":"ListItem","position":5,"name":"Lg 27gx790a-b Monitor Pc Ultragear Gaming Qhd Oled 26.5 Pu,480hz,2560&#215;1440,16:9,dci-p3 98.5%,275cd\/m2,tr 0.03ms,1500000:1,hdmi,displayport,usb,hdr10,amd Freesync,nvidia G-sync,incl-alt-giro-pivote,vesa100x100"}]},{"@type":"WebSite","@id":"https:\/\/compuviper.mx\/tienda\/#website","url":"https:\/\/compuviper.mx\/tienda\/","name":"Compuviper","description":"Proveedor de Computadoras, Laptops, Servidores, Monitores, Puntos de Venta, Teclados,   Impresoras, T\u00f3ner, C\u00e1maras de Seguridad y m\u00e1s en tu tienda en l\u00ednea","publisher":{"@id":"https:\/\/compuviper.mx\/tienda\/#organization"},"potentialAction":[{"@type":"SearchAction","target":{"@type":"EntryPoint","urlTemplate":"https:\/\/compuviper.mx\/tienda\/?s={search_term_string}"},"query-input":"required name=search_term_string"}],"inLanguage":"es-MX"},{"@type":"Organization","@id":"https:\/\/compuviper.mx\/tienda\/#organization","name":"Compuviper","url":"https:\/\/compuviper.mx\/tienda\/","logo":{"@type":"ImageObject","inLanguage":"es-MX","@id":"https:\/\/compuviper.mx\/tienda\/#\/schema\/logo\/image\/","url":"https:\/\/compuviper.mx\/tienda\/wp-content\/uploads\/2021\/08\/Logo-Compuviper-10.png","contentUrl":"https:\/\/compuviper.mx\/tienda\/wp-content\/uploads\/2021\/08\/Logo-Compuviper-10.png","width":1000,"height":500,"caption":"Compuviper"},"image":{"@id":"https:\/\/compuviper.mx\/tienda\/#\/schema\/logo\/image\/"},"sameAs":["https:\/\/www.facebook.com\/compuviper","https:\/\/www.youtube.com\/channel\/UCf73dERp9Y3cfOq7q8BhLjA?view_as=subscriber"]}]},"product_brand":"LG","product_price_amount":"18584","product_price_currency":"MXN","og_availability":"instock","product_availability":"instock","product_retailer_item_id":"27GX790A-B","product_condition":"new"},"_links":{"self":[{"href":"https:\/\/compuviper.mx\/tienda\/wp-json\/wp\/v2\/product\/264261"}],"collection":[{"href":"https:\/\/compuviper.mx\/tienda\/wp-json\/wp\/v2\/product"}],"about":[{"href":"https:\/\/compuviper.mx\/tienda\/wp-json\/wp\/v2\/types\/product"}],"replies":[{"embeddable":true,"href":"https:\/\/compuviper.mx\/tienda\/wp-json\/wp\/v2\/comments?post=264261"}],"wp:attachment":[{"href":"https:\/\/compuviper.mx\/tienda\/wp-json\/wp\/v2\/media?parent=264261"}],"wp:term":[{"taxonomy":"product_cat","embeddable":true,"href":"https:\/\/compuviper.mx\/tienda\/wp-json\/wp\/v2\/product_cat?post=264261"},{"taxonomy":"product_tag","embeddable":true,"href":"https:\/\/compuviper.mx\/tienda\/wp-json\/wp\/v2\/product_tag?post=264261"}],"curies":[{"name":"wp","href":"https:\/\/api.w.org\/{rel}","templated":true}]}}