{"id":264259,"date":"2026-04-25T00:48:33","date_gmt":"2026-04-25T06:48:33","guid":{"rendered":"https:\/\/compuviper.mx\/tienda\/producto\/sharp-display-pn-e869-monitor-profesional-sharp-86-uhd-3840-x-2160-16-7-350-cd-m2-12001-2-hdmi-usb-c-hdcp-rj-45\/"},"modified":"2026-04-25T00:48:33","modified_gmt":"2026-04-25T06:48:33","slug":"sharp-display-pn-e869-monitor-profesional-sharp-86-uhd-3840-x-2160-16-7-350-cd-m2-12001-2-hdmi-usb-c-hdcp-rj-45","status":"publish","type":"product","link":"https:\/\/compuviper.mx\/tienda\/producto\/sharp-display-pn-e869-monitor-profesional-sharp-86-uhd-3840-x-2160-16-7-350-cd-m2-12001-2-hdmi-usb-c-hdcp-rj-45\/","title":{"rendered":"Sharp Display Pn-e869 Monitor Profesional Sharp 86?  Uhd 3840 X 2160 16\/7, 350 Cd\/m2, 1200:1, 2 Hdmi, Usb-c Hdcp, Rj-45"},"content":{"rendered":"<table class=\"descripcion\">\n<tr>\n<td>Tecnolog\u00eda del panel ips con retroiluminaci\u00f3n led directa<\/td>\n<\/tr>\n<tr>\n<td>Area de pantalla activa (an x al) [mm] 1.895 x 1.066<\/td>\n<\/tr>\n<tr>\n<td>Tama\u00f1o de pantalla [pulgadas\/cm] 85,6 \/ 217,43<\/td>\n<\/tr>\n<tr>\n<td>Relaci\u00f3n de aspecto 16:9<\/td>\n<\/tr>\n<tr>\n<td>Tama\u00f1o de p\u00edxel [mm] 0,494<\/td>\n<\/tr>\n<tr>\n<td>Brillo [cd\/m\u00b2] 350<\/td>\n<\/tr>\n<tr>\n<td>Ratio de contraste (t\u00edp.) 1200:1<\/td>\n<\/tr>\n<tr>\n<td>\u00e1ngulo de visi\u00f3n [\u00b0] 178 horizontal \/ 178 vertical (t\u00edp. en ratio de contraste 10:1)<\/td>\n<\/tr>\n<tr>\n<td>Colour depth [bn] 1.07 (8bit + frc)<\/td>\n<\/tr>\n<tr>\n<td>Tiempo de respuesta (t\u00edp.) [msec] 8<\/td>\n<\/tr>\n<tr>\n<td>Frecuencia de refresco [hz] 60<\/td>\n<\/tr>\n<tr>\n<td>Haze level [%] pro (25)<\/td>\n<\/tr>\n<tr>\n<td>Orientaci\u00f3n posible horizontal; vertical<\/td>\n<\/tr>\n<tr>\n<td>Resoluci\u00f3n<\/td>\n<\/tr>\n<tr>\n<td>Resoluci\u00f3n nativa<\/td>\n<\/tr>\n<tr>\n<td>3840 x 2160<\/td>\n<\/tr>\n<tr>\n<td>Funciona con entradas digitales y an\u00e1logas (pc)<\/td>\n<\/tr>\n<tr>\n<td>1024 x 768;<\/td>\n<\/tr>\n<tr>\n<td>1280 x 1024;<\/td>\n<\/tr>\n<tr>\n<td>1280 x 720;<\/td>\n<\/tr>\n<tr>\n<td>1280 x 800;<\/td>\n<\/tr>\n<tr>\n<td>1280 x 960;<\/td>\n<\/tr>\n<tr>\n<td>1360 x 768;<\/td>\n<\/tr>\n<tr>\n<td>1400 x 1050;<\/td>\n<\/tr>\n<tr>\n<td>1440 x 900;<\/td>\n<\/tr>\n<tr>\n<td>1680 x 1050;<\/td>\n<\/tr>\n<tr>\n<td>1920 x 1080;<\/td>\n<\/tr>\n<tr>\n<td>1920 x 1200;<\/td>\n<\/tr>\n<tr>\n<td>3840 x 2160;<\/td>\n<\/tr>\n<tr>\n<td>4096 x 2160;<\/td>\n<\/tr>\n<tr>\n<td>640 x 480;<\/td>\n<\/tr>\n<tr>\n<td>720 x 400;<\/td>\n<\/tr>\n<tr>\n<td>720 x 480;<\/td>\n<\/tr>\n<tr>\n<td>720 x 576<\/td>\n<\/tr>\n<tr>\n<td>Frecuencia de sincronizaci\u00f3n<\/td>\n<\/tr>\n<tr>\n<td>Frecuencia horizontal [khz] 31,5 &#8211; 135<\/td>\n<\/tr>\n<tr>\n<td>Frecuencia vertical [hz] 24 &#8211; 75<\/td>\n<\/tr>\n<tr>\n<td>Conectividad<\/td>\n<\/tr>\n<tr>\n<td>Entrada digital de v\u00eddeo 1 x usb-c (con hdcp, 15 w); 2 x hdmi<\/td>\n<\/tr>\n<tr>\n<td>Entrada digital de audio 1x usb-c; 2 x hdmi<\/td>\n<\/tr>\n<tr>\n<td>Control de entrada 1 x lan 100mbit; 1 x rs232<\/td>\n<\/tr>\n<tr>\n<td>Input data 1 x usb 2.0 (mediaplayer); 1 x usb typ-c (5v\/3a, power for external devices)<\/td>\n<\/tr>\n<tr>\n<td>Salida an\u00e1loga de audio 1 x 3,5 mm jack<\/td>\n<\/tr>\n<tr>\n<td>Mando a distancia entrada rs-232c (d-sub de 9 patillas); mando a distancia ir<\/td>\n<\/tr>\n<tr>\n<td>El\u00e9ctrico<\/td>\n<\/tr>\n<tr>\n<td>Consumo [w] 245 env\u00edo<\/td>\n<\/tr>\n<tr>\n<td>Modo stand-by [w]   0,5;   2 (networked standby)<\/td>\n<\/tr>\n<tr>\n<td>Fuente de alimentaci\u00f3n 100-240 v ac; 50\/60 hz; interna<\/td>\n<\/tr>\n<tr>\n<td>Condiciones ambientales<\/td>\n<\/tr>\n<tr>\n<td>Temperatura ambiente de funcionamiento [\u00b0c] +0 a +40<\/td>\n<\/tr>\n<tr>\n<td>Humedad ambiental de funcionamiento [%] 20 a 80<\/td>\n<\/tr>\n<tr>\n<td>Humedad de almacenamiento [%] 10 a 80<\/td>\n<\/tr>\n<tr>\n<td>Temperatura de almacenamiento [\u00b0c] -20 a +60<\/td>\n<\/tr>\n<tr>\n<td>Mec\u00e1nico<\/td>\n<\/tr>\n<tr>\n<td>Medidas (an x al x prof) [mm] 1.927 x 1.098 x 60<\/td>\n<\/tr>\n<tr>\n<td>Peso [kg] 32.5<\/td>\n<\/tr>\n<tr>\n<td>Ancho del marco [mm] 12,9<\/td>\n<\/tr>\n<tr>\n<td>Montaje vesa [mm] 4 muescas; 600 x 400 (fdmi); m8<\/td>\n<\/tr>\n<tr>\n<td>Dimensiones del embalaje (an x al x pr) [mm] 2,080 x 1,250 x 225<\/td>\n<\/tr>\n<tr>\n<td>Peso del embalaje [kg] 44<\/td>\n<\/tr>\n<tr>\n<td>Mediaplayer<\/td>\n<\/tr>\n<tr>\n<td>Supported file storage \/ file system usb 2.0 \/ fat16, fat32<\/td>\n<\/tr>\n<tr>\n<td>Supported image formats jpg (baseline, progressive, rgb, cmyk); max. resolution 15360 x 8640<\/td>\n<\/tr>\n<tr>\n<td>Supported video formats mpg (mpeg1\/2\/4, max res 1080p@30hz); mp4 (mpeg2\/4, h.263, h.264, hevc\/h.265, max res 3840&#215;2160@60hz); ts (mpeg2, h.264, hevc\/h.265, max res 3840&#215;2160@60hz); audio: lpcm, mp3, aac; wmv (video h.264, windows media video 9, max res 1080p@30hz, audio wma 9, wma 10 pro)<\/td>\n<\/tr>\n<tr>\n<td>Supported audio formats mp3 (mp3); max. bit-rate 320 kbit\/s<\/td>\n<\/tr>\n<tr>\n<td>Opciones disponibles<\/td>\n<\/tr>\n<tr>\n<td>Accesorios cable usb-c de (usb-c 5m, usb-c 7m); carrito (l20pnsr780meu); montaje de pared (sf680p, l20pnwall90eu); pies (st-86l)<\/td>\n<\/tr>\n<tr>\n<td>Condiciones reglamentarias<\/td>\n<\/tr>\n<tr>\n<td>Seguridad y ergonom\u00eda ce; energy star 8; fcc class b; rcm; ukca; ul\/c-ul o csa; vcci<\/td>\n<\/tr>\n<tr>\n<td>Funciones ecol\u00f3gicas<\/td>\n<\/tr>\n<tr>\n<td>Eficiencia energ\u00e9tica clase de eficiencia energ\u00e9tica: g; consumo de energ\u00eda: 250 kwh\/1000 horas; retroiluminaci\u00f3n led<\/td>\n<\/tr>\n<tr>\n<td>Est\u00e1ndares ecol\u00f3gicos energystar 8.0<\/td>\n<\/tr>\n<tr>\n<td>Funciones adicionales<\/td>\n<\/tr>\n<tr>\n<td>Caracter\u00edsticas especiales cec support; hdmi arc; naviset administrator 2 &#8211; free download; planificador; powered usb-port; usb media player<\/td>\n<\/tr>\n<tr>\n<td>Versiones marco frontal negro, parte posterior negra<\/td>\n<\/tr>\n<tr>\n<td>Audio altavoces integrados (10 w + 10 w)<\/td>\n<\/tr>\n<tr>\n<td>Accesorios inclu\u00eddos 2x bater\u00edas aaa; cable clamps; cable de alimentaci\u00f3n; control remoto; manual de instalaci\u00f3n; pantalla<\/td>\n<\/tr>\n<tr>\n<td>Garant\u00eda 3 a\u00f1os de garant\u00eda incluyendo la retro-iluminaci\u00f3n (backlight)<\/td>\n<\/tr>\n<tr>\n<td>Horas de funcionamiento 16\/7<\/td>\n<\/tr>\n<tr>\n<td>Remote management naviset administrator 2<\/td>\n<\/tr>\n<\/table>\n","protected":false},"excerpt":{"rendered":"<p>La serie sharp multisync\u00ae e9, dise\u00f1ada para entornos empresariales modernos que necesitan m\u00e1s que un televisor para consumidores, es la opci\u00f3n de entrada para soluciones de pantallas profesionales. Combina funciones esenciales para salas de reuniones y se\u00f1alizaci\u00f3n digital con fiabilidad de nivel comercial. La serie e9 ofrece resoluci\u00f3n uhd n\u00edtida, reproducci\u00f3n multimedia integrada y funcionamiento 16\/7 a un precio accesible. Un panel mate de alto brillo profesional garantiza un rendimiento visual superior en esta categor\u00eda, minimizando reflejos y deslumbramientos comunes en paneles brillantes. Dise\u00f1ada para una integraci\u00f3n perfecta en toda la familia de pantallas sharp, la serie e9 comparte la misma identidad b\u00e1sica, incluyendo el mismo control remoto y gesti\u00f3n de dispositivos para una experiencia de usuario coherente. Una carcasa trasera de metal robusta asegura la durabilidad del producto en entornos comerciales. Ya sea para presentaciones, se\u00f1alizaci\u00f3n en retail o comunicaci\u00f3n corporativa, la serie e9 te proporciona la ventaja profesional sin exceder tu presupuesto. Legibilidad ilimitada \u0096 sin reflejos desde las ventanas u otras fuentes de luz, as\u00ed la visibilidad del contenido o de la presentaci\u00f3n en la sala no ser\u00e1 interrumpida. Funcionalidad estandarizada \u0096 comparte una identidad com\u00fan con el portafolio m\u00e1s amplio de pantallas sharp, asegurando una operaci\u00f3n unificada, gesti\u00f3n remota de dispositivos y un estilo coherente para una experiencia de usuario fluida. Se\u00f1alizaci\u00f3n plug-and-play sin esfuerzo \u0096 el reproductor multimedia usb integrado permite la reproducci\u00f3n de contenido uhd nativo con funci\u00f3n de inicio autom\u00e1tico, proporcionando se\u00f1alizaci\u00f3n digital instant\u00e1nea sin necesidad de hardware externo o sistemas de gesti\u00f3n de contenidos. Orientaci\u00f3n flexible \u0096 dise\u00f1ado tanto para instalaciones en modo retrato como paisaje, con un ancho de marco uniforme en todos los lados para garantizar un aspecto limpio y profesional en cualquier configuraci\u00f3n.<\/p>\n","protected":false},"featured_media":0,"comment_status":"open","ping_status":"open","template":"","meta":[],"product_cat":[1740,1741],"product_tag":[2237],"acf":[],"yoast_head":"<!-- This site is optimized with the Yoast SEO plugin v21.7 - https:\/\/yoast.com\/wordpress\/plugins\/seo\/ -->\n<title>[ Sharp Display ] &#129351; Pn-e869 Monitor Profesional Sharp 86\u0094 Uhd 3840 X 2160 16\/7, 350 Cd\/m2, 1200:1, 2 Hdmi, Usb-c Hdcp, Rj-45<\/title>\n<meta name=\"description\" content=\"Compra Pn-e869 Monitor Profesional Sharp 86\u0094 Uhd 3840 X 2160 16\/7, 350 Cd\/m2, 1200:1, 2 Hdmi, Usb-c Hdcp, Rj-45 + Env\u00edo a domicilio + Pago seguro + Garant\u00eda\" \/>\n<meta name=\"robots\" content=\"index, follow, max-snippet:-1, max-image-preview:large, max-video-preview:-1\" \/>\n<link rel=\"canonical\" href=\"https:\/\/compuviper.mx\/tienda\/producto\/sharp-display-pn-e869-monitor-profesional-sharp-86-uhd-3840-x-2160-16-7-350-cd-m2-12001-2-hdmi-usb-c-hdcp-rj-45\/\" \/>\n<meta property=\"og:locale\" content=\"es_MX\" \/>\n<meta property=\"og:type\" content=\"article\" \/>\n<meta property=\"og:title\" content=\"[ Sharp Display ] &#129351; Pn-e869 Monitor Profesional Sharp 86\u0094 Uhd 3840 X 2160 16\/7, 350 Cd\/m2, 1200:1, 2 Hdmi, Usb-c Hdcp, Rj-45\" \/>\n<meta property=\"og:description\" content=\"Compra Pn-e869 Monitor Profesional Sharp 86\u0094 Uhd 3840 X 2160 16\/7, 350 Cd\/m2, 1200:1, 2 Hdmi, Usb-c Hdcp, Rj-45 + Env\u00edo a domicilio + Pago seguro + Garant\u00eda\" \/>\n<meta property=\"og:url\" content=\"https:\/\/compuviper.mx\/tienda\/producto\/sharp-display-pn-e869-monitor-profesional-sharp-86-uhd-3840-x-2160-16-7-350-cd-m2-12001-2-hdmi-usb-c-hdcp-rj-45\/\" \/>\n<meta property=\"og:site_name\" content=\"Compuviper\" \/>\n<meta property=\"article:publisher\" content=\"https:\/\/www.facebook.com\/compuviper\" \/>\n<meta name=\"twitter:card\" content=\"summary_large_image\" \/>\n<meta name=\"twitter:label1\" content=\"Precio\" \/>\n\t<meta name=\"twitter:data1\" content=\"&#36;31,228 &#36;23,977 con IVA\" \/>\n\t<meta name=\"twitter:label2\" content=\"Availability\" \/>\n\t<meta name=\"twitter:data2\" content=\"Out of stock\" \/>\n<script type=\"application\/ld+json\" class=\"yoast-schema-graph\">{\"@context\":\"https:\/\/schema.org\",\"@graph\":[{\"@type\":\"WebPage\",\"@id\":\"https:\/\/compuviper.mx\/tienda\/producto\/sharp-display-pn-e869-monitor-profesional-sharp-86-uhd-3840-x-2160-16-7-350-cd-m2-12001-2-hdmi-usb-c-hdcp-rj-45\/\",\"url\":\"https:\/\/compuviper.mx\/tienda\/producto\/sharp-display-pn-e869-monitor-profesional-sharp-86-uhd-3840-x-2160-16-7-350-cd-m2-12001-2-hdmi-usb-c-hdcp-rj-45\/\",\"name\":\"[ Sharp Display ] &#129351; Pn-e869 Monitor Profesional Sharp 86\u0094 Uhd 3840 X 2160 16\/7, 350 Cd\/m2, 1200:1, 2 Hdmi, Usb-c Hdcp, Rj-45\",\"isPartOf\":{\"@id\":\"https:\/\/compuviper.mx\/tienda\/#website\"},\"datePublished\":\"2026-04-25T06:48:33+00:00\",\"dateModified\":\"2026-04-25T06:48:33+00:00\",\"description\":\"Compra Pn-e869 Monitor Profesional Sharp 86\u0094 Uhd 3840 X 2160 16\/7, 350 Cd\/m2, 1200:1, 2 Hdmi, Usb-c Hdcp, Rj-45 + Env\u00edo a domicilio + Pago seguro + Garant\u00eda\",\"breadcrumb\":{\"@id\":\"https:\/\/compuviper.mx\/tienda\/producto\/sharp-display-pn-e869-monitor-profesional-sharp-86-uhd-3840-x-2160-16-7-350-cd-m2-12001-2-hdmi-usb-c-hdcp-rj-45\/#breadcrumb\"},\"inLanguage\":\"es-MX\",\"potentialAction\":[{\"@type\":\"ReadAction\",\"target\":[\"https:\/\/compuviper.mx\/tienda\/producto\/sharp-display-pn-e869-monitor-profesional-sharp-86-uhd-3840-x-2160-16-7-350-cd-m2-12001-2-hdmi-usb-c-hdcp-rj-45\/\"]}]},{\"@type\":\"BreadcrumbList\",\"@id\":\"https:\/\/compuviper.mx\/tienda\/producto\/sharp-display-pn-e869-monitor-profesional-sharp-86-uhd-3840-x-2160-16-7-350-cd-m2-12001-2-hdmi-usb-c-hdcp-rj-45\/#breadcrumb\",\"itemListElement\":[{\"@type\":\"ListItem\",\"position\":1,\"name\":\"Inicio\",\"item\":\"https:\/\/compuviper.mx\/tienda\/\"},{\"@type\":\"ListItem\",\"position\":2,\"name\":\"Productos\",\"item\":\"https:\/\/compuviper.mx\/tienda\/productos\/\"},{\"@type\":\"ListItem\",\"position\":3,\"name\":\"Monitores\",\"item\":\"https:\/\/compuviper.mx\/tienda\/categoria-producto\/monitores\/\"},{\"@type\":\"ListItem\",\"position\":4,\"name\":\"Led\",\"item\":\"https:\/\/compuviper.mx\/tienda\/categoria-producto\/monitores\/led\/\"},{\"@type\":\"ListItem\",\"position\":5,\"name\":\"Sharp Display Pn-e869 Monitor Profesional Sharp 86? Uhd 3840 X 2160 16\/7, 350 Cd\/m2, 1200:1, 2 Hdmi, Usb-c Hdcp, Rj-45\"}]},{\"@type\":\"WebSite\",\"@id\":\"https:\/\/compuviper.mx\/tienda\/#website\",\"url\":\"https:\/\/compuviper.mx\/tienda\/\",\"name\":\"Compuviper\",\"description\":\"Proveedor de Computadoras, Laptops, Servidores, Monitores, Puntos de Venta, Teclados,   Impresoras, T\u00f3ner, C\u00e1maras de Seguridad y m\u00e1s en tu tienda en l\u00ednea\",\"publisher\":{\"@id\":\"https:\/\/compuviper.mx\/tienda\/#organization\"},\"potentialAction\":[{\"@type\":\"SearchAction\",\"target\":{\"@type\":\"EntryPoint\",\"urlTemplate\":\"https:\/\/compuviper.mx\/tienda\/?s={search_term_string}\"},\"query-input\":\"required name=search_term_string\"}],\"inLanguage\":\"es-MX\"},{\"@type\":\"Organization\",\"@id\":\"https:\/\/compuviper.mx\/tienda\/#organization\",\"name\":\"Compuviper\",\"url\":\"https:\/\/compuviper.mx\/tienda\/\",\"logo\":{\"@type\":\"ImageObject\",\"inLanguage\":\"es-MX\",\"@id\":\"https:\/\/compuviper.mx\/tienda\/#\/schema\/logo\/image\/\",\"url\":\"https:\/\/compuviper.mx\/tienda\/wp-content\/uploads\/2021\/08\/Logo-Compuviper-10.png\",\"contentUrl\":\"https:\/\/compuviper.mx\/tienda\/wp-content\/uploads\/2021\/08\/Logo-Compuviper-10.png\",\"width\":1000,\"height\":500,\"caption\":\"Compuviper\"},\"image\":{\"@id\":\"https:\/\/compuviper.mx\/tienda\/#\/schema\/logo\/image\/\"},\"sameAs\":[\"https:\/\/www.facebook.com\/compuviper\",\"https:\/\/www.youtube.com\/channel\/UCf73dERp9Y3cfOq7q8BhLjA?view_as=subscriber\"]}]}<\/script>\n<meta property=\"product:brand\" content=\"Sharp Display\" \/>\n<meta property=\"product:price:amount\" content=\"23977\" \/>\n<meta property=\"product:price:currency\" content=\"MXN\" \/>\n<meta property=\"og:availability\" content=\"out of stock\" \/>\n<meta property=\"product:availability\" content=\"out of stock\" \/>\n<meta property=\"product:retailer_item_id\" content=\"PN-E869\" \/>\n<meta property=\"product:condition\" content=\"new\" \/>\n<!-- \/ Yoast SEO plugin. -->","yoast_head_json":{"title":"[ Sharp Display ] &#129351; Pn-e869 Monitor Profesional Sharp 86\u0094 Uhd 3840 X 2160 16\/7, 350 Cd\/m2, 1200:1, 2 Hdmi, Usb-c Hdcp, Rj-45","description":"Compra Pn-e869 Monitor Profesional Sharp 86\u0094 Uhd 3840 X 2160 16\/7, 350 Cd\/m2, 1200:1, 2 Hdmi, Usb-c Hdcp, Rj-45 + Env\u00edo a domicilio + Pago seguro + Garant\u00eda","robots":{"index":"index","follow":"follow","max-snippet":"max-snippet:-1","max-image-preview":"max-image-preview:large","max-video-preview":"max-video-preview:-1"},"canonical":"https:\/\/compuviper.mx\/tienda\/producto\/sharp-display-pn-e869-monitor-profesional-sharp-86-uhd-3840-x-2160-16-7-350-cd-m2-12001-2-hdmi-usb-c-hdcp-rj-45\/","og_locale":"es_MX","og_type":"article","og_title":"[ Sharp Display ] &#129351; Pn-e869 Monitor Profesional Sharp 86\u0094 Uhd 3840 X 2160 16\/7, 350 Cd\/m2, 1200:1, 2 Hdmi, Usb-c Hdcp, Rj-45","og_description":"Compra Pn-e869 Monitor Profesional Sharp 86\u0094 Uhd 3840 X 2160 16\/7, 350 Cd\/m2, 1200:1, 2 Hdmi, Usb-c Hdcp, Rj-45 + Env\u00edo a domicilio + Pago seguro + Garant\u00eda","og_url":"https:\/\/compuviper.mx\/tienda\/producto\/sharp-display-pn-e869-monitor-profesional-sharp-86-uhd-3840-x-2160-16-7-350-cd-m2-12001-2-hdmi-usb-c-hdcp-rj-45\/","og_site_name":"Compuviper","article_publisher":"https:\/\/www.facebook.com\/compuviper","twitter_card":"summary_large_image","twitter_misc":{"Precio":"&#36;31,228 &#36;23,977 con IVA","Availability":"Out of stock"},"schema":{"@context":"https:\/\/schema.org","@graph":[{"@type":"WebPage","@id":"https:\/\/compuviper.mx\/tienda\/producto\/sharp-display-pn-e869-monitor-profesional-sharp-86-uhd-3840-x-2160-16-7-350-cd-m2-12001-2-hdmi-usb-c-hdcp-rj-45\/","url":"https:\/\/compuviper.mx\/tienda\/producto\/sharp-display-pn-e869-monitor-profesional-sharp-86-uhd-3840-x-2160-16-7-350-cd-m2-12001-2-hdmi-usb-c-hdcp-rj-45\/","name":"[ Sharp Display ] &#129351; Pn-e869 Monitor Profesional Sharp 86\u0094 Uhd 3840 X 2160 16\/7, 350 Cd\/m2, 1200:1, 2 Hdmi, Usb-c Hdcp, Rj-45","isPartOf":{"@id":"https:\/\/compuviper.mx\/tienda\/#website"},"datePublished":"2026-04-25T06:48:33+00:00","dateModified":"2026-04-25T06:48:33+00:00","description":"Compra Pn-e869 Monitor Profesional Sharp 86\u0094 Uhd 3840 X 2160 16\/7, 350 Cd\/m2, 1200:1, 2 Hdmi, Usb-c Hdcp, Rj-45 + Env\u00edo a domicilio + Pago seguro + Garant\u00eda","breadcrumb":{"@id":"https:\/\/compuviper.mx\/tienda\/producto\/sharp-display-pn-e869-monitor-profesional-sharp-86-uhd-3840-x-2160-16-7-350-cd-m2-12001-2-hdmi-usb-c-hdcp-rj-45\/#breadcrumb"},"inLanguage":"es-MX","potentialAction":[{"@type":"ReadAction","target":["https:\/\/compuviper.mx\/tienda\/producto\/sharp-display-pn-e869-monitor-profesional-sharp-86-uhd-3840-x-2160-16-7-350-cd-m2-12001-2-hdmi-usb-c-hdcp-rj-45\/"]}]},{"@type":"BreadcrumbList","@id":"https:\/\/compuviper.mx\/tienda\/producto\/sharp-display-pn-e869-monitor-profesional-sharp-86-uhd-3840-x-2160-16-7-350-cd-m2-12001-2-hdmi-usb-c-hdcp-rj-45\/#breadcrumb","itemListElement":[{"@type":"ListItem","position":1,"name":"Inicio","item":"https:\/\/compuviper.mx\/tienda\/"},{"@type":"ListItem","position":2,"name":"Productos","item":"https:\/\/compuviper.mx\/tienda\/productos\/"},{"@type":"ListItem","position":3,"name":"Monitores","item":"https:\/\/compuviper.mx\/tienda\/categoria-producto\/monitores\/"},{"@type":"ListItem","position":4,"name":"Led","item":"https:\/\/compuviper.mx\/tienda\/categoria-producto\/monitores\/led\/"},{"@type":"ListItem","position":5,"name":"Sharp Display Pn-e869 Monitor Profesional Sharp 86? Uhd 3840 X 2160 16\/7, 350 Cd\/m2, 1200:1, 2 Hdmi, Usb-c Hdcp, Rj-45"}]},{"@type":"WebSite","@id":"https:\/\/compuviper.mx\/tienda\/#website","url":"https:\/\/compuviper.mx\/tienda\/","name":"Compuviper","description":"Proveedor de Computadoras, Laptops, Servidores, Monitores, Puntos de Venta, Teclados,   Impresoras, T\u00f3ner, C\u00e1maras de Seguridad y m\u00e1s en tu tienda en l\u00ednea","publisher":{"@id":"https:\/\/compuviper.mx\/tienda\/#organization"},"potentialAction":[{"@type":"SearchAction","target":{"@type":"EntryPoint","urlTemplate":"https:\/\/compuviper.mx\/tienda\/?s={search_term_string}"},"query-input":"required name=search_term_string"}],"inLanguage":"es-MX"},{"@type":"Organization","@id":"https:\/\/compuviper.mx\/tienda\/#organization","name":"Compuviper","url":"https:\/\/compuviper.mx\/tienda\/","logo":{"@type":"ImageObject","inLanguage":"es-MX","@id":"https:\/\/compuviper.mx\/tienda\/#\/schema\/logo\/image\/","url":"https:\/\/compuviper.mx\/tienda\/wp-content\/uploads\/2021\/08\/Logo-Compuviper-10.png","contentUrl":"https:\/\/compuviper.mx\/tienda\/wp-content\/uploads\/2021\/08\/Logo-Compuviper-10.png","width":1000,"height":500,"caption":"Compuviper"},"image":{"@id":"https:\/\/compuviper.mx\/tienda\/#\/schema\/logo\/image\/"},"sameAs":["https:\/\/www.facebook.com\/compuviper","https:\/\/www.youtube.com\/channel\/UCf73dERp9Y3cfOq7q8BhLjA?view_as=subscriber"]}]},"product_brand":"Sharp Display","product_price_amount":"23977","product_price_currency":"MXN","og_availability":"out of stock","product_availability":"out of stock","product_retailer_item_id":"PN-E869","product_condition":"new"},"_links":{"self":[{"href":"https:\/\/compuviper.mx\/tienda\/wp-json\/wp\/v2\/product\/264259"}],"collection":[{"href":"https:\/\/compuviper.mx\/tienda\/wp-json\/wp\/v2\/product"}],"about":[{"href":"https:\/\/compuviper.mx\/tienda\/wp-json\/wp\/v2\/types\/product"}],"replies":[{"embeddable":true,"href":"https:\/\/compuviper.mx\/tienda\/wp-json\/wp\/v2\/comments?post=264259"}],"wp:attachment":[{"href":"https:\/\/compuviper.mx\/tienda\/wp-json\/wp\/v2\/media?parent=264259"}],"wp:term":[{"taxonomy":"product_cat","embeddable":true,"href":"https:\/\/compuviper.mx\/tienda\/wp-json\/wp\/v2\/product_cat?post=264259"},{"taxonomy":"product_tag","embeddable":true,"href":"https:\/\/compuviper.mx\/tienda\/wp-json\/wp\/v2\/product_tag?post=264259"}],"curies":[{"name":"wp","href":"https:\/\/api.w.org\/{rel}","templated":true}]}}