{"id":264258,"date":"2026-04-02T00:54:11","date_gmt":"2026-04-02T06:54:11","guid":{"rendered":"https:\/\/compuviper.mx\/tienda\/producto\/gigabyte-aorus-fo27q3-monitor-gamer-27-pulgadas-oled-360hz-0-03-ms-hdmi-2-1-dp-1-4-gamer\/"},"modified":"2026-04-03T00:00:18","modified_gmt":"2026-04-03T06:00:18","slug":"gigabyte-aorus-fo27q3-monitor-gamer-27-pulgadas-oled-360hz-0-03-ms-hdmi-2-1-dp-1-4-gamer","status":"publish","type":"product","link":"https:\/\/compuviper.mx\/tienda\/producto\/gigabyte-aorus-fo27q3-monitor-gamer-27-pulgadas-oled-360hz-0-03-ms-hdmi-2-1-dp-1-4-gamer\/","title":{"rendered":"Gigabyte Aorus Fo27q3 Monitor Gamer   \/ 27 Pulgadas \/ Oled \/ 360hz \/ 0.03 Ms \/ Hdmi 2.1 \/ Dp 1.4 \/ Gamer"},"content":{"rendered":"<table class=\"descripcion\">\n<tr>\n<td>Tama\u00f1o del panel (diagonal)<\/td>\n<\/tr>\n<tr>\n<td>Oled de 27<\/td>\n<\/tr>\n<tr>\n<td>\u00e1rea de visualizaci\u00f3n de la pantalla (hxv)<\/td>\n<\/tr>\n<tr>\n<td>590,42 x 333,72 mil\u00edmetros<\/td>\n<\/tr>\n<tr>\n<td>Retroiluminaci\u00f3n del panel\/tipo<\/td>\n<\/tr>\n<tr>\n<td>Oled qd<\/td>\n<\/tr>\n<tr>\n<td>Superficie de la pantalla (antideslumbrante\/antideslumbrante)<\/td>\n<\/tr>\n<tr>\n<td>Antirreflejo<\/td>\n<\/tr>\n<tr>\n<td>Saturaci\u00f3n de color<\/td>\n<\/tr>\n<tr>\n<td>99% dci-p3<\/td>\n<\/tr>\n<tr>\n<td>Resoluci\u00f3n verdadera<\/td>\n<\/tr>\n<tr>\n<td>2560 x 1440 (qhd)<\/td>\n<\/tr>\n<tr>\n<td>Paso de p\u00edxeles<\/td>\n<\/tr>\n<tr>\n<td>0,2292 (alto) x 0,2292 (ancho) mm<\/td>\n<\/tr>\n<tr>\n<td>Brillo<\/td>\n<\/tr>\n<tr>\n<td>250 cd\/m2 (t\u00edpico, deg apl 100 %); 1000 nits (t\u00edpico, hdr apl 3%)<\/td>\n<\/tr>\n<tr>\n<td>Relaci\u00f3n de contraste<\/td>\n<\/tr>\n<tr>\n<td>1,5 millones: 1<\/td>\n<\/tr>\n<tr>\n<td>\u00e1ngulo de visi\u00f3n<\/td>\n<\/tr>\n<tr>\n<td>178\u00b0(h)\/178\u00b0(v)<\/td>\n<\/tr>\n<tr>\n<td>Colores de la pantalla<\/td>\n<\/tr>\n<tr>\n<td>10 bits (1.07 b)<\/td>\n<\/tr>\n<tr>\n<td>Tiempo de respuesta<\/td>\n<\/tr>\n<tr>\n<td>0,03 ms gtg<\/td>\n<\/tr>\n<tr>\n<td>Frecuencia de actualizaci\u00f3n<\/td>\n<\/tr>\n<tr>\n<td>360 hz<\/td>\n<\/tr>\n<tr>\n<td>Hdr<\/td>\n<\/tr>\n<tr>\n<td>Vesa displayhdr negro verdadero 400<\/td>\n<\/tr>\n<tr>\n<td>Clearmr con certificaci\u00f3n vesa<\/td>\n<\/tr>\n<tr>\n<td>Clearmr 13000<\/td>\n<\/tr>\n<tr>\n<td>Sin parpadeos<\/td>\n<\/tr>\n<tr>\n<td>S\u00ed<\/td>\n<\/tr>\n<tr>\n<td>Calibraci\u00f3n de f\u00e1brica<\/td>\n<\/tr>\n<tr>\n<td>S\u00ed,  and #9651;e  2<\/td>\n<\/tr>\n<tr>\n<td>Conectividad<\/td>\n<\/tr>\n<tr>\n<td>2 x hdmi 2.1<\/td>\n<\/tr>\n<tr>\n<td>1 x displayport 1.4<\/td>\n<\/tr>\n<tr>\n<td>1 x usb tipo-c (modo alternativo; puerto ascendente; suministro de energ\u00eda hasta 18 w)<\/td>\n<\/tr>\n<tr>\n<td>2 x puertos descendentes usb 3.2<\/td>\n<\/tr>\n<tr>\n<td>1 x puerto ascendente usb 3.2 1<\/td>\n<\/tr>\n<tr>\n<td>X conector para auriculares 1 x<\/td>\n<\/tr>\n<tr>\n<td>Conector para micr\u00f3fono<\/td>\n<\/tr>\n<tr>\n<td>Conector para auriculares<\/td>\n<\/tr>\n<tr>\n<td>S\u00ed<\/td>\n<\/tr>\n<tr>\n<td>Conector de micr\u00f3fono<\/td>\n<\/tr>\n<tr>\n<td>S\u00ed<\/td>\n<\/tr>\n<tr>\n<td>Vocero<\/td>\n<\/tr>\n<tr>\n<td>5w x 2<\/td>\n<\/tr>\n<tr>\n<td>Caracter\u00edsticas \u00fanicas<\/td>\n<\/tr>\n<tr>\n<td>Interruptor t\u00e1ctico<\/td>\n<\/tr>\n<tr>\n<td>Osd sidekick *<\/td>\n<\/tr>\n<tr>\n<td>Ecualizador negro 2.0<\/td>\n<\/tr>\n<tr>\n<td>Tablero de instrumentos<\/td>\n<\/tr>\n<tr>\n<td>Punto de mira<\/td>\n<\/tr>\n<tr>\n<td>Temporizador<\/td>\n<\/tr>\n<tr>\n<td>Contador<\/td>\n<\/tr>\n<tr>\n<td>Visi\u00f3n nocturna<\/td>\n<\/tr>\n<tr>\n<td>Eagle eye actualizaci\u00f3n autom\u00e1tica<\/td>\n<\/tr>\n<tr>\n<td>Pip\/pbp kvm control de color de 6 ejes aplicar modo de imagen hdmi-cec rgb fusion 2.0<\/td>\n<\/tr>\n<tr>\n<td>Tipo de energ\u00eda<\/td>\n<\/tr>\n<tr>\n<td>Adaptador de corriente<\/td>\n<\/tr>\n<tr>\n<td>Consumo de energ\u00eda<\/td>\n<\/tr>\n<tr>\n<td>53w**<\/td>\n<\/tr>\n<tr>\n<td>Modo de ahorro de energ\u00eda<\/td>\n<\/tr>\n<tr>\n<td> 0,5 w<\/td>\n<\/tr>\n<tr>\n<td>Modo de apagado<\/td>\n<\/tr>\n<tr>\n<td> 0,3 w<\/td>\n<\/tr>\n<tr>\n<td>Voltaje<\/td>\n<\/tr>\n<tr>\n<td>Ca 100-240 v ~ 50\/60 hz<\/td>\n<\/tr>\n<tr>\n<td>Inclinaci\u00f3n(\u00e1ngulo)<\/td>\n<\/tr>\n<tr>\n<td>-5\u00b0~+20\u00b0<\/td>\n<\/tr>\n<tr>\n<td>Giro(\u00e1ngulo)<\/td>\n<\/tr>\n<tr>\n<td>\u00b120\u00b0<\/td>\n<\/tr>\n<tr>\n<td>Pivote(\u00e1ngulo\/direcci\u00f3n)<\/td>\n<\/tr>\n<tr>\n<td>-0\u00b0~+90\u00b0<\/td>\n<\/tr>\n<tr>\n<td>Ajuste de altura (mm)<\/td>\n<\/tr>\n<tr>\n<td>130 mil\u00edmetros<\/td>\n<\/tr>\n<tr>\n<td>Montaje en pared vesa (mm)<\/td>\n<\/tr>\n<tr>\n<td>100*100 mil\u00edmetros<\/td>\n<\/tr>\n<tr>\n<td>Cerradura kensington<\/td>\n<\/tr>\n<tr>\n<td>S\u00ed<\/td>\n<\/tr>\n<tr>\n<td>Dimensiones f\u00edsicas con soporte (an. x al. x pr.)<\/td>\n<\/tr>\n<tr>\n<td>610,3 x 532,5 x 158,6 mm<\/td>\n<\/tr>\n<tr>\n<td>Dimensiones f\u00edsicas sin soporte (an. x al. x pr.)<\/td>\n<\/tr>\n<tr>\n<td>610,3 x 356,4 x 57,2 mm<\/td>\n<\/tr>\n<tr>\n<td>Dimensiones de la caja (an. x al. x pr.)<\/td>\n<\/tr>\n<tr>\n<td>900*560*190 mil\u00edmetros<\/td>\n<\/tr>\n<tr>\n<td>Peso neto con soporte (esti.)<\/td>\n<\/tr>\n<tr>\n<td>7,2 kilogramos<\/td>\n<\/tr>\n<tr>\n<td>Peso neto sin soporte (esti.)<\/td>\n<\/tr>\n<tr>\n<td>5 kilos<\/td>\n<\/tr>\n<tr>\n<td>Peso bruto (estimado)<\/td>\n<\/tr>\n<tr>\n<td>11,3 kilogramos<\/td>\n<\/tr>\n<tr>\n<td>Accesorios<\/td>\n<\/tr>\n<tr>\n<td>Cable de alimentaci\u00f3n\/cable hdmi\/cable dp\/cable usb\/gu\u00eda de inicio r\u00e1pido\/tarjeta de garant\u00eda\/informe de prueba de calibraci\u00f3n de color<\/td>\n<\/tr>\n<tr>\n<td>Nota<\/td>\n<\/tr>\n<tr>\n<td>*para habilitar osd sidekick, se requiere una conexi\u00f3n entre la pc y el monitor con un cable usb (a-macho a b-macho).<\/td>\n<\/tr>\n<tr>\n<td>**las condiciones de prueba cumplen con los est\u00e1ndares cec.<\/td>\n<\/tr>\n<\/table>\n","protected":false},"excerpt":{"rendered":"<p>Aorus fo27q3. Monitor gaming oled. Los ganadores nunca se rinden. Con un panel qd-oled de 1440p de 27 pulgadas con una notable frecuencia de actualizaci\u00f3n de 360 hz y un tiempo de respuesta de gris a gris (gtg) de 0,03 ms, el fo27q3 se erige como uno de los monitores gaming oled m\u00e1s r\u00e1pidos y con mayor capacidad de respuesta disponibles. Con caracter\u00edsticas t\u00e1cticas exclusivas y oled care basado en ia, est\u00e1 dise\u00f1ado para aquellos que exigen lo mejor y se niegan a conformarse.<\/p>\n","protected":false},"featured_media":0,"comment_status":"open","ping_status":"open","template":"","meta":[],"product_cat":[1741,1740],"product_tag":[1732],"acf":[],"yoast_head":"<!-- This site is optimized with the Yoast SEO plugin v21.7 - https:\/\/yoast.com\/wordpress\/plugins\/seo\/ -->\n<title>[ Gigabyte ] &#129351; Aorus Fo27q3 Monitor Gamer \/ 27 Pulgadas \/ Oled \/ 360hz \/ 0.03 Ms \/ Hdmi 2.1 \/ Dp 1.4 \/ Gamer<\/title>\n<meta name=\"description\" content=\"Compra Aorus Fo27q3 Monitor Gamer \/ 27 Pulgadas \/ Oled \/ 360hz \/ 0.03 Ms \/ Hdmi 2.1 \/ Dp 1.4 \/ Gamer + Env\u00edo a domicilio + Pago seguro + Garant\u00eda\" \/>\n<meta name=\"robots\" content=\"index, follow, max-snippet:-1, max-image-preview:large, max-video-preview:-1\" \/>\n<link rel=\"canonical\" href=\"https:\/\/compuviper.mx\/tienda\/producto\/gigabyte-aorus-fo27q3-monitor-gamer-27-pulgadas-oled-360hz-0-03-ms-hdmi-2-1-dp-1-4-gamer\/\" \/>\n<meta property=\"og:locale\" content=\"es_MX\" \/>\n<meta property=\"og:type\" content=\"article\" \/>\n<meta property=\"og:title\" content=\"[ Gigabyte ] &#129351; Aorus Fo27q3 Monitor Gamer \/ 27 Pulgadas \/ Oled \/ 360hz \/ 0.03 Ms \/ Hdmi 2.1 \/ Dp 1.4 \/ Gamer\" \/>\n<meta property=\"og:description\" content=\"Compra Aorus Fo27q3 Monitor Gamer \/ 27 Pulgadas \/ Oled \/ 360hz \/ 0.03 Ms \/ Hdmi 2.1 \/ Dp 1.4 \/ Gamer + Env\u00edo a domicilio + Pago seguro + Garant\u00eda\" \/>\n<meta property=\"og:url\" content=\"https:\/\/compuviper.mx\/tienda\/producto\/gigabyte-aorus-fo27q3-monitor-gamer-27-pulgadas-oled-360hz-0-03-ms-hdmi-2-1-dp-1-4-gamer\/\" \/>\n<meta property=\"og:site_name\" content=\"Compuviper\" \/>\n<meta property=\"article:publisher\" content=\"https:\/\/www.facebook.com\/compuviper\" \/>\n<meta property=\"article:modified_time\" content=\"2026-04-03T06:00:18+00:00\" \/>\n<meta name=\"twitter:card\" content=\"summary_large_image\" \/>\n<meta name=\"twitter:label1\" content=\"Precio\" \/>\n\t<meta name=\"twitter:data1\" content=\"&#36;10,641 con IVA\" \/>\n\t<meta name=\"twitter:label2\" content=\"Availability\" \/>\n\t<meta name=\"twitter:data2\" content=\"Out of stock\" \/>\n<script type=\"application\/ld+json\" class=\"yoast-schema-graph\">{\"@context\":\"https:\/\/schema.org\",\"@graph\":[{\"@type\":\"WebPage\",\"@id\":\"https:\/\/compuviper.mx\/tienda\/producto\/gigabyte-aorus-fo27q3-monitor-gamer-27-pulgadas-oled-360hz-0-03-ms-hdmi-2-1-dp-1-4-gamer\/\",\"url\":\"https:\/\/compuviper.mx\/tienda\/producto\/gigabyte-aorus-fo27q3-monitor-gamer-27-pulgadas-oled-360hz-0-03-ms-hdmi-2-1-dp-1-4-gamer\/\",\"name\":\"[ Gigabyte ] &#129351; Aorus Fo27q3 Monitor Gamer \/ 27 Pulgadas \/ Oled \/ 360hz \/ 0.03 Ms \/ Hdmi 2.1 \/ Dp 1.4 \/ Gamer\",\"isPartOf\":{\"@id\":\"https:\/\/compuviper.mx\/tienda\/#website\"},\"datePublished\":\"2026-04-02T06:54:11+00:00\",\"dateModified\":\"2026-04-03T06:00:18+00:00\",\"description\":\"Compra Aorus Fo27q3 Monitor Gamer \/ 27 Pulgadas \/ Oled \/ 360hz \/ 0.03 Ms \/ Hdmi 2.1 \/ Dp 1.4 \/ Gamer + Env\u00edo a domicilio + Pago seguro + Garant\u00eda\",\"breadcrumb\":{\"@id\":\"https:\/\/compuviper.mx\/tienda\/producto\/gigabyte-aorus-fo27q3-monitor-gamer-27-pulgadas-oled-360hz-0-03-ms-hdmi-2-1-dp-1-4-gamer\/#breadcrumb\"},\"inLanguage\":\"es-MX\",\"potentialAction\":[{\"@type\":\"ReadAction\",\"target\":[\"https:\/\/compuviper.mx\/tienda\/producto\/gigabyte-aorus-fo27q3-monitor-gamer-27-pulgadas-oled-360hz-0-03-ms-hdmi-2-1-dp-1-4-gamer\/\"]}]},{\"@type\":\"BreadcrumbList\",\"@id\":\"https:\/\/compuviper.mx\/tienda\/producto\/gigabyte-aorus-fo27q3-monitor-gamer-27-pulgadas-oled-360hz-0-03-ms-hdmi-2-1-dp-1-4-gamer\/#breadcrumb\",\"itemListElement\":[{\"@type\":\"ListItem\",\"position\":1,\"name\":\"Inicio\",\"item\":\"https:\/\/compuviper.mx\/tienda\/\"},{\"@type\":\"ListItem\",\"position\":2,\"name\":\"Productos\",\"item\":\"https:\/\/compuviper.mx\/tienda\/productos\/\"},{\"@type\":\"ListItem\",\"position\":3,\"name\":\"Monitores\",\"item\":\"https:\/\/compuviper.mx\/tienda\/categoria-producto\/monitores\/\"},{\"@type\":\"ListItem\",\"position\":4,\"name\":\"Led\",\"item\":\"https:\/\/compuviper.mx\/tienda\/categoria-producto\/monitores\/led\/\"},{\"@type\":\"ListItem\",\"position\":5,\"name\":\"Gigabyte Aorus Fo27q3 Monitor Gamer \/ 27 Pulgadas \/ Oled \/ 360hz \/ 0.03 Ms \/ Hdmi 2.1 \/ Dp 1.4 \/ Gamer\"}]},{\"@type\":\"WebSite\",\"@id\":\"https:\/\/compuviper.mx\/tienda\/#website\",\"url\":\"https:\/\/compuviper.mx\/tienda\/\",\"name\":\"Compuviper\",\"description\":\"Proveedor de Computadoras, Laptops, Servidores, Monitores, Puntos de Venta, Teclados,   Impresoras, T\u00f3ner, C\u00e1maras de Seguridad y m\u00e1s en tu tienda en l\u00ednea\",\"publisher\":{\"@id\":\"https:\/\/compuviper.mx\/tienda\/#organization\"},\"potentialAction\":[{\"@type\":\"SearchAction\",\"target\":{\"@type\":\"EntryPoint\",\"urlTemplate\":\"https:\/\/compuviper.mx\/tienda\/?s={search_term_string}\"},\"query-input\":\"required name=search_term_string\"}],\"inLanguage\":\"es-MX\"},{\"@type\":\"Organization\",\"@id\":\"https:\/\/compuviper.mx\/tienda\/#organization\",\"name\":\"Compuviper\",\"url\":\"https:\/\/compuviper.mx\/tienda\/\",\"logo\":{\"@type\":\"ImageObject\",\"inLanguage\":\"es-MX\",\"@id\":\"https:\/\/compuviper.mx\/tienda\/#\/schema\/logo\/image\/\",\"url\":\"https:\/\/compuviper.mx\/tienda\/wp-content\/uploads\/2021\/08\/Logo-Compuviper-10.png\",\"contentUrl\":\"https:\/\/compuviper.mx\/tienda\/wp-content\/uploads\/2021\/08\/Logo-Compuviper-10.png\",\"width\":1000,\"height\":500,\"caption\":\"Compuviper\"},\"image\":{\"@id\":\"https:\/\/compuviper.mx\/tienda\/#\/schema\/logo\/image\/\"},\"sameAs\":[\"https:\/\/www.facebook.com\/compuviper\",\"https:\/\/www.youtube.com\/channel\/UCf73dERp9Y3cfOq7q8BhLjA?view_as=subscriber\"]}]}<\/script>\n<meta property=\"product:brand\" content=\"GIGABYTE\" \/>\n<meta property=\"product:price:amount\" content=\"10641\" \/>\n<meta property=\"product:price:currency\" content=\"MXN\" \/>\n<meta property=\"og:availability\" content=\"out of stock\" \/>\n<meta property=\"product:availability\" content=\"out of stock\" \/>\n<meta property=\"product:retailer_item_id\" content=\"AORUS FO27Q3\" \/>\n<meta property=\"product:condition\" content=\"new\" \/>\n<!-- \/ Yoast SEO plugin. -->","yoast_head_json":{"title":"[ Gigabyte ] &#129351; Aorus Fo27q3 Monitor Gamer \/ 27 Pulgadas \/ Oled \/ 360hz \/ 0.03 Ms \/ Hdmi 2.1 \/ Dp 1.4 \/ Gamer","description":"Compra Aorus Fo27q3 Monitor Gamer \/ 27 Pulgadas \/ Oled \/ 360hz \/ 0.03 Ms \/ Hdmi 2.1 \/ Dp 1.4 \/ Gamer + Env\u00edo a domicilio + Pago seguro + Garant\u00eda","robots":{"index":"index","follow":"follow","max-snippet":"max-snippet:-1","max-image-preview":"max-image-preview:large","max-video-preview":"max-video-preview:-1"},"canonical":"https:\/\/compuviper.mx\/tienda\/producto\/gigabyte-aorus-fo27q3-monitor-gamer-27-pulgadas-oled-360hz-0-03-ms-hdmi-2-1-dp-1-4-gamer\/","og_locale":"es_MX","og_type":"article","og_title":"[ Gigabyte ] &#129351; Aorus Fo27q3 Monitor Gamer \/ 27 Pulgadas \/ Oled \/ 360hz \/ 0.03 Ms \/ Hdmi 2.1 \/ Dp 1.4 \/ Gamer","og_description":"Compra Aorus Fo27q3 Monitor Gamer \/ 27 Pulgadas \/ Oled \/ 360hz \/ 0.03 Ms \/ Hdmi 2.1 \/ Dp 1.4 \/ Gamer + Env\u00edo a domicilio + Pago seguro + Garant\u00eda","og_url":"https:\/\/compuviper.mx\/tienda\/producto\/gigabyte-aorus-fo27q3-monitor-gamer-27-pulgadas-oled-360hz-0-03-ms-hdmi-2-1-dp-1-4-gamer\/","og_site_name":"Compuviper","article_publisher":"https:\/\/www.facebook.com\/compuviper","article_modified_time":"2026-04-03T06:00:18+00:00","twitter_card":"summary_large_image","twitter_misc":{"Precio":"&#36;10,641 con IVA","Availability":"Out of stock"},"schema":{"@context":"https:\/\/schema.org","@graph":[{"@type":"WebPage","@id":"https:\/\/compuviper.mx\/tienda\/producto\/gigabyte-aorus-fo27q3-monitor-gamer-27-pulgadas-oled-360hz-0-03-ms-hdmi-2-1-dp-1-4-gamer\/","url":"https:\/\/compuviper.mx\/tienda\/producto\/gigabyte-aorus-fo27q3-monitor-gamer-27-pulgadas-oled-360hz-0-03-ms-hdmi-2-1-dp-1-4-gamer\/","name":"[ Gigabyte ] &#129351; Aorus Fo27q3 Monitor Gamer \/ 27 Pulgadas \/ Oled \/ 360hz \/ 0.03 Ms \/ Hdmi 2.1 \/ Dp 1.4 \/ Gamer","isPartOf":{"@id":"https:\/\/compuviper.mx\/tienda\/#website"},"datePublished":"2026-04-02T06:54:11+00:00","dateModified":"2026-04-03T06:00:18+00:00","description":"Compra Aorus Fo27q3 Monitor Gamer \/ 27 Pulgadas \/ Oled \/ 360hz \/ 0.03 Ms \/ Hdmi 2.1 \/ Dp 1.4 \/ Gamer + Env\u00edo a domicilio + Pago seguro + Garant\u00eda","breadcrumb":{"@id":"https:\/\/compuviper.mx\/tienda\/producto\/gigabyte-aorus-fo27q3-monitor-gamer-27-pulgadas-oled-360hz-0-03-ms-hdmi-2-1-dp-1-4-gamer\/#breadcrumb"},"inLanguage":"es-MX","potentialAction":[{"@type":"ReadAction","target":["https:\/\/compuviper.mx\/tienda\/producto\/gigabyte-aorus-fo27q3-monitor-gamer-27-pulgadas-oled-360hz-0-03-ms-hdmi-2-1-dp-1-4-gamer\/"]}]},{"@type":"BreadcrumbList","@id":"https:\/\/compuviper.mx\/tienda\/producto\/gigabyte-aorus-fo27q3-monitor-gamer-27-pulgadas-oled-360hz-0-03-ms-hdmi-2-1-dp-1-4-gamer\/#breadcrumb","itemListElement":[{"@type":"ListItem","position":1,"name":"Inicio","item":"https:\/\/compuviper.mx\/tienda\/"},{"@type":"ListItem","position":2,"name":"Productos","item":"https:\/\/compuviper.mx\/tienda\/productos\/"},{"@type":"ListItem","position":3,"name":"Monitores","item":"https:\/\/compuviper.mx\/tienda\/categoria-producto\/monitores\/"},{"@type":"ListItem","position":4,"name":"Led","item":"https:\/\/compuviper.mx\/tienda\/categoria-producto\/monitores\/led\/"},{"@type":"ListItem","position":5,"name":"Gigabyte Aorus Fo27q3 Monitor Gamer \/ 27 Pulgadas \/ Oled \/ 360hz \/ 0.03 Ms \/ Hdmi 2.1 \/ Dp 1.4 \/ Gamer"}]},{"@type":"WebSite","@id":"https:\/\/compuviper.mx\/tienda\/#website","url":"https:\/\/compuviper.mx\/tienda\/","name":"Compuviper","description":"Proveedor de Computadoras, Laptops, Servidores, Monitores, Puntos de Venta, Teclados,   Impresoras, T\u00f3ner, C\u00e1maras de Seguridad y m\u00e1s en tu tienda en l\u00ednea","publisher":{"@id":"https:\/\/compuviper.mx\/tienda\/#organization"},"potentialAction":[{"@type":"SearchAction","target":{"@type":"EntryPoint","urlTemplate":"https:\/\/compuviper.mx\/tienda\/?s={search_term_string}"},"query-input":"required name=search_term_string"}],"inLanguage":"es-MX"},{"@type":"Organization","@id":"https:\/\/compuviper.mx\/tienda\/#organization","name":"Compuviper","url":"https:\/\/compuviper.mx\/tienda\/","logo":{"@type":"ImageObject","inLanguage":"es-MX","@id":"https:\/\/compuviper.mx\/tienda\/#\/schema\/logo\/image\/","url":"https:\/\/compuviper.mx\/tienda\/wp-content\/uploads\/2021\/08\/Logo-Compuviper-10.png","contentUrl":"https:\/\/compuviper.mx\/tienda\/wp-content\/uploads\/2021\/08\/Logo-Compuviper-10.png","width":1000,"height":500,"caption":"Compuviper"},"image":{"@id":"https:\/\/compuviper.mx\/tienda\/#\/schema\/logo\/image\/"},"sameAs":["https:\/\/www.facebook.com\/compuviper","https:\/\/www.youtube.com\/channel\/UCf73dERp9Y3cfOq7q8BhLjA?view_as=subscriber"]}]},"product_brand":"GIGABYTE","product_price_amount":"10641","product_price_currency":"MXN","og_availability":"out of stock","product_availability":"out of stock","product_retailer_item_id":"AORUS FO27Q3","product_condition":"new"},"_links":{"self":[{"href":"https:\/\/compuviper.mx\/tienda\/wp-json\/wp\/v2\/product\/264258"}],"collection":[{"href":"https:\/\/compuviper.mx\/tienda\/wp-json\/wp\/v2\/product"}],"about":[{"href":"https:\/\/compuviper.mx\/tienda\/wp-json\/wp\/v2\/types\/product"}],"replies":[{"embeddable":true,"href":"https:\/\/compuviper.mx\/tienda\/wp-json\/wp\/v2\/comments?post=264258"}],"wp:attachment":[{"href":"https:\/\/compuviper.mx\/tienda\/wp-json\/wp\/v2\/media?parent=264258"}],"wp:term":[{"taxonomy":"product_cat","embeddable":true,"href":"https:\/\/compuviper.mx\/tienda\/wp-json\/wp\/v2\/product_cat?post=264258"},{"taxonomy":"product_tag","embeddable":true,"href":"https:\/\/compuviper.mx\/tienda\/wp-json\/wp\/v2\/product_tag?post=264258"}],"curies":[{"name":"wp","href":"https:\/\/api.w.org\/{rel}","templated":true}]}}