{"id":264247,"date":"2026-04-11T23:18:41","date_gmt":"2026-04-12T05:18:41","guid":{"rendered":"https:\/\/compuviper.mx\/tienda\/producto\/patriot-p300p512gm28814914026526-unidad-de-estado-solido-interno-p300-512gb-m-2-2280-nvme-pcie-gen-3x4-lect-2100-escrit-1650-mbs-pc-laptop-minipc\/"},"modified":"2026-04-12T00:00:32","modified_gmt":"2026-04-12T06:00:32","slug":"patriot-p300p512gm28814914026526-unidad-de-estado-solido-interno-p300-512gb-m-2-2280-nvme-pcie-gen-3x4-lect-2100-escrit-1650-mbs-pc-laptop-minipc","status":"publish","type":"product","link":"https:\/\/compuviper.mx\/tienda\/producto\/patriot-p300p512gm28814914026526-unidad-de-estado-solido-interno-p300-512gb-m-2-2280-nvme-pcie-gen-3x4-lect-2100-escrit-1650-mbs-pc-laptop-minipc\/","title":{"rendered":"Patriot P300p512gm28,814914026526 Unidad De Estado Solido Interno  P300 512gb M.2 2280 Nvme Pcie Gen 3&#215;4 Lect.2100 Escrit.1650 Mbs Pc Laptop Minipc"},"content":{"rendered":"<table class=\"descripcion\">\n<tr>\n<td>Peso y dimensiones<\/td>\n<\/tr>\n<tr>\n<td>Altura  3.8 mm<\/td>\n<\/tr>\n<tr>\n<td>Profundidad  80 mm<\/td>\n<\/tr>\n<tr>\n<td>Peso  9 g<\/td>\n<\/tr>\n<tr>\n<td>Ancho  22 mm<\/td>\n<\/tr>\n<tr>\n<td>Detalles t\u00e9cnicos<\/td>\n<\/tr>\n<tr>\n<td>Intervalo de temperatura operativa  0 &#8211; 70 \u00b0c<\/td>\n<\/tr>\n<tr>\n<td>Factor de forma  m.2<\/td>\n<\/tr>\n<tr>\n<td>Interfaz  m.2<\/td>\n<\/tr>\n<tr>\n<td>Sustainability certificates  rohs<\/td>\n<\/tr>\n<tr>\n<td>Capacidad  512 gb<\/td>\n<\/tr>\n<tr>\n<td>Dise\u00f1o<\/td>\n<\/tr>\n<tr>\n<td>Certificaci\u00f3n  ce\/fcc<\/td>\n<\/tr>\n<tr>\n<td>Desempe\u00f1o<\/td>\n<\/tr>\n<tr>\n<td>Velocidad de lectura secuencial (atto)  1700 mb\/s<\/td>\n<\/tr>\n<tr>\n<td>Velocidad de lectura secuencial (cdm)  1700 mb\/s<\/td>\n<\/tr>\n<tr>\n<td>Lectura aleatoria (4kb)  290 iops<\/td>\n<\/tr>\n<tr>\n<td>Velocidad de escritura secuencial (cdm)  1200 mb\/s<\/td>\n<\/tr>\n<tr>\n<td>Compatible con nvm express (nvme)  si<\/td>\n<\/tr>\n<tr>\n<td>Escritura aleatoria (4kb)  260 iops<\/td>\n<\/tr>\n<tr>\n<td>Carriles datos de interfaz pci express  x4<\/td>\n<\/tr>\n<tr>\n<td>Calificaci\u00f3n tbw  160<\/td>\n<\/tr>\n<tr>\n<td>Velocidad de escritura secuencial (atto)  1200 mb\/s<\/td>\n<\/tr>\n<tr>\n<td>Versi\u00f3n nvm express (nvme)  1.3<\/td>\n<\/tr>\n<tr>\n<td>Empaquetado<\/td>\n<\/tr>\n<tr>\n<td>Ancho del paquete  130.8 mm<\/td>\n<\/tr>\n<tr>\n<td>Profundidad del paquete  66 mm<\/td>\n<\/tr>\n<tr>\n<td>Peso del paquete  20 g<\/td>\n<\/tr>\n<tr>\n<td>Altura del paquete  99.6 mm<\/td>\n<\/tr>\n<tr>\n<td>Disco duro<\/td>\n<\/tr>\n<tr>\n<td>Velocidad de escritura  1200 mb\/s<\/td>\n<\/tr>\n<tr>\n<td>Velocidad de lectura  1700 mb\/s<\/td>\n<\/tr>\n<\/table>\n","protected":false},"excerpt":{"rendered":"<p>La unidad de estado s\u00f3lido patriot p300 cuenta con una capacidad de almacenamiento de 512gb y un factor de forma m.2 2280, lo que la hace ideal para su uso en dispositivos m\u00f3viles o equipos compactos. Con carriles datos de interfaz pci express x4, esta ssd ofrece velocidades secuenciales m\u00e1ximas de lectura y escritura respectivamente: 1700 mb\/s y 1200 mb\/s. Adem\u00e1s, tiene una altura delgada de solo 3.8 mm y pesa tan solo nueve gramos, por lo que es f\u00e1cilmente transportable sin comprometer el rendimiento ni la calidad del producto. La calificaci\u00f3n tbw (total bytes written) alcanza los 160tbw garantizando as\u00ed una larga vida \u00fatil al dispositivo.<\/p>\n","protected":false},"featured_media":264248,"comment_status":"open","ping_status":"open","template":"","meta":[],"product_cat":[1703,1708],"product_tag":[2121],"acf":[],"yoast_head":"<!-- This site is optimized with the Yoast SEO plugin v21.7 - https:\/\/yoast.com\/wordpress\/plugins\/seo\/ -->\n<title>[ Patriot ] &#129351; P300p512gm28,814914026526 Unidad De Estado Solido Interno P300 512gb M.2 2280 Nvme Pcie Gen 3x4 Lect.2100 Escrit.1650 Mbs Pc Laptop Minipc<\/title>\n<meta name=\"description\" content=\"Compra P300p512gm28,814914026526 Unidad De Estado Solido Interno P300 512gb M.2 2280 Nvme Pcie Gen 3x4 Lect.2100 Escrit.1650 Mbs Pc Laptop Minipc + Env\u00edo a domicilio + Pago seguro + Garant\u00eda\" \/>\n<meta name=\"robots\" content=\"index, follow, max-snippet:-1, max-image-preview:large, max-video-preview:-1\" \/>\n<link rel=\"canonical\" href=\"https:\/\/compuviper.mx\/tienda\/producto\/patriot-p300p512gm28814914026526-unidad-de-estado-solido-interno-p300-512gb-m-2-2280-nvme-pcie-gen-3x4-lect-2100-escrit-1650-mbs-pc-laptop-minipc\/\" \/>\n<meta property=\"og:locale\" content=\"es_MX\" \/>\n<meta property=\"og:type\" content=\"article\" \/>\n<meta property=\"og:title\" content=\"[ Patriot ] &#129351; P300p512gm28,814914026526 Unidad De Estado Solido Interno P300 512gb M.2 2280 Nvme Pcie Gen 3x4 Lect.2100 Escrit.1650 Mbs Pc Laptop Minipc\" \/>\n<meta property=\"og:description\" content=\"Compra P300p512gm28,814914026526 Unidad De Estado Solido Interno P300 512gb M.2 2280 Nvme Pcie Gen 3x4 Lect.2100 Escrit.1650 Mbs Pc Laptop Minipc + Env\u00edo a domicilio + Pago seguro + Garant\u00eda\" \/>\n<meta property=\"og:url\" content=\"https:\/\/compuviper.mx\/tienda\/producto\/patriot-p300p512gm28814914026526-unidad-de-estado-solido-interno-p300-512gb-m-2-2280-nvme-pcie-gen-3x4-lect-2100-escrit-1650-mbs-pc-laptop-minipc\/\" \/>\n<meta property=\"og:site_name\" content=\"Compuviper\" \/>\n<meta property=\"article:publisher\" content=\"https:\/\/www.facebook.com\/compuviper\" \/>\n<meta property=\"article:modified_time\" content=\"2026-04-12T06:00:32+00:00\" \/>\n<meta property=\"og:image\" content=\"https:\/\/compuviper.mx\/tienda\/wp-content\/uploads\/2025\/12\/Unidad-de-estado-solido-interno-patriot-p300-512gb-m.2-2280-nvme-pcie-gen-3x4-lect.2100-escrit.1650-mbs-pc-laptop-minipc.jpg\" \/>\n\t<meta property=\"og:image:width\" content=\"200\" \/>\n\t<meta property=\"og:image:height\" content=\"200\" \/>\n\t<meta property=\"og:image:type\" content=\"image\/jpeg\" \/>\n<meta name=\"twitter:card\" content=\"summary_large_image\" \/>\n<meta name=\"twitter:label1\" content=\"Precio\" \/>\n\t<meta name=\"twitter:data1\" content=\"&#36;1,639 con IVA\" \/>\n\t<meta name=\"twitter:label2\" content=\"Availability\" \/>\n\t<meta name=\"twitter:data2\" content=\"In stock\" \/>\n<script type=\"application\/ld+json\" class=\"yoast-schema-graph\">{\"@context\":\"https:\/\/schema.org\",\"@graph\":[{\"@type\":\"WebPage\",\"@id\":\"https:\/\/compuviper.mx\/tienda\/producto\/patriot-p300p512gm28814914026526-unidad-de-estado-solido-interno-p300-512gb-m-2-2280-nvme-pcie-gen-3x4-lect-2100-escrit-1650-mbs-pc-laptop-minipc\/\",\"url\":\"https:\/\/compuviper.mx\/tienda\/producto\/patriot-p300p512gm28814914026526-unidad-de-estado-solido-interno-p300-512gb-m-2-2280-nvme-pcie-gen-3x4-lect-2100-escrit-1650-mbs-pc-laptop-minipc\/\",\"name\":\"[ Patriot ] &#129351; P300p512gm28,814914026526 Unidad De Estado Solido Interno P300 512gb M.2 2280 Nvme Pcie Gen 3x4 Lect.2100 Escrit.1650 Mbs Pc Laptop Minipc\",\"isPartOf\":{\"@id\":\"https:\/\/compuviper.mx\/tienda\/#website\"},\"datePublished\":\"2026-04-12T05:18:41+00:00\",\"dateModified\":\"2026-04-12T06:00:32+00:00\",\"description\":\"Compra P300p512gm28,814914026526 Unidad De Estado Solido Interno P300 512gb M.2 2280 Nvme Pcie Gen 3x4 Lect.2100 Escrit.1650 Mbs Pc Laptop Minipc + Env\u00edo a domicilio + Pago seguro + Garant\u00eda\",\"breadcrumb\":{\"@id\":\"https:\/\/compuviper.mx\/tienda\/producto\/patriot-p300p512gm28814914026526-unidad-de-estado-solido-interno-p300-512gb-m-2-2280-nvme-pcie-gen-3x4-lect-2100-escrit-1650-mbs-pc-laptop-minipc\/#breadcrumb\"},\"inLanguage\":\"es-MX\",\"potentialAction\":[{\"@type\":\"ReadAction\",\"target\":[\"https:\/\/compuviper.mx\/tienda\/producto\/patriot-p300p512gm28814914026526-unidad-de-estado-solido-interno-p300-512gb-m-2-2280-nvme-pcie-gen-3x4-lect-2100-escrit-1650-mbs-pc-laptop-minipc\/\"]}]},{\"@type\":\"BreadcrumbList\",\"@id\":\"https:\/\/compuviper.mx\/tienda\/producto\/patriot-p300p512gm28814914026526-unidad-de-estado-solido-interno-p300-512gb-m-2-2280-nvme-pcie-gen-3x4-lect-2100-escrit-1650-mbs-pc-laptop-minipc\/#breadcrumb\",\"itemListElement\":[{\"@type\":\"ListItem\",\"position\":1,\"name\":\"Inicio\",\"item\":\"https:\/\/compuviper.mx\/tienda\/\"},{\"@type\":\"ListItem\",\"position\":2,\"name\":\"Productos\",\"item\":\"https:\/\/compuviper.mx\/tienda\/productos\/\"},{\"@type\":\"ListItem\",\"position\":3,\"name\":\"Discos Duros\",\"item\":\"https:\/\/compuviper.mx\/tienda\/categoria-producto\/discos-duros\/\"},{\"@type\":\"ListItem\",\"position\":4,\"name\":\"Unidad De Estado Solido\",\"item\":\"https:\/\/compuviper.mx\/tienda\/categoria-producto\/discos-duros\/unidad-de-estado-solido\/\"},{\"@type\":\"ListItem\",\"position\":5,\"name\":\"Patriot P300p512gm28,814914026526 Unidad De Estado Solido Interno P300 512gb M.2 2280 Nvme Pcie Gen 3&#215;4 Lect.2100 Escrit.1650 Mbs Pc Laptop Minipc\"}]},{\"@type\":\"WebSite\",\"@id\":\"https:\/\/compuviper.mx\/tienda\/#website\",\"url\":\"https:\/\/compuviper.mx\/tienda\/\",\"name\":\"Compuviper\",\"description\":\"Proveedor de Computadoras, Laptops, Servidores, Monitores, Puntos de Venta, Teclados,   Impresoras, T\u00f3ner, C\u00e1maras de Seguridad y m\u00e1s en tu tienda en l\u00ednea\",\"publisher\":{\"@id\":\"https:\/\/compuviper.mx\/tienda\/#organization\"},\"potentialAction\":[{\"@type\":\"SearchAction\",\"target\":{\"@type\":\"EntryPoint\",\"urlTemplate\":\"https:\/\/compuviper.mx\/tienda\/?s={search_term_string}\"},\"query-input\":\"required name=search_term_string\"}],\"inLanguage\":\"es-MX\"},{\"@type\":\"Organization\",\"@id\":\"https:\/\/compuviper.mx\/tienda\/#organization\",\"name\":\"Compuviper\",\"url\":\"https:\/\/compuviper.mx\/tienda\/\",\"logo\":{\"@type\":\"ImageObject\",\"inLanguage\":\"es-MX\",\"@id\":\"https:\/\/compuviper.mx\/tienda\/#\/schema\/logo\/image\/\",\"url\":\"https:\/\/compuviper.mx\/tienda\/wp-content\/uploads\/2021\/08\/Logo-Compuviper-10.png\",\"contentUrl\":\"https:\/\/compuviper.mx\/tienda\/wp-content\/uploads\/2021\/08\/Logo-Compuviper-10.png\",\"width\":1000,\"height\":500,\"caption\":\"Compuviper\"},\"image\":{\"@id\":\"https:\/\/compuviper.mx\/tienda\/#\/schema\/logo\/image\/\"},\"sameAs\":[\"https:\/\/www.facebook.com\/compuviper\",\"https:\/\/www.youtube.com\/channel\/UCf73dERp9Y3cfOq7q8BhLjA?view_as=subscriber\"]}]}<\/script>\n<meta property=\"product:brand\" content=\"Patriot\" \/>\n<meta property=\"product:price:amount\" content=\"1639\" \/>\n<meta property=\"product:price:currency\" content=\"MXN\" \/>\n<meta property=\"og:availability\" content=\"instock\" \/>\n<meta property=\"product:availability\" content=\"instock\" \/>\n<meta property=\"product:retailer_item_id\" content=\"P300P512GM28,814914026526\" \/>\n<meta property=\"product:condition\" content=\"new\" \/>\n<!-- \/ Yoast SEO plugin. -->","yoast_head_json":{"title":"[ Patriot ] &#129351; P300p512gm28,814914026526 Unidad De Estado Solido Interno P300 512gb M.2 2280 Nvme Pcie Gen 3x4 Lect.2100 Escrit.1650 Mbs Pc Laptop Minipc","description":"Compra P300p512gm28,814914026526 Unidad De Estado Solido Interno P300 512gb M.2 2280 Nvme Pcie Gen 3x4 Lect.2100 Escrit.1650 Mbs Pc Laptop Minipc + Env\u00edo a domicilio + Pago seguro + Garant\u00eda","robots":{"index":"index","follow":"follow","max-snippet":"max-snippet:-1","max-image-preview":"max-image-preview:large","max-video-preview":"max-video-preview:-1"},"canonical":"https:\/\/compuviper.mx\/tienda\/producto\/patriot-p300p512gm28814914026526-unidad-de-estado-solido-interno-p300-512gb-m-2-2280-nvme-pcie-gen-3x4-lect-2100-escrit-1650-mbs-pc-laptop-minipc\/","og_locale":"es_MX","og_type":"article","og_title":"[ Patriot ] &#129351; P300p512gm28,814914026526 Unidad De Estado Solido Interno P300 512gb M.2 2280 Nvme Pcie Gen 3x4 Lect.2100 Escrit.1650 Mbs Pc Laptop Minipc","og_description":"Compra P300p512gm28,814914026526 Unidad De Estado Solido Interno P300 512gb M.2 2280 Nvme Pcie Gen 3x4 Lect.2100 Escrit.1650 Mbs Pc Laptop Minipc + Env\u00edo a domicilio + Pago seguro + Garant\u00eda","og_url":"https:\/\/compuviper.mx\/tienda\/producto\/patriot-p300p512gm28814914026526-unidad-de-estado-solido-interno-p300-512gb-m-2-2280-nvme-pcie-gen-3x4-lect-2100-escrit-1650-mbs-pc-laptop-minipc\/","og_site_name":"Compuviper","article_publisher":"https:\/\/www.facebook.com\/compuviper","article_modified_time":"2026-04-12T06:00:32+00:00","og_image":[{"width":200,"height":200,"url":"https:\/\/compuviper.mx\/tienda\/wp-content\/uploads\/2025\/12\/Unidad-de-estado-solido-interno-patriot-p300-512gb-m.2-2280-nvme-pcie-gen-3x4-lect.2100-escrit.1650-mbs-pc-laptop-minipc.jpg","type":"image\/jpeg"}],"twitter_card":"summary_large_image","twitter_misc":{"Precio":"&#36;1,639 con IVA","Availability":"In stock"},"schema":{"@context":"https:\/\/schema.org","@graph":[{"@type":"WebPage","@id":"https:\/\/compuviper.mx\/tienda\/producto\/patriot-p300p512gm28814914026526-unidad-de-estado-solido-interno-p300-512gb-m-2-2280-nvme-pcie-gen-3x4-lect-2100-escrit-1650-mbs-pc-laptop-minipc\/","url":"https:\/\/compuviper.mx\/tienda\/producto\/patriot-p300p512gm28814914026526-unidad-de-estado-solido-interno-p300-512gb-m-2-2280-nvme-pcie-gen-3x4-lect-2100-escrit-1650-mbs-pc-laptop-minipc\/","name":"[ Patriot ] &#129351; P300p512gm28,814914026526 Unidad De Estado Solido Interno P300 512gb M.2 2280 Nvme Pcie Gen 3x4 Lect.2100 Escrit.1650 Mbs Pc Laptop Minipc","isPartOf":{"@id":"https:\/\/compuviper.mx\/tienda\/#website"},"datePublished":"2026-04-12T05:18:41+00:00","dateModified":"2026-04-12T06:00:32+00:00","description":"Compra P300p512gm28,814914026526 Unidad De Estado Solido Interno P300 512gb M.2 2280 Nvme Pcie Gen 3x4 Lect.2100 Escrit.1650 Mbs Pc Laptop Minipc + Env\u00edo a domicilio + Pago seguro + Garant\u00eda","breadcrumb":{"@id":"https:\/\/compuviper.mx\/tienda\/producto\/patriot-p300p512gm28814914026526-unidad-de-estado-solido-interno-p300-512gb-m-2-2280-nvme-pcie-gen-3x4-lect-2100-escrit-1650-mbs-pc-laptop-minipc\/#breadcrumb"},"inLanguage":"es-MX","potentialAction":[{"@type":"ReadAction","target":["https:\/\/compuviper.mx\/tienda\/producto\/patriot-p300p512gm28814914026526-unidad-de-estado-solido-interno-p300-512gb-m-2-2280-nvme-pcie-gen-3x4-lect-2100-escrit-1650-mbs-pc-laptop-minipc\/"]}]},{"@type":"BreadcrumbList","@id":"https:\/\/compuviper.mx\/tienda\/producto\/patriot-p300p512gm28814914026526-unidad-de-estado-solido-interno-p300-512gb-m-2-2280-nvme-pcie-gen-3x4-lect-2100-escrit-1650-mbs-pc-laptop-minipc\/#breadcrumb","itemListElement":[{"@type":"ListItem","position":1,"name":"Inicio","item":"https:\/\/compuviper.mx\/tienda\/"},{"@type":"ListItem","position":2,"name":"Productos","item":"https:\/\/compuviper.mx\/tienda\/productos\/"},{"@type":"ListItem","position":3,"name":"Discos Duros","item":"https:\/\/compuviper.mx\/tienda\/categoria-producto\/discos-duros\/"},{"@type":"ListItem","position":4,"name":"Unidad De Estado Solido","item":"https:\/\/compuviper.mx\/tienda\/categoria-producto\/discos-duros\/unidad-de-estado-solido\/"},{"@type":"ListItem","position":5,"name":"Patriot P300p512gm28,814914026526 Unidad De Estado Solido Interno P300 512gb M.2 2280 Nvme Pcie Gen 3&#215;4 Lect.2100 Escrit.1650 Mbs Pc Laptop Minipc"}]},{"@type":"WebSite","@id":"https:\/\/compuviper.mx\/tienda\/#website","url":"https:\/\/compuviper.mx\/tienda\/","name":"Compuviper","description":"Proveedor de Computadoras, Laptops, Servidores, Monitores, Puntos de Venta, Teclados,   Impresoras, T\u00f3ner, C\u00e1maras de Seguridad y m\u00e1s en tu tienda en l\u00ednea","publisher":{"@id":"https:\/\/compuviper.mx\/tienda\/#organization"},"potentialAction":[{"@type":"SearchAction","target":{"@type":"EntryPoint","urlTemplate":"https:\/\/compuviper.mx\/tienda\/?s={search_term_string}"},"query-input":"required name=search_term_string"}],"inLanguage":"es-MX"},{"@type":"Organization","@id":"https:\/\/compuviper.mx\/tienda\/#organization","name":"Compuviper","url":"https:\/\/compuviper.mx\/tienda\/","logo":{"@type":"ImageObject","inLanguage":"es-MX","@id":"https:\/\/compuviper.mx\/tienda\/#\/schema\/logo\/image\/","url":"https:\/\/compuviper.mx\/tienda\/wp-content\/uploads\/2021\/08\/Logo-Compuviper-10.png","contentUrl":"https:\/\/compuviper.mx\/tienda\/wp-content\/uploads\/2021\/08\/Logo-Compuviper-10.png","width":1000,"height":500,"caption":"Compuviper"},"image":{"@id":"https:\/\/compuviper.mx\/tienda\/#\/schema\/logo\/image\/"},"sameAs":["https:\/\/www.facebook.com\/compuviper","https:\/\/www.youtube.com\/channel\/UCf73dERp9Y3cfOq7q8BhLjA?view_as=subscriber"]}]},"product_brand":"Patriot","product_price_amount":"1639","product_price_currency":"MXN","og_availability":"instock","product_availability":"instock","product_retailer_item_id":"P300P512GM28,814914026526","product_condition":"new"},"_links":{"self":[{"href":"https:\/\/compuviper.mx\/tienda\/wp-json\/wp\/v2\/product\/264247"}],"collection":[{"href":"https:\/\/compuviper.mx\/tienda\/wp-json\/wp\/v2\/product"}],"about":[{"href":"https:\/\/compuviper.mx\/tienda\/wp-json\/wp\/v2\/types\/product"}],"replies":[{"embeddable":true,"href":"https:\/\/compuviper.mx\/tienda\/wp-json\/wp\/v2\/comments?post=264247"}],"wp:featuredmedia":[{"embeddable":true,"href":"https:\/\/compuviper.mx\/tienda\/wp-json\/wp\/v2\/media\/264248"}],"wp:attachment":[{"href":"https:\/\/compuviper.mx\/tienda\/wp-json\/wp\/v2\/media?parent=264247"}],"wp:term":[{"taxonomy":"product_cat","embeddable":true,"href":"https:\/\/compuviper.mx\/tienda\/wp-json\/wp\/v2\/product_cat?post=264247"},{"taxonomy":"product_tag","embeddable":true,"href":"https:\/\/compuviper.mx\/tienda\/wp-json\/wp\/v2\/product_tag?post=264247"}],"curies":[{"name":"wp","href":"https:\/\/api.w.org\/{rel}","templated":true}]}}