{"id":264216,"date":"2026-04-18T01:34:13","date_gmt":"2026-04-18T07:34:13","guid":{"rendered":"https:\/\/compuviper.mx\/tienda\/producto\/msi-cubi-5-12m-016bus-mini-pc-cubi-core-i7-1255u-hasta-4-70-ghz-soporta-2-sodimm-ddr4-2666-3200mhz-max-64gb-soporta-ssd-m-2-2-5-hdd-dds-hdmi-dp-thunderbolt-4-2x-usb-3-2-dual-lan-barebone\/"},"modified":"2026-04-18T01:34:13","modified_gmt":"2026-04-18T07:34:13","slug":"msi-oem-cubi-5-12m-016bus-mini-pc-msi-cubi-core-i7-1255u-hasta-4-70-ghz-soporta-2-sodimm-ddr4-2666-3200mhz-max-64gb-soporta-ssd-m-2-2-5-hdd-dds-hdmi-dp-thunderbolt-4-2x-usb-3-2-dual-lan-b","status":"publish","type":"product","link":"https:\/\/compuviper.mx\/tienda\/producto\/msi-oem-cubi-5-12m-016bus-mini-pc-msi-cubi-core-i7-1255u-hasta-4-70-ghz-soporta-2-sodimm-ddr4-2666-3200mhz-max-64gb-soporta-ssd-m-2-2-5-hdd-dds-hdmi-dp-thunderbolt-4-2x-usb-3-2-dual-lan-b\/","title":{"rendered":"Msi Oem Cubi 5 12m-016bus Mini Pc Msi Cubi Core I7-1255u  Hasta 4.70 Ghz \/soporta 2 Sodimm Ddr4 2666 \/ 3200mhz Max 64gb\/soporta Ssd M.2 \/ 2.5 Hdd\/dds \/hdmi \/dp \/ Thunderbolt 4 \/2x Usb 3.2\/ Dual Lan (barebone)"},"content":{"rendered":"<table class=\"descripcion\">\n<tr>\n<td>Pieza del fabricante # cubi512m016b<\/td>\n<\/tr>\n<tr>\n<td>Sistema operativo b\u00e1sico: no incluido<\/td>\n<\/tr>\n<tr>\n<td>Cpu intel core i7-1255u 10c\/12t 12mb de cach\u00e9<\/td>\n<\/tr>\n<tr>\n<td>Conjunto de chips intel soc<\/td>\n<\/tr>\n<tr>\n<td>Propiedad de la placa base<\/td>\n<\/tr>\n<tr>\n<td>Enfriador de cpu enfriador de aire<\/td>\n<\/tr>\n<tr>\n<td>Gr\u00e1ficos vga intel\u00ae iris\u00ae xe<\/td>\n<\/tr>\n<tr>\n<td>Memoria (gb) no incluida: admite 2x ddr4 2666mhz so-dimm, hasta 64gb<\/td>\n<\/tr>\n<tr>\n<td>Lan 1x realtek\u00ae rtl8111h<\/td>\n<\/tr>\n<tr>\n<td>1x realtek\u00ae rtl8125bg-cg<\/td>\n<\/tr>\n<tr>\n<td>Comunicaci\u00f3n inal\u00e1mbrica wifi 6e &#8211; ax 211<\/td>\n<\/tr>\n<tr>\n<td>Audio 1 combo de entrada de micr\u00f3fono y salida de auriculares<\/td>\n<\/tr>\n<tr>\n<td>N \/ a<\/td>\n<\/tr>\n<tr>\n<td>Puerto de v\u00eddeo 1 salida hdmi\u0099 (2.0b)<\/td>\n<\/tr>\n<tr>\n<td>1x salida dp (1.4)<\/td>\n<\/tr>\n<tr>\n<td>Ranuras de expansi\u00f3n 1 disco duro de 2,5<\/td>\n<\/tr>\n<tr>\n<td>Usb frontal:<\/td>\n<\/tr>\n<tr>\n<td>1x thunderbolt4 tipo c<\/td>\n<\/tr>\n<tr>\n<td>2x usb 3.2 gen2 tipo a<\/td>\n<\/tr>\n<tr>\n<td>1x thunderbolt4 tipo c<\/td>\n<\/tr>\n<tr>\n<td>2x usb 3.2 gen2 tipo a<\/td>\n<\/tr>\n<tr>\n<td>Trasero:<\/td>\n<\/tr>\n<tr>\n<td>2x usb 3.2 gen2 tipo a<\/td>\n<\/tr>\n<tr>\n<td>2x usb 3.2 gen2 tipo a<\/td>\n<\/tr>\n<tr>\n<td>Disco duro\/ssd n\/a<\/td>\n<\/tr>\n<tr>\n<td>Fuente de alimentaci\u00f3n 65w<\/td>\n<\/tr>\n<tr>\n<td>De color negro<\/td>\n<\/tr>\n<tr>\n<td>Dimensiones 4,88 x 4,88 x 2,11<\/td>\n<\/tr>\n<tr>\n<td>Peso 1,21 libras<\/td>\n<\/tr>\n<tr>\n<td>1 a\u00f1o de garant\u00eda<\/td>\n<\/tr>\n<\/table>\n","protected":false},"excerpt":{"rendered":"<p>Peque\u00f1o pero potente. Ll\u00e9vatelo a casa cuando lo necesites sin ning\u00fan inconveniente, tu mini compatible con resoluci\u00f3n 8k. Cubi 5 te permite disfrutar de la mejor experiencia de ver una pel\u00edcula con tu familia o asistir a una conferencia en l\u00ednea mientras trabajas desde casa.Pc y tu port\u00e1til. Pasa a la siguiente potencia. Thunderbolt\u0099 4* lleva thunderbolt a velocidades de hasta 40 gbps, creando un puerto compacto que lo hace que lo hace todo, ofreciendo la conexi\u00f3n m\u00e1s r\u00e1pida y vers\u00e1til a cualquier dock, pantalla o dispositivo de datos y\/o nas. Amplia compatibilidad de interfaces para editar, colaborar y compartir sin problemas. Pasa a la siguiente potencia. Thunderbolt\u0099 4* lleva thunderbolt a velocidades de hasta 40 gbps, creando un puerto compacto que lo hace que lo hace todo, ofreciendo la conexi\u00f3n m\u00e1s r\u00e1pida y vers\u00e1til a cualquier dock, pantalla o dispositivo de datos y\/o nas. Amplia compatibilidad de interfaces para editar, colaborar y compartir sin problemas. Msi center. El msi center lleva la optimizaci\u00f3n al siguiente nivel con modos de sistema f\u00e1cilmente ajustables. Modos de sistema f\u00e1cilmente ajustables; ayuda a priorizar y asignar los recursos a tu alcance para acelerar el rendimiento de aquellos software con el que trabajas a diario. La interfaz y la funcionalidad pueden variar debido al cambio de versi\u00f3n. Descargue la \u00faltima versi\u00f3n de msi center app a trav\u00e9s de microsoft store. Sb 3.2 gen 2 type a. Con velocidades de transferencia de datos de hasta 10 gbps, los puertos duales usb 3.2 gen 2 tipo a en la entrada\/salida frontal ofrecen el doble de ancho de banda que los antiguos puertos usb 3.1 gen 1 tipo a, reduciendo efectivamente a la mitad cualquier retraso o tiempo de espera de los datos. F\u00e1cil mantenimiento. Los usuarios pueden actualizar f\u00e1cilmente dos so-dimm, un ssd m.2 o un hdd\/ssd de 2,5 desmontando la cubierta. Hace del cubi 5 un sobremesa a\u00fan m\u00e1s flexible y tambi\u00e9n reduce la p\u00e9rdida de tiempo en actualizaciones. Soporte de montaje vesa. El dise\u00f1o de montaje vesa permite a los usuarios enganchar cubi 5 en cualquier lugar o montarlo con msi pro mp243 series . No s\u00f3lo mejorar la flexibilidad de uso de cubi 5, sino que tambi\u00e9n permite a los usuarios hacer un buen uso de su espacio en casa o en la oficina. Con una completa gama de puertos de e\/s, puede conectar todos los dispositivos que necesites y conectar muchos dispositivos al mismo tiempo para que puedas multitarea con esos dispositivos para que trabajes de forma m\u00e1s eficiente y, por supuesto, no necesitar\u00e1s un adaptador o un dock.<\/p>\n","protected":false},"featured_media":264217,"comment_status":"open","ping_status":"open","template":"","meta":[],"product_cat":[1971,1978],"product_tag":[2322],"acf":[],"yoast_head":"<!-- This site is optimized with the Yoast SEO plugin v21.7 - https:\/\/yoast.com\/wordpress\/plugins\/seo\/ -->\n<title>[ Msi Oem ] &#129351; Cubi 5 12m-016bus Mini Pc Msi Cubi Core I7-1255u Hasta 4.70 Ghz \/soporta 2 Sodimm Ddr4 2666 \/ 3200mhz Max 64gb\/soporta Ssd M.2 \/ 2.5 Hdd\/dds \/hdmi \/dp \/ Thunderbolt 4 \/2x Usb 3.2\/ Dual Lan (barebone)<\/title>\n<meta name=\"description\" content=\"Compra Cubi 5 12m-016bus Mini Pc Msi Cubi Core I7-1255u Hasta 4.70 Ghz \/soporta 2 Sodimm Ddr4 2666 \/ 3200mhz Max 64gb\/soporta Ssd M.2 \/ 2.5 Hdd\/dds \/hdmi \/dp \/ Thunderbolt 4 \/2x Usb 3.2\/ Dual Lan (barebone) + Env\u00edo a domicilio + Pago seguro + Garant\u00eda\" \/>\n<meta name=\"robots\" content=\"index, follow, max-snippet:-1, max-image-preview:large, max-video-preview:-1\" \/>\n<link rel=\"canonical\" href=\"https:\/\/compuviper.mx\/tienda\/producto\/msi-oem-cubi-5-12m-016bus-mini-pc-msi-cubi-core-i7-1255u-hasta-4-70-ghz-soporta-2-sodimm-ddr4-2666-3200mhz-max-64gb-soporta-ssd-m-2-2-5-hdd-dds-hdmi-dp-thunderbolt-4-2x-usb-3-2-dual-lan-b\/\" \/>\n<meta property=\"og:locale\" content=\"es_MX\" \/>\n<meta property=\"og:type\" content=\"article\" \/>\n<meta property=\"og:title\" content=\"[ Msi Oem ] &#129351; Cubi 5 12m-016bus Mini Pc Msi Cubi Core I7-1255u Hasta 4.70 Ghz \/soporta 2 Sodimm Ddr4 2666 \/ 3200mhz Max 64gb\/soporta Ssd M.2 \/ 2.5 Hdd\/dds \/hdmi \/dp \/ Thunderbolt 4 \/2x Usb 3.2\/ Dual Lan (barebone)\" \/>\n<meta property=\"og:description\" content=\"Compra Cubi 5 12m-016bus Mini Pc Msi Cubi Core I7-1255u Hasta 4.70 Ghz \/soporta 2 Sodimm Ddr4 2666 \/ 3200mhz Max 64gb\/soporta Ssd M.2 \/ 2.5 Hdd\/dds \/hdmi \/dp \/ Thunderbolt 4 \/2x Usb 3.2\/ Dual Lan (barebone) + Env\u00edo a domicilio + Pago seguro + Garant\u00eda\" \/>\n<meta property=\"og:url\" content=\"https:\/\/compuviper.mx\/tienda\/producto\/msi-oem-cubi-5-12m-016bus-mini-pc-msi-cubi-core-i7-1255u-hasta-4-70-ghz-soporta-2-sodimm-ddr4-2666-3200mhz-max-64gb-soporta-ssd-m-2-2-5-hdd-dds-hdmi-dp-thunderbolt-4-2x-usb-3-2-dual-lan-b\/\" \/>\n<meta property=\"og:site_name\" content=\"Compuviper\" \/>\n<meta property=\"article:publisher\" content=\"https:\/\/www.facebook.com\/compuviper\" \/>\n<meta property=\"og:image\" content=\"https:\/\/compuviper.mx\/tienda\/wp-content\/uploads\/2025\/12\/Mini-pc-msi-cubi-core-i7-1255u-hasta-4.70-ghz-soporta-2-sodimm-ddr4-2666-3200mhz-max-64gbsoporta-ssd-m.2-2.5-hdddds-hdmi-dp-thunderbolt-4-2x-usb-3.2-dual-lan-barebone.jpg\" \/>\n\t<meta property=\"og:image:width\" content=\"200\" \/>\n\t<meta property=\"og:image:height\" content=\"200\" \/>\n\t<meta property=\"og:image:type\" content=\"image\/jpeg\" \/>\n<meta name=\"twitter:card\" content=\"summary_large_image\" \/>\n<meta name=\"twitter:label1\" content=\"Precio\" \/>\n\t<meta name=\"twitter:data1\" content=\"&#36;8,383 con IVA\" \/>\n\t<meta name=\"twitter:label2\" content=\"Availability\" \/>\n\t<meta name=\"twitter:data2\" content=\"Out of stock\" \/>\n<script type=\"application\/ld+json\" class=\"yoast-schema-graph\">{\"@context\":\"https:\/\/schema.org\",\"@graph\":[{\"@type\":\"WebPage\",\"@id\":\"https:\/\/compuviper.mx\/tienda\/producto\/msi-oem-cubi-5-12m-016bus-mini-pc-msi-cubi-core-i7-1255u-hasta-4-70-ghz-soporta-2-sodimm-ddr4-2666-3200mhz-max-64gb-soporta-ssd-m-2-2-5-hdd-dds-hdmi-dp-thunderbolt-4-2x-usb-3-2-dual-lan-b\/\",\"url\":\"https:\/\/compuviper.mx\/tienda\/producto\/msi-oem-cubi-5-12m-016bus-mini-pc-msi-cubi-core-i7-1255u-hasta-4-70-ghz-soporta-2-sodimm-ddr4-2666-3200mhz-max-64gb-soporta-ssd-m-2-2-5-hdd-dds-hdmi-dp-thunderbolt-4-2x-usb-3-2-dual-lan-b\/\",\"name\":\"[ Msi Oem ] &#129351; Cubi 5 12m-016bus Mini Pc Msi Cubi Core I7-1255u Hasta 4.70 Ghz \/soporta 2 Sodimm Ddr4 2666 \/ 3200mhz Max 64gb\/soporta Ssd M.2 \/ 2.5 Hdd\/dds \/hdmi \/dp \/ Thunderbolt 4 \/2x Usb 3.2\/ Dual Lan (barebone)\",\"isPartOf\":{\"@id\":\"https:\/\/compuviper.mx\/tienda\/#website\"},\"datePublished\":\"2026-04-18T07:34:13+00:00\",\"dateModified\":\"2026-04-18T07:34:13+00:00\",\"description\":\"Compra Cubi 5 12m-016bus Mini Pc Msi Cubi Core I7-1255u Hasta 4.70 Ghz \/soporta 2 Sodimm Ddr4 2666 \/ 3200mhz Max 64gb\/soporta Ssd M.2 \/ 2.5 Hdd\/dds \/hdmi \/dp \/ Thunderbolt 4 \/2x Usb 3.2\/ Dual Lan (barebone) + Env\u00edo a domicilio + Pago seguro + Garant\u00eda\",\"breadcrumb\":{\"@id\":\"https:\/\/compuviper.mx\/tienda\/producto\/msi-oem-cubi-5-12m-016bus-mini-pc-msi-cubi-core-i7-1255u-hasta-4-70-ghz-soporta-2-sodimm-ddr4-2666-3200mhz-max-64gb-soporta-ssd-m-2-2-5-hdd-dds-hdmi-dp-thunderbolt-4-2x-usb-3-2-dual-lan-b\/#breadcrumb\"},\"inLanguage\":\"es-MX\",\"potentialAction\":[{\"@type\":\"ReadAction\",\"target\":[\"https:\/\/compuviper.mx\/tienda\/producto\/msi-oem-cubi-5-12m-016bus-mini-pc-msi-cubi-core-i7-1255u-hasta-4-70-ghz-soporta-2-sodimm-ddr4-2666-3200mhz-max-64gb-soporta-ssd-m-2-2-5-hdd-dds-hdmi-dp-thunderbolt-4-2x-usb-3-2-dual-lan-b\/\"]}]},{\"@type\":\"BreadcrumbList\",\"@id\":\"https:\/\/compuviper.mx\/tienda\/producto\/msi-oem-cubi-5-12m-016bus-mini-pc-msi-cubi-core-i7-1255u-hasta-4-70-ghz-soporta-2-sodimm-ddr4-2666-3200mhz-max-64gb-soporta-ssd-m-2-2-5-hdd-dds-hdmi-dp-thunderbolt-4-2x-usb-3-2-dual-lan-b\/#breadcrumb\",\"itemListElement\":[{\"@type\":\"ListItem\",\"position\":1,\"name\":\"Inicio\",\"item\":\"https:\/\/compuviper.mx\/tienda\/\"},{\"@type\":\"ListItem\",\"position\":2,\"name\":\"Productos\",\"item\":\"https:\/\/compuviper.mx\/tienda\/productos\/\"},{\"@type\":\"ListItem\",\"position\":3,\"name\":\"Computadoras\",\"item\":\"https:\/\/compuviper.mx\/tienda\/categoria-producto\/computadoras\/\"},{\"@type\":\"ListItem\",\"position\":4,\"name\":\"Mini Pc\u00b4s\",\"item\":\"https:\/\/compuviper.mx\/tienda\/categoria-producto\/computadoras\/mini-pcs\/\"},{\"@type\":\"ListItem\",\"position\":5,\"name\":\"Msi Oem Cubi 5 12m-016bus Mini Pc Msi Cubi Core I7-1255u Hasta 4.70 Ghz \/soporta 2 Sodimm Ddr4 2666 \/ 3200mhz Max 64gb\/soporta Ssd M.2 \/ 2.5 Hdd\/dds \/hdmi \/dp \/ Thunderbolt 4 \/2x Usb 3.2\/ Dual Lan (barebone)\"}]},{\"@type\":\"WebSite\",\"@id\":\"https:\/\/compuviper.mx\/tienda\/#website\",\"url\":\"https:\/\/compuviper.mx\/tienda\/\",\"name\":\"Compuviper\",\"description\":\"Proveedor de Computadoras, Laptops, Servidores, Monitores, Puntos de Venta, Teclados,   Impresoras, T\u00f3ner, C\u00e1maras de Seguridad y m\u00e1s en tu tienda en l\u00ednea\",\"publisher\":{\"@id\":\"https:\/\/compuviper.mx\/tienda\/#organization\"},\"potentialAction\":[{\"@type\":\"SearchAction\",\"target\":{\"@type\":\"EntryPoint\",\"urlTemplate\":\"https:\/\/compuviper.mx\/tienda\/?s={search_term_string}\"},\"query-input\":\"required name=search_term_string\"}],\"inLanguage\":\"es-MX\"},{\"@type\":\"Organization\",\"@id\":\"https:\/\/compuviper.mx\/tienda\/#organization\",\"name\":\"Compuviper\",\"url\":\"https:\/\/compuviper.mx\/tienda\/\",\"logo\":{\"@type\":\"ImageObject\",\"inLanguage\":\"es-MX\",\"@id\":\"https:\/\/compuviper.mx\/tienda\/#\/schema\/logo\/image\/\",\"url\":\"https:\/\/compuviper.mx\/tienda\/wp-content\/uploads\/2021\/08\/Logo-Compuviper-10.png\",\"contentUrl\":\"https:\/\/compuviper.mx\/tienda\/wp-content\/uploads\/2021\/08\/Logo-Compuviper-10.png\",\"width\":1000,\"height\":500,\"caption\":\"Compuviper\"},\"image\":{\"@id\":\"https:\/\/compuviper.mx\/tienda\/#\/schema\/logo\/image\/\"},\"sameAs\":[\"https:\/\/www.facebook.com\/compuviper\",\"https:\/\/www.youtube.com\/channel\/UCf73dERp9Y3cfOq7q8BhLjA?view_as=subscriber\"]}]}<\/script>\n<meta property=\"product:brand\" content=\"Msi Oem\" \/>\n<meta property=\"product:price:amount\" content=\"8383\" \/>\n<meta property=\"product:price:currency\" content=\"MXN\" \/>\n<meta property=\"og:availability\" content=\"out of stock\" \/>\n<meta property=\"product:availability\" content=\"out of stock\" \/>\n<meta property=\"product:retailer_item_id\" content=\"CUBI 5 12M-016BUS\" \/>\n<meta property=\"product:condition\" content=\"new\" \/>\n<!-- \/ Yoast SEO plugin. -->","yoast_head_json":{"title":"[ Msi Oem ] &#129351; Cubi 5 12m-016bus Mini Pc Msi Cubi Core I7-1255u Hasta 4.70 Ghz \/soporta 2 Sodimm Ddr4 2666 \/ 3200mhz Max 64gb\/soporta Ssd M.2 \/ 2.5 Hdd\/dds \/hdmi \/dp \/ Thunderbolt 4 \/2x Usb 3.2\/ Dual Lan (barebone)","description":"Compra Cubi 5 12m-016bus Mini Pc Msi Cubi Core I7-1255u Hasta 4.70 Ghz \/soporta 2 Sodimm Ddr4 2666 \/ 3200mhz Max 64gb\/soporta Ssd M.2 \/ 2.5 Hdd\/dds \/hdmi \/dp \/ Thunderbolt 4 \/2x Usb 3.2\/ Dual Lan (barebone) + Env\u00edo a domicilio + Pago seguro + Garant\u00eda","robots":{"index":"index","follow":"follow","max-snippet":"max-snippet:-1","max-image-preview":"max-image-preview:large","max-video-preview":"max-video-preview:-1"},"canonical":"https:\/\/compuviper.mx\/tienda\/producto\/msi-oem-cubi-5-12m-016bus-mini-pc-msi-cubi-core-i7-1255u-hasta-4-70-ghz-soporta-2-sodimm-ddr4-2666-3200mhz-max-64gb-soporta-ssd-m-2-2-5-hdd-dds-hdmi-dp-thunderbolt-4-2x-usb-3-2-dual-lan-b\/","og_locale":"es_MX","og_type":"article","og_title":"[ Msi Oem ] &#129351; Cubi 5 12m-016bus Mini Pc Msi Cubi Core I7-1255u Hasta 4.70 Ghz \/soporta 2 Sodimm Ddr4 2666 \/ 3200mhz Max 64gb\/soporta Ssd M.2 \/ 2.5 Hdd\/dds \/hdmi \/dp \/ Thunderbolt 4 \/2x Usb 3.2\/ Dual Lan (barebone)","og_description":"Compra Cubi 5 12m-016bus Mini Pc Msi Cubi Core I7-1255u Hasta 4.70 Ghz \/soporta 2 Sodimm Ddr4 2666 \/ 3200mhz Max 64gb\/soporta Ssd M.2 \/ 2.5 Hdd\/dds \/hdmi \/dp \/ Thunderbolt 4 \/2x Usb 3.2\/ Dual Lan (barebone) + Env\u00edo a domicilio + Pago seguro + Garant\u00eda","og_url":"https:\/\/compuviper.mx\/tienda\/producto\/msi-oem-cubi-5-12m-016bus-mini-pc-msi-cubi-core-i7-1255u-hasta-4-70-ghz-soporta-2-sodimm-ddr4-2666-3200mhz-max-64gb-soporta-ssd-m-2-2-5-hdd-dds-hdmi-dp-thunderbolt-4-2x-usb-3-2-dual-lan-b\/","og_site_name":"Compuviper","article_publisher":"https:\/\/www.facebook.com\/compuviper","og_image":[{"width":200,"height":200,"url":"https:\/\/compuviper.mx\/tienda\/wp-content\/uploads\/2025\/12\/Mini-pc-msi-cubi-core-i7-1255u-hasta-4.70-ghz-soporta-2-sodimm-ddr4-2666-3200mhz-max-64gbsoporta-ssd-m.2-2.5-hdddds-hdmi-dp-thunderbolt-4-2x-usb-3.2-dual-lan-barebone.jpg","type":"image\/jpeg"}],"twitter_card":"summary_large_image","twitter_misc":{"Precio":"&#36;8,383 con IVA","Availability":"Out of stock"},"schema":{"@context":"https:\/\/schema.org","@graph":[{"@type":"WebPage","@id":"https:\/\/compuviper.mx\/tienda\/producto\/msi-oem-cubi-5-12m-016bus-mini-pc-msi-cubi-core-i7-1255u-hasta-4-70-ghz-soporta-2-sodimm-ddr4-2666-3200mhz-max-64gb-soporta-ssd-m-2-2-5-hdd-dds-hdmi-dp-thunderbolt-4-2x-usb-3-2-dual-lan-b\/","url":"https:\/\/compuviper.mx\/tienda\/producto\/msi-oem-cubi-5-12m-016bus-mini-pc-msi-cubi-core-i7-1255u-hasta-4-70-ghz-soporta-2-sodimm-ddr4-2666-3200mhz-max-64gb-soporta-ssd-m-2-2-5-hdd-dds-hdmi-dp-thunderbolt-4-2x-usb-3-2-dual-lan-b\/","name":"[ Msi Oem ] &#129351; Cubi 5 12m-016bus Mini Pc Msi Cubi Core I7-1255u Hasta 4.70 Ghz \/soporta 2 Sodimm Ddr4 2666 \/ 3200mhz Max 64gb\/soporta Ssd M.2 \/ 2.5 Hdd\/dds \/hdmi \/dp \/ Thunderbolt 4 \/2x Usb 3.2\/ Dual Lan (barebone)","isPartOf":{"@id":"https:\/\/compuviper.mx\/tienda\/#website"},"datePublished":"2026-04-18T07:34:13+00:00","dateModified":"2026-04-18T07:34:13+00:00","description":"Compra Cubi 5 12m-016bus Mini Pc Msi Cubi Core I7-1255u Hasta 4.70 Ghz \/soporta 2 Sodimm Ddr4 2666 \/ 3200mhz Max 64gb\/soporta Ssd M.2 \/ 2.5 Hdd\/dds \/hdmi \/dp \/ Thunderbolt 4 \/2x Usb 3.2\/ Dual Lan (barebone) + Env\u00edo a domicilio + Pago seguro + Garant\u00eda","breadcrumb":{"@id":"https:\/\/compuviper.mx\/tienda\/producto\/msi-oem-cubi-5-12m-016bus-mini-pc-msi-cubi-core-i7-1255u-hasta-4-70-ghz-soporta-2-sodimm-ddr4-2666-3200mhz-max-64gb-soporta-ssd-m-2-2-5-hdd-dds-hdmi-dp-thunderbolt-4-2x-usb-3-2-dual-lan-b\/#breadcrumb"},"inLanguage":"es-MX","potentialAction":[{"@type":"ReadAction","target":["https:\/\/compuviper.mx\/tienda\/producto\/msi-oem-cubi-5-12m-016bus-mini-pc-msi-cubi-core-i7-1255u-hasta-4-70-ghz-soporta-2-sodimm-ddr4-2666-3200mhz-max-64gb-soporta-ssd-m-2-2-5-hdd-dds-hdmi-dp-thunderbolt-4-2x-usb-3-2-dual-lan-b\/"]}]},{"@type":"BreadcrumbList","@id":"https:\/\/compuviper.mx\/tienda\/producto\/msi-oem-cubi-5-12m-016bus-mini-pc-msi-cubi-core-i7-1255u-hasta-4-70-ghz-soporta-2-sodimm-ddr4-2666-3200mhz-max-64gb-soporta-ssd-m-2-2-5-hdd-dds-hdmi-dp-thunderbolt-4-2x-usb-3-2-dual-lan-b\/#breadcrumb","itemListElement":[{"@type":"ListItem","position":1,"name":"Inicio","item":"https:\/\/compuviper.mx\/tienda\/"},{"@type":"ListItem","position":2,"name":"Productos","item":"https:\/\/compuviper.mx\/tienda\/productos\/"},{"@type":"ListItem","position":3,"name":"Computadoras","item":"https:\/\/compuviper.mx\/tienda\/categoria-producto\/computadoras\/"},{"@type":"ListItem","position":4,"name":"Mini Pc\u00b4s","item":"https:\/\/compuviper.mx\/tienda\/categoria-producto\/computadoras\/mini-pcs\/"},{"@type":"ListItem","position":5,"name":"Msi Oem Cubi 5 12m-016bus Mini Pc Msi Cubi Core I7-1255u Hasta 4.70 Ghz \/soporta 2 Sodimm Ddr4 2666 \/ 3200mhz Max 64gb\/soporta Ssd M.2 \/ 2.5 Hdd\/dds \/hdmi \/dp \/ Thunderbolt 4 \/2x Usb 3.2\/ Dual Lan (barebone)"}]},{"@type":"WebSite","@id":"https:\/\/compuviper.mx\/tienda\/#website","url":"https:\/\/compuviper.mx\/tienda\/","name":"Compuviper","description":"Proveedor de Computadoras, Laptops, Servidores, Monitores, Puntos de Venta, Teclados,   Impresoras, T\u00f3ner, C\u00e1maras de Seguridad y m\u00e1s en tu tienda en l\u00ednea","publisher":{"@id":"https:\/\/compuviper.mx\/tienda\/#organization"},"potentialAction":[{"@type":"SearchAction","target":{"@type":"EntryPoint","urlTemplate":"https:\/\/compuviper.mx\/tienda\/?s={search_term_string}"},"query-input":"required name=search_term_string"}],"inLanguage":"es-MX"},{"@type":"Organization","@id":"https:\/\/compuviper.mx\/tienda\/#organization","name":"Compuviper","url":"https:\/\/compuviper.mx\/tienda\/","logo":{"@type":"ImageObject","inLanguage":"es-MX","@id":"https:\/\/compuviper.mx\/tienda\/#\/schema\/logo\/image\/","url":"https:\/\/compuviper.mx\/tienda\/wp-content\/uploads\/2021\/08\/Logo-Compuviper-10.png","contentUrl":"https:\/\/compuviper.mx\/tienda\/wp-content\/uploads\/2021\/08\/Logo-Compuviper-10.png","width":1000,"height":500,"caption":"Compuviper"},"image":{"@id":"https:\/\/compuviper.mx\/tienda\/#\/schema\/logo\/image\/"},"sameAs":["https:\/\/www.facebook.com\/compuviper","https:\/\/www.youtube.com\/channel\/UCf73dERp9Y3cfOq7q8BhLjA?view_as=subscriber"]}]},"product_brand":"Msi Oem","product_price_amount":"8383","product_price_currency":"MXN","og_availability":"out of stock","product_availability":"out of stock","product_retailer_item_id":"CUBI 5 12M-016BUS","product_condition":"new"},"_links":{"self":[{"href":"https:\/\/compuviper.mx\/tienda\/wp-json\/wp\/v2\/product\/264216"}],"collection":[{"href":"https:\/\/compuviper.mx\/tienda\/wp-json\/wp\/v2\/product"}],"about":[{"href":"https:\/\/compuviper.mx\/tienda\/wp-json\/wp\/v2\/types\/product"}],"replies":[{"embeddable":true,"href":"https:\/\/compuviper.mx\/tienda\/wp-json\/wp\/v2\/comments?post=264216"}],"wp:featuredmedia":[{"embeddable":true,"href":"https:\/\/compuviper.mx\/tienda\/wp-json\/wp\/v2\/media\/264217"}],"wp:attachment":[{"href":"https:\/\/compuviper.mx\/tienda\/wp-json\/wp\/v2\/media?parent=264216"}],"wp:term":[{"taxonomy":"product_cat","embeddable":true,"href":"https:\/\/compuviper.mx\/tienda\/wp-json\/wp\/v2\/product_cat?post=264216"},{"taxonomy":"product_tag","embeddable":true,"href":"https:\/\/compuviper.mx\/tienda\/wp-json\/wp\/v2\/product_tag?post=264216"}],"curies":[{"name":"wp","href":"https:\/\/api.w.org\/{rel}","templated":true}]}}