{"id":264170,"date":"2026-04-18T00:13:19","date_gmt":"2026-04-18T06:13:19","guid":{"rendered":"https:\/\/compuviper.mx\/tienda\/producto\/acteck-ac-943772-gabinete-doom-ultra-mesh-gi750m-mini-torre-fuente-de-poder-atx-500w-incluida-panel-de-cristal-templado-negro\/"},"modified":"2026-04-18T00:13:20","modified_gmt":"2026-04-18T06:13:20","slug":"acteck-ac-943772-gabinete-doom-ultra-mesh-gi750m-mini-torre-micro-atx-mini-itx-fuente-de-poder-atx-500w-incluida-panel-de-cristal-templado-negro","status":"publish","type":"product","link":"https:\/\/compuviper.mx\/tienda\/producto\/acteck-ac-943772-gabinete-doom-ultra-mesh-gi750m-mini-torre-micro-atx-mini-itx-fuente-de-poder-atx-500w-incluida-panel-de-cristal-templado-negro\/","title":{"rendered":"Acteck Ac-943772 Gabinete  Doom Ultra Mesh Gi750m \/ Mini Torre \/ Micro Atx, Mini Itx \/ Fuente De Poder Atx 500w Incluida \/ Panel De Cristal Templado \/ Negro \/"},"content":{"rendered":"<table class=\"descripcion\">\n<tr>\n<td>Ficha tecnica<\/td>\n<\/tr>\n<tr>\n<td>Doom ultra mesh gi750m<\/td>\n<\/tr>\n<tr>\n<td>\u0095modelo: ac-943772<\/td>\n<\/tr>\n<tr>\n<td>\u0095producto: gabinete<\/td>\n<\/tr>\n<tr>\n<td>\u0095color: negro<\/td>\n<\/tr>\n<tr>\n<td>\u0095factor de forma:  mini torre<\/td>\n<\/tr>\n<tr>\n<td>\u0095materiales: exterior- metal \/ plastico \/ cristal templado<\/td>\n<\/tr>\n<tr>\n<td>Panel izquierdo: cristal templadoo<\/td>\n<\/tr>\n<tr>\n<td>Panel derecho: metal<\/td>\n<\/tr>\n<tr>\n<td>Panel frontal: plastico \/ malla<\/td>\n<\/tr>\n<tr>\n<td>Tipo de acero y grosor: spcc 0.4 mm<\/td>\n<\/tr>\n<tr>\n<td>\u0095dimensiones largo x ancho x alto: 29.1 x 16.8 x 35.0 cm<\/td>\n<\/tr>\n<tr>\n<td>\u0095peso: 2.7 kg<\/td>\n<\/tr>\n<tr>\n<td>\u0095soporte tarjeta madre: micro atx \/ mini itx<\/td>\n<\/tr>\n<tr>\n<td>\u0095slots expandibles: 4<\/td>\n<\/tr>\n<tr>\n<td>\u0095bahias para unidades : 3.5 pulgadas hdd-1<\/td>\n<\/tr>\n<tr>\n<td>3.5 pulgadas \/ 2.5 pulgadas combo-1<\/td>\n<\/tr>\n<tr>\n<td>2.5 pulgadas ssd: 1<\/td>\n<\/tr>\n<tr>\n<td>\u0095panel i\/o: puertos usb &#8211; 2x usb 2.0<\/td>\n<\/tr>\n<tr>\n<td>Audio- audio \/ mic<\/td>\n<\/tr>\n<tr>\n<td>\u0095ventiladores: frontal &#8211; 2x 120 mm<\/td>\n<\/tr>\n<tr>\n<td>Trasero &#8211; 1x 80 mm<\/td>\n<\/tr>\n<tr>\n<td>\u0095ventiladores pre instalados: frontal &#8211; 2x 120 mm<\/td>\n<\/tr>\n<tr>\n<td>\u0095informacion de ventiladores pre instalados: velocidad \u0096 1100_ 10 porciento  rpm<\/td>\n<\/tr>\n<tr>\n<td>Flujo de aire &#8211; 32.5 cfm<\/td>\n<\/tr>\n<tr>\n<td>Presion de aire &#8211; 1.16 mmh2o _10 porciento<\/td>\n<\/tr>\n<tr>\n<td>Ruido \u0096 22_10 porciento db<\/td>\n<\/tr>\n<tr>\n<td>Tipo de iluminacion \u0096 frgb<\/td>\n<\/tr>\n<tr>\n<td>Alimentacion \u0096 molex<\/td>\n<\/tr>\n<tr>\n<td>\u0095tolerancias: enfriamiento cpu torre &#8211; 148 mm<\/td>\n<\/tr>\n<tr>\n<td>Tarjetas graficas &#8211; 250 mm<\/td>\n<\/tr>\n<tr>\n<td>\u0095fuente de poder: tipo &#8211; atx 500 w incluida<\/td>\n<\/tr>\n<tr>\n<td>Ubicacion &#8211; parte superior<\/td>\n<\/tr>\n<tr>\n<td>\u0095accesorios: si<\/td>\n<\/tr>\n<tr>\n<td>\u0095boton de reset: si<\/td>\n<\/tr>\n<tr>\n<td>\u0095boton de encendido: si<\/td>\n<\/tr>\n<tr>\n<td>\u0095led hdd: si<\/td>\n<\/tr>\n<\/table>\n","protected":false},"excerpt":{"rendered":"<p>Descripcion comercial. El gabinete acteck doom ultra mesh gi750m es una mini torre micro atx con diseno moderno en cristal templado, ventiladores frgb incluidos y fuente de poder atx de 500w integrada, ideal para configuraciones compactas y eficientes. Descripcion comercial detallada.  Caracteristicas principales. \u0095 formato: mini torre, compatible con tarjetas madre micro atx y mini itx. \u0095 diseno: panel lateral de cristal templado que permite mostrar los componentes internos con estilo gamer. \u0095 ventilacion: incluye 2 ventiladores frgb preinstalados que mejoran la circulacion de aire y aportan iluminacion personalizable. \u0095 fuente de poder: fuente atx de 500w integrada, que garantiza energia estable y segura para configuraciones basicas y de nivel medio. \u0095 construccion: estructura metalica con acabado ultra mesh, que favorece la disipacion termica y mantiene el hardware en condiciones optimas.  Beneficios comerciales. \u0095 flexibilidad de montaje: se adapta a diferentes necesidades de espacio y desempeno, con instalacion sencilla y ordenada. \u0095 estetica gamer: su iluminacion frgb y panel transparente lo convierten en un gabinete atractivo para entusiastas y jugadores. \u0095 seguridad y eficiencia: la fuente de poder incluida reduce costos adicionales y asegura un rendimiento confiable. \u0095 relacion costo-beneficio: una opcion accesible para quienes buscan un<\/p>\n","protected":false},"featured_media":0,"comment_status":"open","ping_status":"open","template":"","meta":[],"product_cat":[1674,1945],"product_tag":[1582],"acf":[],"yoast_head":"<!-- This site is optimized with the Yoast SEO plugin v21.7 - https:\/\/yoast.com\/wordpress\/plugins\/seo\/ -->\n<title>[ Acteck ] &#129351; Ac-943772 Gabinete Doom Ultra Mesh Gi750m \/ Mini Torre \/ Micro Atx, Mini Itx \/ Fuente De Poder Atx 500w Incluida \/ Panel De Cristal Templado \/ Negro \/<\/title>\n<meta name=\"description\" content=\"Compra Ac-943772 Gabinete Doom Ultra Mesh Gi750m \/ Mini Torre \/ Micro Atx, Mini Itx \/ Fuente De Poder Atx 500w Incluida \/ Panel De Cristal Templado \/ Negro \/ + Env\u00edo a domicilio + Pago seguro + Garant\u00eda\" \/>\n<meta name=\"robots\" content=\"index, follow, max-snippet:-1, max-image-preview:large, max-video-preview:-1\" \/>\n<link rel=\"canonical\" href=\"https:\/\/compuviper.mx\/tienda\/producto\/acteck-ac-943772-gabinete-doom-ultra-mesh-gi750m-mini-torre-micro-atx-mini-itx-fuente-de-poder-atx-500w-incluida-panel-de-cristal-templado-negro\/\" \/>\n<meta property=\"og:locale\" content=\"es_MX\" \/>\n<meta property=\"og:type\" content=\"article\" \/>\n<meta property=\"og:title\" content=\"[ Acteck ] &#129351; Ac-943772 Gabinete Doom Ultra Mesh Gi750m \/ Mini Torre \/ Micro Atx, Mini Itx \/ Fuente De Poder Atx 500w Incluida \/ Panel De Cristal Templado \/ Negro \/\" \/>\n<meta property=\"og:description\" content=\"Compra Ac-943772 Gabinete Doom Ultra Mesh Gi750m \/ Mini Torre \/ Micro Atx, Mini Itx \/ Fuente De Poder Atx 500w Incluida \/ Panel De Cristal Templado \/ Negro \/ + Env\u00edo a domicilio + Pago seguro + Garant\u00eda\" \/>\n<meta property=\"og:url\" content=\"https:\/\/compuviper.mx\/tienda\/producto\/acteck-ac-943772-gabinete-doom-ultra-mesh-gi750m-mini-torre-micro-atx-mini-itx-fuente-de-poder-atx-500w-incluida-panel-de-cristal-templado-negro\/\" \/>\n<meta property=\"og:site_name\" content=\"Compuviper\" \/>\n<meta property=\"article:publisher\" content=\"https:\/\/www.facebook.com\/compuviper\" \/>\n<meta property=\"article:modified_time\" content=\"2026-04-18T06:13:20+00:00\" \/>\n<meta name=\"twitter:card\" content=\"summary_large_image\" \/>\n<meta name=\"twitter:label1\" content=\"Precio\" \/>\n\t<meta name=\"twitter:data1\" content=\"&#36;645 con IVA\" \/>\n\t<meta name=\"twitter:label2\" content=\"Availability\" \/>\n\t<meta name=\"twitter:data2\" content=\"In stock\" \/>\n<script type=\"application\/ld+json\" class=\"yoast-schema-graph\">{\"@context\":\"https:\/\/schema.org\",\"@graph\":[{\"@type\":\"WebPage\",\"@id\":\"https:\/\/compuviper.mx\/tienda\/producto\/acteck-ac-943772-gabinete-doom-ultra-mesh-gi750m-mini-torre-micro-atx-mini-itx-fuente-de-poder-atx-500w-incluida-panel-de-cristal-templado-negro\/\",\"url\":\"https:\/\/compuviper.mx\/tienda\/producto\/acteck-ac-943772-gabinete-doom-ultra-mesh-gi750m-mini-torre-micro-atx-mini-itx-fuente-de-poder-atx-500w-incluida-panel-de-cristal-templado-negro\/\",\"name\":\"[ Acteck ] &#129351; Ac-943772 Gabinete Doom Ultra Mesh Gi750m \/ Mini Torre \/ Micro Atx, Mini Itx \/ Fuente De Poder Atx 500w Incluida \/ Panel De Cristal Templado \/ Negro \/\",\"isPartOf\":{\"@id\":\"https:\/\/compuviper.mx\/tienda\/#website\"},\"datePublished\":\"2026-04-18T06:13:19+00:00\",\"dateModified\":\"2026-04-18T06:13:20+00:00\",\"description\":\"Compra Ac-943772 Gabinete Doom Ultra Mesh Gi750m \/ Mini Torre \/ Micro Atx, Mini Itx \/ Fuente De Poder Atx 500w Incluida \/ Panel De Cristal Templado \/ Negro \/ + Env\u00edo a domicilio + Pago seguro + Garant\u00eda\",\"breadcrumb\":{\"@id\":\"https:\/\/compuviper.mx\/tienda\/producto\/acteck-ac-943772-gabinete-doom-ultra-mesh-gi750m-mini-torre-micro-atx-mini-itx-fuente-de-poder-atx-500w-incluida-panel-de-cristal-templado-negro\/#breadcrumb\"},\"inLanguage\":\"es-MX\",\"potentialAction\":[{\"@type\":\"ReadAction\",\"target\":[\"https:\/\/compuviper.mx\/tienda\/producto\/acteck-ac-943772-gabinete-doom-ultra-mesh-gi750m-mini-torre-micro-atx-mini-itx-fuente-de-poder-atx-500w-incluida-panel-de-cristal-templado-negro\/\"]}]},{\"@type\":\"BreadcrumbList\",\"@id\":\"https:\/\/compuviper.mx\/tienda\/producto\/acteck-ac-943772-gabinete-doom-ultra-mesh-gi750m-mini-torre-micro-atx-mini-itx-fuente-de-poder-atx-500w-incluida-panel-de-cristal-templado-negro\/#breadcrumb\",\"itemListElement\":[{\"@type\":\"ListItem\",\"position\":1,\"name\":\"Inicio\",\"item\":\"https:\/\/compuviper.mx\/tienda\/\"},{\"@type\":\"ListItem\",\"position\":2,\"name\":\"Productos\",\"item\":\"https:\/\/compuviper.mx\/tienda\/productos\/\"},{\"@type\":\"ListItem\",\"position\":3,\"name\":\"Gabinetes\",\"item\":\"https:\/\/compuviper.mx\/tienda\/categoria-producto\/gabinetes\/\"},{\"@type\":\"ListItem\",\"position\":4,\"name\":\"Mini Torre\",\"item\":\"https:\/\/compuviper.mx\/tienda\/categoria-producto\/gabinetes\/mini-torre\/\"},{\"@type\":\"ListItem\",\"position\":5,\"name\":\"Acteck Ac-943772 Gabinete Doom Ultra Mesh Gi750m \/ Mini Torre \/ Micro Atx, Mini Itx \/ Fuente De Poder Atx 500w Incluida \/ Panel De Cristal Templado \/ Negro \/\"}]},{\"@type\":\"WebSite\",\"@id\":\"https:\/\/compuviper.mx\/tienda\/#website\",\"url\":\"https:\/\/compuviper.mx\/tienda\/\",\"name\":\"Compuviper\",\"description\":\"Proveedor de Computadoras, Laptops, Servidores, Monitores, Puntos de Venta, Teclados,   Impresoras, T\u00f3ner, C\u00e1maras de Seguridad y m\u00e1s en tu tienda en l\u00ednea\",\"publisher\":{\"@id\":\"https:\/\/compuviper.mx\/tienda\/#organization\"},\"potentialAction\":[{\"@type\":\"SearchAction\",\"target\":{\"@type\":\"EntryPoint\",\"urlTemplate\":\"https:\/\/compuviper.mx\/tienda\/?s={search_term_string}\"},\"query-input\":\"required name=search_term_string\"}],\"inLanguage\":\"es-MX\"},{\"@type\":\"Organization\",\"@id\":\"https:\/\/compuviper.mx\/tienda\/#organization\",\"name\":\"Compuviper\",\"url\":\"https:\/\/compuviper.mx\/tienda\/\",\"logo\":{\"@type\":\"ImageObject\",\"inLanguage\":\"es-MX\",\"@id\":\"https:\/\/compuviper.mx\/tienda\/#\/schema\/logo\/image\/\",\"url\":\"https:\/\/compuviper.mx\/tienda\/wp-content\/uploads\/2021\/08\/Logo-Compuviper-10.png\",\"contentUrl\":\"https:\/\/compuviper.mx\/tienda\/wp-content\/uploads\/2021\/08\/Logo-Compuviper-10.png\",\"width\":1000,\"height\":500,\"caption\":\"Compuviper\"},\"image\":{\"@id\":\"https:\/\/compuviper.mx\/tienda\/#\/schema\/logo\/image\/\"},\"sameAs\":[\"https:\/\/www.facebook.com\/compuviper\",\"https:\/\/www.youtube.com\/channel\/UCf73dERp9Y3cfOq7q8BhLjA?view_as=subscriber\"]}]}<\/script>\n<meta property=\"product:brand\" content=\"ACTECK\" \/>\n<meta property=\"product:price:amount\" content=\"645\" \/>\n<meta property=\"product:price:currency\" content=\"MXN\" \/>\n<meta property=\"og:availability\" content=\"instock\" \/>\n<meta property=\"product:availability\" content=\"instock\" \/>\n<meta property=\"product:retailer_item_id\" content=\"AC-943772\" \/>\n<meta property=\"product:condition\" content=\"new\" \/>\n<!-- \/ Yoast SEO plugin. -->","yoast_head_json":{"title":"[ Acteck ] &#129351; Ac-943772 Gabinete Doom Ultra Mesh Gi750m \/ Mini Torre \/ Micro Atx, Mini Itx \/ Fuente De Poder Atx 500w Incluida \/ Panel De Cristal Templado \/ Negro \/","description":"Compra Ac-943772 Gabinete Doom Ultra Mesh Gi750m \/ Mini Torre \/ Micro Atx, Mini Itx \/ Fuente De Poder Atx 500w Incluida \/ Panel De Cristal Templado \/ Negro \/ + Env\u00edo a domicilio + Pago seguro + Garant\u00eda","robots":{"index":"index","follow":"follow","max-snippet":"max-snippet:-1","max-image-preview":"max-image-preview:large","max-video-preview":"max-video-preview:-1"},"canonical":"https:\/\/compuviper.mx\/tienda\/producto\/acteck-ac-943772-gabinete-doom-ultra-mesh-gi750m-mini-torre-micro-atx-mini-itx-fuente-de-poder-atx-500w-incluida-panel-de-cristal-templado-negro\/","og_locale":"es_MX","og_type":"article","og_title":"[ Acteck ] &#129351; Ac-943772 Gabinete Doom Ultra Mesh Gi750m \/ Mini Torre \/ Micro Atx, Mini Itx \/ Fuente De Poder Atx 500w Incluida \/ Panel De Cristal Templado \/ Negro \/","og_description":"Compra Ac-943772 Gabinete Doom Ultra Mesh Gi750m \/ Mini Torre \/ Micro Atx, Mini Itx \/ Fuente De Poder Atx 500w Incluida \/ Panel De Cristal Templado \/ Negro \/ + Env\u00edo a domicilio + Pago seguro + Garant\u00eda","og_url":"https:\/\/compuviper.mx\/tienda\/producto\/acteck-ac-943772-gabinete-doom-ultra-mesh-gi750m-mini-torre-micro-atx-mini-itx-fuente-de-poder-atx-500w-incluida-panel-de-cristal-templado-negro\/","og_site_name":"Compuviper","article_publisher":"https:\/\/www.facebook.com\/compuviper","article_modified_time":"2026-04-18T06:13:20+00:00","twitter_card":"summary_large_image","twitter_misc":{"Precio":"&#36;645 con IVA","Availability":"In stock"},"schema":{"@context":"https:\/\/schema.org","@graph":[{"@type":"WebPage","@id":"https:\/\/compuviper.mx\/tienda\/producto\/acteck-ac-943772-gabinete-doom-ultra-mesh-gi750m-mini-torre-micro-atx-mini-itx-fuente-de-poder-atx-500w-incluida-panel-de-cristal-templado-negro\/","url":"https:\/\/compuviper.mx\/tienda\/producto\/acteck-ac-943772-gabinete-doom-ultra-mesh-gi750m-mini-torre-micro-atx-mini-itx-fuente-de-poder-atx-500w-incluida-panel-de-cristal-templado-negro\/","name":"[ Acteck ] &#129351; Ac-943772 Gabinete Doom Ultra Mesh Gi750m \/ Mini Torre \/ Micro Atx, Mini Itx \/ Fuente De Poder Atx 500w Incluida \/ Panel De Cristal Templado \/ Negro \/","isPartOf":{"@id":"https:\/\/compuviper.mx\/tienda\/#website"},"datePublished":"2026-04-18T06:13:19+00:00","dateModified":"2026-04-18T06:13:20+00:00","description":"Compra Ac-943772 Gabinete Doom Ultra Mesh Gi750m \/ Mini Torre \/ Micro Atx, Mini Itx \/ Fuente De Poder Atx 500w Incluida \/ Panel De Cristal Templado \/ Negro \/ + Env\u00edo a domicilio + Pago seguro + Garant\u00eda","breadcrumb":{"@id":"https:\/\/compuviper.mx\/tienda\/producto\/acteck-ac-943772-gabinete-doom-ultra-mesh-gi750m-mini-torre-micro-atx-mini-itx-fuente-de-poder-atx-500w-incluida-panel-de-cristal-templado-negro\/#breadcrumb"},"inLanguage":"es-MX","potentialAction":[{"@type":"ReadAction","target":["https:\/\/compuviper.mx\/tienda\/producto\/acteck-ac-943772-gabinete-doom-ultra-mesh-gi750m-mini-torre-micro-atx-mini-itx-fuente-de-poder-atx-500w-incluida-panel-de-cristal-templado-negro\/"]}]},{"@type":"BreadcrumbList","@id":"https:\/\/compuviper.mx\/tienda\/producto\/acteck-ac-943772-gabinete-doom-ultra-mesh-gi750m-mini-torre-micro-atx-mini-itx-fuente-de-poder-atx-500w-incluida-panel-de-cristal-templado-negro\/#breadcrumb","itemListElement":[{"@type":"ListItem","position":1,"name":"Inicio","item":"https:\/\/compuviper.mx\/tienda\/"},{"@type":"ListItem","position":2,"name":"Productos","item":"https:\/\/compuviper.mx\/tienda\/productos\/"},{"@type":"ListItem","position":3,"name":"Gabinetes","item":"https:\/\/compuviper.mx\/tienda\/categoria-producto\/gabinetes\/"},{"@type":"ListItem","position":4,"name":"Mini Torre","item":"https:\/\/compuviper.mx\/tienda\/categoria-producto\/gabinetes\/mini-torre\/"},{"@type":"ListItem","position":5,"name":"Acteck Ac-943772 Gabinete Doom Ultra Mesh Gi750m \/ Mini Torre \/ Micro Atx, Mini Itx \/ Fuente De Poder Atx 500w Incluida \/ Panel De Cristal Templado \/ Negro \/"}]},{"@type":"WebSite","@id":"https:\/\/compuviper.mx\/tienda\/#website","url":"https:\/\/compuviper.mx\/tienda\/","name":"Compuviper","description":"Proveedor de Computadoras, Laptops, Servidores, Monitores, Puntos de Venta, Teclados,   Impresoras, T\u00f3ner, C\u00e1maras de Seguridad y m\u00e1s en tu tienda en l\u00ednea","publisher":{"@id":"https:\/\/compuviper.mx\/tienda\/#organization"},"potentialAction":[{"@type":"SearchAction","target":{"@type":"EntryPoint","urlTemplate":"https:\/\/compuviper.mx\/tienda\/?s={search_term_string}"},"query-input":"required name=search_term_string"}],"inLanguage":"es-MX"},{"@type":"Organization","@id":"https:\/\/compuviper.mx\/tienda\/#organization","name":"Compuviper","url":"https:\/\/compuviper.mx\/tienda\/","logo":{"@type":"ImageObject","inLanguage":"es-MX","@id":"https:\/\/compuviper.mx\/tienda\/#\/schema\/logo\/image\/","url":"https:\/\/compuviper.mx\/tienda\/wp-content\/uploads\/2021\/08\/Logo-Compuviper-10.png","contentUrl":"https:\/\/compuviper.mx\/tienda\/wp-content\/uploads\/2021\/08\/Logo-Compuviper-10.png","width":1000,"height":500,"caption":"Compuviper"},"image":{"@id":"https:\/\/compuviper.mx\/tienda\/#\/schema\/logo\/image\/"},"sameAs":["https:\/\/www.facebook.com\/compuviper","https:\/\/www.youtube.com\/channel\/UCf73dERp9Y3cfOq7q8BhLjA?view_as=subscriber"]}]},"product_brand":"ACTECK","product_price_amount":"645","product_price_currency":"MXN","og_availability":"instock","product_availability":"instock","product_retailer_item_id":"AC-943772","product_condition":"new"},"_links":{"self":[{"href":"https:\/\/compuviper.mx\/tienda\/wp-json\/wp\/v2\/product\/264170"}],"collection":[{"href":"https:\/\/compuviper.mx\/tienda\/wp-json\/wp\/v2\/product"}],"about":[{"href":"https:\/\/compuviper.mx\/tienda\/wp-json\/wp\/v2\/types\/product"}],"replies":[{"embeddable":true,"href":"https:\/\/compuviper.mx\/tienda\/wp-json\/wp\/v2\/comments?post=264170"}],"wp:attachment":[{"href":"https:\/\/compuviper.mx\/tienda\/wp-json\/wp\/v2\/media?parent=264170"}],"wp:term":[{"taxonomy":"product_cat","embeddable":true,"href":"https:\/\/compuviper.mx\/tienda\/wp-json\/wp\/v2\/product_cat?post=264170"},{"taxonomy":"product_tag","embeddable":true,"href":"https:\/\/compuviper.mx\/tienda\/wp-json\/wp\/v2\/product_tag?post=264170"}],"curies":[{"name":"wp","href":"https:\/\/api.w.org\/{rel}","templated":true}]}}