{"id":264147,"date":"2026-04-18T01:49:23","date_gmt":"2026-04-18T07:49:23","guid":{"rendered":"https:\/\/compuviper.mx\/tienda\/producto\/pantum-bm5300adw-multifuncional-ppm-42-laser-monocromatico-usb-wifi-duplex-cama-oficio\/"},"modified":"2026-04-18T01:49:23","modified_gmt":"2026-04-18T07:49:23","slug":"pantum-bm5300adw-multifuncional-ppm-42-laser-monocromatico-usb-wifi-duplex-cama-oficio","status":"publish","type":"product","link":"https:\/\/compuviper.mx\/tienda\/producto\/pantum-bm5300adw-multifuncional-ppm-42-laser-monocromatico-usb-wifi-duplex-cama-oficio\/","title":{"rendered":"Pantum Bm5300adw Multifuncional  , Ppm 42, Laser Monocromatico, Usb, Wifi, Duplex, Cama Oficio"},"content":{"rendered":"<table class=\"descripcion\">\n<tr>\n<td>Ficha tecnica \u0096 pantum bm5300adw<\/td>\n<\/tr>\n<tr>\n<td>Caracteristicas generales<\/td>\n<\/tr>\n<tr>\n<td>\u0095tipo: impresora multifuncional laser monocromatica<\/td>\n<\/tr>\n<tr>\n<td>\u0095procesador: 1.2 ghz<\/td>\n<\/tr>\n<tr>\n<td>\u0095lenguajes de impresion: pcl6 pcl5e, ps<\/td>\n<\/tr>\n<tr>\n<td>\u0095sistema operativo compatible:<\/td>\n<\/tr>\n<tr>\n<td>\u0095windows 7\/8\/8.1\/10\/11 32\/64 bits<\/td>\n<\/tr>\n<tr>\n<td>\u0095windows server 2008\/2012\/2016<\/td>\n<\/tr>\n<tr>\n<td>\u0095mac os, linux<\/td>\n<\/tr>\n<tr>\n<td>\u0095ios 7.0 o superior<\/td>\n<\/tr>\n<tr>\n<td>\u0095android 4.4 o superior<\/td>\n<\/tr>\n<tr>\n<td>Impresion<\/td>\n<\/tr>\n<tr>\n<td>\u0095velocidad de impresion: hasta 42 paginas por minuto a4<\/td>\n<\/tr>\n<tr>\n<td>\u0095resolucion de impresion: 1200  1200 ppp<\/td>\n<\/tr>\n<tr>\n<td>\u0095tiempo de salida de la primera pagina:  5.9 segundos<\/td>\n<\/tr>\n<tr>\n<td>\u0095impresion duplex automatica: si<\/td>\n<\/tr>\n<tr>\n<td>\u0095volumen mensual recomendado: hasta 100,000 paginas<\/td>\n<\/tr>\n<tr>\n<td>Escaneo<\/td>\n<\/tr>\n<tr>\n<td>\u0095tipo de escaner: superficie plana  dadf alimentador automatico duplex<\/td>\n<\/tr>\n<tr>\n<td>\u0095tamano maximo de escaneo: legal<\/td>\n<\/tr>\n<tr>\n<td>\u0095resolucion de escaneo: hasta 2400  2400 ppp<\/td>\n<\/tr>\n<tr>\n<td>Conectividad<\/td>\n<\/tr>\n<tr>\n<td>\u0095interfaz usb:<\/td>\n<\/tr>\n<tr>\n<td>\u0095usb 2.0 de alta velocidad<\/td>\n<\/tr>\n<tr>\n<td>\u0095usb host frontal 1<\/td>\n<\/tr>\n<tr>\n<td>\u0095usb dev posterior 1<\/td>\n<\/tr>\n<tr>\n<td>\u0095red cableada: ethernet 10\/100\/1000base-tx<\/td>\n<\/tr>\n<tr>\n<td>\u0095red inalambrica:<\/td>\n<\/tr>\n<tr>\n<td>\u0095wifi 2.4g\/5g ieee 802.11a\/b\/g\/n<\/td>\n<\/tr>\n<tr>\n<td>\u0095bluetooth<\/td>\n<\/tr>\n<tr>\n<td> pantalla<\/td>\n<\/tr>\n<tr>\n<td>\u0095tipo: pantalla tactil a color<\/td>\n<\/tr>\n<tr>\n<td> consumibles<\/td>\n<\/tr>\n<tr>\n<td>\u0095toner:<\/td>\n<\/tr>\n<tr>\n<td>\u0095tl-b5220 estandar<\/td>\n<\/tr>\n<tr>\n<td>\u0095tl-b5220h alto rendimiento<\/td>\n<\/tr>\n<tr>\n<td>\u0095tl-b5220x extra alto rendimiento<\/td>\n<\/tr>\n<tr>\n<td>\u0095unidad de imagen: dl-b5220<\/td>\n<\/tr>\n<tr>\n<td> otros<\/td>\n<\/tr>\n<tr>\n<td>\u0095numero de parte: bm5300adw_g3<\/td>\n<\/tr>\n<tr>\n<td>\u0095garantia: 36 meses on-site<\/td>\n<\/tr>\n<\/table>\n","protected":false},"excerpt":{"rendered":"<p>Informacion comercial \u0096 pantum bm5300adw. Segmento objetivo. \u0095empresas, instituciones gubernamentales, oficinas con alto volumen de impresion. \u0095ideal para areas administrativas, contables, juridicas y centros de copiado<\/p>\n","protected":false},"featured_media":0,"comment_status":"open","ping_status":"open","template":"","meta":[],"product_cat":[1780,1782],"product_tag":[2177],"acf":[],"yoast_head":"<!-- This site is optimized with the Yoast SEO plugin v21.7 - https:\/\/yoast.com\/wordpress\/plugins\/seo\/ -->\n<title>[ Pantum ] &#129351; Bm5300adw Multifuncional , Ppm 42, Laser Monocromatico, Usb, Wifi, Duplex, Cama Oficio<\/title>\n<meta name=\"description\" content=\"Compra Bm5300adw Multifuncional , Ppm 42, Laser Monocromatico, Usb, Wifi, Duplex, Cama Oficio + Env\u00edo a domicilio + Pago seguro + Garant\u00eda\" \/>\n<meta name=\"robots\" content=\"index, follow, max-snippet:-1, max-image-preview:large, max-video-preview:-1\" \/>\n<link rel=\"canonical\" href=\"https:\/\/compuviper.mx\/tienda\/producto\/pantum-bm5300adw-multifuncional-ppm-42-laser-monocromatico-usb-wifi-duplex-cama-oficio\/\" \/>\n<meta property=\"og:locale\" content=\"es_MX\" \/>\n<meta property=\"og:type\" content=\"article\" \/>\n<meta property=\"og:title\" content=\"[ Pantum ] &#129351; Bm5300adw Multifuncional , Ppm 42, Laser Monocromatico, Usb, Wifi, Duplex, Cama Oficio\" \/>\n<meta property=\"og:description\" content=\"Compra Bm5300adw Multifuncional , Ppm 42, Laser Monocromatico, Usb, Wifi, Duplex, Cama Oficio + Env\u00edo a domicilio + Pago seguro + Garant\u00eda\" \/>\n<meta property=\"og:url\" content=\"https:\/\/compuviper.mx\/tienda\/producto\/pantum-bm5300adw-multifuncional-ppm-42-laser-monocromatico-usb-wifi-duplex-cama-oficio\/\" \/>\n<meta property=\"og:site_name\" content=\"Compuviper\" \/>\n<meta property=\"article:publisher\" content=\"https:\/\/www.facebook.com\/compuviper\" \/>\n<meta name=\"twitter:card\" content=\"summary_large_image\" \/>\n<meta name=\"twitter:label1\" content=\"Precio\" \/>\n\t<meta name=\"twitter:data1\" content=\"&#36;6,172 con IVA\" \/>\n\t<meta name=\"twitter:label2\" content=\"Availability\" \/>\n\t<meta name=\"twitter:data2\" content=\"Out of stock\" \/>\n<script type=\"application\/ld+json\" class=\"yoast-schema-graph\">{\"@context\":\"https:\/\/schema.org\",\"@graph\":[{\"@type\":\"WebPage\",\"@id\":\"https:\/\/compuviper.mx\/tienda\/producto\/pantum-bm5300adw-multifuncional-ppm-42-laser-monocromatico-usb-wifi-duplex-cama-oficio\/\",\"url\":\"https:\/\/compuviper.mx\/tienda\/producto\/pantum-bm5300adw-multifuncional-ppm-42-laser-monocromatico-usb-wifi-duplex-cama-oficio\/\",\"name\":\"[ Pantum ] &#129351; Bm5300adw Multifuncional , Ppm 42, Laser Monocromatico, Usb, Wifi, Duplex, Cama Oficio\",\"isPartOf\":{\"@id\":\"https:\/\/compuviper.mx\/tienda\/#website\"},\"datePublished\":\"2026-04-18T07:49:23+00:00\",\"dateModified\":\"2026-04-18T07:49:23+00:00\",\"description\":\"Compra Bm5300adw Multifuncional , Ppm 42, Laser Monocromatico, Usb, Wifi, Duplex, Cama Oficio + Env\u00edo a domicilio + Pago seguro + Garant\u00eda\",\"breadcrumb\":{\"@id\":\"https:\/\/compuviper.mx\/tienda\/producto\/pantum-bm5300adw-multifuncional-ppm-42-laser-monocromatico-usb-wifi-duplex-cama-oficio\/#breadcrumb\"},\"inLanguage\":\"es-MX\",\"potentialAction\":[{\"@type\":\"ReadAction\",\"target\":[\"https:\/\/compuviper.mx\/tienda\/producto\/pantum-bm5300adw-multifuncional-ppm-42-laser-monocromatico-usb-wifi-duplex-cama-oficio\/\"]}]},{\"@type\":\"BreadcrumbList\",\"@id\":\"https:\/\/compuviper.mx\/tienda\/producto\/pantum-bm5300adw-multifuncional-ppm-42-laser-monocromatico-usb-wifi-duplex-cama-oficio\/#breadcrumb\",\"itemListElement\":[{\"@type\":\"ListItem\",\"position\":1,\"name\":\"Inicio\",\"item\":\"https:\/\/compuviper.mx\/tienda\/\"},{\"@type\":\"ListItem\",\"position\":2,\"name\":\"Productos\",\"item\":\"https:\/\/compuviper.mx\/tienda\/productos\/\"},{\"@type\":\"ListItem\",\"position\":3,\"name\":\"Multifuncionales\",\"item\":\"https:\/\/compuviper.mx\/tienda\/categoria-producto\/multifuncionales\/\"},{\"@type\":\"ListItem\",\"position\":4,\"name\":\"Laser Monocromatica\",\"item\":\"https:\/\/compuviper.mx\/tienda\/categoria-producto\/multifuncionales\/laser-monocromatica\/\"},{\"@type\":\"ListItem\",\"position\":5,\"name\":\"Pantum Bm5300adw Multifuncional , Ppm 42, Laser Monocromatico, Usb, Wifi, Duplex, Cama Oficio\"}]},{\"@type\":\"WebSite\",\"@id\":\"https:\/\/compuviper.mx\/tienda\/#website\",\"url\":\"https:\/\/compuviper.mx\/tienda\/\",\"name\":\"Compuviper\",\"description\":\"Proveedor de Computadoras, Laptops, Servidores, Monitores, Puntos de Venta, Teclados,   Impresoras, T\u00f3ner, C\u00e1maras de Seguridad y m\u00e1s en tu tienda en l\u00ednea\",\"publisher\":{\"@id\":\"https:\/\/compuviper.mx\/tienda\/#organization\"},\"potentialAction\":[{\"@type\":\"SearchAction\",\"target\":{\"@type\":\"EntryPoint\",\"urlTemplate\":\"https:\/\/compuviper.mx\/tienda\/?s={search_term_string}\"},\"query-input\":\"required name=search_term_string\"}],\"inLanguage\":\"es-MX\"},{\"@type\":\"Organization\",\"@id\":\"https:\/\/compuviper.mx\/tienda\/#organization\",\"name\":\"Compuviper\",\"url\":\"https:\/\/compuviper.mx\/tienda\/\",\"logo\":{\"@type\":\"ImageObject\",\"inLanguage\":\"es-MX\",\"@id\":\"https:\/\/compuviper.mx\/tienda\/#\/schema\/logo\/image\/\",\"url\":\"https:\/\/compuviper.mx\/tienda\/wp-content\/uploads\/2021\/08\/Logo-Compuviper-10.png\",\"contentUrl\":\"https:\/\/compuviper.mx\/tienda\/wp-content\/uploads\/2021\/08\/Logo-Compuviper-10.png\",\"width\":1000,\"height\":500,\"caption\":\"Compuviper\"},\"image\":{\"@id\":\"https:\/\/compuviper.mx\/tienda\/#\/schema\/logo\/image\/\"},\"sameAs\":[\"https:\/\/www.facebook.com\/compuviper\",\"https:\/\/www.youtube.com\/channel\/UCf73dERp9Y3cfOq7q8BhLjA?view_as=subscriber\"]}]}<\/script>\n<meta property=\"product:brand\" content=\"Pantum\" \/>\n<meta property=\"product:price:amount\" content=\"6172\" \/>\n<meta property=\"product:price:currency\" content=\"MXN\" \/>\n<meta property=\"og:availability\" content=\"out of stock\" \/>\n<meta property=\"product:availability\" content=\"out of stock\" \/>\n<meta property=\"product:retailer_item_id\" content=\"BM5300ADW\" \/>\n<meta property=\"product:condition\" content=\"new\" \/>\n<!-- \/ Yoast SEO plugin. -->","yoast_head_json":{"title":"[ Pantum ] &#129351; Bm5300adw Multifuncional , Ppm 42, Laser Monocromatico, Usb, Wifi, Duplex, Cama Oficio","description":"Compra Bm5300adw Multifuncional , Ppm 42, Laser Monocromatico, Usb, Wifi, Duplex, Cama Oficio + Env\u00edo a domicilio + Pago seguro + Garant\u00eda","robots":{"index":"index","follow":"follow","max-snippet":"max-snippet:-1","max-image-preview":"max-image-preview:large","max-video-preview":"max-video-preview:-1"},"canonical":"https:\/\/compuviper.mx\/tienda\/producto\/pantum-bm5300adw-multifuncional-ppm-42-laser-monocromatico-usb-wifi-duplex-cama-oficio\/","og_locale":"es_MX","og_type":"article","og_title":"[ Pantum ] &#129351; Bm5300adw Multifuncional , Ppm 42, Laser Monocromatico, Usb, Wifi, Duplex, Cama Oficio","og_description":"Compra Bm5300adw Multifuncional , Ppm 42, Laser Monocromatico, Usb, Wifi, Duplex, Cama Oficio + Env\u00edo a domicilio + Pago seguro + Garant\u00eda","og_url":"https:\/\/compuviper.mx\/tienda\/producto\/pantum-bm5300adw-multifuncional-ppm-42-laser-monocromatico-usb-wifi-duplex-cama-oficio\/","og_site_name":"Compuviper","article_publisher":"https:\/\/www.facebook.com\/compuviper","twitter_card":"summary_large_image","twitter_misc":{"Precio":"&#36;6,172 con IVA","Availability":"Out of stock"},"schema":{"@context":"https:\/\/schema.org","@graph":[{"@type":"WebPage","@id":"https:\/\/compuviper.mx\/tienda\/producto\/pantum-bm5300adw-multifuncional-ppm-42-laser-monocromatico-usb-wifi-duplex-cama-oficio\/","url":"https:\/\/compuviper.mx\/tienda\/producto\/pantum-bm5300adw-multifuncional-ppm-42-laser-monocromatico-usb-wifi-duplex-cama-oficio\/","name":"[ Pantum ] &#129351; Bm5300adw Multifuncional , Ppm 42, Laser Monocromatico, Usb, Wifi, Duplex, Cama Oficio","isPartOf":{"@id":"https:\/\/compuviper.mx\/tienda\/#website"},"datePublished":"2026-04-18T07:49:23+00:00","dateModified":"2026-04-18T07:49:23+00:00","description":"Compra Bm5300adw Multifuncional , Ppm 42, Laser Monocromatico, Usb, Wifi, Duplex, Cama Oficio + Env\u00edo a domicilio + Pago seguro + Garant\u00eda","breadcrumb":{"@id":"https:\/\/compuviper.mx\/tienda\/producto\/pantum-bm5300adw-multifuncional-ppm-42-laser-monocromatico-usb-wifi-duplex-cama-oficio\/#breadcrumb"},"inLanguage":"es-MX","potentialAction":[{"@type":"ReadAction","target":["https:\/\/compuviper.mx\/tienda\/producto\/pantum-bm5300adw-multifuncional-ppm-42-laser-monocromatico-usb-wifi-duplex-cama-oficio\/"]}]},{"@type":"BreadcrumbList","@id":"https:\/\/compuviper.mx\/tienda\/producto\/pantum-bm5300adw-multifuncional-ppm-42-laser-monocromatico-usb-wifi-duplex-cama-oficio\/#breadcrumb","itemListElement":[{"@type":"ListItem","position":1,"name":"Inicio","item":"https:\/\/compuviper.mx\/tienda\/"},{"@type":"ListItem","position":2,"name":"Productos","item":"https:\/\/compuviper.mx\/tienda\/productos\/"},{"@type":"ListItem","position":3,"name":"Multifuncionales","item":"https:\/\/compuviper.mx\/tienda\/categoria-producto\/multifuncionales\/"},{"@type":"ListItem","position":4,"name":"Laser Monocromatica","item":"https:\/\/compuviper.mx\/tienda\/categoria-producto\/multifuncionales\/laser-monocromatica\/"},{"@type":"ListItem","position":5,"name":"Pantum Bm5300adw Multifuncional , Ppm 42, Laser Monocromatico, Usb, Wifi, Duplex, Cama Oficio"}]},{"@type":"WebSite","@id":"https:\/\/compuviper.mx\/tienda\/#website","url":"https:\/\/compuviper.mx\/tienda\/","name":"Compuviper","description":"Proveedor de Computadoras, Laptops, Servidores, Monitores, Puntos de Venta, Teclados,   Impresoras, T\u00f3ner, C\u00e1maras de Seguridad y m\u00e1s en tu tienda en l\u00ednea","publisher":{"@id":"https:\/\/compuviper.mx\/tienda\/#organization"},"potentialAction":[{"@type":"SearchAction","target":{"@type":"EntryPoint","urlTemplate":"https:\/\/compuviper.mx\/tienda\/?s={search_term_string}"},"query-input":"required name=search_term_string"}],"inLanguage":"es-MX"},{"@type":"Organization","@id":"https:\/\/compuviper.mx\/tienda\/#organization","name":"Compuviper","url":"https:\/\/compuviper.mx\/tienda\/","logo":{"@type":"ImageObject","inLanguage":"es-MX","@id":"https:\/\/compuviper.mx\/tienda\/#\/schema\/logo\/image\/","url":"https:\/\/compuviper.mx\/tienda\/wp-content\/uploads\/2021\/08\/Logo-Compuviper-10.png","contentUrl":"https:\/\/compuviper.mx\/tienda\/wp-content\/uploads\/2021\/08\/Logo-Compuviper-10.png","width":1000,"height":500,"caption":"Compuviper"},"image":{"@id":"https:\/\/compuviper.mx\/tienda\/#\/schema\/logo\/image\/"},"sameAs":["https:\/\/www.facebook.com\/compuviper","https:\/\/www.youtube.com\/channel\/UCf73dERp9Y3cfOq7q8BhLjA?view_as=subscriber"]}]},"product_brand":"Pantum","product_price_amount":"6172","product_price_currency":"MXN","og_availability":"out of stock","product_availability":"out of stock","product_retailer_item_id":"BM5300ADW","product_condition":"new"},"_links":{"self":[{"href":"https:\/\/compuviper.mx\/tienda\/wp-json\/wp\/v2\/product\/264147"}],"collection":[{"href":"https:\/\/compuviper.mx\/tienda\/wp-json\/wp\/v2\/product"}],"about":[{"href":"https:\/\/compuviper.mx\/tienda\/wp-json\/wp\/v2\/types\/product"}],"replies":[{"embeddable":true,"href":"https:\/\/compuviper.mx\/tienda\/wp-json\/wp\/v2\/comments?post=264147"}],"wp:attachment":[{"href":"https:\/\/compuviper.mx\/tienda\/wp-json\/wp\/v2\/media?parent=264147"}],"wp:term":[{"taxonomy":"product_cat","embeddable":true,"href":"https:\/\/compuviper.mx\/tienda\/wp-json\/wp\/v2\/product_cat?post=264147"},{"taxonomy":"product_tag","embeddable":true,"href":"https:\/\/compuviper.mx\/tienda\/wp-json\/wp\/v2\/product_tag?post=264147"}],"curies":[{"name":"wp","href":"https:\/\/api.w.org\/{rel}","templated":true}]}}