{"id":264144,"date":"2026-04-02T00:59:45","date_gmt":"2026-04-02T06:59:45","guid":{"rendered":"https:\/\/compuviper.mx\/tienda\/producto\/varios-k72359ww-kensington-expert-mouse-wireless-trackbal\/"},"modified":"2026-04-02T00:59:45","modified_gmt":"2026-04-02T06:59:45","slug":"varios-k72359ww-kensington-expert-mouse-wireless-trackbal","status":"publish","type":"product","link":"https:\/\/compuviper.mx\/tienda\/producto\/varios-k72359ww-kensington-expert-mouse-wireless-trackbal\/","title":{"rendered":"Varios K72359ww Kensington \/expert Mouse Wireless Trackbal \/"},"content":{"rendered":"<table class=\"descripcion\">\n<tr>\n<td>Caracter\u00edsticas:<\/td>\n<\/tr>\n<tr>\n<td>Este producto est\u00e1 dise\u00f1ado para adaptarse c\u00f3modamente a usuarios con manos de tama\u00f1o promedio a<\/td>\n<\/tr>\n<tr>\n<td>Grande.<\/td>\n<\/tr>\n<tr>\n<td>Especificaciones<\/td>\n<\/tr>\n<tr>\n<td>Sistema(s) operativo(s)    chrome os, macos, windows<\/td>\n<\/tr>\n<tr>\n<td>Color                                 negro<\/td>\n<\/tr>\n<tr>\n<td>Compatibilidad<\/td>\n<\/tr>\n<tr>\n<td>Chrome os 44 o posterior, macos<\/td>\n<\/tr>\n<tr>\n<td>10.10 o posterior, macos 10.13 o<\/td>\n<\/tr>\n<tr>\n<td>Posterior, macos 10.8, macos 10.9,<\/td>\n<\/tr>\n<tr>\n<td>Macos 10.9 o posterior, macos x<\/td>\n<\/tr>\n<tr>\n<td>10.11, windows 10, windows 11,<\/td>\n<\/tr>\n<tr>\n<td>Windows 7<\/td>\n<\/tr>\n<tr>\n<td>\u0095 conectividad bluetooth\u00ae le, inal\u00e1mbrico, receptor usb de 2,4 ghz<\/td>\n<\/tr>\n<tr>\n<td>\u0095 controles anillo de desplazamiento, programable<\/td>\n<\/tr>\n<tr>\n<td>\u0095 ppp 400<\/td>\n<\/tr>\n<tr>\n<td>\u0095 funciones<\/td>\n<\/tr>\n<tr>\n<td>Dise\u00f1o ambidiestro, dise\u00f1o ambidiestro,<\/td>\n<\/tr>\n<tr>\n<td>Dise\u00f1o ambidiestro, dise\u00f1o ambidiestro,<\/td>\n<\/tr>\n<tr>\n<td>Dise\u00f1o ambidiestro, dise\u00f1o ambidiestro,<\/td>\n<\/tr>\n<tr>\n<td>Dise\u00f1o ambidiestro, dise\u00f1o ambidiestro,<\/td>\n<\/tr>\n<tr>\n<td>Dise\u00f1o ambidiestro, dise\u00f1o ambidiestro<\/td>\n<\/tr>\n<tr>\n<td>\u0095 certificado para designed for microsoft surface<\/td>\n<\/tr>\n<tr>\n<td>Informaci\u00f3n del producto: 0.60kg<\/td>\n<\/tr>\n<tr>\n<td>Informaci\u00f3n del packing del producto<\/td>\n<\/tr>\n<tr>\n<td>Profundo                            180mm<\/td>\n<\/tr>\n<tr>\n<td>Ancho                                 100mm<\/td>\n<\/tr>\n<tr>\n<td>Alto                                      255mm<\/td>\n<\/tr>\n<tr>\n<td>Peso bruto                          0.64 kg<\/td>\n<\/tr>\n<tr>\n<td>Upc #                           085896723592<\/td>\n<\/tr>\n<tr>\n<td>Unidad de cantidad 1<\/td>\n<\/tr>\n<tr>\n<td>Per\u00edodo de garant\u00eda 3 a\u00f1os<\/td>\n<\/tr>\n<\/table>\n","protected":false},"excerpt":{"rendered":"<p>El trackball inal\u00e1mbrico expert mouse le da libertad de ser altamente productivo sin estar limitado por un cable. Usb. El trackball se puede conectar mediante bluetooth\u00ae 4.0 le para ahorrar un valioso puerto usb o conectado. Mediante un nanoreceptor usb. El software de trackballworkstm ofrece una personalizaci\u00f3n incre\u00edble y una. Tecnolog\u00eda de seguimiento \u00f3ptico que ofrece un control del cursor preciso y suave. Adem\u00e1s, nuestro galardonado. Scroll ring le permite subir y bajar r\u00e1pidamente por las p\u00e1ginas web y documentos de gran tama\u00f1o. Sume todo. Esto y obtendr\u00e1 una comodidad y facilidad de uso excepcionales de la empresa que lleva m\u00e1s de 30 a\u00f1os. Marcando el est\u00e1ndar de trackballs del sector.<\/p>\n","protected":false},"featured_media":0,"comment_status":"open","ping_status":"open","template":"","meta":[],"product_cat":[1748,2157],"product_tag":[1878],"acf":[],"yoast_head":"<!-- This site is optimized with the Yoast SEO plugin v21.7 - https:\/\/yoast.com\/wordpress\/plugins\/seo\/ -->\n<title>[ Varios ] &#129351; K72359ww Kensington \/expert Mouse Wireless Trackbal \/<\/title>\n<meta name=\"description\" content=\"Compra K72359ww Kensington \/expert Mouse Wireless Trackbal \/ + Env\u00edo a domicilio + Pago seguro + Garant\u00eda\" \/>\n<meta name=\"robots\" content=\"index, follow, max-snippet:-1, max-image-preview:large, max-video-preview:-1\" \/>\n<link rel=\"canonical\" href=\"https:\/\/compuviper.mx\/tienda\/producto\/varios-k72359ww-kensington-expert-mouse-wireless-trackbal\/\" \/>\n<meta property=\"og:locale\" content=\"es_MX\" \/>\n<meta property=\"og:type\" content=\"article\" \/>\n<meta property=\"og:title\" content=\"[ Varios ] &#129351; K72359ww Kensington \/expert Mouse Wireless Trackbal \/\" \/>\n<meta property=\"og:description\" content=\"Compra K72359ww Kensington \/expert Mouse Wireless Trackbal \/ + Env\u00edo a domicilio + Pago seguro + Garant\u00eda\" \/>\n<meta property=\"og:url\" content=\"https:\/\/compuviper.mx\/tienda\/producto\/varios-k72359ww-kensington-expert-mouse-wireless-trackbal\/\" \/>\n<meta property=\"og:site_name\" content=\"Compuviper\" \/>\n<meta property=\"article:publisher\" content=\"https:\/\/www.facebook.com\/compuviper\" \/>\n<meta name=\"twitter:card\" content=\"summary_large_image\" \/>\n<meta name=\"twitter:label1\" content=\"Precio\" \/>\n\t<meta name=\"twitter:data1\" content=\"&#36;822 con IVA\" \/>\n\t<meta name=\"twitter:label2\" content=\"Availability\" \/>\n\t<meta name=\"twitter:data2\" content=\"Out of stock\" \/>\n<script type=\"application\/ld+json\" class=\"yoast-schema-graph\">{\"@context\":\"https:\/\/schema.org\",\"@graph\":[{\"@type\":\"WebPage\",\"@id\":\"https:\/\/compuviper.mx\/tienda\/producto\/varios-k72359ww-kensington-expert-mouse-wireless-trackbal\/\",\"url\":\"https:\/\/compuviper.mx\/tienda\/producto\/varios-k72359ww-kensington-expert-mouse-wireless-trackbal\/\",\"name\":\"[ Varios ] &#129351; K72359ww Kensington \/expert Mouse Wireless Trackbal \/\",\"isPartOf\":{\"@id\":\"https:\/\/compuviper.mx\/tienda\/#website\"},\"datePublished\":\"2026-04-02T06:59:45+00:00\",\"dateModified\":\"2026-04-02T06:59:45+00:00\",\"description\":\"Compra K72359ww Kensington \/expert Mouse Wireless Trackbal \/ + Env\u00edo a domicilio + Pago seguro + Garant\u00eda\",\"breadcrumb\":{\"@id\":\"https:\/\/compuviper.mx\/tienda\/producto\/varios-k72359ww-kensington-expert-mouse-wireless-trackbal\/#breadcrumb\"},\"inLanguage\":\"es-MX\",\"potentialAction\":[{\"@type\":\"ReadAction\",\"target\":[\"https:\/\/compuviper.mx\/tienda\/producto\/varios-k72359ww-kensington-expert-mouse-wireless-trackbal\/\"]}]},{\"@type\":\"BreadcrumbList\",\"@id\":\"https:\/\/compuviper.mx\/tienda\/producto\/varios-k72359ww-kensington-expert-mouse-wireless-trackbal\/#breadcrumb\",\"itemListElement\":[{\"@type\":\"ListItem\",\"position\":1,\"name\":\"Inicio\",\"item\":\"https:\/\/compuviper.mx\/tienda\/\"},{\"@type\":\"ListItem\",\"position\":2,\"name\":\"Productos\",\"item\":\"https:\/\/compuviper.mx\/tienda\/productos\/\"},{\"@type\":\"ListItem\",\"position\":3,\"name\":\"Mouse\",\"item\":\"https:\/\/compuviper.mx\/tienda\/categoria-producto\/mouse\/\"},{\"@type\":\"ListItem\",\"position\":4,\"name\":\"Scroll\",\"item\":\"https:\/\/compuviper.mx\/tienda\/categoria-producto\/mouse\/scroll\/\"},{\"@type\":\"ListItem\",\"position\":5,\"name\":\"Varios K72359ww Kensington \/expert Mouse Wireless Trackbal \/\"}]},{\"@type\":\"WebSite\",\"@id\":\"https:\/\/compuviper.mx\/tienda\/#website\",\"url\":\"https:\/\/compuviper.mx\/tienda\/\",\"name\":\"Compuviper\",\"description\":\"Proveedor de Computadoras, Laptops, Servidores, Monitores, Puntos de Venta, Teclados,   Impresoras, T\u00f3ner, C\u00e1maras de Seguridad y m\u00e1s en tu tienda en l\u00ednea\",\"publisher\":{\"@id\":\"https:\/\/compuviper.mx\/tienda\/#organization\"},\"potentialAction\":[{\"@type\":\"SearchAction\",\"target\":{\"@type\":\"EntryPoint\",\"urlTemplate\":\"https:\/\/compuviper.mx\/tienda\/?s={search_term_string}\"},\"query-input\":\"required name=search_term_string\"}],\"inLanguage\":\"es-MX\"},{\"@type\":\"Organization\",\"@id\":\"https:\/\/compuviper.mx\/tienda\/#organization\",\"name\":\"Compuviper\",\"url\":\"https:\/\/compuviper.mx\/tienda\/\",\"logo\":{\"@type\":\"ImageObject\",\"inLanguage\":\"es-MX\",\"@id\":\"https:\/\/compuviper.mx\/tienda\/#\/schema\/logo\/image\/\",\"url\":\"https:\/\/compuviper.mx\/tienda\/wp-content\/uploads\/2021\/08\/Logo-Compuviper-10.png\",\"contentUrl\":\"https:\/\/compuviper.mx\/tienda\/wp-content\/uploads\/2021\/08\/Logo-Compuviper-10.png\",\"width\":1000,\"height\":500,\"caption\":\"Compuviper\"},\"image\":{\"@id\":\"https:\/\/compuviper.mx\/tienda\/#\/schema\/logo\/image\/\"},\"sameAs\":[\"https:\/\/www.facebook.com\/compuviper\",\"https:\/\/www.youtube.com\/channel\/UCf73dERp9Y3cfOq7q8BhLjA?view_as=subscriber\"]}]}<\/script>\n<meta property=\"product:brand\" content=\"VARIOS\" \/>\n<meta property=\"product:price:amount\" content=\"822\" \/>\n<meta property=\"product:price:currency\" content=\"MXN\" \/>\n<meta property=\"og:availability\" content=\"out of stock\" \/>\n<meta property=\"product:availability\" content=\"out of stock\" \/>\n<meta property=\"product:retailer_item_id\" content=\"K72359WW\" \/>\n<meta property=\"product:condition\" content=\"new\" \/>\n<!-- \/ Yoast SEO plugin. -->","yoast_head_json":{"title":"[ Varios ] &#129351; K72359ww Kensington \/expert Mouse Wireless Trackbal \/","description":"Compra K72359ww Kensington \/expert Mouse Wireless Trackbal \/ + Env\u00edo a domicilio + Pago seguro + Garant\u00eda","robots":{"index":"index","follow":"follow","max-snippet":"max-snippet:-1","max-image-preview":"max-image-preview:large","max-video-preview":"max-video-preview:-1"},"canonical":"https:\/\/compuviper.mx\/tienda\/producto\/varios-k72359ww-kensington-expert-mouse-wireless-trackbal\/","og_locale":"es_MX","og_type":"article","og_title":"[ Varios ] &#129351; K72359ww Kensington \/expert Mouse Wireless Trackbal \/","og_description":"Compra K72359ww Kensington \/expert Mouse Wireless Trackbal \/ + Env\u00edo a domicilio + Pago seguro + Garant\u00eda","og_url":"https:\/\/compuviper.mx\/tienda\/producto\/varios-k72359ww-kensington-expert-mouse-wireless-trackbal\/","og_site_name":"Compuviper","article_publisher":"https:\/\/www.facebook.com\/compuviper","twitter_card":"summary_large_image","twitter_misc":{"Precio":"&#36;822 con IVA","Availability":"Out of stock"},"schema":{"@context":"https:\/\/schema.org","@graph":[{"@type":"WebPage","@id":"https:\/\/compuviper.mx\/tienda\/producto\/varios-k72359ww-kensington-expert-mouse-wireless-trackbal\/","url":"https:\/\/compuviper.mx\/tienda\/producto\/varios-k72359ww-kensington-expert-mouse-wireless-trackbal\/","name":"[ Varios ] &#129351; K72359ww Kensington \/expert Mouse Wireless Trackbal \/","isPartOf":{"@id":"https:\/\/compuviper.mx\/tienda\/#website"},"datePublished":"2026-04-02T06:59:45+00:00","dateModified":"2026-04-02T06:59:45+00:00","description":"Compra K72359ww Kensington \/expert Mouse Wireless Trackbal \/ + Env\u00edo a domicilio + Pago seguro + Garant\u00eda","breadcrumb":{"@id":"https:\/\/compuviper.mx\/tienda\/producto\/varios-k72359ww-kensington-expert-mouse-wireless-trackbal\/#breadcrumb"},"inLanguage":"es-MX","potentialAction":[{"@type":"ReadAction","target":["https:\/\/compuviper.mx\/tienda\/producto\/varios-k72359ww-kensington-expert-mouse-wireless-trackbal\/"]}]},{"@type":"BreadcrumbList","@id":"https:\/\/compuviper.mx\/tienda\/producto\/varios-k72359ww-kensington-expert-mouse-wireless-trackbal\/#breadcrumb","itemListElement":[{"@type":"ListItem","position":1,"name":"Inicio","item":"https:\/\/compuviper.mx\/tienda\/"},{"@type":"ListItem","position":2,"name":"Productos","item":"https:\/\/compuviper.mx\/tienda\/productos\/"},{"@type":"ListItem","position":3,"name":"Mouse","item":"https:\/\/compuviper.mx\/tienda\/categoria-producto\/mouse\/"},{"@type":"ListItem","position":4,"name":"Scroll","item":"https:\/\/compuviper.mx\/tienda\/categoria-producto\/mouse\/scroll\/"},{"@type":"ListItem","position":5,"name":"Varios K72359ww Kensington \/expert Mouse Wireless Trackbal \/"}]},{"@type":"WebSite","@id":"https:\/\/compuviper.mx\/tienda\/#website","url":"https:\/\/compuviper.mx\/tienda\/","name":"Compuviper","description":"Proveedor de Computadoras, Laptops, Servidores, Monitores, Puntos de Venta, Teclados,   Impresoras, T\u00f3ner, C\u00e1maras de Seguridad y m\u00e1s en tu tienda en l\u00ednea","publisher":{"@id":"https:\/\/compuviper.mx\/tienda\/#organization"},"potentialAction":[{"@type":"SearchAction","target":{"@type":"EntryPoint","urlTemplate":"https:\/\/compuviper.mx\/tienda\/?s={search_term_string}"},"query-input":"required name=search_term_string"}],"inLanguage":"es-MX"},{"@type":"Organization","@id":"https:\/\/compuviper.mx\/tienda\/#organization","name":"Compuviper","url":"https:\/\/compuviper.mx\/tienda\/","logo":{"@type":"ImageObject","inLanguage":"es-MX","@id":"https:\/\/compuviper.mx\/tienda\/#\/schema\/logo\/image\/","url":"https:\/\/compuviper.mx\/tienda\/wp-content\/uploads\/2021\/08\/Logo-Compuviper-10.png","contentUrl":"https:\/\/compuviper.mx\/tienda\/wp-content\/uploads\/2021\/08\/Logo-Compuviper-10.png","width":1000,"height":500,"caption":"Compuviper"},"image":{"@id":"https:\/\/compuviper.mx\/tienda\/#\/schema\/logo\/image\/"},"sameAs":["https:\/\/www.facebook.com\/compuviper","https:\/\/www.youtube.com\/channel\/UCf73dERp9Y3cfOq7q8BhLjA?view_as=subscriber"]}]},"product_brand":"VARIOS","product_price_amount":"822","product_price_currency":"MXN","og_availability":"out of stock","product_availability":"out of stock","product_retailer_item_id":"K72359WW","product_condition":"new"},"_links":{"self":[{"href":"https:\/\/compuviper.mx\/tienda\/wp-json\/wp\/v2\/product\/264144"}],"collection":[{"href":"https:\/\/compuviper.mx\/tienda\/wp-json\/wp\/v2\/product"}],"about":[{"href":"https:\/\/compuviper.mx\/tienda\/wp-json\/wp\/v2\/types\/product"}],"replies":[{"embeddable":true,"href":"https:\/\/compuviper.mx\/tienda\/wp-json\/wp\/v2\/comments?post=264144"}],"wp:attachment":[{"href":"https:\/\/compuviper.mx\/tienda\/wp-json\/wp\/v2\/media?parent=264144"}],"wp:term":[{"taxonomy":"product_cat","embeddable":true,"href":"https:\/\/compuviper.mx\/tienda\/wp-json\/wp\/v2\/product_cat?post=264144"},{"taxonomy":"product_tag","embeddable":true,"href":"https:\/\/compuviper.mx\/tienda\/wp-json\/wp\/v2\/product_tag?post=264144"}],"curies":[{"name":"wp","href":"https:\/\/api.w.org\/{rel}","templated":true}]}}