{"id":264142,"date":"2026-04-02T00:47:11","date_gmt":"2026-04-02T06:47:11","guid":{"rendered":"https:\/\/compuviper.mx\/tienda\/producto\/balam-rush-br-943604-gamepad-gamer-fury-pro-as900-control-arcade-alambrico-compatible-ps4-ps3-ns-android-ios-pc-recargable-1000-mah-control-joystick-blanco\/"},"modified":"2026-04-02T00:47:12","modified_gmt":"2026-04-02T06:47:12","slug":"balam-rush-br-943604-gamepad-gamer-fury-pro-as900-control-arcade-alambrico-compatible-ps4-ps3-ns-android-ios-pc-recargable-1000-mah-control-joystick-blanco","status":"publish","type":"product","link":"https:\/\/compuviper.mx\/tienda\/producto\/balam-rush-br-943604-gamepad-gamer-fury-pro-as900-control-arcade-alambrico-compatible-ps4-ps3-ns-android-ios-pc-recargable-1000-mah-control-joystick-blanco\/","title":{"rendered":"Balam Rush Br-943604 Gamepad Gamer  Fury Pro As900 \/ Control Arcade \/ Alambrico \/ Compatible Ps4, Ps3, Ns, Android, Ios, Pc \/ Recargable 1000 Mah \/control Joystick \/ Blanco \/"},"content":{"rendered":"<table class=\"descripcion\">\n<tr>\n<td>Ficha tecnica<\/td>\n<\/tr>\n<tr>\n<td>Control arcade fury pro as900<\/td>\n<\/tr>\n<tr>\n<td>\u0095 modelo: br-943604<\/td>\n<\/tr>\n<tr>\n<td>\u0095 producto: control joystick<\/td>\n<\/tr>\n<tr>\n<td>\u0095 materiales: abs<\/td>\n<\/tr>\n<tr>\n<td>\u0095 dimensiones (l x w x h): 29.5 x 19.5 x 10.8 cm<\/td>\n<\/tr>\n<tr>\n<td>\u0095 peso: 1.4 kg<\/td>\n<\/tr>\n<tr>\n<td>\u0095 compatibilidad: ps4\/ps3\/ns\/android\/ios\/pc<\/td>\n<\/tr>\n<tr>\n<td>\u0095 conexion: bt 5.0 \/ 2.4 ghz \/ alambrico<\/td>\n<\/tr>\n<tr>\n<td>\u0095 rango: 8 m<\/td>\n<\/tr>\n<tr>\n<td>\u0095 tiempo de carga: 3-3.5 horas<\/td>\n<\/tr>\n<tr>\n<td>\u0095 tiempo de trabajo: 6-10 horas<\/td>\n<\/tr>\n<tr>\n<td>\u0095 iluminacion: rgb<\/td>\n<\/tr>\n<tr>\n<td>\u0095 alimentacion: v- 1 a<\/td>\n<\/tr>\n<tr>\n<td>\u0095 bateria: recargable 1000 ma<\/td>\n<\/tr>\n<tr>\n<td>\u0095 puerto de carga: type-c<\/td>\n<\/tr>\n<tr>\n<td>\u0095 funciones adicionales: pantalla digital de configuracion<\/td>\n<\/tr>\n<tr>\n<td>Palanca 360 grados  de acero<\/td>\n<\/tr>\n<tr>\n<td>Botones tipo switch \/ base con ventosas<\/td>\n<\/tr>\n<tr>\n<td>Descansa munecas antideslizante<\/td>\n<\/tr>\n<\/table>\n","protected":false},"excerpt":{"rendered":"<p>\u0095 diseno arcade clasico: el aspecto mas distintivo del as900 es su formato de stick arcade, con una palanca de mando grande y botones frontales prominentes, disenado especificamente para juegos de lucha y titulos retro. \u0095 conectividad versatil: es un dispositivo hibrido, permitiendo conexion alambrica (usb-c) e inalambrica (bluetooth 5.0). \u0095 multiplataforma: compatible con una amplia gama de sistemas: pc, consolas (como nintendo switch) y dispositivos moviles android e ios.<\/p>\n","protected":false},"featured_media":0,"comment_status":"open","ping_status":"open","template":"","meta":[],"product_cat":[1738,1739],"product_tag":[2097],"acf":[],"yoast_head":"<!-- This site is optimized with the Yoast SEO plugin v21.7 - https:\/\/yoast.com\/wordpress\/plugins\/seo\/ -->\n<title>[ Balam Rush ] &#129351; Br-943604 Gamepad Gamer Fury Pro As900 \/ Control Arcade \/ Alambrico \/ Compatible Ps4, Ps3, Ns, Android, Ios, Pc \/ Recargable 1000 Mah \/control Joystick \/ Blanco \/<\/title>\n<meta name=\"description\" content=\"Compra Br-943604 Gamepad Gamer Fury Pro As900 \/ Control Arcade \/ Alambrico \/ Compatible Ps4, Ps3, Ns, Android, Ios, Pc \/ Recargable 1000 Mah \/control Joystick \/ Blanco \/ + Env\u00edo a domicilio + Pago seguro + Garant\u00eda\" \/>\n<meta name=\"robots\" content=\"index, follow, max-snippet:-1, max-image-preview:large, max-video-preview:-1\" \/>\n<link rel=\"canonical\" href=\"https:\/\/compuviper.mx\/tienda\/producto\/balam-rush-br-943604-gamepad-gamer-fury-pro-as900-control-arcade-alambrico-compatible-ps4-ps3-ns-android-ios-pc-recargable-1000-mah-control-joystick-blanco\/\" \/>\n<meta property=\"og:locale\" content=\"es_MX\" \/>\n<meta property=\"og:type\" content=\"article\" \/>\n<meta property=\"og:title\" content=\"[ Balam Rush ] &#129351; Br-943604 Gamepad Gamer Fury Pro As900 \/ Control Arcade \/ Alambrico \/ Compatible Ps4, Ps3, Ns, Android, Ios, Pc \/ Recargable 1000 Mah \/control Joystick \/ Blanco \/\" \/>\n<meta property=\"og:description\" content=\"Compra Br-943604 Gamepad Gamer Fury Pro As900 \/ Control Arcade \/ Alambrico \/ Compatible Ps4, Ps3, Ns, Android, Ios, Pc \/ Recargable 1000 Mah \/control Joystick \/ Blanco \/ + Env\u00edo a domicilio + Pago seguro + Garant\u00eda\" \/>\n<meta property=\"og:url\" content=\"https:\/\/compuviper.mx\/tienda\/producto\/balam-rush-br-943604-gamepad-gamer-fury-pro-as900-control-arcade-alambrico-compatible-ps4-ps3-ns-android-ios-pc-recargable-1000-mah-control-joystick-blanco\/\" \/>\n<meta property=\"og:site_name\" content=\"Compuviper\" \/>\n<meta property=\"article:publisher\" content=\"https:\/\/www.facebook.com\/compuviper\" \/>\n<meta property=\"article:modified_time\" content=\"2026-04-02T06:47:12+00:00\" \/>\n<meta name=\"twitter:card\" content=\"summary_large_image\" \/>\n<meta name=\"twitter:label1\" content=\"Precio\" \/>\n\t<meta name=\"twitter:data1\" content=\"&#36;1,194 &#36;1,015 con IVA\" \/>\n\t<meta name=\"twitter:label2\" content=\"Availability\" \/>\n\t<meta name=\"twitter:data2\" content=\"Out of stock\" \/>\n<script type=\"application\/ld+json\" class=\"yoast-schema-graph\">{\"@context\":\"https:\/\/schema.org\",\"@graph\":[{\"@type\":\"WebPage\",\"@id\":\"https:\/\/compuviper.mx\/tienda\/producto\/balam-rush-br-943604-gamepad-gamer-fury-pro-as900-control-arcade-alambrico-compatible-ps4-ps3-ns-android-ios-pc-recargable-1000-mah-control-joystick-blanco\/\",\"url\":\"https:\/\/compuviper.mx\/tienda\/producto\/balam-rush-br-943604-gamepad-gamer-fury-pro-as900-control-arcade-alambrico-compatible-ps4-ps3-ns-android-ios-pc-recargable-1000-mah-control-joystick-blanco\/\",\"name\":\"[ Balam Rush ] &#129351; Br-943604 Gamepad Gamer Fury Pro As900 \/ Control Arcade \/ Alambrico \/ Compatible Ps4, Ps3, Ns, Android, Ios, Pc \/ Recargable 1000 Mah \/control Joystick \/ Blanco \/\",\"isPartOf\":{\"@id\":\"https:\/\/compuviper.mx\/tienda\/#website\"},\"datePublished\":\"2026-04-02T06:47:11+00:00\",\"dateModified\":\"2026-04-02T06:47:12+00:00\",\"description\":\"Compra Br-943604 Gamepad Gamer Fury Pro As900 \/ Control Arcade \/ Alambrico \/ Compatible Ps4, Ps3, Ns, Android, Ios, Pc \/ Recargable 1000 Mah \/control Joystick \/ Blanco \/ + Env\u00edo a domicilio + Pago seguro + Garant\u00eda\",\"breadcrumb\":{\"@id\":\"https:\/\/compuviper.mx\/tienda\/producto\/balam-rush-br-943604-gamepad-gamer-fury-pro-as900-control-arcade-alambrico-compatible-ps4-ps3-ns-android-ios-pc-recargable-1000-mah-control-joystick-blanco\/#breadcrumb\"},\"inLanguage\":\"es-MX\",\"potentialAction\":[{\"@type\":\"ReadAction\",\"target\":[\"https:\/\/compuviper.mx\/tienda\/producto\/balam-rush-br-943604-gamepad-gamer-fury-pro-as900-control-arcade-alambrico-compatible-ps4-ps3-ns-android-ios-pc-recargable-1000-mah-control-joystick-blanco\/\"]}]},{\"@type\":\"BreadcrumbList\",\"@id\":\"https:\/\/compuviper.mx\/tienda\/producto\/balam-rush-br-943604-gamepad-gamer-fury-pro-as900-control-arcade-alambrico-compatible-ps4-ps3-ns-android-ios-pc-recargable-1000-mah-control-joystick-blanco\/#breadcrumb\",\"itemListElement\":[{\"@type\":\"ListItem\",\"position\":1,\"name\":\"Inicio\",\"item\":\"https:\/\/compuviper.mx\/tienda\/\"},{\"@type\":\"ListItem\",\"position\":2,\"name\":\"Productos\",\"item\":\"https:\/\/compuviper.mx\/tienda\/productos\/\"},{\"@type\":\"ListItem\",\"position\":3,\"name\":\"Games\",\"item\":\"https:\/\/compuviper.mx\/tienda\/categoria-producto\/games\/\"},{\"@type\":\"ListItem\",\"position\":4,\"name\":\"Joystick\",\"item\":\"https:\/\/compuviper.mx\/tienda\/categoria-producto\/games\/joystick\/\"},{\"@type\":\"ListItem\",\"position\":5,\"name\":\"Balam Rush Br-943604 Gamepad Gamer Fury Pro As900 \/ Control Arcade \/ Alambrico \/ Compatible Ps4, Ps3, Ns, Android, Ios, Pc \/ Recargable 1000 Mah \/control Joystick \/ Blanco \/\"}]},{\"@type\":\"WebSite\",\"@id\":\"https:\/\/compuviper.mx\/tienda\/#website\",\"url\":\"https:\/\/compuviper.mx\/tienda\/\",\"name\":\"Compuviper\",\"description\":\"Proveedor de Computadoras, Laptops, Servidores, Monitores, Puntos de Venta, Teclados,   Impresoras, T\u00f3ner, C\u00e1maras de Seguridad y m\u00e1s en tu tienda en l\u00ednea\",\"publisher\":{\"@id\":\"https:\/\/compuviper.mx\/tienda\/#organization\"},\"potentialAction\":[{\"@type\":\"SearchAction\",\"target\":{\"@type\":\"EntryPoint\",\"urlTemplate\":\"https:\/\/compuviper.mx\/tienda\/?s={search_term_string}\"},\"query-input\":\"required name=search_term_string\"}],\"inLanguage\":\"es-MX\"},{\"@type\":\"Organization\",\"@id\":\"https:\/\/compuviper.mx\/tienda\/#organization\",\"name\":\"Compuviper\",\"url\":\"https:\/\/compuviper.mx\/tienda\/\",\"logo\":{\"@type\":\"ImageObject\",\"inLanguage\":\"es-MX\",\"@id\":\"https:\/\/compuviper.mx\/tienda\/#\/schema\/logo\/image\/\",\"url\":\"https:\/\/compuviper.mx\/tienda\/wp-content\/uploads\/2021\/08\/Logo-Compuviper-10.png\",\"contentUrl\":\"https:\/\/compuviper.mx\/tienda\/wp-content\/uploads\/2021\/08\/Logo-Compuviper-10.png\",\"width\":1000,\"height\":500,\"caption\":\"Compuviper\"},\"image\":{\"@id\":\"https:\/\/compuviper.mx\/tienda\/#\/schema\/logo\/image\/\"},\"sameAs\":[\"https:\/\/www.facebook.com\/compuviper\",\"https:\/\/www.youtube.com\/channel\/UCf73dERp9Y3cfOq7q8BhLjA?view_as=subscriber\"]}]}<\/script>\n<meta property=\"product:brand\" content=\"Balam Rush\" \/>\n<meta property=\"product:price:amount\" content=\"1015\" \/>\n<meta property=\"product:price:currency\" content=\"MXN\" \/>\n<meta property=\"og:availability\" content=\"out of stock\" \/>\n<meta property=\"product:availability\" content=\"out of stock\" \/>\n<meta property=\"product:retailer_item_id\" content=\"BR-943604\" \/>\n<meta property=\"product:condition\" content=\"new\" \/>\n<!-- \/ Yoast SEO plugin. -->","yoast_head_json":{"title":"[ Balam Rush ] &#129351; Br-943604 Gamepad Gamer Fury Pro As900 \/ Control Arcade \/ Alambrico \/ Compatible Ps4, Ps3, Ns, Android, Ios, Pc \/ Recargable 1000 Mah \/control Joystick \/ Blanco \/","description":"Compra Br-943604 Gamepad Gamer Fury Pro As900 \/ Control Arcade \/ Alambrico \/ Compatible Ps4, Ps3, Ns, Android, Ios, Pc \/ Recargable 1000 Mah \/control Joystick \/ Blanco \/ + Env\u00edo a domicilio + Pago seguro + Garant\u00eda","robots":{"index":"index","follow":"follow","max-snippet":"max-snippet:-1","max-image-preview":"max-image-preview:large","max-video-preview":"max-video-preview:-1"},"canonical":"https:\/\/compuviper.mx\/tienda\/producto\/balam-rush-br-943604-gamepad-gamer-fury-pro-as900-control-arcade-alambrico-compatible-ps4-ps3-ns-android-ios-pc-recargable-1000-mah-control-joystick-blanco\/","og_locale":"es_MX","og_type":"article","og_title":"[ Balam Rush ] &#129351; Br-943604 Gamepad Gamer Fury Pro As900 \/ Control Arcade \/ Alambrico \/ Compatible Ps4, Ps3, Ns, Android, Ios, Pc \/ Recargable 1000 Mah \/control Joystick \/ Blanco \/","og_description":"Compra Br-943604 Gamepad Gamer Fury Pro As900 \/ Control Arcade \/ Alambrico \/ Compatible Ps4, Ps3, Ns, Android, Ios, Pc \/ Recargable 1000 Mah \/control Joystick \/ Blanco \/ + Env\u00edo a domicilio + Pago seguro + Garant\u00eda","og_url":"https:\/\/compuviper.mx\/tienda\/producto\/balam-rush-br-943604-gamepad-gamer-fury-pro-as900-control-arcade-alambrico-compatible-ps4-ps3-ns-android-ios-pc-recargable-1000-mah-control-joystick-blanco\/","og_site_name":"Compuviper","article_publisher":"https:\/\/www.facebook.com\/compuviper","article_modified_time":"2026-04-02T06:47:12+00:00","twitter_card":"summary_large_image","twitter_misc":{"Precio":"&#36;1,194 &#36;1,015 con IVA","Availability":"Out of stock"},"schema":{"@context":"https:\/\/schema.org","@graph":[{"@type":"WebPage","@id":"https:\/\/compuviper.mx\/tienda\/producto\/balam-rush-br-943604-gamepad-gamer-fury-pro-as900-control-arcade-alambrico-compatible-ps4-ps3-ns-android-ios-pc-recargable-1000-mah-control-joystick-blanco\/","url":"https:\/\/compuviper.mx\/tienda\/producto\/balam-rush-br-943604-gamepad-gamer-fury-pro-as900-control-arcade-alambrico-compatible-ps4-ps3-ns-android-ios-pc-recargable-1000-mah-control-joystick-blanco\/","name":"[ Balam Rush ] &#129351; Br-943604 Gamepad Gamer Fury Pro As900 \/ Control Arcade \/ Alambrico \/ Compatible Ps4, Ps3, Ns, Android, Ios, Pc \/ Recargable 1000 Mah \/control Joystick \/ Blanco \/","isPartOf":{"@id":"https:\/\/compuviper.mx\/tienda\/#website"},"datePublished":"2026-04-02T06:47:11+00:00","dateModified":"2026-04-02T06:47:12+00:00","description":"Compra Br-943604 Gamepad Gamer Fury Pro As900 \/ Control Arcade \/ Alambrico \/ Compatible Ps4, Ps3, Ns, Android, Ios, Pc \/ Recargable 1000 Mah \/control Joystick \/ Blanco \/ + Env\u00edo a domicilio + Pago seguro + Garant\u00eda","breadcrumb":{"@id":"https:\/\/compuviper.mx\/tienda\/producto\/balam-rush-br-943604-gamepad-gamer-fury-pro-as900-control-arcade-alambrico-compatible-ps4-ps3-ns-android-ios-pc-recargable-1000-mah-control-joystick-blanco\/#breadcrumb"},"inLanguage":"es-MX","potentialAction":[{"@type":"ReadAction","target":["https:\/\/compuviper.mx\/tienda\/producto\/balam-rush-br-943604-gamepad-gamer-fury-pro-as900-control-arcade-alambrico-compatible-ps4-ps3-ns-android-ios-pc-recargable-1000-mah-control-joystick-blanco\/"]}]},{"@type":"BreadcrumbList","@id":"https:\/\/compuviper.mx\/tienda\/producto\/balam-rush-br-943604-gamepad-gamer-fury-pro-as900-control-arcade-alambrico-compatible-ps4-ps3-ns-android-ios-pc-recargable-1000-mah-control-joystick-blanco\/#breadcrumb","itemListElement":[{"@type":"ListItem","position":1,"name":"Inicio","item":"https:\/\/compuviper.mx\/tienda\/"},{"@type":"ListItem","position":2,"name":"Productos","item":"https:\/\/compuviper.mx\/tienda\/productos\/"},{"@type":"ListItem","position":3,"name":"Games","item":"https:\/\/compuviper.mx\/tienda\/categoria-producto\/games\/"},{"@type":"ListItem","position":4,"name":"Joystick","item":"https:\/\/compuviper.mx\/tienda\/categoria-producto\/games\/joystick\/"},{"@type":"ListItem","position":5,"name":"Balam Rush Br-943604 Gamepad Gamer Fury Pro As900 \/ Control Arcade \/ Alambrico \/ Compatible Ps4, Ps3, Ns, Android, Ios, Pc \/ Recargable 1000 Mah \/control Joystick \/ Blanco \/"}]},{"@type":"WebSite","@id":"https:\/\/compuviper.mx\/tienda\/#website","url":"https:\/\/compuviper.mx\/tienda\/","name":"Compuviper","description":"Proveedor de Computadoras, Laptops, Servidores, Monitores, Puntos de Venta, Teclados,   Impresoras, T\u00f3ner, C\u00e1maras de Seguridad y m\u00e1s en tu tienda en l\u00ednea","publisher":{"@id":"https:\/\/compuviper.mx\/tienda\/#organization"},"potentialAction":[{"@type":"SearchAction","target":{"@type":"EntryPoint","urlTemplate":"https:\/\/compuviper.mx\/tienda\/?s={search_term_string}"},"query-input":"required name=search_term_string"}],"inLanguage":"es-MX"},{"@type":"Organization","@id":"https:\/\/compuviper.mx\/tienda\/#organization","name":"Compuviper","url":"https:\/\/compuviper.mx\/tienda\/","logo":{"@type":"ImageObject","inLanguage":"es-MX","@id":"https:\/\/compuviper.mx\/tienda\/#\/schema\/logo\/image\/","url":"https:\/\/compuviper.mx\/tienda\/wp-content\/uploads\/2021\/08\/Logo-Compuviper-10.png","contentUrl":"https:\/\/compuviper.mx\/tienda\/wp-content\/uploads\/2021\/08\/Logo-Compuviper-10.png","width":1000,"height":500,"caption":"Compuviper"},"image":{"@id":"https:\/\/compuviper.mx\/tienda\/#\/schema\/logo\/image\/"},"sameAs":["https:\/\/www.facebook.com\/compuviper","https:\/\/www.youtube.com\/channel\/UCf73dERp9Y3cfOq7q8BhLjA?view_as=subscriber"]}]},"product_brand":"Balam Rush","product_price_amount":"1015","product_price_currency":"MXN","og_availability":"out of stock","product_availability":"out of stock","product_retailer_item_id":"BR-943604","product_condition":"new"},"_links":{"self":[{"href":"https:\/\/compuviper.mx\/tienda\/wp-json\/wp\/v2\/product\/264142"}],"collection":[{"href":"https:\/\/compuviper.mx\/tienda\/wp-json\/wp\/v2\/product"}],"about":[{"href":"https:\/\/compuviper.mx\/tienda\/wp-json\/wp\/v2\/types\/product"}],"replies":[{"embeddable":true,"href":"https:\/\/compuviper.mx\/tienda\/wp-json\/wp\/v2\/comments?post=264142"}],"wp:attachment":[{"href":"https:\/\/compuviper.mx\/tienda\/wp-json\/wp\/v2\/media?parent=264142"}],"wp:term":[{"taxonomy":"product_cat","embeddable":true,"href":"https:\/\/compuviper.mx\/tienda\/wp-json\/wp\/v2\/product_cat?post=264142"},{"taxonomy":"product_tag","embeddable":true,"href":"https:\/\/compuviper.mx\/tienda\/wp-json\/wp\/v2\/product_tag?post=264142"}],"curies":[{"name":"wp","href":"https:\/\/api.w.org\/{rel}","templated":true}]}}