{"id":264140,"date":"2026-04-02T00:47:08","date_gmt":"2026-04-02T06:47:08","guid":{"rendered":"https:\/\/compuviper.mx\/tienda\/producto\/balam-rush-br-943611-volante-adaptador-joy-wheel-jw300-compatible-con-joy-con-switch-oled-y-ps5-dualsenses-2-bases-de-sujecion-abs-ventosas-para-estabilidad-negro\/"},"modified":"2026-04-02T00:47:08","modified_gmt":"2026-04-02T06:47:08","slug":"balam-rush-br-943611-volante-adaptador-joy-wheel-jw300-compatible-con-joy-con-switch-oled-y-ps5-dualsenses-2-bases-de-sujecion-abs-ventosas-para-estabilidad-negro","status":"publish","type":"product","link":"https:\/\/compuviper.mx\/tienda\/producto\/balam-rush-br-943611-volante-adaptador-joy-wheel-jw300-compatible-con-joy-con-switch-oled-y-ps5-dualsenses-2-bases-de-sujecion-abs-ventosas-para-estabilidad-negro\/","title":{"rendered":"Balam Rush Br-943611 Volante Adaptador  Joy Wheel Jw300 \/ Compatible Con Joy-con (switch\/oled) Y Ps5 Dualsenses \/ 2 Bases De Sujecion \/ Abs + Ventosas Para Estabilidad \/ Negro \/"},"content":{"rendered":"<table class=\"descripcion\">\n<tr>\n<td>Ficha tecnica<\/td>\n<\/tr>\n<tr>\n<td>Joy wheel jw300<\/td>\n<\/tr>\n<tr>\n<td>\u0095 modelo: br-943611<\/td>\n<\/tr>\n<tr>\n<td>\u0095 producto: volante adaptador para consola joy wheel jw300<\/td>\n<\/tr>\n<tr>\n<td>\u0095 materiales: abs<\/td>\n<\/tr>\n<tr>\n<td>\u0095 dimensiones (l x w x h): 17 x 19 x 20.3 cm<\/td>\n<\/tr>\n<tr>\n<td>\u0095 peso: 530 g<\/td>\n<\/tr>\n<tr>\n<td>\u0095 compatibilidad: ps5 controller\/edge, switch 1 and switch2<\/td>\n<\/tr>\n<tr>\n<td>Funciones adicionales:<\/td>\n<\/tr>\n<tr>\n<td>\u0095 multi-plataforma real: incluye dos soportes de volante<\/td>\n<\/tr>\n<tr>\n<td>Para joy-con (switch\/oled) y ps5 dualsenses<\/td>\n<\/tr>\n<tr>\n<td>\u0095 estabilidad pro: ventosas de sujecion \/ superficie<\/td>\n<\/tr>\n<tr>\n<td>Antideslizante.presion del aire: 2.87 mmh2o<\/td>\n<\/tr>\n<tr>\n<td>\u0095 agarre superior: aro texturizado que transmite mejor<\/td>\n<\/tr>\n<tr>\n<td>Los giros finos.<\/td>\n<\/tr>\n<tr>\n<td>\u0095 montaje express: encastre directo, sin herramientas.<\/td>\n<\/tr>\n<tr>\n<td>\u0095 diseno desmontable: facil de guardar y transportar. diseno desmontable: facil de guardar y transportar<\/td>\n<\/tr>\n<\/table>\n","protected":false},"excerpt":{"rendered":"<p>El volante adaptador joy wheel jw300 para consola esta disenado para transformar la experiencia de juego en carreras y simuladores, ofreciendo un control mas realista, comodo y seguro para los usuarios de nintendo switch.<\/p>\n","protected":false},"featured_media":0,"comment_status":"open","ping_status":"open","template":"","meta":[],"product_cat":[2223,1738],"product_tag":[2097],"acf":[],"yoast_head":"<!-- This site is optimized with the Yoast SEO plugin v21.7 - https:\/\/yoast.com\/wordpress\/plugins\/seo\/ -->\n<title>[ Balam Rush ] &#129351; Br-943611 Volante Adaptador Joy Wheel Jw300 \/ Compatible Con Joy-con (switch\/oled) Y Ps5 Dualsenses \/ 2 Bases De Sujecion \/ Abs + Ventosas Para Estabilidad \/ Negro \/<\/title>\n<meta name=\"description\" content=\"Compra Br-943611 Volante Adaptador Joy Wheel Jw300 \/ Compatible Con Joy-con (switch\/oled) Y Ps5 Dualsenses \/ 2 Bases De Sujecion \/ Abs + Ventosas Para Estabilidad \/ Negro \/ + Env\u00edo a domicilio + Pago seguro + Garant\u00eda\" \/>\n<meta name=\"robots\" content=\"index, follow, max-snippet:-1, max-image-preview:large, max-video-preview:-1\" \/>\n<link rel=\"canonical\" href=\"https:\/\/compuviper.mx\/tienda\/producto\/balam-rush-br-943611-volante-adaptador-joy-wheel-jw300-compatible-con-joy-con-switch-oled-y-ps5-dualsenses-2-bases-de-sujecion-abs-ventosas-para-estabilidad-negro\/\" \/>\n<meta property=\"og:locale\" content=\"es_MX\" \/>\n<meta property=\"og:type\" content=\"article\" \/>\n<meta property=\"og:title\" content=\"[ Balam Rush ] &#129351; Br-943611 Volante Adaptador Joy Wheel Jw300 \/ Compatible Con Joy-con (switch\/oled) Y Ps5 Dualsenses \/ 2 Bases De Sujecion \/ Abs + Ventosas Para Estabilidad \/ Negro \/\" \/>\n<meta property=\"og:description\" content=\"Compra Br-943611 Volante Adaptador Joy Wheel Jw300 \/ Compatible Con Joy-con (switch\/oled) Y Ps5 Dualsenses \/ 2 Bases De Sujecion \/ Abs + Ventosas Para Estabilidad \/ Negro \/ + Env\u00edo a domicilio + Pago seguro + Garant\u00eda\" \/>\n<meta property=\"og:url\" content=\"https:\/\/compuviper.mx\/tienda\/producto\/balam-rush-br-943611-volante-adaptador-joy-wheel-jw300-compatible-con-joy-con-switch-oled-y-ps5-dualsenses-2-bases-de-sujecion-abs-ventosas-para-estabilidad-negro\/\" \/>\n<meta property=\"og:site_name\" content=\"Compuviper\" \/>\n<meta property=\"article:publisher\" content=\"https:\/\/www.facebook.com\/compuviper\" \/>\n<meta name=\"twitter:card\" content=\"summary_large_image\" \/>\n<meta name=\"twitter:label1\" content=\"Precio\" \/>\n\t<meta name=\"twitter:data1\" content=\"&#36;361 &#36;307 con IVA\" \/>\n\t<meta name=\"twitter:label2\" content=\"Availability\" \/>\n\t<meta name=\"twitter:data2\" content=\"Out of stock\" \/>\n<script type=\"application\/ld+json\" class=\"yoast-schema-graph\">{\"@context\":\"https:\/\/schema.org\",\"@graph\":[{\"@type\":\"WebPage\",\"@id\":\"https:\/\/compuviper.mx\/tienda\/producto\/balam-rush-br-943611-volante-adaptador-joy-wheel-jw300-compatible-con-joy-con-switch-oled-y-ps5-dualsenses-2-bases-de-sujecion-abs-ventosas-para-estabilidad-negro\/\",\"url\":\"https:\/\/compuviper.mx\/tienda\/producto\/balam-rush-br-943611-volante-adaptador-joy-wheel-jw300-compatible-con-joy-con-switch-oled-y-ps5-dualsenses-2-bases-de-sujecion-abs-ventosas-para-estabilidad-negro\/\",\"name\":\"[ Balam Rush ] &#129351; Br-943611 Volante Adaptador Joy Wheel Jw300 \/ Compatible Con Joy-con (switch\/oled) Y Ps5 Dualsenses \/ 2 Bases De Sujecion \/ Abs + Ventosas Para Estabilidad \/ Negro \/\",\"isPartOf\":{\"@id\":\"https:\/\/compuviper.mx\/tienda\/#website\"},\"datePublished\":\"2026-04-02T06:47:08+00:00\",\"dateModified\":\"2026-04-02T06:47:08+00:00\",\"description\":\"Compra Br-943611 Volante Adaptador Joy Wheel Jw300 \/ Compatible Con Joy-con (switch\/oled) Y Ps5 Dualsenses \/ 2 Bases De Sujecion \/ Abs + Ventosas Para Estabilidad \/ Negro \/ + Env\u00edo a domicilio + Pago seguro + Garant\u00eda\",\"breadcrumb\":{\"@id\":\"https:\/\/compuviper.mx\/tienda\/producto\/balam-rush-br-943611-volante-adaptador-joy-wheel-jw300-compatible-con-joy-con-switch-oled-y-ps5-dualsenses-2-bases-de-sujecion-abs-ventosas-para-estabilidad-negro\/#breadcrumb\"},\"inLanguage\":\"es-MX\",\"potentialAction\":[{\"@type\":\"ReadAction\",\"target\":[\"https:\/\/compuviper.mx\/tienda\/producto\/balam-rush-br-943611-volante-adaptador-joy-wheel-jw300-compatible-con-joy-con-switch-oled-y-ps5-dualsenses-2-bases-de-sujecion-abs-ventosas-para-estabilidad-negro\/\"]}]},{\"@type\":\"BreadcrumbList\",\"@id\":\"https:\/\/compuviper.mx\/tienda\/producto\/balam-rush-br-943611-volante-adaptador-joy-wheel-jw300-compatible-con-joy-con-switch-oled-y-ps5-dualsenses-2-bases-de-sujecion-abs-ventosas-para-estabilidad-negro\/#breadcrumb\",\"itemListElement\":[{\"@type\":\"ListItem\",\"position\":1,\"name\":\"Inicio\",\"item\":\"https:\/\/compuviper.mx\/tienda\/\"},{\"@type\":\"ListItem\",\"position\":2,\"name\":\"Productos\",\"item\":\"https:\/\/compuviper.mx\/tienda\/productos\/\"},{\"@type\":\"ListItem\",\"position\":3,\"name\":\"Games\",\"item\":\"https:\/\/compuviper.mx\/tienda\/categoria-producto\/games\/\"},{\"@type\":\"ListItem\",\"position\":4,\"name\":\"Sin Categor\u00eda\",\"item\":\"https:\/\/compuviper.mx\/tienda\/categoria-producto\/games\/sin-categoria-games\/\"},{\"@type\":\"ListItem\",\"position\":5,\"name\":\"Balam Rush Br-943611 Volante Adaptador Joy Wheel Jw300 \/ Compatible Con Joy-con (switch\/oled) Y Ps5 Dualsenses \/ 2 Bases De Sujecion \/ Abs + Ventosas Para Estabilidad \/ Negro \/\"}]},{\"@type\":\"WebSite\",\"@id\":\"https:\/\/compuviper.mx\/tienda\/#website\",\"url\":\"https:\/\/compuviper.mx\/tienda\/\",\"name\":\"Compuviper\",\"description\":\"Proveedor de Computadoras, Laptops, Servidores, Monitores, Puntos de Venta, Teclados,   Impresoras, T\u00f3ner, C\u00e1maras de Seguridad y m\u00e1s en tu tienda en l\u00ednea\",\"publisher\":{\"@id\":\"https:\/\/compuviper.mx\/tienda\/#organization\"},\"potentialAction\":[{\"@type\":\"SearchAction\",\"target\":{\"@type\":\"EntryPoint\",\"urlTemplate\":\"https:\/\/compuviper.mx\/tienda\/?s={search_term_string}\"},\"query-input\":\"required name=search_term_string\"}],\"inLanguage\":\"es-MX\"},{\"@type\":\"Organization\",\"@id\":\"https:\/\/compuviper.mx\/tienda\/#organization\",\"name\":\"Compuviper\",\"url\":\"https:\/\/compuviper.mx\/tienda\/\",\"logo\":{\"@type\":\"ImageObject\",\"inLanguage\":\"es-MX\",\"@id\":\"https:\/\/compuviper.mx\/tienda\/#\/schema\/logo\/image\/\",\"url\":\"https:\/\/compuviper.mx\/tienda\/wp-content\/uploads\/2021\/08\/Logo-Compuviper-10.png\",\"contentUrl\":\"https:\/\/compuviper.mx\/tienda\/wp-content\/uploads\/2021\/08\/Logo-Compuviper-10.png\",\"width\":1000,\"height\":500,\"caption\":\"Compuviper\"},\"image\":{\"@id\":\"https:\/\/compuviper.mx\/tienda\/#\/schema\/logo\/image\/\"},\"sameAs\":[\"https:\/\/www.facebook.com\/compuviper\",\"https:\/\/www.youtube.com\/channel\/UCf73dERp9Y3cfOq7q8BhLjA?view_as=subscriber\"]}]}<\/script>\n<meta property=\"product:brand\" content=\"Balam Rush\" \/>\n<meta property=\"product:price:amount\" content=\"307\" \/>\n<meta property=\"product:price:currency\" content=\"MXN\" \/>\n<meta property=\"og:availability\" content=\"out of stock\" \/>\n<meta property=\"product:availability\" content=\"out of stock\" \/>\n<meta property=\"product:retailer_item_id\" content=\"BR-943611\" \/>\n<meta property=\"product:condition\" content=\"new\" \/>\n<!-- \/ Yoast SEO plugin. -->","yoast_head_json":{"title":"[ Balam Rush ] &#129351; Br-943611 Volante Adaptador Joy Wheel Jw300 \/ Compatible Con Joy-con (switch\/oled) Y Ps5 Dualsenses \/ 2 Bases De Sujecion \/ Abs + Ventosas Para Estabilidad \/ Negro \/","description":"Compra Br-943611 Volante Adaptador Joy Wheel Jw300 \/ Compatible Con Joy-con (switch\/oled) Y Ps5 Dualsenses \/ 2 Bases De Sujecion \/ Abs + Ventosas Para Estabilidad \/ Negro \/ + Env\u00edo a domicilio + Pago seguro + Garant\u00eda","robots":{"index":"index","follow":"follow","max-snippet":"max-snippet:-1","max-image-preview":"max-image-preview:large","max-video-preview":"max-video-preview:-1"},"canonical":"https:\/\/compuviper.mx\/tienda\/producto\/balam-rush-br-943611-volante-adaptador-joy-wheel-jw300-compatible-con-joy-con-switch-oled-y-ps5-dualsenses-2-bases-de-sujecion-abs-ventosas-para-estabilidad-negro\/","og_locale":"es_MX","og_type":"article","og_title":"[ Balam Rush ] &#129351; Br-943611 Volante Adaptador Joy Wheel Jw300 \/ Compatible Con Joy-con (switch\/oled) Y Ps5 Dualsenses \/ 2 Bases De Sujecion \/ Abs + Ventosas Para Estabilidad \/ Negro \/","og_description":"Compra Br-943611 Volante Adaptador Joy Wheel Jw300 \/ Compatible Con Joy-con (switch\/oled) Y Ps5 Dualsenses \/ 2 Bases De Sujecion \/ Abs + Ventosas Para Estabilidad \/ Negro \/ + Env\u00edo a domicilio + Pago seguro + Garant\u00eda","og_url":"https:\/\/compuviper.mx\/tienda\/producto\/balam-rush-br-943611-volante-adaptador-joy-wheel-jw300-compatible-con-joy-con-switch-oled-y-ps5-dualsenses-2-bases-de-sujecion-abs-ventosas-para-estabilidad-negro\/","og_site_name":"Compuviper","article_publisher":"https:\/\/www.facebook.com\/compuviper","twitter_card":"summary_large_image","twitter_misc":{"Precio":"&#36;361 &#36;307 con IVA","Availability":"Out of stock"},"schema":{"@context":"https:\/\/schema.org","@graph":[{"@type":"WebPage","@id":"https:\/\/compuviper.mx\/tienda\/producto\/balam-rush-br-943611-volante-adaptador-joy-wheel-jw300-compatible-con-joy-con-switch-oled-y-ps5-dualsenses-2-bases-de-sujecion-abs-ventosas-para-estabilidad-negro\/","url":"https:\/\/compuviper.mx\/tienda\/producto\/balam-rush-br-943611-volante-adaptador-joy-wheel-jw300-compatible-con-joy-con-switch-oled-y-ps5-dualsenses-2-bases-de-sujecion-abs-ventosas-para-estabilidad-negro\/","name":"[ Balam Rush ] &#129351; Br-943611 Volante Adaptador Joy Wheel Jw300 \/ Compatible Con Joy-con (switch\/oled) Y Ps5 Dualsenses \/ 2 Bases De Sujecion \/ Abs + Ventosas Para Estabilidad \/ Negro \/","isPartOf":{"@id":"https:\/\/compuviper.mx\/tienda\/#website"},"datePublished":"2026-04-02T06:47:08+00:00","dateModified":"2026-04-02T06:47:08+00:00","description":"Compra Br-943611 Volante Adaptador Joy Wheel Jw300 \/ Compatible Con Joy-con (switch\/oled) Y Ps5 Dualsenses \/ 2 Bases De Sujecion \/ Abs + Ventosas Para Estabilidad \/ Negro \/ + Env\u00edo a domicilio + Pago seguro + Garant\u00eda","breadcrumb":{"@id":"https:\/\/compuviper.mx\/tienda\/producto\/balam-rush-br-943611-volante-adaptador-joy-wheel-jw300-compatible-con-joy-con-switch-oled-y-ps5-dualsenses-2-bases-de-sujecion-abs-ventosas-para-estabilidad-negro\/#breadcrumb"},"inLanguage":"es-MX","potentialAction":[{"@type":"ReadAction","target":["https:\/\/compuviper.mx\/tienda\/producto\/balam-rush-br-943611-volante-adaptador-joy-wheel-jw300-compatible-con-joy-con-switch-oled-y-ps5-dualsenses-2-bases-de-sujecion-abs-ventosas-para-estabilidad-negro\/"]}]},{"@type":"BreadcrumbList","@id":"https:\/\/compuviper.mx\/tienda\/producto\/balam-rush-br-943611-volante-adaptador-joy-wheel-jw300-compatible-con-joy-con-switch-oled-y-ps5-dualsenses-2-bases-de-sujecion-abs-ventosas-para-estabilidad-negro\/#breadcrumb","itemListElement":[{"@type":"ListItem","position":1,"name":"Inicio","item":"https:\/\/compuviper.mx\/tienda\/"},{"@type":"ListItem","position":2,"name":"Productos","item":"https:\/\/compuviper.mx\/tienda\/productos\/"},{"@type":"ListItem","position":3,"name":"Games","item":"https:\/\/compuviper.mx\/tienda\/categoria-producto\/games\/"},{"@type":"ListItem","position":4,"name":"Sin Categor\u00eda","item":"https:\/\/compuviper.mx\/tienda\/categoria-producto\/games\/sin-categoria-games\/"},{"@type":"ListItem","position":5,"name":"Balam Rush Br-943611 Volante Adaptador Joy Wheel Jw300 \/ Compatible Con Joy-con (switch\/oled) Y Ps5 Dualsenses \/ 2 Bases De Sujecion \/ Abs + Ventosas Para Estabilidad \/ Negro \/"}]},{"@type":"WebSite","@id":"https:\/\/compuviper.mx\/tienda\/#website","url":"https:\/\/compuviper.mx\/tienda\/","name":"Compuviper","description":"Proveedor de Computadoras, Laptops, Servidores, Monitores, Puntos de Venta, Teclados,   Impresoras, T\u00f3ner, C\u00e1maras de Seguridad y m\u00e1s en tu tienda en l\u00ednea","publisher":{"@id":"https:\/\/compuviper.mx\/tienda\/#organization"},"potentialAction":[{"@type":"SearchAction","target":{"@type":"EntryPoint","urlTemplate":"https:\/\/compuviper.mx\/tienda\/?s={search_term_string}"},"query-input":"required name=search_term_string"}],"inLanguage":"es-MX"},{"@type":"Organization","@id":"https:\/\/compuviper.mx\/tienda\/#organization","name":"Compuviper","url":"https:\/\/compuviper.mx\/tienda\/","logo":{"@type":"ImageObject","inLanguage":"es-MX","@id":"https:\/\/compuviper.mx\/tienda\/#\/schema\/logo\/image\/","url":"https:\/\/compuviper.mx\/tienda\/wp-content\/uploads\/2021\/08\/Logo-Compuviper-10.png","contentUrl":"https:\/\/compuviper.mx\/tienda\/wp-content\/uploads\/2021\/08\/Logo-Compuviper-10.png","width":1000,"height":500,"caption":"Compuviper"},"image":{"@id":"https:\/\/compuviper.mx\/tienda\/#\/schema\/logo\/image\/"},"sameAs":["https:\/\/www.facebook.com\/compuviper","https:\/\/www.youtube.com\/channel\/UCf73dERp9Y3cfOq7q8BhLjA?view_as=subscriber"]}]},"product_brand":"Balam Rush","product_price_amount":"307","product_price_currency":"MXN","og_availability":"out of stock","product_availability":"out of stock","product_retailer_item_id":"BR-943611","product_condition":"new"},"_links":{"self":[{"href":"https:\/\/compuviper.mx\/tienda\/wp-json\/wp\/v2\/product\/264140"}],"collection":[{"href":"https:\/\/compuviper.mx\/tienda\/wp-json\/wp\/v2\/product"}],"about":[{"href":"https:\/\/compuviper.mx\/tienda\/wp-json\/wp\/v2\/types\/product"}],"replies":[{"embeddable":true,"href":"https:\/\/compuviper.mx\/tienda\/wp-json\/wp\/v2\/comments?post=264140"}],"wp:attachment":[{"href":"https:\/\/compuviper.mx\/tienda\/wp-json\/wp\/v2\/media?parent=264140"}],"wp:term":[{"taxonomy":"product_cat","embeddable":true,"href":"https:\/\/compuviper.mx\/tienda\/wp-json\/wp\/v2\/product_cat?post=264140"},{"taxonomy":"product_tag","embeddable":true,"href":"https:\/\/compuviper.mx\/tienda\/wp-json\/wp\/v2\/product_tag?post=264140"}],"curies":[{"name":"wp","href":"https:\/\/api.w.org\/{rel}","templated":true}]}}