{"id":264109,"date":"2026-04-09T23:57:41","date_gmt":"2026-04-10T05:57:41","guid":{"rendered":"https:\/\/compuviper.mx\/tienda\/producto\/pantum-dl-b5220-tambor-dl-b5200-rendimiento-30-000-paginas-para-equipo-bm5300adw\/"},"modified":"2026-04-09T23:57:41","modified_gmt":"2026-04-10T05:57:41","slug":"pantum-dl-b5220-tambor-dl-b5200-rendimiento-30-000-paginas-para-equipo-bm5300adw","status":"publish","type":"product","link":"https:\/\/compuviper.mx\/tienda\/producto\/pantum-dl-b5220-tambor-dl-b5200-rendimiento-30-000-paginas-para-equipo-bm5300adw\/","title":{"rendered":"Pantum Dl-b5220 Tambor  Dl-b5200, Rendimiento 30.000 Paginas , Para Equipo Bm5300adw."},"content":{"rendered":"<table class=\"descripcion\">\n<tr>\n<td>Compatibilidad: compatible con diversos modelos de impresoras laser pantum, incluyendo la serie bp5300adw.<\/td>\n<\/tr>\n<tr>\n<td>Tecnologia de impresion: laser monocromatica, que asegura textos nitidos y graficos precisos en cada pagina.<\/td>\n<\/tr>\n<tr>\n<td>Rendimiento: capacidad de hasta 30.000 paginas antes de requerir reemplazo, lo que proporciona una larga duracion y eficiencia en entornos de alto volumen de impresion.<\/td>\n<\/tr>\n<tr>\n<td>Calidad garantizada: al ser un consumible original pantum, asegura integracion perfecta y funcionamiento optimo con los equipos compatibles.<\/td>\n<\/tr>\n<\/table>\n","protected":false},"excerpt":{"rendered":"<p>Alto rendimiento: capacidad para imprimir hasta 30,000 paginas con una cobertura del 5 de porcentaje  en tamano a3, asegurando maxima durabilidad. Calidad consistente: garantiza impresiones ntidas y profesionales durante toda su vida util. Compatibilidad especifica: disenado para funcionar de manera optima con impresoras pantum seleccionadas, evitando problemas de integracion. Facil instalacion: proceso rapido y sencillo que minimiza el tiempo de inactividad y mantiene la eficiencia operativa.<\/p>\n","protected":false},"featured_media":0,"comment_status":"open","ping_status":"open","template":"","meta":[],"product_cat":[1622,1629],"product_tag":[2177],"acf":[],"yoast_head":"<!-- This site is optimized with the Yoast SEO plugin v21.7 - https:\/\/yoast.com\/wordpress\/plugins\/seo\/ -->\n<title>[ Pantum ] &#129351; Dl-b5220 Tambor Dl-b5200, Rendimiento 30.000 Paginas , Para Equipo Bm5300adw.<\/title>\n<meta name=\"description\" content=\"Compra Dl-b5220 Tambor Dl-b5200, Rendimiento 30.000 Paginas , Para Equipo Bm5300adw. + Env\u00edo a domicilio + Pago seguro + Garant\u00eda\" \/>\n<meta name=\"robots\" content=\"index, follow, max-snippet:-1, max-image-preview:large, max-video-preview:-1\" \/>\n<link rel=\"canonical\" href=\"https:\/\/compuviper.mx\/tienda\/producto\/pantum-dl-b5220-tambor-dl-b5200-rendimiento-30-000-paginas-para-equipo-bm5300adw\/\" \/>\n<meta property=\"og:locale\" content=\"es_MX\" \/>\n<meta property=\"og:type\" content=\"article\" \/>\n<meta property=\"og:title\" content=\"[ Pantum ] &#129351; Dl-b5220 Tambor Dl-b5200, Rendimiento 30.000 Paginas , Para Equipo Bm5300adw.\" \/>\n<meta property=\"og:description\" content=\"Compra Dl-b5220 Tambor Dl-b5200, Rendimiento 30.000 Paginas , Para Equipo Bm5300adw. + Env\u00edo a domicilio + Pago seguro + Garant\u00eda\" \/>\n<meta property=\"og:url\" content=\"https:\/\/compuviper.mx\/tienda\/producto\/pantum-dl-b5220-tambor-dl-b5200-rendimiento-30-000-paginas-para-equipo-bm5300adw\/\" \/>\n<meta property=\"og:site_name\" content=\"Compuviper\" \/>\n<meta property=\"article:publisher\" content=\"https:\/\/www.facebook.com\/compuviper\" \/>\n<meta name=\"twitter:card\" content=\"summary_large_image\" \/>\n<meta name=\"twitter:label1\" content=\"Precio\" \/>\n\t<meta name=\"twitter:data1\" content=\"&#36;1,052 con IVA\" \/>\n\t<meta name=\"twitter:label2\" content=\"Availability\" \/>\n\t<meta name=\"twitter:data2\" content=\"Out of stock\" \/>\n<script type=\"application\/ld+json\" class=\"yoast-schema-graph\">{\"@context\":\"https:\/\/schema.org\",\"@graph\":[{\"@type\":\"WebPage\",\"@id\":\"https:\/\/compuviper.mx\/tienda\/producto\/pantum-dl-b5220-tambor-dl-b5200-rendimiento-30-000-paginas-para-equipo-bm5300adw\/\",\"url\":\"https:\/\/compuviper.mx\/tienda\/producto\/pantum-dl-b5220-tambor-dl-b5200-rendimiento-30-000-paginas-para-equipo-bm5300adw\/\",\"name\":\"[ Pantum ] &#129351; Dl-b5220 Tambor Dl-b5200, Rendimiento 30.000 Paginas , Para Equipo Bm5300adw.\",\"isPartOf\":{\"@id\":\"https:\/\/compuviper.mx\/tienda\/#website\"},\"datePublished\":\"2026-04-10T05:57:41+00:00\",\"dateModified\":\"2026-04-10T05:57:41+00:00\",\"description\":\"Compra Dl-b5220 Tambor Dl-b5200, Rendimiento 30.000 Paginas , Para Equipo Bm5300adw. + Env\u00edo a domicilio + Pago seguro + Garant\u00eda\",\"breadcrumb\":{\"@id\":\"https:\/\/compuviper.mx\/tienda\/producto\/pantum-dl-b5220-tambor-dl-b5200-rendimiento-30-000-paginas-para-equipo-bm5300adw\/#breadcrumb\"},\"inLanguage\":\"es-MX\",\"potentialAction\":[{\"@type\":\"ReadAction\",\"target\":[\"https:\/\/compuviper.mx\/tienda\/producto\/pantum-dl-b5220-tambor-dl-b5200-rendimiento-30-000-paginas-para-equipo-bm5300adw\/\"]}]},{\"@type\":\"BreadcrumbList\",\"@id\":\"https:\/\/compuviper.mx\/tienda\/producto\/pantum-dl-b5220-tambor-dl-b5200-rendimiento-30-000-paginas-para-equipo-bm5300adw\/#breadcrumb\",\"itemListElement\":[{\"@type\":\"ListItem\",\"position\":1,\"name\":\"Inicio\",\"item\":\"https:\/\/compuviper.mx\/tienda\/\"},{\"@type\":\"ListItem\",\"position\":2,\"name\":\"Productos\",\"item\":\"https:\/\/compuviper.mx\/tienda\/productos\/\"},{\"@type\":\"ListItem\",\"position\":3,\"name\":\"Consumibles\",\"item\":\"https:\/\/compuviper.mx\/tienda\/categoria-producto\/consumibles\/\"},{\"@type\":\"ListItem\",\"position\":4,\"name\":\"Tambor\",\"item\":\"https:\/\/compuviper.mx\/tienda\/categoria-producto\/consumibles\/tambor\/\"},{\"@type\":\"ListItem\",\"position\":5,\"name\":\"Pantum Dl-b5220 Tambor Dl-b5200, Rendimiento 30.000 Paginas , Para Equipo Bm5300adw.\"}]},{\"@type\":\"WebSite\",\"@id\":\"https:\/\/compuviper.mx\/tienda\/#website\",\"url\":\"https:\/\/compuviper.mx\/tienda\/\",\"name\":\"Compuviper\",\"description\":\"Proveedor de Computadoras, Laptops, Servidores, Monitores, Puntos de Venta, Teclados,   Impresoras, T\u00f3ner, C\u00e1maras de Seguridad y m\u00e1s en tu tienda en l\u00ednea\",\"publisher\":{\"@id\":\"https:\/\/compuviper.mx\/tienda\/#organization\"},\"potentialAction\":[{\"@type\":\"SearchAction\",\"target\":{\"@type\":\"EntryPoint\",\"urlTemplate\":\"https:\/\/compuviper.mx\/tienda\/?s={search_term_string}\"},\"query-input\":\"required name=search_term_string\"}],\"inLanguage\":\"es-MX\"},{\"@type\":\"Organization\",\"@id\":\"https:\/\/compuviper.mx\/tienda\/#organization\",\"name\":\"Compuviper\",\"url\":\"https:\/\/compuviper.mx\/tienda\/\",\"logo\":{\"@type\":\"ImageObject\",\"inLanguage\":\"es-MX\",\"@id\":\"https:\/\/compuviper.mx\/tienda\/#\/schema\/logo\/image\/\",\"url\":\"https:\/\/compuviper.mx\/tienda\/wp-content\/uploads\/2021\/08\/Logo-Compuviper-10.png\",\"contentUrl\":\"https:\/\/compuviper.mx\/tienda\/wp-content\/uploads\/2021\/08\/Logo-Compuviper-10.png\",\"width\":1000,\"height\":500,\"caption\":\"Compuviper\"},\"image\":{\"@id\":\"https:\/\/compuviper.mx\/tienda\/#\/schema\/logo\/image\/\"},\"sameAs\":[\"https:\/\/www.facebook.com\/compuviper\",\"https:\/\/www.youtube.com\/channel\/UCf73dERp9Y3cfOq7q8BhLjA?view_as=subscriber\"]}]}<\/script>\n<meta property=\"product:brand\" content=\"Pantum\" \/>\n<meta property=\"product:price:amount\" content=\"1052\" \/>\n<meta property=\"product:price:currency\" content=\"MXN\" \/>\n<meta property=\"og:availability\" content=\"out of stock\" \/>\n<meta property=\"product:availability\" content=\"out of stock\" \/>\n<meta property=\"product:retailer_item_id\" content=\"DL-B5220\" \/>\n<meta property=\"product:condition\" content=\"new\" \/>\n<!-- \/ Yoast SEO plugin. -->","yoast_head_json":{"title":"[ Pantum ] &#129351; Dl-b5220 Tambor Dl-b5200, Rendimiento 30.000 Paginas , Para Equipo Bm5300adw.","description":"Compra Dl-b5220 Tambor Dl-b5200, Rendimiento 30.000 Paginas , Para Equipo Bm5300adw. + Env\u00edo a domicilio + Pago seguro + Garant\u00eda","robots":{"index":"index","follow":"follow","max-snippet":"max-snippet:-1","max-image-preview":"max-image-preview:large","max-video-preview":"max-video-preview:-1"},"canonical":"https:\/\/compuviper.mx\/tienda\/producto\/pantum-dl-b5220-tambor-dl-b5200-rendimiento-30-000-paginas-para-equipo-bm5300adw\/","og_locale":"es_MX","og_type":"article","og_title":"[ Pantum ] &#129351; Dl-b5220 Tambor Dl-b5200, Rendimiento 30.000 Paginas , Para Equipo Bm5300adw.","og_description":"Compra Dl-b5220 Tambor Dl-b5200, Rendimiento 30.000 Paginas , Para Equipo Bm5300adw. + Env\u00edo a domicilio + Pago seguro + Garant\u00eda","og_url":"https:\/\/compuviper.mx\/tienda\/producto\/pantum-dl-b5220-tambor-dl-b5200-rendimiento-30-000-paginas-para-equipo-bm5300adw\/","og_site_name":"Compuviper","article_publisher":"https:\/\/www.facebook.com\/compuviper","twitter_card":"summary_large_image","twitter_misc":{"Precio":"&#36;1,052 con IVA","Availability":"Out of stock"},"schema":{"@context":"https:\/\/schema.org","@graph":[{"@type":"WebPage","@id":"https:\/\/compuviper.mx\/tienda\/producto\/pantum-dl-b5220-tambor-dl-b5200-rendimiento-30-000-paginas-para-equipo-bm5300adw\/","url":"https:\/\/compuviper.mx\/tienda\/producto\/pantum-dl-b5220-tambor-dl-b5200-rendimiento-30-000-paginas-para-equipo-bm5300adw\/","name":"[ Pantum ] &#129351; Dl-b5220 Tambor Dl-b5200, Rendimiento 30.000 Paginas , Para Equipo Bm5300adw.","isPartOf":{"@id":"https:\/\/compuviper.mx\/tienda\/#website"},"datePublished":"2026-04-10T05:57:41+00:00","dateModified":"2026-04-10T05:57:41+00:00","description":"Compra Dl-b5220 Tambor Dl-b5200, Rendimiento 30.000 Paginas , Para Equipo Bm5300adw. + Env\u00edo a domicilio + Pago seguro + Garant\u00eda","breadcrumb":{"@id":"https:\/\/compuviper.mx\/tienda\/producto\/pantum-dl-b5220-tambor-dl-b5200-rendimiento-30-000-paginas-para-equipo-bm5300adw\/#breadcrumb"},"inLanguage":"es-MX","potentialAction":[{"@type":"ReadAction","target":["https:\/\/compuviper.mx\/tienda\/producto\/pantum-dl-b5220-tambor-dl-b5200-rendimiento-30-000-paginas-para-equipo-bm5300adw\/"]}]},{"@type":"BreadcrumbList","@id":"https:\/\/compuviper.mx\/tienda\/producto\/pantum-dl-b5220-tambor-dl-b5200-rendimiento-30-000-paginas-para-equipo-bm5300adw\/#breadcrumb","itemListElement":[{"@type":"ListItem","position":1,"name":"Inicio","item":"https:\/\/compuviper.mx\/tienda\/"},{"@type":"ListItem","position":2,"name":"Productos","item":"https:\/\/compuviper.mx\/tienda\/productos\/"},{"@type":"ListItem","position":3,"name":"Consumibles","item":"https:\/\/compuviper.mx\/tienda\/categoria-producto\/consumibles\/"},{"@type":"ListItem","position":4,"name":"Tambor","item":"https:\/\/compuviper.mx\/tienda\/categoria-producto\/consumibles\/tambor\/"},{"@type":"ListItem","position":5,"name":"Pantum Dl-b5220 Tambor Dl-b5200, Rendimiento 30.000 Paginas , Para Equipo Bm5300adw."}]},{"@type":"WebSite","@id":"https:\/\/compuviper.mx\/tienda\/#website","url":"https:\/\/compuviper.mx\/tienda\/","name":"Compuviper","description":"Proveedor de Computadoras, Laptops, Servidores, Monitores, Puntos de Venta, Teclados,   Impresoras, T\u00f3ner, C\u00e1maras de Seguridad y m\u00e1s en tu tienda en l\u00ednea","publisher":{"@id":"https:\/\/compuviper.mx\/tienda\/#organization"},"potentialAction":[{"@type":"SearchAction","target":{"@type":"EntryPoint","urlTemplate":"https:\/\/compuviper.mx\/tienda\/?s={search_term_string}"},"query-input":"required name=search_term_string"}],"inLanguage":"es-MX"},{"@type":"Organization","@id":"https:\/\/compuviper.mx\/tienda\/#organization","name":"Compuviper","url":"https:\/\/compuviper.mx\/tienda\/","logo":{"@type":"ImageObject","inLanguage":"es-MX","@id":"https:\/\/compuviper.mx\/tienda\/#\/schema\/logo\/image\/","url":"https:\/\/compuviper.mx\/tienda\/wp-content\/uploads\/2021\/08\/Logo-Compuviper-10.png","contentUrl":"https:\/\/compuviper.mx\/tienda\/wp-content\/uploads\/2021\/08\/Logo-Compuviper-10.png","width":1000,"height":500,"caption":"Compuviper"},"image":{"@id":"https:\/\/compuviper.mx\/tienda\/#\/schema\/logo\/image\/"},"sameAs":["https:\/\/www.facebook.com\/compuviper","https:\/\/www.youtube.com\/channel\/UCf73dERp9Y3cfOq7q8BhLjA?view_as=subscriber"]}]},"product_brand":"Pantum","product_price_amount":"1052","product_price_currency":"MXN","og_availability":"out of stock","product_availability":"out of stock","product_retailer_item_id":"DL-B5220","product_condition":"new"},"_links":{"self":[{"href":"https:\/\/compuviper.mx\/tienda\/wp-json\/wp\/v2\/product\/264109"}],"collection":[{"href":"https:\/\/compuviper.mx\/tienda\/wp-json\/wp\/v2\/product"}],"about":[{"href":"https:\/\/compuviper.mx\/tienda\/wp-json\/wp\/v2\/types\/product"}],"replies":[{"embeddable":true,"href":"https:\/\/compuviper.mx\/tienda\/wp-json\/wp\/v2\/comments?post=264109"}],"wp:attachment":[{"href":"https:\/\/compuviper.mx\/tienda\/wp-json\/wp\/v2\/media?parent=264109"}],"wp:term":[{"taxonomy":"product_cat","embeddable":true,"href":"https:\/\/compuviper.mx\/tienda\/wp-json\/wp\/v2\/product_cat?post=264109"},{"taxonomy":"product_tag","embeddable":true,"href":"https:\/\/compuviper.mx\/tienda\/wp-json\/wp\/v2\/product_tag?post=264109"}],"curies":[{"name":"wp","href":"https:\/\/api.w.org\/{rel}","templated":true}]}}