{"id":264107,"date":"2026-04-10T23:49:57","date_gmt":"2026-04-11T05:49:57","guid":{"rendered":"https:\/\/compuviper.mx\/tienda\/producto\/balam-rush-br-942034-enfriamiento-de-aire-gamer-heliux-pro-hex60-rgb-6-pipas-tdp-240-w-compatibilidad-amd-intel-blanco\/"},"modified":"2026-04-10T23:49:57","modified_gmt":"2026-04-11T05:49:57","slug":"balam-rush-br-942034-enfriamiento-de-aire-gamer-heliux-pro-hex60-rgb-6-pipas-tdp-240-w-compatibilidad-amd-intel-blanco","status":"publish","type":"product","link":"https:\/\/compuviper.mx\/tienda\/producto\/balam-rush-br-942034-enfriamiento-de-aire-gamer-heliux-pro-hex60-rgb-6-pipas-tdp-240-w-compatibilidad-amd-intel-blanco\/","title":{"rendered":"Balam Rush Br-942034 Enfriamiento De Aire Gamer  Heliux Pro Hex60 \/ Rgb \/ 6 Pipas \/ Tdp 240 W \/ Compatibilidad Amd + Intel  \/  Blanco \/"},"content":{"rendered":"<table class=\"descripcion\">\n<tr>\n<td>Ficha tecnica<\/td>\n<\/tr>\n<tr>\n<td>Enfriamiento del aire heliux pro hex60<\/td>\n<\/tr>\n<tr>\n<td>\u0095modelo:br-942034<\/td>\n<\/tr>\n<tr>\n<td>\u0095producto: enfriamiento de aire<\/td>\n<\/tr>\n<tr>\n<td>\u0095color: blanco<\/td>\n<\/tr>\n<tr>\n<td>\u0095dimensiones: 120 x 78 x 153 mm<\/td>\n<\/tr>\n<tr>\n<td>\u0095dimensiones del disipador : 120 x 50 x 148 mm<\/td>\n<\/tr>\n<tr>\n<td>\u0095tamano de ventiladores : 120 x 120 x 27 mm<\/td>\n<\/tr>\n<tr>\n<td>\u0095peso radiador: 538 g<\/td>\n<\/tr>\n<tr>\n<td>\u0095no. de pipas: 6 pipas<\/td>\n<\/tr>\n<tr>\n<td>\u0095velocidad del ventilador: 600-2200 rpm 10 porciento<\/td>\n<\/tr>\n<tr>\n<td>\u0095flujo de aire: 74.27 cfm ft \/min<\/td>\n<\/tr>\n<tr>\n<td>\u0095presion del aire: 2.87 mmh2o<\/td>\n<\/tr>\n<tr>\n<td>\u0095ruido : 30 db<\/td>\n<\/tr>\n<tr>\n<td>\u0095conector del ventilador : pwm 4pin \/  hembra y macho<\/td>\n<\/tr>\n<tr>\n<td>\u0095tipo de rodamiento : hidrodinamico<\/td>\n<\/tr>\n<tr>\n<td>\u0095tdp : 240 w<\/td>\n<\/tr>\n<tr>\n<td>\u0095voltaje : 12 v led 5 v<\/td>\n<\/tr>\n<tr>\n<td>\u0095amperaje : 0.25 a led 0.5 a<\/td>\n<\/tr>\n<tr>\n<td>\u0095materiales : pbt \/ aluminio \/ cobre<\/td>\n<\/tr>\n<tr>\n<td>\u0095compatibilidad : intel 1200 \/ 115x \/ 1700 \/ 1851, amd am4 \/ am5<\/td>\n<\/tr>\n<tr>\n<td>\u0095tamano de placa : 43 x 35 mm<\/td>\n<\/tr>\n<\/table>\n","protected":false},"excerpt":{"rendered":"<p>Descripcion comercial del br-942027 balam rush heliux pro hex60. Es un disipador gamer para cpu de la marca balam rush, modelo heliux pro hex60, disenado para ofrecer refrigeracion por aire de alto rendimiento con ventilador de 120 mm y hasta 2200 rpm. Incorpora 6 tuberias de cobre con contacto directo para maximizar la disipacion termica, soportando hasta 240 w de potencia de disipacion, ideal para mantener temperaturas optimas en sesiones intensas<\/p>\n","protected":false},"featured_media":0,"comment_status":"open","ping_status":"open","template":"","meta":[],"product_cat":[1616,1612],"product_tag":[2097],"acf":[],"yoast_head":"<!-- This site is optimized with the Yoast SEO plugin v21.7 - https:\/\/yoast.com\/wordpress\/plugins\/seo\/ -->\n<title>[ Balam Rush ] &#129351; Br-942034 Enfriamiento De Aire Gamer Heliux Pro Hex60 \/ Rgb \/ 6 Pipas \/ Tdp 240 W \/ Compatibilidad Amd + Intel \/ Blanco \/<\/title>\n<meta name=\"description\" content=\"Compra Br-942034 Enfriamiento De Aire Gamer Heliux Pro Hex60 \/ Rgb \/ 6 Pipas \/ Tdp 240 W \/ Compatibilidad Amd + Intel \/ Blanco \/ + Env\u00edo a domicilio + Pago seguro + Garant\u00eda\" \/>\n<meta name=\"robots\" content=\"index, follow, max-snippet:-1, max-image-preview:large, max-video-preview:-1\" \/>\n<link rel=\"canonical\" href=\"https:\/\/compuviper.mx\/tienda\/producto\/balam-rush-br-942034-enfriamiento-de-aire-gamer-heliux-pro-hex60-rgb-6-pipas-tdp-240-w-compatibilidad-amd-intel-blanco\/\" \/>\n<meta property=\"og:locale\" content=\"es_MX\" \/>\n<meta property=\"og:type\" content=\"article\" \/>\n<meta property=\"og:title\" content=\"[ Balam Rush ] &#129351; Br-942034 Enfriamiento De Aire Gamer Heliux Pro Hex60 \/ Rgb \/ 6 Pipas \/ Tdp 240 W \/ Compatibilidad Amd + Intel \/ Blanco \/\" \/>\n<meta property=\"og:description\" content=\"Compra Br-942034 Enfriamiento De Aire Gamer Heliux Pro Hex60 \/ Rgb \/ 6 Pipas \/ Tdp 240 W \/ Compatibilidad Amd + Intel \/ Blanco \/ + Env\u00edo a domicilio + Pago seguro + Garant\u00eda\" \/>\n<meta property=\"og:url\" content=\"https:\/\/compuviper.mx\/tienda\/producto\/balam-rush-br-942034-enfriamiento-de-aire-gamer-heliux-pro-hex60-rgb-6-pipas-tdp-240-w-compatibilidad-amd-intel-blanco\/\" \/>\n<meta property=\"og:site_name\" content=\"Compuviper\" \/>\n<meta property=\"article:publisher\" content=\"https:\/\/www.facebook.com\/compuviper\" \/>\n<meta name=\"twitter:card\" content=\"summary_large_image\" \/>\n<meta name=\"twitter:label1\" content=\"Precio\" \/>\n\t<meta name=\"twitter:data1\" content=\"&#36;593 con IVA\" \/>\n\t<meta name=\"twitter:label2\" content=\"Availability\" \/>\n\t<meta name=\"twitter:data2\" content=\"Out of stock\" \/>\n<script type=\"application\/ld+json\" class=\"yoast-schema-graph\">{\"@context\":\"https:\/\/schema.org\",\"@graph\":[{\"@type\":\"WebPage\",\"@id\":\"https:\/\/compuviper.mx\/tienda\/producto\/balam-rush-br-942034-enfriamiento-de-aire-gamer-heliux-pro-hex60-rgb-6-pipas-tdp-240-w-compatibilidad-amd-intel-blanco\/\",\"url\":\"https:\/\/compuviper.mx\/tienda\/producto\/balam-rush-br-942034-enfriamiento-de-aire-gamer-heliux-pro-hex60-rgb-6-pipas-tdp-240-w-compatibilidad-amd-intel-blanco\/\",\"name\":\"[ Balam Rush ] &#129351; Br-942034 Enfriamiento De Aire Gamer Heliux Pro Hex60 \/ Rgb \/ 6 Pipas \/ Tdp 240 W \/ Compatibilidad Amd + Intel \/ Blanco \/\",\"isPartOf\":{\"@id\":\"https:\/\/compuviper.mx\/tienda\/#website\"},\"datePublished\":\"2026-04-11T05:49:57+00:00\",\"dateModified\":\"2026-04-11T05:49:57+00:00\",\"description\":\"Compra Br-942034 Enfriamiento De Aire Gamer Heliux Pro Hex60 \/ Rgb \/ 6 Pipas \/ Tdp 240 W \/ Compatibilidad Amd + Intel \/ Blanco \/ + Env\u00edo a domicilio + Pago seguro + Garant\u00eda\",\"breadcrumb\":{\"@id\":\"https:\/\/compuviper.mx\/tienda\/producto\/balam-rush-br-942034-enfriamiento-de-aire-gamer-heliux-pro-hex60-rgb-6-pipas-tdp-240-w-compatibilidad-amd-intel-blanco\/#breadcrumb\"},\"inLanguage\":\"es-MX\",\"potentialAction\":[{\"@type\":\"ReadAction\",\"target\":[\"https:\/\/compuviper.mx\/tienda\/producto\/balam-rush-br-942034-enfriamiento-de-aire-gamer-heliux-pro-hex60-rgb-6-pipas-tdp-240-w-compatibilidad-amd-intel-blanco\/\"]}]},{\"@type\":\"BreadcrumbList\",\"@id\":\"https:\/\/compuviper.mx\/tienda\/producto\/balam-rush-br-942034-enfriamiento-de-aire-gamer-heliux-pro-hex60-rgb-6-pipas-tdp-240-w-compatibilidad-amd-intel-blanco\/#breadcrumb\",\"itemListElement\":[{\"@type\":\"ListItem\",\"position\":1,\"name\":\"Inicio\",\"item\":\"https:\/\/compuviper.mx\/tienda\/\"},{\"@type\":\"ListItem\",\"position\":2,\"name\":\"Productos\",\"item\":\"https:\/\/compuviper.mx\/tienda\/productos\/\"},{\"@type\":\"ListItem\",\"position\":3,\"name\":\"Ventiladores\",\"item\":\"https:\/\/compuviper.mx\/tienda\/categoria-producto\/ventiladores\/\"},{\"@type\":\"ListItem\",\"position\":4,\"name\":\"Para Gabinete\",\"item\":\"https:\/\/compuviper.mx\/tienda\/categoria-producto\/ventiladores\/para-gabinete\/\"},{\"@type\":\"ListItem\",\"position\":5,\"name\":\"Balam Rush Br-942034 Enfriamiento De Aire Gamer Heliux Pro Hex60 \/ Rgb \/ 6 Pipas \/ Tdp 240 W \/ Compatibilidad Amd + Intel \/ Blanco \/\"}]},{\"@type\":\"WebSite\",\"@id\":\"https:\/\/compuviper.mx\/tienda\/#website\",\"url\":\"https:\/\/compuviper.mx\/tienda\/\",\"name\":\"Compuviper\",\"description\":\"Proveedor de Computadoras, Laptops, Servidores, Monitores, Puntos de Venta, Teclados,   Impresoras, T\u00f3ner, C\u00e1maras de Seguridad y m\u00e1s en tu tienda en l\u00ednea\",\"publisher\":{\"@id\":\"https:\/\/compuviper.mx\/tienda\/#organization\"},\"potentialAction\":[{\"@type\":\"SearchAction\",\"target\":{\"@type\":\"EntryPoint\",\"urlTemplate\":\"https:\/\/compuviper.mx\/tienda\/?s={search_term_string}\"},\"query-input\":\"required name=search_term_string\"}],\"inLanguage\":\"es-MX\"},{\"@type\":\"Organization\",\"@id\":\"https:\/\/compuviper.mx\/tienda\/#organization\",\"name\":\"Compuviper\",\"url\":\"https:\/\/compuviper.mx\/tienda\/\",\"logo\":{\"@type\":\"ImageObject\",\"inLanguage\":\"es-MX\",\"@id\":\"https:\/\/compuviper.mx\/tienda\/#\/schema\/logo\/image\/\",\"url\":\"https:\/\/compuviper.mx\/tienda\/wp-content\/uploads\/2021\/08\/Logo-Compuviper-10.png\",\"contentUrl\":\"https:\/\/compuviper.mx\/tienda\/wp-content\/uploads\/2021\/08\/Logo-Compuviper-10.png\",\"width\":1000,\"height\":500,\"caption\":\"Compuviper\"},\"image\":{\"@id\":\"https:\/\/compuviper.mx\/tienda\/#\/schema\/logo\/image\/\"},\"sameAs\":[\"https:\/\/www.facebook.com\/compuviper\",\"https:\/\/www.youtube.com\/channel\/UCf73dERp9Y3cfOq7q8BhLjA?view_as=subscriber\"]}]}<\/script>\n<meta property=\"product:brand\" content=\"Balam Rush\" \/>\n<meta property=\"product:price:amount\" content=\"593\" \/>\n<meta property=\"product:price:currency\" content=\"MXN\" \/>\n<meta property=\"og:availability\" content=\"out of stock\" \/>\n<meta property=\"product:availability\" content=\"out of stock\" \/>\n<meta property=\"product:retailer_item_id\" content=\"BR-942034\" \/>\n<meta property=\"product:condition\" content=\"new\" \/>\n<!-- \/ Yoast SEO plugin. -->","yoast_head_json":{"title":"[ Balam Rush ] &#129351; Br-942034 Enfriamiento De Aire Gamer Heliux Pro Hex60 \/ Rgb \/ 6 Pipas \/ Tdp 240 W \/ Compatibilidad Amd + Intel \/ Blanco \/","description":"Compra Br-942034 Enfriamiento De Aire Gamer Heliux Pro Hex60 \/ Rgb \/ 6 Pipas \/ Tdp 240 W \/ Compatibilidad Amd + Intel \/ Blanco \/ + Env\u00edo a domicilio + Pago seguro + Garant\u00eda","robots":{"index":"index","follow":"follow","max-snippet":"max-snippet:-1","max-image-preview":"max-image-preview:large","max-video-preview":"max-video-preview:-1"},"canonical":"https:\/\/compuviper.mx\/tienda\/producto\/balam-rush-br-942034-enfriamiento-de-aire-gamer-heliux-pro-hex60-rgb-6-pipas-tdp-240-w-compatibilidad-amd-intel-blanco\/","og_locale":"es_MX","og_type":"article","og_title":"[ Balam Rush ] &#129351; Br-942034 Enfriamiento De Aire Gamer Heliux Pro Hex60 \/ Rgb \/ 6 Pipas \/ Tdp 240 W \/ Compatibilidad Amd + Intel \/ Blanco \/","og_description":"Compra Br-942034 Enfriamiento De Aire Gamer Heliux Pro Hex60 \/ Rgb \/ 6 Pipas \/ Tdp 240 W \/ Compatibilidad Amd + Intel \/ Blanco \/ + Env\u00edo a domicilio + Pago seguro + Garant\u00eda","og_url":"https:\/\/compuviper.mx\/tienda\/producto\/balam-rush-br-942034-enfriamiento-de-aire-gamer-heliux-pro-hex60-rgb-6-pipas-tdp-240-w-compatibilidad-amd-intel-blanco\/","og_site_name":"Compuviper","article_publisher":"https:\/\/www.facebook.com\/compuviper","twitter_card":"summary_large_image","twitter_misc":{"Precio":"&#36;593 con IVA","Availability":"Out of stock"},"schema":{"@context":"https:\/\/schema.org","@graph":[{"@type":"WebPage","@id":"https:\/\/compuviper.mx\/tienda\/producto\/balam-rush-br-942034-enfriamiento-de-aire-gamer-heliux-pro-hex60-rgb-6-pipas-tdp-240-w-compatibilidad-amd-intel-blanco\/","url":"https:\/\/compuviper.mx\/tienda\/producto\/balam-rush-br-942034-enfriamiento-de-aire-gamer-heliux-pro-hex60-rgb-6-pipas-tdp-240-w-compatibilidad-amd-intel-blanco\/","name":"[ Balam Rush ] &#129351; Br-942034 Enfriamiento De Aire Gamer Heliux Pro Hex60 \/ Rgb \/ 6 Pipas \/ Tdp 240 W \/ Compatibilidad Amd + Intel \/ Blanco \/","isPartOf":{"@id":"https:\/\/compuviper.mx\/tienda\/#website"},"datePublished":"2026-04-11T05:49:57+00:00","dateModified":"2026-04-11T05:49:57+00:00","description":"Compra Br-942034 Enfriamiento De Aire Gamer Heliux Pro Hex60 \/ Rgb \/ 6 Pipas \/ Tdp 240 W \/ Compatibilidad Amd + Intel \/ Blanco \/ + Env\u00edo a domicilio + Pago seguro + Garant\u00eda","breadcrumb":{"@id":"https:\/\/compuviper.mx\/tienda\/producto\/balam-rush-br-942034-enfriamiento-de-aire-gamer-heliux-pro-hex60-rgb-6-pipas-tdp-240-w-compatibilidad-amd-intel-blanco\/#breadcrumb"},"inLanguage":"es-MX","potentialAction":[{"@type":"ReadAction","target":["https:\/\/compuviper.mx\/tienda\/producto\/balam-rush-br-942034-enfriamiento-de-aire-gamer-heliux-pro-hex60-rgb-6-pipas-tdp-240-w-compatibilidad-amd-intel-blanco\/"]}]},{"@type":"BreadcrumbList","@id":"https:\/\/compuviper.mx\/tienda\/producto\/balam-rush-br-942034-enfriamiento-de-aire-gamer-heliux-pro-hex60-rgb-6-pipas-tdp-240-w-compatibilidad-amd-intel-blanco\/#breadcrumb","itemListElement":[{"@type":"ListItem","position":1,"name":"Inicio","item":"https:\/\/compuviper.mx\/tienda\/"},{"@type":"ListItem","position":2,"name":"Productos","item":"https:\/\/compuviper.mx\/tienda\/productos\/"},{"@type":"ListItem","position":3,"name":"Ventiladores","item":"https:\/\/compuviper.mx\/tienda\/categoria-producto\/ventiladores\/"},{"@type":"ListItem","position":4,"name":"Para Gabinete","item":"https:\/\/compuviper.mx\/tienda\/categoria-producto\/ventiladores\/para-gabinete\/"},{"@type":"ListItem","position":5,"name":"Balam Rush Br-942034 Enfriamiento De Aire Gamer Heliux Pro Hex60 \/ Rgb \/ 6 Pipas \/ Tdp 240 W \/ Compatibilidad Amd + Intel \/ Blanco \/"}]},{"@type":"WebSite","@id":"https:\/\/compuviper.mx\/tienda\/#website","url":"https:\/\/compuviper.mx\/tienda\/","name":"Compuviper","description":"Proveedor de Computadoras, Laptops, Servidores, Monitores, Puntos de Venta, Teclados,   Impresoras, T\u00f3ner, C\u00e1maras de Seguridad y m\u00e1s en tu tienda en l\u00ednea","publisher":{"@id":"https:\/\/compuviper.mx\/tienda\/#organization"},"potentialAction":[{"@type":"SearchAction","target":{"@type":"EntryPoint","urlTemplate":"https:\/\/compuviper.mx\/tienda\/?s={search_term_string}"},"query-input":"required name=search_term_string"}],"inLanguage":"es-MX"},{"@type":"Organization","@id":"https:\/\/compuviper.mx\/tienda\/#organization","name":"Compuviper","url":"https:\/\/compuviper.mx\/tienda\/","logo":{"@type":"ImageObject","inLanguage":"es-MX","@id":"https:\/\/compuviper.mx\/tienda\/#\/schema\/logo\/image\/","url":"https:\/\/compuviper.mx\/tienda\/wp-content\/uploads\/2021\/08\/Logo-Compuviper-10.png","contentUrl":"https:\/\/compuviper.mx\/tienda\/wp-content\/uploads\/2021\/08\/Logo-Compuviper-10.png","width":1000,"height":500,"caption":"Compuviper"},"image":{"@id":"https:\/\/compuviper.mx\/tienda\/#\/schema\/logo\/image\/"},"sameAs":["https:\/\/www.facebook.com\/compuviper","https:\/\/www.youtube.com\/channel\/UCf73dERp9Y3cfOq7q8BhLjA?view_as=subscriber"]}]},"product_brand":"Balam Rush","product_price_amount":"593","product_price_currency":"MXN","og_availability":"out of stock","product_availability":"out of stock","product_retailer_item_id":"BR-942034","product_condition":"new"},"_links":{"self":[{"href":"https:\/\/compuviper.mx\/tienda\/wp-json\/wp\/v2\/product\/264107"}],"collection":[{"href":"https:\/\/compuviper.mx\/tienda\/wp-json\/wp\/v2\/product"}],"about":[{"href":"https:\/\/compuviper.mx\/tienda\/wp-json\/wp\/v2\/types\/product"}],"replies":[{"embeddable":true,"href":"https:\/\/compuviper.mx\/tienda\/wp-json\/wp\/v2\/comments?post=264107"}],"wp:attachment":[{"href":"https:\/\/compuviper.mx\/tienda\/wp-json\/wp\/v2\/media?parent=264107"}],"wp:term":[{"taxonomy":"product_cat","embeddable":true,"href":"https:\/\/compuviper.mx\/tienda\/wp-json\/wp\/v2\/product_cat?post=264107"},{"taxonomy":"product_tag","embeddable":true,"href":"https:\/\/compuviper.mx\/tienda\/wp-json\/wp\/v2\/product_tag?post=264107"}],"curies":[{"name":"wp","href":"https:\/\/api.w.org\/{rel}","templated":true}]}}