{"id":264101,"date":"2026-04-01T23:20:20","date_gmt":"2026-04-02T05:20:20","guid":{"rendered":"https:\/\/compuviper.mx\/tienda\/producto\/balam-rush-br-943628-base-enfriadora-froost-xtreme-be660-compatible-con-xbox-series-x-s-xbox-one-sistema-de-ventilacion-soporte-audifonos-rgb-negro\/"},"modified":"2026-04-01T23:20:20","modified_gmt":"2026-04-02T05:20:20","slug":"balam-rush-br-943628-base-enfriadora-froost-xtreme-be660-compatible-con-xbox-series-x-s-xbox-one-sistema-de-ventilacion-soporte-audifonos-rgb-negro","status":"publish","type":"product","link":"https:\/\/compuviper.mx\/tienda\/producto\/balam-rush-br-943628-base-enfriadora-froost-xtreme-be660-compatible-con-xbox-series-x-s-xbox-one-sistema-de-ventilacion-soporte-audifonos-rgb-negro\/","title":{"rendered":"Balam Rush Br-943628 Base Enfriadora  Froost Xtreme Be660 \/ Compatible Con Xbox Series X\/s\/xbox One \/ Sistema De Ventilacion \/ Soporte Audifonos \/ Rgb \/ Negro \/"},"content":{"rendered":"<table class=\"descripcion\">\n<tr>\n<td>Ficha tecnica<\/td>\n<\/tr>\n<tr>\n<td>Base enfriadora  para consola froost xtreme<\/td>\n<\/tr>\n<tr>\n<td>\u0095 modelo: br-943628<\/td>\n<\/tr>\n<tr>\n<td>\u0095 producto: base enfriadora para consola<\/td>\n<\/tr>\n<tr>\n<td>\u0095 material: abs \/ aluminio<\/td>\n<\/tr>\n<tr>\n<td>\u0095 dimensiones (l  w  h): 35 x 20.5 x 36.5 cm<\/td>\n<\/tr>\n<tr>\n<td>\u0095 peso: 1k<\/td>\n<\/tr>\n<tr>\n<td>\u0095 compatibilidad: xbox series x\/s  and  xbox one<\/td>\n<\/tr>\n<tr>\n<td>\u0095 puerto de entrada tipo c: 5 v &#8211; 3 a<\/td>\n<\/tr>\n<tr>\n<td>\u0095 corriente de carga controles: 500 ma x2<\/td>\n<\/tr>\n<tr>\n<td>\u0095 tiempo de carga completa controles: 4 horas<\/td>\n<\/tr>\n<tr>\n<td>\u0095 espacio de carga para controles: 2<\/td>\n<\/tr>\n<tr>\n<td>\u0095 salida de carga usba a : 5 v &#8211; 1 a<\/td>\n<\/tr>\n<tr>\n<td>\u0095 control de interruptor de luz y ventilador: boton touch<\/td>\n<\/tr>\n<tr>\n<td>\u0095 velocidad del ventilador: 4000 rpm<\/td>\n<\/tr>\n<tr>\n<td>\u0095 funcionamiento del ventilador : 5 v &#8211; 0.2 a<\/td>\n<\/tr>\n<tr>\n<td>\u0095 numero de rejillas porta juegos : 12<\/td>\n<\/tr>\n<tr>\n<td>\u0095 iluminacion: rgb, 6 modos<\/td>\n<\/tr>\n<\/table>\n","protected":false},"excerpt":{"rendered":"<p>La froost xtreme be660 es una base enfriadora de alto rendimiento disenada para mantener tu consola en condiciones optimas durante largas sesiones de juego. Su sistema de ventilacion avanzada garantiza una disipacion eficiente del calor, prolongando la vida util del equipo y ofreciendo una experiencia de juego mas estable<\/p>\n","protected":false},"featured_media":0,"comment_status":"open","ping_status":"open","template":"","meta":[],"product_cat":[1738,2223],"product_tag":[2097],"acf":[],"yoast_head":"<!-- This site is optimized with the Yoast SEO plugin v21.7 - https:\/\/yoast.com\/wordpress\/plugins\/seo\/ -->\n<title>[ Balam Rush ] &#129351; Br-943628 Base Enfriadora Froost Xtreme Be660 \/ Compatible Con Xbox Series X\/s\/xbox One \/ Sistema De Ventilacion \/ Soporte Audifonos \/ Rgb \/ Negro \/<\/title>\n<meta name=\"description\" content=\"Compra Br-943628 Base Enfriadora Froost Xtreme Be660 \/ Compatible Con Xbox Series X\/s\/xbox One \/ Sistema De Ventilacion \/ Soporte Audifonos \/ Rgb \/ Negro \/ + Env\u00edo a domicilio + Pago seguro + Garant\u00eda\" \/>\n<meta name=\"robots\" content=\"index, follow, max-snippet:-1, max-image-preview:large, max-video-preview:-1\" \/>\n<link rel=\"canonical\" href=\"https:\/\/compuviper.mx\/tienda\/producto\/balam-rush-br-943628-base-enfriadora-froost-xtreme-be660-compatible-con-xbox-series-x-s-xbox-one-sistema-de-ventilacion-soporte-audifonos-rgb-negro\/\" \/>\n<meta property=\"og:locale\" content=\"es_MX\" \/>\n<meta property=\"og:type\" content=\"article\" \/>\n<meta property=\"og:title\" content=\"[ Balam Rush ] &#129351; Br-943628 Base Enfriadora Froost Xtreme Be660 \/ Compatible Con Xbox Series X\/s\/xbox One \/ Sistema De Ventilacion \/ Soporte Audifonos \/ Rgb \/ Negro \/\" \/>\n<meta property=\"og:description\" content=\"Compra Br-943628 Base Enfriadora Froost Xtreme Be660 \/ Compatible Con Xbox Series X\/s\/xbox One \/ Sistema De Ventilacion \/ Soporte Audifonos \/ Rgb \/ Negro \/ + Env\u00edo a domicilio + Pago seguro + Garant\u00eda\" \/>\n<meta property=\"og:url\" content=\"https:\/\/compuviper.mx\/tienda\/producto\/balam-rush-br-943628-base-enfriadora-froost-xtreme-be660-compatible-con-xbox-series-x-s-xbox-one-sistema-de-ventilacion-soporte-audifonos-rgb-negro\/\" \/>\n<meta property=\"og:site_name\" content=\"Compuviper\" \/>\n<meta property=\"article:publisher\" content=\"https:\/\/www.facebook.com\/compuviper\" \/>\n<meta name=\"twitter:card\" content=\"summary_large_image\" \/>\n<meta name=\"twitter:label1\" content=\"Precio\" \/>\n\t<meta name=\"twitter:data1\" content=\"&#36;645 &#36;548 con IVA\" \/>\n\t<meta name=\"twitter:label2\" content=\"Availability\" \/>\n\t<meta name=\"twitter:data2\" content=\"Out of stock\" \/>\n<script type=\"application\/ld+json\" class=\"yoast-schema-graph\">{\"@context\":\"https:\/\/schema.org\",\"@graph\":[{\"@type\":\"WebPage\",\"@id\":\"https:\/\/compuviper.mx\/tienda\/producto\/balam-rush-br-943628-base-enfriadora-froost-xtreme-be660-compatible-con-xbox-series-x-s-xbox-one-sistema-de-ventilacion-soporte-audifonos-rgb-negro\/\",\"url\":\"https:\/\/compuviper.mx\/tienda\/producto\/balam-rush-br-943628-base-enfriadora-froost-xtreme-be660-compatible-con-xbox-series-x-s-xbox-one-sistema-de-ventilacion-soporte-audifonos-rgb-negro\/\",\"name\":\"[ Balam Rush ] &#129351; Br-943628 Base Enfriadora Froost Xtreme Be660 \/ Compatible Con Xbox Series X\/s\/xbox One \/ Sistema De Ventilacion \/ Soporte Audifonos \/ Rgb \/ Negro \/\",\"isPartOf\":{\"@id\":\"https:\/\/compuviper.mx\/tienda\/#website\"},\"datePublished\":\"2026-04-02T05:20:20+00:00\",\"dateModified\":\"2026-04-02T05:20:20+00:00\",\"description\":\"Compra Br-943628 Base Enfriadora Froost Xtreme Be660 \/ Compatible Con Xbox Series X\/s\/xbox One \/ Sistema De Ventilacion \/ Soporte Audifonos \/ Rgb \/ Negro \/ + Env\u00edo a domicilio + Pago seguro + Garant\u00eda\",\"breadcrumb\":{\"@id\":\"https:\/\/compuviper.mx\/tienda\/producto\/balam-rush-br-943628-base-enfriadora-froost-xtreme-be660-compatible-con-xbox-series-x-s-xbox-one-sistema-de-ventilacion-soporte-audifonos-rgb-negro\/#breadcrumb\"},\"inLanguage\":\"es-MX\",\"potentialAction\":[{\"@type\":\"ReadAction\",\"target\":[\"https:\/\/compuviper.mx\/tienda\/producto\/balam-rush-br-943628-base-enfriadora-froost-xtreme-be660-compatible-con-xbox-series-x-s-xbox-one-sistema-de-ventilacion-soporte-audifonos-rgb-negro\/\"]}]},{\"@type\":\"BreadcrumbList\",\"@id\":\"https:\/\/compuviper.mx\/tienda\/producto\/balam-rush-br-943628-base-enfriadora-froost-xtreme-be660-compatible-con-xbox-series-x-s-xbox-one-sistema-de-ventilacion-soporte-audifonos-rgb-negro\/#breadcrumb\",\"itemListElement\":[{\"@type\":\"ListItem\",\"position\":1,\"name\":\"Inicio\",\"item\":\"https:\/\/compuviper.mx\/tienda\/\"},{\"@type\":\"ListItem\",\"position\":2,\"name\":\"Productos\",\"item\":\"https:\/\/compuviper.mx\/tienda\/productos\/\"},{\"@type\":\"ListItem\",\"position\":3,\"name\":\"Games\",\"item\":\"https:\/\/compuviper.mx\/tienda\/categoria-producto\/games\/\"},{\"@type\":\"ListItem\",\"position\":4,\"name\":\"Sin Categor\u00eda\",\"item\":\"https:\/\/compuviper.mx\/tienda\/categoria-producto\/games\/sin-categoria-games\/\"},{\"@type\":\"ListItem\",\"position\":5,\"name\":\"Balam Rush Br-943628 Base Enfriadora Froost Xtreme Be660 \/ Compatible Con Xbox Series X\/s\/xbox One \/ Sistema De Ventilacion \/ Soporte Audifonos \/ Rgb \/ Negro \/\"}]},{\"@type\":\"WebSite\",\"@id\":\"https:\/\/compuviper.mx\/tienda\/#website\",\"url\":\"https:\/\/compuviper.mx\/tienda\/\",\"name\":\"Compuviper\",\"description\":\"Proveedor de Computadoras, Laptops, Servidores, Monitores, Puntos de Venta, Teclados,   Impresoras, T\u00f3ner, C\u00e1maras de Seguridad y m\u00e1s en tu tienda en l\u00ednea\",\"publisher\":{\"@id\":\"https:\/\/compuviper.mx\/tienda\/#organization\"},\"potentialAction\":[{\"@type\":\"SearchAction\",\"target\":{\"@type\":\"EntryPoint\",\"urlTemplate\":\"https:\/\/compuviper.mx\/tienda\/?s={search_term_string}\"},\"query-input\":\"required name=search_term_string\"}],\"inLanguage\":\"es-MX\"},{\"@type\":\"Organization\",\"@id\":\"https:\/\/compuviper.mx\/tienda\/#organization\",\"name\":\"Compuviper\",\"url\":\"https:\/\/compuviper.mx\/tienda\/\",\"logo\":{\"@type\":\"ImageObject\",\"inLanguage\":\"es-MX\",\"@id\":\"https:\/\/compuviper.mx\/tienda\/#\/schema\/logo\/image\/\",\"url\":\"https:\/\/compuviper.mx\/tienda\/wp-content\/uploads\/2021\/08\/Logo-Compuviper-10.png\",\"contentUrl\":\"https:\/\/compuviper.mx\/tienda\/wp-content\/uploads\/2021\/08\/Logo-Compuviper-10.png\",\"width\":1000,\"height\":500,\"caption\":\"Compuviper\"},\"image\":{\"@id\":\"https:\/\/compuviper.mx\/tienda\/#\/schema\/logo\/image\/\"},\"sameAs\":[\"https:\/\/www.facebook.com\/compuviper\",\"https:\/\/www.youtube.com\/channel\/UCf73dERp9Y3cfOq7q8BhLjA?view_as=subscriber\"]}]}<\/script>\n<meta property=\"product:brand\" content=\"Balam Rush\" \/>\n<meta property=\"product:price:amount\" content=\"548\" \/>\n<meta property=\"product:price:currency\" content=\"MXN\" \/>\n<meta property=\"og:availability\" content=\"out of stock\" \/>\n<meta property=\"product:availability\" content=\"out of stock\" \/>\n<meta property=\"product:retailer_item_id\" content=\"BR-943628\" \/>\n<meta property=\"product:condition\" content=\"new\" \/>\n<!-- \/ Yoast SEO plugin. -->","yoast_head_json":{"title":"[ Balam Rush ] &#129351; Br-943628 Base Enfriadora Froost Xtreme Be660 \/ Compatible Con Xbox Series X\/s\/xbox One \/ Sistema De Ventilacion \/ Soporte Audifonos \/ Rgb \/ Negro \/","description":"Compra Br-943628 Base Enfriadora Froost Xtreme Be660 \/ Compatible Con Xbox Series X\/s\/xbox One \/ Sistema De Ventilacion \/ Soporte Audifonos \/ Rgb \/ Negro \/ + Env\u00edo a domicilio + Pago seguro + Garant\u00eda","robots":{"index":"index","follow":"follow","max-snippet":"max-snippet:-1","max-image-preview":"max-image-preview:large","max-video-preview":"max-video-preview:-1"},"canonical":"https:\/\/compuviper.mx\/tienda\/producto\/balam-rush-br-943628-base-enfriadora-froost-xtreme-be660-compatible-con-xbox-series-x-s-xbox-one-sistema-de-ventilacion-soporte-audifonos-rgb-negro\/","og_locale":"es_MX","og_type":"article","og_title":"[ Balam Rush ] &#129351; Br-943628 Base Enfriadora Froost Xtreme Be660 \/ Compatible Con Xbox Series X\/s\/xbox One \/ Sistema De Ventilacion \/ Soporte Audifonos \/ Rgb \/ Negro \/","og_description":"Compra Br-943628 Base Enfriadora Froost Xtreme Be660 \/ Compatible Con Xbox Series X\/s\/xbox One \/ Sistema De Ventilacion \/ Soporte Audifonos \/ Rgb \/ Negro \/ + Env\u00edo a domicilio + Pago seguro + Garant\u00eda","og_url":"https:\/\/compuviper.mx\/tienda\/producto\/balam-rush-br-943628-base-enfriadora-froost-xtreme-be660-compatible-con-xbox-series-x-s-xbox-one-sistema-de-ventilacion-soporte-audifonos-rgb-negro\/","og_site_name":"Compuviper","article_publisher":"https:\/\/www.facebook.com\/compuviper","twitter_card":"summary_large_image","twitter_misc":{"Precio":"&#36;645 &#36;548 con IVA","Availability":"Out of stock"},"schema":{"@context":"https:\/\/schema.org","@graph":[{"@type":"WebPage","@id":"https:\/\/compuviper.mx\/tienda\/producto\/balam-rush-br-943628-base-enfriadora-froost-xtreme-be660-compatible-con-xbox-series-x-s-xbox-one-sistema-de-ventilacion-soporte-audifonos-rgb-negro\/","url":"https:\/\/compuviper.mx\/tienda\/producto\/balam-rush-br-943628-base-enfriadora-froost-xtreme-be660-compatible-con-xbox-series-x-s-xbox-one-sistema-de-ventilacion-soporte-audifonos-rgb-negro\/","name":"[ Balam Rush ] &#129351; Br-943628 Base Enfriadora Froost Xtreme Be660 \/ Compatible Con Xbox Series X\/s\/xbox One \/ Sistema De Ventilacion \/ Soporte Audifonos \/ Rgb \/ Negro \/","isPartOf":{"@id":"https:\/\/compuviper.mx\/tienda\/#website"},"datePublished":"2026-04-02T05:20:20+00:00","dateModified":"2026-04-02T05:20:20+00:00","description":"Compra Br-943628 Base Enfriadora Froost Xtreme Be660 \/ Compatible Con Xbox Series X\/s\/xbox One \/ Sistema De Ventilacion \/ Soporte Audifonos \/ Rgb \/ Negro \/ + Env\u00edo a domicilio + Pago seguro + Garant\u00eda","breadcrumb":{"@id":"https:\/\/compuviper.mx\/tienda\/producto\/balam-rush-br-943628-base-enfriadora-froost-xtreme-be660-compatible-con-xbox-series-x-s-xbox-one-sistema-de-ventilacion-soporte-audifonos-rgb-negro\/#breadcrumb"},"inLanguage":"es-MX","potentialAction":[{"@type":"ReadAction","target":["https:\/\/compuviper.mx\/tienda\/producto\/balam-rush-br-943628-base-enfriadora-froost-xtreme-be660-compatible-con-xbox-series-x-s-xbox-one-sistema-de-ventilacion-soporte-audifonos-rgb-negro\/"]}]},{"@type":"BreadcrumbList","@id":"https:\/\/compuviper.mx\/tienda\/producto\/balam-rush-br-943628-base-enfriadora-froost-xtreme-be660-compatible-con-xbox-series-x-s-xbox-one-sistema-de-ventilacion-soporte-audifonos-rgb-negro\/#breadcrumb","itemListElement":[{"@type":"ListItem","position":1,"name":"Inicio","item":"https:\/\/compuviper.mx\/tienda\/"},{"@type":"ListItem","position":2,"name":"Productos","item":"https:\/\/compuviper.mx\/tienda\/productos\/"},{"@type":"ListItem","position":3,"name":"Games","item":"https:\/\/compuviper.mx\/tienda\/categoria-producto\/games\/"},{"@type":"ListItem","position":4,"name":"Sin Categor\u00eda","item":"https:\/\/compuviper.mx\/tienda\/categoria-producto\/games\/sin-categoria-games\/"},{"@type":"ListItem","position":5,"name":"Balam Rush Br-943628 Base Enfriadora Froost Xtreme Be660 \/ Compatible Con Xbox Series X\/s\/xbox One \/ Sistema De Ventilacion \/ Soporte Audifonos \/ Rgb \/ Negro \/"}]},{"@type":"WebSite","@id":"https:\/\/compuviper.mx\/tienda\/#website","url":"https:\/\/compuviper.mx\/tienda\/","name":"Compuviper","description":"Proveedor de Computadoras, Laptops, Servidores, Monitores, Puntos de Venta, Teclados,   Impresoras, T\u00f3ner, C\u00e1maras de Seguridad y m\u00e1s en tu tienda en l\u00ednea","publisher":{"@id":"https:\/\/compuviper.mx\/tienda\/#organization"},"potentialAction":[{"@type":"SearchAction","target":{"@type":"EntryPoint","urlTemplate":"https:\/\/compuviper.mx\/tienda\/?s={search_term_string}"},"query-input":"required name=search_term_string"}],"inLanguage":"es-MX"},{"@type":"Organization","@id":"https:\/\/compuviper.mx\/tienda\/#organization","name":"Compuviper","url":"https:\/\/compuviper.mx\/tienda\/","logo":{"@type":"ImageObject","inLanguage":"es-MX","@id":"https:\/\/compuviper.mx\/tienda\/#\/schema\/logo\/image\/","url":"https:\/\/compuviper.mx\/tienda\/wp-content\/uploads\/2021\/08\/Logo-Compuviper-10.png","contentUrl":"https:\/\/compuviper.mx\/tienda\/wp-content\/uploads\/2021\/08\/Logo-Compuviper-10.png","width":1000,"height":500,"caption":"Compuviper"},"image":{"@id":"https:\/\/compuviper.mx\/tienda\/#\/schema\/logo\/image\/"},"sameAs":["https:\/\/www.facebook.com\/compuviper","https:\/\/www.youtube.com\/channel\/UCf73dERp9Y3cfOq7q8BhLjA?view_as=subscriber"]}]},"product_brand":"Balam Rush","product_price_amount":"548","product_price_currency":"MXN","og_availability":"out of stock","product_availability":"out of stock","product_retailer_item_id":"BR-943628","product_condition":"new"},"_links":{"self":[{"href":"https:\/\/compuviper.mx\/tienda\/wp-json\/wp\/v2\/product\/264101"}],"collection":[{"href":"https:\/\/compuviper.mx\/tienda\/wp-json\/wp\/v2\/product"}],"about":[{"href":"https:\/\/compuviper.mx\/tienda\/wp-json\/wp\/v2\/types\/product"}],"replies":[{"embeddable":true,"href":"https:\/\/compuviper.mx\/tienda\/wp-json\/wp\/v2\/comments?post=264101"}],"wp:attachment":[{"href":"https:\/\/compuviper.mx\/tienda\/wp-json\/wp\/v2\/media?parent=264101"}],"wp:term":[{"taxonomy":"product_cat","embeddable":true,"href":"https:\/\/compuviper.mx\/tienda\/wp-json\/wp\/v2\/product_cat?post=264101"},{"taxonomy":"product_tag","embeddable":true,"href":"https:\/\/compuviper.mx\/tienda\/wp-json\/wp\/v2\/product_tag?post=264101"}],"curies":[{"name":"wp","href":"https:\/\/api.w.org\/{rel}","templated":true}]}}