{"id":264099,"date":"2026-04-01T23:20:17","date_gmt":"2026-04-02T05:20:17","guid":{"rendered":"https:\/\/compuviper.mx\/tienda\/producto\/varios-k58374ww-kensington-magpro-elite-pantalla-de-privacidad-magntica-para-apple-macbook-air-de-13-m2-m3-m4-2022-y-posteriores\/"},"modified":"2026-04-01T23:20:17","modified_gmt":"2026-04-02T05:20:17","slug":"varios-k58374ww-kensington-magpro-elite-pantalla-de-privacidad-magntica-para-apple-macbook-air-de-13-m2-m3-m4-2022-y-posteriores","status":"publish","type":"product","link":"https:\/\/compuviper.mx\/tienda\/producto\/varios-k58374ww-kensington-magpro-elite-pantalla-de-privacidad-magntica-para-apple-macbook-air-de-13-m2-m3-m4-2022-y-posteriores\/","title":{"rendered":"Varios K58374ww Kensington\/ Magpro Elite Pantalla De Privacidad Magn?tica Para Apple Macbook Air De 13 (m2\/m3\/m4, 2022 Y Posteriores) \/"},"content":{"rendered":"<table class=\"descripcion\">\n<tr>\n<td>Fijaci\u00f3n magn\u00e9tica perfecta<\/td>\n<\/tr>\n<tr>\n<td>Se adhiere o se desprende f\u00e1cilmente del marco<\/td>\n<\/tr>\n<tr>\n<td>Del macbook air utilizando imanes incorporados.<\/td>\n<\/tr>\n<tr>\n<td>No se requiere configuraci\u00f3n ni adhesivos<\/td>\n<\/tr>\n<tr>\n<td>Potencialmente da\u00f1inos.<\/td>\n<\/tr>\n<tr>\n<td>Compatible con macbook air de 13 (m2\/m3\/m4,<\/td>\n<\/tr>\n<tr>\n<td>2022 y posteriores)<\/td>\n<\/tr>\n<tr>\n<td>El dise\u00f1o delgado permite que el macbook air<\/td>\n<\/tr>\n<tr>\n<td>Se cierre completamente y entre en modo<\/td>\n<\/tr>\n<tr>\n<td>De suspensi\u00f3n mientras la pantalla de<\/td>\n<\/tr>\n<tr>\n<td>Privacidad est\u00e1 colocada. tambi\u00e9n incluye<\/td>\n<\/tr>\n<tr>\n<td>Una ranura para la c\u00e1mara web que garantiza<\/td>\n<\/tr>\n<tr>\n<td>Una experiencia de videoconferencia sin obstrucciones.<\/td>\n<\/tr>\n<tr>\n<td>Reducci\u00f3n de luz azul<\/td>\n<\/tr>\n<tr>\n<td>Alivia la fatiga ocular y reduce las posibilidades<\/td>\n<\/tr>\n<tr>\n<td>De interrupciones en los patrones naturales de sue\u00f1o<\/td>\n<\/tr>\n<tr>\n<td>Al filtrar hasta el 52% de los nocivos rayos<\/td>\n<\/tr>\n<tr>\n<td>De luz azul de la pantalla.<\/td>\n<\/tr>\n<tr>\n<td>\u00e1ngulo de visualizaci\u00f3n enfocado en la privacidad<\/td>\n<\/tr>\n<tr>\n<td>Reduce el campo de visi\u00f3n a \u00b130\u00b0, para proteger<\/td>\n<\/tr>\n<tr>\n<td>La informaci\u00f3n en tu pantalla de miradas indiscretas<\/td>\n<\/tr>\n<tr>\n<td>Y disminuir las posibilidades de una violaci\u00f3n visual<\/td>\n<\/tr>\n<tr>\n<td>De datos en la oficina o en espacios p\u00fablicos.<\/td>\n<\/tr>\n<tr>\n<td>Recubrimiento antimicrobiano<\/td>\n<\/tr>\n<tr>\n<td>Aplicado solo en el lado mate, evita el crecimiento<\/td>\n<\/tr>\n<tr>\n<td>De moho y bacterias, que pueden causar manchas<\/td>\n<\/tr>\n<tr>\n<td>Y olores en la pel\u00edcula.<\/td>\n<\/tr>\n<tr>\n<td>Recubrimiento de baja reflectividad<\/td>\n<\/tr>\n<tr>\n<td>Reduce el deslumbramiento proveniente de<\/td>\n<\/tr>\n<tr>\n<td>Fuentes de luz externa para mejorar la claridad<\/td>\n<\/tr>\n<tr>\n<td>De visualizaci\u00f3n.<\/td>\n<\/tr>\n<tr>\n<td>Opciones de visualizaci\u00f3n reversibles<\/td>\n<\/tr>\n<tr>\n<td>El lado mate reduce el deslumbramiento y las huellas dactilares,<\/td>\n<\/tr>\n<tr>\n<td>Y el lado brillante proporciona una vista m\u00e1s clara del monitor.<\/td>\n<\/tr>\n<tr>\n<td>Los imanes facilitan quitar y volver a colocar la pantalla<\/td>\n<\/tr>\n<tr>\n<td>Al cambiar de lado para adaptarse a diferentes necesidades.<\/td>\n<\/tr>\n<tr>\n<td>Especificaciones del producto<\/td>\n<\/tr>\n<tr>\n<td>Categor\u00eda                                                                                                                                          descripci\u00f3n (es)<\/td>\n<\/tr>\n<tr>\n<td>Material                                                                                                                                                  pantalla de privacidad pet<\/td>\n<\/tr>\n<tr>\n<td>Dimensiones del producto<\/td>\n<\/tr>\n<tr>\n<td>Dimensiones de la unidad                                                                                                                   97.8 x 299.6 x 0.8 mm (3.85 x 11.80 x 0.03)<\/td>\n<\/tr>\n<tr>\n<td>Peso de la unidad                                                                                                                                   43 g (1.52 oz)<\/td>\n<\/tr>\n<tr>\n<td>Color\/material del contenedor                                                                                                           negro<\/td>\n<\/tr>\n<tr>\n<td>Empaque<\/td>\n<\/tr>\n<tr>\n<td>Estilo de empaque                                                                                                                                  sobre de venta al por menor<\/td>\n<\/tr>\n<tr>\n<td>Dimensiones del empaque                                                                                                                  385 x 260 x 5 mm (15.16 x 10.24 x 0.20)<\/td>\n<\/tr>\n<tr>\n<td>Peso del empaque                                                                                                                                  190 g (6.70 oz)<\/td>\n<\/tr>\n<tr>\n<td>Unidades por caja master                                                                                                                   10 piezas<\/td>\n<\/tr>\n<tr>\n<td>Dimensiones de la caja master                                                                                                           400 x 295 x 70 mm (15.75 x 11.61 x 2.76)<\/td>\n<\/tr>\n<tr>\n<td>Peso de la caja master                                                                                                                            2 kg<\/td>\n<\/tr>\n<tr>\n<td>Contenido del empaque                                                                                                                           tarjeta de garant\u00eda, gu\u00eda de instrucciones, pa\u00f1o de limpieza, cinta adhesiva de doble cara, soporte pl\u00e1stico<\/td>\n<\/tr>\n<tr>\n<td>Origen, regulaciones y garant\u00eda<\/td>\n<\/tr>\n<tr>\n<td>Pa\u00eds de origen                                                                                                                                   taiw\u00e1n<\/td>\n<\/tr>\n<tr>\n<td>Garant\u00eda                                                                                                                                                   garant\u00eda de 2 a\u00f1os<\/td>\n<\/tr>\n<tr>\n<td>Compatibilidad<\/td>\n<\/tr>\n<tr>\n<td>Modelos compatibles                                                                                                                            macbook air 13\u0094 (m2\/m3\/m4, 2022 y posteriores)<\/td>\n<\/tr>\n<\/table>\n","protected":false},"excerpt":{"rendered":"<p>La pantalla de privacidad perfecta para tu apple macbook air<\/p>\n","protected":false},"featured_media":0,"comment_status":"open","ping_status":"open","template":"","meta":[],"product_cat":[1485,2026],"product_tag":[1878],"acf":[],"yoast_head":"<!-- This site is optimized with the Yoast SEO plugin v21.7 - https:\/\/yoast.com\/wordpress\/plugins\/seo\/ -->\n<title>[ Varios ] &#129351; K58374ww Kensington\/ Magpro Elite Pantalla De Privacidad Magn\u00e9tica Para Apple Macbook Air De 13 (m2\/m3\/m4, 2022 Y Posteriores) \/<\/title>\n<meta name=\"description\" content=\"Compra K58374ww Kensington\/ Magpro Elite Pantalla De Privacidad Magn\u00e9tica Para Apple Macbook Air De 13 (m2\/m3\/m4, 2022 Y Posteriores) \/ + Env\u00edo a domicilio + Pago seguro + Garant\u00eda\" \/>\n<meta name=\"robots\" content=\"index, follow, max-snippet:-1, max-image-preview:large, max-video-preview:-1\" \/>\n<link rel=\"canonical\" href=\"https:\/\/compuviper.mx\/tienda\/producto\/varios-k58374ww-kensington-magpro-elite-pantalla-de-privacidad-magntica-para-apple-macbook-air-de-13-m2-m3-m4-2022-y-posteriores\/\" \/>\n<meta property=\"og:locale\" content=\"es_MX\" \/>\n<meta property=\"og:type\" content=\"article\" \/>\n<meta property=\"og:title\" content=\"[ Varios ] &#129351; K58374ww Kensington\/ Magpro Elite Pantalla De Privacidad Magn\u00e9tica Para Apple Macbook Air De 13 (m2\/m3\/m4, 2022 Y Posteriores) \/\" \/>\n<meta property=\"og:description\" content=\"Compra K58374ww Kensington\/ Magpro Elite Pantalla De Privacidad Magn\u00e9tica Para Apple Macbook Air De 13 (m2\/m3\/m4, 2022 Y Posteriores) \/ + Env\u00edo a domicilio + Pago seguro + Garant\u00eda\" \/>\n<meta property=\"og:url\" content=\"https:\/\/compuviper.mx\/tienda\/producto\/varios-k58374ww-kensington-magpro-elite-pantalla-de-privacidad-magntica-para-apple-macbook-air-de-13-m2-m3-m4-2022-y-posteriores\/\" \/>\n<meta property=\"og:site_name\" content=\"Compuviper\" \/>\n<meta property=\"article:publisher\" content=\"https:\/\/www.facebook.com\/compuviper\" \/>\n<meta name=\"twitter:card\" content=\"summary_large_image\" \/>\n<meta name=\"twitter:label1\" content=\"Precio\" \/>\n\t<meta name=\"twitter:data1\" content=\"&#36;787 con IVA\" \/>\n\t<meta name=\"twitter:label2\" content=\"Availability\" \/>\n\t<meta name=\"twitter:data2\" content=\"Out of stock\" \/>\n<script type=\"application\/ld+json\" class=\"yoast-schema-graph\">{\"@context\":\"https:\/\/schema.org\",\"@graph\":[{\"@type\":\"WebPage\",\"@id\":\"https:\/\/compuviper.mx\/tienda\/producto\/varios-k58374ww-kensington-magpro-elite-pantalla-de-privacidad-magntica-para-apple-macbook-air-de-13-m2-m3-m4-2022-y-posteriores\/\",\"url\":\"https:\/\/compuviper.mx\/tienda\/producto\/varios-k58374ww-kensington-magpro-elite-pantalla-de-privacidad-magntica-para-apple-macbook-air-de-13-m2-m3-m4-2022-y-posteriores\/\",\"name\":\"[ Varios ] &#129351; K58374ww Kensington\/ Magpro Elite Pantalla De Privacidad Magn\u00e9tica Para Apple Macbook Air De 13 (m2\/m3\/m4, 2022 Y Posteriores) \/\",\"isPartOf\":{\"@id\":\"https:\/\/compuviper.mx\/tienda\/#website\"},\"datePublished\":\"2026-04-02T05:20:17+00:00\",\"dateModified\":\"2026-04-02T05:20:17+00:00\",\"description\":\"Compra K58374ww Kensington\/ Magpro Elite Pantalla De Privacidad Magn\u00e9tica Para Apple Macbook Air De 13 (m2\/m3\/m4, 2022 Y Posteriores) \/ + Env\u00edo a domicilio + Pago seguro + Garant\u00eda\",\"breadcrumb\":{\"@id\":\"https:\/\/compuviper.mx\/tienda\/producto\/varios-k58374ww-kensington-magpro-elite-pantalla-de-privacidad-magntica-para-apple-macbook-air-de-13-m2-m3-m4-2022-y-posteriores\/#breadcrumb\"},\"inLanguage\":\"es-MX\",\"potentialAction\":[{\"@type\":\"ReadAction\",\"target\":[\"https:\/\/compuviper.mx\/tienda\/producto\/varios-k58374ww-kensington-magpro-elite-pantalla-de-privacidad-magntica-para-apple-macbook-air-de-13-m2-m3-m4-2022-y-posteriores\/\"]}]},{\"@type\":\"BreadcrumbList\",\"@id\":\"https:\/\/compuviper.mx\/tienda\/producto\/varios-k58374ww-kensington-magpro-elite-pantalla-de-privacidad-magntica-para-apple-macbook-air-de-13-m2-m3-m4-2022-y-posteriores\/#breadcrumb\",\"itemListElement\":[{\"@type\":\"ListItem\",\"position\":1,\"name\":\"Inicio\",\"item\":\"https:\/\/compuviper.mx\/tienda\/\"},{\"@type\":\"ListItem\",\"position\":2,\"name\":\"Productos\",\"item\":\"https:\/\/compuviper.mx\/tienda\/productos\/\"},{\"@type\":\"ListItem\",\"position\":3,\"name\":\"Accesorios\",\"item\":\"https:\/\/compuviper.mx\/tienda\/categoria-producto\/accesorios\/\"},{\"@type\":\"ListItem\",\"position\":4,\"name\":\"Filtros\",\"item\":\"https:\/\/compuviper.mx\/tienda\/categoria-producto\/accesorios\/filtros\/\"},{\"@type\":\"ListItem\",\"position\":5,\"name\":\"Varios K58374ww Kensington\/ Magpro Elite Pantalla De Privacidad Magn?tica Para Apple Macbook Air De 13 (m2\/m3\/m4, 2022 Y Posteriores) \/\"}]},{\"@type\":\"WebSite\",\"@id\":\"https:\/\/compuviper.mx\/tienda\/#website\",\"url\":\"https:\/\/compuviper.mx\/tienda\/\",\"name\":\"Compuviper\",\"description\":\"Proveedor de Computadoras, Laptops, Servidores, Monitores, Puntos de Venta, Teclados,   Impresoras, T\u00f3ner, C\u00e1maras de Seguridad y m\u00e1s en tu tienda en l\u00ednea\",\"publisher\":{\"@id\":\"https:\/\/compuviper.mx\/tienda\/#organization\"},\"potentialAction\":[{\"@type\":\"SearchAction\",\"target\":{\"@type\":\"EntryPoint\",\"urlTemplate\":\"https:\/\/compuviper.mx\/tienda\/?s={search_term_string}\"},\"query-input\":\"required name=search_term_string\"}],\"inLanguage\":\"es-MX\"},{\"@type\":\"Organization\",\"@id\":\"https:\/\/compuviper.mx\/tienda\/#organization\",\"name\":\"Compuviper\",\"url\":\"https:\/\/compuviper.mx\/tienda\/\",\"logo\":{\"@type\":\"ImageObject\",\"inLanguage\":\"es-MX\",\"@id\":\"https:\/\/compuviper.mx\/tienda\/#\/schema\/logo\/image\/\",\"url\":\"https:\/\/compuviper.mx\/tienda\/wp-content\/uploads\/2021\/08\/Logo-Compuviper-10.png\",\"contentUrl\":\"https:\/\/compuviper.mx\/tienda\/wp-content\/uploads\/2021\/08\/Logo-Compuviper-10.png\",\"width\":1000,\"height\":500,\"caption\":\"Compuviper\"},\"image\":{\"@id\":\"https:\/\/compuviper.mx\/tienda\/#\/schema\/logo\/image\/\"},\"sameAs\":[\"https:\/\/www.facebook.com\/compuviper\",\"https:\/\/www.youtube.com\/channel\/UCf73dERp9Y3cfOq7q8BhLjA?view_as=subscriber\"]}]}<\/script>\n<meta property=\"product:brand\" content=\"VARIOS\" \/>\n<meta property=\"product:price:amount\" content=\"787\" \/>\n<meta property=\"product:price:currency\" content=\"MXN\" \/>\n<meta property=\"og:availability\" content=\"out of stock\" \/>\n<meta property=\"product:availability\" content=\"out of stock\" \/>\n<meta property=\"product:retailer_item_id\" content=\"K58374WW\" \/>\n<meta property=\"product:condition\" content=\"new\" \/>\n<!-- \/ Yoast SEO plugin. -->","yoast_head_json":{"title":"[ Varios ] &#129351; K58374ww Kensington\/ Magpro Elite Pantalla De Privacidad Magn\u00e9tica Para Apple Macbook Air De 13 (m2\/m3\/m4, 2022 Y Posteriores) \/","description":"Compra K58374ww Kensington\/ Magpro Elite Pantalla De Privacidad Magn\u00e9tica Para Apple Macbook Air De 13 (m2\/m3\/m4, 2022 Y Posteriores) \/ + Env\u00edo a domicilio + Pago seguro + Garant\u00eda","robots":{"index":"index","follow":"follow","max-snippet":"max-snippet:-1","max-image-preview":"max-image-preview:large","max-video-preview":"max-video-preview:-1"},"canonical":"https:\/\/compuviper.mx\/tienda\/producto\/varios-k58374ww-kensington-magpro-elite-pantalla-de-privacidad-magntica-para-apple-macbook-air-de-13-m2-m3-m4-2022-y-posteriores\/","og_locale":"es_MX","og_type":"article","og_title":"[ Varios ] &#129351; K58374ww Kensington\/ Magpro Elite Pantalla De Privacidad Magn\u00e9tica Para Apple Macbook Air De 13 (m2\/m3\/m4, 2022 Y Posteriores) \/","og_description":"Compra K58374ww Kensington\/ Magpro Elite Pantalla De Privacidad Magn\u00e9tica Para Apple Macbook Air De 13 (m2\/m3\/m4, 2022 Y Posteriores) \/ + Env\u00edo a domicilio + Pago seguro + Garant\u00eda","og_url":"https:\/\/compuviper.mx\/tienda\/producto\/varios-k58374ww-kensington-magpro-elite-pantalla-de-privacidad-magntica-para-apple-macbook-air-de-13-m2-m3-m4-2022-y-posteriores\/","og_site_name":"Compuviper","article_publisher":"https:\/\/www.facebook.com\/compuviper","twitter_card":"summary_large_image","twitter_misc":{"Precio":"&#36;787 con IVA","Availability":"Out of stock"},"schema":{"@context":"https:\/\/schema.org","@graph":[{"@type":"WebPage","@id":"https:\/\/compuviper.mx\/tienda\/producto\/varios-k58374ww-kensington-magpro-elite-pantalla-de-privacidad-magntica-para-apple-macbook-air-de-13-m2-m3-m4-2022-y-posteriores\/","url":"https:\/\/compuviper.mx\/tienda\/producto\/varios-k58374ww-kensington-magpro-elite-pantalla-de-privacidad-magntica-para-apple-macbook-air-de-13-m2-m3-m4-2022-y-posteriores\/","name":"[ Varios ] &#129351; K58374ww Kensington\/ Magpro Elite Pantalla De Privacidad Magn\u00e9tica Para Apple Macbook Air De 13 (m2\/m3\/m4, 2022 Y Posteriores) \/","isPartOf":{"@id":"https:\/\/compuviper.mx\/tienda\/#website"},"datePublished":"2026-04-02T05:20:17+00:00","dateModified":"2026-04-02T05:20:17+00:00","description":"Compra K58374ww Kensington\/ Magpro Elite Pantalla De Privacidad Magn\u00e9tica Para Apple Macbook Air De 13 (m2\/m3\/m4, 2022 Y Posteriores) \/ + Env\u00edo a domicilio + Pago seguro + Garant\u00eda","breadcrumb":{"@id":"https:\/\/compuviper.mx\/tienda\/producto\/varios-k58374ww-kensington-magpro-elite-pantalla-de-privacidad-magntica-para-apple-macbook-air-de-13-m2-m3-m4-2022-y-posteriores\/#breadcrumb"},"inLanguage":"es-MX","potentialAction":[{"@type":"ReadAction","target":["https:\/\/compuviper.mx\/tienda\/producto\/varios-k58374ww-kensington-magpro-elite-pantalla-de-privacidad-magntica-para-apple-macbook-air-de-13-m2-m3-m4-2022-y-posteriores\/"]}]},{"@type":"BreadcrumbList","@id":"https:\/\/compuviper.mx\/tienda\/producto\/varios-k58374ww-kensington-magpro-elite-pantalla-de-privacidad-magntica-para-apple-macbook-air-de-13-m2-m3-m4-2022-y-posteriores\/#breadcrumb","itemListElement":[{"@type":"ListItem","position":1,"name":"Inicio","item":"https:\/\/compuviper.mx\/tienda\/"},{"@type":"ListItem","position":2,"name":"Productos","item":"https:\/\/compuviper.mx\/tienda\/productos\/"},{"@type":"ListItem","position":3,"name":"Accesorios","item":"https:\/\/compuviper.mx\/tienda\/categoria-producto\/accesorios\/"},{"@type":"ListItem","position":4,"name":"Filtros","item":"https:\/\/compuviper.mx\/tienda\/categoria-producto\/accesorios\/filtros\/"},{"@type":"ListItem","position":5,"name":"Varios K58374ww Kensington\/ Magpro Elite Pantalla De Privacidad Magn?tica Para Apple Macbook Air De 13 (m2\/m3\/m4, 2022 Y Posteriores) \/"}]},{"@type":"WebSite","@id":"https:\/\/compuviper.mx\/tienda\/#website","url":"https:\/\/compuviper.mx\/tienda\/","name":"Compuviper","description":"Proveedor de Computadoras, Laptops, Servidores, Monitores, Puntos de Venta, Teclados,   Impresoras, T\u00f3ner, C\u00e1maras de Seguridad y m\u00e1s en tu tienda en l\u00ednea","publisher":{"@id":"https:\/\/compuviper.mx\/tienda\/#organization"},"potentialAction":[{"@type":"SearchAction","target":{"@type":"EntryPoint","urlTemplate":"https:\/\/compuviper.mx\/tienda\/?s={search_term_string}"},"query-input":"required name=search_term_string"}],"inLanguage":"es-MX"},{"@type":"Organization","@id":"https:\/\/compuviper.mx\/tienda\/#organization","name":"Compuviper","url":"https:\/\/compuviper.mx\/tienda\/","logo":{"@type":"ImageObject","inLanguage":"es-MX","@id":"https:\/\/compuviper.mx\/tienda\/#\/schema\/logo\/image\/","url":"https:\/\/compuviper.mx\/tienda\/wp-content\/uploads\/2021\/08\/Logo-Compuviper-10.png","contentUrl":"https:\/\/compuviper.mx\/tienda\/wp-content\/uploads\/2021\/08\/Logo-Compuviper-10.png","width":1000,"height":500,"caption":"Compuviper"},"image":{"@id":"https:\/\/compuviper.mx\/tienda\/#\/schema\/logo\/image\/"},"sameAs":["https:\/\/www.facebook.com\/compuviper","https:\/\/www.youtube.com\/channel\/UCf73dERp9Y3cfOq7q8BhLjA?view_as=subscriber"]}]},"product_brand":"VARIOS","product_price_amount":"787","product_price_currency":"MXN","og_availability":"out of stock","product_availability":"out of stock","product_retailer_item_id":"K58374WW","product_condition":"new"},"_links":{"self":[{"href":"https:\/\/compuviper.mx\/tienda\/wp-json\/wp\/v2\/product\/264099"}],"collection":[{"href":"https:\/\/compuviper.mx\/tienda\/wp-json\/wp\/v2\/product"}],"about":[{"href":"https:\/\/compuviper.mx\/tienda\/wp-json\/wp\/v2\/types\/product"}],"replies":[{"embeddable":true,"href":"https:\/\/compuviper.mx\/tienda\/wp-json\/wp\/v2\/comments?post=264099"}],"wp:attachment":[{"href":"https:\/\/compuviper.mx\/tienda\/wp-json\/wp\/v2\/media?parent=264099"}],"wp:term":[{"taxonomy":"product_cat","embeddable":true,"href":"https:\/\/compuviper.mx\/tienda\/wp-json\/wp\/v2\/product_cat?post=264099"},{"taxonomy":"product_tag","embeddable":true,"href":"https:\/\/compuviper.mx\/tienda\/wp-json\/wp\/v2\/product_tag?post=264099"}],"curies":[{"name":"wp","href":"https:\/\/api.w.org\/{rel}","templated":true}]}}