{"id":264095,"date":"2026-04-02T02:10:13","date_gmt":"2026-04-02T08:10:13","guid":{"rendered":"https:\/\/compuviper.mx\/tienda\/producto\/start-the-game-hpb-401-led-diadema-bluetooth-manos-libres-plegables-hasta-13-horas-de-msica\/"},"modified":"2026-04-02T02:10:14","modified_gmt":"2026-04-02T08:10:14","slug":"start-the-game-hpb-401-led-diadema-bluetooth-manos-libres-plegables-hasta-13-horas-de-msica","status":"publish","type":"product","link":"https:\/\/compuviper.mx\/tienda\/producto\/start-the-game-hpb-401-led-diadema-bluetooth-manos-libres-plegables-hasta-13-horas-de-msica\/","title":{"rendered":"Start The Game Hpb-401-led  Diadema Bluetooth Manos Libres, Plegables, Hasta 13 Horas De M?sica"},"content":{"rendered":"<table class=\"descripcion\">\n<tr>\n<td>Art\u00edculo: diadema bluetooth<\/td>\n<\/tr>\n<tr>\n<td>Rango de frecuencia: 20 hz &#8211; 20 khz<\/td>\n<\/tr>\n<tr>\n<td>Sensibilidad: 119\u00b13db<\/td>\n<\/tr>\n<tr>\n<td>Impedancia: 32  and #937;<\/td>\n<\/tr>\n<tr>\n<td>Potencia: 30mw<\/td>\n<\/tr>\n<tr>\n<td>Thd:   1%<\/td>\n<\/tr>\n<tr>\n<td>Conector: bluetooth, tf, 3.5 mm<\/td>\n<\/tr>\n<tr>\n<td>Di\u00e1metro de bocina: 40mm<\/td>\n<\/tr>\n<tr>\n<td>Micr\u00f3fono<\/td>\n<\/tr>\n<tr>\n<td>Rango de frecuencia: 30 hz &#8211; 16 khz<\/td>\n<\/tr>\n<tr>\n<td>Sensibilidad micr\u00f3fono: -38db \u00b1 3db<\/td>\n<\/tr>\n<tr>\n<td>Compatibilidad: bluetooth 5.3<\/td>\n<\/tr>\n<tr>\n<td>Alcance \/ bt wirless: 10m<\/td>\n<\/tr>\n<tr>\n<td>Peso del producto: 220g<\/td>\n<\/tr>\n<tr>\n<td>Bater\u00eda: li-polymer (3.7 v 500 mah)<\/td>\n<\/tr>\n<tr>\n<td>Tiempo de reproducci\u00f3n: hasta 13 hrs*<\/td>\n<\/tr>\n<\/table>\n","protected":false},"excerpt":{"rendered":"<p>La diadema hpb-401-led de start the game no s\u00f3lo te sumergir\u00e1 al m\u00e1ximo en el juego, sino que su bater\u00eda de larga duraci\u00f3n e iluminaci\u00f3n multicolor, te har\u00e1n vivir la verdadera experiencia gaming.<\/p>\n","protected":false},"featured_media":0,"comment_status":"open","ping_status":"open","template":"","meta":[],"product_cat":[1552,1822],"product_tag":[2297],"acf":[],"yoast_head":"<!-- This site is optimized with the Yoast SEO plugin v21.7 - https:\/\/yoast.com\/wordpress\/plugins\/seo\/ -->\n<title>[ Start The Game ] &#129351; Hpb-401-led Diadema Bluetooth Manos Libres, Plegables, Hasta 13 Horas De M\u00fasica<\/title>\n<meta name=\"description\" content=\"Compra Hpb-401-led Diadema Bluetooth Manos Libres, Plegables, Hasta 13 Horas De M\u00fasica + Env\u00edo a domicilio + Pago seguro + Garant\u00eda\" \/>\n<meta name=\"robots\" content=\"index, follow, max-snippet:-1, max-image-preview:large, max-video-preview:-1\" \/>\n<link rel=\"canonical\" href=\"https:\/\/compuviper.mx\/tienda\/producto\/start-the-game-hpb-401-led-diadema-bluetooth-manos-libres-plegables-hasta-13-horas-de-msica\/\" \/>\n<meta property=\"og:locale\" content=\"es_MX\" \/>\n<meta property=\"og:type\" content=\"article\" \/>\n<meta property=\"og:title\" content=\"[ Start The Game ] &#129351; Hpb-401-led Diadema Bluetooth Manos Libres, Plegables, Hasta 13 Horas De M\u00fasica\" \/>\n<meta property=\"og:description\" content=\"Compra Hpb-401-led Diadema Bluetooth Manos Libres, Plegables, Hasta 13 Horas De M\u00fasica + Env\u00edo a domicilio + Pago seguro + Garant\u00eda\" \/>\n<meta property=\"og:url\" content=\"https:\/\/compuviper.mx\/tienda\/producto\/start-the-game-hpb-401-led-diadema-bluetooth-manos-libres-plegables-hasta-13-horas-de-msica\/\" \/>\n<meta property=\"og:site_name\" content=\"Compuviper\" \/>\n<meta property=\"article:publisher\" content=\"https:\/\/www.facebook.com\/compuviper\" \/>\n<meta property=\"article:modified_time\" content=\"2026-04-02T08:10:14+00:00\" \/>\n<meta name=\"twitter:card\" content=\"summary_large_image\" \/>\n<meta name=\"twitter:label1\" content=\"Precio\" \/>\n\t<meta name=\"twitter:data1\" content=\"&#36;471 con IVA\" \/>\n\t<meta name=\"twitter:label2\" content=\"Availability\" \/>\n\t<meta name=\"twitter:data2\" content=\"Out of stock\" \/>\n<script type=\"application\/ld+json\" class=\"yoast-schema-graph\">{\"@context\":\"https:\/\/schema.org\",\"@graph\":[{\"@type\":\"WebPage\",\"@id\":\"https:\/\/compuviper.mx\/tienda\/producto\/start-the-game-hpb-401-led-diadema-bluetooth-manos-libres-plegables-hasta-13-horas-de-msica\/\",\"url\":\"https:\/\/compuviper.mx\/tienda\/producto\/start-the-game-hpb-401-led-diadema-bluetooth-manos-libres-plegables-hasta-13-horas-de-msica\/\",\"name\":\"[ Start The Game ] &#129351; Hpb-401-led Diadema Bluetooth Manos Libres, Plegables, Hasta 13 Horas De M\u00fasica\",\"isPartOf\":{\"@id\":\"https:\/\/compuviper.mx\/tienda\/#website\"},\"datePublished\":\"2026-04-02T08:10:13+00:00\",\"dateModified\":\"2026-04-02T08:10:14+00:00\",\"description\":\"Compra Hpb-401-led Diadema Bluetooth Manos Libres, Plegables, Hasta 13 Horas De M\u00fasica + Env\u00edo a domicilio + Pago seguro + Garant\u00eda\",\"breadcrumb\":{\"@id\":\"https:\/\/compuviper.mx\/tienda\/producto\/start-the-game-hpb-401-led-diadema-bluetooth-manos-libres-plegables-hasta-13-horas-de-msica\/#breadcrumb\"},\"inLanguage\":\"es-MX\",\"potentialAction\":[{\"@type\":\"ReadAction\",\"target\":[\"https:\/\/compuviper.mx\/tienda\/producto\/start-the-game-hpb-401-led-diadema-bluetooth-manos-libres-plegables-hasta-13-horas-de-msica\/\"]}]},{\"@type\":\"BreadcrumbList\",\"@id\":\"https:\/\/compuviper.mx\/tienda\/producto\/start-the-game-hpb-401-led-diadema-bluetooth-manos-libres-plegables-hasta-13-horas-de-msica\/#breadcrumb\",\"itemListElement\":[{\"@type\":\"ListItem\",\"position\":1,\"name\":\"Inicio\",\"item\":\"https:\/\/compuviper.mx\/tienda\/\"},{\"@type\":\"ListItem\",\"position\":2,\"name\":\"Productos\",\"item\":\"https:\/\/compuviper.mx\/tienda\/productos\/\"},{\"@type\":\"ListItem\",\"position\":3,\"name\":\"Audifonos Y Micro\",\"item\":\"https:\/\/compuviper.mx\/tienda\/categoria-producto\/audifonos-y-micro\/\"},{\"@type\":\"ListItem\",\"position\":4,\"name\":\"Gamers\",\"item\":\"https:\/\/compuviper.mx\/tienda\/categoria-producto\/audifonos-y-micro\/gamers-audifonos-y-micro\/\"},{\"@type\":\"ListItem\",\"position\":5,\"name\":\"Start The Game Hpb-401-led Diadema Bluetooth Manos Libres, Plegables, Hasta 13 Horas De M?sica\"}]},{\"@type\":\"WebSite\",\"@id\":\"https:\/\/compuviper.mx\/tienda\/#website\",\"url\":\"https:\/\/compuviper.mx\/tienda\/\",\"name\":\"Compuviper\",\"description\":\"Proveedor de Computadoras, Laptops, Servidores, Monitores, Puntos de Venta, Teclados,   Impresoras, T\u00f3ner, C\u00e1maras de Seguridad y m\u00e1s en tu tienda en l\u00ednea\",\"publisher\":{\"@id\":\"https:\/\/compuviper.mx\/tienda\/#organization\"},\"potentialAction\":[{\"@type\":\"SearchAction\",\"target\":{\"@type\":\"EntryPoint\",\"urlTemplate\":\"https:\/\/compuviper.mx\/tienda\/?s={search_term_string}\"},\"query-input\":\"required name=search_term_string\"}],\"inLanguage\":\"es-MX\"},{\"@type\":\"Organization\",\"@id\":\"https:\/\/compuviper.mx\/tienda\/#organization\",\"name\":\"Compuviper\",\"url\":\"https:\/\/compuviper.mx\/tienda\/\",\"logo\":{\"@type\":\"ImageObject\",\"inLanguage\":\"es-MX\",\"@id\":\"https:\/\/compuviper.mx\/tienda\/#\/schema\/logo\/image\/\",\"url\":\"https:\/\/compuviper.mx\/tienda\/wp-content\/uploads\/2021\/08\/Logo-Compuviper-10.png\",\"contentUrl\":\"https:\/\/compuviper.mx\/tienda\/wp-content\/uploads\/2021\/08\/Logo-Compuviper-10.png\",\"width\":1000,\"height\":500,\"caption\":\"Compuviper\"},\"image\":{\"@id\":\"https:\/\/compuviper.mx\/tienda\/#\/schema\/logo\/image\/\"},\"sameAs\":[\"https:\/\/www.facebook.com\/compuviper\",\"https:\/\/www.youtube.com\/channel\/UCf73dERp9Y3cfOq7q8BhLjA?view_as=subscriber\"]}]}<\/script>\n<meta property=\"product:brand\" content=\"Start The Game\" \/>\n<meta property=\"product:price:amount\" content=\"471\" \/>\n<meta property=\"product:price:currency\" content=\"MXN\" \/>\n<meta property=\"og:availability\" content=\"out of stock\" \/>\n<meta property=\"product:availability\" content=\"out of stock\" \/>\n<meta property=\"product:retailer_item_id\" content=\"HPB-401-LED\" \/>\n<meta property=\"product:condition\" content=\"new\" \/>\n<!-- \/ Yoast SEO plugin. -->","yoast_head_json":{"title":"[ Start The Game ] &#129351; Hpb-401-led Diadema Bluetooth Manos Libres, Plegables, Hasta 13 Horas De M\u00fasica","description":"Compra Hpb-401-led Diadema Bluetooth Manos Libres, Plegables, Hasta 13 Horas De M\u00fasica + Env\u00edo a domicilio + Pago seguro + Garant\u00eda","robots":{"index":"index","follow":"follow","max-snippet":"max-snippet:-1","max-image-preview":"max-image-preview:large","max-video-preview":"max-video-preview:-1"},"canonical":"https:\/\/compuviper.mx\/tienda\/producto\/start-the-game-hpb-401-led-diadema-bluetooth-manos-libres-plegables-hasta-13-horas-de-msica\/","og_locale":"es_MX","og_type":"article","og_title":"[ Start The Game ] &#129351; Hpb-401-led Diadema Bluetooth Manos Libres, Plegables, Hasta 13 Horas De M\u00fasica","og_description":"Compra Hpb-401-led Diadema Bluetooth Manos Libres, Plegables, Hasta 13 Horas De M\u00fasica + Env\u00edo a domicilio + Pago seguro + Garant\u00eda","og_url":"https:\/\/compuviper.mx\/tienda\/producto\/start-the-game-hpb-401-led-diadema-bluetooth-manos-libres-plegables-hasta-13-horas-de-msica\/","og_site_name":"Compuviper","article_publisher":"https:\/\/www.facebook.com\/compuviper","article_modified_time":"2026-04-02T08:10:14+00:00","twitter_card":"summary_large_image","twitter_misc":{"Precio":"&#36;471 con IVA","Availability":"Out of stock"},"schema":{"@context":"https:\/\/schema.org","@graph":[{"@type":"WebPage","@id":"https:\/\/compuviper.mx\/tienda\/producto\/start-the-game-hpb-401-led-diadema-bluetooth-manos-libres-plegables-hasta-13-horas-de-msica\/","url":"https:\/\/compuviper.mx\/tienda\/producto\/start-the-game-hpb-401-led-diadema-bluetooth-manos-libres-plegables-hasta-13-horas-de-msica\/","name":"[ Start The Game ] &#129351; Hpb-401-led Diadema Bluetooth Manos Libres, Plegables, Hasta 13 Horas De M\u00fasica","isPartOf":{"@id":"https:\/\/compuviper.mx\/tienda\/#website"},"datePublished":"2026-04-02T08:10:13+00:00","dateModified":"2026-04-02T08:10:14+00:00","description":"Compra Hpb-401-led Diadema Bluetooth Manos Libres, Plegables, Hasta 13 Horas De M\u00fasica + Env\u00edo a domicilio + Pago seguro + Garant\u00eda","breadcrumb":{"@id":"https:\/\/compuviper.mx\/tienda\/producto\/start-the-game-hpb-401-led-diadema-bluetooth-manos-libres-plegables-hasta-13-horas-de-msica\/#breadcrumb"},"inLanguage":"es-MX","potentialAction":[{"@type":"ReadAction","target":["https:\/\/compuviper.mx\/tienda\/producto\/start-the-game-hpb-401-led-diadema-bluetooth-manos-libres-plegables-hasta-13-horas-de-msica\/"]}]},{"@type":"BreadcrumbList","@id":"https:\/\/compuviper.mx\/tienda\/producto\/start-the-game-hpb-401-led-diadema-bluetooth-manos-libres-plegables-hasta-13-horas-de-msica\/#breadcrumb","itemListElement":[{"@type":"ListItem","position":1,"name":"Inicio","item":"https:\/\/compuviper.mx\/tienda\/"},{"@type":"ListItem","position":2,"name":"Productos","item":"https:\/\/compuviper.mx\/tienda\/productos\/"},{"@type":"ListItem","position":3,"name":"Audifonos Y Micro","item":"https:\/\/compuviper.mx\/tienda\/categoria-producto\/audifonos-y-micro\/"},{"@type":"ListItem","position":4,"name":"Gamers","item":"https:\/\/compuviper.mx\/tienda\/categoria-producto\/audifonos-y-micro\/gamers-audifonos-y-micro\/"},{"@type":"ListItem","position":5,"name":"Start The Game Hpb-401-led Diadema Bluetooth Manos Libres, Plegables, Hasta 13 Horas De M?sica"}]},{"@type":"WebSite","@id":"https:\/\/compuviper.mx\/tienda\/#website","url":"https:\/\/compuviper.mx\/tienda\/","name":"Compuviper","description":"Proveedor de Computadoras, Laptops, Servidores, Monitores, Puntos de Venta, Teclados,   Impresoras, T\u00f3ner, C\u00e1maras de Seguridad y m\u00e1s en tu tienda en l\u00ednea","publisher":{"@id":"https:\/\/compuviper.mx\/tienda\/#organization"},"potentialAction":[{"@type":"SearchAction","target":{"@type":"EntryPoint","urlTemplate":"https:\/\/compuviper.mx\/tienda\/?s={search_term_string}"},"query-input":"required name=search_term_string"}],"inLanguage":"es-MX"},{"@type":"Organization","@id":"https:\/\/compuviper.mx\/tienda\/#organization","name":"Compuviper","url":"https:\/\/compuviper.mx\/tienda\/","logo":{"@type":"ImageObject","inLanguage":"es-MX","@id":"https:\/\/compuviper.mx\/tienda\/#\/schema\/logo\/image\/","url":"https:\/\/compuviper.mx\/tienda\/wp-content\/uploads\/2021\/08\/Logo-Compuviper-10.png","contentUrl":"https:\/\/compuviper.mx\/tienda\/wp-content\/uploads\/2021\/08\/Logo-Compuviper-10.png","width":1000,"height":500,"caption":"Compuviper"},"image":{"@id":"https:\/\/compuviper.mx\/tienda\/#\/schema\/logo\/image\/"},"sameAs":["https:\/\/www.facebook.com\/compuviper","https:\/\/www.youtube.com\/channel\/UCf73dERp9Y3cfOq7q8BhLjA?view_as=subscriber"]}]},"product_brand":"Start The Game","product_price_amount":"471","product_price_currency":"MXN","og_availability":"out of stock","product_availability":"out of stock","product_retailer_item_id":"HPB-401-LED","product_condition":"new"},"_links":{"self":[{"href":"https:\/\/compuviper.mx\/tienda\/wp-json\/wp\/v2\/product\/264095"}],"collection":[{"href":"https:\/\/compuviper.mx\/tienda\/wp-json\/wp\/v2\/product"}],"about":[{"href":"https:\/\/compuviper.mx\/tienda\/wp-json\/wp\/v2\/types\/product"}],"replies":[{"embeddable":true,"href":"https:\/\/compuviper.mx\/tienda\/wp-json\/wp\/v2\/comments?post=264095"}],"wp:attachment":[{"href":"https:\/\/compuviper.mx\/tienda\/wp-json\/wp\/v2\/media?parent=264095"}],"wp:term":[{"taxonomy":"product_cat","embeddable":true,"href":"https:\/\/compuviper.mx\/tienda\/wp-json\/wp\/v2\/product_cat?post=264095"},{"taxonomy":"product_tag","embeddable":true,"href":"https:\/\/compuviper.mx\/tienda\/wp-json\/wp\/v2\/product_tag?post=264095"}],"curies":[{"name":"wp","href":"https:\/\/api.w.org\/{rel}","templated":true}]}}