{"id":264090,"date":"2026-04-09T02:12:46","date_gmt":"2026-04-09T08:12:46","guid":{"rendered":"https:\/\/compuviper.mx\/tienda\/producto\/poly-8x230aa-diadema-hp-bw-5210-monoaurales-usb-c-a-conector-de-35-mm-cancelacion-de-ruido-2\/"},"modified":"2026-04-09T02:12:47","modified_gmt":"2026-04-09T08:12:47","slug":"poly-8x230aa-diadema-hp-bw-5210-monoaurales-usb-c-a-conector-de-35-mm-cancelacion-de-ruido","status":"publish","type":"product","link":"https:\/\/compuviper.mx\/tienda\/producto\/poly-8x230aa-diadema-hp-bw-5210-monoaurales-usb-c-a-conector-de-35-mm-cancelacion-de-ruido\/","title":{"rendered":"Poly 8x230aa Diadema Hp   Bw 5210 \/ Monoaurales Usb-c\/a Conector De 3,5 Mm Cancelacion De Ruido"},"content":{"rendered":"<table class=\"descripcion\">\n<tr>\n<td>Compatibilidad:  compatible con pc a trav\u00e9s de usb\/usb type-c, se conecta a dispositivos m\u00f3viles y tabletas a trav\u00e9s de 3,5 mm y dispositivos que admiten usb type-c<\/td>\n<\/tr>\n<tr>\n<td>Color:  negro<\/td>\n<\/tr>\n<tr>\n<td>Sensibilidad (micr\u00f3fono):  c\u00e1mara r\u00e9flex de 10 db<\/td>\n<\/tr>\n<tr>\n<td>Relaci\u00f3n se\u00f1al-ruido:   24db<\/td>\n<\/tr>\n<tr>\n<td>Impedancia:  32 ohm<\/td>\n<\/tr>\n<tr>\n<td>Longitud del cable:  116 cm (m\u00f3dulo en l\u00ednea a auricular); 94 cm (usb a m\u00f3dulo en l\u00ednea); 217 cm (usb total a auricular)<\/td>\n<\/tr>\n<tr>\n<td>Controles de usuario de botones:  responder\/finalizar llamada; silencio; volumen +\/-<\/td>\n<\/tr>\n<tr>\n<td>Tipo de auricular:  de diadema (monoaural)<\/td>\n<\/tr>\n<tr>\n<td>Sensibilidad (altavoz):  6 db de intensidad de luz<\/td>\n<\/tr>\n<tr>\n<td>Tipo de micr\u00f3fono:  omnidireccional<\/td>\n<\/tr>\n<tr>\n<td>Ancho de banda del altavoz:  de 20 hz a 20 khz<\/td>\n<\/tr>\n<tr>\n<td>Ancho de banda del micr\u00f3fono:  100 hz a 10 khz<\/td>\n<\/tr>\n<tr>\n<td>Rotaci\u00f3n del micr\u00f3fono con brazo articulado:  280\u00b0<\/td>\n<\/tr>\n<tr>\n<td>Almohadillas para los o\u00eddos:  cuero artificial (material de la superficie)<\/td>\n<\/tr>\n<tr>\n<td>Sistemas operativos compatibles:  windows 11; windows 10; macos; android\u0099; ios<\/td>\n<\/tr>\n<tr>\n<td>Tecnolog\u00eda de protecci\u00f3n ac\u00fastica:  soundguard digital 1 2<\/td>\n<\/tr>\n<tr>\n<td>Tama\u00f1o del altavoz:  32 mil\u00edmetros<\/td>\n<\/tr>\n<tr>\n<td>Dimensiones del pal\u00e9 (an x p x al):  101,6 x 121,9 x 152 cm<\/td>\n<\/tr>\n<tr>\n<td>Cajas por capa:  6<\/td>\n<\/tr>\n<tr>\n<td>Peso:  165,2 gramos<\/td>\n<\/tr>\n<tr>\n<td>Peso del paquete:  300 gramos<\/td>\n<\/tr>\n<tr>\n<td>Peso del pal\u00e9:  357 kilogramos<\/td>\n<\/tr>\n<tr>\n<td>Requisitos m\u00ednimos del sistema:  puerto usb tipo a; audio de 3,5 mm; puerto usb tipo c\u00ae<\/td>\n<\/tr>\n<tr>\n<td>\u00bfqu\u00e9 hay en la caja?:  gu\u00eda de inicio r\u00e1pido; tarjeta de garant\u00eda; estuche de transporte; auriculares; adaptador usb type-c a usb type-a<\/td>\n<\/tr>\n<tr>\n<td>Garant\u00eda del fabricante:  garant\u00eda limitada est\u00e1ndar de dos a\u00f1os de poly<\/td>\n<\/tr>\n<\/table>\n","protected":false},"excerpt":{"rendered":"<p>Opciones de conectividad. Conectividad mejorada para sus dispositivos: cable usb-c con adaptador usb-a conectado para pc y 3,5 mm para conectividad m\u00f3vil o tableta. Comodidad y durabilidad. Las almohadillas de cuero sint\u00e9tico ultrasuave envueltas en espuma viscoel\u00e1stica suave brindan comodidad duradera. Una diadema de metal acolchada y liviana ofrece durabilidad y un ajuste c\u00f3modo y personalizado. Estilo de uso. Estilo de uso monoaural para quienes prefieren dejar un o\u00eddo abierto. Gesti\u00f3n de llamadas sencilla. Utilice los controles intuitivos en l\u00ednea para responder\/finalizar llamadas, controlar el volumen y silenciar para simplificar la gesti\u00f3n de llamadas. Las luces indicadoras ubicadas convenientemente brindan informaci\u00f3n \u00fatil pero discreta sobre el estado de las llamadas, el silencio y el volumen. Calidad de audio. Audio de banda ancha para pc de primera calidad con micr\u00f3fono con cancelaci\u00f3n de ruido y procesamiento de se\u00f1al digital (dsp) para un sonido de voz m\u00e1s natural. Calidad de llamada mejorada. Dynamic eq optimiza la calidad de tu voz en las llamadas y ajusta autom\u00e1ticamente la configuraci\u00f3n del ecualizador cuando deseas un sonido de alta calidad para escuchar m\u00fasica o para reproducci\u00f3n multimedia. Plataformas de comunicaci\u00f3n. El sue\u00f1o de todo administrador de ti, este auricular fue creado para la comunicaci\u00f3n y est\u00e1 optimizado y certificado para funcionar con los principales proveedores de reuniones virtuales.<\/p>\n","protected":false},"featured_media":264091,"comment_status":"open","ping_status":"open","template":"","meta":[],"product_cat":[1552,1816],"product_tag":[2035],"acf":[],"yoast_head":"<!-- This site is optimized with the Yoast SEO plugin v21.7 - https:\/\/yoast.com\/wordpress\/plugins\/seo\/ -->\n<title>[ Poly ] &#129351; 8x230aa Diadema Hp Bw 5210 \/ Monoaurales Usb-c\/a Conector De 3,5 Mm Cancelacion De Ruido<\/title>\n<meta name=\"description\" content=\"Compra 8x230aa Diadema Hp Bw 5210 \/ Monoaurales Usb-c\/a Conector De 3,5 Mm Cancelacion De Ruido + Env\u00edo a domicilio + Pago seguro + Garant\u00eda\" \/>\n<meta name=\"robots\" content=\"index, follow, max-snippet:-1, max-image-preview:large, max-video-preview:-1\" \/>\n<link rel=\"canonical\" href=\"https:\/\/compuviper.mx\/tienda\/producto\/poly-8x230aa-diadema-hp-bw-5210-monoaurales-usb-c-a-conector-de-35-mm-cancelacion-de-ruido\/\" \/>\n<meta property=\"og:locale\" content=\"es_MX\" \/>\n<meta property=\"og:type\" content=\"article\" \/>\n<meta property=\"og:title\" content=\"[ Poly ] &#129351; 8x230aa Diadema Hp Bw 5210 \/ Monoaurales Usb-c\/a Conector De 3,5 Mm Cancelacion De Ruido\" \/>\n<meta property=\"og:description\" content=\"Compra 8x230aa Diadema Hp Bw 5210 \/ Monoaurales Usb-c\/a Conector De 3,5 Mm Cancelacion De Ruido + Env\u00edo a domicilio + Pago seguro + Garant\u00eda\" \/>\n<meta property=\"og:url\" content=\"https:\/\/compuviper.mx\/tienda\/producto\/poly-8x230aa-diadema-hp-bw-5210-monoaurales-usb-c-a-conector-de-35-mm-cancelacion-de-ruido\/\" \/>\n<meta property=\"og:site_name\" content=\"Compuviper\" \/>\n<meta property=\"article:publisher\" content=\"https:\/\/www.facebook.com\/compuviper\" \/>\n<meta property=\"article:modified_time\" content=\"2026-04-09T08:12:47+00:00\" \/>\n<meta property=\"og:image\" content=\"https:\/\/compuviper.mx\/tienda\/wp-content\/uploads\/2025\/12\/Diadema-hp-poly-8x230aa-bw-5210-monoaurales-usb-ca-conector-de-35-mm-cancelacion-de-ruido.jpg\" \/>\n\t<meta property=\"og:image:width\" content=\"200\" \/>\n\t<meta property=\"og:image:height\" content=\"200\" \/>\n\t<meta property=\"og:image:type\" content=\"image\/jpeg\" \/>\n<meta name=\"twitter:card\" content=\"summary_large_image\" \/>\n<meta name=\"twitter:label1\" content=\"Precio\" \/>\n\t<meta name=\"twitter:data1\" content=\"&#36;2,059 &#36;1,954 con IVA\" \/>\n\t<meta name=\"twitter:label2\" content=\"Availability\" \/>\n\t<meta name=\"twitter:data2\" content=\"In stock\" \/>\n<script type=\"application\/ld+json\" class=\"yoast-schema-graph\">{\"@context\":\"https:\/\/schema.org\",\"@graph\":[{\"@type\":\"WebPage\",\"@id\":\"https:\/\/compuviper.mx\/tienda\/producto\/poly-8x230aa-diadema-hp-bw-5210-monoaurales-usb-c-a-conector-de-35-mm-cancelacion-de-ruido\/\",\"url\":\"https:\/\/compuviper.mx\/tienda\/producto\/poly-8x230aa-diadema-hp-bw-5210-monoaurales-usb-c-a-conector-de-35-mm-cancelacion-de-ruido\/\",\"name\":\"[ Poly ] &#129351; 8x230aa Diadema Hp Bw 5210 \/ Monoaurales Usb-c\/a Conector De 3,5 Mm Cancelacion De Ruido\",\"isPartOf\":{\"@id\":\"https:\/\/compuviper.mx\/tienda\/#website\"},\"datePublished\":\"2026-04-09T08:12:46+00:00\",\"dateModified\":\"2026-04-09T08:12:47+00:00\",\"description\":\"Compra 8x230aa Diadema Hp Bw 5210 \/ Monoaurales Usb-c\/a Conector De 3,5 Mm Cancelacion De Ruido + Env\u00edo a domicilio + Pago seguro + Garant\u00eda\",\"breadcrumb\":{\"@id\":\"https:\/\/compuviper.mx\/tienda\/producto\/poly-8x230aa-diadema-hp-bw-5210-monoaurales-usb-c-a-conector-de-35-mm-cancelacion-de-ruido\/#breadcrumb\"},\"inLanguage\":\"es-MX\",\"potentialAction\":[{\"@type\":\"ReadAction\",\"target\":[\"https:\/\/compuviper.mx\/tienda\/producto\/poly-8x230aa-diadema-hp-bw-5210-monoaurales-usb-c-a-conector-de-35-mm-cancelacion-de-ruido\/\"]}]},{\"@type\":\"BreadcrumbList\",\"@id\":\"https:\/\/compuviper.mx\/tienda\/producto\/poly-8x230aa-diadema-hp-bw-5210-monoaurales-usb-c-a-conector-de-35-mm-cancelacion-de-ruido\/#breadcrumb\",\"itemListElement\":[{\"@type\":\"ListItem\",\"position\":1,\"name\":\"Inicio\",\"item\":\"https:\/\/compuviper.mx\/tienda\/\"},{\"@type\":\"ListItem\",\"position\":2,\"name\":\"Productos\",\"item\":\"https:\/\/compuviper.mx\/tienda\/productos\/\"},{\"@type\":\"ListItem\",\"position\":3,\"name\":\"Audifonos Y Micro\",\"item\":\"https:\/\/compuviper.mx\/tienda\/categoria-producto\/audifonos-y-micro\/\"},{\"@type\":\"ListItem\",\"position\":4,\"name\":\"Audifono Con Microfono\",\"item\":\"https:\/\/compuviper.mx\/tienda\/categoria-producto\/audifonos-y-micro\/audifono-con-microfono\/\"},{\"@type\":\"ListItem\",\"position\":5,\"name\":\"Poly 8x230aa Diadema Hp Bw 5210 \/ Monoaurales Usb-c\/a Conector De 3,5 Mm Cancelacion De Ruido\"}]},{\"@type\":\"WebSite\",\"@id\":\"https:\/\/compuviper.mx\/tienda\/#website\",\"url\":\"https:\/\/compuviper.mx\/tienda\/\",\"name\":\"Compuviper\",\"description\":\"Proveedor de Computadoras, Laptops, Servidores, Monitores, Puntos de Venta, Teclados,   Impresoras, T\u00f3ner, C\u00e1maras de Seguridad y m\u00e1s en tu tienda en l\u00ednea\",\"publisher\":{\"@id\":\"https:\/\/compuviper.mx\/tienda\/#organization\"},\"potentialAction\":[{\"@type\":\"SearchAction\",\"target\":{\"@type\":\"EntryPoint\",\"urlTemplate\":\"https:\/\/compuviper.mx\/tienda\/?s={search_term_string}\"},\"query-input\":\"required name=search_term_string\"}],\"inLanguage\":\"es-MX\"},{\"@type\":\"Organization\",\"@id\":\"https:\/\/compuviper.mx\/tienda\/#organization\",\"name\":\"Compuviper\",\"url\":\"https:\/\/compuviper.mx\/tienda\/\",\"logo\":{\"@type\":\"ImageObject\",\"inLanguage\":\"es-MX\",\"@id\":\"https:\/\/compuviper.mx\/tienda\/#\/schema\/logo\/image\/\",\"url\":\"https:\/\/compuviper.mx\/tienda\/wp-content\/uploads\/2021\/08\/Logo-Compuviper-10.png\",\"contentUrl\":\"https:\/\/compuviper.mx\/tienda\/wp-content\/uploads\/2021\/08\/Logo-Compuviper-10.png\",\"width\":1000,\"height\":500,\"caption\":\"Compuviper\"},\"image\":{\"@id\":\"https:\/\/compuviper.mx\/tienda\/#\/schema\/logo\/image\/\"},\"sameAs\":[\"https:\/\/www.facebook.com\/compuviper\",\"https:\/\/www.youtube.com\/channel\/UCf73dERp9Y3cfOq7q8BhLjA?view_as=subscriber\"]}]}<\/script>\n<meta property=\"product:brand\" content=\"POLY\" \/>\n<meta property=\"product:price:amount\" content=\"1954\" \/>\n<meta property=\"product:price:currency\" content=\"MXN\" \/>\n<meta property=\"og:availability\" content=\"instock\" \/>\n<meta property=\"product:availability\" content=\"instock\" \/>\n<meta property=\"product:retailer_item_id\" content=\"8X230AA\" \/>\n<meta property=\"product:condition\" content=\"new\" \/>\n<!-- \/ Yoast SEO plugin. -->","yoast_head_json":{"title":"[ Poly ] &#129351; 8x230aa Diadema Hp Bw 5210 \/ Monoaurales Usb-c\/a Conector De 3,5 Mm Cancelacion De Ruido","description":"Compra 8x230aa Diadema Hp Bw 5210 \/ Monoaurales Usb-c\/a Conector De 3,5 Mm Cancelacion De Ruido + Env\u00edo a domicilio + Pago seguro + Garant\u00eda","robots":{"index":"index","follow":"follow","max-snippet":"max-snippet:-1","max-image-preview":"max-image-preview:large","max-video-preview":"max-video-preview:-1"},"canonical":"https:\/\/compuviper.mx\/tienda\/producto\/poly-8x230aa-diadema-hp-bw-5210-monoaurales-usb-c-a-conector-de-35-mm-cancelacion-de-ruido\/","og_locale":"es_MX","og_type":"article","og_title":"[ Poly ] &#129351; 8x230aa Diadema Hp Bw 5210 \/ Monoaurales Usb-c\/a Conector De 3,5 Mm Cancelacion De Ruido","og_description":"Compra 8x230aa Diadema Hp Bw 5210 \/ Monoaurales Usb-c\/a Conector De 3,5 Mm Cancelacion De Ruido + Env\u00edo a domicilio + Pago seguro + Garant\u00eda","og_url":"https:\/\/compuviper.mx\/tienda\/producto\/poly-8x230aa-diadema-hp-bw-5210-monoaurales-usb-c-a-conector-de-35-mm-cancelacion-de-ruido\/","og_site_name":"Compuviper","article_publisher":"https:\/\/www.facebook.com\/compuviper","article_modified_time":"2026-04-09T08:12:47+00:00","og_image":[{"width":200,"height":200,"url":"https:\/\/compuviper.mx\/tienda\/wp-content\/uploads\/2025\/12\/Diadema-hp-poly-8x230aa-bw-5210-monoaurales-usb-ca-conector-de-35-mm-cancelacion-de-ruido.jpg","type":"image\/jpeg"}],"twitter_card":"summary_large_image","twitter_misc":{"Precio":"&#36;2,059 &#36;1,954 con IVA","Availability":"In stock"},"schema":{"@context":"https:\/\/schema.org","@graph":[{"@type":"WebPage","@id":"https:\/\/compuviper.mx\/tienda\/producto\/poly-8x230aa-diadema-hp-bw-5210-monoaurales-usb-c-a-conector-de-35-mm-cancelacion-de-ruido\/","url":"https:\/\/compuviper.mx\/tienda\/producto\/poly-8x230aa-diadema-hp-bw-5210-monoaurales-usb-c-a-conector-de-35-mm-cancelacion-de-ruido\/","name":"[ Poly ] &#129351; 8x230aa Diadema Hp Bw 5210 \/ Monoaurales Usb-c\/a Conector De 3,5 Mm Cancelacion De Ruido","isPartOf":{"@id":"https:\/\/compuviper.mx\/tienda\/#website"},"datePublished":"2026-04-09T08:12:46+00:00","dateModified":"2026-04-09T08:12:47+00:00","description":"Compra 8x230aa Diadema Hp Bw 5210 \/ Monoaurales Usb-c\/a Conector De 3,5 Mm Cancelacion De Ruido + Env\u00edo a domicilio + Pago seguro + Garant\u00eda","breadcrumb":{"@id":"https:\/\/compuviper.mx\/tienda\/producto\/poly-8x230aa-diadema-hp-bw-5210-monoaurales-usb-c-a-conector-de-35-mm-cancelacion-de-ruido\/#breadcrumb"},"inLanguage":"es-MX","potentialAction":[{"@type":"ReadAction","target":["https:\/\/compuviper.mx\/tienda\/producto\/poly-8x230aa-diadema-hp-bw-5210-monoaurales-usb-c-a-conector-de-35-mm-cancelacion-de-ruido\/"]}]},{"@type":"BreadcrumbList","@id":"https:\/\/compuviper.mx\/tienda\/producto\/poly-8x230aa-diadema-hp-bw-5210-monoaurales-usb-c-a-conector-de-35-mm-cancelacion-de-ruido\/#breadcrumb","itemListElement":[{"@type":"ListItem","position":1,"name":"Inicio","item":"https:\/\/compuviper.mx\/tienda\/"},{"@type":"ListItem","position":2,"name":"Productos","item":"https:\/\/compuviper.mx\/tienda\/productos\/"},{"@type":"ListItem","position":3,"name":"Audifonos Y Micro","item":"https:\/\/compuviper.mx\/tienda\/categoria-producto\/audifonos-y-micro\/"},{"@type":"ListItem","position":4,"name":"Audifono Con Microfono","item":"https:\/\/compuviper.mx\/tienda\/categoria-producto\/audifonos-y-micro\/audifono-con-microfono\/"},{"@type":"ListItem","position":5,"name":"Poly 8x230aa Diadema Hp Bw 5210 \/ Monoaurales Usb-c\/a Conector De 3,5 Mm Cancelacion De Ruido"}]},{"@type":"WebSite","@id":"https:\/\/compuviper.mx\/tienda\/#website","url":"https:\/\/compuviper.mx\/tienda\/","name":"Compuviper","description":"Proveedor de Computadoras, Laptops, Servidores, Monitores, Puntos de Venta, Teclados,   Impresoras, T\u00f3ner, C\u00e1maras de Seguridad y m\u00e1s en tu tienda en l\u00ednea","publisher":{"@id":"https:\/\/compuviper.mx\/tienda\/#organization"},"potentialAction":[{"@type":"SearchAction","target":{"@type":"EntryPoint","urlTemplate":"https:\/\/compuviper.mx\/tienda\/?s={search_term_string}"},"query-input":"required name=search_term_string"}],"inLanguage":"es-MX"},{"@type":"Organization","@id":"https:\/\/compuviper.mx\/tienda\/#organization","name":"Compuviper","url":"https:\/\/compuviper.mx\/tienda\/","logo":{"@type":"ImageObject","inLanguage":"es-MX","@id":"https:\/\/compuviper.mx\/tienda\/#\/schema\/logo\/image\/","url":"https:\/\/compuviper.mx\/tienda\/wp-content\/uploads\/2021\/08\/Logo-Compuviper-10.png","contentUrl":"https:\/\/compuviper.mx\/tienda\/wp-content\/uploads\/2021\/08\/Logo-Compuviper-10.png","width":1000,"height":500,"caption":"Compuviper"},"image":{"@id":"https:\/\/compuviper.mx\/tienda\/#\/schema\/logo\/image\/"},"sameAs":["https:\/\/www.facebook.com\/compuviper","https:\/\/www.youtube.com\/channel\/UCf73dERp9Y3cfOq7q8BhLjA?view_as=subscriber"]}]},"product_brand":"POLY","product_price_amount":"1954","product_price_currency":"MXN","og_availability":"instock","product_availability":"instock","product_retailer_item_id":"8X230AA","product_condition":"new"},"_links":{"self":[{"href":"https:\/\/compuviper.mx\/tienda\/wp-json\/wp\/v2\/product\/264090"}],"collection":[{"href":"https:\/\/compuviper.mx\/tienda\/wp-json\/wp\/v2\/product"}],"about":[{"href":"https:\/\/compuviper.mx\/tienda\/wp-json\/wp\/v2\/types\/product"}],"replies":[{"embeddable":true,"href":"https:\/\/compuviper.mx\/tienda\/wp-json\/wp\/v2\/comments?post=264090"}],"wp:featuredmedia":[{"embeddable":true,"href":"https:\/\/compuviper.mx\/tienda\/wp-json\/wp\/v2\/media\/264091"}],"wp:attachment":[{"href":"https:\/\/compuviper.mx\/tienda\/wp-json\/wp\/v2\/media?parent=264090"}],"wp:term":[{"taxonomy":"product_cat","embeddable":true,"href":"https:\/\/compuviper.mx\/tienda\/wp-json\/wp\/v2\/product_cat?post=264090"},{"taxonomy":"product_tag","embeddable":true,"href":"https:\/\/compuviper.mx\/tienda\/wp-json\/wp\/v2\/product_tag?post=264090"}],"curies":[{"name":"wp","href":"https:\/\/api.w.org\/{rel}","templated":true}]}}