{"id":264064,"date":"2026-04-15T00:58:08","date_gmt":"2026-04-15T06:58:08","guid":{"rendered":"https:\/\/compuviper.mx\/tienda\/producto\/acteck-ac-944526-monitor-captive-brite-cb185-plano-18-5-pulg-panel-tn-60-hz-5-ms-hd-vesa-75-mm-hdmi-vga-3-aos-de-garantia-negro\/"},"modified":"2026-04-15T00:58:08","modified_gmt":"2026-04-15T06:58:08","slug":"acteck-ac-944526-monitor-captive-brite-cb185-plano-18-5-pulg-panel-tn-60-hz-5-ms-hd-vesa-75-mm-hdmi-vga-3-aos-de-garantia-negro","status":"publish","type":"product","link":"https:\/\/compuviper.mx\/tienda\/producto\/acteck-ac-944526-monitor-captive-brite-cb185-plano-18-5-pulg-panel-tn-60-hz-5-ms-hd-vesa-75-mm-hdmi-vga-3-aos-de-garantia-negro\/","title":{"rendered":"Acteck Ac-944526 Monitor  Captive Brite Cb185 \/ Plano \/ 18.5 Pulg \/ Panel Tn \/ 60 Hz \/ 5 Ms \/ Hd \/ Vesa 75 Mm \/ Hdmi &#8211; Vga \/ 3 A?os De Garantia \/ Negro \/"},"content":{"rendered":"<table class=\"descripcion\">\n<tr>\n<td>Ficha tecnica<\/td>\n<\/tr>\n<tr>\n<td>Monitor captive brite cb185 18.5 pulgadas<\/td>\n<\/tr>\n<tr>\n<td>\u0095modelo: ac-944526<\/td>\n<\/tr>\n<tr>\n<td>\u0095materiales: metal y plastico<\/td>\n<\/tr>\n<tr>\n<td>\u0095color: negro<\/td>\n<\/tr>\n<tr>\n<td>\u0095dimensiones: 44.4 x 5.4 x 34.8 cm<\/td>\n<\/tr>\n<tr>\n<td>\u0095peso: 2.4 kg<\/td>\n<\/tr>\n<tr>\n<td>\u0095tipo de panel: tn<\/td>\n<\/tr>\n<tr>\n<td>\u0095forma de pantalla: plano<\/td>\n<\/tr>\n<tr>\n<td>\u0095tamano de pantalla: 18.5 pulgadas<\/td>\n<\/tr>\n<tr>\n<td>\u0095resolucin m\u00e1xima: 1366 x 768<\/td>\n<\/tr>\n<tr>\n<td>\u0095relacin de aspecto: 16:9<\/td>\n<\/tr>\n<tr>\n<td>\u0095frecuencia de actualizacion hz: 60 hz<\/td>\n<\/tr>\n<tr>\n<td>\u0095pantalla a color: 16.7 m<\/td>\n<\/tr>\n<tr>\n<td>\u0095\u00e1ngulos de vision 89 grados \/89 grados<\/td>\n<\/tr>\n<tr>\n<td>\u0095tipo de iluminacion : led<\/td>\n<\/tr>\n<tr>\n<td>\u0095brillo cd\/m2 : 200 cd\/m2<\/td>\n<\/tr>\n<tr>\n<td>\u0095relacion de contraste : 1000:1<\/td>\n<\/tr>\n<tr>\n<td>\u0095tiempo de respuesta 5 ms<\/td>\n<\/tr>\n<tr>\n<td>\u0095tipo hd : hd<\/td>\n<\/tr>\n<tr>\n<td>\u0095vesa  : 75 x 75 mm<\/td>\n<\/tr>\n<\/table>\n","protected":false},"excerpt":{"rendered":"<p>Descripcion comercial \u0096 monitor acteck ac-944526. El monitor acteck ac-944526 esta disenado para brindar una experiencia visual clara y confiable en entornos de oficina, hogar o instituciones. Con su diseno elegante y funcional, ofrece una solucion practica para quienes buscan productividad y comodidad en su espacio de trabajo.<\/p>\n","protected":false},"featured_media":0,"comment_status":"open","ping_status":"open","template":"","meta":[],"product_cat":[1740,1741],"product_tag":[1582],"acf":[],"yoast_head":"<!-- This site is optimized with the Yoast SEO plugin v21.7 - https:\/\/yoast.com\/wordpress\/plugins\/seo\/ -->\n<title>[ Acteck ] &#129351; Ac-944526 Monitor Captive Brite Cb185 \/ Plano \/ 18.5 Pulg \/ Panel Tn \/ 60 Hz \/ 5 Ms \/ Hd \/ Vesa 75 Mm \/ Hdmi - Vga \/ 3 A\u00f1os De Garantia \/ Negro \/<\/title>\n<meta name=\"description\" content=\"Compra Ac-944526 Monitor Captive Brite Cb185 \/ Plano \/ 18.5 Pulg \/ Panel Tn \/ 60 Hz \/ 5 Ms \/ Hd \/ Vesa 75 Mm \/ Hdmi - Vga \/ 3 A\u00f1os De Garantia \/ Negro \/ + Env\u00edo a domicilio + Pago seguro + Garant\u00eda\" \/>\n<meta name=\"robots\" content=\"index, follow, max-snippet:-1, max-image-preview:large, max-video-preview:-1\" \/>\n<link rel=\"canonical\" href=\"https:\/\/compuviper.mx\/tienda\/producto\/acteck-ac-944526-monitor-captive-brite-cb185-plano-18-5-pulg-panel-tn-60-hz-5-ms-hd-vesa-75-mm-hdmi-vga-3-aos-de-garantia-negro\/\" \/>\n<meta property=\"og:locale\" content=\"es_MX\" \/>\n<meta property=\"og:type\" content=\"article\" \/>\n<meta property=\"og:title\" content=\"[ Acteck ] &#129351; Ac-944526 Monitor Captive Brite Cb185 \/ Plano \/ 18.5 Pulg \/ Panel Tn \/ 60 Hz \/ 5 Ms \/ Hd \/ Vesa 75 Mm \/ Hdmi - Vga \/ 3 A\u00f1os De Garantia \/ Negro \/\" \/>\n<meta property=\"og:description\" content=\"Compra Ac-944526 Monitor Captive Brite Cb185 \/ Plano \/ 18.5 Pulg \/ Panel Tn \/ 60 Hz \/ 5 Ms \/ Hd \/ Vesa 75 Mm \/ Hdmi - Vga \/ 3 A\u00f1os De Garantia \/ Negro \/ + Env\u00edo a domicilio + Pago seguro + Garant\u00eda\" \/>\n<meta property=\"og:url\" content=\"https:\/\/compuviper.mx\/tienda\/producto\/acteck-ac-944526-monitor-captive-brite-cb185-plano-18-5-pulg-panel-tn-60-hz-5-ms-hd-vesa-75-mm-hdmi-vga-3-aos-de-garantia-negro\/\" \/>\n<meta property=\"og:site_name\" content=\"Compuviper\" \/>\n<meta property=\"article:publisher\" content=\"https:\/\/www.facebook.com\/compuviper\" \/>\n<meta name=\"twitter:card\" content=\"summary_large_image\" \/>\n<meta name=\"twitter:label1\" content=\"Precio\" \/>\n\t<meta name=\"twitter:data1\" content=\"&#36;600 con IVA\" \/>\n\t<meta name=\"twitter:label2\" content=\"Availability\" \/>\n\t<meta name=\"twitter:data2\" content=\"In stock\" \/>\n<script type=\"application\/ld+json\" class=\"yoast-schema-graph\">{\"@context\":\"https:\/\/schema.org\",\"@graph\":[{\"@type\":\"WebPage\",\"@id\":\"https:\/\/compuviper.mx\/tienda\/producto\/acteck-ac-944526-monitor-captive-brite-cb185-plano-18-5-pulg-panel-tn-60-hz-5-ms-hd-vesa-75-mm-hdmi-vga-3-aos-de-garantia-negro\/\",\"url\":\"https:\/\/compuviper.mx\/tienda\/producto\/acteck-ac-944526-monitor-captive-brite-cb185-plano-18-5-pulg-panel-tn-60-hz-5-ms-hd-vesa-75-mm-hdmi-vga-3-aos-de-garantia-negro\/\",\"name\":\"[ Acteck ] &#129351; Ac-944526 Monitor Captive Brite Cb185 \/ Plano \/ 18.5 Pulg \/ Panel Tn \/ 60 Hz \/ 5 Ms \/ Hd \/ Vesa 75 Mm \/ Hdmi - Vga \/ 3 A\u00f1os De Garantia \/ Negro \/\",\"isPartOf\":{\"@id\":\"https:\/\/compuviper.mx\/tienda\/#website\"},\"datePublished\":\"2026-04-15T06:58:08+00:00\",\"dateModified\":\"2026-04-15T06:58:08+00:00\",\"description\":\"Compra Ac-944526 Monitor Captive Brite Cb185 \/ Plano \/ 18.5 Pulg \/ Panel Tn \/ 60 Hz \/ 5 Ms \/ Hd \/ Vesa 75 Mm \/ Hdmi - Vga \/ 3 A\u00f1os De Garantia \/ Negro \/ + Env\u00edo a domicilio + Pago seguro + Garant\u00eda\",\"breadcrumb\":{\"@id\":\"https:\/\/compuviper.mx\/tienda\/producto\/acteck-ac-944526-monitor-captive-brite-cb185-plano-18-5-pulg-panel-tn-60-hz-5-ms-hd-vesa-75-mm-hdmi-vga-3-aos-de-garantia-negro\/#breadcrumb\"},\"inLanguage\":\"es-MX\",\"potentialAction\":[{\"@type\":\"ReadAction\",\"target\":[\"https:\/\/compuviper.mx\/tienda\/producto\/acteck-ac-944526-monitor-captive-brite-cb185-plano-18-5-pulg-panel-tn-60-hz-5-ms-hd-vesa-75-mm-hdmi-vga-3-aos-de-garantia-negro\/\"]}]},{\"@type\":\"BreadcrumbList\",\"@id\":\"https:\/\/compuviper.mx\/tienda\/producto\/acteck-ac-944526-monitor-captive-brite-cb185-plano-18-5-pulg-panel-tn-60-hz-5-ms-hd-vesa-75-mm-hdmi-vga-3-aos-de-garantia-negro\/#breadcrumb\",\"itemListElement\":[{\"@type\":\"ListItem\",\"position\":1,\"name\":\"Inicio\",\"item\":\"https:\/\/compuviper.mx\/tienda\/\"},{\"@type\":\"ListItem\",\"position\":2,\"name\":\"Productos\",\"item\":\"https:\/\/compuviper.mx\/tienda\/productos\/\"},{\"@type\":\"ListItem\",\"position\":3,\"name\":\"Monitores\",\"item\":\"https:\/\/compuviper.mx\/tienda\/categoria-producto\/monitores\/\"},{\"@type\":\"ListItem\",\"position\":4,\"name\":\"Led\",\"item\":\"https:\/\/compuviper.mx\/tienda\/categoria-producto\/monitores\/led\/\"},{\"@type\":\"ListItem\",\"position\":5,\"name\":\"Acteck Ac-944526 Monitor Captive Brite Cb185 \/ Plano \/ 18.5 Pulg \/ Panel Tn \/ 60 Hz \/ 5 Ms \/ Hd \/ Vesa 75 Mm \/ Hdmi &#8211; Vga \/ 3 A?os De Garantia \/ Negro \/\"}]},{\"@type\":\"WebSite\",\"@id\":\"https:\/\/compuviper.mx\/tienda\/#website\",\"url\":\"https:\/\/compuviper.mx\/tienda\/\",\"name\":\"Compuviper\",\"description\":\"Proveedor de Computadoras, Laptops, Servidores, Monitores, Puntos de Venta, Teclados,   Impresoras, T\u00f3ner, C\u00e1maras de Seguridad y m\u00e1s en tu tienda en l\u00ednea\",\"publisher\":{\"@id\":\"https:\/\/compuviper.mx\/tienda\/#organization\"},\"potentialAction\":[{\"@type\":\"SearchAction\",\"target\":{\"@type\":\"EntryPoint\",\"urlTemplate\":\"https:\/\/compuviper.mx\/tienda\/?s={search_term_string}\"},\"query-input\":\"required name=search_term_string\"}],\"inLanguage\":\"es-MX\"},{\"@type\":\"Organization\",\"@id\":\"https:\/\/compuviper.mx\/tienda\/#organization\",\"name\":\"Compuviper\",\"url\":\"https:\/\/compuviper.mx\/tienda\/\",\"logo\":{\"@type\":\"ImageObject\",\"inLanguage\":\"es-MX\",\"@id\":\"https:\/\/compuviper.mx\/tienda\/#\/schema\/logo\/image\/\",\"url\":\"https:\/\/compuviper.mx\/tienda\/wp-content\/uploads\/2021\/08\/Logo-Compuviper-10.png\",\"contentUrl\":\"https:\/\/compuviper.mx\/tienda\/wp-content\/uploads\/2021\/08\/Logo-Compuviper-10.png\",\"width\":1000,\"height\":500,\"caption\":\"Compuviper\"},\"image\":{\"@id\":\"https:\/\/compuviper.mx\/tienda\/#\/schema\/logo\/image\/\"},\"sameAs\":[\"https:\/\/www.facebook.com\/compuviper\",\"https:\/\/www.youtube.com\/channel\/UCf73dERp9Y3cfOq7q8BhLjA?view_as=subscriber\"]}]}<\/script>\n<meta property=\"product:brand\" content=\"ACTECK\" \/>\n<meta property=\"product:price:amount\" content=\"600\" \/>\n<meta property=\"product:price:currency\" content=\"MXN\" \/>\n<meta property=\"og:availability\" content=\"instock\" \/>\n<meta property=\"product:availability\" content=\"instock\" \/>\n<meta property=\"product:retailer_item_id\" content=\"AC-944526\" \/>\n<meta property=\"product:condition\" content=\"new\" \/>\n<!-- \/ Yoast SEO plugin. -->","yoast_head_json":{"title":"[ Acteck ] &#129351; Ac-944526 Monitor Captive Brite Cb185 \/ Plano \/ 18.5 Pulg \/ Panel Tn \/ 60 Hz \/ 5 Ms \/ Hd \/ Vesa 75 Mm \/ Hdmi - Vga \/ 3 A\u00f1os De Garantia \/ Negro \/","description":"Compra Ac-944526 Monitor Captive Brite Cb185 \/ Plano \/ 18.5 Pulg \/ Panel Tn \/ 60 Hz \/ 5 Ms \/ Hd \/ Vesa 75 Mm \/ Hdmi - Vga \/ 3 A\u00f1os De Garantia \/ Negro \/ + Env\u00edo a domicilio + Pago seguro + Garant\u00eda","robots":{"index":"index","follow":"follow","max-snippet":"max-snippet:-1","max-image-preview":"max-image-preview:large","max-video-preview":"max-video-preview:-1"},"canonical":"https:\/\/compuviper.mx\/tienda\/producto\/acteck-ac-944526-monitor-captive-brite-cb185-plano-18-5-pulg-panel-tn-60-hz-5-ms-hd-vesa-75-mm-hdmi-vga-3-aos-de-garantia-negro\/","og_locale":"es_MX","og_type":"article","og_title":"[ Acteck ] &#129351; Ac-944526 Monitor Captive Brite Cb185 \/ Plano \/ 18.5 Pulg \/ Panel Tn \/ 60 Hz \/ 5 Ms \/ Hd \/ Vesa 75 Mm \/ Hdmi - Vga \/ 3 A\u00f1os De Garantia \/ Negro \/","og_description":"Compra Ac-944526 Monitor Captive Brite Cb185 \/ Plano \/ 18.5 Pulg \/ Panel Tn \/ 60 Hz \/ 5 Ms \/ Hd \/ Vesa 75 Mm \/ Hdmi - Vga \/ 3 A\u00f1os De Garantia \/ Negro \/ + Env\u00edo a domicilio + Pago seguro + Garant\u00eda","og_url":"https:\/\/compuviper.mx\/tienda\/producto\/acteck-ac-944526-monitor-captive-brite-cb185-plano-18-5-pulg-panel-tn-60-hz-5-ms-hd-vesa-75-mm-hdmi-vga-3-aos-de-garantia-negro\/","og_site_name":"Compuviper","article_publisher":"https:\/\/www.facebook.com\/compuviper","twitter_card":"summary_large_image","twitter_misc":{"Precio":"&#36;600 con IVA","Availability":"In stock"},"schema":{"@context":"https:\/\/schema.org","@graph":[{"@type":"WebPage","@id":"https:\/\/compuviper.mx\/tienda\/producto\/acteck-ac-944526-monitor-captive-brite-cb185-plano-18-5-pulg-panel-tn-60-hz-5-ms-hd-vesa-75-mm-hdmi-vga-3-aos-de-garantia-negro\/","url":"https:\/\/compuviper.mx\/tienda\/producto\/acteck-ac-944526-monitor-captive-brite-cb185-plano-18-5-pulg-panel-tn-60-hz-5-ms-hd-vesa-75-mm-hdmi-vga-3-aos-de-garantia-negro\/","name":"[ Acteck ] &#129351; Ac-944526 Monitor Captive Brite Cb185 \/ Plano \/ 18.5 Pulg \/ Panel Tn \/ 60 Hz \/ 5 Ms \/ Hd \/ Vesa 75 Mm \/ Hdmi - Vga \/ 3 A\u00f1os De Garantia \/ Negro \/","isPartOf":{"@id":"https:\/\/compuviper.mx\/tienda\/#website"},"datePublished":"2026-04-15T06:58:08+00:00","dateModified":"2026-04-15T06:58:08+00:00","description":"Compra Ac-944526 Monitor Captive Brite Cb185 \/ Plano \/ 18.5 Pulg \/ Panel Tn \/ 60 Hz \/ 5 Ms \/ Hd \/ Vesa 75 Mm \/ Hdmi - Vga \/ 3 A\u00f1os De Garantia \/ Negro \/ + Env\u00edo a domicilio + Pago seguro + Garant\u00eda","breadcrumb":{"@id":"https:\/\/compuviper.mx\/tienda\/producto\/acteck-ac-944526-monitor-captive-brite-cb185-plano-18-5-pulg-panel-tn-60-hz-5-ms-hd-vesa-75-mm-hdmi-vga-3-aos-de-garantia-negro\/#breadcrumb"},"inLanguage":"es-MX","potentialAction":[{"@type":"ReadAction","target":["https:\/\/compuviper.mx\/tienda\/producto\/acteck-ac-944526-monitor-captive-brite-cb185-plano-18-5-pulg-panel-tn-60-hz-5-ms-hd-vesa-75-mm-hdmi-vga-3-aos-de-garantia-negro\/"]}]},{"@type":"BreadcrumbList","@id":"https:\/\/compuviper.mx\/tienda\/producto\/acteck-ac-944526-monitor-captive-brite-cb185-plano-18-5-pulg-panel-tn-60-hz-5-ms-hd-vesa-75-mm-hdmi-vga-3-aos-de-garantia-negro\/#breadcrumb","itemListElement":[{"@type":"ListItem","position":1,"name":"Inicio","item":"https:\/\/compuviper.mx\/tienda\/"},{"@type":"ListItem","position":2,"name":"Productos","item":"https:\/\/compuviper.mx\/tienda\/productos\/"},{"@type":"ListItem","position":3,"name":"Monitores","item":"https:\/\/compuviper.mx\/tienda\/categoria-producto\/monitores\/"},{"@type":"ListItem","position":4,"name":"Led","item":"https:\/\/compuviper.mx\/tienda\/categoria-producto\/monitores\/led\/"},{"@type":"ListItem","position":5,"name":"Acteck Ac-944526 Monitor Captive Brite Cb185 \/ Plano \/ 18.5 Pulg \/ Panel Tn \/ 60 Hz \/ 5 Ms \/ Hd \/ Vesa 75 Mm \/ Hdmi &#8211; Vga \/ 3 A?os De Garantia \/ Negro \/"}]},{"@type":"WebSite","@id":"https:\/\/compuviper.mx\/tienda\/#website","url":"https:\/\/compuviper.mx\/tienda\/","name":"Compuviper","description":"Proveedor de Computadoras, Laptops, Servidores, Monitores, Puntos de Venta, Teclados,   Impresoras, T\u00f3ner, C\u00e1maras de Seguridad y m\u00e1s en tu tienda en l\u00ednea","publisher":{"@id":"https:\/\/compuviper.mx\/tienda\/#organization"},"potentialAction":[{"@type":"SearchAction","target":{"@type":"EntryPoint","urlTemplate":"https:\/\/compuviper.mx\/tienda\/?s={search_term_string}"},"query-input":"required name=search_term_string"}],"inLanguage":"es-MX"},{"@type":"Organization","@id":"https:\/\/compuviper.mx\/tienda\/#organization","name":"Compuviper","url":"https:\/\/compuviper.mx\/tienda\/","logo":{"@type":"ImageObject","inLanguage":"es-MX","@id":"https:\/\/compuviper.mx\/tienda\/#\/schema\/logo\/image\/","url":"https:\/\/compuviper.mx\/tienda\/wp-content\/uploads\/2021\/08\/Logo-Compuviper-10.png","contentUrl":"https:\/\/compuviper.mx\/tienda\/wp-content\/uploads\/2021\/08\/Logo-Compuviper-10.png","width":1000,"height":500,"caption":"Compuviper"},"image":{"@id":"https:\/\/compuviper.mx\/tienda\/#\/schema\/logo\/image\/"},"sameAs":["https:\/\/www.facebook.com\/compuviper","https:\/\/www.youtube.com\/channel\/UCf73dERp9Y3cfOq7q8BhLjA?view_as=subscriber"]}]},"product_brand":"ACTECK","product_price_amount":"600","product_price_currency":"MXN","og_availability":"instock","product_availability":"instock","product_retailer_item_id":"AC-944526","product_condition":"new"},"_links":{"self":[{"href":"https:\/\/compuviper.mx\/tienda\/wp-json\/wp\/v2\/product\/264064"}],"collection":[{"href":"https:\/\/compuviper.mx\/tienda\/wp-json\/wp\/v2\/product"}],"about":[{"href":"https:\/\/compuviper.mx\/tienda\/wp-json\/wp\/v2\/types\/product"}],"replies":[{"embeddable":true,"href":"https:\/\/compuviper.mx\/tienda\/wp-json\/wp\/v2\/comments?post=264064"}],"wp:attachment":[{"href":"https:\/\/compuviper.mx\/tienda\/wp-json\/wp\/v2\/media?parent=264064"}],"wp:term":[{"taxonomy":"product_cat","embeddable":true,"href":"https:\/\/compuviper.mx\/tienda\/wp-json\/wp\/v2\/product_cat?post=264064"},{"taxonomy":"product_tag","embeddable":true,"href":"https:\/\/compuviper.mx\/tienda\/wp-json\/wp\/v2\/product_tag?post=264064"}],"curies":[{"name":"wp","href":"https:\/\/api.w.org\/{rel}","templated":true}]}}