{"id":264049,"date":"2026-04-02T23:13:42","date_gmt":"2026-04-03T05:13:42","guid":{"rendered":"https:\/\/compuviper.mx\/tienda\/producto\/wd-western-digital-wd8002purp-disco-duro-interno-wd-purple-pro-8tb-3-5-escritorio-sata3-6gb-s-256mb-7200rpm-24x7-ia-dvr-nvr-1-16-bahias-1-64-camaras\/"},"modified":"2026-04-03T00:00:37","modified_gmt":"2026-04-03T06:00:37","slug":"wd-western-digital-wd8002purp-disco-duro-interno-wd-purple-pro-8tb-3-5-escritorio-sata3-6gb-s-256mb-7200rpm-24x7-ia-dvr-nvr-1-16-bahias-1-64-camaras","status":"publish","type":"product","link":"https:\/\/compuviper.mx\/tienda\/producto\/wd-western-digital-wd8002purp-disco-duro-interno-wd-purple-pro-8tb-3-5-escritorio-sata3-6gb-s-256mb-7200rpm-24x7-ia-dvr-nvr-1-16-bahias-1-64-camaras\/","title":{"rendered":"Wd &#8211; Western Digital Wd8002purp Disco Duro Interno Wd Purple Pro 8tb 3.5 Escritorio Sata3 6gb\/s 256mb 7200rpm 24&#215;7 Ia Dvr Nvr 1-16 Bahias 1-64 Camaras"},"content":{"rendered":"<table class=\"descripcion\">\n<tr>\n<td>Funciones<\/td>\n<\/tr>\n<tr>\n<td>Dise\u00f1ado para grabadoras avanzadas habilitadas para ia, dispositivos de an\u00e1lisis de video, servidores de aprendizaje profundo y almacenamiento basado en la nube, incluidos raid y jbod<\/td>\n<\/tr>\n<tr>\n<td>Dise\u00f1ado con componentes resistentes al deslustre para entornos hostiles y con robustez adicional para gabinetes de m\u00faltiples bah\u00edas<\/td>\n<\/tr>\n<tr>\n<td>Admite una tasa de carga de trabajo de hasta 550 tb\/a\u00f1o<\/td>\n<\/tr>\n<tr>\n<td>Capacidad<\/td>\n<\/tr>\n<tr>\n<td>8 tb<\/td>\n<\/tr>\n<tr>\n<td>Factor de forma<\/td>\n<\/tr>\n<tr>\n<td>3.5 pulgadas<\/td>\n<\/tr>\n<tr>\n<td>Conector<\/td>\n<\/tr>\n<tr>\n<td>Sata<\/td>\n<\/tr>\n<tr>\n<td>Compatibilidad<\/td>\n<\/tr>\n<tr>\n<td>Hasta 64 c\u00e1maras de flujo \u00fanico<\/td>\n<\/tr>\n<tr>\n<td>Interfaz<\/td>\n<\/tr>\n<tr>\n<td>Sata<\/td>\n<\/tr>\n<tr>\n<td>Tasa de transferencia<\/td>\n<\/tr>\n<tr>\n<td>Hasta 265 mb\/s<\/td>\n<\/tr>\n<tr>\n<td>Velocidad del disco (rpm)<\/td>\n<\/tr>\n<tr>\n<td>7200 rpm<\/td>\n<\/tr>\n<tr>\n<td>Tecnolog\u00eda de grabaci\u00f3n<\/td>\n<\/tr>\n<tr>\n<td>Cmr<\/td>\n<\/tr>\n<tr>\n<td>Tama\u00f1o de cach\u00e9<\/td>\n<\/tr>\n<tr>\n<td>256 mb<\/td>\n<\/tr>\n<tr>\n<td>Garant\u00eda<\/td>\n<\/tr>\n<tr>\n<td>Garant\u00eda limitada de 5 a\u00f1os<\/td>\n<\/tr>\n<tr>\n<td>Dimensiones (largo x ancho x alto)<\/td>\n<\/tr>\n<tr>\n<td>147 mm x 101,6 mm x 26,1 mm<\/td>\n<\/tr>\n<tr>\n<td>Peso<\/td>\n<\/tr>\n<tr>\n<td>715gms<\/td>\n<\/tr>\n<tr>\n<td>N\u00famero de modelo<\/td>\n<\/tr>\n<tr>\n<td>Wd8002purp<\/td>\n<\/tr>\n<tr>\n<td>Temperatura de funcionamiento<\/td>\n<\/tr>\n<tr>\n<td>De 0 \u00b0c a 65 \u00b0c<\/td>\n<\/tr>\n<tr>\n<td>Temperatura de no funcionamiento<\/td>\n<\/tr>\n<tr>\n<td>De -40 \u00b0c a 70 \u00b0c<\/td>\n<\/tr>\n<tr>\n<td>Certificaciones<\/td>\n<\/tr>\n<tr>\n<td>Bsmi, ices-003\/nmb-003, ce, fcc, kc, magreb, rcm, ukca, vcci, cb-scheme, tuv, ul<\/td>\n<\/tr>\n<\/table>\n","protected":false},"excerpt":{"rendered":"<p>Almacenamiento avanzado para soluciones de v\u00eddeo inteligentes. Las unidades wd purple pro est\u00e1n dise\u00f1adas para grabadoras avanzadas habilitadas para ia, servidores de an\u00e1lisis de v\u00eddeo y soluciones de aprendizaje profundo que requieren capacidad, rendimiento y capacidad de carga de trabajo adicionales.<\/p>\n","protected":false},"featured_media":264050,"comment_status":"open","ping_status":"open","template":"","meta":[],"product_cat":[1706,1703],"product_tag":[1705],"acf":[],"yoast_head":"<!-- This site is optimized with the Yoast SEO plugin v21.7 - https:\/\/yoast.com\/wordpress\/plugins\/seo\/ -->\n<title>[ Wd - Western Digital ] &#129351; Wd8002purp Disco Duro Interno Wd Purple Pro 8tb 3.5 Escritorio Sata3 6gb\/s 256mb 7200rpm 24x7 Ia Dvr Nvr 1-16 Bahias 1-64 Camaras<\/title>\n<meta name=\"description\" content=\"Compra Wd8002purp Disco Duro Interno Wd Purple Pro 8tb 3.5 Escritorio Sata3 6gb\/s 256mb 7200rpm 24x7 Ia Dvr Nvr 1-16 Bahias 1-64 Camaras + Env\u00edo a domicilio + Pago seguro + Garant\u00eda\" \/>\n<meta name=\"robots\" content=\"index, follow, max-snippet:-1, max-image-preview:large, max-video-preview:-1\" \/>\n<link rel=\"canonical\" href=\"https:\/\/compuviper.mx\/tienda\/producto\/wd-western-digital-wd8002purp-disco-duro-interno-wd-purple-pro-8tb-3-5-escritorio-sata3-6gb-s-256mb-7200rpm-24x7-ia-dvr-nvr-1-16-bahias-1-64-camaras\/\" \/>\n<meta property=\"og:locale\" content=\"es_MX\" \/>\n<meta property=\"og:type\" content=\"article\" \/>\n<meta property=\"og:title\" content=\"[ Wd - Western Digital ] &#129351; Wd8002purp Disco Duro Interno Wd Purple Pro 8tb 3.5 Escritorio Sata3 6gb\/s 256mb 7200rpm 24x7 Ia Dvr Nvr 1-16 Bahias 1-64 Camaras\" \/>\n<meta property=\"og:description\" content=\"Compra Wd8002purp Disco Duro Interno Wd Purple Pro 8tb 3.5 Escritorio Sata3 6gb\/s 256mb 7200rpm 24x7 Ia Dvr Nvr 1-16 Bahias 1-64 Camaras + Env\u00edo a domicilio + Pago seguro + Garant\u00eda\" \/>\n<meta property=\"og:url\" content=\"https:\/\/compuviper.mx\/tienda\/producto\/wd-western-digital-wd8002purp-disco-duro-interno-wd-purple-pro-8tb-3-5-escritorio-sata3-6gb-s-256mb-7200rpm-24x7-ia-dvr-nvr-1-16-bahias-1-64-camaras\/\" \/>\n<meta property=\"og:site_name\" content=\"Compuviper\" \/>\n<meta property=\"article:publisher\" content=\"https:\/\/www.facebook.com\/compuviper\" \/>\n<meta property=\"article:modified_time\" content=\"2026-04-03T06:00:37+00:00\" \/>\n<meta property=\"og:image\" content=\"https:\/\/compuviper.mx\/tienda\/wp-content\/uploads\/2025\/12\/Disco-duro-interno-wd-purple-pro-8tb-3.5-escritorio-sata3-6gbs-256mb-7200rpm-24x7-ia-dvr-nvr-1-16-bahias-1-64-camaras-wd8002purp.jpg\" \/>\n\t<meta property=\"og:image:width\" content=\"200\" \/>\n\t<meta property=\"og:image:height\" content=\"200\" \/>\n\t<meta property=\"og:image:type\" content=\"image\/jpeg\" \/>\n<meta name=\"twitter:card\" content=\"summary_large_image\" \/>\n<meta name=\"twitter:label1\" content=\"Precio\" \/>\n\t<meta name=\"twitter:data1\" content=\"&#36;4,147 con IVA\" \/>\n\t<meta name=\"twitter:label2\" content=\"Availability\" \/>\n\t<meta name=\"twitter:data2\" content=\"In stock\" \/>\n<script type=\"application\/ld+json\" class=\"yoast-schema-graph\">{\"@context\":\"https:\/\/schema.org\",\"@graph\":[{\"@type\":\"WebPage\",\"@id\":\"https:\/\/compuviper.mx\/tienda\/producto\/wd-western-digital-wd8002purp-disco-duro-interno-wd-purple-pro-8tb-3-5-escritorio-sata3-6gb-s-256mb-7200rpm-24x7-ia-dvr-nvr-1-16-bahias-1-64-camaras\/\",\"url\":\"https:\/\/compuviper.mx\/tienda\/producto\/wd-western-digital-wd8002purp-disco-duro-interno-wd-purple-pro-8tb-3-5-escritorio-sata3-6gb-s-256mb-7200rpm-24x7-ia-dvr-nvr-1-16-bahias-1-64-camaras\/\",\"name\":\"[ Wd - Western Digital ] &#129351; Wd8002purp Disco Duro Interno Wd Purple Pro 8tb 3.5 Escritorio Sata3 6gb\/s 256mb 7200rpm 24x7 Ia Dvr Nvr 1-16 Bahias 1-64 Camaras\",\"isPartOf\":{\"@id\":\"https:\/\/compuviper.mx\/tienda\/#website\"},\"datePublished\":\"2026-04-03T05:13:42+00:00\",\"dateModified\":\"2026-04-03T06:00:37+00:00\",\"description\":\"Compra Wd8002purp Disco Duro Interno Wd Purple Pro 8tb 3.5 Escritorio Sata3 6gb\/s 256mb 7200rpm 24x7 Ia Dvr Nvr 1-16 Bahias 1-64 Camaras + Env\u00edo a domicilio + Pago seguro + Garant\u00eda\",\"breadcrumb\":{\"@id\":\"https:\/\/compuviper.mx\/tienda\/producto\/wd-western-digital-wd8002purp-disco-duro-interno-wd-purple-pro-8tb-3-5-escritorio-sata3-6gb-s-256mb-7200rpm-24x7-ia-dvr-nvr-1-16-bahias-1-64-camaras\/#breadcrumb\"},\"inLanguage\":\"es-MX\",\"potentialAction\":[{\"@type\":\"ReadAction\",\"target\":[\"https:\/\/compuviper.mx\/tienda\/producto\/wd-western-digital-wd8002purp-disco-duro-interno-wd-purple-pro-8tb-3-5-escritorio-sata3-6gb-s-256mb-7200rpm-24x7-ia-dvr-nvr-1-16-bahias-1-64-camaras\/\"]}]},{\"@type\":\"BreadcrumbList\",\"@id\":\"https:\/\/compuviper.mx\/tienda\/producto\/wd-western-digital-wd8002purp-disco-duro-interno-wd-purple-pro-8tb-3-5-escritorio-sata3-6gb-s-256mb-7200rpm-24x7-ia-dvr-nvr-1-16-bahias-1-64-camaras\/#breadcrumb\",\"itemListElement\":[{\"@type\":\"ListItem\",\"position\":1,\"name\":\"Inicio\",\"item\":\"https:\/\/compuviper.mx\/tienda\/\"},{\"@type\":\"ListItem\",\"position\":2,\"name\":\"Productos\",\"item\":\"https:\/\/compuviper.mx\/tienda\/productos\/\"},{\"@type\":\"ListItem\",\"position\":3,\"name\":\"Discos Duros\",\"item\":\"https:\/\/compuviper.mx\/tienda\/categoria-producto\/discos-duros\/\"},{\"@type\":\"ListItem\",\"position\":4,\"name\":\"Disco Duro\",\"item\":\"https:\/\/compuviper.mx\/tienda\/categoria-producto\/discos-duros\/disco-duro\/\"},{\"@type\":\"ListItem\",\"position\":5,\"name\":\"Wd &#8211; Western Digital Wd8002purp Disco Duro Interno Wd Purple Pro 8tb 3.5 Escritorio Sata3 6gb\/s 256mb 7200rpm 24&#215;7 Ia Dvr Nvr 1-16 Bahias 1-64 Camaras\"}]},{\"@type\":\"WebSite\",\"@id\":\"https:\/\/compuviper.mx\/tienda\/#website\",\"url\":\"https:\/\/compuviper.mx\/tienda\/\",\"name\":\"Compuviper\",\"description\":\"Proveedor de Computadoras, Laptops, Servidores, Monitores, Puntos de Venta, Teclados,   Impresoras, T\u00f3ner, C\u00e1maras de Seguridad y m\u00e1s en tu tienda en l\u00ednea\",\"publisher\":{\"@id\":\"https:\/\/compuviper.mx\/tienda\/#organization\"},\"potentialAction\":[{\"@type\":\"SearchAction\",\"target\":{\"@type\":\"EntryPoint\",\"urlTemplate\":\"https:\/\/compuviper.mx\/tienda\/?s={search_term_string}\"},\"query-input\":\"required name=search_term_string\"}],\"inLanguage\":\"es-MX\"},{\"@type\":\"Organization\",\"@id\":\"https:\/\/compuviper.mx\/tienda\/#organization\",\"name\":\"Compuviper\",\"url\":\"https:\/\/compuviper.mx\/tienda\/\",\"logo\":{\"@type\":\"ImageObject\",\"inLanguage\":\"es-MX\",\"@id\":\"https:\/\/compuviper.mx\/tienda\/#\/schema\/logo\/image\/\",\"url\":\"https:\/\/compuviper.mx\/tienda\/wp-content\/uploads\/2021\/08\/Logo-Compuviper-10.png\",\"contentUrl\":\"https:\/\/compuviper.mx\/tienda\/wp-content\/uploads\/2021\/08\/Logo-Compuviper-10.png\",\"width\":1000,\"height\":500,\"caption\":\"Compuviper\"},\"image\":{\"@id\":\"https:\/\/compuviper.mx\/tienda\/#\/schema\/logo\/image\/\"},\"sameAs\":[\"https:\/\/www.facebook.com\/compuviper\",\"https:\/\/www.youtube.com\/channel\/UCf73dERp9Y3cfOq7q8BhLjA?view_as=subscriber\"]}]}<\/script>\n<meta property=\"product:brand\" content=\"WD - WESTERN DIGITAL\" \/>\n<meta property=\"product:price:amount\" content=\"4147\" \/>\n<meta property=\"product:price:currency\" content=\"MXN\" \/>\n<meta property=\"og:availability\" content=\"instock\" \/>\n<meta property=\"product:availability\" content=\"instock\" \/>\n<meta property=\"product:retailer_item_id\" content=\"WD8002PURP\" \/>\n<meta property=\"product:condition\" content=\"new\" \/>\n<!-- \/ Yoast SEO plugin. -->","yoast_head_json":{"title":"[ Wd - Western Digital ] &#129351; Wd8002purp Disco Duro Interno Wd Purple Pro 8tb 3.5 Escritorio Sata3 6gb\/s 256mb 7200rpm 24x7 Ia Dvr Nvr 1-16 Bahias 1-64 Camaras","description":"Compra Wd8002purp Disco Duro Interno Wd Purple Pro 8tb 3.5 Escritorio Sata3 6gb\/s 256mb 7200rpm 24x7 Ia Dvr Nvr 1-16 Bahias 1-64 Camaras + Env\u00edo a domicilio + Pago seguro + Garant\u00eda","robots":{"index":"index","follow":"follow","max-snippet":"max-snippet:-1","max-image-preview":"max-image-preview:large","max-video-preview":"max-video-preview:-1"},"canonical":"https:\/\/compuviper.mx\/tienda\/producto\/wd-western-digital-wd8002purp-disco-duro-interno-wd-purple-pro-8tb-3-5-escritorio-sata3-6gb-s-256mb-7200rpm-24x7-ia-dvr-nvr-1-16-bahias-1-64-camaras\/","og_locale":"es_MX","og_type":"article","og_title":"[ Wd - Western Digital ] &#129351; Wd8002purp Disco Duro Interno Wd Purple Pro 8tb 3.5 Escritorio Sata3 6gb\/s 256mb 7200rpm 24x7 Ia Dvr Nvr 1-16 Bahias 1-64 Camaras","og_description":"Compra Wd8002purp Disco Duro Interno Wd Purple Pro 8tb 3.5 Escritorio Sata3 6gb\/s 256mb 7200rpm 24x7 Ia Dvr Nvr 1-16 Bahias 1-64 Camaras + Env\u00edo a domicilio + Pago seguro + Garant\u00eda","og_url":"https:\/\/compuviper.mx\/tienda\/producto\/wd-western-digital-wd8002purp-disco-duro-interno-wd-purple-pro-8tb-3-5-escritorio-sata3-6gb-s-256mb-7200rpm-24x7-ia-dvr-nvr-1-16-bahias-1-64-camaras\/","og_site_name":"Compuviper","article_publisher":"https:\/\/www.facebook.com\/compuviper","article_modified_time":"2026-04-03T06:00:37+00:00","og_image":[{"width":200,"height":200,"url":"https:\/\/compuviper.mx\/tienda\/wp-content\/uploads\/2025\/12\/Disco-duro-interno-wd-purple-pro-8tb-3.5-escritorio-sata3-6gbs-256mb-7200rpm-24x7-ia-dvr-nvr-1-16-bahias-1-64-camaras-wd8002purp.jpg","type":"image\/jpeg"}],"twitter_card":"summary_large_image","twitter_misc":{"Precio":"&#36;4,147 con IVA","Availability":"In stock"},"schema":{"@context":"https:\/\/schema.org","@graph":[{"@type":"WebPage","@id":"https:\/\/compuviper.mx\/tienda\/producto\/wd-western-digital-wd8002purp-disco-duro-interno-wd-purple-pro-8tb-3-5-escritorio-sata3-6gb-s-256mb-7200rpm-24x7-ia-dvr-nvr-1-16-bahias-1-64-camaras\/","url":"https:\/\/compuviper.mx\/tienda\/producto\/wd-western-digital-wd8002purp-disco-duro-interno-wd-purple-pro-8tb-3-5-escritorio-sata3-6gb-s-256mb-7200rpm-24x7-ia-dvr-nvr-1-16-bahias-1-64-camaras\/","name":"[ Wd - Western Digital ] &#129351; Wd8002purp Disco Duro Interno Wd Purple Pro 8tb 3.5 Escritorio Sata3 6gb\/s 256mb 7200rpm 24x7 Ia Dvr Nvr 1-16 Bahias 1-64 Camaras","isPartOf":{"@id":"https:\/\/compuviper.mx\/tienda\/#website"},"datePublished":"2026-04-03T05:13:42+00:00","dateModified":"2026-04-03T06:00:37+00:00","description":"Compra Wd8002purp Disco Duro Interno Wd Purple Pro 8tb 3.5 Escritorio Sata3 6gb\/s 256mb 7200rpm 24x7 Ia Dvr Nvr 1-16 Bahias 1-64 Camaras + Env\u00edo a domicilio + Pago seguro + Garant\u00eda","breadcrumb":{"@id":"https:\/\/compuviper.mx\/tienda\/producto\/wd-western-digital-wd8002purp-disco-duro-interno-wd-purple-pro-8tb-3-5-escritorio-sata3-6gb-s-256mb-7200rpm-24x7-ia-dvr-nvr-1-16-bahias-1-64-camaras\/#breadcrumb"},"inLanguage":"es-MX","potentialAction":[{"@type":"ReadAction","target":["https:\/\/compuviper.mx\/tienda\/producto\/wd-western-digital-wd8002purp-disco-duro-interno-wd-purple-pro-8tb-3-5-escritorio-sata3-6gb-s-256mb-7200rpm-24x7-ia-dvr-nvr-1-16-bahias-1-64-camaras\/"]}]},{"@type":"BreadcrumbList","@id":"https:\/\/compuviper.mx\/tienda\/producto\/wd-western-digital-wd8002purp-disco-duro-interno-wd-purple-pro-8tb-3-5-escritorio-sata3-6gb-s-256mb-7200rpm-24x7-ia-dvr-nvr-1-16-bahias-1-64-camaras\/#breadcrumb","itemListElement":[{"@type":"ListItem","position":1,"name":"Inicio","item":"https:\/\/compuviper.mx\/tienda\/"},{"@type":"ListItem","position":2,"name":"Productos","item":"https:\/\/compuviper.mx\/tienda\/productos\/"},{"@type":"ListItem","position":3,"name":"Discos Duros","item":"https:\/\/compuviper.mx\/tienda\/categoria-producto\/discos-duros\/"},{"@type":"ListItem","position":4,"name":"Disco Duro","item":"https:\/\/compuviper.mx\/tienda\/categoria-producto\/discos-duros\/disco-duro\/"},{"@type":"ListItem","position":5,"name":"Wd &#8211; Western Digital Wd8002purp Disco Duro Interno Wd Purple Pro 8tb 3.5 Escritorio Sata3 6gb\/s 256mb 7200rpm 24&#215;7 Ia Dvr Nvr 1-16 Bahias 1-64 Camaras"}]},{"@type":"WebSite","@id":"https:\/\/compuviper.mx\/tienda\/#website","url":"https:\/\/compuviper.mx\/tienda\/","name":"Compuviper","description":"Proveedor de Computadoras, Laptops, Servidores, Monitores, Puntos de Venta, Teclados,   Impresoras, T\u00f3ner, C\u00e1maras de Seguridad y m\u00e1s en tu tienda en l\u00ednea","publisher":{"@id":"https:\/\/compuviper.mx\/tienda\/#organization"},"potentialAction":[{"@type":"SearchAction","target":{"@type":"EntryPoint","urlTemplate":"https:\/\/compuviper.mx\/tienda\/?s={search_term_string}"},"query-input":"required name=search_term_string"}],"inLanguage":"es-MX"},{"@type":"Organization","@id":"https:\/\/compuviper.mx\/tienda\/#organization","name":"Compuviper","url":"https:\/\/compuviper.mx\/tienda\/","logo":{"@type":"ImageObject","inLanguage":"es-MX","@id":"https:\/\/compuviper.mx\/tienda\/#\/schema\/logo\/image\/","url":"https:\/\/compuviper.mx\/tienda\/wp-content\/uploads\/2021\/08\/Logo-Compuviper-10.png","contentUrl":"https:\/\/compuviper.mx\/tienda\/wp-content\/uploads\/2021\/08\/Logo-Compuviper-10.png","width":1000,"height":500,"caption":"Compuviper"},"image":{"@id":"https:\/\/compuviper.mx\/tienda\/#\/schema\/logo\/image\/"},"sameAs":["https:\/\/www.facebook.com\/compuviper","https:\/\/www.youtube.com\/channel\/UCf73dERp9Y3cfOq7q8BhLjA?view_as=subscriber"]}]},"product_brand":"WD - WESTERN DIGITAL","product_price_amount":"4147","product_price_currency":"MXN","og_availability":"instock","product_availability":"instock","product_retailer_item_id":"WD8002PURP","product_condition":"new"},"_links":{"self":[{"href":"https:\/\/compuviper.mx\/tienda\/wp-json\/wp\/v2\/product\/264049"}],"collection":[{"href":"https:\/\/compuviper.mx\/tienda\/wp-json\/wp\/v2\/product"}],"about":[{"href":"https:\/\/compuviper.mx\/tienda\/wp-json\/wp\/v2\/types\/product"}],"replies":[{"embeddable":true,"href":"https:\/\/compuviper.mx\/tienda\/wp-json\/wp\/v2\/comments?post=264049"}],"wp:featuredmedia":[{"embeddable":true,"href":"https:\/\/compuviper.mx\/tienda\/wp-json\/wp\/v2\/media\/264050"}],"wp:attachment":[{"href":"https:\/\/compuviper.mx\/tienda\/wp-json\/wp\/v2\/media?parent=264049"}],"wp:term":[{"taxonomy":"product_cat","embeddable":true,"href":"https:\/\/compuviper.mx\/tienda\/wp-json\/wp\/v2\/product_cat?post=264049"},{"taxonomy":"product_tag","embeddable":true,"href":"https:\/\/compuviper.mx\/tienda\/wp-json\/wp\/v2\/product_tag?post=264049"}],"curies":[{"name":"wp","href":"https:\/\/api.w.org\/{rel}","templated":true}]}}